{"id":134978,"date":"2018-11-14T16:13:34","date_gmt":"2018-11-14T16:13:34","guid":{"rendered":"https:\/\/www.trustedtranslations.com\/?page_id=134978"},"modified":"2024-09-03T11:33:39","modified_gmt":"2024-09-03T14:33:39","slug":"humana","status":"publish","type":"page","link":"https:\/\/www.trustedtranslations.com\/pt-br\/servicos\/humana","title":{"rendered":"Tradu\u00e7\u00e3o humana"},"content":{"rendered":"","protected":false},"excerpt":{"rendered":"","protected":false},"author":1,"featured_media":189335,"parent":135075,"menu_order":0,"comment_status":"closed","ping_status":"closed","template":"","meta":{"site-sidebar-layout":"default","site-content-layout":"default","ast-site-content-layout":"default","site-content-style":"default","site-sidebar-style":"default","ast-global-header-display":"","ast-banner-title-visibility":"","ast-main-header-display":"","ast-hfb-above-header-display":"","ast-hfb-below-header-display":"","ast-hfb-mobile-header-display":"","site-post-title":"disabled","ast-breadcrumbs-content":"","ast-featured-img":"","footer-sml-layout":"","ast-disable-related-posts":"","theme-transparent-header-meta":"default","adv-header-id-meta":"","stick-header-meta":"","header-above-stick-meta":"","header-main-stick-meta":"","header-below-stick-meta":"","astra-migrate-meta-layouts":"set","ast-page-background-enabled":"default","ast-page-background-meta":{"desktop":{"background-color":"var(--ast-global-color-4)","background-image":"","background-repeat":"repeat","background-position":"center center","background-size":"auto","background-attachment":"scroll","background-type":"","background-media":"","overlay-type":"","overlay-color":"","overlay-opacity":"","overlay-gradient":""},"tablet":{"background-color":"","background-image":"","background-repeat":"repeat","background-position":"center center","background-size":"auto","background-attachment":"scroll","background-type":"","background-media":"","overlay-type":"","overlay-color":"","overlay-opacity":"","overlay-gradient":""},"mobile":{"background-color":"","background-image":"","background-repeat":"repeat","background-position":"center center","background-size":"auto","background-attachment":"scroll","background-type":"","background-media":"","overlay-type":"","overlay-color":"","overlay-opacity":"","overlay-gradient":""}},"ast-content-background-meta":{"desktop":{"background-color":"var(--ast-global-color-5)","background-image":"","background-repeat":"repeat","background-position":"center center","background-size":"auto","background-attachment":"scroll","background-type":"","background-media":"","overlay-type":"","overlay-color":"","overlay-opacity":"","overlay-gradient":""},"tablet":{"background-color":"var(--ast-global-color-5)","background-image":"","background-repeat":"repeat","background-position":"center center","background-size":"auto","background-attachment":"scroll","background-type":"","background-media":"","overlay-type":"","overlay-color":"","overlay-opacity":"","overlay-gradient":""},"mobile":{"background-color":"var(--ast-global-color-5)","background-image":"","background-repeat":"repeat","background-position":"center center","background-size":"auto","background-attachment":"scroll","background-type":"","background-media":"","overlay-type":"","overlay-color":"","overlay-opacity":"","overlay-gradient":""}},"footnotes":""},"class_list":["post-134978","page","type-page","status-publish","has-post-thumbnail","hentry"],"yoast_head":"<!-- This site is optimized with the Yoast SEO plugin v27.6 - https:\/\/yoast.com\/product\/yoast-seo-wordpress\/ -->\n<title>Servi\u00e7os de tradu\u00e7\u00e3o humana - Trusted Translations, Inc. - Obtenha um or\u00e7amento gratuito hoje mesmo<\/title>\n<meta name=\"description\" content=\"A Trusted Translations oferece servi\u00e7os profissionais de tradu\u00e7\u00e3o humana para todos os tipos de documentos em todos os formatos, volumes e idiomas.\" \/>\n<meta name=\"robots\" content=\"index, follow, max-snippet:-1, max-image-preview:large, max-video-preview:-1\" \/>\n<link rel=\"canonical\" href=\"https:\/\/www.trustedtranslations.com\/pt-br\/servicos\/humana\" \/>\n<meta property=\"og:locale\" content=\"pt_BR\" \/>\n<meta property=\"og:type\" content=\"article\" \/>\n<meta property=\"og:title\" content=\"Servi\u00e7os de tradu\u00e7\u00e3o humana - Trusted Translations, Inc. - Obtenha um or\u00e7amento gratuito hoje mesmo\" \/>\n<meta property=\"og:description\" content=\"A Trusted Translations oferece servi\u00e7os profissionais de tradu\u00e7\u00e3o humana para todos os tipos de documentos em todos os formatos, volumes e idiomas.\" \/>\n<meta property=\"og:url\" content=\"https:\/\/www.trustedtranslations.com\/pt-br\/servicos\/humana\" \/>\n<meta property=\"og:site_name\" content=\"Trusted Translations, Inc.\" \/>\n<meta property=\"article:publisher\" content=\"https:\/\/www.facebook.com\/Trusted.Translations\" \/>\n<meta property=\"article:modified_time\" content=\"2024-09-03T14:33:39+00:00\" \/>\n<meta property=\"og:image\" content=\"https:\/\/www.trustedtranslations.com\/wp-content\/uploads\/2022\/06\/tt-logo-2-1.webp\" \/>\n\t<meta property=\"og:image:width\" content=\"216\" \/>\n\t<meta property=\"og:image:height\" content=\"94\" \/>\n\t<meta property=\"og:image:type\" content=\"image\/webp\" \/>\n<meta name=\"twitter:card\" content=\"summary_large_image\" \/>\n<meta name=\"twitter:site\" content=\"@TrustedT9ns\" \/>\n<script type=\"application\/ld+json\" class=\"yoast-schema-graph\">{\"@context\":\"https:\\\/\\\/schema.org\",\"@graph\":[{\"@type\":\"WebPage\",\"@id\":\"https:\\\/\\\/www.trustedtranslations.com\\\/pt-br\\\/servicos\\\/humana\",\"url\":\"https:\\\/\\\/www.trustedtranslations.com\\\/pt-br\\\/servicos\\\/humana\",\"name\":\"Servi\u00e7os de tradu\u00e7\u00e3o humana - Trusted Translations, Inc. - Obtenha um or\u00e7amento gratuito hoje mesmo\",\"isPartOf\":{\"@id\":\"https:\\\/\\\/www.trustedtranslations.com\\\/pt-br\\\/#website\"},\"primaryImageOfPage\":{\"@id\":\"https:\\\/\\\/www.trustedtranslations.com\\\/pt-br\\\/servicos\\\/humana#primaryimage\"},\"image\":{\"@id\":\"https:\\\/\\\/www.trustedtranslations.com\\\/pt-br\\\/servicos\\\/humana#primaryimage\"},\"thumbnailUrl\":\"\",\"description\":\"A Trusted Translations oferece servi\u00e7os profissionais de tradu\u00e7\u00e3o humana para todos os tipos de documentos em todos os formatos, volumes e idiomas.\",\"breadcrumb\":{\"@id\":\"https:\\\/\\\/www.trustedtranslations.com\\\/pt-br\\\/servicos\\\/humana#breadcrumb\"},\"inLanguage\":\"pt-BR\",\"potentialAction\":[{\"@type\":\"ReadAction\",\"target\":[\"https:\\\/\\\/www.trustedtranslations.com\\\/pt-br\\\/servicos\\\/humana\"]}]},{\"@type\":\"ImageObject\",\"inLanguage\":\"pt-BR\",\"@id\":\"https:\\\/\\\/www.trustedtranslations.com\\\/pt-br\\\/servicos\\\/humana#primaryimage\",\"url\":\"\",\"contentUrl\":\"\"},{\"@type\":\"BreadcrumbList\",\"@id\":\"https:\\\/\\\/www.trustedtranslations.com\\\/pt-br\\\/servicos\\\/humana#breadcrumb\",\"itemListElement\":[{\"@type\":\"ListItem\",\"position\":1,\"name\":\"Home\",\"item\":\"https:\\\/\\\/www.trustedtranslations.com\\\/pt-br\"},{\"@type\":\"ListItem\",\"position\":2,\"name\":\"Servi\u00e7os\",\"item\":\"https:\\\/\\\/www.trustedtranslations.com\\\/pt-br\\\/servicos\"},{\"@type\":\"ListItem\",\"position\":3,\"name\":\"Tradu\u00e7\u00e3o humana\"}]},{\"@type\":\"WebSite\",\"@id\":\"https:\\\/\\\/www.trustedtranslations.com\\\/pt-br\\\/#website\",\"url\":\"https:\\\/\\\/www.trustedtranslations.com\\\/pt-br\\\/\",\"name\":\"Trusted Translations, Inc.\",\"description\":\"Leader in translation and interpretation services.\",\"publisher\":{\"@id\":\"https:\\\/\\\/www.trustedtranslations.com\\\/pt-br\\\/#organization\"},\"alternateName\":\"Trusted Translations\",\"potentialAction\":[{\"@type\":\"SearchAction\",\"target\":{\"@type\":\"EntryPoint\",\"urlTemplate\":\"https:\\\/\\\/www.trustedtranslations.com\\\/pt-br\\\/?s={search_term_string}\"},\"query-input\":{\"@type\":\"PropertyValueSpecification\",\"valueRequired\":true,\"valueName\":\"search_term_string\"}}],\"inLanguage\":\"pt-BR\"},{\"@type\":\"Organization\",\"@id\":\"https:\\\/\\\/www.trustedtranslations.com\\\/pt-br\\\/#organization\",\"name\":\"Trusted Translations\",\"alternateName\":\"Trusted Translations, Inc.\",\"url\":\"https:\\\/\\\/www.trustedtranslations.com\\\/pt-br\\\/\",\"logo\":{\"@type\":\"ImageObject\",\"inLanguage\":\"pt-BR\",\"@id\":\"https:\\\/\\\/www.trustedtranslations.com\\\/pt-br\\\/#\\\/schema\\\/logo\\\/image\\\/\",\"url\":\"https:\\\/\\\/static.trustedtranslations.com\\\/wp-content\\\/uploads\\\/2022\\\/01\\\/TT_logo_WSIColors-2.png\",\"contentUrl\":\"https:\\\/\\\/static.trustedtranslations.com\\\/wp-content\\\/uploads\\\/2022\\\/01\\\/TT_logo_WSIColors-2.png\",\"width\":500,\"height\":196,\"caption\":\"Trusted Translations\"},\"image\":{\"@id\":\"https:\\\/\\\/www.trustedtranslations.com\\\/pt-br\\\/#\\\/schema\\\/logo\\\/image\\\/\"},\"sameAs\":[\"https:\\\/\\\/www.facebook.com\\\/Trusted.Translations\",\"https:\\\/\\\/x.com\\\/TrustedT9ns\",\"https:\\\/\\\/www.linkedin.com\\\/company\\\/trusted-translations\"]}]}<\/script>\n<!-- \/ Yoast SEO plugin. -->","yoast_head_json":{"title":"Servi\u00e7os de tradu\u00e7\u00e3o humana - Trusted Translations, Inc. - Obtenha um or\u00e7amento gratuito hoje mesmo","description":"A Trusted Translations oferece servi\u00e7os profissionais de tradu\u00e7\u00e3o humana para todos os tipos de documentos em todos os formatos, volumes e idiomas.","robots":{"index":"index","follow":"follow","max-snippet":"max-snippet:-1","max-image-preview":"max-image-preview:large","max-video-preview":"max-video-preview:-1"},"canonical":"https:\/\/www.trustedtranslations.com\/pt-br\/servicos\/humana","og_locale":"pt_BR","og_type":"article","og_title":"Servi\u00e7os de tradu\u00e7\u00e3o humana - Trusted Translations, Inc. - Obtenha um or\u00e7amento gratuito hoje mesmo","og_description":"A Trusted Translations oferece servi\u00e7os profissionais de tradu\u00e7\u00e3o humana para todos os tipos de documentos em todos os formatos, volumes e idiomas.","og_url":"https:\/\/www.trustedtranslations.com\/pt-br\/servicos\/humana","og_site_name":"Trusted Translations, Inc.","article_publisher":"https:\/\/www.facebook.com\/Trusted.Translations","article_modified_time":"2024-09-03T14:33:39+00:00","og_image":[{"width":216,"height":94,"url":"https:\/\/www.trustedtranslations.com\/wp-content\/uploads\/2022\/06\/tt-logo-2-1.webp","type":"image\/webp"}],"twitter_card":"summary_large_image","twitter_site":"@TrustedT9ns","schema":{"@context":"https:\/\/schema.org","@graph":[{"@type":"WebPage","@id":"https:\/\/www.trustedtranslations.com\/pt-br\/servicos\/humana","url":"https:\/\/www.trustedtranslations.com\/pt-br\/servicos\/humana","name":"Servi\u00e7os de tradu\u00e7\u00e3o humana - Trusted Translations, Inc. - Obtenha um or\u00e7amento gratuito hoje mesmo","isPartOf":{"@id":"https:\/\/www.trustedtranslations.com\/pt-br\/#website"},"primaryImageOfPage":{"@id":"https:\/\/www.trustedtranslations.com\/pt-br\/servicos\/humana#primaryimage"},"image":{"@id":"https:\/\/www.trustedtranslations.com\/pt-br\/servicos\/humana#primaryimage"},"thumbnailUrl":"","description":"A Trusted Translations oferece servi\u00e7os profissionais de tradu\u00e7\u00e3o humana para todos os tipos de documentos em todos os formatos, volumes e idiomas.","breadcrumb":{"@id":"https:\/\/www.trustedtranslations.com\/pt-br\/servicos\/humana#breadcrumb"},"inLanguage":"pt-BR","potentialAction":[{"@type":"ReadAction","target":["https:\/\/www.trustedtranslations.com\/pt-br\/servicos\/humana"]}]},{"@type":"ImageObject","inLanguage":"pt-BR","@id":"https:\/\/www.trustedtranslations.com\/pt-br\/servicos\/humana#primaryimage","url":"","contentUrl":""},{"@type":"BreadcrumbList","@id":"https:\/\/www.trustedtranslations.com\/pt-br\/servicos\/humana#breadcrumb","itemListElement":[{"@type":"ListItem","position":1,"name":"Home","item":"https:\/\/www.trustedtranslations.com\/pt-br"},{"@type":"ListItem","position":2,"name":"Servi\u00e7os","item":"https:\/\/www.trustedtranslations.com\/pt-br\/servicos"},{"@type":"ListItem","position":3,"name":"Tradu\u00e7\u00e3o humana"}]},{"@type":"WebSite","@id":"https:\/\/www.trustedtranslations.com\/pt-br\/#website","url":"https:\/\/www.trustedtranslations.com\/pt-br\/","name":"Trusted Translations, Inc.","description":"Leader in translation and interpretation services.","publisher":{"@id":"https:\/\/www.trustedtranslations.com\/pt-br\/#organization"},"alternateName":"Trusted Translations","potentialAction":[{"@type":"SearchAction","target":{"@type":"EntryPoint","urlTemplate":"https:\/\/www.trustedtranslations.com\/pt-br\/?s={search_term_string}"},"query-input":{"@type":"PropertyValueSpecification","valueRequired":true,"valueName":"search_term_string"}}],"inLanguage":"pt-BR"},{"@type":"Organization","@id":"https:\/\/www.trustedtranslations.com\/pt-br\/#organization","name":"Trusted Translations","alternateName":"Trusted Translations, Inc.","url":"https:\/\/www.trustedtranslations.com\/pt-br\/","logo":{"@type":"ImageObject","inLanguage":"pt-BR","@id":"https:\/\/www.trustedtranslations.com\/pt-br\/#\/schema\/logo\/image\/","url":"https:\/\/static.trustedtranslations.com\/wp-content\/uploads\/2022\/01\/TT_logo_WSIColors-2.png","contentUrl":"https:\/\/static.trustedtranslations.com\/wp-content\/uploads\/2022\/01\/TT_logo_WSIColors-2.png","width":500,"height":196,"caption":"Trusted Translations"},"image":{"@id":"https:\/\/www.trustedtranslations.com\/pt-br\/#\/schema\/logo\/image\/"},"sameAs":["https:\/\/www.facebook.com\/Trusted.Translations","https:\/\/x.com\/TrustedT9ns","https:\/\/www.linkedin.com\/company\/trusted-translations"]}]}},"toolset-meta":{"dyk":{"mensaje-1":{"type":"textfield","raw":"Tradutores humanos s\u00e3o inigual\u00e1veis na tradu\u00e7\u00e3o de estilo, tom, g\u00edria e express\u00f5es idiom\u00e1ticas."},"mensaje-2":{"type":"textfield","raw":"Tradutores humanos s\u00e3o especialmente importantes para mensagens de marketing e de publicidade."},"mensaje-3":{"type":"textfield","raw":"Todos os projetos da Trusted Translations s\u00e3o revisados por tradutores humanos com flu\u00eancia nativa."},"mensaje-4":{"type":"textfield","raw":""},"mensaje-5":{"type":"textfield","raw":""},"mensaje-6":{"type":"textfield","raw":""}},"single-page-template-fields":{"imgs-temp":{"type":"image","raw":["https:\/\/static.trustedtranslations.com\/wp-content\/uploads\/2024\/03\/human-final-1.webp"],"repeatable":[{"raw":"https:\/\/static.trustedtranslations.com\/wp-content\/uploads\/2024\/03\/human-final-1.webp"}]},"imgs-temp-cel":{"type":"image","raw":[""],"repeatable":[{"raw":""}]},"img-temp-one-cel":{"type":"image","raw":"https:\/\/static.trustedtranslations.com\/wp-content\/uploads\/2024\/03\/AdobeStock_385542563-2-1.webp","attachment_id":null},"quotes":{"type":"textarea","raw":"<h1 style=\"margin-bottom: 12px;\">Servi\u00e7os de tradu\u00e7\u00e3o humana<\/h1>Quando se trata de legibilidade e qualidade, os servi\u00e7os de tradu\u00e7\u00e3o humana ainda s\u00e3o insuper\u00e1veis. A Trusted Translations oferece servi\u00e7os profissionais de tradu\u00e7\u00e3o humana para todos os tipos de documentos, sites e software, estendendo-se a todos os formatos, volumes e idiomas. Dispon\u00edveis em mais de 200 idiomas, nossos servi\u00e7os profissionais de tradu\u00e7\u00e3o humana s\u00e3o r\u00e1pidos, precisos e econ\u00f4micos.<div style=\"margin-top: 2.5vw;\"><a class=\"tt-btn-main-cta\" href=\"\/pt-br\/solicitud-orcamento\">SOLICITE UM OR\u00c7AMENTO GRATUITO<\/a><\/div>"},"text-1":{"type":"textarea","raw":"<h2>Servi\u00e7os de tradu\u00e7\u00e3o humana profissional<\/h2>O nosso servi\u00e7o de tradu\u00e7\u00e3o humana \u00e9 o nosso principal produto e proporciona o mais alto n\u00edvel de compreens\u00e3o para o usu\u00e1rio final. Para esse servi\u00e7o, empregamos um sistema de controle de qualidade humano em tr\u00eas etapas, onde cada tradu\u00e7\u00e3o \u00e9 revisada por tr\u00eas linguistas diferentes. Esse processo de verifica\u00e7\u00e3o tripla ajuda a garantir a qualidade e a consist\u00eancia ao longo de toda a tradu\u00e7\u00e3o. Al\u00e9m disso, nossos linguistas fazem uso da melhor tecnologia de mem\u00f3ria de tradu\u00e7\u00e3o do setor, melhorando n\u00e3o apenas a qualidade, mas tamb\u00e9m os prazos e o custo geral de um projeto de tradu\u00e7\u00e3o.\r\n<h2>Fluxo de trabalho de tradu\u00e7\u00e3o humana<\/h2>\r\nA seguir, um fluxo de trabalho t\u00edpico de um projeto de tradu\u00e7\u00e3o humana:\r\n<div class=\"imgs-flex-template flex-text-2\" style=\"margin-top: -30px;\">\r\n    <img src=\"https:\/\/www.trustedtranslations.com\/wp-content\/uploads\/img\/our-process.jpg\">\r\n    <div>\r\n        <p>A Trusted Translations oferece experi\u00eancia testada e comprovada no gerenciamento de cada uma das diversas etapas desse complexo ciclo. Nossa equipe se dedica a garantir que seus projetos de tradu\u00e7\u00e3o atendam todos os seus objetivos e normas, correndo da melhor maneira poss\u00edvel.\r\n\r\nEm vez de depender da tradu\u00e7\u00e3o autom\u00e1tica, onde \u00e9 f\u00e1cil introduzir erros de linguagem e atrasos no processo, nosso servi\u00e7o de tradu\u00e7\u00e3o humana \u00e9 projetado para maximizar a legibilidade, qualidade e consist\u00eancia. Para isso, contamos com a experi\u00eancia e o conhecimento dos melhores linguistas do mundo.<\/p>\r\n    <\/div>\r\n<\/div>"},"shortcode-map":{"type":"textfield","raw":""},"dyk-shortcode":{"type":"textfield","raw":"[elementor-template id=\"147273\"]"},"text-2":{"type":"textarea","raw":"<h2>Processo de tradu\u00e7\u00e3o humana<\/h2>Os nossos projetos de tradu\u00e7\u00e3o humana contam com as pessoas mais qualificadas nas \u00e1reas de tradu\u00e7\u00e3o e localiza\u00e7\u00e3o. O processo come\u00e7a com um dos nossos Gerentes de conta especializados, cuja miss\u00e3o principal \u00e9 garantir que a sua tradu\u00e7\u00e3o atenda exatamente suas especifica\u00e7\u00f5es e metas. Eles ir\u00e3o gerenciar seu projeto em todas as etapas e garantir que sua tradu\u00e7\u00e3o seja entregue dentro do prazo, com o mais alto n\u00edvel de qualidade do setor.\r\n\r\nQuase simultaneamente, um dos nossos Gerentes seniores de projeto encarrega-se do planejamento, lidera a execu\u00e7\u00e3o e supervisiona o controle do projeto. Quando aplic\u00e1vel, um Gerente de TI revisa todas as exig\u00eancias t\u00e9cnicas do projeto. O Gerente de editora\u00e7\u00e3o eletr\u00f4nica (DTP) supervisiona a conclus\u00e3o de quaisquer gr\u00e1ficos ou formata\u00e7\u00e3o necess\u00e1rios, para que o documento traduzido espelhe o documento original at\u00e9 o \u00faltimo detalhe.\r\n\r\nAs nossas equipes internas possuem experi\u00eancia significativa na gest\u00e3o de projetos de tradu\u00e7\u00e3o humana e podem superar quase todos os obst\u00e1culos, incluindo formatos e idiomas raros e prazos muito apertados.\r\n\r\n<h2>Tradu\u00e7\u00e3o humana de qualidade<\/h2>\r\nUm dos elementos-chave por tr\u00e1s de todo projeto de tradu\u00e7\u00e3o humana de qualidade \u00e9 o processo de CQ (controle de qualidade). O nosso exclusivo Processo de controle de qualidade foi desenvolvido para garantir que cada tradu\u00e7\u00e3o seja verificada por tr\u00eas recursos especializados separados.\r\n\r\nCom isso, nosso resultado final atinge o mais alto n\u00edvel de qualidade poss\u00edvel. Os processos de qualidade da Trusted Translations foram auditados por um escriv\u00e3o terceirizado independente e foram considerados como cumprindo todas as normas ISO 9001:2015. Uma c\u00f3pia do registro terceirizado independente da Trusted Translations est\u00e1 dispon\u00edvel mediante solicita\u00e7\u00e3o.\r\n\r\nEntre em contato com a Trusted Translations para saber mais sobre nossas solu\u00e7\u00f5es especializadas e econ\u00f4micas para suas necessidades de tradu\u00e7\u00e3o humana."},"state":{"type":"textfield","raw":""},"city":{"type":"textarea","raw":[]}}},"_links":{"self":[{"href":"https:\/\/www.trustedtranslations.com\/pt-br\/wp-json\/wp\/v2\/pages\/134978","targetHints":{"allow":["GET"]}}],"collection":[{"href":"https:\/\/www.trustedtranslations.com\/pt-br\/wp-json\/wp\/v2\/pages"}],"about":[{"href":"https:\/\/www.trustedtranslations.com\/pt-br\/wp-json\/wp\/v2\/types\/page"}],"author":[{"embeddable":true,"href":"https:\/\/www.trustedtranslations.com\/pt-br\/wp-json\/wp\/v2\/users\/1"}],"replies":[{"embeddable":true,"href":"https:\/\/www.trustedtranslations.com\/pt-br\/wp-json\/wp\/v2\/comments?post=134978"}],"version-history":[{"count":0,"href":"https:\/\/www.trustedtranslations.com\/pt-br\/wp-json\/wp\/v2\/pages\/134978\/revisions"}],"up":[{"embeddable":true,"href":"https:\/\/www.trustedtranslations.com\/pt-br\/wp-json\/wp\/v2\/pages\/135075"}],"wp:featuredmedia":[{"embeddable":true,"href":"https:\/\/www.trustedtranslations.com\/pt-br\/wp-json\/"}],"wp:attachment":[{"href":"https:\/\/www.trustedtranslations.com\/pt-br\/wp-json\/wp\/v2\/media?parent=134978"}],"curies":[{"name":"wp","href":"https:\/\/api.w.org\/{rel}","templated":true}]}}