{"id":134979,"date":"2018-11-14T15:53:03","date_gmt":"2018-11-14T15:53:03","guid":{"rendered":"https:\/\/www.trustedtranslations.com\/?page_id=134979"},"modified":"2024-09-03T11:32:33","modified_gmt":"2024-09-03T14:32:33","slug":"quarkxpress","status":"publish","type":"page","link":"https:\/\/www.trustedtranslations.com\/pt-br\/servicos\/formatos-arquivos\/quarkxpress","title":{"rendered":"QuarkXpress"},"content":{"rendered":"","protected":false},"excerpt":{"rendered":"","protected":false},"author":1,"featured_media":238292,"parent":135015,"menu_order":17,"comment_status":"closed","ping_status":"closed","template":"","meta":{"site-sidebar-layout":"default","site-content-layout":"default","ast-site-content-layout":"default","site-content-style":"default","site-sidebar-style":"default","ast-global-header-display":"","ast-banner-title-visibility":"","ast-main-header-display":"","ast-hfb-above-header-display":"","ast-hfb-below-header-display":"","ast-hfb-mobile-header-display":"","site-post-title":"disabled","ast-breadcrumbs-content":"","ast-featured-img":"","footer-sml-layout":"","ast-disable-related-posts":"","theme-transparent-header-meta":"default","adv-header-id-meta":"","stick-header-meta":"","header-above-stick-meta":"","header-main-stick-meta":"","header-below-stick-meta":"","astra-migrate-meta-layouts":"set","ast-page-background-enabled":"default","ast-page-background-meta":{"desktop":{"background-color":"var(--ast-global-color-4)","background-image":"","background-repeat":"repeat","background-position":"center center","background-size":"auto","background-attachment":"scroll","background-type":"","background-media":"","overlay-type":"","overlay-color":"","overlay-opacity":"","overlay-gradient":""},"tablet":{"background-color":"","background-image":"","background-repeat":"repeat","background-position":"center center","background-size":"auto","background-attachment":"scroll","background-type":"","background-media":"","overlay-type":"","overlay-color":"","overlay-opacity":"","overlay-gradient":""},"mobile":{"background-color":"","background-image":"","background-repeat":"repeat","background-position":"center center","background-size":"auto","background-attachment":"scroll","background-type":"","background-media":"","overlay-type":"","overlay-color":"","overlay-opacity":"","overlay-gradient":""}},"ast-content-background-meta":{"desktop":{"background-color":"var(--ast-global-color-5)","background-image":"","background-repeat":"repeat","background-position":"center center","background-size":"auto","background-attachment":"scroll","background-type":"","background-media":"","overlay-type":"","overlay-color":"","overlay-opacity":"","overlay-gradient":""},"tablet":{"background-color":"var(--ast-global-color-5)","background-image":"","background-repeat":"repeat","background-position":"center center","background-size":"auto","background-attachment":"scroll","background-type":"","background-media":"","overlay-type":"","overlay-color":"","overlay-opacity":"","overlay-gradient":""},"mobile":{"background-color":"var(--ast-global-color-5)","background-image":"","background-repeat":"repeat","background-position":"center center","background-size":"auto","background-attachment":"scroll","background-type":"","background-media":"","overlay-type":"","overlay-color":"","overlay-opacity":"","overlay-gradient":""}},"footnotes":""},"class_list":["post-134979","page","type-page","status-publish","has-post-thumbnail","hentry"],"yoast_head":"<!-- This site is optimized with the Yoast SEO plugin v27.5 - https:\/\/yoast.com\/product\/yoast-seo-wordpress\/ -->\n<title>Servi\u00e7os de tradu\u00e7\u00e3o do QuarkXPress - Trusted Translations, Inc.<\/title>\n<meta name=\"description\" content=\"A Trusted Translations \u00e9 a solu\u00e7\u00e3o para todos os seus projetos de tradu\u00e7\u00e3o do QuarkXPress; desde panfletos de p\u00e1gina \u00fanica, jornais, revistas, cat\u00e1logos e muito mais.\" \/>\n<meta name=\"robots\" content=\"index, follow, max-snippet:-1, max-image-preview:large, max-video-preview:-1\" \/>\n<link rel=\"canonical\" href=\"https:\/\/www.trustedtranslations.com\/pt-br\/servicos\/formatos-arquivos\/quarkxpress\" \/>\n<meta property=\"og:locale\" content=\"pt_BR\" \/>\n<meta property=\"og:type\" content=\"article\" \/>\n<meta property=\"og:title\" content=\"Servi\u00e7os de tradu\u00e7\u00e3o do QuarkXPress - Trusted Translations, Inc.\" \/>\n<meta property=\"og:description\" content=\"A Trusted Translations \u00e9 a solu\u00e7\u00e3o para todos os seus projetos de tradu\u00e7\u00e3o do QuarkXPress; desde panfletos de p\u00e1gina \u00fanica, jornais, revistas, cat\u00e1logos e muito mais.\" \/>\n<meta property=\"og:url\" content=\"https:\/\/www.trustedtranslations.com\/pt-br\/servicos\/formatos-arquivos\/quarkxpress\" \/>\n<meta property=\"og:site_name\" content=\"Trusted Translations, Inc.\" \/>\n<meta property=\"article:publisher\" content=\"https:\/\/www.facebook.com\/Trusted.Translations\" \/>\n<meta property=\"article:modified_time\" content=\"2024-09-03T14:32:33+00:00\" \/>\n<meta property=\"og:image\" content=\"https:\/\/static.trustedtranslations.com\/wp-content\/uploads\/2024\/02\/tt-icon_QuarkXPress-Translation-.webp\" \/>\n\t<meta property=\"og:image:width\" content=\"151\" \/>\n\t<meta property=\"og:image:height\" content=\"151\" \/>\n\t<meta property=\"og:image:type\" content=\"image\/webp\" \/>\n<meta name=\"twitter:card\" content=\"summary_large_image\" \/>\n<meta name=\"twitter:site\" content=\"@TrustedT9ns\" \/>\n<script type=\"application\/ld+json\" class=\"yoast-schema-graph\">{\"@context\":\"https:\\\/\\\/schema.org\",\"@graph\":[{\"@type\":\"WebPage\",\"@id\":\"https:\\\/\\\/www.trustedtranslations.com\\\/pt-br\\\/servicos\\\/formatos-arquivos\\\/quarkxpress\",\"url\":\"https:\\\/\\\/www.trustedtranslations.com\\\/pt-br\\\/servicos\\\/formatos-arquivos\\\/quarkxpress\",\"name\":\"Servi\u00e7os de tradu\u00e7\u00e3o do QuarkXPress - Trusted Translations, Inc.\",\"isPartOf\":{\"@id\":\"https:\\\/\\\/www.trustedtranslations.com\\\/pt-br\\\/#website\"},\"primaryImageOfPage\":{\"@id\":\"https:\\\/\\\/www.trustedtranslations.com\\\/pt-br\\\/servicos\\\/formatos-arquivos\\\/quarkxpress#primaryimage\"},\"image\":{\"@id\":\"https:\\\/\\\/www.trustedtranslations.com\\\/pt-br\\\/servicos\\\/formatos-arquivos\\\/quarkxpress#primaryimage\"},\"thumbnailUrl\":\"https:\\\/\\\/www.trustedtranslations.com\\\/wp-content\\\/uploads\\\/2024\\\/02\\\/tt-icon_QuarkXPress-Translation-.webp\",\"description\":\"A Trusted Translations \u00e9 a solu\u00e7\u00e3o para todos os seus projetos de tradu\u00e7\u00e3o do QuarkXPress; desde panfletos de p\u00e1gina \u00fanica, jornais, revistas, cat\u00e1logos e muito mais.\",\"breadcrumb\":{\"@id\":\"https:\\\/\\\/www.trustedtranslations.com\\\/pt-br\\\/servicos\\\/formatos-arquivos\\\/quarkxpress#breadcrumb\"},\"inLanguage\":\"pt-BR\",\"potentialAction\":[{\"@type\":\"ReadAction\",\"target\":[\"https:\\\/\\\/www.trustedtranslations.com\\\/pt-br\\\/servicos\\\/formatos-arquivos\\\/quarkxpress\"]}]},{\"@type\":\"ImageObject\",\"inLanguage\":\"pt-BR\",\"@id\":\"https:\\\/\\\/www.trustedtranslations.com\\\/pt-br\\\/servicos\\\/formatos-arquivos\\\/quarkxpress#primaryimage\",\"url\":\"https:\\\/\\\/www.trustedtranslations.com\\\/wp-content\\\/uploads\\\/2024\\\/02\\\/tt-icon_QuarkXPress-Translation-.webp\",\"contentUrl\":\"https:\\\/\\\/www.trustedtranslations.com\\\/wp-content\\\/uploads\\\/2024\\\/02\\\/tt-icon_QuarkXPress-Translation-.webp\",\"width\":151,\"height\":151,\"caption\":\"tt icon QuarkXPress Translation\"},{\"@type\":\"BreadcrumbList\",\"@id\":\"https:\\\/\\\/www.trustedtranslations.com\\\/pt-br\\\/servicos\\\/formatos-arquivos\\\/quarkxpress#breadcrumb\",\"itemListElement\":[{\"@type\":\"ListItem\",\"position\":1,\"name\":\"Home\",\"item\":\"https:\\\/\\\/www.trustedtranslations.com\\\/pt-br\"},{\"@type\":\"ListItem\",\"position\":2,\"name\":\"Servi\u00e7os\",\"item\":\"https:\\\/\\\/www.trustedtranslations.com\\\/pt-br\\\/servicos\"},{\"@type\":\"ListItem\",\"position\":3,\"name\":\"Formatos de arquivo\",\"item\":\"https:\\\/\\\/www.trustedtranslations.com\\\/pt-br\\\/servicos\\\/formatos-arquivos\"},{\"@type\":\"ListItem\",\"position\":4,\"name\":\"QuarkXpress\"}]},{\"@type\":\"WebSite\",\"@id\":\"https:\\\/\\\/www.trustedtranslations.com\\\/pt-br\\\/#website\",\"url\":\"https:\\\/\\\/www.trustedtranslations.com\\\/pt-br\\\/\",\"name\":\"Trusted Translations, Inc.\",\"description\":\"Leader in translation and interpretation services.\",\"publisher\":{\"@id\":\"https:\\\/\\\/www.trustedtranslations.com\\\/pt-br\\\/#organization\"},\"alternateName\":\"Trusted Translations\",\"potentialAction\":[{\"@type\":\"SearchAction\",\"target\":{\"@type\":\"EntryPoint\",\"urlTemplate\":\"https:\\\/\\\/www.trustedtranslations.com\\\/pt-br\\\/?s={search_term_string}\"},\"query-input\":{\"@type\":\"PropertyValueSpecification\",\"valueRequired\":true,\"valueName\":\"search_term_string\"}}],\"inLanguage\":\"pt-BR\"},{\"@type\":\"Organization\",\"@id\":\"https:\\\/\\\/www.trustedtranslations.com\\\/pt-br\\\/#organization\",\"name\":\"Trusted Translations\",\"alternateName\":\"Trusted Translations, Inc.\",\"url\":\"https:\\\/\\\/www.trustedtranslations.com\\\/pt-br\\\/\",\"logo\":{\"@type\":\"ImageObject\",\"inLanguage\":\"pt-BR\",\"@id\":\"https:\\\/\\\/www.trustedtranslations.com\\\/pt-br\\\/#\\\/schema\\\/logo\\\/image\\\/\",\"url\":\"https:\\\/\\\/static.trustedtranslations.com\\\/wp-content\\\/uploads\\\/2022\\\/01\\\/TT_logo_WSIColors-2.png\",\"contentUrl\":\"https:\\\/\\\/static.trustedtranslations.com\\\/wp-content\\\/uploads\\\/2022\\\/01\\\/TT_logo_WSIColors-2.png\",\"width\":500,\"height\":196,\"caption\":\"Trusted Translations\"},\"image\":{\"@id\":\"https:\\\/\\\/www.trustedtranslations.com\\\/pt-br\\\/#\\\/schema\\\/logo\\\/image\\\/\"},\"sameAs\":[\"https:\\\/\\\/www.facebook.com\\\/Trusted.Translations\",\"https:\\\/\\\/x.com\\\/TrustedT9ns\",\"https:\\\/\\\/www.linkedin.com\\\/company\\\/trusted-translations\"]}]}<\/script>\n<!-- \/ Yoast SEO plugin. -->","yoast_head_json":{"title":"Servi\u00e7os de tradu\u00e7\u00e3o do QuarkXPress - Trusted Translations, Inc.","description":"A Trusted Translations \u00e9 a solu\u00e7\u00e3o para todos os seus projetos de tradu\u00e7\u00e3o do QuarkXPress; desde panfletos de p\u00e1gina \u00fanica, jornais, revistas, cat\u00e1logos e muito mais.","robots":{"index":"index","follow":"follow","max-snippet":"max-snippet:-1","max-image-preview":"max-image-preview:large","max-video-preview":"max-video-preview:-1"},"canonical":"https:\/\/www.trustedtranslations.com\/pt-br\/servicos\/formatos-arquivos\/quarkxpress","og_locale":"pt_BR","og_type":"article","og_title":"Servi\u00e7os de tradu\u00e7\u00e3o do QuarkXPress - Trusted Translations, Inc.","og_description":"A Trusted Translations \u00e9 a solu\u00e7\u00e3o para todos os seus projetos de tradu\u00e7\u00e3o do QuarkXPress; desde panfletos de p\u00e1gina \u00fanica, jornais, revistas, cat\u00e1logos e muito mais.","og_url":"https:\/\/www.trustedtranslations.com\/pt-br\/servicos\/formatos-arquivos\/quarkxpress","og_site_name":"Trusted Translations, Inc.","article_publisher":"https:\/\/www.facebook.com\/Trusted.Translations","article_modified_time":"2024-09-03T14:32:33+00:00","og_image":[{"width":151,"height":151,"url":"https:\/\/static.trustedtranslations.com\/wp-content\/uploads\/2024\/02\/tt-icon_QuarkXPress-Translation-.webp","type":"image\/webp"}],"twitter_card":"summary_large_image","twitter_site":"@TrustedT9ns","schema":{"@context":"https:\/\/schema.org","@graph":[{"@type":"WebPage","@id":"https:\/\/www.trustedtranslations.com\/pt-br\/servicos\/formatos-arquivos\/quarkxpress","url":"https:\/\/www.trustedtranslations.com\/pt-br\/servicos\/formatos-arquivos\/quarkxpress","name":"Servi\u00e7os de tradu\u00e7\u00e3o do QuarkXPress - Trusted Translations, Inc.","isPartOf":{"@id":"https:\/\/www.trustedtranslations.com\/pt-br\/#website"},"primaryImageOfPage":{"@id":"https:\/\/www.trustedtranslations.com\/pt-br\/servicos\/formatos-arquivos\/quarkxpress#primaryimage"},"image":{"@id":"https:\/\/www.trustedtranslations.com\/pt-br\/servicos\/formatos-arquivos\/quarkxpress#primaryimage"},"thumbnailUrl":"https:\/\/www.trustedtranslations.com\/wp-content\/uploads\/2024\/02\/tt-icon_QuarkXPress-Translation-.webp","description":"A Trusted Translations \u00e9 a solu\u00e7\u00e3o para todos os seus projetos de tradu\u00e7\u00e3o do QuarkXPress; desde panfletos de p\u00e1gina \u00fanica, jornais, revistas, cat\u00e1logos e muito mais.","breadcrumb":{"@id":"https:\/\/www.trustedtranslations.com\/pt-br\/servicos\/formatos-arquivos\/quarkxpress#breadcrumb"},"inLanguage":"pt-BR","potentialAction":[{"@type":"ReadAction","target":["https:\/\/www.trustedtranslations.com\/pt-br\/servicos\/formatos-arquivos\/quarkxpress"]}]},{"@type":"ImageObject","inLanguage":"pt-BR","@id":"https:\/\/www.trustedtranslations.com\/pt-br\/servicos\/formatos-arquivos\/quarkxpress#primaryimage","url":"https:\/\/www.trustedtranslations.com\/wp-content\/uploads\/2024\/02\/tt-icon_QuarkXPress-Translation-.webp","contentUrl":"https:\/\/www.trustedtranslations.com\/wp-content\/uploads\/2024\/02\/tt-icon_QuarkXPress-Translation-.webp","width":151,"height":151,"caption":"tt icon QuarkXPress Translation"},{"@type":"BreadcrumbList","@id":"https:\/\/www.trustedtranslations.com\/pt-br\/servicos\/formatos-arquivos\/quarkxpress#breadcrumb","itemListElement":[{"@type":"ListItem","position":1,"name":"Home","item":"https:\/\/www.trustedtranslations.com\/pt-br"},{"@type":"ListItem","position":2,"name":"Servi\u00e7os","item":"https:\/\/www.trustedtranslations.com\/pt-br\/servicos"},{"@type":"ListItem","position":3,"name":"Formatos de arquivo","item":"https:\/\/www.trustedtranslations.com\/pt-br\/servicos\/formatos-arquivos"},{"@type":"ListItem","position":4,"name":"QuarkXpress"}]},{"@type":"WebSite","@id":"https:\/\/www.trustedtranslations.com\/pt-br\/#website","url":"https:\/\/www.trustedtranslations.com\/pt-br\/","name":"Trusted Translations, Inc.","description":"Leader in translation and interpretation services.","publisher":{"@id":"https:\/\/www.trustedtranslations.com\/pt-br\/#organization"},"alternateName":"Trusted Translations","potentialAction":[{"@type":"SearchAction","target":{"@type":"EntryPoint","urlTemplate":"https:\/\/www.trustedtranslations.com\/pt-br\/?s={search_term_string}"},"query-input":{"@type":"PropertyValueSpecification","valueRequired":true,"valueName":"search_term_string"}}],"inLanguage":"pt-BR"},{"@type":"Organization","@id":"https:\/\/www.trustedtranslations.com\/pt-br\/#organization","name":"Trusted Translations","alternateName":"Trusted Translations, Inc.","url":"https:\/\/www.trustedtranslations.com\/pt-br\/","logo":{"@type":"ImageObject","inLanguage":"pt-BR","@id":"https:\/\/www.trustedtranslations.com\/pt-br\/#\/schema\/logo\/image\/","url":"https:\/\/static.trustedtranslations.com\/wp-content\/uploads\/2022\/01\/TT_logo_WSIColors-2.png","contentUrl":"https:\/\/static.trustedtranslations.com\/wp-content\/uploads\/2022\/01\/TT_logo_WSIColors-2.png","width":500,"height":196,"caption":"Trusted Translations"},"image":{"@id":"https:\/\/www.trustedtranslations.com\/pt-br\/#\/schema\/logo\/image\/"},"sameAs":["https:\/\/www.facebook.com\/Trusted.Translations","https:\/\/x.com\/TrustedT9ns","https:\/\/www.linkedin.com\/company\/trusted-translations"]}]}},"toolset-meta":{"dyk":{"mensaje-1":{"type":"textfield","raw":"Somos a solu\u00e7\u00e3o completa para todas as suas necessidades de tradu\u00e7\u00e3o de QuarkXPress."},"mensaje-2":{"type":"textfield","raw":""},"mensaje-3":{"type":"textfield","raw":""},"mensaje-4":{"type":"textfield","raw":""},"mensaje-5":{"type":"textfield","raw":""},"mensaje-6":{"type":"textfield","raw":""}},"single-page-template-fields":{"imgs-temp":{"type":"image","raw":["https:\/\/static.trustedtranslations.com\/wp-content\/uploads\/2024\/06\/Group-63-1.webp"],"repeatable":[{"raw":"https:\/\/static.trustedtranslations.com\/wp-content\/uploads\/2024\/06\/Group-63-1.webp"}]},"imgs-temp-cel":{"type":"image","raw":[""],"repeatable":[{"raw":""}]},"img-temp-one-cel":{"type":"image","raw":"https:\/\/static.trustedtranslations.com\/wp-content\/uploads\/2024\/03\/AdobeStock_385542563-2-1.webp","attachment_id":null},"quotes":{"type":"textarea","raw":"<h1 style=\"margin-bottom: 12px;\">Servi\u00e7os de tradu\u00e7\u00e3o do QuarkXPress<\/h1>\r\nA <em>Trusted Translations<\/em> \u00e9 a solu\u00e7\u00e3o completa para todas as suas necessidades de tradu\u00e7\u00e3o do QuarkXPress. Se voc\u00ea procura traduzir qualquer coisa desde panfletos de uma \u00fanica p\u00e1gina at\u00e9 jornais, revistas e cat\u00e1logos, a equipe de especialistas da Trusted Translations\u2019 fornecer\u00e1 as tradu\u00e7\u00f5es do QuarkXPress mais precisamente traduzidas e habilmente projetadas.\r\n<div style=\"margin-top: 2.5vw;\"><a class=\"tt-btn-main-cta\" href=\"\/pt-br\/solicitud-orcamento\">SOLICITE UM OR\u00c7AMENTO GR\u00c1TIS<\/a><\/div>"},"text-1":{"type":"textarea","raw":"<h2>Tradu\u00e7\u00e3o e formata\u00e7\u00e3o especializada para documentos QuarkXPress<\/h2>\r\nNa\u00a0<em>Trusted Translations<\/em>, n\u00e3o apenas fornecemos as tradu\u00e7\u00f5es mais profissionais e precisas do setor, mas tamb\u00e9m entregamos a tradu\u00e7\u00e3o final no mesmo formato do documento original. Isso elimina o inc\u00f4modo de encontrar e contratar uma empresa de design separada para reformatar as suas imagens e permite que voc\u00ea use o documento traduzido imediatamente.\r\n<h2>Servi\u00e7os de tradu\u00e7\u00e3o de QuarkXPress<\/h2>\r\nSeguimos v\u00e1rias etapas ao traduzir um documento do QuarkXPress para garantir que o resultado seja da mais alta qualidade. Ap\u00f3s a recep\u00e7\u00e3o do documento, a nossa equipe de especialistas em editora\u00e7\u00e3o eletr\u00f4nica extrai todo o texto traduz\u00edvel. Isso permite que os nossos tradutores trabalhem com as nossas Ferramentas de tradu\u00e7\u00e3o assistida por computador (CAT Tools), as quais, por sua vez, resultar\u00e3o numa tradu\u00e7\u00e3o mais precisa. Os nossos tradutores espec\u00edficos do setor garantir\u00e3o que voc\u00ea receba uma tradu\u00e7\u00e3o especializada para todas as suas cria\u00e7\u00f5es do QuarkXPress, para que voc\u00ea possa atingir seu p\u00fablico-alvo. Subsequentemente, o documento passa por uma etapa final de editora\u00e7\u00e3o eletr\u00f4nica para reajustar a formata\u00e7\u00e3o e o leiaute com o texto rec\u00e9m traduzido. A nossa equipe de especialistas traduzir\u00e1 tudo, desde folhetos, jornais, revistas, cat\u00e1logos, entre outros, permitindo que voc\u00ea atinja um p\u00fablico mais amplo. Mesmo documentos com gr\u00e1ficos pesados \u200b\u200be um leiaute de design complexo ser\u00e3o entregues a voc\u00ea projetados e prontos para seu uso imediato."},"shortcode-map":{"type":"textfield","raw":""},"dyk-shortcode":{"type":"textfield","raw":"[elementor-template id=\"147273\"]"},"text-2":{"type":"textarea","raw":"<h2>Trabalhando com vers\u00f5es diferentes do QuarkXpress<\/h2>\r\nO hist\u00f3rico de vers\u00f5es do QuarkXPress \u00e9 t\u00e3o longo quanto qualquer outro programa de software estabelecido, o que significa que h\u00e1 algumas tantas vers\u00f5es que podemos encontrar para as necessidades de tradu\u00e7\u00e3o dos nossos clientes. Muitas vers\u00f5es mais antigas n\u00e3o s\u00e3o compat\u00edveis com as Ferramentas de tradu\u00e7\u00e3o assistida por computador (CAT Tools) e exigem algumas etapas extras de pr\u00e9-tradu\u00e7\u00e3o, enquanto vers\u00f5es mais modernas s\u00e3o compat\u00edveis com as nossas ferramentas CAT e ficam imediatamente prontas para tradu\u00e7\u00e3o. Na\u00a0<em>Trusted Translations<\/em>\u00a0temos as ferramentas e a experi\u00eancia necess\u00e1rias para trabalhar com qualquer vers\u00e3o do QuarkXPress que voc\u00ea possa nos disponibilizar. A nossa equipe de editora\u00e7\u00e3o eletr\u00f4nica assumir\u00e1 os desafios das suas cria\u00e7\u00f5es de QuarkXPress e far\u00e1 com que elas pare\u00e7am o mais pr\u00f3ximo poss\u00edvel do original, tudo isso entregando a mesma vers\u00e3o do QuarkXPress do documento de origem.\r\n<h2>Convertendo o QuarkXpress para o InDesign para idiomas n\u00e3o compat\u00edveis<\/h2>\r\nNa sua vers\u00e3o mais recente, o QuarkXPress \u00e9 capaz de suportar cerca de 36 idiomas, sem mencionar o ingl\u00eas. Embora 36 possa parecer um n\u00famero substancial, a\u00a0<em>Trusted Translations<\/em>\u00a0trabalha com mais de 200 idiomas. Ent\u00e3o, o que acontece quando recebemos um documento que deve ser traduzido para um idioma que n\u00e3o \u00e9 suportado pelo QuarkXPress, como o sua\u00edli, o usbeque ou o am\u00e1rico? \u00c9 a\u00ed que entra a nossa equipe de especialistas em editora\u00e7\u00e3o eletr\u00f4nica. A nossa equipe de DTP recriar\u00e1 o seu documento do QuarkXPress em um formato InDesign, o que nos permite trabalhar com uma variedade maior de op\u00e7\u00f5es de idiomas, ajudando-o a alcan\u00e7ar o seu p\u00fablico-alvo. Caso o idioma que deseja traduzir n\u00e3o seja suportado pelo QuarkXPress e seja convertido para o InDesign, voc\u00ea receber\u00e1 um documento do InDesign que pare\u00e7a o mais pr\u00f3ximo poss\u00edvel do original. A nossa equipe especialista em DTP formatar\u00e1 o documento de maneira que ele n\u00e3o perca nenhuma das suas caracter\u00edsticas originais."},"state":{"type":"textfield","raw":""},"city":{"type":"textarea","raw":[]}}},"_links":{"self":[{"href":"https:\/\/www.trustedtranslations.com\/pt-br\/wp-json\/wp\/v2\/pages\/134979","targetHints":{"allow":["GET"]}}],"collection":[{"href":"https:\/\/www.trustedtranslations.com\/pt-br\/wp-json\/wp\/v2\/pages"}],"about":[{"href":"https:\/\/www.trustedtranslations.com\/pt-br\/wp-json\/wp\/v2\/types\/page"}],"author":[{"embeddable":true,"href":"https:\/\/www.trustedtranslations.com\/pt-br\/wp-json\/wp\/v2\/users\/1"}],"replies":[{"embeddable":true,"href":"https:\/\/www.trustedtranslations.com\/pt-br\/wp-json\/wp\/v2\/comments?post=134979"}],"version-history":[{"count":0,"href":"https:\/\/www.trustedtranslations.com\/pt-br\/wp-json\/wp\/v2\/pages\/134979\/revisions"}],"up":[{"embeddable":true,"href":"https:\/\/www.trustedtranslations.com\/pt-br\/wp-json\/wp\/v2\/pages\/135015"}],"wp:featuredmedia":[{"embeddable":true,"href":"https:\/\/www.trustedtranslations.com\/pt-br\/wp-json\/wp\/v2\/media\/238292"}],"wp:attachment":[{"href":"https:\/\/www.trustedtranslations.com\/pt-br\/wp-json\/wp\/v2\/media?parent=134979"}],"curies":[{"name":"wp","href":"https:\/\/api.w.org\/{rel}","templated":true}]}}