{"id":134987,"date":"2018-11-14T12:24:43","date_gmt":"2018-11-14T12:24:43","guid":{"rendered":"https:\/\/www.trustedtranslations.com\/?page_id=134987"},"modified":"2024-09-02T18:36:59","modified_gmt":"2024-09-02T21:36:59","slug":"word","status":"publish","type":"page","link":"https:\/\/www.trustedtranslations.com\/pt-br\/servicos\/formatos-arquivos\/word","title":{"rendered":"Microsoft Word"},"content":{"rendered":"","protected":false},"excerpt":{"rendered":"","protected":false},"author":1,"featured_media":238023,"parent":135015,"menu_order":4,"comment_status":"closed","ping_status":"closed","template":"","meta":{"site-sidebar-layout":"default","site-content-layout":"default","ast-site-content-layout":"default","site-content-style":"default","site-sidebar-style":"default","ast-global-header-display":"","ast-banner-title-visibility":"","ast-main-header-display":"","ast-hfb-above-header-display":"","ast-hfb-below-header-display":"","ast-hfb-mobile-header-display":"","site-post-title":"disabled","ast-breadcrumbs-content":"","ast-featured-img":"","footer-sml-layout":"","ast-disable-related-posts":"","theme-transparent-header-meta":"default","adv-header-id-meta":"","stick-header-meta":"","header-above-stick-meta":"","header-main-stick-meta":"","header-below-stick-meta":"","astra-migrate-meta-layouts":"set","ast-page-background-enabled":"default","ast-page-background-meta":{"desktop":{"background-color":"var(--ast-global-color-4)","background-image":"","background-repeat":"repeat","background-position":"center center","background-size":"auto","background-attachment":"scroll","background-type":"","background-media":"","overlay-type":"","overlay-color":"","overlay-opacity":"","overlay-gradient":""},"tablet":{"background-color":"","background-image":"","background-repeat":"repeat","background-position":"center center","background-size":"auto","background-attachment":"scroll","background-type":"","background-media":"","overlay-type":"","overlay-color":"","overlay-opacity":"","overlay-gradient":""},"mobile":{"background-color":"","background-image":"","background-repeat":"repeat","background-position":"center center","background-size":"auto","background-attachment":"scroll","background-type":"","background-media":"","overlay-type":"","overlay-color":"","overlay-opacity":"","overlay-gradient":""}},"ast-content-background-meta":{"desktop":{"background-color":"var(--ast-global-color-5)","background-image":"","background-repeat":"repeat","background-position":"center center","background-size":"auto","background-attachment":"scroll","background-type":"","background-media":"","overlay-type":"","overlay-color":"","overlay-opacity":"","overlay-gradient":""},"tablet":{"background-color":"var(--ast-global-color-5)","background-image":"","background-repeat":"repeat","background-position":"center center","background-size":"auto","background-attachment":"scroll","background-type":"","background-media":"","overlay-type":"","overlay-color":"","overlay-opacity":"","overlay-gradient":""},"mobile":{"background-color":"var(--ast-global-color-5)","background-image":"","background-repeat":"repeat","background-position":"center center","background-size":"auto","background-attachment":"scroll","background-type":"","background-media":"","overlay-type":"","overlay-color":"","overlay-opacity":"","overlay-gradient":""}},"footnotes":""},"class_list":["post-134987","page","type-page","status-publish","has-post-thumbnail","hentry"],"yoast_head":"<!-- This site is optimized with the Yoast SEO plugin v27.3 - https:\/\/yoast.com\/product\/yoast-seo-wordpress\/ -->\n<title>Servi\u00e7os de tradu\u00e7\u00e3o do Microsoft Word - Trusted Translations, Inc.<\/title>\n<meta name=\"description\" content=\"A Trusted Translations realizar\u00e1 qualquer projeto de tradu\u00e7\u00e3o do Microsoft Word, independentemente da complexidade.\" \/>\n<meta name=\"robots\" content=\"index, follow, max-snippet:-1, max-image-preview:large, max-video-preview:-1\" \/>\n<link rel=\"canonical\" href=\"https:\/\/www.trustedtranslations.com\/pt-br\/servicos\/formatos-arquivos\/word\" \/>\n<meta property=\"og:locale\" content=\"pt_BR\" \/>\n<meta property=\"og:type\" content=\"article\" \/>\n<meta property=\"og:title\" content=\"Servi\u00e7os de tradu\u00e7\u00e3o do Microsoft Word - Trusted Translations, Inc.\" \/>\n<meta property=\"og:description\" content=\"A Trusted Translations realizar\u00e1 qualquer projeto de tradu\u00e7\u00e3o do Microsoft Word, independentemente da complexidade.\" \/>\n<meta property=\"og:url\" content=\"https:\/\/www.trustedtranslations.com\/pt-br\/servicos\/formatos-arquivos\/word\" \/>\n<meta property=\"og:site_name\" content=\"Trusted Translations, Inc.\" \/>\n<meta property=\"article:publisher\" content=\"https:\/\/www.facebook.com\/Trusted.Translations\" \/>\n<meta property=\"article:modified_time\" content=\"2024-09-02T21:36:59+00:00\" \/>\n<meta property=\"og:image\" content=\"https:\/\/static.trustedtranslations.com\/wp-content\/uploads\/2024\/02\/tt-icon_Microsoft-Word-Translation-Services.png\" \/>\n\t<meta property=\"og:image:width\" content=\"151\" \/>\n\t<meta property=\"og:image:height\" content=\"151\" \/>\n\t<meta property=\"og:image:type\" content=\"image\/png\" \/>\n<meta name=\"twitter:card\" content=\"summary_large_image\" \/>\n<meta name=\"twitter:site\" content=\"@TrustedT9ns\" \/>\n<script type=\"application\/ld+json\" class=\"yoast-schema-graph\">{\"@context\":\"https:\\\/\\\/schema.org\",\"@graph\":[{\"@type\":\"WebPage\",\"@id\":\"https:\\\/\\\/www.trustedtranslations.com\\\/pt-br\\\/servicos\\\/formatos-arquivos\\\/word\",\"url\":\"https:\\\/\\\/www.trustedtranslations.com\\\/pt-br\\\/servicos\\\/formatos-arquivos\\\/word\",\"name\":\"Servi\u00e7os de tradu\u00e7\u00e3o do Microsoft Word - Trusted Translations, Inc.\",\"isPartOf\":{\"@id\":\"https:\\\/\\\/www.trustedtranslations.com\\\/pt-br\\\/#website\"},\"primaryImageOfPage\":{\"@id\":\"https:\\\/\\\/www.trustedtranslations.com\\\/pt-br\\\/servicos\\\/formatos-arquivos\\\/word#primaryimage\"},\"image\":{\"@id\":\"https:\\\/\\\/www.trustedtranslations.com\\\/pt-br\\\/servicos\\\/formatos-arquivos\\\/word#primaryimage\"},\"thumbnailUrl\":\"https:\\\/\\\/www.trustedtranslations.com\\\/wp-content\\\/uploads\\\/2024\\\/02\\\/tt-icon_Microsoft-Word-Translation-Services.png\",\"description\":\"A Trusted Translations realizar\u00e1 qualquer projeto de tradu\u00e7\u00e3o do Microsoft Word, independentemente da complexidade.\",\"breadcrumb\":{\"@id\":\"https:\\\/\\\/www.trustedtranslations.com\\\/pt-br\\\/servicos\\\/formatos-arquivos\\\/word#breadcrumb\"},\"inLanguage\":\"pt-BR\",\"potentialAction\":[{\"@type\":\"ReadAction\",\"target\":[\"https:\\\/\\\/www.trustedtranslations.com\\\/pt-br\\\/servicos\\\/formatos-arquivos\\\/word\"]}]},{\"@type\":\"ImageObject\",\"inLanguage\":\"pt-BR\",\"@id\":\"https:\\\/\\\/www.trustedtranslations.com\\\/pt-br\\\/servicos\\\/formatos-arquivos\\\/word#primaryimage\",\"url\":\"https:\\\/\\\/www.trustedtranslations.com\\\/wp-content\\\/uploads\\\/2024\\\/02\\\/tt-icon_Microsoft-Word-Translation-Services.png\",\"contentUrl\":\"https:\\\/\\\/www.trustedtranslations.com\\\/wp-content\\\/uploads\\\/2024\\\/02\\\/tt-icon_Microsoft-Word-Translation-Services.png\",\"width\":151,\"height\":151,\"caption\":\"tt icon Microsoft Word Translation Services\"},{\"@type\":\"BreadcrumbList\",\"@id\":\"https:\\\/\\\/www.trustedtranslations.com\\\/pt-br\\\/servicos\\\/formatos-arquivos\\\/word#breadcrumb\",\"itemListElement\":[{\"@type\":\"ListItem\",\"position\":1,\"name\":\"Home\",\"item\":\"https:\\\/\\\/www.trustedtranslations.com\\\/pt-br\"},{\"@type\":\"ListItem\",\"position\":2,\"name\":\"Servi\u00e7os\",\"item\":\"https:\\\/\\\/www.trustedtranslations.com\\\/pt-br\\\/servicos\"},{\"@type\":\"ListItem\",\"position\":3,\"name\":\"Formatos de arquivo\",\"item\":\"https:\\\/\\\/www.trustedtranslations.com\\\/pt-br\\\/servicos\\\/formatos-arquivos\"},{\"@type\":\"ListItem\",\"position\":4,\"name\":\"Microsoft Word\"}]},{\"@type\":\"WebSite\",\"@id\":\"https:\\\/\\\/www.trustedtranslations.com\\\/pt-br\\\/#website\",\"url\":\"https:\\\/\\\/www.trustedtranslations.com\\\/pt-br\\\/\",\"name\":\"Trusted Translations, Inc.\",\"description\":\"Leader in translation and interpretation services.\",\"publisher\":{\"@id\":\"https:\\\/\\\/www.trustedtranslations.com\\\/pt-br\\\/#organization\"},\"alternateName\":\"Trusted Translations\",\"potentialAction\":[{\"@type\":\"SearchAction\",\"target\":{\"@type\":\"EntryPoint\",\"urlTemplate\":\"https:\\\/\\\/www.trustedtranslations.com\\\/pt-br\\\/?s={search_term_string}\"},\"query-input\":{\"@type\":\"PropertyValueSpecification\",\"valueRequired\":true,\"valueName\":\"search_term_string\"}}],\"inLanguage\":\"pt-BR\"},{\"@type\":\"Organization\",\"@id\":\"https:\\\/\\\/www.trustedtranslations.com\\\/pt-br\\\/#organization\",\"name\":\"Trusted Translations\",\"alternateName\":\"Trusted Translations, Inc.\",\"url\":\"https:\\\/\\\/www.trustedtranslations.com\\\/pt-br\\\/\",\"logo\":{\"@type\":\"ImageObject\",\"inLanguage\":\"pt-BR\",\"@id\":\"https:\\\/\\\/www.trustedtranslations.com\\\/pt-br\\\/#\\\/schema\\\/logo\\\/image\\\/\",\"url\":\"https:\\\/\\\/static.trustedtranslations.com\\\/wp-content\\\/uploads\\\/2022\\\/01\\\/TT_logo_WSIColors-2.png\",\"contentUrl\":\"https:\\\/\\\/static.trustedtranslations.com\\\/wp-content\\\/uploads\\\/2022\\\/01\\\/TT_logo_WSIColors-2.png\",\"width\":500,\"height\":196,\"caption\":\"Trusted Translations\"},\"image\":{\"@id\":\"https:\\\/\\\/www.trustedtranslations.com\\\/pt-br\\\/#\\\/schema\\\/logo\\\/image\\\/\"},\"sameAs\":[\"https:\\\/\\\/www.facebook.com\\\/Trusted.Translations\",\"https:\\\/\\\/x.com\\\/TrustedT9ns\",\"https:\\\/\\\/www.linkedin.com\\\/company\\\/trusted-translations\"]}]}<\/script>\n<!-- \/ Yoast SEO plugin. -->","yoast_head_json":{"title":"Servi\u00e7os de tradu\u00e7\u00e3o do Microsoft Word - Trusted Translations, Inc.","description":"A Trusted Translations realizar\u00e1 qualquer projeto de tradu\u00e7\u00e3o do Microsoft Word, independentemente da complexidade.","robots":{"index":"index","follow":"follow","max-snippet":"max-snippet:-1","max-image-preview":"max-image-preview:large","max-video-preview":"max-video-preview:-1"},"canonical":"https:\/\/www.trustedtranslations.com\/pt-br\/servicos\/formatos-arquivos\/word","og_locale":"pt_BR","og_type":"article","og_title":"Servi\u00e7os de tradu\u00e7\u00e3o do Microsoft Word - Trusted Translations, Inc.","og_description":"A Trusted Translations realizar\u00e1 qualquer projeto de tradu\u00e7\u00e3o do Microsoft Word, independentemente da complexidade.","og_url":"https:\/\/www.trustedtranslations.com\/pt-br\/servicos\/formatos-arquivos\/word","og_site_name":"Trusted Translations, Inc.","article_publisher":"https:\/\/www.facebook.com\/Trusted.Translations","article_modified_time":"2024-09-02T21:36:59+00:00","og_image":[{"width":151,"height":151,"url":"https:\/\/static.trustedtranslations.com\/wp-content\/uploads\/2024\/02\/tt-icon_Microsoft-Word-Translation-Services.png","type":"image\/png"}],"twitter_card":"summary_large_image","twitter_site":"@TrustedT9ns","schema":{"@context":"https:\/\/schema.org","@graph":[{"@type":"WebPage","@id":"https:\/\/www.trustedtranslations.com\/pt-br\/servicos\/formatos-arquivos\/word","url":"https:\/\/www.trustedtranslations.com\/pt-br\/servicos\/formatos-arquivos\/word","name":"Servi\u00e7os de tradu\u00e7\u00e3o do Microsoft Word - Trusted Translations, Inc.","isPartOf":{"@id":"https:\/\/www.trustedtranslations.com\/pt-br\/#website"},"primaryImageOfPage":{"@id":"https:\/\/www.trustedtranslations.com\/pt-br\/servicos\/formatos-arquivos\/word#primaryimage"},"image":{"@id":"https:\/\/www.trustedtranslations.com\/pt-br\/servicos\/formatos-arquivos\/word#primaryimage"},"thumbnailUrl":"https:\/\/www.trustedtranslations.com\/wp-content\/uploads\/2024\/02\/tt-icon_Microsoft-Word-Translation-Services.png","description":"A Trusted Translations realizar\u00e1 qualquer projeto de tradu\u00e7\u00e3o do Microsoft Word, independentemente da complexidade.","breadcrumb":{"@id":"https:\/\/www.trustedtranslations.com\/pt-br\/servicos\/formatos-arquivos\/word#breadcrumb"},"inLanguage":"pt-BR","potentialAction":[{"@type":"ReadAction","target":["https:\/\/www.trustedtranslations.com\/pt-br\/servicos\/formatos-arquivos\/word"]}]},{"@type":"ImageObject","inLanguage":"pt-BR","@id":"https:\/\/www.trustedtranslations.com\/pt-br\/servicos\/formatos-arquivos\/word#primaryimage","url":"https:\/\/www.trustedtranslations.com\/wp-content\/uploads\/2024\/02\/tt-icon_Microsoft-Word-Translation-Services.png","contentUrl":"https:\/\/www.trustedtranslations.com\/wp-content\/uploads\/2024\/02\/tt-icon_Microsoft-Word-Translation-Services.png","width":151,"height":151,"caption":"tt icon Microsoft Word Translation Services"},{"@type":"BreadcrumbList","@id":"https:\/\/www.trustedtranslations.com\/pt-br\/servicos\/formatos-arquivos\/word#breadcrumb","itemListElement":[{"@type":"ListItem","position":1,"name":"Home","item":"https:\/\/www.trustedtranslations.com\/pt-br"},{"@type":"ListItem","position":2,"name":"Servi\u00e7os","item":"https:\/\/www.trustedtranslations.com\/pt-br\/servicos"},{"@type":"ListItem","position":3,"name":"Formatos de arquivo","item":"https:\/\/www.trustedtranslations.com\/pt-br\/servicos\/formatos-arquivos"},{"@type":"ListItem","position":4,"name":"Microsoft Word"}]},{"@type":"WebSite","@id":"https:\/\/www.trustedtranslations.com\/pt-br\/#website","url":"https:\/\/www.trustedtranslations.com\/pt-br\/","name":"Trusted Translations, Inc.","description":"Leader in translation and interpretation services.","publisher":{"@id":"https:\/\/www.trustedtranslations.com\/pt-br\/#organization"},"alternateName":"Trusted Translations","potentialAction":[{"@type":"SearchAction","target":{"@type":"EntryPoint","urlTemplate":"https:\/\/www.trustedtranslations.com\/pt-br\/?s={search_term_string}"},"query-input":{"@type":"PropertyValueSpecification","valueRequired":true,"valueName":"search_term_string"}}],"inLanguage":"pt-BR"},{"@type":"Organization","@id":"https:\/\/www.trustedtranslations.com\/pt-br\/#organization","name":"Trusted Translations","alternateName":"Trusted Translations, Inc.","url":"https:\/\/www.trustedtranslations.com\/pt-br\/","logo":{"@type":"ImageObject","inLanguage":"pt-BR","@id":"https:\/\/www.trustedtranslations.com\/pt-br\/#\/schema\/logo\/image\/","url":"https:\/\/static.trustedtranslations.com\/wp-content\/uploads\/2022\/01\/TT_logo_WSIColors-2.png","contentUrl":"https:\/\/static.trustedtranslations.com\/wp-content\/uploads\/2022\/01\/TT_logo_WSIColors-2.png","width":500,"height":196,"caption":"Trusted Translations"},"image":{"@id":"https:\/\/www.trustedtranslations.com\/pt-br\/#\/schema\/logo\/image\/"},"sameAs":["https:\/\/www.facebook.com\/Trusted.Translations","https:\/\/x.com\/TrustedT9ns","https:\/\/www.linkedin.com\/company\/trusted-translations"]}]}},"toolset-meta":{"dyk":{"mensaje-1":{"type":"textfield","raw":"Todos os componentes do(s) seu(s) documento(s) em MS Word ser\u00e3o reincorporados sem problemas."},"mensaje-2":{"type":"textfield","raw":""},"mensaje-3":{"type":"textfield","raw":"Fornecemos tradu\u00e7\u00f5es que se pare\u00e7am com o leiaute original do documento MS Word."},"mensaje-4":{"type":"textfield","raw":"Traduzimos quaisquer documentos ou imagens incorporados no texto."},"mensaje-5":{"type":"textfield","raw":""},"mensaje-6":{"type":"textfield","raw":""}},"single-page-template-fields":{"imgs-temp":{"type":"image","raw":["https:\/\/static.trustedtranslations.com\/wp-content\/uploads\/2024\/06\/word-final-3-1.webp"],"repeatable":[{"raw":"https:\/\/static.trustedtranslations.com\/wp-content\/uploads\/2024\/06\/word-final-3-1.webp"}]},"imgs-temp-cel":{"type":"image","raw":[""],"repeatable":[{"raw":""}]},"img-temp-one-cel":{"type":"image","raw":"https:\/\/static.trustedtranslations.com\/wp-content\/uploads\/2024\/03\/AdobeStock_385542563-2-1.webp","attachment_id":null},"quotes":{"type":"textarea","raw":"<h1 style=\"margin-bottom: 12px;\">Servi\u00e7os de tradu\u00e7\u00e3o do Microsoft Word<\/h1>\r\nPara as suas necessidades de tradu\u00e7\u00e3o de documentos no Microsoft Word, a <em>Trusted Translations<\/em> \u00e9 a sua melhor escolha para tradu\u00e7\u00f5es profissionais r\u00e1pidas, confi\u00e1veis e precisas. Podemos fornecer tradu\u00e7\u00f5es que se parecem com o documento original, desde a formata\u00e7\u00e3o, at\u00e9 quaisquer hiperlinks, \u00edndices, gr\u00e1ficos ou imagens incorporados no texto original, para que voc\u00ea possa transmitir a sua mensagem com a maior precis\u00e3o poss\u00edvel no idioma de destino.\r\n<div style=\"margin-top: 2.5vw;\"><a class=\"tt-btn-main-cta\" href=\"\/pt-br\/solicitud-orcamento\">SOLICITE UM OR\u00c7AMENTO GR\u00c1TIS<\/a><\/div>"},"text-1":{"type":"textarea","raw":"<h2>Servi\u00e7os abrangentes de tradu\u00e7\u00e3o e editora\u00e7\u00e3o eletr\u00f4nica do Microsoft Word<\/h2>\r\nTodas as suas tradu\u00e7\u00f5es de documentos no Microsoft Word passar\u00e3o por um processo meticuloso de tradu\u00e7\u00e3o, edi\u00e7\u00e3o e revis\u00e3o, e se necess\u00e1rio, uma etapa de editora\u00e7\u00e3o eletr\u00f4nica ser\u00e1 inclu\u00edda como parte dos nossos servi\u00e7os completos de tradu\u00e7\u00e3o. Caso seja necess\u00e1ria uma etapa de editora\u00e7\u00e3o eletr\u00f4nica, haver\u00e1 at\u00e9 mesmo um componente de revis\u00e3o p\u00f3s-editora\u00e7\u00e3o eletr\u00f4nica, para garantir que o produto final seja da mais alta qualidade e esteja pronto para uso imediato.\r\n<h2>Servi\u00e7os de tradu\u00e7\u00e3o para arquivos do Microsoft Word<\/h2>\r\nA equipe de especialistas da\u00a0<em>Trusted Translations\u2019<\/em>\u00a0n\u00e3o apenas fornece a tradu\u00e7\u00e3o mais profissional e precisa do setor, mas leva em conta todos os detalhes dos seus projetos de tradu\u00e7\u00e3o do Microsoft Word. O Microsoft Word \u00e9 o programa de processamento de texto mais utilizado em todo o mundo e, embora \u00e0 primeira vista possa parecer que possui um formato f\u00e1cil de utilizar para um projeto de tradu\u00e7\u00e3o, ele pode ser bastante complexo. A sua caracter\u00edstica f\u00e1cil de usar faz dele uma plataforma popular para incorporar muitos elementos, como hiperlinks, gr\u00e1ficos, imagens, planilhas, tabelas din\u00e2micas, \u00edndices, bem como outros formatos de arquivo incorporados, apenas para citar alguns. Quando realizamos um projeto de tradu\u00e7\u00e3o na\u00a0<em>Trusted Translations<\/em>, levamos todos esses elementos em considera\u00e7\u00e3o durante todo o processo de tradu\u00e7\u00e3o.\r\n<h2>Como traduzimos um documento Word?<\/h2>\r\nA nossa equipe especializada de tradutores e diagramadores garante que o produto final n\u00e3o seja apenas traduzido profissionalmente, mas que todos os componentes do seu documento do MS Word sejam reincorporados sem problemas, prontos para uso imediato. Podemos assumir um projeto de tradu\u00e7\u00e3o do Microsoft Word de qualquer tamanho e complexidade, e entregaremos um documento do Word profissionalmente traduzido e habilmente projetado.\r\n\r\nQuando voc\u00ea d\u00e1 \u00e0\u00a0<em>Trusted Translations<\/em>\u00a0um projeto de tradu\u00e7\u00e3o de documento no MS Word, voc\u00ea receber\u00e1 um documento no idioma de destino que se pare\u00e7a com o original; tudo, desde a formata\u00e7\u00e3o at\u00e9 qualquer outro elemento incorporado, parecer\u00e1 que nunca foi traduzido."},"shortcode-map":{"type":"textfield","raw":""},"dyk-shortcode":{"type":"textfield","raw":"[elementor-template id=\"147273\"]"},"text-2":{"type":"textarea","raw":"<h2>Editora\u00e7\u00e3o eletr\u00f4nica para documentos Word<\/h2>\r\nCaso o seu documento do MS Word contenha elementos incorporados, como gr\u00e1ficos, planilhas, tabelas din\u00e2micas, imagens, hiperlinks, \u00edndices, entre outros, a equipe de especialistas da\u00a0<em>Trusted Translations\u2019<\/em>\u00a0garantir\u00e1 que cada componente seja cuidado e executado individualmente. Os nossos diagramadores extrair\u00e3o todos os elementos incorporados do documento para serem trabalhados de maneira adequada. Os nossos tradutores espec\u00edficos do setor traduzir\u00e3o com precis\u00e3o todo o texto incorporado, enquanto quaisquer f\u00f3rmulas, convers\u00f5es de unidades, tabelas din\u00e2micas e muito mais ser\u00e3o geridas com precis\u00e3o pela nossa equipe de editora\u00e7\u00e3o eletr\u00f4nica. Se o seu documento incluir um \u00edndice, nossa equipe de editora\u00e7\u00e3o eletr\u00f4nica garantir\u00e1 que cada link leve automaticamente o leitor para a sua se\u00e7\u00e3o correspondente no documento do MS Word. Se houver tabelas din\u00e2micas incorporadas, a editora\u00e7\u00e3o eletr\u00f4nica verificar\u00e1 a convers\u00e3o precisa das unidades de medida e suas f\u00f3rmulas correspondentes, caso solicitado pelo cliente. Se houver outros formatos de arquivo incorporados no seu documento do Microsoft Word, como uma planilha do Excel ou um fluxograma do Visio, que voc\u00ea gostaria de incluir como parte da tradu\u00e7\u00e3o, a nossa equipe de DTP extrair\u00e1 cada formato de arquivo para que ele passe por um processo de tradu\u00e7\u00e3o individual. Por fim, os nossos diagramadores reincorporar\u00e3o cada componente ao documento traduzido do MS Word para que se encaixem perfeitamente e estejam prontos para uso imediato."},"state":{"type":"textfield","raw":""},"city":{"type":"textarea","raw":[]}}},"_links":{"self":[{"href":"https:\/\/www.trustedtranslations.com\/pt-br\/wp-json\/wp\/v2\/pages\/134987","targetHints":{"allow":["GET"]}}],"collection":[{"href":"https:\/\/www.trustedtranslations.com\/pt-br\/wp-json\/wp\/v2\/pages"}],"about":[{"href":"https:\/\/www.trustedtranslations.com\/pt-br\/wp-json\/wp\/v2\/types\/page"}],"author":[{"embeddable":true,"href":"https:\/\/www.trustedtranslations.com\/pt-br\/wp-json\/wp\/v2\/users\/1"}],"replies":[{"embeddable":true,"href":"https:\/\/www.trustedtranslations.com\/pt-br\/wp-json\/wp\/v2\/comments?post=134987"}],"version-history":[{"count":0,"href":"https:\/\/www.trustedtranslations.com\/pt-br\/wp-json\/wp\/v2\/pages\/134987\/revisions"}],"up":[{"embeddable":true,"href":"https:\/\/www.trustedtranslations.com\/pt-br\/wp-json\/wp\/v2\/pages\/135015"}],"wp:featuredmedia":[{"embeddable":true,"href":"https:\/\/www.trustedtranslations.com\/pt-br\/wp-json\/wp\/v2\/media\/238023"}],"wp:attachment":[{"href":"https:\/\/www.trustedtranslations.com\/pt-br\/wp-json\/wp\/v2\/media?parent=134987"}],"curies":[{"name":"wp","href":"https:\/\/api.w.org\/{rel}","templated":true}]}}