{"id":134990,"date":"2018-11-14T12:02:44","date_gmt":"2018-11-14T12:02:44","guid":{"rendered":"https:\/\/www.trustedtranslations.com\/?page_id=134990"},"modified":"2024-09-02T18:36:23","modified_gmt":"2024-09-02T21:36:23","slug":"visio","status":"publish","type":"page","link":"https:\/\/www.trustedtranslations.com\/pt-br\/servicos\/formatos-arquivos\/visio","title":{"rendered":"Microsoft Visio"},"content":{"rendered":"","protected":false},"excerpt":{"rendered":"","protected":false},"author":1,"featured_media":238151,"parent":135015,"menu_order":9,"comment_status":"closed","ping_status":"closed","template":"","meta":{"site-sidebar-layout":"default","site-content-layout":"default","ast-site-content-layout":"default","site-content-style":"default","site-sidebar-style":"default","ast-global-header-display":"","ast-banner-title-visibility":"","ast-main-header-display":"","ast-hfb-above-header-display":"","ast-hfb-below-header-display":"","ast-hfb-mobile-header-display":"","site-post-title":"disabled","ast-breadcrumbs-content":"","ast-featured-img":"","footer-sml-layout":"","ast-disable-related-posts":"","theme-transparent-header-meta":"default","adv-header-id-meta":"","stick-header-meta":"","header-above-stick-meta":"","header-main-stick-meta":"","header-below-stick-meta":"","astra-migrate-meta-layouts":"set","ast-page-background-enabled":"default","ast-page-background-meta":{"desktop":{"background-color":"var(--ast-global-color-4)","background-image":"","background-repeat":"repeat","background-position":"center center","background-size":"auto","background-attachment":"scroll","background-type":"","background-media":"","overlay-type":"","overlay-color":"","overlay-opacity":"","overlay-gradient":""},"tablet":{"background-color":"","background-image":"","background-repeat":"repeat","background-position":"center center","background-size":"auto","background-attachment":"scroll","background-type":"","background-media":"","overlay-type":"","overlay-color":"","overlay-opacity":"","overlay-gradient":""},"mobile":{"background-color":"","background-image":"","background-repeat":"repeat","background-position":"center center","background-size":"auto","background-attachment":"scroll","background-type":"","background-media":"","overlay-type":"","overlay-color":"","overlay-opacity":"","overlay-gradient":""}},"ast-content-background-meta":{"desktop":{"background-color":"var(--ast-global-color-5)","background-image":"","background-repeat":"repeat","background-position":"center center","background-size":"auto","background-attachment":"scroll","background-type":"","background-media":"","overlay-type":"","overlay-color":"","overlay-opacity":"","overlay-gradient":""},"tablet":{"background-color":"var(--ast-global-color-5)","background-image":"","background-repeat":"repeat","background-position":"center center","background-size":"auto","background-attachment":"scroll","background-type":"","background-media":"","overlay-type":"","overlay-color":"","overlay-opacity":"","overlay-gradient":""},"mobile":{"background-color":"var(--ast-global-color-5)","background-image":"","background-repeat":"repeat","background-position":"center center","background-size":"auto","background-attachment":"scroll","background-type":"","background-media":"","overlay-type":"","overlay-color":"","overlay-opacity":"","overlay-gradient":""}},"footnotes":""},"class_list":["post-134990","page","type-page","status-publish","has-post-thumbnail","hentry"],"yoast_head":"<!-- This site is optimized with the Yoast SEO plugin v27.5 - https:\/\/yoast.com\/product\/yoast-seo-wordpress\/ -->\n<title>Servi\u00e7os de tradu\u00e7\u00e3o do Microsoft Visio - Trusted Translations, Inc.<\/title>\n<meta name=\"description\" content=\"Os especialistas da Trusted Translations garantem que nenhum detalhe do seu projeto de tradu\u00e7\u00e3o de MS Visio seja ignorado, de um fluxograma simples a um diagrama de rede din\u00e2mico.\" \/>\n<meta name=\"robots\" content=\"index, follow, max-snippet:-1, max-image-preview:large, max-video-preview:-1\" \/>\n<link rel=\"canonical\" href=\"https:\/\/www.trustedtranslations.com\/pt-br\/servicos\/formatos-arquivos\/visio\" \/>\n<meta property=\"og:locale\" content=\"pt_BR\" \/>\n<meta property=\"og:type\" content=\"article\" \/>\n<meta property=\"og:title\" content=\"Servi\u00e7os de tradu\u00e7\u00e3o do Microsoft Visio - Trusted Translations, Inc.\" \/>\n<meta property=\"og:description\" content=\"Os especialistas da Trusted Translations garantem que nenhum detalhe do seu projeto de tradu\u00e7\u00e3o de MS Visio seja ignorado, de um fluxograma simples a um diagrama de rede din\u00e2mico.\" \/>\n<meta property=\"og:url\" content=\"https:\/\/www.trustedtranslations.com\/pt-br\/servicos\/formatos-arquivos\/visio\" \/>\n<meta property=\"og:site_name\" content=\"Trusted Translations, Inc.\" \/>\n<meta property=\"article:publisher\" content=\"https:\/\/www.facebook.com\/Trusted.Translations\" \/>\n<meta property=\"article:modified_time\" content=\"2024-09-02T21:36:23+00:00\" \/>\n<meta property=\"og:image\" content=\"https:\/\/static.trustedtranslations.com\/wp-content\/uploads\/2024\/02\/tt-icon_Microsoft-Visio-Translat.webp\" \/>\n\t<meta property=\"og:image:width\" content=\"151\" \/>\n\t<meta property=\"og:image:height\" content=\"151\" \/>\n\t<meta property=\"og:image:type\" content=\"image\/webp\" \/>\n<meta name=\"twitter:card\" content=\"summary_large_image\" \/>\n<meta name=\"twitter:site\" content=\"@TrustedT9ns\" \/>\n<script type=\"application\/ld+json\" class=\"yoast-schema-graph\">{\"@context\":\"https:\\\/\\\/schema.org\",\"@graph\":[{\"@type\":\"WebPage\",\"@id\":\"https:\\\/\\\/www.trustedtranslations.com\\\/pt-br\\\/servicos\\\/formatos-arquivos\\\/visio\",\"url\":\"https:\\\/\\\/www.trustedtranslations.com\\\/pt-br\\\/servicos\\\/formatos-arquivos\\\/visio\",\"name\":\"Servi\u00e7os de tradu\u00e7\u00e3o do Microsoft Visio - Trusted Translations, Inc.\",\"isPartOf\":{\"@id\":\"https:\\\/\\\/www.trustedtranslations.com\\\/pt-br\\\/#website\"},\"primaryImageOfPage\":{\"@id\":\"https:\\\/\\\/www.trustedtranslations.com\\\/pt-br\\\/servicos\\\/formatos-arquivos\\\/visio#primaryimage\"},\"image\":{\"@id\":\"https:\\\/\\\/www.trustedtranslations.com\\\/pt-br\\\/servicos\\\/formatos-arquivos\\\/visio#primaryimage\"},\"thumbnailUrl\":\"https:\\\/\\\/www.trustedtranslations.com\\\/wp-content\\\/uploads\\\/2024\\\/02\\\/tt-icon_Microsoft-Visio-Translat.webp\",\"description\":\"Os especialistas da Trusted Translations garantem que nenhum detalhe do seu projeto de tradu\u00e7\u00e3o de MS Visio seja ignorado, de um fluxograma simples a um diagrama de rede din\u00e2mico.\",\"breadcrumb\":{\"@id\":\"https:\\\/\\\/www.trustedtranslations.com\\\/pt-br\\\/servicos\\\/formatos-arquivos\\\/visio#breadcrumb\"},\"inLanguage\":\"pt-BR\",\"potentialAction\":[{\"@type\":\"ReadAction\",\"target\":[\"https:\\\/\\\/www.trustedtranslations.com\\\/pt-br\\\/servicos\\\/formatos-arquivos\\\/visio\"]}]},{\"@type\":\"ImageObject\",\"inLanguage\":\"pt-BR\",\"@id\":\"https:\\\/\\\/www.trustedtranslations.com\\\/pt-br\\\/servicos\\\/formatos-arquivos\\\/visio#primaryimage\",\"url\":\"https:\\\/\\\/www.trustedtranslations.com\\\/wp-content\\\/uploads\\\/2024\\\/02\\\/tt-icon_Microsoft-Visio-Translat.webp\",\"contentUrl\":\"https:\\\/\\\/www.trustedtranslations.com\\\/wp-content\\\/uploads\\\/2024\\\/02\\\/tt-icon_Microsoft-Visio-Translat.webp\",\"width\":151,\"height\":151,\"caption\":\"tt icon Microsoft Visio Translat\"},{\"@type\":\"BreadcrumbList\",\"@id\":\"https:\\\/\\\/www.trustedtranslations.com\\\/pt-br\\\/servicos\\\/formatos-arquivos\\\/visio#breadcrumb\",\"itemListElement\":[{\"@type\":\"ListItem\",\"position\":1,\"name\":\"Home\",\"item\":\"https:\\\/\\\/www.trustedtranslations.com\\\/pt-br\"},{\"@type\":\"ListItem\",\"position\":2,\"name\":\"Servi\u00e7os\",\"item\":\"https:\\\/\\\/www.trustedtranslations.com\\\/pt-br\\\/servicos\"},{\"@type\":\"ListItem\",\"position\":3,\"name\":\"Formatos de arquivo\",\"item\":\"https:\\\/\\\/www.trustedtranslations.com\\\/pt-br\\\/servicos\\\/formatos-arquivos\"},{\"@type\":\"ListItem\",\"position\":4,\"name\":\"Microsoft Visio\"}]},{\"@type\":\"WebSite\",\"@id\":\"https:\\\/\\\/www.trustedtranslations.com\\\/pt-br\\\/#website\",\"url\":\"https:\\\/\\\/www.trustedtranslations.com\\\/pt-br\\\/\",\"name\":\"Trusted Translations, Inc.\",\"description\":\"Leader in translation and interpretation services.\",\"publisher\":{\"@id\":\"https:\\\/\\\/www.trustedtranslations.com\\\/pt-br\\\/#organization\"},\"alternateName\":\"Trusted Translations\",\"potentialAction\":[{\"@type\":\"SearchAction\",\"target\":{\"@type\":\"EntryPoint\",\"urlTemplate\":\"https:\\\/\\\/www.trustedtranslations.com\\\/pt-br\\\/?s={search_term_string}\"},\"query-input\":{\"@type\":\"PropertyValueSpecification\",\"valueRequired\":true,\"valueName\":\"search_term_string\"}}],\"inLanguage\":\"pt-BR\"},{\"@type\":\"Organization\",\"@id\":\"https:\\\/\\\/www.trustedtranslations.com\\\/pt-br\\\/#organization\",\"name\":\"Trusted Translations\",\"alternateName\":\"Trusted Translations, Inc.\",\"url\":\"https:\\\/\\\/www.trustedtranslations.com\\\/pt-br\\\/\",\"logo\":{\"@type\":\"ImageObject\",\"inLanguage\":\"pt-BR\",\"@id\":\"https:\\\/\\\/www.trustedtranslations.com\\\/pt-br\\\/#\\\/schema\\\/logo\\\/image\\\/\",\"url\":\"https:\\\/\\\/static.trustedtranslations.com\\\/wp-content\\\/uploads\\\/2022\\\/01\\\/TT_logo_WSIColors-2.png\",\"contentUrl\":\"https:\\\/\\\/static.trustedtranslations.com\\\/wp-content\\\/uploads\\\/2022\\\/01\\\/TT_logo_WSIColors-2.png\",\"width\":500,\"height\":196,\"caption\":\"Trusted Translations\"},\"image\":{\"@id\":\"https:\\\/\\\/www.trustedtranslations.com\\\/pt-br\\\/#\\\/schema\\\/logo\\\/image\\\/\"},\"sameAs\":[\"https:\\\/\\\/www.facebook.com\\\/Trusted.Translations\",\"https:\\\/\\\/x.com\\\/TrustedT9ns\",\"https:\\\/\\\/www.linkedin.com\\\/company\\\/trusted-translations\"]}]}<\/script>\n<!-- \/ Yoast SEO plugin. -->","yoast_head_json":{"title":"Servi\u00e7os de tradu\u00e7\u00e3o do Microsoft Visio - Trusted Translations, Inc.","description":"Os especialistas da Trusted Translations garantem que nenhum detalhe do seu projeto de tradu\u00e7\u00e3o de MS Visio seja ignorado, de um fluxograma simples a um diagrama de rede din\u00e2mico.","robots":{"index":"index","follow":"follow","max-snippet":"max-snippet:-1","max-image-preview":"max-image-preview:large","max-video-preview":"max-video-preview:-1"},"canonical":"https:\/\/www.trustedtranslations.com\/pt-br\/servicos\/formatos-arquivos\/visio","og_locale":"pt_BR","og_type":"article","og_title":"Servi\u00e7os de tradu\u00e7\u00e3o do Microsoft Visio - Trusted Translations, Inc.","og_description":"Os especialistas da Trusted Translations garantem que nenhum detalhe do seu projeto de tradu\u00e7\u00e3o de MS Visio seja ignorado, de um fluxograma simples a um diagrama de rede din\u00e2mico.","og_url":"https:\/\/www.trustedtranslations.com\/pt-br\/servicos\/formatos-arquivos\/visio","og_site_name":"Trusted Translations, Inc.","article_publisher":"https:\/\/www.facebook.com\/Trusted.Translations","article_modified_time":"2024-09-02T21:36:23+00:00","og_image":[{"width":151,"height":151,"url":"https:\/\/static.trustedtranslations.com\/wp-content\/uploads\/2024\/02\/tt-icon_Microsoft-Visio-Translat.webp","type":"image\/webp"}],"twitter_card":"summary_large_image","twitter_site":"@TrustedT9ns","schema":{"@context":"https:\/\/schema.org","@graph":[{"@type":"WebPage","@id":"https:\/\/www.trustedtranslations.com\/pt-br\/servicos\/formatos-arquivos\/visio","url":"https:\/\/www.trustedtranslations.com\/pt-br\/servicos\/formatos-arquivos\/visio","name":"Servi\u00e7os de tradu\u00e7\u00e3o do Microsoft Visio - Trusted Translations, Inc.","isPartOf":{"@id":"https:\/\/www.trustedtranslations.com\/pt-br\/#website"},"primaryImageOfPage":{"@id":"https:\/\/www.trustedtranslations.com\/pt-br\/servicos\/formatos-arquivos\/visio#primaryimage"},"image":{"@id":"https:\/\/www.trustedtranslations.com\/pt-br\/servicos\/formatos-arquivos\/visio#primaryimage"},"thumbnailUrl":"https:\/\/www.trustedtranslations.com\/wp-content\/uploads\/2024\/02\/tt-icon_Microsoft-Visio-Translat.webp","description":"Os especialistas da Trusted Translations garantem que nenhum detalhe do seu projeto de tradu\u00e7\u00e3o de MS Visio seja ignorado, de um fluxograma simples a um diagrama de rede din\u00e2mico.","breadcrumb":{"@id":"https:\/\/www.trustedtranslations.com\/pt-br\/servicos\/formatos-arquivos\/visio#breadcrumb"},"inLanguage":"pt-BR","potentialAction":[{"@type":"ReadAction","target":["https:\/\/www.trustedtranslations.com\/pt-br\/servicos\/formatos-arquivos\/visio"]}]},{"@type":"ImageObject","inLanguage":"pt-BR","@id":"https:\/\/www.trustedtranslations.com\/pt-br\/servicos\/formatos-arquivos\/visio#primaryimage","url":"https:\/\/www.trustedtranslations.com\/wp-content\/uploads\/2024\/02\/tt-icon_Microsoft-Visio-Translat.webp","contentUrl":"https:\/\/www.trustedtranslations.com\/wp-content\/uploads\/2024\/02\/tt-icon_Microsoft-Visio-Translat.webp","width":151,"height":151,"caption":"tt icon Microsoft Visio Translat"},{"@type":"BreadcrumbList","@id":"https:\/\/www.trustedtranslations.com\/pt-br\/servicos\/formatos-arquivos\/visio#breadcrumb","itemListElement":[{"@type":"ListItem","position":1,"name":"Home","item":"https:\/\/www.trustedtranslations.com\/pt-br"},{"@type":"ListItem","position":2,"name":"Servi\u00e7os","item":"https:\/\/www.trustedtranslations.com\/pt-br\/servicos"},{"@type":"ListItem","position":3,"name":"Formatos de arquivo","item":"https:\/\/www.trustedtranslations.com\/pt-br\/servicos\/formatos-arquivos"},{"@type":"ListItem","position":4,"name":"Microsoft Visio"}]},{"@type":"WebSite","@id":"https:\/\/www.trustedtranslations.com\/pt-br\/#website","url":"https:\/\/www.trustedtranslations.com\/pt-br\/","name":"Trusted Translations, Inc.","description":"Leader in translation and interpretation services.","publisher":{"@id":"https:\/\/www.trustedtranslations.com\/pt-br\/#organization"},"alternateName":"Trusted Translations","potentialAction":[{"@type":"SearchAction","target":{"@type":"EntryPoint","urlTemplate":"https:\/\/www.trustedtranslations.com\/pt-br\/?s={search_term_string}"},"query-input":{"@type":"PropertyValueSpecification","valueRequired":true,"valueName":"search_term_string"}}],"inLanguage":"pt-BR"},{"@type":"Organization","@id":"https:\/\/www.trustedtranslations.com\/pt-br\/#organization","name":"Trusted Translations","alternateName":"Trusted Translations, Inc.","url":"https:\/\/www.trustedtranslations.com\/pt-br\/","logo":{"@type":"ImageObject","inLanguage":"pt-BR","@id":"https:\/\/www.trustedtranslations.com\/pt-br\/#\/schema\/logo\/image\/","url":"https:\/\/static.trustedtranslations.com\/wp-content\/uploads\/2022\/01\/TT_logo_WSIColors-2.png","contentUrl":"https:\/\/static.trustedtranslations.com\/wp-content\/uploads\/2022\/01\/TT_logo_WSIColors-2.png","width":500,"height":196,"caption":"Trusted Translations"},"image":{"@id":"https:\/\/www.trustedtranslations.com\/pt-br\/#\/schema\/logo\/image\/"},"sameAs":["https:\/\/www.facebook.com\/Trusted.Translations","https:\/\/x.com\/TrustedT9ns","https:\/\/www.linkedin.com\/company\/trusted-translations"]}]}},"toolset-meta":{"dyk":{"mensaje-1":{"type":"textfield","raw":"A Trusted Translations trabalhar\u00e1 em conjunto com sua equipe de design, mediante solicita\u00e7\u00e3o."},"mensaje-2":{"type":"textfield","raw":"Os nossos tradutores ir\u00e3o traduzir e localizar seus projetos do Microsoft Visio."},"mensaje-3":{"type":"textfield","raw":"Fornecemos tradu\u00e7\u00f5es formatadas com habilidade, prontas para uso imediato."},"mensaje-4":{"type":"textfield","raw":"Traduzimos fluxogramas, cronogramas, plantas baixas, mapas 3D, diagramas de rede e muito mais."},"mensaje-5":{"type":"textfield","raw":""},"mensaje-6":{"type":"textfield","raw":""}},"single-page-template-fields":{"imgs-temp":{"type":"image","raw":["https:\/\/static.trustedtranslations.com\/wp-content\/uploads\/2024\/06\/visio-final-1-1.webp"],"repeatable":[{"raw":"https:\/\/static.trustedtranslations.com\/wp-content\/uploads\/2024\/06\/visio-final-1-1.webp"}]},"imgs-temp-cel":{"type":"image","raw":[""],"repeatable":[{"raw":""}]},"img-temp-one-cel":{"type":"image","raw":"https:\/\/static.trustedtranslations.com\/wp-content\/uploads\/2024\/03\/AdobeStock_385542563-2-1.webp","attachment_id":null},"quotes":{"type":"textarea","raw":"<h1 style=\"margin-bottom: 12px;\">Servi\u00e7os de tradu\u00e7\u00e3o do Microsoft Visio<\/h1>\r\nA equipe de especialistas da Trusted Translations\u2019 garante que todas as suas necessidades de tradu\u00e7\u00e3o de Microsoft Visio sejam atendidas com o mais alto n\u00edvel de qualidade e profissionalismo do setor. Esteja voc\u00ea \u00e0 procura de traduzir fluxogramas, cronogramas, plantas baixas, diagramas de mapa em 3D, diagramas de rede e muito mais, a Trusted Translations \u00e9 a sua solu\u00e7\u00e3o completa para um produto final habilmente traduzido e totalmente formatado.\r\n<div style=\"margin-top: 2.5vw;\"><a class=\"tt-btn-main-cta\" href=\"\/pt-br\/solicitud-orcamento\">SOLICITE UM OR\u00c7AMENTO GR\u00c1TIS<\/a><\/div>"},"text-1":{"type":"textarea","raw":"<h2>Servi\u00e7os completos de tradu\u00e7\u00e3o do MS Visio<\/h2>\r\nCuidamos de todos os aspectos do seu projeto de tradu\u00e7\u00e3o do MS Visio, para que voc\u00ea possa concentrar-se nas principais compet\u00eancias da sua empresa, e comprometemo-nos a entregar um documento traduzido pronto para uso imediato.\r\n<h2>Servi\u00e7os de tradu\u00e7\u00e3o para arquivos do Visio<\/h2>\r\nNa\u00a0<em>Trusted Translations<\/em>\u00a0entendemos que um documento do Microsoft Visio abrange muitos elementos din\u00e2micos que devem ser levados em conta durante o processo de tradu\u00e7\u00e3o. Se deseja traduzir qualquer coisa, desde um fluxograma simples at\u00e9 um diagrama de rede din\u00e2mico que vincule informa\u00e7\u00f5es ao vivo de uma fonte externa, a nossa equipe de especialistas garante que nenhum detalhe seja ignorado. Os nossos tradutores espec\u00edficos do setor garantem a tradu\u00e7\u00e3o e a localiza\u00e7\u00e3o mais precisas para seus projetos no Microsoft Visio, de forma que voc\u00ea transmita suas ideias da forma mais clara e precisa poss\u00edvel a um p\u00fablico mundial. Enquanto isso, os nossos diagramadores ajustar\u00e3o a formata\u00e7\u00e3o e o leiaute de maneira correta, para garantir um produto final da mais alta qualidade, pronto para uso imediato."},"shortcode-map":{"type":"textfield","raw":""},"dyk-shortcode":{"type":"textfield","raw":"[elementor-template id=\"147273\"]"},"text-2":{"type":"textarea","raw":"<h2>Editora\u00e7\u00e3o eletr\u00f4nica (DTP) para tradu\u00e7\u00f5es de Microsoft Visio<\/h2>\r\nNum formato como o Visio, que depende muito do seu componente visual, a editora\u00e7\u00e3o eletr\u00f4nica \u00e9 um passo fundamental na cria\u00e7\u00e3o de um documento traduzido profissionalmente, que tamb\u00e9m seja transparente e polido em seu design. Os nossos diagramadores especializados garantir\u00e3o que todo o texto do idioma de origem se encaixe perfeitamente no leiaute do documento e far\u00e3o com que pare\u00e7a o mais pr\u00f3ximo poss\u00edvel do original. A nossa equipe concluir\u00e1 todos os projetos com o mais alto n\u00edvel de conhecimento, seja uma planta baixa, um mapa 3D, um fluxograma ou um diagrama din\u00e2mico que incorpore informa\u00e7\u00f5es ao vivo, de uma fonte como uma planilha do Excel ou uma base de dados do Access. Al\u00e9m disso, trabalharemos ao lado da sua equipe de design, mediante solicita\u00e7\u00e3o. A\u00a0<em>Trusted Translations<\/em>\u00a0\u00e9 a solu\u00e7\u00e3o completa para todas as suas necessidades de tradu\u00e7\u00e3o do Microsoft Visio, e voc\u00ea pode acreditar que forneceremos um produto final de primeira linha, pronto para uso imediato."},"state":{"type":"textfield","raw":""},"city":{"type":"textarea","raw":[]}}},"_links":{"self":[{"href":"https:\/\/www.trustedtranslations.com\/pt-br\/wp-json\/wp\/v2\/pages\/134990","targetHints":{"allow":["GET"]}}],"collection":[{"href":"https:\/\/www.trustedtranslations.com\/pt-br\/wp-json\/wp\/v2\/pages"}],"about":[{"href":"https:\/\/www.trustedtranslations.com\/pt-br\/wp-json\/wp\/v2\/types\/page"}],"author":[{"embeddable":true,"href":"https:\/\/www.trustedtranslations.com\/pt-br\/wp-json\/wp\/v2\/users\/1"}],"replies":[{"embeddable":true,"href":"https:\/\/www.trustedtranslations.com\/pt-br\/wp-json\/wp\/v2\/comments?post=134990"}],"version-history":[{"count":0,"href":"https:\/\/www.trustedtranslations.com\/pt-br\/wp-json\/wp\/v2\/pages\/134990\/revisions"}],"up":[{"embeddable":true,"href":"https:\/\/www.trustedtranslations.com\/pt-br\/wp-json\/wp\/v2\/pages\/135015"}],"wp:featuredmedia":[{"embeddable":true,"href":"https:\/\/www.trustedtranslations.com\/pt-br\/wp-json\/wp\/v2\/media\/238151"}],"wp:attachment":[{"href":"https:\/\/www.trustedtranslations.com\/pt-br\/wp-json\/wp\/v2\/media?parent=134990"}],"curies":[{"name":"wp","href":"https:\/\/api.w.org\/{rel}","templated":true}]}}