{"id":134995,"date":"2018-11-13T18:59:10","date_gmt":"2018-11-13T18:59:10","guid":{"rendered":"https:\/\/www.trustedtranslations.com\/?page_id=134995"},"modified":"2024-09-06T12:50:19","modified_gmt":"2024-09-06T15:50:19","slug":"powerpoint","status":"publish","type":"page","link":"https:\/\/www.trustedtranslations.com\/pt-br\/servicos\/formatos-arquivos\/powerpoint","title":{"rendered":"Microsoft PowerPoint"},"content":{"rendered":"","protected":false},"excerpt":{"rendered":"","protected":false},"author":1,"featured_media":238099,"parent":135015,"menu_order":5,"comment_status":"closed","ping_status":"closed","template":"","meta":{"site-sidebar-layout":"default","site-content-layout":"default","ast-site-content-layout":"default","site-content-style":"default","site-sidebar-style":"default","ast-global-header-display":"","ast-banner-title-visibility":"","ast-main-header-display":"","ast-hfb-above-header-display":"","ast-hfb-below-header-display":"","ast-hfb-mobile-header-display":"","site-post-title":"disabled","ast-breadcrumbs-content":"","ast-featured-img":"","footer-sml-layout":"","ast-disable-related-posts":"","theme-transparent-header-meta":"default","adv-header-id-meta":"","stick-header-meta":"","header-above-stick-meta":"","header-main-stick-meta":"","header-below-stick-meta":"","astra-migrate-meta-layouts":"set","ast-page-background-enabled":"default","ast-page-background-meta":{"desktop":{"background-color":"var(--ast-global-color-4)","background-image":"","background-repeat":"repeat","background-position":"center center","background-size":"auto","background-attachment":"scroll","background-type":"","background-media":"","overlay-type":"","overlay-color":"","overlay-opacity":"","overlay-gradient":""},"tablet":{"background-color":"","background-image":"","background-repeat":"repeat","background-position":"center center","background-size":"auto","background-attachment":"scroll","background-type":"","background-media":"","overlay-type":"","overlay-color":"","overlay-opacity":"","overlay-gradient":""},"mobile":{"background-color":"","background-image":"","background-repeat":"repeat","background-position":"center center","background-size":"auto","background-attachment":"scroll","background-type":"","background-media":"","overlay-type":"","overlay-color":"","overlay-opacity":"","overlay-gradient":""}},"ast-content-background-meta":{"desktop":{"background-color":"var(--ast-global-color-5)","background-image":"","background-repeat":"repeat","background-position":"center center","background-size":"auto","background-attachment":"scroll","background-type":"","background-media":"","overlay-type":"","overlay-color":"","overlay-opacity":"","overlay-gradient":""},"tablet":{"background-color":"var(--ast-global-color-5)","background-image":"","background-repeat":"repeat","background-position":"center center","background-size":"auto","background-attachment":"scroll","background-type":"","background-media":"","overlay-type":"","overlay-color":"","overlay-opacity":"","overlay-gradient":""},"mobile":{"background-color":"var(--ast-global-color-5)","background-image":"","background-repeat":"repeat","background-position":"center center","background-size":"auto","background-attachment":"scroll","background-type":"","background-media":"","overlay-type":"","overlay-color":"","overlay-opacity":"","overlay-gradient":""}},"footnotes":""},"class_list":["post-134995","page","type-page","status-publish","has-post-thumbnail","hentry"],"yoast_head":"<!-- This site is optimized with the Yoast SEO plugin v27.3 - https:\/\/yoast.com\/product\/yoast-seo-wordpress\/ -->\n<title>Servi\u00e7os de tradu\u00e7\u00e3o do PowerPoint - Trusted Translations, Inc.<\/title>\n<meta name=\"description\" content=\"Escolha a Trusted Translations para tradu\u00e7\u00f5es precisas e adequadas do PowerPoint feitas por especialistas nativos. Solicite um or\u00e7amento gratuito hoje mesmo.\" \/>\n<meta name=\"robots\" content=\"index, follow, max-snippet:-1, max-image-preview:large, max-video-preview:-1\" \/>\n<link rel=\"canonical\" href=\"https:\/\/www.trustedtranslations.com\/pt-br\/servicos\/formatos-arquivos\/powerpoint\" \/>\n<meta property=\"og:locale\" content=\"pt_BR\" \/>\n<meta property=\"og:type\" content=\"article\" \/>\n<meta property=\"og:title\" content=\"Servi\u00e7os de tradu\u00e7\u00e3o do PowerPoint - Trusted Translations, Inc.\" \/>\n<meta property=\"og:description\" content=\"Escolha a Trusted Translations para tradu\u00e7\u00f5es precisas e adequadas do PowerPoint feitas por especialistas nativos. Solicite um or\u00e7amento gratuito hoje mesmo.\" \/>\n<meta property=\"og:url\" content=\"https:\/\/www.trustedtranslations.com\/pt-br\/servicos\/formatos-arquivos\/powerpoint\" \/>\n<meta property=\"og:site_name\" content=\"Trusted Translations, Inc.\" \/>\n<meta property=\"article:publisher\" content=\"https:\/\/www.facebook.com\/Trusted.Translations\" \/>\n<meta property=\"article:modified_time\" content=\"2024-09-06T15:50:19+00:00\" \/>\n<meta property=\"og:image\" content=\"https:\/\/static.trustedtranslations.com\/wp-content\/uploads\/2024\/02\/tt-icon_Microsoft-PowerPoint.webp\" \/>\n\t<meta property=\"og:image:width\" content=\"151\" \/>\n\t<meta property=\"og:image:height\" content=\"151\" \/>\n\t<meta property=\"og:image:type\" content=\"image\/webp\" \/>\n<meta name=\"twitter:card\" content=\"summary_large_image\" \/>\n<meta name=\"twitter:site\" content=\"@TrustedT9ns\" \/>\n<script type=\"application\/ld+json\" class=\"yoast-schema-graph\">{\"@context\":\"https:\\\/\\\/schema.org\",\"@graph\":[{\"@type\":\"WebPage\",\"@id\":\"https:\\\/\\\/www.trustedtranslations.com\\\/pt-br\\\/servicos\\\/formatos-arquivos\\\/powerpoint\",\"url\":\"https:\\\/\\\/www.trustedtranslations.com\\\/pt-br\\\/servicos\\\/formatos-arquivos\\\/powerpoint\",\"name\":\"Servi\u00e7os de tradu\u00e7\u00e3o do PowerPoint - Trusted Translations, Inc.\",\"isPartOf\":{\"@id\":\"https:\\\/\\\/www.trustedtranslations.com\\\/pt-br\\\/#website\"},\"primaryImageOfPage\":{\"@id\":\"https:\\\/\\\/www.trustedtranslations.com\\\/pt-br\\\/servicos\\\/formatos-arquivos\\\/powerpoint#primaryimage\"},\"image\":{\"@id\":\"https:\\\/\\\/www.trustedtranslations.com\\\/pt-br\\\/servicos\\\/formatos-arquivos\\\/powerpoint#primaryimage\"},\"thumbnailUrl\":\"https:\\\/\\\/www.trustedtranslations.com\\\/wp-content\\\/uploads\\\/2024\\\/02\\\/tt-icon_Microsoft-PowerPoint.webp\",\"description\":\"Escolha a Trusted Translations para tradu\u00e7\u00f5es precisas e adequadas do PowerPoint feitas por especialistas nativos. Solicite um or\u00e7amento gratuito hoje mesmo.\",\"breadcrumb\":{\"@id\":\"https:\\\/\\\/www.trustedtranslations.com\\\/pt-br\\\/servicos\\\/formatos-arquivos\\\/powerpoint#breadcrumb\"},\"inLanguage\":\"pt-BR\",\"potentialAction\":[{\"@type\":\"ReadAction\",\"target\":[\"https:\\\/\\\/www.trustedtranslations.com\\\/pt-br\\\/servicos\\\/formatos-arquivos\\\/powerpoint\"]}]},{\"@type\":\"ImageObject\",\"inLanguage\":\"pt-BR\",\"@id\":\"https:\\\/\\\/www.trustedtranslations.com\\\/pt-br\\\/servicos\\\/formatos-arquivos\\\/powerpoint#primaryimage\",\"url\":\"https:\\\/\\\/www.trustedtranslations.com\\\/wp-content\\\/uploads\\\/2024\\\/02\\\/tt-icon_Microsoft-PowerPoint.webp\",\"contentUrl\":\"https:\\\/\\\/www.trustedtranslations.com\\\/wp-content\\\/uploads\\\/2024\\\/02\\\/tt-icon_Microsoft-PowerPoint.webp\",\"width\":151,\"height\":151,\"caption\":\"tt icon Microsoft PowerPoint\"},{\"@type\":\"BreadcrumbList\",\"@id\":\"https:\\\/\\\/www.trustedtranslations.com\\\/pt-br\\\/servicos\\\/formatos-arquivos\\\/powerpoint#breadcrumb\",\"itemListElement\":[{\"@type\":\"ListItem\",\"position\":1,\"name\":\"Home\",\"item\":\"https:\\\/\\\/www.trustedtranslations.com\\\/pt-br\"},{\"@type\":\"ListItem\",\"position\":2,\"name\":\"Servi\u00e7os\",\"item\":\"https:\\\/\\\/www.trustedtranslations.com\\\/pt-br\\\/servicos\"},{\"@type\":\"ListItem\",\"position\":3,\"name\":\"Formatos de arquivo\",\"item\":\"https:\\\/\\\/www.trustedtranslations.com\\\/pt-br\\\/servicos\\\/formatos-arquivos\"},{\"@type\":\"ListItem\",\"position\":4,\"name\":\"Microsoft PowerPoint\"}]},{\"@type\":\"WebSite\",\"@id\":\"https:\\\/\\\/www.trustedtranslations.com\\\/pt-br\\\/#website\",\"url\":\"https:\\\/\\\/www.trustedtranslations.com\\\/pt-br\\\/\",\"name\":\"Trusted Translations, Inc.\",\"description\":\"Leader in translation and interpretation services.\",\"publisher\":{\"@id\":\"https:\\\/\\\/www.trustedtranslations.com\\\/pt-br\\\/#organization\"},\"alternateName\":\"Trusted Translations\",\"potentialAction\":[{\"@type\":\"SearchAction\",\"target\":{\"@type\":\"EntryPoint\",\"urlTemplate\":\"https:\\\/\\\/www.trustedtranslations.com\\\/pt-br\\\/?s={search_term_string}\"},\"query-input\":{\"@type\":\"PropertyValueSpecification\",\"valueRequired\":true,\"valueName\":\"search_term_string\"}}],\"inLanguage\":\"pt-BR\"},{\"@type\":\"Organization\",\"@id\":\"https:\\\/\\\/www.trustedtranslations.com\\\/pt-br\\\/#organization\",\"name\":\"Trusted Translations\",\"alternateName\":\"Trusted Translations, Inc.\",\"url\":\"https:\\\/\\\/www.trustedtranslations.com\\\/pt-br\\\/\",\"logo\":{\"@type\":\"ImageObject\",\"inLanguage\":\"pt-BR\",\"@id\":\"https:\\\/\\\/www.trustedtranslations.com\\\/pt-br\\\/#\\\/schema\\\/logo\\\/image\\\/\",\"url\":\"https:\\\/\\\/static.trustedtranslations.com\\\/wp-content\\\/uploads\\\/2022\\\/01\\\/TT_logo_WSIColors-2.png\",\"contentUrl\":\"https:\\\/\\\/static.trustedtranslations.com\\\/wp-content\\\/uploads\\\/2022\\\/01\\\/TT_logo_WSIColors-2.png\",\"width\":500,\"height\":196,\"caption\":\"Trusted Translations\"},\"image\":{\"@id\":\"https:\\\/\\\/www.trustedtranslations.com\\\/pt-br\\\/#\\\/schema\\\/logo\\\/image\\\/\"},\"sameAs\":[\"https:\\\/\\\/www.facebook.com\\\/Trusted.Translations\",\"https:\\\/\\\/x.com\\\/TrustedT9ns\",\"https:\\\/\\\/www.linkedin.com\\\/company\\\/trusted-translations\"]}]}<\/script>\n<!-- \/ Yoast SEO plugin. -->","yoast_head_json":{"title":"Servi\u00e7os de tradu\u00e7\u00e3o do PowerPoint - Trusted Translations, Inc.","description":"Escolha a Trusted Translations para tradu\u00e7\u00f5es precisas e adequadas do PowerPoint feitas por especialistas nativos. Solicite um or\u00e7amento gratuito hoje mesmo.","robots":{"index":"index","follow":"follow","max-snippet":"max-snippet:-1","max-image-preview":"max-image-preview:large","max-video-preview":"max-video-preview:-1"},"canonical":"https:\/\/www.trustedtranslations.com\/pt-br\/servicos\/formatos-arquivos\/powerpoint","og_locale":"pt_BR","og_type":"article","og_title":"Servi\u00e7os de tradu\u00e7\u00e3o do PowerPoint - Trusted Translations, Inc.","og_description":"Escolha a Trusted Translations para tradu\u00e7\u00f5es precisas e adequadas do PowerPoint feitas por especialistas nativos. Solicite um or\u00e7amento gratuito hoje mesmo.","og_url":"https:\/\/www.trustedtranslations.com\/pt-br\/servicos\/formatos-arquivos\/powerpoint","og_site_name":"Trusted Translations, Inc.","article_publisher":"https:\/\/www.facebook.com\/Trusted.Translations","article_modified_time":"2024-09-06T15:50:19+00:00","og_image":[{"width":151,"height":151,"url":"https:\/\/static.trustedtranslations.com\/wp-content\/uploads\/2024\/02\/tt-icon_Microsoft-PowerPoint.webp","type":"image\/webp"}],"twitter_card":"summary_large_image","twitter_site":"@TrustedT9ns","schema":{"@context":"https:\/\/schema.org","@graph":[{"@type":"WebPage","@id":"https:\/\/www.trustedtranslations.com\/pt-br\/servicos\/formatos-arquivos\/powerpoint","url":"https:\/\/www.trustedtranslations.com\/pt-br\/servicos\/formatos-arquivos\/powerpoint","name":"Servi\u00e7os de tradu\u00e7\u00e3o do PowerPoint - Trusted Translations, Inc.","isPartOf":{"@id":"https:\/\/www.trustedtranslations.com\/pt-br\/#website"},"primaryImageOfPage":{"@id":"https:\/\/www.trustedtranslations.com\/pt-br\/servicos\/formatos-arquivos\/powerpoint#primaryimage"},"image":{"@id":"https:\/\/www.trustedtranslations.com\/pt-br\/servicos\/formatos-arquivos\/powerpoint#primaryimage"},"thumbnailUrl":"https:\/\/www.trustedtranslations.com\/wp-content\/uploads\/2024\/02\/tt-icon_Microsoft-PowerPoint.webp","description":"Escolha a Trusted Translations para tradu\u00e7\u00f5es precisas e adequadas do PowerPoint feitas por especialistas nativos. Solicite um or\u00e7amento gratuito hoje mesmo.","breadcrumb":{"@id":"https:\/\/www.trustedtranslations.com\/pt-br\/servicos\/formatos-arquivos\/powerpoint#breadcrumb"},"inLanguage":"pt-BR","potentialAction":[{"@type":"ReadAction","target":["https:\/\/www.trustedtranslations.com\/pt-br\/servicos\/formatos-arquivos\/powerpoint"]}]},{"@type":"ImageObject","inLanguage":"pt-BR","@id":"https:\/\/www.trustedtranslations.com\/pt-br\/servicos\/formatos-arquivos\/powerpoint#primaryimage","url":"https:\/\/www.trustedtranslations.com\/wp-content\/uploads\/2024\/02\/tt-icon_Microsoft-PowerPoint.webp","contentUrl":"https:\/\/www.trustedtranslations.com\/wp-content\/uploads\/2024\/02\/tt-icon_Microsoft-PowerPoint.webp","width":151,"height":151,"caption":"tt icon Microsoft PowerPoint"},{"@type":"BreadcrumbList","@id":"https:\/\/www.trustedtranslations.com\/pt-br\/servicos\/formatos-arquivos\/powerpoint#breadcrumb","itemListElement":[{"@type":"ListItem","position":1,"name":"Home","item":"https:\/\/www.trustedtranslations.com\/pt-br"},{"@type":"ListItem","position":2,"name":"Servi\u00e7os","item":"https:\/\/www.trustedtranslations.com\/pt-br\/servicos"},{"@type":"ListItem","position":3,"name":"Formatos de arquivo","item":"https:\/\/www.trustedtranslations.com\/pt-br\/servicos\/formatos-arquivos"},{"@type":"ListItem","position":4,"name":"Microsoft PowerPoint"}]},{"@type":"WebSite","@id":"https:\/\/www.trustedtranslations.com\/pt-br\/#website","url":"https:\/\/www.trustedtranslations.com\/pt-br\/","name":"Trusted Translations, Inc.","description":"Leader in translation and interpretation services.","publisher":{"@id":"https:\/\/www.trustedtranslations.com\/pt-br\/#organization"},"alternateName":"Trusted Translations","potentialAction":[{"@type":"SearchAction","target":{"@type":"EntryPoint","urlTemplate":"https:\/\/www.trustedtranslations.com\/pt-br\/?s={search_term_string}"},"query-input":{"@type":"PropertyValueSpecification","valueRequired":true,"valueName":"search_term_string"}}],"inLanguage":"pt-BR"},{"@type":"Organization","@id":"https:\/\/www.trustedtranslations.com\/pt-br\/#organization","name":"Trusted Translations","alternateName":"Trusted Translations, Inc.","url":"https:\/\/www.trustedtranslations.com\/pt-br\/","logo":{"@type":"ImageObject","inLanguage":"pt-BR","@id":"https:\/\/www.trustedtranslations.com\/pt-br\/#\/schema\/logo\/image\/","url":"https:\/\/static.trustedtranslations.com\/wp-content\/uploads\/2022\/01\/TT_logo_WSIColors-2.png","contentUrl":"https:\/\/static.trustedtranslations.com\/wp-content\/uploads\/2022\/01\/TT_logo_WSIColors-2.png","width":500,"height":196,"caption":"Trusted Translations"},"image":{"@id":"https:\/\/www.trustedtranslations.com\/pt-br\/#\/schema\/logo\/image\/"},"sameAs":["https:\/\/www.facebook.com\/Trusted.Translations","https:\/\/x.com\/TrustedT9ns","https:\/\/www.linkedin.com\/company\/trusted-translations"]}]}},"toolset-meta":{"dyk":{"mensaje-1":{"type":"textfield","raw":"Fornecemos tradu\u00e7\u00f5es de PowerPoint que s\u00e3o consistentes com o leiaute original."},"mensaje-2":{"type":"textfield","raw":"Fornecemos apresenta\u00e7\u00f5es multil\u00edngues do PowerPoint em mais de 200 idiomas."},"mensaje-3":{"type":"textfield","raw":"Traduzimos e localizamos suas apresenta\u00e7\u00f5es de PowerPoint para p\u00fablicos espec\u00edficos."},"mensaje-4":{"type":"textfield","raw":"Garantimos que todas as imagens incorporadas se pare\u00e7am com o PowerPoint original."},"mensaje-5":{"type":"textfield","raw":""},"mensaje-6":{"type":"textfield","raw":""}},"single-page-template-fields":{"imgs-temp":{"type":"image","raw":["https:\/\/static.trustedtranslations.com\/wp-content\/uploads\/2024\/06\/powerpoint-1.webp"],"repeatable":[{"raw":"https:\/\/static.trustedtranslations.com\/wp-content\/uploads\/2024\/06\/powerpoint-1.webp"}]},"imgs-temp-cel":{"type":"image","raw":[""],"repeatable":[{"raw":""}]},"img-temp-one-cel":{"type":"image","raw":"https:\/\/static.trustedtranslations.com\/wp-content\/uploads\/2024\/06\/ppt-1.webp","attachment_id":null},"quotes":{"type":"textarea","raw":"<h1 style=\"margin-bottom: 12px;\">\u00a0Servi\u00e7os de tradu\u00e7\u00e3o de Microsoft PowerPoint<\/h1>\r\nQuando se trata de apresenta\u00e7\u00f5es profissionais, o PowerPoint tem sido, h\u00e1 muito tempo, um dos programas mais utilizados e impactantes \u00e0 disposi\u00e7\u00e3o. Com a crescente integra\u00e7\u00e3o de mais m\u00eddia e elementos de apresenta\u00e7\u00e3o incorporados, a tradu\u00e7\u00e3o de apresenta\u00e7\u00f5es pode ser bastante complexa. A <em><em><em>Trusted Translations<\/em><\/em><\/em> \u00e9 altamente proficiente neste formato popular e ir\u00e1 fornecer um arquivo PowerPoint traduzido que corresponde \u00e0 formata\u00e7\u00e3o e funcionalidade do documento original.\r\n<div style=\"margin-top: 2.5vw;\"><a class=\"tt-btn-main-cta\" href=\"\/pt-br\/solicitud-orcamento\">SOLICITE UM OR\u00c7AMENTO GR\u00c1TIS<\/a><\/div>"},"text-1":{"type":"textarea","raw":"<h2>Detalhes de tradu\u00e7\u00f5es do PowerPoint<\/h2>\r\nOs arquivos PowerPoint evolu\u00edram e incluem m\u00eddia e design mais elaborados. Sendo assim, h\u00e1 muitos mais fatores para levar em considera\u00e7\u00e3o al\u00e9m do texto do documento, como imagens integradas, caixas de texto com tamanhos espec\u00edficos, tabelas do Excel e anota\u00e7\u00f5es pessoais no rodap\u00e9 de cada slide, que n\u00e3o aparecem na apresenta\u00e7\u00e3o final.\r\nA Trusted Translations leva todos esses detalhes em considera\u00e7\u00e3o ao traduzir um documento do PowerPoint e certifica-se de que o produto final entregue esteja limpo, polido e consistente com o leiaute do documento de origem.\r\n<h2>Editora\u00e7\u00e3o eletr\u00f4nica (DTP) para apresenta\u00e7\u00f5es de PowerPoint<\/h2>\r\n<img class=\"wp-image-134419 alignleft\" src=\"https:\/\/static.trustedtranslations.com\/wp-content\/uploads\/2022\/03\/ppt-1-300x200.jpg\" alt=\"\" width=\"500\" height=\"333\" \/>\r\n\r\nUma apresenta\u00e7\u00e3o do PowerPoint \u00e9, por natureza, um documento muito visual, que pode variar de maneira significativa com base no design gr\u00e1fico e na posi\u00e7\u00e3o e tamanho do texto. Os arquivos PowerPoint traduzidos quase sempre exigir\u00e3o editora\u00e7\u00e3o eletr\u00f4nica, um processo no qual o design \u00e9 modificado para receber o texto traduzido. Por exemplo, um texto traduzido do ingl\u00eas para o espanhol normalmente cont\u00e9m 20% mais palavras para transmitir o mesmo significado. Esse texto \u201cexpandido\u201d pode n\u00e3o caber t\u00e3o bem na caixa de texto quanto o original. A equipe interna especializada de editora\u00e7\u00e3o eletr\u00f4nica da <em><em><em>Trusted Translations<\/em><\/em><\/em> garantir\u00e1 que o texto de destino se encaixe na caixa de texto de uma maneira natural e organizada.\r\n\r\nA nossa equipe de editora\u00e7\u00e3o eletr\u00f4nica tamb\u00e9m se certificar\u00e1 de que as suas imagens integradas fiquem intactas e se encaixem dentro da moldura dos slides do PowerPoint, juntamente com qualquer outro conte\u00fado. A equipe de DTP da <em><em><em>Trusted Translations<\/em><\/em><\/em> adotar\u00e1, inclusive, a etapa adicional de traduzir qualquer texto dentro de imagens integradas e as deixar\u00e1 como as imagens originais. Este trabalho extra economizar\u00e1 seu tempo, pois nossa entrega ser\u00e1 um produto final pronto para apresenta\u00e7\u00e3o."},"shortcode-map":{"type":"textfield","raw":""},"dyk-shortcode":{"type":"textfield","raw":"[elementor-template id=\"147273\"]"},"text-2":{"type":"textarea","raw":"<h2>Traduzir PowerPoint para um p\u00fablico espec\u00edfico<\/h2>\r\n<img class=\"wp-image-134431 alignright\" src=\"https:\/\/static.trustedtranslations.com\/wp-content\/uploads\/2022\/03\/ppt-300x200.jpg\" alt=\"\" width=\"500\" height=\"334\" \/>\r\n\r\nNa Trusted Translations, entendemos a import\u00e2ncia de conhecer o seu p\u00fablico e de adaptar os seus servi\u00e7os para explicar as diferen\u00e7as em mercados espec\u00edficos. \u00c9 por isso que oferecemos as apresenta\u00e7\u00f5es de PowerPoint traduzidas com mais precis\u00e3o e tamb\u00e9m adaptadas a p\u00fablicos espec\u00edficos. Trabalhamos com tradutores que n\u00e3o s\u00f3 s\u00e3o especialistas em setores espec\u00edficos, mas que tamb\u00e9m s\u00e3o especialistas em tradu\u00e7\u00f5es localizadas.\r\n\r\nQuando voc\u00ea solicita uma tradu\u00e7\u00e3o espec\u00edfica para um p\u00fablico, a Trusted Translations lhe fornecer\u00e1 a tradu\u00e7\u00e3o de apresenta\u00e7\u00e3o de PowerPoint com a mais alta qualidade no setor. Quando voc\u00ea escolhe a Trusted Translations para traduzir a sua apresenta\u00e7\u00e3o de PowerPoint, voc\u00ea n\u00e3o s\u00f3 receber\u00e1 a tradu\u00e7\u00e3o profissional da mais alta qualidade, mas tamb\u00e9m um produto final consistente com o leiaute original e imediatamente pronto para uso."},"state":{"type":"textfield","raw":""},"city":{"type":"textarea","raw":[]}}},"_links":{"self":[{"href":"https:\/\/www.trustedtranslations.com\/pt-br\/wp-json\/wp\/v2\/pages\/134995","targetHints":{"allow":["GET"]}}],"collection":[{"href":"https:\/\/www.trustedtranslations.com\/pt-br\/wp-json\/wp\/v2\/pages"}],"about":[{"href":"https:\/\/www.trustedtranslations.com\/pt-br\/wp-json\/wp\/v2\/types\/page"}],"author":[{"embeddable":true,"href":"https:\/\/www.trustedtranslations.com\/pt-br\/wp-json\/wp\/v2\/users\/1"}],"replies":[{"embeddable":true,"href":"https:\/\/www.trustedtranslations.com\/pt-br\/wp-json\/wp\/v2\/comments?post=134995"}],"version-history":[{"count":0,"href":"https:\/\/www.trustedtranslations.com\/pt-br\/wp-json\/wp\/v2\/pages\/134995\/revisions"}],"up":[{"embeddable":true,"href":"https:\/\/www.trustedtranslations.com\/pt-br\/wp-json\/wp\/v2\/pages\/135015"}],"wp:featuredmedia":[{"embeddable":true,"href":"https:\/\/www.trustedtranslations.com\/pt-br\/wp-json\/wp\/v2\/media\/238099"}],"wp:attachment":[{"href":"https:\/\/www.trustedtranslations.com\/pt-br\/wp-json\/wp\/v2\/media?parent=134995"}],"curies":[{"name":"wp","href":"https:\/\/api.w.org\/{rel}","templated":true}]}}