{"id":135002,"date":"2018-11-13T18:07:36","date_gmt":"2018-11-13T18:07:36","guid":{"rendered":"https:\/\/www.trustedtranslations.com\/?page_id=135002"},"modified":"2024-09-02T18:33:44","modified_gmt":"2024-09-02T21:33:44","slug":"imagens","status":"publish","type":"page","link":"https:\/\/www.trustedtranslations.com\/pt-br\/servicos\/formatos-arquivos\/imagens","title":{"rendered":"Ilustra\u00e7\u00f5es e imagens"},"content":{"rendered":"","protected":false},"excerpt":{"rendered":"","protected":false},"author":1,"featured_media":238227,"parent":135015,"menu_order":11,"comment_status":"closed","ping_status":"closed","template":"","meta":{"site-sidebar-layout":"default","site-content-layout":"default","ast-site-content-layout":"default","site-content-style":"default","site-sidebar-style":"default","ast-global-header-display":"","ast-banner-title-visibility":"","ast-main-header-display":"","ast-hfb-above-header-display":"","ast-hfb-below-header-display":"","ast-hfb-mobile-header-display":"","site-post-title":"disabled","ast-breadcrumbs-content":"","ast-featured-img":"","footer-sml-layout":"","ast-disable-related-posts":"","theme-transparent-header-meta":"default","adv-header-id-meta":"","stick-header-meta":"","header-above-stick-meta":"","header-main-stick-meta":"","header-below-stick-meta":"","astra-migrate-meta-layouts":"set","ast-page-background-enabled":"default","ast-page-background-meta":{"desktop":{"background-color":"var(--ast-global-color-4)","background-image":"","background-repeat":"repeat","background-position":"center center","background-size":"auto","background-attachment":"scroll","background-type":"","background-media":"","overlay-type":"","overlay-color":"","overlay-opacity":"","overlay-gradient":""},"tablet":{"background-color":"","background-image":"","background-repeat":"repeat","background-position":"center center","background-size":"auto","background-attachment":"scroll","background-type":"","background-media":"","overlay-type":"","overlay-color":"","overlay-opacity":"","overlay-gradient":""},"mobile":{"background-color":"","background-image":"","background-repeat":"repeat","background-position":"center center","background-size":"auto","background-attachment":"scroll","background-type":"","background-media":"","overlay-type":"","overlay-color":"","overlay-opacity":"","overlay-gradient":""}},"ast-content-background-meta":{"desktop":{"background-color":"var(--ast-global-color-5)","background-image":"","background-repeat":"repeat","background-position":"center center","background-size":"auto","background-attachment":"scroll","background-type":"","background-media":"","overlay-type":"","overlay-color":"","overlay-opacity":"","overlay-gradient":""},"tablet":{"background-color":"var(--ast-global-color-5)","background-image":"","background-repeat":"repeat","background-position":"center center","background-size":"auto","background-attachment":"scroll","background-type":"","background-media":"","overlay-type":"","overlay-color":"","overlay-opacity":"","overlay-gradient":""},"mobile":{"background-color":"var(--ast-global-color-5)","background-image":"","background-repeat":"repeat","background-position":"center center","background-size":"auto","background-attachment":"scroll","background-type":"","background-media":"","overlay-type":"","overlay-color":"","overlay-opacity":"","overlay-gradient":""}},"footnotes":""},"class_list":["post-135002","page","type-page","status-publish","has-post-thumbnail","hentry"],"yoast_head":"<!-- This site is optimized with the Yoast SEO plugin v27.3 - https:\/\/yoast.com\/product\/yoast-seo-wordpress\/ -->\n<title>Servi\u00e7os de tradu\u00e7\u00e3o de ilustra\u00e7\u00f5es e imagens - Trusted Translations, Inc.<\/title>\n<meta name=\"description\" content=\"Na Trusted Translations, trabalhamos com v\u00e1rios formatos de arquivo de imagem e traduzimos todas as suas imagens, mesmo se tiverem gr\u00e1ficos pesados ou um design complexo.\" \/>\n<meta name=\"robots\" content=\"index, follow, max-snippet:-1, max-image-preview:large, max-video-preview:-1\" \/>\n<link rel=\"canonical\" href=\"https:\/\/www.trustedtranslations.com\/pt-br\/servicos\/formatos-arquivos\/imagens\" \/>\n<meta property=\"og:locale\" content=\"pt_BR\" \/>\n<meta property=\"og:type\" content=\"article\" \/>\n<meta property=\"og:title\" content=\"Servi\u00e7os de tradu\u00e7\u00e3o de ilustra\u00e7\u00f5es e imagens - Trusted Translations, Inc.\" \/>\n<meta property=\"og:description\" content=\"Na Trusted Translations, trabalhamos com v\u00e1rios formatos de arquivo de imagem e traduzimos todas as suas imagens, mesmo se tiverem gr\u00e1ficos pesados ou um design complexo.\" \/>\n<meta property=\"og:url\" content=\"https:\/\/www.trustedtranslations.com\/pt-br\/servicos\/formatos-arquivos\/imagens\" \/>\n<meta property=\"og:site_name\" content=\"Trusted Translations, Inc.\" \/>\n<meta property=\"article:publisher\" content=\"https:\/\/www.facebook.com\/Trusted.Translations\" \/>\n<meta property=\"article:modified_time\" content=\"2024-09-02T21:33:44+00:00\" \/>\n<meta property=\"og:image\" content=\"https:\/\/static.trustedtranslations.com\/wp-content\/uploads\/2024\/02\/tt-icon_Illustrations-and-Image-.webp\" \/>\n\t<meta property=\"og:image:width\" content=\"151\" \/>\n\t<meta property=\"og:image:height\" content=\"151\" \/>\n\t<meta property=\"og:image:type\" content=\"image\/webp\" \/>\n<meta name=\"twitter:card\" content=\"summary_large_image\" \/>\n<meta name=\"twitter:site\" content=\"@TrustedT9ns\" \/>\n<script type=\"application\/ld+json\" class=\"yoast-schema-graph\">{\"@context\":\"https:\\\/\\\/schema.org\",\"@graph\":[{\"@type\":\"WebPage\",\"@id\":\"https:\\\/\\\/www.trustedtranslations.com\\\/pt-br\\\/servicos\\\/formatos-arquivos\\\/imagens\",\"url\":\"https:\\\/\\\/www.trustedtranslations.com\\\/pt-br\\\/servicos\\\/formatos-arquivos\\\/imagens\",\"name\":\"Servi\u00e7os de tradu\u00e7\u00e3o de ilustra\u00e7\u00f5es e imagens - Trusted Translations, Inc.\",\"isPartOf\":{\"@id\":\"https:\\\/\\\/www.trustedtranslations.com\\\/pt-br\\\/#website\"},\"primaryImageOfPage\":{\"@id\":\"https:\\\/\\\/www.trustedtranslations.com\\\/pt-br\\\/servicos\\\/formatos-arquivos\\\/imagens#primaryimage\"},\"image\":{\"@id\":\"https:\\\/\\\/www.trustedtranslations.com\\\/pt-br\\\/servicos\\\/formatos-arquivos\\\/imagens#primaryimage\"},\"thumbnailUrl\":\"https:\\\/\\\/www.trustedtranslations.com\\\/wp-content\\\/uploads\\\/2024\\\/02\\\/tt-icon_Illustrations-and-Image-.webp\",\"description\":\"Na Trusted Translations, trabalhamos com v\u00e1rios formatos de arquivo de imagem e traduzimos todas as suas imagens, mesmo se tiverem gr\u00e1ficos pesados ou um design complexo.\",\"breadcrumb\":{\"@id\":\"https:\\\/\\\/www.trustedtranslations.com\\\/pt-br\\\/servicos\\\/formatos-arquivos\\\/imagens#breadcrumb\"},\"inLanguage\":\"pt-BR\",\"potentialAction\":[{\"@type\":\"ReadAction\",\"target\":[\"https:\\\/\\\/www.trustedtranslations.com\\\/pt-br\\\/servicos\\\/formatos-arquivos\\\/imagens\"]}]},{\"@type\":\"ImageObject\",\"inLanguage\":\"pt-BR\",\"@id\":\"https:\\\/\\\/www.trustedtranslations.com\\\/pt-br\\\/servicos\\\/formatos-arquivos\\\/imagens#primaryimage\",\"url\":\"https:\\\/\\\/www.trustedtranslations.com\\\/wp-content\\\/uploads\\\/2024\\\/02\\\/tt-icon_Illustrations-and-Image-.webp\",\"contentUrl\":\"https:\\\/\\\/www.trustedtranslations.com\\\/wp-content\\\/uploads\\\/2024\\\/02\\\/tt-icon_Illustrations-and-Image-.webp\",\"width\":151,\"height\":151,\"caption\":\"tt icon Illustrations and Image\"},{\"@type\":\"BreadcrumbList\",\"@id\":\"https:\\\/\\\/www.trustedtranslations.com\\\/pt-br\\\/servicos\\\/formatos-arquivos\\\/imagens#breadcrumb\",\"itemListElement\":[{\"@type\":\"ListItem\",\"position\":1,\"name\":\"Home\",\"item\":\"https:\\\/\\\/www.trustedtranslations.com\\\/pt-br\"},{\"@type\":\"ListItem\",\"position\":2,\"name\":\"Servi\u00e7os\",\"item\":\"https:\\\/\\\/www.trustedtranslations.com\\\/pt-br\\\/servicos\"},{\"@type\":\"ListItem\",\"position\":3,\"name\":\"Formatos de arquivo\",\"item\":\"https:\\\/\\\/www.trustedtranslations.com\\\/pt-br\\\/servicos\\\/formatos-arquivos\"},{\"@type\":\"ListItem\",\"position\":4,\"name\":\"Ilustra\u00e7\u00f5es e imagens\"}]},{\"@type\":\"WebSite\",\"@id\":\"https:\\\/\\\/www.trustedtranslations.com\\\/pt-br\\\/#website\",\"url\":\"https:\\\/\\\/www.trustedtranslations.com\\\/pt-br\\\/\",\"name\":\"Trusted Translations, Inc.\",\"description\":\"Leader in translation and interpretation services.\",\"publisher\":{\"@id\":\"https:\\\/\\\/www.trustedtranslations.com\\\/pt-br\\\/#organization\"},\"alternateName\":\"Trusted Translations\",\"potentialAction\":[{\"@type\":\"SearchAction\",\"target\":{\"@type\":\"EntryPoint\",\"urlTemplate\":\"https:\\\/\\\/www.trustedtranslations.com\\\/pt-br\\\/?s={search_term_string}\"},\"query-input\":{\"@type\":\"PropertyValueSpecification\",\"valueRequired\":true,\"valueName\":\"search_term_string\"}}],\"inLanguage\":\"pt-BR\"},{\"@type\":\"Organization\",\"@id\":\"https:\\\/\\\/www.trustedtranslations.com\\\/pt-br\\\/#organization\",\"name\":\"Trusted Translations\",\"alternateName\":\"Trusted Translations, Inc.\",\"url\":\"https:\\\/\\\/www.trustedtranslations.com\\\/pt-br\\\/\",\"logo\":{\"@type\":\"ImageObject\",\"inLanguage\":\"pt-BR\",\"@id\":\"https:\\\/\\\/www.trustedtranslations.com\\\/pt-br\\\/#\\\/schema\\\/logo\\\/image\\\/\",\"url\":\"https:\\\/\\\/static.trustedtranslations.com\\\/wp-content\\\/uploads\\\/2022\\\/01\\\/TT_logo_WSIColors-2.png\",\"contentUrl\":\"https:\\\/\\\/static.trustedtranslations.com\\\/wp-content\\\/uploads\\\/2022\\\/01\\\/TT_logo_WSIColors-2.png\",\"width\":500,\"height\":196,\"caption\":\"Trusted Translations\"},\"image\":{\"@id\":\"https:\\\/\\\/www.trustedtranslations.com\\\/pt-br\\\/#\\\/schema\\\/logo\\\/image\\\/\"},\"sameAs\":[\"https:\\\/\\\/www.facebook.com\\\/Trusted.Translations\",\"https:\\\/\\\/x.com\\\/TrustedT9ns\",\"https:\\\/\\\/www.linkedin.com\\\/company\\\/trusted-translations\"]}]}<\/script>\n<!-- \/ Yoast SEO plugin. -->","yoast_head_json":{"title":"Servi\u00e7os de tradu\u00e7\u00e3o de ilustra\u00e7\u00f5es e imagens - Trusted Translations, Inc.","description":"Na Trusted Translations, trabalhamos com v\u00e1rios formatos de arquivo de imagem e traduzimos todas as suas imagens, mesmo se tiverem gr\u00e1ficos pesados ou um design complexo.","robots":{"index":"index","follow":"follow","max-snippet":"max-snippet:-1","max-image-preview":"max-image-preview:large","max-video-preview":"max-video-preview:-1"},"canonical":"https:\/\/www.trustedtranslations.com\/pt-br\/servicos\/formatos-arquivos\/imagens","og_locale":"pt_BR","og_type":"article","og_title":"Servi\u00e7os de tradu\u00e7\u00e3o de ilustra\u00e7\u00f5es e imagens - Trusted Translations, Inc.","og_description":"Na Trusted Translations, trabalhamos com v\u00e1rios formatos de arquivo de imagem e traduzimos todas as suas imagens, mesmo se tiverem gr\u00e1ficos pesados ou um design complexo.","og_url":"https:\/\/www.trustedtranslations.com\/pt-br\/servicos\/formatos-arquivos\/imagens","og_site_name":"Trusted Translations, Inc.","article_publisher":"https:\/\/www.facebook.com\/Trusted.Translations","article_modified_time":"2024-09-02T21:33:44+00:00","og_image":[{"width":151,"height":151,"url":"https:\/\/static.trustedtranslations.com\/wp-content\/uploads\/2024\/02\/tt-icon_Illustrations-and-Image-.webp","type":"image\/webp"}],"twitter_card":"summary_large_image","twitter_site":"@TrustedT9ns","schema":{"@context":"https:\/\/schema.org","@graph":[{"@type":"WebPage","@id":"https:\/\/www.trustedtranslations.com\/pt-br\/servicos\/formatos-arquivos\/imagens","url":"https:\/\/www.trustedtranslations.com\/pt-br\/servicos\/formatos-arquivos\/imagens","name":"Servi\u00e7os de tradu\u00e7\u00e3o de ilustra\u00e7\u00f5es e imagens - Trusted Translations, Inc.","isPartOf":{"@id":"https:\/\/www.trustedtranslations.com\/pt-br\/#website"},"primaryImageOfPage":{"@id":"https:\/\/www.trustedtranslations.com\/pt-br\/servicos\/formatos-arquivos\/imagens#primaryimage"},"image":{"@id":"https:\/\/www.trustedtranslations.com\/pt-br\/servicos\/formatos-arquivos\/imagens#primaryimage"},"thumbnailUrl":"https:\/\/www.trustedtranslations.com\/wp-content\/uploads\/2024\/02\/tt-icon_Illustrations-and-Image-.webp","description":"Na Trusted Translations, trabalhamos com v\u00e1rios formatos de arquivo de imagem e traduzimos todas as suas imagens, mesmo se tiverem gr\u00e1ficos pesados ou um design complexo.","breadcrumb":{"@id":"https:\/\/www.trustedtranslations.com\/pt-br\/servicos\/formatos-arquivos\/imagens#breadcrumb"},"inLanguage":"pt-BR","potentialAction":[{"@type":"ReadAction","target":["https:\/\/www.trustedtranslations.com\/pt-br\/servicos\/formatos-arquivos\/imagens"]}]},{"@type":"ImageObject","inLanguage":"pt-BR","@id":"https:\/\/www.trustedtranslations.com\/pt-br\/servicos\/formatos-arquivos\/imagens#primaryimage","url":"https:\/\/www.trustedtranslations.com\/wp-content\/uploads\/2024\/02\/tt-icon_Illustrations-and-Image-.webp","contentUrl":"https:\/\/www.trustedtranslations.com\/wp-content\/uploads\/2024\/02\/tt-icon_Illustrations-and-Image-.webp","width":151,"height":151,"caption":"tt icon Illustrations and Image"},{"@type":"BreadcrumbList","@id":"https:\/\/www.trustedtranslations.com\/pt-br\/servicos\/formatos-arquivos\/imagens#breadcrumb","itemListElement":[{"@type":"ListItem","position":1,"name":"Home","item":"https:\/\/www.trustedtranslations.com\/pt-br"},{"@type":"ListItem","position":2,"name":"Servi\u00e7os","item":"https:\/\/www.trustedtranslations.com\/pt-br\/servicos"},{"@type":"ListItem","position":3,"name":"Formatos de arquivo","item":"https:\/\/www.trustedtranslations.com\/pt-br\/servicos\/formatos-arquivos"},{"@type":"ListItem","position":4,"name":"Ilustra\u00e7\u00f5es e imagens"}]},{"@type":"WebSite","@id":"https:\/\/www.trustedtranslations.com\/pt-br\/#website","url":"https:\/\/www.trustedtranslations.com\/pt-br\/","name":"Trusted Translations, Inc.","description":"Leader in translation and interpretation services.","publisher":{"@id":"https:\/\/www.trustedtranslations.com\/pt-br\/#organization"},"alternateName":"Trusted Translations","potentialAction":[{"@type":"SearchAction","target":{"@type":"EntryPoint","urlTemplate":"https:\/\/www.trustedtranslations.com\/pt-br\/?s={search_term_string}"},"query-input":{"@type":"PropertyValueSpecification","valueRequired":true,"valueName":"search_term_string"}}],"inLanguage":"pt-BR"},{"@type":"Organization","@id":"https:\/\/www.trustedtranslations.com\/pt-br\/#organization","name":"Trusted Translations","alternateName":"Trusted Translations, Inc.","url":"https:\/\/www.trustedtranslations.com\/pt-br\/","logo":{"@type":"ImageObject","inLanguage":"pt-BR","@id":"https:\/\/www.trustedtranslations.com\/pt-br\/#\/schema\/logo\/image\/","url":"https:\/\/static.trustedtranslations.com\/wp-content\/uploads\/2022\/01\/TT_logo_WSIColors-2.png","contentUrl":"https:\/\/static.trustedtranslations.com\/wp-content\/uploads\/2022\/01\/TT_logo_WSIColors-2.png","width":500,"height":196,"caption":"Trusted Translations"},"image":{"@id":"https:\/\/www.trustedtranslations.com\/pt-br\/#\/schema\/logo\/image\/"},"sameAs":["https:\/\/www.facebook.com\/Trusted.Translations","https:\/\/x.com\/TrustedT9ns","https:\/\/www.linkedin.com\/company\/trusted-translations"]}]}},"toolset-meta":{"dyk":{"mensaje-1":{"type":"textfield","raw":"Eliminamos o inconveniente de contratar uma empresa de design terceirizada para reformatar as suas imagens."},"mensaje-2":{"type":"textfield","raw":"Trabalharemos com a equipe de editora\u00e7\u00e3o eletr\u00f4nica da sua empresa, mediante solicita\u00e7\u00e3o."},"mensaje-3":{"type":"textfield","raw":""},"mensaje-4":{"type":"textfield","raw":""},"mensaje-5":{"type":"textfield","raw":""},"mensaje-6":{"type":"textfield","raw":""}},"single-page-template-fields":{"imgs-temp":{"type":"image","raw":["https:\/\/static.trustedtranslations.com\/wp-content\/uploads\/2024\/06\/ilustration-final-1-1.webp"],"repeatable":[{"raw":"https:\/\/static.trustedtranslations.com\/wp-content\/uploads\/2024\/06\/ilustration-final-1-1.webp"}]},"imgs-temp-cel":{"type":"image","raw":[""],"repeatable":[{"raw":""}]},"img-temp-one-cel":{"type":"image","raw":"https:\/\/static.trustedtranslations.com\/wp-content\/uploads\/2024\/03\/AdobeStock_385542563-2-1.webp","attachment_id":null},"quotes":{"type":"textarea","raw":"<h1 style=\"margin-bottom: 12px;\">Servi\u00e7os de tradu\u00e7\u00e3o de ilustra\u00e7\u00f5es e imagens<\/h1>\r\nA tradu\u00e7\u00e3o exata e precisa de uma imagem \u00e9 essencial para atingir e causar impacto a um p\u00fablico mais amplo. Considerando que uma imagem, como o slogan de uma empresa, normalmente inclui pouco espa\u00e7o para grandes volumes de texto, \u00e9 de vital import\u00e2ncia que a sua tradu\u00e7\u00e3o n\u00e3o seja apenas precisa, mas tamb\u00e9m apropriada ao seu p\u00fablico. Na Trusted Translations trabalhamos com v\u00e1rios formatos de arquivos de imagem; JPEG, JPG, TIFF, BMP, PNG, EMF, GIF e muitos outros.\r\n<div style=\"margin-top: 2.5vw;\"><a class=\"tt-btn-main-cta\" href=\"\/pt-br\/solicitud-orcamento\">SOLICITE UM OR\u00c7AMENTO GR\u00c1TIS<\/a><\/div>"},"text-1":{"type":"textarea","raw":"<h2>Servi\u00e7os especializados de tradu\u00e7\u00e3o de imagens para qualquer formato de arquivo<\/h2>\r\nSeja o seu projeto criado com Adobe Photoshop, Adobe Illustrator ou qualquer outro formato de arquivo, a equipe de especialistas da\u00a0<em>Trusted Translations\u2019<\/em>\u00a0ir\u00e1 se certificar que todas as suas tradu\u00e7\u00f5es de imagens sejam entregues a voc\u00ea prontas para uso imediato.\r\n<h2>Processo de tradu\u00e7\u00e3o de imagens<\/h2>\r\n<div class=\"pull-right tt-thumbnail hidden-xs\"><img src=\"https:\/\/www.trustedtranslations.com\/wp-content\/uploads\/img\/icons\/adobe-illustrator.png\" alt=\"Adobe Illustrator Icon\" \/><\/div>\r\nTraduzir uma imagem envolve v\u00e1rias etapas que requerem a experi\u00eancia da nossa equipe profissional de tradutores e diagramadores. Na\u00a0<em>Trusted Translations<\/em>, os nossos experientes tradutores e diagramadores est\u00e3o prontos para atender a qualquer necessidade de tradu\u00e7\u00e3o de imagens, n\u00e3o importa o qu\u00e3o complexa ela possa ser. N\u00e3o apenas asseguramos que a tradu\u00e7\u00e3o e o design sejam da mais alta qualidade, mas tamb\u00e9m levamos em considera\u00e7\u00e3o a import\u00e2ncia do seu p\u00fablico-alvo. Localizaremos as suas cria\u00e7\u00f5es de imagens para que voc\u00ea possa ampliar o seu p\u00fablico, atingindo o p\u00fablico correto de uma maneira apropriada. Quando recebemos uma imagem para tradu\u00e7\u00e3o, ela deve passar primeiro pela especialidade da nossa equipe de editora\u00e7\u00e3o eletr\u00f4nica para extrair todos os textos traduz\u00edveis das imagens. Isso torna o texto compat\u00edvel com as nossas Ferramentas de tradu\u00e7\u00e3o assistida por computador (CAT Tools), que permitem uma tradu\u00e7\u00e3o mais precisa do texto pelos nossos tradutores. Subsequentemente, o documento passa pela nossa equipe de DTP mais uma vez para reajustar a formata\u00e7\u00e3o das imagens com o texto rec\u00e9m traduzido. At\u00e9 as imagens com gr\u00e1ficos pesados e design complexo ser\u00e3o entregues prontas para uso imediato.\r\n<h2>Tipos diferentes de imagens e ilustra\u00e7\u00f5es<\/h2>\r\nNa\u00a0<em>Trusted Translations<\/em>\u00a0entendemos que todo tipo de tradu\u00e7\u00e3o de imagem \u00e9 \u00fanico\u2013desde a sua origem, passando pelo seu formato, at\u00e9 ao seu p\u00fablico-alvo. \u00c9 por isso que tomamos especial cuidado para garantir que cada tradu\u00e7\u00e3o de imagem passe pelo processo que \u00e9 mais ben\u00e9fico para o seu destino final. Por exemplo, uma captura de tela passar\u00e1 por um processo muito diferente do de uma ilustra\u00e7\u00e3o animada ou um slogan de empresa. Os nossos diagramadores e tradutores espec\u00edficos do setor ir\u00e3o assegurar que cada etapa do processo seja feita de modo preciso, profissional e espec\u00edfico a cada projeto individual de tradu\u00e7\u00e3o de imagem. A nossa equipe especializada \u00e9 capaz de determinar quais etapas devemos seguir para entregar o produto final mais eficaz e ben\u00e9fico, para que ele n\u00e3o s\u00f3 atinja o seu p\u00fablico-alvo, mas tamb\u00e9m se expanda a um p\u00fablico ainda mais amplo."},"shortcode-map":{"type":"textfield","raw":""},"dyk-shortcode":{"type":"textfield","raw":"[elementor-template id=\"147273\"]"},"text-2":{"type":"textarea","raw":"<h2>Editora\u00e7\u00e3o eletr\u00f4nica (DTP) para tradu\u00e7\u00f5es de imagens<\/h2>\r\nNa\u00a0<em>Trusted Translations<\/em>, sabemos que, no mundo do marketing, a imagem desempenha um papel crucial para atrair o seu p\u00fablico-alvo. \u00c9 por isso que temos uma equipe dedicada de editora\u00e7\u00e3o eletr\u00f4nica, especializada em servi\u00e7os de design relacionados com tradu\u00e7\u00e3o, com a mais alta qualidade e com um r\u00e1pido tempo de entrega. Uma etapa de editora\u00e7\u00e3o eletr\u00f4nica \u00e9 sempre necess\u00e1ria quando se trata de tradu\u00e7\u00e3o de imagens. Em muitos casos, ela deve passar por uma etapa de editora\u00e7\u00e3o eletr\u00f4nica n\u00e3o apenas uma vez, mas duas vezes, durante o processo de tradu\u00e7\u00e3o: uma pr\u00e9-tradu\u00e7\u00e3o para extrair o texto e uma p\u00f3s-tradu\u00e7\u00e3o para reintegrar o texto nas imagens e reformatar o design. Traduzir um formato de arquivo como Adobe Illustrator ou Adobe Photoshop \u00e9 notoriamente complexo no setor de tradu\u00e7\u00e3o; primeiramente, esses formatos de arquivo n\u00e3o s\u00e3o compat\u00edveis com CAT Tools e precisam, portanto, ser editados manualmente pelo DTP, extraindo o texto para que possa ser traduzido. Da mesma forma, o texto traduzido precisa ser reincorporado no formato original para que pare\u00e7a que nunca foi traduzido. Uma tradu\u00e7\u00e3o simples pode tornar-se bastante complicada se usar fontes separadas para as suas necessidades de tradu\u00e7\u00e3o e design gr\u00e1fico. Se esse for o caso, a\u00a0<em>Trusted Translations<\/em>\u00a0\u00e9 a sua solu\u00e7\u00e3o \u00fanica. N\u00e3o apenas trabalhamos com os tradutores mais profissionais e experientes do setor, como tamb\u00e9m temos uma equipe especializada em editora\u00e7\u00e3o eletr\u00f4nica especializada em design relacionado com a tradu\u00e7\u00e3o. Al\u00e9m disso, trabalharemos com a equipe de design da sua empresa, mediante solicita\u00e7\u00e3o.\r\n\r\nAo trabalhar com a\u00a0<em>Trusted Translations<\/em>, as suas cria\u00e7\u00f5es de imagem ser\u00e3o devolvidas a voc\u00ea traduzidas de modo profissional e sempre em seus formato e leiaute originais, sem a necessidade de realizar etapas adicionais."},"state":{"type":"textfield","raw":""},"city":{"type":"textarea","raw":[]}}},"_links":{"self":[{"href":"https:\/\/www.trustedtranslations.com\/pt-br\/wp-json\/wp\/v2\/pages\/135002","targetHints":{"allow":["GET"]}}],"collection":[{"href":"https:\/\/www.trustedtranslations.com\/pt-br\/wp-json\/wp\/v2\/pages"}],"about":[{"href":"https:\/\/www.trustedtranslations.com\/pt-br\/wp-json\/wp\/v2\/types\/page"}],"author":[{"embeddable":true,"href":"https:\/\/www.trustedtranslations.com\/pt-br\/wp-json\/wp\/v2\/users\/1"}],"replies":[{"embeddable":true,"href":"https:\/\/www.trustedtranslations.com\/pt-br\/wp-json\/wp\/v2\/comments?post=135002"}],"version-history":[{"count":0,"href":"https:\/\/www.trustedtranslations.com\/pt-br\/wp-json\/wp\/v2\/pages\/135002\/revisions"}],"up":[{"embeddable":true,"href":"https:\/\/www.trustedtranslations.com\/pt-br\/wp-json\/wp\/v2\/pages\/135015"}],"wp:featuredmedia":[{"embeddable":true,"href":"https:\/\/www.trustedtranslations.com\/pt-br\/wp-json\/wp\/v2\/media\/238227"}],"wp:attachment":[{"href":"https:\/\/www.trustedtranslations.com\/pt-br\/wp-json\/wp\/v2\/media?parent=135002"}],"curies":[{"name":"wp","href":"https:\/\/api.w.org\/{rel}","templated":true}]}}