{"id":135006,"date":"2018-11-13T17:26:34","date_gmt":"2018-11-13T17:26:34","guid":{"rendered":"https:\/\/www.trustedtranslations.com\/?page_id=135006"},"modified":"2024-09-02T18:32:35","modified_gmt":"2024-09-02T21:32:35","slug":"autocad","status":"publish","type":"page","link":"https:\/\/www.trustedtranslations.com\/pt-br\/servicos\/formatos-arquivos\/autocad","title":{"rendered":"AutoCAD"},"content":{"rendered":"","protected":false},"excerpt":{"rendered":"","protected":false},"author":1,"featured_media":238240,"parent":135015,"menu_order":12,"comment_status":"closed","ping_status":"closed","template":"","meta":{"site-sidebar-layout":"default","site-content-layout":"default","ast-site-content-layout":"default","site-content-style":"default","site-sidebar-style":"default","ast-global-header-display":"","ast-banner-title-visibility":"","ast-main-header-display":"","ast-hfb-above-header-display":"","ast-hfb-below-header-display":"","ast-hfb-mobile-header-display":"","site-post-title":"disabled","ast-breadcrumbs-content":"","ast-featured-img":"","footer-sml-layout":"","theme-transparent-header-meta":"default","adv-header-id-meta":"","stick-header-meta":"","header-above-stick-meta":"","header-main-stick-meta":"","header-below-stick-meta":"","astra-migrate-meta-layouts":"set","ast-page-background-enabled":"default","ast-page-background-meta":{"desktop":{"background-color":"var(--ast-global-color-4)","background-image":"","background-repeat":"repeat","background-position":"center center","background-size":"auto","background-attachment":"scroll","background-type":"","background-media":"","overlay-type":"","overlay-color":"","overlay-opacity":"","overlay-gradient":""},"tablet":{"background-color":"","background-image":"","background-repeat":"repeat","background-position":"center center","background-size":"auto","background-attachment":"scroll","background-type":"","background-media":"","overlay-type":"","overlay-color":"","overlay-opacity":"","overlay-gradient":""},"mobile":{"background-color":"","background-image":"","background-repeat":"repeat","background-position":"center center","background-size":"auto","background-attachment":"scroll","background-type":"","background-media":"","overlay-type":"","overlay-color":"","overlay-opacity":"","overlay-gradient":""}},"ast-content-background-meta":{"desktop":{"background-color":"var(--ast-global-color-5)","background-image":"","background-repeat":"repeat","background-position":"center center","background-size":"auto","background-attachment":"scroll","background-type":"","background-media":"","overlay-type":"","overlay-color":"","overlay-opacity":"","overlay-gradient":""},"tablet":{"background-color":"var(--ast-global-color-5)","background-image":"","background-repeat":"repeat","background-position":"center center","background-size":"auto","background-attachment":"scroll","background-type":"","background-media":"","overlay-type":"","overlay-color":"","overlay-opacity":"","overlay-gradient":""},"mobile":{"background-color":"var(--ast-global-color-5)","background-image":"","background-repeat":"repeat","background-position":"center center","background-size":"auto","background-attachment":"scroll","background-type":"","background-media":"","overlay-type":"","overlay-color":"","overlay-opacity":"","overlay-gradient":""}},"footnotes":""},"class_list":["post-135006","page","type-page","status-publish","has-post-thumbnail","hentry"],"yoast_head":"<!-- This site is optimized with the Yoast SEO plugin v27.5 - https:\/\/yoast.com\/product\/yoast-seo-wordpress\/ -->\n<title>Servi\u00e7os de tradu\u00e7\u00e3o do AutoCAD - Trusted Translations, Inc.<\/title>\n<meta name=\"description\" content=\"Para as suas tradu\u00e7\u00f5es em AutoCAD, a Trusted Translations \u00e9 a sua solu\u00e7\u00e3o completa para arquivos arquitet\u00f4nicos, de engenharia ou de constru\u00e7\u00e3o traduzidos com precis\u00e3o.\" \/>\n<meta name=\"robots\" content=\"index, follow, max-snippet:-1, max-image-preview:large, max-video-preview:-1\" \/>\n<link rel=\"canonical\" href=\"https:\/\/www.trustedtranslations.com\/pt-br\/servicos\/formatos-arquivos\/autocad\" \/>\n<meta property=\"og:locale\" content=\"pt_BR\" \/>\n<meta property=\"og:type\" content=\"article\" \/>\n<meta property=\"og:title\" content=\"Servi\u00e7os de tradu\u00e7\u00e3o do AutoCAD - Trusted Translations, Inc.\" \/>\n<meta property=\"og:description\" content=\"Para as suas tradu\u00e7\u00f5es em AutoCAD, a Trusted Translations \u00e9 a sua solu\u00e7\u00e3o completa para arquivos arquitet\u00f4nicos, de engenharia ou de constru\u00e7\u00e3o traduzidos com precis\u00e3o.\" \/>\n<meta property=\"og:url\" content=\"https:\/\/www.trustedtranslations.com\/pt-br\/servicos\/formatos-arquivos\/autocad\" \/>\n<meta property=\"og:site_name\" content=\"Trusted Translations, Inc.\" \/>\n<meta property=\"article:publisher\" content=\"https:\/\/www.facebook.com\/Trusted.Translations\" \/>\n<meta property=\"article:modified_time\" content=\"2024-09-02T21:32:35+00:00\" \/>\n<meta property=\"og:image\" content=\"https:\/\/static.trustedtranslations.com\/wp-content\/uploads\/2024\/02\/tt-icon_Translation-Services-for.webp\" \/>\n\t<meta property=\"og:image:width\" content=\"151\" \/>\n\t<meta property=\"og:image:height\" content=\"151\" \/>\n\t<meta property=\"og:image:type\" content=\"image\/webp\" \/>\n<meta name=\"twitter:card\" content=\"summary_large_image\" \/>\n<meta name=\"twitter:site\" content=\"@TrustedT9ns\" \/>\n<script type=\"application\/ld+json\" class=\"yoast-schema-graph\">{\"@context\":\"https:\\\/\\\/schema.org\",\"@graph\":[{\"@type\":\"WebPage\",\"@id\":\"https:\\\/\\\/www.trustedtranslations.com\\\/pt-br\\\/servicos\\\/formatos-arquivos\\\/autocad\",\"url\":\"https:\\\/\\\/www.trustedtranslations.com\\\/pt-br\\\/servicos\\\/formatos-arquivos\\\/autocad\",\"name\":\"Servi\u00e7os de tradu\u00e7\u00e3o do AutoCAD - Trusted Translations, Inc.\",\"isPartOf\":{\"@id\":\"https:\\\/\\\/www.trustedtranslations.com\\\/pt-br\\\/#website\"},\"primaryImageOfPage\":{\"@id\":\"https:\\\/\\\/www.trustedtranslations.com\\\/pt-br\\\/servicos\\\/formatos-arquivos\\\/autocad#primaryimage\"},\"image\":{\"@id\":\"https:\\\/\\\/www.trustedtranslations.com\\\/pt-br\\\/servicos\\\/formatos-arquivos\\\/autocad#primaryimage\"},\"thumbnailUrl\":\"https:\\\/\\\/www.trustedtranslations.com\\\/wp-content\\\/uploads\\\/2024\\\/02\\\/tt-icon_Translation-Services-for.webp\",\"description\":\"Para as suas tradu\u00e7\u00f5es em AutoCAD, a Trusted Translations \u00e9 a sua solu\u00e7\u00e3o completa para arquivos arquitet\u00f4nicos, de engenharia ou de constru\u00e7\u00e3o traduzidos com precis\u00e3o.\",\"breadcrumb\":{\"@id\":\"https:\\\/\\\/www.trustedtranslations.com\\\/pt-br\\\/servicos\\\/formatos-arquivos\\\/autocad#breadcrumb\"},\"inLanguage\":\"pt-BR\",\"potentialAction\":[{\"@type\":\"ReadAction\",\"target\":[\"https:\\\/\\\/www.trustedtranslations.com\\\/pt-br\\\/servicos\\\/formatos-arquivos\\\/autocad\"]}]},{\"@type\":\"ImageObject\",\"inLanguage\":\"pt-BR\",\"@id\":\"https:\\\/\\\/www.trustedtranslations.com\\\/pt-br\\\/servicos\\\/formatos-arquivos\\\/autocad#primaryimage\",\"url\":\"https:\\\/\\\/www.trustedtranslations.com\\\/wp-content\\\/uploads\\\/2024\\\/02\\\/tt-icon_Translation-Services-for.webp\",\"contentUrl\":\"https:\\\/\\\/www.trustedtranslations.com\\\/wp-content\\\/uploads\\\/2024\\\/02\\\/tt-icon_Translation-Services-for.webp\",\"width\":151,\"height\":151,\"caption\":\"tt icon Translation Services for\"},{\"@type\":\"BreadcrumbList\",\"@id\":\"https:\\\/\\\/www.trustedtranslations.com\\\/pt-br\\\/servicos\\\/formatos-arquivos\\\/autocad#breadcrumb\",\"itemListElement\":[{\"@type\":\"ListItem\",\"position\":1,\"name\":\"Home\",\"item\":\"https:\\\/\\\/www.trustedtranslations.com\\\/pt-br\"},{\"@type\":\"ListItem\",\"position\":2,\"name\":\"Servi\u00e7os\",\"item\":\"https:\\\/\\\/www.trustedtranslations.com\\\/pt-br\\\/servicos\"},{\"@type\":\"ListItem\",\"position\":3,\"name\":\"Formatos de arquivo\",\"item\":\"https:\\\/\\\/www.trustedtranslations.com\\\/pt-br\\\/servicos\\\/formatos-arquivos\"},{\"@type\":\"ListItem\",\"position\":4,\"name\":\"AutoCAD\"}]},{\"@type\":\"WebSite\",\"@id\":\"https:\\\/\\\/www.trustedtranslations.com\\\/pt-br\\\/#website\",\"url\":\"https:\\\/\\\/www.trustedtranslations.com\\\/pt-br\\\/\",\"name\":\"Trusted Translations, Inc.\",\"description\":\"Leader in translation and interpretation services.\",\"publisher\":{\"@id\":\"https:\\\/\\\/www.trustedtranslations.com\\\/pt-br\\\/#organization\"},\"alternateName\":\"Trusted Translations\",\"potentialAction\":[{\"@type\":\"SearchAction\",\"target\":{\"@type\":\"EntryPoint\",\"urlTemplate\":\"https:\\\/\\\/www.trustedtranslations.com\\\/pt-br\\\/?s={search_term_string}\"},\"query-input\":{\"@type\":\"PropertyValueSpecification\",\"valueRequired\":true,\"valueName\":\"search_term_string\"}}],\"inLanguage\":\"pt-BR\"},{\"@type\":\"Organization\",\"@id\":\"https:\\\/\\\/www.trustedtranslations.com\\\/pt-br\\\/#organization\",\"name\":\"Trusted Translations\",\"alternateName\":\"Trusted Translations, Inc.\",\"url\":\"https:\\\/\\\/www.trustedtranslations.com\\\/pt-br\\\/\",\"logo\":{\"@type\":\"ImageObject\",\"inLanguage\":\"pt-BR\",\"@id\":\"https:\\\/\\\/www.trustedtranslations.com\\\/pt-br\\\/#\\\/schema\\\/logo\\\/image\\\/\",\"url\":\"https:\\\/\\\/static.trustedtranslations.com\\\/wp-content\\\/uploads\\\/2022\\\/01\\\/TT_logo_WSIColors-2.png\",\"contentUrl\":\"https:\\\/\\\/static.trustedtranslations.com\\\/wp-content\\\/uploads\\\/2022\\\/01\\\/TT_logo_WSIColors-2.png\",\"width\":500,\"height\":196,\"caption\":\"Trusted Translations\"},\"image\":{\"@id\":\"https:\\\/\\\/www.trustedtranslations.com\\\/pt-br\\\/#\\\/schema\\\/logo\\\/image\\\/\"},\"sameAs\":[\"https:\\\/\\\/www.facebook.com\\\/Trusted.Translations\",\"https:\\\/\\\/x.com\\\/TrustedT9ns\",\"https:\\\/\\\/www.linkedin.com\\\/company\\\/trusted-translations\"]}]}<\/script>\n<!-- \/ Yoast SEO plugin. -->","yoast_head_json":{"title":"Servi\u00e7os de tradu\u00e7\u00e3o do AutoCAD - Trusted Translations, Inc.","description":"Para as suas tradu\u00e7\u00f5es em AutoCAD, a Trusted Translations \u00e9 a sua solu\u00e7\u00e3o completa para arquivos arquitet\u00f4nicos, de engenharia ou de constru\u00e7\u00e3o traduzidos com precis\u00e3o.","robots":{"index":"index","follow":"follow","max-snippet":"max-snippet:-1","max-image-preview":"max-image-preview:large","max-video-preview":"max-video-preview:-1"},"canonical":"https:\/\/www.trustedtranslations.com\/pt-br\/servicos\/formatos-arquivos\/autocad","og_locale":"pt_BR","og_type":"article","og_title":"Servi\u00e7os de tradu\u00e7\u00e3o do AutoCAD - Trusted Translations, Inc.","og_description":"Para as suas tradu\u00e7\u00f5es em AutoCAD, a Trusted Translations \u00e9 a sua solu\u00e7\u00e3o completa para arquivos arquitet\u00f4nicos, de engenharia ou de constru\u00e7\u00e3o traduzidos com precis\u00e3o.","og_url":"https:\/\/www.trustedtranslations.com\/pt-br\/servicos\/formatos-arquivos\/autocad","og_site_name":"Trusted Translations, Inc.","article_publisher":"https:\/\/www.facebook.com\/Trusted.Translations","article_modified_time":"2024-09-02T21:32:35+00:00","og_image":[{"width":151,"height":151,"url":"https:\/\/static.trustedtranslations.com\/wp-content\/uploads\/2024\/02\/tt-icon_Translation-Services-for.webp","type":"image\/webp"}],"twitter_card":"summary_large_image","twitter_site":"@TrustedT9ns","schema":{"@context":"https:\/\/schema.org","@graph":[{"@type":"WebPage","@id":"https:\/\/www.trustedtranslations.com\/pt-br\/servicos\/formatos-arquivos\/autocad","url":"https:\/\/www.trustedtranslations.com\/pt-br\/servicos\/formatos-arquivos\/autocad","name":"Servi\u00e7os de tradu\u00e7\u00e3o do AutoCAD - Trusted Translations, Inc.","isPartOf":{"@id":"https:\/\/www.trustedtranslations.com\/pt-br\/#website"},"primaryImageOfPage":{"@id":"https:\/\/www.trustedtranslations.com\/pt-br\/servicos\/formatos-arquivos\/autocad#primaryimage"},"image":{"@id":"https:\/\/www.trustedtranslations.com\/pt-br\/servicos\/formatos-arquivos\/autocad#primaryimage"},"thumbnailUrl":"https:\/\/www.trustedtranslations.com\/wp-content\/uploads\/2024\/02\/tt-icon_Translation-Services-for.webp","description":"Para as suas tradu\u00e7\u00f5es em AutoCAD, a Trusted Translations \u00e9 a sua solu\u00e7\u00e3o completa para arquivos arquitet\u00f4nicos, de engenharia ou de constru\u00e7\u00e3o traduzidos com precis\u00e3o.","breadcrumb":{"@id":"https:\/\/www.trustedtranslations.com\/pt-br\/servicos\/formatos-arquivos\/autocad#breadcrumb"},"inLanguage":"pt-BR","potentialAction":[{"@type":"ReadAction","target":["https:\/\/www.trustedtranslations.com\/pt-br\/servicos\/formatos-arquivos\/autocad"]}]},{"@type":"ImageObject","inLanguage":"pt-BR","@id":"https:\/\/www.trustedtranslations.com\/pt-br\/servicos\/formatos-arquivos\/autocad#primaryimage","url":"https:\/\/www.trustedtranslations.com\/wp-content\/uploads\/2024\/02\/tt-icon_Translation-Services-for.webp","contentUrl":"https:\/\/www.trustedtranslations.com\/wp-content\/uploads\/2024\/02\/tt-icon_Translation-Services-for.webp","width":151,"height":151,"caption":"tt icon Translation Services for"},{"@type":"BreadcrumbList","@id":"https:\/\/www.trustedtranslations.com\/pt-br\/servicos\/formatos-arquivos\/autocad#breadcrumb","itemListElement":[{"@type":"ListItem","position":1,"name":"Home","item":"https:\/\/www.trustedtranslations.com\/pt-br"},{"@type":"ListItem","position":2,"name":"Servi\u00e7os","item":"https:\/\/www.trustedtranslations.com\/pt-br\/servicos"},{"@type":"ListItem","position":3,"name":"Formatos de arquivo","item":"https:\/\/www.trustedtranslations.com\/pt-br\/servicos\/formatos-arquivos"},{"@type":"ListItem","position":4,"name":"AutoCAD"}]},{"@type":"WebSite","@id":"https:\/\/www.trustedtranslations.com\/pt-br\/#website","url":"https:\/\/www.trustedtranslations.com\/pt-br\/","name":"Trusted Translations, Inc.","description":"Leader in translation and interpretation services.","publisher":{"@id":"https:\/\/www.trustedtranslations.com\/pt-br\/#organization"},"alternateName":"Trusted Translations","potentialAction":[{"@type":"SearchAction","target":{"@type":"EntryPoint","urlTemplate":"https:\/\/www.trustedtranslations.com\/pt-br\/?s={search_term_string}"},"query-input":{"@type":"PropertyValueSpecification","valueRequired":true,"valueName":"search_term_string"}}],"inLanguage":"pt-BR"},{"@type":"Organization","@id":"https:\/\/www.trustedtranslations.com\/pt-br\/#organization","name":"Trusted Translations","alternateName":"Trusted Translations, Inc.","url":"https:\/\/www.trustedtranslations.com\/pt-br\/","logo":{"@type":"ImageObject","inLanguage":"pt-BR","@id":"https:\/\/www.trustedtranslations.com\/pt-br\/#\/schema\/logo\/image\/","url":"https:\/\/static.trustedtranslations.com\/wp-content\/uploads\/2022\/01\/TT_logo_WSIColors-2.png","contentUrl":"https:\/\/static.trustedtranslations.com\/wp-content\/uploads\/2022\/01\/TT_logo_WSIColors-2.png","width":500,"height":196,"caption":"Trusted Translations"},"image":{"@id":"https:\/\/www.trustedtranslations.com\/pt-br\/#\/schema\/logo\/image\/"},"sameAs":["https:\/\/www.facebook.com\/Trusted.Translations","https:\/\/x.com\/TrustedT9ns","https:\/\/www.linkedin.com\/company\/trusted-translations"]}]}},"toolset-meta":{"dyk":{"mensaje-1":{"type":"textfield","raw":"Mantemos o formato original de todos os seus projetos de tradu\u00e7\u00e3o de AutoCAD."},"mensaje-2":{"type":"textfield","raw":""},"mensaje-3":{"type":"textfield","raw":""},"mensaje-4":{"type":"textfield","raw":""},"mensaje-5":{"type":"textfield","raw":""},"mensaje-6":{"type":"textfield","raw":""}},"single-page-template-fields":{"imgs-temp":{"type":"image","raw":["https:\/\/static.trustedtranslations.com\/wp-content\/uploads\/2024\/06\/autocad-final-1.webp","https:\/\/static.trustedtranslations.com\/wp-content\/uploads\/2024\/06\/autocad-final-3-1-1.webp"],"repeatable":[{"raw":"https:\/\/static.trustedtranslations.com\/wp-content\/uploads\/2024\/06\/autocad-final-1.webp"},{"raw":"https:\/\/static.trustedtranslations.com\/wp-content\/uploads\/2024\/06\/autocad-final-3-1-1.webp"}]},"imgs-temp-cel":{"type":"image","raw":[""],"repeatable":[{"raw":""}]},"img-temp-one-cel":{"type":"image","raw":"https:\/\/static.trustedtranslations.com\/wp-content\/uploads\/2024\/03\/document-final-5-1.webp","attachment_id":null},"quotes":{"type":"textarea","raw":"<h1 style=\"margin-bottom: 12px;\">Servi\u00e7os de Tradu\u00e7\u00e3o para AutoCAD<\/h1><p>Os documentos do AutoCAD est\u00e3o entre os formatos de arquivo mais complexos a serem traduzidos, e a equipe profissional da Trusted Translations\u2019 tem o conhecimento e a experi\u00eancia necess\u00e1rios para que essa seja uma experi\u00eancia verdadeiramente perfeita para todas as suas necessidades de tradu\u00e7\u00e3o em AutoCAD. Quando voc\u00ea trabalha conosco, garantimos um produto traduzido com precis\u00e3o e com design perfeito, para que voc\u00ea possa concentrar-se na compet\u00eancia principal da sua empresa, seja ela engenharia, arquitetura ou design gr\u00e1fico.<\/p><div style=\"margin-top: 2.5vw;\"><a class=\"tt-btn-main-cta\" href=\"\/pt-br\/solicitud-orcamento\">SOLICITE UM OR\u00c7AMENTO GR\u00c1TIS<\/a><\/div>"},"text-1":{"type":"textarea","raw":"<h2>Servi\u00e7os abrangentes de tradu\u00e7\u00e3o do AutoCAD<\/h2>\r\nA\u00a0<em>Trusted Translations<\/em>\u00a0\u00e9 a solu\u00e7\u00e3o completa para todas as suas necessidades de tradu\u00e7\u00e3o em AutoCAD; de tradutores espec\u00edficos do setor a diagramadores profissionais, a nossa equipe de especialistas ir\u00e1 quebrar as barreiras do idioma para que voc\u00ea possa compartilhar seus projetos do AutoCAD em qualquer idioma.\r\n<h2>Tradu\u00e7\u00f5es para engenheiros, arquitetos e designers gr\u00e1ficos<\/h2>\r\nNa\u00a0<em>Trusted Translations<\/em>\u00a0entendemos a import\u00e2ncia da exatid\u00e3o e precis\u00e3o nos setores de engenharia, arquitetura e design gr\u00e1fico. \u00c9 por isso que s\u00f3 trabalhamos com os tradutores mais espec\u00edficos do setor, que ajudam a eliminar as barreiras de comunica\u00e7\u00e3o, para que voc\u00ea possa compartilhar o seu projeto do AutoCAD com qualquer pessoa no mundo. Fornecemos as tradu\u00e7\u00f5es mais precisas para projetos de arquitetura, engenharia e design gr\u00e1fico, para que voc\u00ea possa ter a certeza de que todos os detalhes do seu projeto foram comunicados com precis\u00e3o. N\u00e3o apenas fornecemos as tradu\u00e7\u00f5es de projeto do AutoCAD da mais alta qualidade no setor, como tamb\u00e9m oferecemos os servi\u00e7os da nossa equipe interna de editora\u00e7\u00e3o eletr\u00f4nica para que possamos fornecer aos nossos clientes um projeto AutoCAD completamente traduzido, formatado e projetado pronto para uso imediato. Al\u00e9m disso, trabalharemos contigo e com a sua equipe de design, mediante solicita\u00e7\u00e3o."},"shortcode-map":{"type":"textfield","raw":""},"dyk-shortcode":{"type":"textfield","raw":"[elementor-template id=\"147273\"]"},"text-2":{"type":"textarea","raw":"<h2>Processo de tradu\u00e7\u00e3o do AutoCAD<\/h2>\r\nAp\u00f3s o recebimento de um projeto de tradu\u00e7\u00e3o do AutoCAD, a nossa equipe de editora\u00e7\u00e3o eletr\u00f4nica extrai primeiro todo o texto traduz\u00edvel do documento. Isso permite uma tradu\u00e7\u00e3o mais precisa por parte dos nossos tradutores profissionais, que podem usar as ferramentas de tradu\u00e7\u00e3o assistida por computador (CAT Tools). Finalmente, o texto traduzido \u00e9 reincorporado no documento original pela nossa equipe de editora\u00e7\u00e3o eletr\u00f4nica para reajustar a formata\u00e7\u00e3o e o leiaute para fazer com que pare\u00e7a que nunca foi traduzido. Os nossos tradutores espec\u00edficos do setor traduzir\u00e3o, de forma precisa e profissional, todos os seus documentos do AutoCAD, enquanto a nossa equipe de editora\u00e7\u00e3o eletr\u00f4nica garantir\u00e1 que o formato e o leiaute originais do documento sejam preservados.\r\n<h2>Tradu\u00e7\u00f5es espec\u00edficas do setor de arquivos do AutoCAD<\/h2>\r\nNa\u00a0<em>Trusted Translations<\/em>\u00a0entendemos a import\u00e2ncia da precis\u00e3o e da tradu\u00e7\u00e3o espec\u00edfica do setor. Esse \u00e9 o motivo pelo qual atribu\u00edmos cada projeto de tradu\u00e7\u00e3o a especialistas espec\u00edficos do setor, que fornecer\u00e3o a tradu\u00e7\u00e3o mais precisa e profissional do setor. Atribu\u00edmos somente projetos do AutoCAD a tradutores que tenham experi\u00eancia com tradu\u00e7\u00f5es t\u00e9cnicas e que tenham uma compreens\u00e3o completa do AutoCAD, para que voc\u00ea possa transmitir a sua mensagem com a maior precis\u00e3o poss\u00edvel no idioma de destino. A equipe profissional de tradutores da\u00a0<em>Trusted Translations\u2019<\/em>\u00a0n\u00e3o deixa nenhum detalhe passar despercebido. A nossa equipe entende que, nos setores de engenharia e arquitetura, a precis\u00e3o de cada unidade e medida \u00e9 de extrema import\u00e2ncia. \u00c9 por isso que os nossos tradutores certificam-se de que as unidades e as medidas do seu projeto do AutoCAD sejam convertidas com a maior precis\u00e3o poss\u00edvel. Isso permite-nos oferecer aos nossos clientes uma tradu\u00e7\u00e3o completa e precisa do AutoCAD, pronta para uso imediato."},"state":{"type":"textfield","raw":""},"city":{"type":"textarea","raw":[]}}},"_links":{"self":[{"href":"https:\/\/www.trustedtranslations.com\/pt-br\/wp-json\/wp\/v2\/pages\/135006","targetHints":{"allow":["GET"]}}],"collection":[{"href":"https:\/\/www.trustedtranslations.com\/pt-br\/wp-json\/wp\/v2\/pages"}],"about":[{"href":"https:\/\/www.trustedtranslations.com\/pt-br\/wp-json\/wp\/v2\/types\/page"}],"author":[{"embeddable":true,"href":"https:\/\/www.trustedtranslations.com\/pt-br\/wp-json\/wp\/v2\/users\/1"}],"replies":[{"embeddable":true,"href":"https:\/\/www.trustedtranslations.com\/pt-br\/wp-json\/wp\/v2\/comments?post=135006"}],"version-history":[{"count":0,"href":"https:\/\/www.trustedtranslations.com\/pt-br\/wp-json\/wp\/v2\/pages\/135006\/revisions"}],"up":[{"embeddable":true,"href":"https:\/\/www.trustedtranslations.com\/pt-br\/wp-json\/wp\/v2\/pages\/135015"}],"wp:featuredmedia":[{"embeddable":true,"href":"https:\/\/www.trustedtranslations.com\/pt-br\/wp-json\/wp\/v2\/media\/238240"}],"wp:attachment":[{"href":"https:\/\/www.trustedtranslations.com\/pt-br\/wp-json\/wp\/v2\/media?parent=135006"}],"curies":[{"name":"wp","href":"https:\/\/api.w.org\/{rel}","templated":true}]}}