{"id":135010,"date":"2018-11-13T16:52:27","date_gmt":"2018-11-13T16:52:27","guid":{"rendered":"https:\/\/www.trustedtranslations.com\/?page_id=135010"},"modified":"2024-09-02T17:20:04","modified_gmt":"2024-09-02T20:20:04","slug":"indesign","status":"publish","type":"page","link":"https:\/\/www.trustedtranslations.com\/pt-br\/servicos\/formatos-arquivos\/indesign","title":{"rendered":"Adobe InDesign"},"content":{"rendered":"","protected":false},"excerpt":{"rendered":"","protected":false},"author":1,"featured_media":237997,"parent":135015,"menu_order":2,"comment_status":"closed","ping_status":"closed","template":"","meta":{"site-sidebar-layout":"default","site-content-layout":"default","ast-site-content-layout":"default","site-content-style":"default","site-sidebar-style":"default","ast-global-header-display":"","ast-banner-title-visibility":"","ast-main-header-display":"","ast-hfb-above-header-display":"","ast-hfb-below-header-display":"","ast-hfb-mobile-header-display":"","site-post-title":"disabled","ast-breadcrumbs-content":"","ast-featured-img":"","footer-sml-layout":"","theme-transparent-header-meta":"default","adv-header-id-meta":"","stick-header-meta":"","header-above-stick-meta":"","header-main-stick-meta":"","header-below-stick-meta":"","astra-migrate-meta-layouts":"set","ast-page-background-enabled":"default","ast-page-background-meta":{"desktop":{"background-color":"var(--ast-global-color-4)","background-image":"","background-repeat":"repeat","background-position":"center center","background-size":"auto","background-attachment":"scroll","background-type":"","background-media":"","overlay-type":"","overlay-color":"","overlay-opacity":"","overlay-gradient":""},"tablet":{"background-color":"","background-image":"","background-repeat":"repeat","background-position":"center center","background-size":"auto","background-attachment":"scroll","background-type":"","background-media":"","overlay-type":"","overlay-color":"","overlay-opacity":"","overlay-gradient":""},"mobile":{"background-color":"","background-image":"","background-repeat":"repeat","background-position":"center center","background-size":"auto","background-attachment":"scroll","background-type":"","background-media":"","overlay-type":"","overlay-color":"","overlay-opacity":"","overlay-gradient":""}},"ast-content-background-meta":{"desktop":{"background-color":"var(--ast-global-color-5)","background-image":"","background-repeat":"repeat","background-position":"center center","background-size":"auto","background-attachment":"scroll","background-type":"","background-media":"","overlay-type":"","overlay-color":"","overlay-opacity":"","overlay-gradient":""},"tablet":{"background-color":"var(--ast-global-color-5)","background-image":"","background-repeat":"repeat","background-position":"center center","background-size":"auto","background-attachment":"scroll","background-type":"","background-media":"","overlay-type":"","overlay-color":"","overlay-opacity":"","overlay-gradient":""},"mobile":{"background-color":"var(--ast-global-color-5)","background-image":"","background-repeat":"repeat","background-position":"center center","background-size":"auto","background-attachment":"scroll","background-type":"","background-media":"","overlay-type":"","overlay-color":"","overlay-opacity":"","overlay-gradient":""}},"footnotes":""},"class_list":["post-135010","page","type-page","status-publish","has-post-thumbnail","hentry"],"yoast_head":"<!-- This site is optimized with the Yoast SEO plugin v27.5 - https:\/\/yoast.com\/product\/yoast-seo-wordpress\/ -->\n<title>Servi\u00e7os de tradu\u00e7\u00e3o em Adobe InDesign - Trusted Translations, Inc.<\/title>\n<meta name=\"description\" content=\"Trabalhe com a Trusted Translations para as suas necessidades de tradu\u00e7\u00e3o em Adobe InDesign: traduza folhetos, jornais, e-books ou qualquer outra m\u00eddia impressa ou online\" \/>\n<meta name=\"robots\" content=\"index, follow, max-snippet:-1, max-image-preview:large, max-video-preview:-1\" \/>\n<link rel=\"canonical\" href=\"https:\/\/www.trustedtranslations.com\/pt-br\/servicos\/formatos-arquivos\/indesign\" \/>\n<meta property=\"og:locale\" content=\"pt_BR\" \/>\n<meta property=\"og:type\" content=\"article\" \/>\n<meta property=\"og:title\" content=\"Servi\u00e7os de tradu\u00e7\u00e3o em Adobe InDesign - Trusted Translations, Inc.\" \/>\n<meta property=\"og:description\" content=\"Trabalhe com a Trusted Translations para as suas necessidades de tradu\u00e7\u00e3o em Adobe InDesign: traduza folhetos, jornais, e-books ou qualquer outra m\u00eddia impressa ou online\" \/>\n<meta property=\"og:url\" content=\"https:\/\/www.trustedtranslations.com\/pt-br\/servicos\/formatos-arquivos\/indesign\" \/>\n<meta property=\"og:site_name\" content=\"Trusted Translations, Inc.\" \/>\n<meta property=\"article:publisher\" content=\"https:\/\/www.facebook.com\/Trusted.Translations\" \/>\n<meta property=\"article:modified_time\" content=\"2024-09-02T20:20:04+00:00\" \/>\n<meta property=\"og:image\" content=\"https:\/\/static.trustedtranslations.com\/wp-content\/uploads\/2024\/02\/tt-icon_Adobe-InDesign-Translati.webp\" \/>\n\t<meta property=\"og:image:width\" content=\"151\" \/>\n\t<meta property=\"og:image:height\" content=\"151\" \/>\n\t<meta property=\"og:image:type\" content=\"image\/webp\" \/>\n<meta name=\"twitter:card\" content=\"summary_large_image\" \/>\n<meta name=\"twitter:site\" content=\"@TrustedT9ns\" \/>\n<script type=\"application\/ld+json\" class=\"yoast-schema-graph\">{\"@context\":\"https:\\\/\\\/schema.org\",\"@graph\":[{\"@type\":\"WebPage\",\"@id\":\"https:\\\/\\\/www.trustedtranslations.com\\\/pt-br\\\/servicos\\\/formatos-arquivos\\\/indesign\",\"url\":\"https:\\\/\\\/www.trustedtranslations.com\\\/pt-br\\\/servicos\\\/formatos-arquivos\\\/indesign\",\"name\":\"Servi\u00e7os de tradu\u00e7\u00e3o em Adobe InDesign - Trusted Translations, Inc.\",\"isPartOf\":{\"@id\":\"https:\\\/\\\/www.trustedtranslations.com\\\/pt-br\\\/#website\"},\"primaryImageOfPage\":{\"@id\":\"https:\\\/\\\/www.trustedtranslations.com\\\/pt-br\\\/servicos\\\/formatos-arquivos\\\/indesign#primaryimage\"},\"image\":{\"@id\":\"https:\\\/\\\/www.trustedtranslations.com\\\/pt-br\\\/servicos\\\/formatos-arquivos\\\/indesign#primaryimage\"},\"thumbnailUrl\":\"https:\\\/\\\/www.trustedtranslations.com\\\/wp-content\\\/uploads\\\/2024\\\/02\\\/tt-icon_Adobe-InDesign-Translati.webp\",\"description\":\"Trabalhe com a Trusted Translations para as suas necessidades de tradu\u00e7\u00e3o em Adobe InDesign: traduza folhetos, jornais, e-books ou qualquer outra m\u00eddia impressa ou online\",\"breadcrumb\":{\"@id\":\"https:\\\/\\\/www.trustedtranslations.com\\\/pt-br\\\/servicos\\\/formatos-arquivos\\\/indesign#breadcrumb\"},\"inLanguage\":\"pt-BR\",\"potentialAction\":[{\"@type\":\"ReadAction\",\"target\":[\"https:\\\/\\\/www.trustedtranslations.com\\\/pt-br\\\/servicos\\\/formatos-arquivos\\\/indesign\"]}]},{\"@type\":\"ImageObject\",\"inLanguage\":\"pt-BR\",\"@id\":\"https:\\\/\\\/www.trustedtranslations.com\\\/pt-br\\\/servicos\\\/formatos-arquivos\\\/indesign#primaryimage\",\"url\":\"https:\\\/\\\/www.trustedtranslations.com\\\/wp-content\\\/uploads\\\/2024\\\/02\\\/tt-icon_Adobe-InDesign-Translati.webp\",\"contentUrl\":\"https:\\\/\\\/www.trustedtranslations.com\\\/wp-content\\\/uploads\\\/2024\\\/02\\\/tt-icon_Adobe-InDesign-Translati.webp\",\"width\":151,\"height\":151,\"caption\":\"tt icon Adobe InDesign Translati\"},{\"@type\":\"BreadcrumbList\",\"@id\":\"https:\\\/\\\/www.trustedtranslations.com\\\/pt-br\\\/servicos\\\/formatos-arquivos\\\/indesign#breadcrumb\",\"itemListElement\":[{\"@type\":\"ListItem\",\"position\":1,\"name\":\"Home\",\"item\":\"https:\\\/\\\/www.trustedtranslations.com\\\/pt-br\"},{\"@type\":\"ListItem\",\"position\":2,\"name\":\"Servi\u00e7os\",\"item\":\"https:\\\/\\\/www.trustedtranslations.com\\\/pt-br\\\/servicos\"},{\"@type\":\"ListItem\",\"position\":3,\"name\":\"Formatos de arquivo\",\"item\":\"https:\\\/\\\/www.trustedtranslations.com\\\/pt-br\\\/servicos\\\/formatos-arquivos\"},{\"@type\":\"ListItem\",\"position\":4,\"name\":\"Adobe InDesign\"}]},{\"@type\":\"WebSite\",\"@id\":\"https:\\\/\\\/www.trustedtranslations.com\\\/pt-br\\\/#website\",\"url\":\"https:\\\/\\\/www.trustedtranslations.com\\\/pt-br\\\/\",\"name\":\"Trusted Translations, Inc.\",\"description\":\"Leader in translation and interpretation services.\",\"publisher\":{\"@id\":\"https:\\\/\\\/www.trustedtranslations.com\\\/pt-br\\\/#organization\"},\"alternateName\":\"Trusted Translations\",\"potentialAction\":[{\"@type\":\"SearchAction\",\"target\":{\"@type\":\"EntryPoint\",\"urlTemplate\":\"https:\\\/\\\/www.trustedtranslations.com\\\/pt-br\\\/?s={search_term_string}\"},\"query-input\":{\"@type\":\"PropertyValueSpecification\",\"valueRequired\":true,\"valueName\":\"search_term_string\"}}],\"inLanguage\":\"pt-BR\"},{\"@type\":\"Organization\",\"@id\":\"https:\\\/\\\/www.trustedtranslations.com\\\/pt-br\\\/#organization\",\"name\":\"Trusted Translations\",\"alternateName\":\"Trusted Translations, Inc.\",\"url\":\"https:\\\/\\\/www.trustedtranslations.com\\\/pt-br\\\/\",\"logo\":{\"@type\":\"ImageObject\",\"inLanguage\":\"pt-BR\",\"@id\":\"https:\\\/\\\/www.trustedtranslations.com\\\/pt-br\\\/#\\\/schema\\\/logo\\\/image\\\/\",\"url\":\"https:\\\/\\\/static.trustedtranslations.com\\\/wp-content\\\/uploads\\\/2022\\\/01\\\/TT_logo_WSIColors-2.png\",\"contentUrl\":\"https:\\\/\\\/static.trustedtranslations.com\\\/wp-content\\\/uploads\\\/2022\\\/01\\\/TT_logo_WSIColors-2.png\",\"width\":500,\"height\":196,\"caption\":\"Trusted Translations\"},\"image\":{\"@id\":\"https:\\\/\\\/www.trustedtranslations.com\\\/pt-br\\\/#\\\/schema\\\/logo\\\/image\\\/\"},\"sameAs\":[\"https:\\\/\\\/www.facebook.com\\\/Trusted.Translations\",\"https:\\\/\\\/x.com\\\/TrustedT9ns\",\"https:\\\/\\\/www.linkedin.com\\\/company\\\/trusted-translations\"]}]}<\/script>\n<!-- \/ Yoast SEO plugin. -->","yoast_head_json":{"title":"Servi\u00e7os de tradu\u00e7\u00e3o em Adobe InDesign - Trusted Translations, Inc.","description":"Trabalhe com a Trusted Translations para as suas necessidades de tradu\u00e7\u00e3o em Adobe InDesign: traduza folhetos, jornais, e-books ou qualquer outra m\u00eddia impressa ou online","robots":{"index":"index","follow":"follow","max-snippet":"max-snippet:-1","max-image-preview":"max-image-preview:large","max-video-preview":"max-video-preview:-1"},"canonical":"https:\/\/www.trustedtranslations.com\/pt-br\/servicos\/formatos-arquivos\/indesign","og_locale":"pt_BR","og_type":"article","og_title":"Servi\u00e7os de tradu\u00e7\u00e3o em Adobe InDesign - Trusted Translations, Inc.","og_description":"Trabalhe com a Trusted Translations para as suas necessidades de tradu\u00e7\u00e3o em Adobe InDesign: traduza folhetos, jornais, e-books ou qualquer outra m\u00eddia impressa ou online","og_url":"https:\/\/www.trustedtranslations.com\/pt-br\/servicos\/formatos-arquivos\/indesign","og_site_name":"Trusted Translations, Inc.","article_publisher":"https:\/\/www.facebook.com\/Trusted.Translations","article_modified_time":"2024-09-02T20:20:04+00:00","og_image":[{"width":151,"height":151,"url":"https:\/\/static.trustedtranslations.com\/wp-content\/uploads\/2024\/02\/tt-icon_Adobe-InDesign-Translati.webp","type":"image\/webp"}],"twitter_card":"summary_large_image","twitter_site":"@TrustedT9ns","schema":{"@context":"https:\/\/schema.org","@graph":[{"@type":"WebPage","@id":"https:\/\/www.trustedtranslations.com\/pt-br\/servicos\/formatos-arquivos\/indesign","url":"https:\/\/www.trustedtranslations.com\/pt-br\/servicos\/formatos-arquivos\/indesign","name":"Servi\u00e7os de tradu\u00e7\u00e3o em Adobe InDesign - Trusted Translations, Inc.","isPartOf":{"@id":"https:\/\/www.trustedtranslations.com\/pt-br\/#website"},"primaryImageOfPage":{"@id":"https:\/\/www.trustedtranslations.com\/pt-br\/servicos\/formatos-arquivos\/indesign#primaryimage"},"image":{"@id":"https:\/\/www.trustedtranslations.com\/pt-br\/servicos\/formatos-arquivos\/indesign#primaryimage"},"thumbnailUrl":"https:\/\/www.trustedtranslations.com\/wp-content\/uploads\/2024\/02\/tt-icon_Adobe-InDesign-Translati.webp","description":"Trabalhe com a Trusted Translations para as suas necessidades de tradu\u00e7\u00e3o em Adobe InDesign: traduza folhetos, jornais, e-books ou qualquer outra m\u00eddia impressa ou online","breadcrumb":{"@id":"https:\/\/www.trustedtranslations.com\/pt-br\/servicos\/formatos-arquivos\/indesign#breadcrumb"},"inLanguage":"pt-BR","potentialAction":[{"@type":"ReadAction","target":["https:\/\/www.trustedtranslations.com\/pt-br\/servicos\/formatos-arquivos\/indesign"]}]},{"@type":"ImageObject","inLanguage":"pt-BR","@id":"https:\/\/www.trustedtranslations.com\/pt-br\/servicos\/formatos-arquivos\/indesign#primaryimage","url":"https:\/\/www.trustedtranslations.com\/wp-content\/uploads\/2024\/02\/tt-icon_Adobe-InDesign-Translati.webp","contentUrl":"https:\/\/www.trustedtranslations.com\/wp-content\/uploads\/2024\/02\/tt-icon_Adobe-InDesign-Translati.webp","width":151,"height":151,"caption":"tt icon Adobe InDesign Translati"},{"@type":"BreadcrumbList","@id":"https:\/\/www.trustedtranslations.com\/pt-br\/servicos\/formatos-arquivos\/indesign#breadcrumb","itemListElement":[{"@type":"ListItem","position":1,"name":"Home","item":"https:\/\/www.trustedtranslations.com\/pt-br"},{"@type":"ListItem","position":2,"name":"Servi\u00e7os","item":"https:\/\/www.trustedtranslations.com\/pt-br\/servicos"},{"@type":"ListItem","position":3,"name":"Formatos de arquivo","item":"https:\/\/www.trustedtranslations.com\/pt-br\/servicos\/formatos-arquivos"},{"@type":"ListItem","position":4,"name":"Adobe InDesign"}]},{"@type":"WebSite","@id":"https:\/\/www.trustedtranslations.com\/pt-br\/#website","url":"https:\/\/www.trustedtranslations.com\/pt-br\/","name":"Trusted Translations, Inc.","description":"Leader in translation and interpretation services.","publisher":{"@id":"https:\/\/www.trustedtranslations.com\/pt-br\/#organization"},"alternateName":"Trusted Translations","potentialAction":[{"@type":"SearchAction","target":{"@type":"EntryPoint","urlTemplate":"https:\/\/www.trustedtranslations.com\/pt-br\/?s={search_term_string}"},"query-input":{"@type":"PropertyValueSpecification","valueRequired":true,"valueName":"search_term_string"}}],"inLanguage":"pt-BR"},{"@type":"Organization","@id":"https:\/\/www.trustedtranslations.com\/pt-br\/#organization","name":"Trusted Translations","alternateName":"Trusted Translations, Inc.","url":"https:\/\/www.trustedtranslations.com\/pt-br\/","logo":{"@type":"ImageObject","inLanguage":"pt-BR","@id":"https:\/\/www.trustedtranslations.com\/pt-br\/#\/schema\/logo\/image\/","url":"https:\/\/static.trustedtranslations.com\/wp-content\/uploads\/2022\/01\/TT_logo_WSIColors-2.png","contentUrl":"https:\/\/static.trustedtranslations.com\/wp-content\/uploads\/2022\/01\/TT_logo_WSIColors-2.png","width":500,"height":196,"caption":"Trusted Translations"},"image":{"@id":"https:\/\/www.trustedtranslations.com\/pt-br\/#\/schema\/logo\/image\/"},"sameAs":["https:\/\/www.facebook.com\/Trusted.Translations","https:\/\/x.com\/TrustedT9ns","https:\/\/www.linkedin.com\/company\/trusted-translations"]}]}},"toolset-meta":{"dyk":{"mensaje-1":{"type":"textfield","raw":"Traduzimos brochuras, revistas, p\u00f4steres, e-books e qualquer outra m\u00eddia impressa ou online."},"mensaje-2":{"type":"textfield","raw":""},"mensaje-3":{"type":"textfield","raw":"Seu documento Adobe InDesign traduzido ser\u00e1 devolvido a voc\u00ea em seu formato e leiaute originais."},"mensaje-4":{"type":"textfield","raw":"Fornecemos as tradu\u00e7\u00f5es mais precisas em Adobe InDesign, prontas para impress\u00e3o."},"mensaje-5":{"type":"textfield","raw":""},"mensaje-6":{"type":"textfield","raw":""}},"single-page-template-fields":{"imgs-temp":{"type":"image","raw":["https:\/\/static.trustedtranslations.com\/wp-content\/uploads\/2024\/06\/Group-150.webp"],"repeatable":[{"raw":"https:\/\/static.trustedtranslations.com\/wp-content\/uploads\/2024\/06\/Group-150.webp"}]},"imgs-temp-cel":{"type":"image","raw":[""],"repeatable":[{"raw":""}]},"img-temp-one-cel":{"type":"image","raw":"https:\/\/static.trustedtranslations.com\/wp-content\/uploads\/2024\/06\/AdobeStock_321775776_Editorial_U.webp","attachment_id":null},"quotes":{"type":"textarea","raw":"<h1 style=\"margin-bottom: 12px;\">Servi\u00e7os de tradu\u00e7\u00e3o em Adobe InDesign<\/h1><p>Quando se trata de traduzir as suas brochuras, revistas, cartazes, jornais, e-books ou qualquer outra m\u00eddia impressa ou online, a Trusted Translations \u00e9 a sua melhor escolha para tradu\u00e7\u00f5es em Adobe InDesign habilmente traduzidas e projetadas. Os nossos tradutores espec\u00edficos do setor traduzir\u00e3o com precis\u00e3o qualquer uma das suas cria\u00e7\u00f5es de m\u00eddia em Adobe InDesign para serem transmitidas a um p\u00fablico mais amplo, e a nossa equipe pr\u00f3pria especializada em design garantir\u00e1 que elas estejam perfeitamente formatadas para uso imediato.<\/p><div style=\"margin-top: 2.5vw;\"><a class=\"tt-btn-main-cta\" href=\"\/pt-br\/solicitud-orcamento\">SOLICITE UM OR\u00c7AMENTO GR\u00c1TIS<\/a><\/div>"},"text-1":{"type":"textarea","raw":"<h2>Processo de tradu\u00e7\u00e3o em Adobe InDesign<\/h2>\r\nUma tradu\u00e7\u00e3o de documento em Adobe InDesign pode envolver um de dois processos. Essa diferen\u00e7a depende principalmente do tipo de documento que recebemos; seja no formato Adobe InDesign ou no formato PDF, determinaremos a qual processo ser\u00e1 submetida a tradu\u00e7\u00e3o.\r\n<h3>Traduzindo seus arquivos em InDesign<\/h3>\r\nO primeiro e mais f\u00e1cil m\u00e9todo de tradu\u00e7\u00e3o come\u00e7a quando recebemos um documento original em Adobe InDesign, que \u00e9 aceito pelas nossas ferramentas de tradu\u00e7\u00e3o assistida por computador (CAT Tools). Isso elimina a necessidade do documento passar por etapas adicionais de pr\u00e9-tradu\u00e7\u00e3o e permite que os nossos tradutores profissionais comecem imediatamente a trabalhar na tradu\u00e7\u00e3o de maneira precisa e oportuna. Os nossos tradutores espec\u00edficos do setor garantir\u00e3o que voc\u00ea receba uma tradu\u00e7\u00e3o especializada para todas as suas m\u00eddias impressas ou online, para que voc\u00ea possa atingir um p\u00fablico mais amplo. Ap\u00f3s a tradu\u00e7\u00e3o, o documento ser\u00e1 formatado e projetado profissionalmente pela nossa equipe de editora\u00e7\u00e3o eletr\u00f4nica. Mesmo documentos com gr\u00e1ficos, imagens incorporadas ou um leiaute com design complexo ser\u00e3o entregues prontos para uso imediato."},"shortcode-map":{"type":"textfield","raw":""},"dyk-shortcode":{"type":"textfield","raw":"[elementor-template id=\"147273\"]"},"text-2":{"type":"textarea","raw":"<h2>Convertendo seus PDFs em InDesign<\/h2>\r\nNo entanto, \u00e9 bastante comum recebermos um documento do Adobe InDesign em formato PDF. Caso n\u00e3o consigamos obter o documento em seu formato original do Adobe InDesign, o documento \u00e9 enviado automaticamente para a nossa equipe profissional de editora\u00e7\u00e3o eletr\u00f4nica (DTP) que pode recriar os seus documentos PDF no formato Adobe InDesign. O primeiro passo da nossa equipe de DTP \u00e9 extrair o texto do documento PDF. Isso permite que os nossos tradutores trabalhem com as nossas Ferramentas de tradu\u00e7\u00e3o assistida por computador (CAT Tools), as quais, por sua vez, resultar\u00e3o numa tradu\u00e7\u00e3o mais precisa. Os nossos tradutores profissionais espec\u00edficos do setor s\u00e3o especialistas em diversas \u00e1reas que permitem que voc\u00ea atinja seu p\u00fablico-alvo espec\u00edfico. O texto traduzido \u00e9 devolvido \u00e0 nossa equipe de editora\u00e7\u00e3o eletr\u00f4nica (DTP) para o reintegrar no layout original e no formato do documento e dar a impress\u00e3o de que nunca foi traduzido.\r\n<h2>Editora\u00e7\u00e3o Eletr\u00f4nica (DTP) para Adobe InDesign<\/h2>\r\nUma etapa de editora\u00e7\u00e3o eletr\u00f4nica (DTP) \u00e9 quase sempre necess\u00e1ria para as tradu\u00e7\u00f5es em Adobe InDesign. Em muitos casos, ela deve passar por uma etapa de editora\u00e7\u00e3o eletr\u00f4nica n\u00e3o apenas uma vez, mas duas vezes, durante o processo de tradu\u00e7\u00e3o: uma pr\u00e9-tradu\u00e7\u00e3o para extrair o texto e uma p\u00f3s-tradu\u00e7\u00e3o para reintegrar o texto nas imagens e reformatar o design. Uma tradu\u00e7\u00e3o simples pode tornar-se bastante complicada se usar fontes separadas para as suas necessidades de tradu\u00e7\u00e3o e design gr\u00e1fico. Se esse for o caso, a\u00a0<em>Trusted Translations<\/em>\u00a0\u00e9 a sua solu\u00e7\u00e3o. N\u00e3o apenas trabalhamos com os tradutores mais profissionais e experientes do setor, como tamb\u00e9m temos uma equipe especializada em editora\u00e7\u00e3o eletr\u00f4nica (DTP) especializada em design relacionado com a tradu\u00e7\u00e3o. Isso permite-nos fornecer uma cria\u00e7\u00e3o do Adobe InDesign totalmente pronta para usar ou pronta para imprimir. Ao trabalhar com a\u00a0<em>Trusted Translations<\/em>\u00a0num projeto de tradu\u00e7\u00e3o em Adobe InDesign, voc\u00ea tem a garantia de receber n\u00e3o apenas uma tradu\u00e7\u00e3o profissional, mas um produto pronto para impress\u00e3o e totalmente projetado para desktop.\r\n<h2>Pronto para Impressora InDesign<\/h2>\r\nQuando voc\u00ea decide trabalhar com a\u00a0<em>Trusted Translations<\/em>\u00a0num projeto de tradu\u00e7\u00e3o do InDesign, garantimos que todas as etapas do processo sejam resolvidas. Se voc\u00ea estiver buscando imprimir suas cria\u00e7\u00f5es em Adobe InDesign, a nossa equipe de especialistas em editora\u00e7\u00e3o eletr\u00f4nica fornecer\u00e1 o documento PDF mais preciso e de alta qualidade, imediatamente pronto para impress\u00e3o. Al\u00e9m disso, a\u00a0<em>Trusted Translations<\/em>\u00a0trabalhar\u00e1 com a sua equipe de design ou a de seu cliente, mediante solicita\u00e7\u00e3o.\r\n\r\nAo trabalhar com a\u00a0<em>Trusted Translations<\/em>, as suas cria\u00e7\u00f5es traduzidas do Adobe InDesign ser\u00e3o devolvidas no seu formato e leiaute originais, sem a necessidade de realizar etapas adicionais."},"state":{"type":"textfield","raw":""},"city":{"type":"textarea","raw":[]}}},"_links":{"self":[{"href":"https:\/\/www.trustedtranslations.com\/pt-br\/wp-json\/wp\/v2\/pages\/135010","targetHints":{"allow":["GET"]}}],"collection":[{"href":"https:\/\/www.trustedtranslations.com\/pt-br\/wp-json\/wp\/v2\/pages"}],"about":[{"href":"https:\/\/www.trustedtranslations.com\/pt-br\/wp-json\/wp\/v2\/types\/page"}],"author":[{"embeddable":true,"href":"https:\/\/www.trustedtranslations.com\/pt-br\/wp-json\/wp\/v2\/users\/1"}],"replies":[{"embeddable":true,"href":"https:\/\/www.trustedtranslations.com\/pt-br\/wp-json\/wp\/v2\/comments?post=135010"}],"version-history":[{"count":0,"href":"https:\/\/www.trustedtranslations.com\/pt-br\/wp-json\/wp\/v2\/pages\/135010\/revisions"}],"up":[{"embeddable":true,"href":"https:\/\/www.trustedtranslations.com\/pt-br\/wp-json\/wp\/v2\/pages\/135015"}],"wp:featuredmedia":[{"embeddable":true,"href":"https:\/\/www.trustedtranslations.com\/pt-br\/wp-json\/wp\/v2\/media\/237997"}],"wp:attachment":[{"href":"https:\/\/www.trustedtranslations.com\/pt-br\/wp-json\/wp\/v2\/media?parent=135010"}],"curies":[{"name":"wp","href":"https:\/\/api.w.org\/{rel}","templated":true}]}}