{"id":135015,"date":"2018-11-13T15:11:30","date_gmt":"2018-11-13T15:11:30","guid":{"rendered":"https:\/\/www.trustedtranslations.com\/?page_id=135015"},"modified":"2024-09-02T17:19:02","modified_gmt":"2024-09-02T20:19:02","slug":"formatos-arquivos","status":"publish","type":"page","link":"https:\/\/www.trustedtranslations.com\/pt-br\/servicos\/formatos-arquivos","title":{"rendered":"Formatos de arquivo"},"content":{"rendered":"","protected":false},"excerpt":{"rendered":"","protected":false},"author":1,"featured_media":139632,"parent":135075,"menu_order":0,"comment_status":"closed","ping_status":"closed","template":"","meta":{"site-sidebar-layout":"default","site-content-layout":"default","ast-site-content-layout":"default","site-content-style":"default","site-sidebar-style":"default","ast-global-header-display":"","ast-banner-title-visibility":"","ast-main-header-display":"","ast-hfb-above-header-display":"","ast-hfb-below-header-display":"","ast-hfb-mobile-header-display":"","site-post-title":"disabled","ast-breadcrumbs-content":"","ast-featured-img":"","footer-sml-layout":"","theme-transparent-header-meta":"default","adv-header-id-meta":"","stick-header-meta":"","header-above-stick-meta":"","header-main-stick-meta":"","header-below-stick-meta":"","astra-migrate-meta-layouts":"set","ast-page-background-enabled":"default","ast-page-background-meta":{"desktop":{"background-color":"var(--ast-global-color-4)","background-image":"","background-repeat":"repeat","background-position":"center center","background-size":"auto","background-attachment":"scroll","background-type":"","background-media":"","overlay-type":"","overlay-color":"","overlay-opacity":"","overlay-gradient":""},"tablet":{"background-color":"","background-image":"","background-repeat":"repeat","background-position":"center center","background-size":"auto","background-attachment":"scroll","background-type":"","background-media":"","overlay-type":"","overlay-color":"","overlay-opacity":"","overlay-gradient":""},"mobile":{"background-color":"","background-image":"","background-repeat":"repeat","background-position":"center center","background-size":"auto","background-attachment":"scroll","background-type":"","background-media":"","overlay-type":"","overlay-color":"","overlay-opacity":"","overlay-gradient":""}},"ast-content-background-meta":{"desktop":{"background-color":"var(--ast-global-color-5)","background-image":"","background-repeat":"repeat","background-position":"center center","background-size":"auto","background-attachment":"scroll","background-type":"","background-media":"","overlay-type":"","overlay-color":"","overlay-opacity":"","overlay-gradient":""},"tablet":{"background-color":"var(--ast-global-color-5)","background-image":"","background-repeat":"repeat","background-position":"center center","background-size":"auto","background-attachment":"scroll","background-type":"","background-media":"","overlay-type":"","overlay-color":"","overlay-opacity":"","overlay-gradient":""},"mobile":{"background-color":"var(--ast-global-color-5)","background-image":"","background-repeat":"repeat","background-position":"center center","background-size":"auto","background-attachment":"scroll","background-type":"","background-media":"","overlay-type":"","overlay-color":"","overlay-opacity":"","overlay-gradient":""}},"footnotes":""},"class_list":["post-135015","page","type-page","status-publish","has-post-thumbnail","hentry"],"yoast_head":"<!-- This site is optimized with the Yoast SEO plugin v27.5 - https:\/\/yoast.com\/product\/yoast-seo-wordpress\/ -->\n<title>Formatos de arquivo manuseados pela Trusted Translations - Servi\u00e7os de tradu\u00e7\u00e3o<\/title>\n<meta name=\"description\" content=\"Na Trusted Translations, trabalhamos com uma equipe de especialistas para lhe fornecer os servi\u00e7os de tradu\u00e7\u00e3o mais precisos em qualquer formato de arquivo.\" \/>\n<meta name=\"robots\" content=\"index, follow, max-snippet:-1, max-image-preview:large, max-video-preview:-1\" \/>\n<link rel=\"canonical\" href=\"https:\/\/www.trustedtranslations.com\/pt-br\/servicos\/formatos-arquivos\" \/>\n<meta property=\"og:locale\" content=\"pt_BR\" \/>\n<meta property=\"og:type\" content=\"article\" \/>\n<meta property=\"og:title\" content=\"Formatos de arquivo manuseados pela Trusted Translations - Servi\u00e7os de tradu\u00e7\u00e3o\" \/>\n<meta property=\"og:description\" content=\"Na Trusted Translations, trabalhamos com uma equipe de especialistas para lhe fornecer os servi\u00e7os de tradu\u00e7\u00e3o mais precisos em qualquer formato de arquivo.\" \/>\n<meta property=\"og:url\" content=\"https:\/\/www.trustedtranslations.com\/pt-br\/servicos\/formatos-arquivos\" \/>\n<meta property=\"og:site_name\" content=\"Trusted Translations, Inc.\" \/>\n<meta property=\"article:publisher\" content=\"https:\/\/www.facebook.com\/Trusted.Translations\" \/>\n<meta property=\"article:modified_time\" content=\"2024-09-02T20:19:02+00:00\" \/>\n<meta property=\"og:image\" content=\"https:\/\/static.trustedtranslations.com\/wp-content\/uploads\/2022\/03\/TT_NEW_FB-1.png\" \/>\n\t<meta property=\"og:image:width\" content=\"1038\" \/>\n\t<meta property=\"og:image:height\" content=\"1038\" \/>\n\t<meta property=\"og:image:type\" content=\"image\/png\" \/>\n<meta name=\"twitter:card\" content=\"summary_large_image\" \/>\n<meta name=\"twitter:site\" content=\"@TrustedT9ns\" \/>\n<script type=\"application\/ld+json\" class=\"yoast-schema-graph\">{\"@context\":\"https:\\\/\\\/schema.org\",\"@graph\":[{\"@type\":\"WebPage\",\"@id\":\"https:\\\/\\\/www.trustedtranslations.com\\\/pt-br\\\/servicos\\\/formatos-arquivos\",\"url\":\"https:\\\/\\\/www.trustedtranslations.com\\\/pt-br\\\/servicos\\\/formatos-arquivos\",\"name\":\"Formatos de arquivo manuseados pela Trusted Translations - Servi\u00e7os de tradu\u00e7\u00e3o\",\"isPartOf\":{\"@id\":\"https:\\\/\\\/www.trustedtranslations.com\\\/pt-br\\\/#website\"},\"primaryImageOfPage\":{\"@id\":\"https:\\\/\\\/www.trustedtranslations.com\\\/pt-br\\\/servicos\\\/formatos-arquivos#primaryimage\"},\"image\":{\"@id\":\"https:\\\/\\\/www.trustedtranslations.com\\\/pt-br\\\/servicos\\\/formatos-arquivos#primaryimage\"},\"thumbnailUrl\":\"https:\\\/\\\/www.trustedtranslations.com\\\/wp-content\\\/uploads\\\/2022\\\/03\\\/TT_NEW_FB-1.png\",\"description\":\"Na Trusted Translations, trabalhamos com uma equipe de especialistas para lhe fornecer os servi\u00e7os de tradu\u00e7\u00e3o mais precisos em qualquer formato de arquivo.\",\"breadcrumb\":{\"@id\":\"https:\\\/\\\/www.trustedtranslations.com\\\/pt-br\\\/servicos\\\/formatos-arquivos#breadcrumb\"},\"inLanguage\":\"pt-BR\",\"potentialAction\":[{\"@type\":\"ReadAction\",\"target\":[\"https:\\\/\\\/www.trustedtranslations.com\\\/pt-br\\\/servicos\\\/formatos-arquivos\"]}]},{\"@type\":\"ImageObject\",\"inLanguage\":\"pt-BR\",\"@id\":\"https:\\\/\\\/www.trustedtranslations.com\\\/pt-br\\\/servicos\\\/formatos-arquivos#primaryimage\",\"url\":\"https:\\\/\\\/www.trustedtranslations.com\\\/wp-content\\\/uploads\\\/2022\\\/03\\\/TT_NEW_FB-1.png\",\"contentUrl\":\"https:\\\/\\\/www.trustedtranslations.com\\\/wp-content\\\/uploads\\\/2022\\\/03\\\/TT_NEW_FB-1.png\",\"width\":1038,\"height\":1038,\"caption\":\"TT NEW FB 1\"},{\"@type\":\"BreadcrumbList\",\"@id\":\"https:\\\/\\\/www.trustedtranslations.com\\\/pt-br\\\/servicos\\\/formatos-arquivos#breadcrumb\",\"itemListElement\":[{\"@type\":\"ListItem\",\"position\":1,\"name\":\"Home\",\"item\":\"https:\\\/\\\/www.trustedtranslations.com\\\/pt-br\"},{\"@type\":\"ListItem\",\"position\":2,\"name\":\"Servi\u00e7os\",\"item\":\"https:\\\/\\\/www.trustedtranslations.com\\\/pt-br\\\/servicos\"},{\"@type\":\"ListItem\",\"position\":3,\"name\":\"Formatos de arquivo\"}]},{\"@type\":\"WebSite\",\"@id\":\"https:\\\/\\\/www.trustedtranslations.com\\\/pt-br\\\/#website\",\"url\":\"https:\\\/\\\/www.trustedtranslations.com\\\/pt-br\\\/\",\"name\":\"Trusted Translations, Inc.\",\"description\":\"Leader in translation and interpretation services.\",\"publisher\":{\"@id\":\"https:\\\/\\\/www.trustedtranslations.com\\\/pt-br\\\/#organization\"},\"alternateName\":\"Trusted Translations\",\"potentialAction\":[{\"@type\":\"SearchAction\",\"target\":{\"@type\":\"EntryPoint\",\"urlTemplate\":\"https:\\\/\\\/www.trustedtranslations.com\\\/pt-br\\\/?s={search_term_string}\"},\"query-input\":{\"@type\":\"PropertyValueSpecification\",\"valueRequired\":true,\"valueName\":\"search_term_string\"}}],\"inLanguage\":\"pt-BR\"},{\"@type\":\"Organization\",\"@id\":\"https:\\\/\\\/www.trustedtranslations.com\\\/pt-br\\\/#organization\",\"name\":\"Trusted Translations\",\"alternateName\":\"Trusted Translations, Inc.\",\"url\":\"https:\\\/\\\/www.trustedtranslations.com\\\/pt-br\\\/\",\"logo\":{\"@type\":\"ImageObject\",\"inLanguage\":\"pt-BR\",\"@id\":\"https:\\\/\\\/www.trustedtranslations.com\\\/pt-br\\\/#\\\/schema\\\/logo\\\/image\\\/\",\"url\":\"https:\\\/\\\/static.trustedtranslations.com\\\/wp-content\\\/uploads\\\/2022\\\/01\\\/TT_logo_WSIColors-2.png\",\"contentUrl\":\"https:\\\/\\\/static.trustedtranslations.com\\\/wp-content\\\/uploads\\\/2022\\\/01\\\/TT_logo_WSIColors-2.png\",\"width\":500,\"height\":196,\"caption\":\"Trusted Translations\"},\"image\":{\"@id\":\"https:\\\/\\\/www.trustedtranslations.com\\\/pt-br\\\/#\\\/schema\\\/logo\\\/image\\\/\"},\"sameAs\":[\"https:\\\/\\\/www.facebook.com\\\/Trusted.Translations\",\"https:\\\/\\\/x.com\\\/TrustedT9ns\",\"https:\\\/\\\/www.linkedin.com\\\/company\\\/trusted-translations\"]}]}<\/script>\n<!-- \/ Yoast SEO plugin. -->","yoast_head_json":{"title":"Formatos de arquivo manuseados pela Trusted Translations - Servi\u00e7os de tradu\u00e7\u00e3o","description":"Na Trusted Translations, trabalhamos com uma equipe de especialistas para lhe fornecer os servi\u00e7os de tradu\u00e7\u00e3o mais precisos em qualquer formato de arquivo.","robots":{"index":"index","follow":"follow","max-snippet":"max-snippet:-1","max-image-preview":"max-image-preview:large","max-video-preview":"max-video-preview:-1"},"canonical":"https:\/\/www.trustedtranslations.com\/pt-br\/servicos\/formatos-arquivos","og_locale":"pt_BR","og_type":"article","og_title":"Formatos de arquivo manuseados pela Trusted Translations - Servi\u00e7os de tradu\u00e7\u00e3o","og_description":"Na Trusted Translations, trabalhamos com uma equipe de especialistas para lhe fornecer os servi\u00e7os de tradu\u00e7\u00e3o mais precisos em qualquer formato de arquivo.","og_url":"https:\/\/www.trustedtranslations.com\/pt-br\/servicos\/formatos-arquivos","og_site_name":"Trusted Translations, Inc.","article_publisher":"https:\/\/www.facebook.com\/Trusted.Translations","article_modified_time":"2024-09-02T20:19:02+00:00","og_image":[{"width":1038,"height":1038,"url":"https:\/\/static.trustedtranslations.com\/wp-content\/uploads\/2022\/03\/TT_NEW_FB-1.png","type":"image\/png"}],"twitter_card":"summary_large_image","twitter_site":"@TrustedT9ns","schema":{"@context":"https:\/\/schema.org","@graph":[{"@type":"WebPage","@id":"https:\/\/www.trustedtranslations.com\/pt-br\/servicos\/formatos-arquivos","url":"https:\/\/www.trustedtranslations.com\/pt-br\/servicos\/formatos-arquivos","name":"Formatos de arquivo manuseados pela Trusted Translations - Servi\u00e7os de tradu\u00e7\u00e3o","isPartOf":{"@id":"https:\/\/www.trustedtranslations.com\/pt-br\/#website"},"primaryImageOfPage":{"@id":"https:\/\/www.trustedtranslations.com\/pt-br\/servicos\/formatos-arquivos#primaryimage"},"image":{"@id":"https:\/\/www.trustedtranslations.com\/pt-br\/servicos\/formatos-arquivos#primaryimage"},"thumbnailUrl":"https:\/\/www.trustedtranslations.com\/wp-content\/uploads\/2022\/03\/TT_NEW_FB-1.png","description":"Na Trusted Translations, trabalhamos com uma equipe de especialistas para lhe fornecer os servi\u00e7os de tradu\u00e7\u00e3o mais precisos em qualquer formato de arquivo.","breadcrumb":{"@id":"https:\/\/www.trustedtranslations.com\/pt-br\/servicos\/formatos-arquivos#breadcrumb"},"inLanguage":"pt-BR","potentialAction":[{"@type":"ReadAction","target":["https:\/\/www.trustedtranslations.com\/pt-br\/servicos\/formatos-arquivos"]}]},{"@type":"ImageObject","inLanguage":"pt-BR","@id":"https:\/\/www.trustedtranslations.com\/pt-br\/servicos\/formatos-arquivos#primaryimage","url":"https:\/\/www.trustedtranslations.com\/wp-content\/uploads\/2022\/03\/TT_NEW_FB-1.png","contentUrl":"https:\/\/www.trustedtranslations.com\/wp-content\/uploads\/2022\/03\/TT_NEW_FB-1.png","width":1038,"height":1038,"caption":"TT NEW FB 1"},{"@type":"BreadcrumbList","@id":"https:\/\/www.trustedtranslations.com\/pt-br\/servicos\/formatos-arquivos#breadcrumb","itemListElement":[{"@type":"ListItem","position":1,"name":"Home","item":"https:\/\/www.trustedtranslations.com\/pt-br"},{"@type":"ListItem","position":2,"name":"Servi\u00e7os","item":"https:\/\/www.trustedtranslations.com\/pt-br\/servicos"},{"@type":"ListItem","position":3,"name":"Formatos de arquivo"}]},{"@type":"WebSite","@id":"https:\/\/www.trustedtranslations.com\/pt-br\/#website","url":"https:\/\/www.trustedtranslations.com\/pt-br\/","name":"Trusted Translations, Inc.","description":"Leader in translation and interpretation services.","publisher":{"@id":"https:\/\/www.trustedtranslations.com\/pt-br\/#organization"},"alternateName":"Trusted Translations","potentialAction":[{"@type":"SearchAction","target":{"@type":"EntryPoint","urlTemplate":"https:\/\/www.trustedtranslations.com\/pt-br\/?s={search_term_string}"},"query-input":{"@type":"PropertyValueSpecification","valueRequired":true,"valueName":"search_term_string"}}],"inLanguage":"pt-BR"},{"@type":"Organization","@id":"https:\/\/www.trustedtranslations.com\/pt-br\/#organization","name":"Trusted Translations","alternateName":"Trusted Translations, Inc.","url":"https:\/\/www.trustedtranslations.com\/pt-br\/","logo":{"@type":"ImageObject","inLanguage":"pt-BR","@id":"https:\/\/www.trustedtranslations.com\/pt-br\/#\/schema\/logo\/image\/","url":"https:\/\/static.trustedtranslations.com\/wp-content\/uploads\/2022\/01\/TT_logo_WSIColors-2.png","contentUrl":"https:\/\/static.trustedtranslations.com\/wp-content\/uploads\/2022\/01\/TT_logo_WSIColors-2.png","width":500,"height":196,"caption":"Trusted Translations"},"image":{"@id":"https:\/\/www.trustedtranslations.com\/pt-br\/#\/schema\/logo\/image\/"},"sameAs":["https:\/\/www.facebook.com\/Trusted.Translations","https:\/\/x.com\/TrustedT9ns","https:\/\/www.linkedin.com\/company\/trusted-translations"]}]}},"toolset-meta":{"dyk":{"mensaje-1":{"type":"textfield","raw":"Fornecemos tradu\u00e7\u00f5es prontas para uso imediato em v\u00e1rios formatos de arquivo."},"mensaje-2":{"type":"textfield","raw":""},"mensaje-3":{"type":"textfield","raw":""},"mensaje-4":{"type":"textfield","raw":""},"mensaje-5":{"type":"textfield","raw":""},"mensaje-6":{"type":"textfield","raw":""}},"single-page-template-fields":{"imgs-temp":{"type":"image","raw":["https:\/\/static.trustedtranslations.com\/wp-content\/uploads\/2024\/04\/services-final-7-1-1.webp"],"repeatable":[{"raw":"https:\/\/static.trustedtranslations.com\/wp-content\/uploads\/2024\/04\/services-final-7-1-1.webp"}]},"imgs-temp-cel":{"type":"image","raw":[""],"repeatable":[{"raw":""}]},"img-temp-one-cel":{"type":"image","raw":"https:\/\/static.trustedtranslations.com\/wp-content\/uploads\/2023\/03\/AdobeStock_291507034_Editorial_Use_Only-2-1.jpg","attachment_id":null},"quotes":{"type":"textarea","raw":"<h1 style=\"margin-bottom: 12px;\">Formatos de Arquivo e Software<\/h1>Na Trusted Translations trabalhamos com uma equipe de especialistas e profissionais qualificados para lhe fornecer os servi\u00e7os de tradu\u00e7\u00e3o mais precisos em qualquer formato de arquivo ou software. A nossa equipe especializada com pessoal de TI, tradutores e revisores espec\u00edficos do setor e diagramadores permitem-nos produzir tradu\u00e7\u00f5es da mais alta qualidade no setor; n\u00e3o importa qu\u00e3o complexo ou desafiador possa ser o formato ou software original para traduzir.<div style=\"margin-top: 2.5vw;\"><a class=\"tt-btn-main-cta\" href=\"\/pt-br\/solicitud-orcamento\">SOLICITE UM OR\u00c7AMENTO GR\u00c1TIS<\/a><\/div>"},"text-1":{"type":"textarea","raw":"<h2 style=\"margin-top: -10px;\">Traduzir qualquer formato de arquivo e software<\/h2>A Trusted Translations usa uma plataforma eficaz que suporta quase todos os formatos de arquivos e software. Os nossos servi\u00e7os de tradu\u00e7\u00e3o s\u00e3o projetados para simplificar o processo de tradu\u00e7\u00e3o para que voc\u00ea possa continuar a concentrar-se na experi\u00eancia central da sua empresa. Quando recebemos um formato de arquivo espec\u00edfico, forneceremos um produto traduzido e projetado profissionalmente no formato do seu arquivo original. O nosso servi\u00e7o completo inclui tudo, desde a extra\u00e7\u00e3o de texto \u00e0 tradu\u00e7\u00e3o espec\u00edfica do setor e um servi\u00e7o de design profissional para reformatar o texto traduzido no documento original. Dessa forma, voc\u00ea n\u00e3o precisar\u00e1 gastar tempo desnecess\u00e1rio na contrata\u00e7\u00e3o de empresas separadas para as suas necessidades de tradu\u00e7\u00e3o e design gr\u00e1fico."},"shortcode-map":{"type":"textfield","raw":""},"dyk-shortcode":{"type":"textfield","raw":"[elementor-template id=\"147273\"]"},"text-2":{"type":"textarea","raw":"<h2>Formatos de Arquivos e Software Suportados<\/h2>\r\nA equipe profissional da\u00a0<em>Trusted Translations<\/em>\u2018 possui o conhecimento necess\u00e1rio para trabalhar com os seguintes formatos de arquivo e software, entre outros:\r\n<ul>\r\n \t<li><a class=\"broken_link\" href=\"https:\/\/www.trustedtranslations.com\/pt-br\/servicos\/formatos-arquivos\/pdf\">Adobe Acrobat \u2013 PDF<\/a><\/li>\r\n \t<li><a href=\"https:\/\/www.trustedtranslations.com\/pt-br\/servicos\/formatos-arquivos\/flash\">Adobe Flash<\/a><\/li>\r\n \t<li><a class=\"broken_link\" href=\"https:\/\/www.trustedtranslations.com\/pt-br\/servicos\/formatos-arquivos\/framemaker\">Adobe FrameMaker<\/a><\/li>\r\n \t<li><a class=\"broken_link\" href=\"https:\/\/www.trustedtranslations.com\/pt-br\/servicos\/formatos-arquivos\/imagens\">Adobe Illustrator<\/a><\/li>\r\n \t<li><a class=\"broken_link\" href=\"https:\/\/www.trustedtranslations.com\/pt-br\/servicos\/formatos-arquivos\/indesign\">Adobe InDesign<\/a><\/li>\r\n \t<li><a class=\"broken_link\">Adobe Photoshop<\/a><\/li>\r\n \t<li><a class=\"broken_link\" href=\"https:\/\/www.trustedtranslations.com\/pt-br\/servicos\/formatos-arquivos\/premiere\">Adobe Premiere<\/a><\/li>\r\n \t<li>Android strings<\/li>\r\n \t<li>Arquivos bilingues (XLIFF, TTX, SDLXLIFF)<\/li>\r\n \t<li>Arquivos HTML<\/li>\r\n \t<li>Arquivos JSON<\/li>\r\n \t<li><a href=\"https:\/\/www.trustedtranslations.com\/pt-br\/servicos\/formatos-arquivos\/autocad\">AutoCAD<\/a><\/li>\r\n \t<li>CorelDraw<\/li>\r\n \t<li><a href=\"https:\/\/www.trustedtranslations.com\/pt-br\/servicos\/formatos-arquivos\/excel\">CSV<\/a><\/li>\r\n \t<li>DITA<\/li>\r\n \t<li>Drupal<\/li>\r\n \t<li>iOS String<\/li>\r\n \t<li>Joomla<\/li>\r\n \t<li><a href=\"https:\/\/www.trustedtranslations.com\/pt-br\/servicos\/formatos-arquivos\/lectora\">Lectora<\/a><\/li>\r\n \t<li><a href=\"https:\/\/www.trustedtranslations.com\/pt-br\/servicos\/formatos-arquivos\/excel\">Microsoft Excel<\/a><\/li>\r\n \t<li><a class=\"broken_link\" href=\"https:\/\/www.trustedtranslations.com\/pt-br\/servicos\/formatos-arquivos\/PowerPoint\">Microsoft PowerPoint<\/a><\/li>\r\n \t<li><a class=\"broken_link\" href=\"https:\/\/www.trustedtranslations.com\/pt-br\/servicos\/formatos-arquivos\/project\">Microsoft Project<\/a><\/li>\r\n \t<li><a class=\"broken_link\" href=\"https:\/\/www.trustedtranslations.com\/pt-br\/servicos\/formatos-arquivos\/publisher\">Microsoft Publisher<\/a><\/li>\r\n \t<li><a class=\"broken_link\" href=\"https:\/\/www.trustedtranslations.com\/pt-br\/servicos\/formatos-arquivos\/Visio\">Microsoft Visio<\/a><\/li>\r\n \t<li><a class=\"broken_link\" href=\"https:\/\/www.trustedtranslations.com\/pt-br\/servicos\/formatos-arquivos\/word\">Microsoft Word<\/a><\/li>\r\n \t<li>PHP<\/li>\r\n \t<li>PO gettext<\/li>\r\n \t<li><a class=\"broken_link\" href=\"https:\/\/www.trustedtranslations.com\/pt-br\/servicos\/formatos-arquivos\/pages-for-mac\">Pages for Mac<\/a><\/li>\r\n \t<li>Properties<\/li>\r\n \t<li><a href=\"https:\/\/www.trustedtranslations.com\/pt-br\/servicos\/formatos-arquivos\/quarkxpress\">QuarkXPress<\/a><\/li>\r\n \t<li><a class=\"broken_link\" href=\"https:\/\/www.trustedtranslations.com\/pt-br\/servicos\/formatos-arquivos\/robohelp\">Robohelp<\/a><\/li>\r\n \t<li>TXT<\/li>\r\n \t<li><a class=\"broken_link\" href=\"https:\/\/www.trustedtranslations.com\/pt-br\/servicos\/formatos-arquivos\/wordpress\">WordPress<\/a><\/li>\r\n \t<li>XML<\/li>\r\n \t<li>YAML<\/li>\r\n<\/ul>\r\nA\u00a0<em>Trusted Translations<\/em>\u00a0n\u00e3o apenas oferece os servi\u00e7os de um processo de tradu\u00e7\u00e3o completo (tradu\u00e7\u00e3o, edi\u00e7\u00e3o, revis\u00e3o), mas se um formato de arquivo exigir servi\u00e7os especiais de edi\u00e7\u00e3o gr\u00e1fica ou da nossa equipe especializada de TI, oferecemos esses servi\u00e7os como parte do processo completo de tradu\u00e7\u00e3o. A nossa equipe especializada de profissionais trabalha para lhe oferecer tradu\u00e7\u00f5es da mais alta qualidade no setor, independentemente do tamanho ou da complexidade do formato de arquivo original. Al\u00e9m disso, os nossos tradutores espec\u00edficos do setor n\u00e3o s\u00f3 traduzir\u00e3o com precis\u00e3o os seus projetos, para que voc\u00ea possa atingir um p\u00fablico global mais amplo, mas tamb\u00e9m os localizar\u00e3o para que voc\u00ea possa atingir o seu p\u00fablico-alvo com a maior precis\u00e3o poss\u00edvel. A escolha da\u00a0<em>Trusted Translations<\/em>\u00a0\u00e9 a solu\u00e7\u00e3o \u00fanica para todas as suas necessidades de projetos de tradu\u00e7\u00e3o; fornecemos todos os recursos necess\u00e1rios para um processo de tradu\u00e7\u00e3o completo e garantimos um produto final pronto para uso imediato."},"state":{"type":"textfield","raw":""},"city":{"type":"textarea","raw":[]}}},"_links":{"self":[{"href":"https:\/\/www.trustedtranslations.com\/pt-br\/wp-json\/wp\/v2\/pages\/135015","targetHints":{"allow":["GET"]}}],"collection":[{"href":"https:\/\/www.trustedtranslations.com\/pt-br\/wp-json\/wp\/v2\/pages"}],"about":[{"href":"https:\/\/www.trustedtranslations.com\/pt-br\/wp-json\/wp\/v2\/types\/page"}],"author":[{"embeddable":true,"href":"https:\/\/www.trustedtranslations.com\/pt-br\/wp-json\/wp\/v2\/users\/1"}],"replies":[{"embeddable":true,"href":"https:\/\/www.trustedtranslations.com\/pt-br\/wp-json\/wp\/v2\/comments?post=135015"}],"version-history":[{"count":0,"href":"https:\/\/www.trustedtranslations.com\/pt-br\/wp-json\/wp\/v2\/pages\/135015\/revisions"}],"up":[{"embeddable":true,"href":"https:\/\/www.trustedtranslations.com\/pt-br\/wp-json\/wp\/v2\/pages\/135075"}],"wp:featuredmedia":[{"embeddable":true,"href":"https:\/\/www.trustedtranslations.com\/pt-br\/wp-json\/wp\/v2\/media\/139632"}],"wp:attachment":[{"href":"https:\/\/www.trustedtranslations.com\/pt-br\/wp-json\/wp\/v2\/media?parent=135015"}],"curies":[{"name":"wp","href":"https:\/\/api.w.org\/{rel}","templated":true}]}}