{"id":135018,"date":"2018-11-13T14:39:06","date_gmt":"2018-11-13T14:39:06","guid":{"rendered":"https:\/\/www.trustedtranslations.com\/?page_id=135018"},"modified":"2026-03-27T14:58:08","modified_gmt":"2026-03-27T17:58:08","slug":"transcricao","status":"publish","type":"page","link":"https:\/\/www.trustedtranslations.com\/pt-br\/servicos\/humana\/transcricao","title":{"rendered":"Transcri\u00e7\u00e3o"},"content":{"rendered":"","protected":false},"excerpt":{"rendered":"","protected":false},"author":1,"featured_media":235624,"parent":294101,"menu_order":8,"comment_status":"closed","ping_status":"closed","template":"","meta":{"site-sidebar-layout":"default","site-content-layout":"default","ast-site-content-layout":"default","site-content-style":"default","site-sidebar-style":"default","ast-global-header-display":"","ast-banner-title-visibility":"","ast-main-header-display":"","ast-hfb-above-header-display":"","ast-hfb-below-header-display":"","ast-hfb-mobile-header-display":"","site-post-title":"disabled","ast-breadcrumbs-content":"","ast-featured-img":"","footer-sml-layout":"","ast-disable-related-posts":"","theme-transparent-header-meta":"default","adv-header-id-meta":"","stick-header-meta":"","header-above-stick-meta":"","header-main-stick-meta":"","header-below-stick-meta":"","astra-migrate-meta-layouts":"set","ast-page-background-enabled":"default","ast-page-background-meta":{"desktop":{"background-color":"var(--ast-global-color-4)","background-image":"","background-repeat":"repeat","background-position":"center center","background-size":"auto","background-attachment":"scroll","background-type":"","background-media":"","overlay-type":"","overlay-color":"","overlay-opacity":"","overlay-gradient":""},"tablet":{"background-color":"","background-image":"","background-repeat":"repeat","background-position":"center center","background-size":"auto","background-attachment":"scroll","background-type":"","background-media":"","overlay-type":"","overlay-color":"","overlay-opacity":"","overlay-gradient":""},"mobile":{"background-color":"","background-image":"","background-repeat":"repeat","background-position":"center center","background-size":"auto","background-attachment":"scroll","background-type":"","background-media":"","overlay-type":"","overlay-color":"","overlay-opacity":"","overlay-gradient":""}},"ast-content-background-meta":{"desktop":{"background-color":"var(--ast-global-color-5)","background-image":"","background-repeat":"repeat","background-position":"center center","background-size":"auto","background-attachment":"scroll","background-type":"","background-media":"","overlay-type":"","overlay-color":"","overlay-opacity":"","overlay-gradient":""},"tablet":{"background-color":"var(--ast-global-color-5)","background-image":"","background-repeat":"repeat","background-position":"center center","background-size":"auto","background-attachment":"scroll","background-type":"","background-media":"","overlay-type":"","overlay-color":"","overlay-opacity":"","overlay-gradient":""},"mobile":{"background-color":"var(--ast-global-color-5)","background-image":"","background-repeat":"repeat","background-position":"center center","background-size":"auto","background-attachment":"scroll","background-type":"","background-media":"","overlay-type":"","overlay-color":"","overlay-opacity":"","overlay-gradient":""}},"footnotes":""},"class_list":["post-135018","page","type-page","status-publish","has-post-thumbnail","hentry"],"yoast_head":"<!-- This site is optimized with the Yoast SEO plugin v27.3 - https:\/\/yoast.com\/product\/yoast-seo-wordpress\/ -->\n<title>Servi\u00e7os de Transcri\u00e7\u00e3o: Transcri\u00e7\u00f5es de \u00e1udio e v\u00eddeo em todos os formatos<\/title>\n<meta name=\"description\" content=\"O nosso objetivo na Trusted Translations \u00e9 fornecer um servi\u00e7o de transcri\u00e7\u00e3o de todos os tipos e em todos os idiomas para cuidar de todas as suas necessidades de transcri\u00e7\u00e3o. Solicite um or\u00e7amento gratuito.\" \/>\n<meta name=\"robots\" content=\"index, follow, max-snippet:-1, max-image-preview:large, max-video-preview:-1\" \/>\n<link rel=\"canonical\" href=\"https:\/\/www.trustedtranslations.com\/pt-br\/servicos\/humana\/transcricao\" \/>\n<meta property=\"og:locale\" content=\"pt_BR\" \/>\n<meta property=\"og:type\" content=\"article\" \/>\n<meta property=\"og:title\" content=\"Servi\u00e7os de Transcri\u00e7\u00e3o: Transcri\u00e7\u00f5es de \u00e1udio e v\u00eddeo em todos os formatos\" \/>\n<meta property=\"og:description\" content=\"O nosso objetivo na Trusted Translations \u00e9 fornecer um servi\u00e7o de transcri\u00e7\u00e3o de todos os tipos e em todos os idiomas para cuidar de todas as suas necessidades de transcri\u00e7\u00e3o. Solicite um or\u00e7amento gratuito.\" \/>\n<meta property=\"og:url\" content=\"https:\/\/www.trustedtranslations.com\/pt-br\/servicos\/humana\/transcricao\" \/>\n<meta property=\"og:site_name\" content=\"Trusted Translations, Inc.\" \/>\n<meta property=\"article:publisher\" content=\"https:\/\/www.facebook.com\/Trusted.Translations\" \/>\n<meta property=\"article:modified_time\" content=\"2026-03-27T17:58:08+00:00\" \/>\n<meta property=\"og:image\" content=\"https:\/\/www.trustedtranslations.com\/wp-content\/uploads\/2024\/02\/TT-ICON_Transcription-Services_.webp\" \/>\n\t<meta property=\"og:image:width\" content=\"151\" \/>\n\t<meta property=\"og:image:height\" content=\"151\" \/>\n\t<meta property=\"og:image:type\" content=\"image\/webp\" \/>\n<meta name=\"twitter:card\" content=\"summary_large_image\" \/>\n<meta name=\"twitter:site\" content=\"@TrustedT9ns\" \/>\n<script type=\"application\/ld+json\" class=\"yoast-schema-graph\">{\"@context\":\"https:\\\/\\\/schema.org\",\"@graph\":[{\"@type\":\"WebPage\",\"@id\":\"https:\\\/\\\/www.trustedtranslations.com\\\/pt-br\\\/servicos\\\/humana\\\/transcricao\",\"url\":\"https:\\\/\\\/www.trustedtranslations.com\\\/pt-br\\\/servicos\\\/humana\\\/transcricao\",\"name\":\"Servi\u00e7os de Transcri\u00e7\u00e3o: Transcri\u00e7\u00f5es de \u00e1udio e v\u00eddeo em todos os formatos\",\"isPartOf\":{\"@id\":\"https:\\\/\\\/www.trustedtranslations.com\\\/pt-br\\\/#website\"},\"primaryImageOfPage\":{\"@id\":\"https:\\\/\\\/www.trustedtranslations.com\\\/pt-br\\\/servicos\\\/humana\\\/transcricao#primaryimage\"},\"image\":{\"@id\":\"https:\\\/\\\/www.trustedtranslations.com\\\/pt-br\\\/servicos\\\/humana\\\/transcricao#primaryimage\"},\"thumbnailUrl\":\"https:\\\/\\\/www.trustedtranslations.com\\\/wp-content\\\/uploads\\\/2024\\\/02\\\/TT-ICON_Transcription-Services_.webp\",\"description\":\"O nosso objetivo na Trusted Translations \u00e9 fornecer um servi\u00e7o de transcri\u00e7\u00e3o de todos os tipos e em todos os idiomas para cuidar de todas as suas necessidades de transcri\u00e7\u00e3o. Solicite um or\u00e7amento gratuito.\",\"breadcrumb\":{\"@id\":\"https:\\\/\\\/www.trustedtranslations.com\\\/pt-br\\\/servicos\\\/humana\\\/transcricao#breadcrumb\"},\"inLanguage\":\"pt-BR\",\"potentialAction\":[{\"@type\":\"ReadAction\",\"target\":[\"https:\\\/\\\/www.trustedtranslations.com\\\/pt-br\\\/servicos\\\/humana\\\/transcricao\"]}]},{\"@type\":\"ImageObject\",\"inLanguage\":\"pt-BR\",\"@id\":\"https:\\\/\\\/www.trustedtranslations.com\\\/pt-br\\\/servicos\\\/humana\\\/transcricao#primaryimage\",\"url\":\"https:\\\/\\\/www.trustedtranslations.com\\\/wp-content\\\/uploads\\\/2024\\\/02\\\/TT-ICON_Transcription-Services_.webp\",\"contentUrl\":\"https:\\\/\\\/www.trustedtranslations.com\\\/wp-content\\\/uploads\\\/2024\\\/02\\\/TT-ICON_Transcription-Services_.webp\",\"width\":151,\"height\":151,\"caption\":\"TT ICON Transcription Services\"},{\"@type\":\"BreadcrumbList\",\"@id\":\"https:\\\/\\\/www.trustedtranslations.com\\\/pt-br\\\/servicos\\\/humana\\\/transcricao#breadcrumb\",\"itemListElement\":[{\"@type\":\"ListItem\",\"position\":1,\"name\":\"Home\",\"item\":\"https:\\\/\\\/www.trustedtranslations.com\\\/pt-br\"},{\"@type\":\"ListItem\",\"position\":2,\"name\":\"Servi\u00e7os\",\"item\":\"https:\\\/\\\/www.trustedtranslations.com\\\/pt-br\\\/servicos\"},{\"@type\":\"ListItem\",\"position\":3,\"name\":\"Servi\u00e7os de p\u00f3s-produ\u00e7\u00e3o de m\u00eddia\",\"item\":\"https:\\\/\\\/www.trustedtranslations.com\\\/pt-br\\\/servicos\\\/servicos-de-pos-producao-de-midia\"},{\"@type\":\"ListItem\",\"position\":4,\"name\":\"Transcri\u00e7\u00e3o\"}]},{\"@type\":\"WebSite\",\"@id\":\"https:\\\/\\\/www.trustedtranslations.com\\\/pt-br\\\/#website\",\"url\":\"https:\\\/\\\/www.trustedtranslations.com\\\/pt-br\\\/\",\"name\":\"Trusted Translations, Inc.\",\"description\":\"Leader in translation and interpretation services.\",\"publisher\":{\"@id\":\"https:\\\/\\\/www.trustedtranslations.com\\\/pt-br\\\/#organization\"},\"alternateName\":\"Trusted Translations\",\"potentialAction\":[{\"@type\":\"SearchAction\",\"target\":{\"@type\":\"EntryPoint\",\"urlTemplate\":\"https:\\\/\\\/www.trustedtranslations.com\\\/pt-br\\\/?s={search_term_string}\"},\"query-input\":{\"@type\":\"PropertyValueSpecification\",\"valueRequired\":true,\"valueName\":\"search_term_string\"}}],\"inLanguage\":\"pt-BR\"},{\"@type\":\"Organization\",\"@id\":\"https:\\\/\\\/www.trustedtranslations.com\\\/pt-br\\\/#organization\",\"name\":\"Trusted Translations\",\"alternateName\":\"Trusted Translations, Inc.\",\"url\":\"https:\\\/\\\/www.trustedtranslations.com\\\/pt-br\\\/\",\"logo\":{\"@type\":\"ImageObject\",\"inLanguage\":\"pt-BR\",\"@id\":\"https:\\\/\\\/www.trustedtranslations.com\\\/pt-br\\\/#\\\/schema\\\/logo\\\/image\\\/\",\"url\":\"https:\\\/\\\/static.trustedtranslations.com\\\/wp-content\\\/uploads\\\/2022\\\/01\\\/TT_logo_WSIColors-2.png\",\"contentUrl\":\"https:\\\/\\\/static.trustedtranslations.com\\\/wp-content\\\/uploads\\\/2022\\\/01\\\/TT_logo_WSIColors-2.png\",\"width\":500,\"height\":196,\"caption\":\"Trusted Translations\"},\"image\":{\"@id\":\"https:\\\/\\\/www.trustedtranslations.com\\\/pt-br\\\/#\\\/schema\\\/logo\\\/image\\\/\"},\"sameAs\":[\"https:\\\/\\\/www.facebook.com\\\/Trusted.Translations\",\"https:\\\/\\\/x.com\\\/TrustedT9ns\",\"https:\\\/\\\/www.linkedin.com\\\/company\\\/trusted-translations\"]}]}<\/script>\n<!-- \/ Yoast SEO plugin. -->","yoast_head_json":{"title":"Servi\u00e7os de Transcri\u00e7\u00e3o: Transcri\u00e7\u00f5es de \u00e1udio e v\u00eddeo em todos os formatos","description":"O nosso objetivo na Trusted Translations \u00e9 fornecer um servi\u00e7o de transcri\u00e7\u00e3o de todos os tipos e em todos os idiomas para cuidar de todas as suas necessidades de transcri\u00e7\u00e3o. Solicite um or\u00e7amento gratuito.","robots":{"index":"index","follow":"follow","max-snippet":"max-snippet:-1","max-image-preview":"max-image-preview:large","max-video-preview":"max-video-preview:-1"},"canonical":"https:\/\/www.trustedtranslations.com\/pt-br\/servicos\/humana\/transcricao","og_locale":"pt_BR","og_type":"article","og_title":"Servi\u00e7os de Transcri\u00e7\u00e3o: Transcri\u00e7\u00f5es de \u00e1udio e v\u00eddeo em todos os formatos","og_description":"O nosso objetivo na Trusted Translations \u00e9 fornecer um servi\u00e7o de transcri\u00e7\u00e3o de todos os tipos e em todos os idiomas para cuidar de todas as suas necessidades de transcri\u00e7\u00e3o. Solicite um or\u00e7amento gratuito.","og_url":"https:\/\/www.trustedtranslations.com\/pt-br\/servicos\/humana\/transcricao","og_site_name":"Trusted Translations, Inc.","article_publisher":"https:\/\/www.facebook.com\/Trusted.Translations","article_modified_time":"2026-03-27T17:58:08+00:00","og_image":[{"width":151,"height":151,"url":"https:\/\/www.trustedtranslations.com\/wp-content\/uploads\/2024\/02\/TT-ICON_Transcription-Services_.webp","type":"image\/webp"}],"twitter_card":"summary_large_image","twitter_site":"@TrustedT9ns","schema":{"@context":"https:\/\/schema.org","@graph":[{"@type":"WebPage","@id":"https:\/\/www.trustedtranslations.com\/pt-br\/servicos\/humana\/transcricao","url":"https:\/\/www.trustedtranslations.com\/pt-br\/servicos\/humana\/transcricao","name":"Servi\u00e7os de Transcri\u00e7\u00e3o: Transcri\u00e7\u00f5es de \u00e1udio e v\u00eddeo em todos os formatos","isPartOf":{"@id":"https:\/\/www.trustedtranslations.com\/pt-br\/#website"},"primaryImageOfPage":{"@id":"https:\/\/www.trustedtranslations.com\/pt-br\/servicos\/humana\/transcricao#primaryimage"},"image":{"@id":"https:\/\/www.trustedtranslations.com\/pt-br\/servicos\/humana\/transcricao#primaryimage"},"thumbnailUrl":"https:\/\/www.trustedtranslations.com\/wp-content\/uploads\/2024\/02\/TT-ICON_Transcription-Services_.webp","description":"O nosso objetivo na Trusted Translations \u00e9 fornecer um servi\u00e7o de transcri\u00e7\u00e3o de todos os tipos e em todos os idiomas para cuidar de todas as suas necessidades de transcri\u00e7\u00e3o. Solicite um or\u00e7amento gratuito.","breadcrumb":{"@id":"https:\/\/www.trustedtranslations.com\/pt-br\/servicos\/humana\/transcricao#breadcrumb"},"inLanguage":"pt-BR","potentialAction":[{"@type":"ReadAction","target":["https:\/\/www.trustedtranslations.com\/pt-br\/servicos\/humana\/transcricao"]}]},{"@type":"ImageObject","inLanguage":"pt-BR","@id":"https:\/\/www.trustedtranslations.com\/pt-br\/servicos\/humana\/transcricao#primaryimage","url":"https:\/\/www.trustedtranslations.com\/wp-content\/uploads\/2024\/02\/TT-ICON_Transcription-Services_.webp","contentUrl":"https:\/\/www.trustedtranslations.com\/wp-content\/uploads\/2024\/02\/TT-ICON_Transcription-Services_.webp","width":151,"height":151,"caption":"TT ICON Transcription Services"},{"@type":"BreadcrumbList","@id":"https:\/\/www.trustedtranslations.com\/pt-br\/servicos\/humana\/transcricao#breadcrumb","itemListElement":[{"@type":"ListItem","position":1,"name":"Home","item":"https:\/\/www.trustedtranslations.com\/pt-br"},{"@type":"ListItem","position":2,"name":"Servi\u00e7os","item":"https:\/\/www.trustedtranslations.com\/pt-br\/servicos"},{"@type":"ListItem","position":3,"name":"Servi\u00e7os de p\u00f3s-produ\u00e7\u00e3o de m\u00eddia","item":"https:\/\/www.trustedtranslations.com\/pt-br\/servicos\/servicos-de-pos-producao-de-midia"},{"@type":"ListItem","position":4,"name":"Transcri\u00e7\u00e3o"}]},{"@type":"WebSite","@id":"https:\/\/www.trustedtranslations.com\/pt-br\/#website","url":"https:\/\/www.trustedtranslations.com\/pt-br\/","name":"Trusted Translations, Inc.","description":"Leader in translation and interpretation services.","publisher":{"@id":"https:\/\/www.trustedtranslations.com\/pt-br\/#organization"},"alternateName":"Trusted Translations","potentialAction":[{"@type":"SearchAction","target":{"@type":"EntryPoint","urlTemplate":"https:\/\/www.trustedtranslations.com\/pt-br\/?s={search_term_string}"},"query-input":{"@type":"PropertyValueSpecification","valueRequired":true,"valueName":"search_term_string"}}],"inLanguage":"pt-BR"},{"@type":"Organization","@id":"https:\/\/www.trustedtranslations.com\/pt-br\/#organization","name":"Trusted Translations","alternateName":"Trusted Translations, Inc.","url":"https:\/\/www.trustedtranslations.com\/pt-br\/","logo":{"@type":"ImageObject","inLanguage":"pt-BR","@id":"https:\/\/www.trustedtranslations.com\/pt-br\/#\/schema\/logo\/image\/","url":"https:\/\/static.trustedtranslations.com\/wp-content\/uploads\/2022\/01\/TT_logo_WSIColors-2.png","contentUrl":"https:\/\/static.trustedtranslations.com\/wp-content\/uploads\/2022\/01\/TT_logo_WSIColors-2.png","width":500,"height":196,"caption":"Trusted Translations"},"image":{"@id":"https:\/\/www.trustedtranslations.com\/pt-br\/#\/schema\/logo\/image\/"},"sameAs":["https:\/\/www.facebook.com\/Trusted.Translations","https:\/\/x.com\/TrustedT9ns","https:\/\/www.linkedin.com\/company\/trusted-translations"]}]}},"toolset-meta":{"dyk":{"mensaje-1":{"type":"textfield","raw":"A transcri\u00e7\u00e3o profissional pode ser muito \u00fatil ao se fazer pesquisas de mercado com grupos de discuss\u00e3o."},"mensaje-2":{"type":"textfield","raw":"Um transcritor profissional pode digitar entre 80 e 100 palavras por minuto ou at\u00e9 mais."},"mensaje-3":{"type":"textfield","raw":"A transcri\u00e7\u00e3o faz com que os conte\u00fados de v\u00eddeo obede\u00e7am as leis federais de acessibilidade, como a ADA."},"mensaje-4":{"type":"textfield","raw":"Os seres humanos falam, em m\u00e9dia, cerca de 150 a 170 palavras por minuto."},"mensaje-5":{"type":"textfield","raw":""},"mensaje-6":{"type":"textfield","raw":""}},"single-page-template-fields":{"imgs-temp":{"type":"image","raw":["https:\/\/static.trustedtranslations.com\/wp-content\/uploads\/2024\/07\/language-final-9-1.webp","https:\/\/static.trustedtranslations.com\/wp-content\/uploads\/2024\/07\/language-final-10-1.webp","https:\/\/static.trustedtranslations.com\/wp-content\/uploads\/2024\/07\/language-final-11-1.webp","https:\/\/static.trustedtranslations.com\/wp-content\/uploads\/2024\/07\/language-final-12-1.webp"],"repeatable":[{"raw":"https:\/\/static.trustedtranslations.com\/wp-content\/uploads\/2024\/07\/language-final-9-1.webp"},{"raw":"https:\/\/static.trustedtranslations.com\/wp-content\/uploads\/2024\/07\/language-final-10-1.webp"},{"raw":"https:\/\/static.trustedtranslations.com\/wp-content\/uploads\/2024\/07\/language-final-11-1.webp"},{"raw":"https:\/\/static.trustedtranslations.com\/wp-content\/uploads\/2024\/07\/language-final-12-1.webp"}]},"imgs-temp-cel":{"type":"image","raw":[""],"repeatable":[{"raw":""}]},"img-temp-one-cel":{"type":"image","raw":"https:\/\/static.trustedtranslations.com\/wp-content\/uploads\/2024\/07\/AdobeStock_64646976-1-1.webp","attachment_id":null},"quotes":{"type":"textarea","raw":"<h1 style=\"margin-bottom: 12px;\">Servi\u00e7os de transcri\u00e7\u00e3o\u200b<\/h1>\r\nA Trusted Translations oferece servi\u00e7os profissionais de transcri\u00e7\u00e3o de conte\u00fado de \u00e1udio e v\u00eddeo em diversos idiomas. Fornecemos transcri\u00e7\u00f5es precisas e estruturadas que d\u00e3o suporte a fluxos de trabalho de legendagem, dublagem, tradu\u00e7\u00e3o e casos de uso oficiais onde clareza e consist\u00eancia s\u00e3o importantes.\r\n<div style=\"margin-top: 2.5vw;\"><a class=\"tt-btn-main-cta\" href=\"\/pt-br\/solicitud-orcamento\">Solicite um or\u00e7amento gratuito<\/a><\/div>"},"text-1":{"type":"textarea","raw":"<h3>Transcri\u00e7\u00f5es precisas para conte\u00fado em \u00e1udio e v\u00eddeo<\/h3>\r\n\r\n<p>A transcri\u00e7\u00e3o converte o \u00e1udio falado em um documento escrito, o qual pode ser revisado, arquivado, traduzido ou usado na p\u00f3s-produ\u00e7\u00e3o. Ela normalmente serve como base para fluxos de trabalho de m\u00eddia multil\u00edngue, incluindo legendagem e dublagem.<\/p>\r\n\r\n<p>A Trusted Translations oferece suporte \u00e0 transcri\u00e7\u00e3o de entrevistas, conte\u00fados para treinamentos, comunica\u00e7\u00f5es corporativas, reuni\u00f5es gravadas e conte\u00fado urgente que exige entrega r\u00e1pida.<\/p>\r\n\r\n<div class=\"imgs-flex-template flex-text-2\" style=\"margin-top: 10px\">\r\n    <img src=\"https:\/\/static.trustedtranslations.com\/wp-content\/uploads\/2022\/03\/transcription-1024x683.jpg\">\r\n    <div class=\"p-img-width\">\r\n        <h3 style=\"margin-bottom: 20px;\">O que voc\u00ea recebe<\/h3>\r\n        <p>A Trusted Translations fornece arquivos prontos para transcri\u00e7\u00e3o, projetados para dar suporte a fluxos de trabalho do mundo real, incluindo:<\/p>\r\n        <ul>\r\n            <li>Transcri\u00e7\u00f5es claras e leg\u00edveis no idioma original<\/li>\r\n            <li>Marca\u00e7\u00f5es de data\/hora opcionais, conforme suas necessidades<\/li>\r\n            <li>Formata\u00e7\u00e3o consistente para revis\u00e3o e edi\u00e7\u00e3o<\/li>\r\n            <li>Produtos finais que d\u00e3o suporte \u00e0 tradu\u00e7\u00e3o e localiza\u00e7\u00e3o de m\u00eddia<\/li>\r\n        <\/ul>\r\n    <\/div>\r\n<\/div>\r\n\r\n<h3 style=\"margin-top:20px\">Qualidade e confidencialidade<\/h3>\r\n\r\n<p>A Trusted Translations segue rigorosos padr\u00f5es de confidencialidade e qualidade em todos os seus projetos de transcri\u00e7\u00e3o. Nossa equipe se concentra na precis\u00e3o, na consist\u00eancia e na formata\u00e7\u00e3o profissional para garantir que suas transcri\u00e7\u00f5es estejam prontas para uso interno, publica\u00e7\u00e3o ou envio oficial.<\/p>\r\n\r\n<p>Nossos processos se alinham com as normas ISO 9001, garantindo gest\u00e3o de qualidade, precis\u00e3o na tradu\u00e7\u00e3o e melhores pr\u00e1ticas de p\u00f3s-edi\u00e7\u00e3o em todos os fluxos de trabalho de transcri\u00e7\u00e3o.<\/p>"},"shortcode-map":{"type":"textfield","raw":""},"dyk-shortcode":{"type":"textfield","raw":"[elementor-template id=\"147273\"]"},"text-2":{"type":"textarea","raw":"<div class=\"imgs-flex-template\" style=\"margin-top: 20px\">\r\n    <div>\r\n        <h2 style=\"margin-bottom: 20px;\">Como a transcri\u00e7\u00e3o oferece suporte aos fluxos de trabalho de m\u00eddia<\/h2>\r\n        <p>A transcri\u00e7\u00e3o \u00e9 ideal quando voc\u00ea precisa de um registro escrito confi\u00e1vel do conte\u00fado falado, seja para fins de documenta\u00e7\u00e3o ou como ponto de partida para legendagem, dublagem ou tradu\u00e7\u00e3o. Dependendo do seu fluxo de trabalho, podemos trabalhar a partir do seu arquivo original de \u00e1udio ou v\u00eddeo ou de materiais de refer\u00eancia. Se seu projeto exigir transcri\u00e7\u00e3o com marca\u00e7\u00e3o de data\/hora ou um formato espec\u00edfico, nossa equipe pode atender suas especifica\u00e7\u00f5es.<\/p>\r\n    <\/div>\r\n    <img src=\"https:\/\/static.trustedtranslations.com\/wp-content\/uploads\/2022\/03\/transcription-2-1024x684.jpg\">\r\n<\/div>\r\n\r\n<div class=\"imgs-flex-template flex-text-2\" style=\"margin-top: 10px\">\r\n    <img src=\"https:\/\/static.trustedtranslations.com\/wp-content\/uploads\/2022\/03\/transcription-1-1024x684.jpg\">\r\n    <div class=\"p-img-width\">\r\n        <strong>A transcri\u00e7\u00e3o \u00e9 normalmente usada para:<\/strong>\r\n        <ul>\r\n            <li>Conte\u00fados de treinamento e eLearning para plataformas internas<\/li>\r\n            <li>Entrevistas e grava\u00e7\u00f5es com v\u00e1rios participantes que necessitam de texto estruturado<\/li>\r\n            <li>Comunica\u00e7\u00e3o corporativa e reuni\u00f5es gravadas para equipes globais<\/li>\r\n            <li>Fluxos de trabalho de m\u00eddia que exigem suporte para legendagem ou dublagem<\/li>\r\n            <li>Grava\u00e7\u00f5es jur\u00eddicas e relacionadas \u00e0 conformidade, nas quais a precis\u00e3o \u00e9 fundamental<\/li>\r\n        <\/ul>\r\n        <p>A Trusted Translations gerencia projetos de transcri\u00e7\u00e3o atrav\u00e9s de fluxos de trabalho estruturados que se integram aos processos de tradu\u00e7\u00e3o, legendagem e dublagem. Nossa equipe garante consist\u00eancia, clareza e formata\u00e7\u00e3o profissional para que as transcri\u00e7\u00f5es se integrem perfeitamente aos ambientes de produ\u00e7\u00e3o de m\u00eddia existentes.<\/p>\r\n    <\/div>\r\n<\/div>"},"state":{"type":"textfield","raw":""},"city":{"type":"textarea","raw":[""]}}},"_links":{"self":[{"href":"https:\/\/www.trustedtranslations.com\/pt-br\/wp-json\/wp\/v2\/pages\/135018","targetHints":{"allow":["GET"]}}],"collection":[{"href":"https:\/\/www.trustedtranslations.com\/pt-br\/wp-json\/wp\/v2\/pages"}],"about":[{"href":"https:\/\/www.trustedtranslations.com\/pt-br\/wp-json\/wp\/v2\/types\/page"}],"author":[{"embeddable":true,"href":"https:\/\/www.trustedtranslations.com\/pt-br\/wp-json\/wp\/v2\/users\/1"}],"replies":[{"embeddable":true,"href":"https:\/\/www.trustedtranslations.com\/pt-br\/wp-json\/wp\/v2\/comments?post=135018"}],"version-history":[{"count":1,"href":"https:\/\/www.trustedtranslations.com\/pt-br\/wp-json\/wp\/v2\/pages\/135018\/revisions"}],"predecessor-version":[{"id":294171,"href":"https:\/\/www.trustedtranslations.com\/pt-br\/wp-json\/wp\/v2\/pages\/135018\/revisions\/294171"}],"up":[{"embeddable":true,"href":"https:\/\/www.trustedtranslations.com\/pt-br\/wp-json\/wp\/v2\/pages\/294101"}],"wp:featuredmedia":[{"embeddable":true,"href":"https:\/\/www.trustedtranslations.com\/pt-br\/wp-json\/wp\/v2\/media\/235624"}],"wp:attachment":[{"href":"https:\/\/www.trustedtranslations.com\/pt-br\/wp-json\/wp\/v2\/media?parent=135018"}],"curies":[{"name":"wp","href":"https:\/\/api.w.org\/{rel}","templated":true}]}}