{"id":135019,"date":"2018-11-13T14:07:00","date_gmt":"2018-11-13T14:07:00","guid":{"rendered":"https:\/\/www.trustedtranslations.com\/?page_id=135019"},"modified":"2024-09-05T15:59:10","modified_gmt":"2024-09-05T18:59:10","slug":"transcriacao","status":"publish","type":"page","link":"https:\/\/www.trustedtranslations.com\/pt-br\/servicos\/humana\/transcriacao","title":{"rendered":"Transcria\u00e7\u00e3o"},"content":{"rendered":"","protected":false},"excerpt":{"rendered":"","protected":false},"author":1,"featured_media":235675,"parent":134978,"menu_order":7,"comment_status":"closed","ping_status":"closed","template":"","meta":{"site-sidebar-layout":"default","site-content-layout":"default","ast-site-content-layout":"default","site-content-style":"default","site-sidebar-style":"default","ast-global-header-display":"","ast-banner-title-visibility":"","ast-main-header-display":"","ast-hfb-above-header-display":"","ast-hfb-below-header-display":"","ast-hfb-mobile-header-display":"","site-post-title":"disabled","ast-breadcrumbs-content":"","ast-featured-img":"","footer-sml-layout":"","ast-disable-related-posts":"","theme-transparent-header-meta":"default","adv-header-id-meta":"","stick-header-meta":"","header-above-stick-meta":"","header-main-stick-meta":"","header-below-stick-meta":"","astra-migrate-meta-layouts":"set","ast-page-background-enabled":"default","ast-page-background-meta":{"desktop":{"background-color":"var(--ast-global-color-4)","background-image":"","background-repeat":"repeat","background-position":"center center","background-size":"auto","background-attachment":"scroll","background-type":"","background-media":"","overlay-type":"","overlay-color":"","overlay-opacity":"","overlay-gradient":""},"tablet":{"background-color":"","background-image":"","background-repeat":"repeat","background-position":"center center","background-size":"auto","background-attachment":"scroll","background-type":"","background-media":"","overlay-type":"","overlay-color":"","overlay-opacity":"","overlay-gradient":""},"mobile":{"background-color":"","background-image":"","background-repeat":"repeat","background-position":"center center","background-size":"auto","background-attachment":"scroll","background-type":"","background-media":"","overlay-type":"","overlay-color":"","overlay-opacity":"","overlay-gradient":""}},"ast-content-background-meta":{"desktop":{"background-color":"var(--ast-global-color-5)","background-image":"","background-repeat":"repeat","background-position":"center center","background-size":"auto","background-attachment":"scroll","background-type":"","background-media":"","overlay-type":"","overlay-color":"","overlay-opacity":"","overlay-gradient":""},"tablet":{"background-color":"var(--ast-global-color-5)","background-image":"","background-repeat":"repeat","background-position":"center center","background-size":"auto","background-attachment":"scroll","background-type":"","background-media":"","overlay-type":"","overlay-color":"","overlay-opacity":"","overlay-gradient":""},"mobile":{"background-color":"var(--ast-global-color-5)","background-image":"","background-repeat":"repeat","background-position":"center center","background-size":"auto","background-attachment":"scroll","background-type":"","background-media":"","overlay-type":"","overlay-color":"","overlay-opacity":"","overlay-gradient":""}},"footnotes":""},"class_list":["post-135019","page","type-page","status-publish","has-post-thumbnail","hentry"],"yoast_head":"<!-- This site is optimized with the Yoast SEO plugin v27.5 - https:\/\/yoast.com\/product\/yoast-seo-wordpress\/ -->\n<title>Servi\u00e7os de transcria\u00e7\u00e3o - Trusted Translations, Inc.<\/title>\n<meta name=\"description\" content=\"Inscreva-se nos servi\u00e7os de transcria\u00e7\u00e3o da Trusted Translations para todo o seu conte\u00fado de marketing e garanta que a sua mensagem tenha uma forte repercuss\u00e3o no seu p\u00fablico-alvo.\" \/>\n<meta name=\"robots\" content=\"index, follow, max-snippet:-1, max-image-preview:large, max-video-preview:-1\" \/>\n<link rel=\"canonical\" href=\"https:\/\/www.trustedtranslations.com\/pt-br\/servicos\/humana\/transcriacao\" \/>\n<meta property=\"og:locale\" content=\"pt_BR\" \/>\n<meta property=\"og:type\" content=\"article\" \/>\n<meta property=\"og:title\" content=\"Servi\u00e7os de transcria\u00e7\u00e3o - Trusted Translations, Inc.\" \/>\n<meta property=\"og:description\" content=\"Inscreva-se nos servi\u00e7os de transcria\u00e7\u00e3o da Trusted Translations para todo o seu conte\u00fado de marketing e garanta que a sua mensagem tenha uma forte repercuss\u00e3o no seu p\u00fablico-alvo.\" \/>\n<meta property=\"og:url\" content=\"https:\/\/www.trustedtranslations.com\/pt-br\/servicos\/humana\/transcriacao\" \/>\n<meta property=\"og:site_name\" content=\"Trusted Translations, Inc.\" \/>\n<meta property=\"article:publisher\" content=\"https:\/\/www.facebook.com\/Trusted.Translations\" \/>\n<meta property=\"article:modified_time\" content=\"2024-09-05T18:59:10+00:00\" \/>\n<meta property=\"og:image\" content=\"https:\/\/static.trustedtranslations.com\/wp-content\/uploads\/2024\/02\/TT-ICON_Transcreation-Services.webp\" \/>\n\t<meta property=\"og:image:width\" content=\"151\" \/>\n\t<meta property=\"og:image:height\" content=\"151\" \/>\n\t<meta property=\"og:image:type\" content=\"image\/webp\" \/>\n<meta name=\"twitter:card\" content=\"summary_large_image\" \/>\n<meta name=\"twitter:site\" content=\"@TrustedT9ns\" \/>\n<script type=\"application\/ld+json\" class=\"yoast-schema-graph\">{\"@context\":\"https:\\\/\\\/schema.org\",\"@graph\":[{\"@type\":\"WebPage\",\"@id\":\"https:\\\/\\\/www.trustedtranslations.com\\\/pt-br\\\/servicos\\\/humana\\\/transcriacao\",\"url\":\"https:\\\/\\\/www.trustedtranslations.com\\\/pt-br\\\/servicos\\\/humana\\\/transcriacao\",\"name\":\"Servi\u00e7os de transcria\u00e7\u00e3o - Trusted Translations, Inc.\",\"isPartOf\":{\"@id\":\"https:\\\/\\\/www.trustedtranslations.com\\\/pt-br\\\/#website\"},\"primaryImageOfPage\":{\"@id\":\"https:\\\/\\\/www.trustedtranslations.com\\\/pt-br\\\/servicos\\\/humana\\\/transcriacao#primaryimage\"},\"image\":{\"@id\":\"https:\\\/\\\/www.trustedtranslations.com\\\/pt-br\\\/servicos\\\/humana\\\/transcriacao#primaryimage\"},\"thumbnailUrl\":\"https:\\\/\\\/www.trustedtranslations.com\\\/wp-content\\\/uploads\\\/2024\\\/02\\\/TT-ICON_Transcreation-Services.webp\",\"description\":\"Inscreva-se nos servi\u00e7os de transcria\u00e7\u00e3o da Trusted Translations para todo o seu conte\u00fado de marketing e garanta que a sua mensagem tenha uma forte repercuss\u00e3o no seu p\u00fablico-alvo.\",\"breadcrumb\":{\"@id\":\"https:\\\/\\\/www.trustedtranslations.com\\\/pt-br\\\/servicos\\\/humana\\\/transcriacao#breadcrumb\"},\"inLanguage\":\"pt-BR\",\"potentialAction\":[{\"@type\":\"ReadAction\",\"target\":[\"https:\\\/\\\/www.trustedtranslations.com\\\/pt-br\\\/servicos\\\/humana\\\/transcriacao\"]}]},{\"@type\":\"ImageObject\",\"inLanguage\":\"pt-BR\",\"@id\":\"https:\\\/\\\/www.trustedtranslations.com\\\/pt-br\\\/servicos\\\/humana\\\/transcriacao#primaryimage\",\"url\":\"https:\\\/\\\/www.trustedtranslations.com\\\/wp-content\\\/uploads\\\/2024\\\/02\\\/TT-ICON_Transcreation-Services.webp\",\"contentUrl\":\"https:\\\/\\\/www.trustedtranslations.com\\\/wp-content\\\/uploads\\\/2024\\\/02\\\/TT-ICON_Transcreation-Services.webp\",\"width\":151,\"height\":151,\"caption\":\"TT ICON Transcreation Services\"},{\"@type\":\"BreadcrumbList\",\"@id\":\"https:\\\/\\\/www.trustedtranslations.com\\\/pt-br\\\/servicos\\\/humana\\\/transcriacao#breadcrumb\",\"itemListElement\":[{\"@type\":\"ListItem\",\"position\":1,\"name\":\"Home\",\"item\":\"https:\\\/\\\/www.trustedtranslations.com\\\/pt-br\"},{\"@type\":\"ListItem\",\"position\":2,\"name\":\"Servi\u00e7os\",\"item\":\"https:\\\/\\\/www.trustedtranslations.com\\\/pt-br\\\/servicos\"},{\"@type\":\"ListItem\",\"position\":3,\"name\":\"Tradu\u00e7\u00e3o humana\",\"item\":\"https:\\\/\\\/www.trustedtranslations.com\\\/pt-br\\\/servicos\\\/humana\"},{\"@type\":\"ListItem\",\"position\":4,\"name\":\"Transcria\u00e7\u00e3o\"}]},{\"@type\":\"WebSite\",\"@id\":\"https:\\\/\\\/www.trustedtranslations.com\\\/pt-br\\\/#website\",\"url\":\"https:\\\/\\\/www.trustedtranslations.com\\\/pt-br\\\/\",\"name\":\"Trusted Translations, Inc.\",\"description\":\"Leader in translation and interpretation services.\",\"publisher\":{\"@id\":\"https:\\\/\\\/www.trustedtranslations.com\\\/pt-br\\\/#organization\"},\"alternateName\":\"Trusted Translations\",\"potentialAction\":[{\"@type\":\"SearchAction\",\"target\":{\"@type\":\"EntryPoint\",\"urlTemplate\":\"https:\\\/\\\/www.trustedtranslations.com\\\/pt-br\\\/?s={search_term_string}\"},\"query-input\":{\"@type\":\"PropertyValueSpecification\",\"valueRequired\":true,\"valueName\":\"search_term_string\"}}],\"inLanguage\":\"pt-BR\"},{\"@type\":\"Organization\",\"@id\":\"https:\\\/\\\/www.trustedtranslations.com\\\/pt-br\\\/#organization\",\"name\":\"Trusted Translations\",\"alternateName\":\"Trusted Translations, Inc.\",\"url\":\"https:\\\/\\\/www.trustedtranslations.com\\\/pt-br\\\/\",\"logo\":{\"@type\":\"ImageObject\",\"inLanguage\":\"pt-BR\",\"@id\":\"https:\\\/\\\/www.trustedtranslations.com\\\/pt-br\\\/#\\\/schema\\\/logo\\\/image\\\/\",\"url\":\"https:\\\/\\\/static.trustedtranslations.com\\\/wp-content\\\/uploads\\\/2022\\\/01\\\/TT_logo_WSIColors-2.png\",\"contentUrl\":\"https:\\\/\\\/static.trustedtranslations.com\\\/wp-content\\\/uploads\\\/2022\\\/01\\\/TT_logo_WSIColors-2.png\",\"width\":500,\"height\":196,\"caption\":\"Trusted Translations\"},\"image\":{\"@id\":\"https:\\\/\\\/www.trustedtranslations.com\\\/pt-br\\\/#\\\/schema\\\/logo\\\/image\\\/\"},\"sameAs\":[\"https:\\\/\\\/www.facebook.com\\\/Trusted.Translations\",\"https:\\\/\\\/x.com\\\/TrustedT9ns\",\"https:\\\/\\\/www.linkedin.com\\\/company\\\/trusted-translations\"]}]}<\/script>\n<!-- \/ Yoast SEO plugin. -->","yoast_head_json":{"title":"Servi\u00e7os de transcria\u00e7\u00e3o - Trusted Translations, Inc.","description":"Inscreva-se nos servi\u00e7os de transcria\u00e7\u00e3o da Trusted Translations para todo o seu conte\u00fado de marketing e garanta que a sua mensagem tenha uma forte repercuss\u00e3o no seu p\u00fablico-alvo.","robots":{"index":"index","follow":"follow","max-snippet":"max-snippet:-1","max-image-preview":"max-image-preview:large","max-video-preview":"max-video-preview:-1"},"canonical":"https:\/\/www.trustedtranslations.com\/pt-br\/servicos\/humana\/transcriacao","og_locale":"pt_BR","og_type":"article","og_title":"Servi\u00e7os de transcria\u00e7\u00e3o - Trusted Translations, Inc.","og_description":"Inscreva-se nos servi\u00e7os de transcria\u00e7\u00e3o da Trusted Translations para todo o seu conte\u00fado de marketing e garanta que a sua mensagem tenha uma forte repercuss\u00e3o no seu p\u00fablico-alvo.","og_url":"https:\/\/www.trustedtranslations.com\/pt-br\/servicos\/humana\/transcriacao","og_site_name":"Trusted Translations, Inc.","article_publisher":"https:\/\/www.facebook.com\/Trusted.Translations","article_modified_time":"2024-09-05T18:59:10+00:00","og_image":[{"width":151,"height":151,"url":"https:\/\/static.trustedtranslations.com\/wp-content\/uploads\/2024\/02\/TT-ICON_Transcreation-Services.webp","type":"image\/webp"}],"twitter_card":"summary_large_image","twitter_site":"@TrustedT9ns","schema":{"@context":"https:\/\/schema.org","@graph":[{"@type":"WebPage","@id":"https:\/\/www.trustedtranslations.com\/pt-br\/servicos\/humana\/transcriacao","url":"https:\/\/www.trustedtranslations.com\/pt-br\/servicos\/humana\/transcriacao","name":"Servi\u00e7os de transcria\u00e7\u00e3o - Trusted Translations, Inc.","isPartOf":{"@id":"https:\/\/www.trustedtranslations.com\/pt-br\/#website"},"primaryImageOfPage":{"@id":"https:\/\/www.trustedtranslations.com\/pt-br\/servicos\/humana\/transcriacao#primaryimage"},"image":{"@id":"https:\/\/www.trustedtranslations.com\/pt-br\/servicos\/humana\/transcriacao#primaryimage"},"thumbnailUrl":"https:\/\/www.trustedtranslations.com\/wp-content\/uploads\/2024\/02\/TT-ICON_Transcreation-Services.webp","description":"Inscreva-se nos servi\u00e7os de transcria\u00e7\u00e3o da Trusted Translations para todo o seu conte\u00fado de marketing e garanta que a sua mensagem tenha uma forte repercuss\u00e3o no seu p\u00fablico-alvo.","breadcrumb":{"@id":"https:\/\/www.trustedtranslations.com\/pt-br\/servicos\/humana\/transcriacao#breadcrumb"},"inLanguage":"pt-BR","potentialAction":[{"@type":"ReadAction","target":["https:\/\/www.trustedtranslations.com\/pt-br\/servicos\/humana\/transcriacao"]}]},{"@type":"ImageObject","inLanguage":"pt-BR","@id":"https:\/\/www.trustedtranslations.com\/pt-br\/servicos\/humana\/transcriacao#primaryimage","url":"https:\/\/www.trustedtranslations.com\/wp-content\/uploads\/2024\/02\/TT-ICON_Transcreation-Services.webp","contentUrl":"https:\/\/www.trustedtranslations.com\/wp-content\/uploads\/2024\/02\/TT-ICON_Transcreation-Services.webp","width":151,"height":151,"caption":"TT ICON Transcreation Services"},{"@type":"BreadcrumbList","@id":"https:\/\/www.trustedtranslations.com\/pt-br\/servicos\/humana\/transcriacao#breadcrumb","itemListElement":[{"@type":"ListItem","position":1,"name":"Home","item":"https:\/\/www.trustedtranslations.com\/pt-br"},{"@type":"ListItem","position":2,"name":"Servi\u00e7os","item":"https:\/\/www.trustedtranslations.com\/pt-br\/servicos"},{"@type":"ListItem","position":3,"name":"Tradu\u00e7\u00e3o humana","item":"https:\/\/www.trustedtranslations.com\/pt-br\/servicos\/humana"},{"@type":"ListItem","position":4,"name":"Transcria\u00e7\u00e3o"}]},{"@type":"WebSite","@id":"https:\/\/www.trustedtranslations.com\/pt-br\/#website","url":"https:\/\/www.trustedtranslations.com\/pt-br\/","name":"Trusted Translations, Inc.","description":"Leader in translation and interpretation services.","publisher":{"@id":"https:\/\/www.trustedtranslations.com\/pt-br\/#organization"},"alternateName":"Trusted Translations","potentialAction":[{"@type":"SearchAction","target":{"@type":"EntryPoint","urlTemplate":"https:\/\/www.trustedtranslations.com\/pt-br\/?s={search_term_string}"},"query-input":{"@type":"PropertyValueSpecification","valueRequired":true,"valueName":"search_term_string"}}],"inLanguage":"pt-BR"},{"@type":"Organization","@id":"https:\/\/www.trustedtranslations.com\/pt-br\/#organization","name":"Trusted Translations","alternateName":"Trusted Translations, Inc.","url":"https:\/\/www.trustedtranslations.com\/pt-br\/","logo":{"@type":"ImageObject","inLanguage":"pt-BR","@id":"https:\/\/www.trustedtranslations.com\/pt-br\/#\/schema\/logo\/image\/","url":"https:\/\/static.trustedtranslations.com\/wp-content\/uploads\/2022\/01\/TT_logo_WSIColors-2.png","contentUrl":"https:\/\/static.trustedtranslations.com\/wp-content\/uploads\/2022\/01\/TT_logo_WSIColors-2.png","width":500,"height":196,"caption":"Trusted Translations"},"image":{"@id":"https:\/\/www.trustedtranslations.com\/pt-br\/#\/schema\/logo\/image\/"},"sameAs":["https:\/\/www.facebook.com\/Trusted.Translations","https:\/\/x.com\/TrustedT9ns","https:\/\/www.linkedin.com\/company\/trusted-translations"]}]}},"toolset-meta":{"dyk":{"mensaje-1":{"type":"textfield","raw":"Ajudamos voc\u00ea a comunicar as implica\u00e7\u00f5es emocionais e criativas da sua mensagem."},"mensaje-2":{"type":"textfield","raw":"Auxiliamos voc\u00ea a enviar uma mensagem que se identifique fortemente com o seu p\u00fablico."},"mensaje-3":{"type":"textfield","raw":""},"mensaje-4":{"type":"textfield","raw":"Reunimos insights de moradores locais para entender melhor as sutilezas culturais."},"mensaje-5":{"type":"textfield","raw":""},"mensaje-6":{"type":"textfield","raw":""}},"single-page-template-fields":{"imgs-temp":{"type":"image","raw":["https:\/\/static.trustedtranslations.com\/wp-content\/uploads\/2024\/06\/transcription-final-2-1.webp","https:\/\/static.trustedtranslations.com\/wp-content\/uploads\/2024\/06\/transcription-final-1.webp"],"repeatable":[{"raw":"https:\/\/static.trustedtranslations.com\/wp-content\/uploads\/2024\/06\/transcription-final-2-1.webp"},{"raw":"https:\/\/static.trustedtranslations.com\/wp-content\/uploads\/2024\/06\/transcription-final-1.webp"}]},"imgs-temp-cel":{"type":"image","raw":[""],"repeatable":[{"raw":""}]},"img-temp-one-cel":{"type":"image","raw":"https:\/\/static.trustedtranslations.com\/wp-content\/uploads\/2024\/06\/AdobeStock_120568310-1-1.webp","attachment_id":null},"quotes":{"type":"textarea","raw":"<h1 style=\"margin-bottom: 12px;\">Servi\u00e7os de transcria\u00e7\u00e3o<\/h1>\r\n\u00c0s vezes, para atingir seu p\u00fablico-alvo, os servi\u00e7os de tradu\u00e7\u00e3o e localiza\u00e7\u00e3o n\u00e3o s\u00e3o suficientes. Quando voc\u00ea precisa comunicar as implica\u00e7\u00f5es emocionais e criativas de sua mensagem de marketing em outro idioma, a <em>Trusted Translations<\/em> pode ajud\u00e1-lo com aquilo que \u00e9 chamado no setor pelo termo <strong>transcria\u00e7\u00e3o<\/strong>: uma combina\u00e7\u00e3o de tradu\u00e7\u00e3o e reda\u00e7\u00e3o criativa que adapta sua mensagem de uma maneira que se identifique fortemente com seu p\u00fablico.\r\n<div style=\"margin-top: 2.5vw;\"><a class=\"tt-btn-main-cta\" href=\"https:\/\/www.trustedtranslations.com\/pt-br\/solicitud-orcamento\">Solicite um or\u00e7amento gratuito<\/a><\/div>"},"text-1":{"type":"textarea","raw":"<h2>Criando mensagens de marketing culturalmente ressonantes em mais de 200 idiomas<\/h2>Quando se trata de marketing, muitas vezes \u00e9 o sentimento\u2014n\u00e3o a tradu\u00e7\u00e3o exata de cada palavra\u2014que determina a qualidade. Pense em slogans de marketing notoriamente eficazes como a campanha publicit\u00e1ria \u201c<i>Got Milk<\/i>?\u201d ou \u201c<i>I\u2019m Lovin\u2019 It<\/i>\u201d, do McDonald\u2019s. No caso desses slogans, uma tradu\u00e7\u00e3o direta de cada palavra para o idioma de destino n\u00e3o seria capaz de capturar os aspectos de g\u00edria e n\u00e3o gramaticais dos textos originais, que s\u00e3o um fator t\u00e3o importante para o sucesso dessas mensagens.\r\n\r\nNo caso do marketing e de an\u00fancios, o que voc\u00ea realmente procura \u00e9 a <strong>transcria\u00e7\u00e3o, <\/strong>ou a adapta\u00e7\u00e3o da inten\u00e7\u00e3o de sua mensagem com base nas nuances culturais espec\u00edficas de seu mercado-alvo. Em vez da perfei\u00e7\u00e3o lingu\u00edstica, a meta \u00e9 que o p\u00fablico sinta uma conex\u00e3o poderosa com o seu material. A transcria\u00e7\u00e3o ajuda voc\u00ea a proteger sua marca e evitar erros culturais ao expandir para novos mercados.\r\n\r\nNa <em>Trusted Translations<\/em>, trabalhamos com mais de 200 idiomas do mundo e somos especialistas em marketing global, incluindo <a href=\"https:\/\/www.trustedtranslations.com\/pt-br\/servicos\/humana\/marketing-online\" rel=\"noopener\">marketing multil\u00edngue online<\/a>. Portanto, quando se trata de transcria\u00e7\u00e3o, nossa equipe de especialistas em idiomas trabalha com nossas equipes de marketing e design para garantir que todo o seu conte\u00fado seja \u201ctranscriado\u201d de maneira profissional.\r\n<h2>Servi\u00e7os de transcria\u00e7\u00e3o localizados<\/h2>\r\nComo <a href=\"https:\/\/www.trustedtranslations.com\/pt-br\/servicos\/humana\/localizacao\" target=\"_blank\" rel=\"noopener\">especialista em localiza\u00e7\u00e3o<\/a>, a <em>Trusted Translations<\/em> pode transferir sua mensagem do idioma de origem para qualquer idioma de destino, considerando as sutilezas culturais e lingu\u00edsticas da \u00e1rea, regi\u00e3o ou grupo demogr\u00e1fico espec\u00edfico.\r\n\r\nEm particular, a transcria\u00e7\u00e3o geralmente exige uma mudan\u00e7a mais dr\u00e1stica do que uma simples tradu\u00e7\u00e3o pode fornecer. Gra\u00e7as \u00e0 nossa combina\u00e7\u00e3o de flu\u00eancia lingu\u00edstica com experi\u00eancia no setor, nossa equipe \u00e9 especializada em tradu\u00e7\u00f5es de marketing global para qualquer nicho de mercado que voc\u00ea deseja atrair. Fazemos a pesquisa necess\u00e1ria para adaptar sua mensagem a um determinado p\u00fablico: por exemplo, analisamos diferen\u00e7as sutis de idioma, avaliamos o comportamento culturalmente influenciado do consumidor e reunimos <i>insights <\/i>dos moradores locais para entender melhor as nuances culturais.\r\n\r\nComo uma solu\u00e7\u00e3o completa para servi\u00e7os de tradu\u00e7\u00e3o e transcria\u00e7\u00e3o, a <em>Trusted Translations<\/em> tamb\u00e9m tem a vantagem de ser especialista em reda\u00e7\u00e3o criativa e design gr\u00e1fico. N\u00e3o apenas levaremos em considera\u00e7\u00e3o seu texto e mensagem de destino, mas tamb\u00e9m avaliaremos como cada detalhe\u2014como o uso de imagem, cor, fonte, escolha de palavras e muito mais\u2014ir\u00e1 afetar seu p\u00fablico em um n\u00edvel emocional.\r\n\r\nEsteja voc\u00ea procurando transcriar um folheto, um an\u00fancio de TV ou r\u00e1dio, p\u00f4steres e panfletos ou partes linguisticamente complicadas do seu site, a <em>Trusted Translations<\/em> est\u00e1 pronta para atender a todas as suas necessidades de transcria\u00e7\u00e3o."},"shortcode-map":{"type":"textfield","raw":""},"dyk-shortcode":{"type":"textfield","raw":"[elementor-template id=\"147273\"]"},"text-2":{"type":"textarea","raw":"<h2>Transcria\u00e7\u00e3o vs. Tradu\u00e7\u00e3o vs. Localiza\u00e7\u00e3o<\/h2>\r\nQual \u00e9 a diferen\u00e7a entre transcria\u00e7\u00e3o e tradu\u00e7\u00e3o? Mesmo alguns provedores de servi\u00e7os lingu\u00edsticos n\u00e3o distinguem claramente entre os dois processos, e adicionar a \u201clocaliza\u00e7\u00e3o\u201d \u00e0 mistura pode confundir ainda mais as coisas. Voc\u00ea pode at\u00e9 ver esses termos descritos como tr\u00eas n\u00edveis de servi\u00e7o, com linhas t\u00eanues entre eles. No entanto, existem algumas distin\u00e7\u00f5es significativas, como voc\u00ea ver\u00e1 abaixo.\r\n<h3>Transcria\u00e7\u00e3o, tradu\u00e7\u00e3o e localiza\u00e7\u00e3o<\/h3>\r\nEmbora a <strong>tradu\u00e7\u00e3o<\/strong> seja o processo de converter seu conte\u00fado global de um idioma de origem para um idioma de destino, pode ser necess\u00e1rio mais do que uma transfer\u00eancia literal, palava por palavra. \u00c9 a\u00ed que entra um servi\u00e7o de <strong>localiza\u00e7\u00e3o<\/strong>, adicionando uma adapta\u00e7\u00e3o cultural extra para melhorar uma tradu\u00e7\u00e3o b\u00e1sica.\u00a0A <strong>transcria\u00e7\u00e3o<\/strong> vai ainda mais longe; ela n\u00e3o apenas converte o texto, mas tamb\u00e9m o modifica para criar uma experi\u00eancia emocional entre um p\u00fablico-alvo muito espec\u00edfico (como uma etapa final extra, sua equipe local tamb\u00e9m pode sugerir o desenvolvimento direto de <strong>conte\u00fado local)<\/strong>.\r\n<h3>Utilidade para marketing e publicidade<\/h3>\r\nEmbora a <strong>tradu\u00e7\u00e3o<\/strong> possa ser aplicada a in\u00fameras circunst\u00e2ncias e tipos de conte\u00fado, a <strong>transcria\u00e7\u00e3o<\/strong> \u00e9 particularmente \u00fatil para as fun\u00e7\u00f5es de marketing e publicidade da sua empresa. Isso pode incluir constru\u00e7\u00e3o e adapta\u00e7\u00e3o da marca, promo\u00e7\u00e3o da fidelidade do cliente, comunica\u00e7\u00e3o corporativa dentro e fora da empresa e assim por diante.\r\n<h3>Trabalhando com especialistas em transcria\u00e7\u00e3o<\/h3>\r\nEmbora\r\ntodos os especialistas em <strong>tradu\u00e7\u00e3o<\/strong>, <strong>localiza\u00e7\u00e3o<\/strong> e <strong>transcria\u00e7\u00e3o<\/strong> sejam profissionais bil\u00edngues ou multil\u00edngues, os transcriadores tamb\u00e9m s\u00e3o altamente especializados em localiza\u00e7\u00e3o de marketing, s\u00e3o escritores muito habilidosos e s\u00e3o criativos em sua interpreta\u00e7\u00e3o do marketing de marca. Como pessoas culturalmente conscientes, com uma profunda compreens\u00e3o das nuances culturais, eles s\u00e3o quase que inevitavelmente falantes nativos e residentes do determinado pa\u00eds ou regi\u00e3o que voc\u00ea est\u00e1 tentando alcan\u00e7ar.\r\n\r\nOs especialistas em <strong>transcria\u00e7\u00e3o<\/strong> tamb\u00e9m s\u00e3o mais exigentes quanto ao recebimento de um resumo do projeto detalhado, em vez das diretrizes mais ou menos simples fornecidas por gerentes de projeto para um\r\nprojeto normal de <strong>tradu\u00e7\u00e3o<\/strong> ou <strong>localiza\u00e7\u00e3o<\/strong>.\r\n\r\nNa <em>Trusted Translations<\/em>, somos excepcionalmente versados nas diferen\u00e7as entre esses tipos de servi\u00e7os. Entre em contato conosco hoje para saber como nossos especialistas em transcria\u00e7\u00e3o ir\u00e3o fornecer a voc\u00ea transcria\u00e7\u00f5es da mais alta qualidade do setor."},"state":{"type":"textfield","raw":""},"city":{"type":"textarea","raw":[]}}},"_links":{"self":[{"href":"https:\/\/www.trustedtranslations.com\/pt-br\/wp-json\/wp\/v2\/pages\/135019","targetHints":{"allow":["GET"]}}],"collection":[{"href":"https:\/\/www.trustedtranslations.com\/pt-br\/wp-json\/wp\/v2\/pages"}],"about":[{"href":"https:\/\/www.trustedtranslations.com\/pt-br\/wp-json\/wp\/v2\/types\/page"}],"author":[{"embeddable":true,"href":"https:\/\/www.trustedtranslations.com\/pt-br\/wp-json\/wp\/v2\/users\/1"}],"replies":[{"embeddable":true,"href":"https:\/\/www.trustedtranslations.com\/pt-br\/wp-json\/wp\/v2\/comments?post=135019"}],"version-history":[{"count":0,"href":"https:\/\/www.trustedtranslations.com\/pt-br\/wp-json\/wp\/v2\/pages\/135019\/revisions"}],"up":[{"embeddable":true,"href":"https:\/\/www.trustedtranslations.com\/pt-br\/wp-json\/wp\/v2\/pages\/134978"}],"wp:featuredmedia":[{"embeddable":true,"href":"https:\/\/www.trustedtranslations.com\/pt-br\/wp-json\/wp\/v2\/media\/235675"}],"wp:attachment":[{"href":"https:\/\/www.trustedtranslations.com\/pt-br\/wp-json\/wp\/v2\/media?parent=135019"}],"curies":[{"name":"wp","href":"https:\/\/api.w.org\/{rel}","templated":true}]}}