{"id":135022,"date":"2018-11-13T13:50:25","date_gmt":"2018-11-13T13:50:25","guid":{"rendered":"https:\/\/www.trustedtranslations.com\/?page_id=135022"},"modified":"2024-09-03T15:50:20","modified_gmt":"2024-09-03T18:50:20","slug":"interpretacao-pelo-telefone","status":"publish","type":"page","link":"https:\/\/www.trustedtranslations.com\/pt-br\/servicos\/interpretacao-pelo-telefone","title":{"rendered":"Interpreta\u00e7\u00e3o pelo telefone"},"content":{"rendered":"","protected":false},"excerpt":{"rendered":"","protected":false},"author":1,"featured_media":194432,"parent":135075,"menu_order":0,"comment_status":"closed","ping_status":"closed","template":"","meta":{"site-sidebar-layout":"default","site-content-layout":"default","ast-site-content-layout":"default","site-content-style":"default","site-sidebar-style":"default","ast-global-header-display":"","ast-banner-title-visibility":"","ast-main-header-display":"","ast-hfb-above-header-display":"","ast-hfb-below-header-display":"","ast-hfb-mobile-header-display":"","site-post-title":"disabled","ast-breadcrumbs-content":"","ast-featured-img":"","footer-sml-layout":"","theme-transparent-header-meta":"default","adv-header-id-meta":"","stick-header-meta":"","header-above-stick-meta":"","header-main-stick-meta":"","header-below-stick-meta":"","astra-migrate-meta-layouts":"set","ast-page-background-enabled":"default","ast-page-background-meta":{"desktop":{"background-color":"var(--ast-global-color-4)","background-image":"","background-repeat":"repeat","background-position":"center center","background-size":"auto","background-attachment":"scroll","background-type":"","background-media":"","overlay-type":"","overlay-color":"","overlay-opacity":"","overlay-gradient":""},"tablet":{"background-color":"","background-image":"","background-repeat":"repeat","background-position":"center center","background-size":"auto","background-attachment":"scroll","background-type":"","background-media":"","overlay-type":"","overlay-color":"","overlay-opacity":"","overlay-gradient":""},"mobile":{"background-color":"","background-image":"","background-repeat":"repeat","background-position":"center center","background-size":"auto","background-attachment":"scroll","background-type":"","background-media":"","overlay-type":"","overlay-color":"","overlay-opacity":"","overlay-gradient":""}},"ast-content-background-meta":{"desktop":{"background-color":"var(--ast-global-color-5)","background-image":"","background-repeat":"repeat","background-position":"center center","background-size":"auto","background-attachment":"scroll","background-type":"","background-media":"","overlay-type":"","overlay-color":"","overlay-opacity":"","overlay-gradient":""},"tablet":{"background-color":"var(--ast-global-color-5)","background-image":"","background-repeat":"repeat","background-position":"center center","background-size":"auto","background-attachment":"scroll","background-type":"","background-media":"","overlay-type":"","overlay-color":"","overlay-opacity":"","overlay-gradient":""},"mobile":{"background-color":"var(--ast-global-color-5)","background-image":"","background-repeat":"repeat","background-position":"center center","background-size":"auto","background-attachment":"scroll","background-type":"","background-media":"","overlay-type":"","overlay-color":"","overlay-opacity":"","overlay-gradient":""}},"footnotes":""},"class_list":["post-135022","page","type-page","status-publish","has-post-thumbnail","hentry"],"yoast_head":"<!-- This site is optimized with the Yoast SEO plugin v27.5 - https:\/\/yoast.com\/product\/yoast-seo-wordpress\/ -->\n<title>Servi\u00e7os de interpreta\u00e7\u00e3o pelo telefone - Trusted Translations, Inc.<\/title>\n<meta name=\"description\" content=\"A Trusted Translations, Inc. \u00e9 l\u00edder em servi\u00e7os de interpreta\u00e7\u00e3o de idiomas pelo telefone. Ligue para n\u00f3s e solicite um or\u00e7amento ou consulta gratuitos.\" \/>\n<meta name=\"robots\" content=\"index, follow, max-snippet:-1, max-image-preview:large, max-video-preview:-1\" \/>\n<link rel=\"canonical\" href=\"https:\/\/www.trustedtranslations.com\/pt-br\/servicos\/interpretacao-pelo-telefone\" \/>\n<meta property=\"og:locale\" content=\"pt_BR\" \/>\n<meta property=\"og:type\" content=\"article\" \/>\n<meta property=\"og:title\" content=\"Servi\u00e7os de interpreta\u00e7\u00e3o pelo telefone - Trusted Translations, Inc.\" \/>\n<meta property=\"og:description\" content=\"A Trusted Translations, Inc. \u00e9 l\u00edder em servi\u00e7os de interpreta\u00e7\u00e3o de idiomas pelo telefone. Ligue para n\u00f3s e solicite um or\u00e7amento ou consulta gratuitos.\" \/>\n<meta property=\"og:url\" content=\"https:\/\/www.trustedtranslations.com\/pt-br\/servicos\/interpretacao-pelo-telefone\" \/>\n<meta property=\"og:site_name\" content=\"Trusted Translations, Inc.\" \/>\n<meta property=\"article:publisher\" content=\"https:\/\/www.facebook.com\/Trusted.Translations\" \/>\n<meta property=\"article:modified_time\" content=\"2024-09-03T18:50:20+00:00\" \/>\n<meta property=\"og:image\" content=\"https:\/\/www.trustedtranslations.com\/wp-content\/uploads\/2022\/06\/tt-logo-2-1.webp\" \/>\n\t<meta property=\"og:image:width\" content=\"216\" \/>\n\t<meta property=\"og:image:height\" content=\"94\" \/>\n\t<meta property=\"og:image:type\" content=\"image\/webp\" \/>\n<meta name=\"twitter:card\" content=\"summary_large_image\" \/>\n<meta name=\"twitter:site\" content=\"@TrustedT9ns\" \/>\n<script type=\"application\/ld+json\" class=\"yoast-schema-graph\">{\"@context\":\"https:\\\/\\\/schema.org\",\"@graph\":[{\"@type\":\"WebPage\",\"@id\":\"https:\\\/\\\/www.trustedtranslations.com\\\/pt-br\\\/servicos\\\/interpretacao-pelo-telefone\",\"url\":\"https:\\\/\\\/www.trustedtranslations.com\\\/pt-br\\\/servicos\\\/interpretacao-pelo-telefone\",\"name\":\"Servi\u00e7os de interpreta\u00e7\u00e3o pelo telefone - Trusted Translations, Inc.\",\"isPartOf\":{\"@id\":\"https:\\\/\\\/www.trustedtranslations.com\\\/pt-br\\\/#website\"},\"primaryImageOfPage\":{\"@id\":\"https:\\\/\\\/www.trustedtranslations.com\\\/pt-br\\\/servicos\\\/interpretacao-pelo-telefone#primaryimage\"},\"image\":{\"@id\":\"https:\\\/\\\/www.trustedtranslations.com\\\/pt-br\\\/servicos\\\/interpretacao-pelo-telefone#primaryimage\"},\"thumbnailUrl\":\"\",\"description\":\"A Trusted Translations, Inc. \u00e9 l\u00edder em servi\u00e7os de interpreta\u00e7\u00e3o de idiomas pelo telefone. Ligue para n\u00f3s e solicite um or\u00e7amento ou consulta gratuitos.\",\"breadcrumb\":{\"@id\":\"https:\\\/\\\/www.trustedtranslations.com\\\/pt-br\\\/servicos\\\/interpretacao-pelo-telefone#breadcrumb\"},\"inLanguage\":\"pt-BR\",\"potentialAction\":[{\"@type\":\"ReadAction\",\"target\":[\"https:\\\/\\\/www.trustedtranslations.com\\\/pt-br\\\/servicos\\\/interpretacao-pelo-telefone\"]}]},{\"@type\":\"ImageObject\",\"inLanguage\":\"pt-BR\",\"@id\":\"https:\\\/\\\/www.trustedtranslations.com\\\/pt-br\\\/servicos\\\/interpretacao-pelo-telefone#primaryimage\",\"url\":\"\",\"contentUrl\":\"\"},{\"@type\":\"BreadcrumbList\",\"@id\":\"https:\\\/\\\/www.trustedtranslations.com\\\/pt-br\\\/servicos\\\/interpretacao-pelo-telefone#breadcrumb\",\"itemListElement\":[{\"@type\":\"ListItem\",\"position\":1,\"name\":\"Home\",\"item\":\"https:\\\/\\\/www.trustedtranslations.com\\\/pt-br\"},{\"@type\":\"ListItem\",\"position\":2,\"name\":\"Servi\u00e7os\",\"item\":\"https:\\\/\\\/www.trustedtranslations.com\\\/pt-br\\\/servicos\"},{\"@type\":\"ListItem\",\"position\":3,\"name\":\"Interpreta\u00e7\u00e3o pelo telefone\"}]},{\"@type\":\"WebSite\",\"@id\":\"https:\\\/\\\/www.trustedtranslations.com\\\/pt-br\\\/#website\",\"url\":\"https:\\\/\\\/www.trustedtranslations.com\\\/pt-br\\\/\",\"name\":\"Trusted Translations, Inc.\",\"description\":\"Leader in translation and interpretation services.\",\"publisher\":{\"@id\":\"https:\\\/\\\/www.trustedtranslations.com\\\/pt-br\\\/#organization\"},\"alternateName\":\"Trusted Translations\",\"potentialAction\":[{\"@type\":\"SearchAction\",\"target\":{\"@type\":\"EntryPoint\",\"urlTemplate\":\"https:\\\/\\\/www.trustedtranslations.com\\\/pt-br\\\/?s={search_term_string}\"},\"query-input\":{\"@type\":\"PropertyValueSpecification\",\"valueRequired\":true,\"valueName\":\"search_term_string\"}}],\"inLanguage\":\"pt-BR\"},{\"@type\":\"Organization\",\"@id\":\"https:\\\/\\\/www.trustedtranslations.com\\\/pt-br\\\/#organization\",\"name\":\"Trusted Translations\",\"alternateName\":\"Trusted Translations, Inc.\",\"url\":\"https:\\\/\\\/www.trustedtranslations.com\\\/pt-br\\\/\",\"logo\":{\"@type\":\"ImageObject\",\"inLanguage\":\"pt-BR\",\"@id\":\"https:\\\/\\\/www.trustedtranslations.com\\\/pt-br\\\/#\\\/schema\\\/logo\\\/image\\\/\",\"url\":\"https:\\\/\\\/static.trustedtranslations.com\\\/wp-content\\\/uploads\\\/2022\\\/01\\\/TT_logo_WSIColors-2.png\",\"contentUrl\":\"https:\\\/\\\/static.trustedtranslations.com\\\/wp-content\\\/uploads\\\/2022\\\/01\\\/TT_logo_WSIColors-2.png\",\"width\":500,\"height\":196,\"caption\":\"Trusted Translations\"},\"image\":{\"@id\":\"https:\\\/\\\/www.trustedtranslations.com\\\/pt-br\\\/#\\\/schema\\\/logo\\\/image\\\/\"},\"sameAs\":[\"https:\\\/\\\/www.facebook.com\\\/Trusted.Translations\",\"https:\\\/\\\/x.com\\\/TrustedT9ns\",\"https:\\\/\\\/www.linkedin.com\\\/company\\\/trusted-translations\"]}]}<\/script>\n<!-- \/ Yoast SEO plugin. -->","yoast_head_json":{"title":"Servi\u00e7os de interpreta\u00e7\u00e3o pelo telefone - Trusted Translations, Inc.","description":"A Trusted Translations, Inc. \u00e9 l\u00edder em servi\u00e7os de interpreta\u00e7\u00e3o de idiomas pelo telefone. Ligue para n\u00f3s e solicite um or\u00e7amento ou consulta gratuitos.","robots":{"index":"index","follow":"follow","max-snippet":"max-snippet:-1","max-image-preview":"max-image-preview:large","max-video-preview":"max-video-preview:-1"},"canonical":"https:\/\/www.trustedtranslations.com\/pt-br\/servicos\/interpretacao-pelo-telefone","og_locale":"pt_BR","og_type":"article","og_title":"Servi\u00e7os de interpreta\u00e7\u00e3o pelo telefone - Trusted Translations, Inc.","og_description":"A Trusted Translations, Inc. \u00e9 l\u00edder em servi\u00e7os de interpreta\u00e7\u00e3o de idiomas pelo telefone. Ligue para n\u00f3s e solicite um or\u00e7amento ou consulta gratuitos.","og_url":"https:\/\/www.trustedtranslations.com\/pt-br\/servicos\/interpretacao-pelo-telefone","og_site_name":"Trusted Translations, Inc.","article_publisher":"https:\/\/www.facebook.com\/Trusted.Translations","article_modified_time":"2024-09-03T18:50:20+00:00","og_image":[{"width":216,"height":94,"url":"https:\/\/www.trustedtranslations.com\/wp-content\/uploads\/2022\/06\/tt-logo-2-1.webp","type":"image\/webp"}],"twitter_card":"summary_large_image","twitter_site":"@TrustedT9ns","schema":{"@context":"https:\/\/schema.org","@graph":[{"@type":"WebPage","@id":"https:\/\/www.trustedtranslations.com\/pt-br\/servicos\/interpretacao-pelo-telefone","url":"https:\/\/www.trustedtranslations.com\/pt-br\/servicos\/interpretacao-pelo-telefone","name":"Servi\u00e7os de interpreta\u00e7\u00e3o pelo telefone - Trusted Translations, Inc.","isPartOf":{"@id":"https:\/\/www.trustedtranslations.com\/pt-br\/#website"},"primaryImageOfPage":{"@id":"https:\/\/www.trustedtranslations.com\/pt-br\/servicos\/interpretacao-pelo-telefone#primaryimage"},"image":{"@id":"https:\/\/www.trustedtranslations.com\/pt-br\/servicos\/interpretacao-pelo-telefone#primaryimage"},"thumbnailUrl":"","description":"A Trusted Translations, Inc. \u00e9 l\u00edder em servi\u00e7os de interpreta\u00e7\u00e3o de idiomas pelo telefone. Ligue para n\u00f3s e solicite um or\u00e7amento ou consulta gratuitos.","breadcrumb":{"@id":"https:\/\/www.trustedtranslations.com\/pt-br\/servicos\/interpretacao-pelo-telefone#breadcrumb"},"inLanguage":"pt-BR","potentialAction":[{"@type":"ReadAction","target":["https:\/\/www.trustedtranslations.com\/pt-br\/servicos\/interpretacao-pelo-telefone"]}]},{"@type":"ImageObject","inLanguage":"pt-BR","@id":"https:\/\/www.trustedtranslations.com\/pt-br\/servicos\/interpretacao-pelo-telefone#primaryimage","url":"","contentUrl":""},{"@type":"BreadcrumbList","@id":"https:\/\/www.trustedtranslations.com\/pt-br\/servicos\/interpretacao-pelo-telefone#breadcrumb","itemListElement":[{"@type":"ListItem","position":1,"name":"Home","item":"https:\/\/www.trustedtranslations.com\/pt-br"},{"@type":"ListItem","position":2,"name":"Servi\u00e7os","item":"https:\/\/www.trustedtranslations.com\/pt-br\/servicos"},{"@type":"ListItem","position":3,"name":"Interpreta\u00e7\u00e3o pelo telefone"}]},{"@type":"WebSite","@id":"https:\/\/www.trustedtranslations.com\/pt-br\/#website","url":"https:\/\/www.trustedtranslations.com\/pt-br\/","name":"Trusted Translations, Inc.","description":"Leader in translation and interpretation services.","publisher":{"@id":"https:\/\/www.trustedtranslations.com\/pt-br\/#organization"},"alternateName":"Trusted Translations","potentialAction":[{"@type":"SearchAction","target":{"@type":"EntryPoint","urlTemplate":"https:\/\/www.trustedtranslations.com\/pt-br\/?s={search_term_string}"},"query-input":{"@type":"PropertyValueSpecification","valueRequired":true,"valueName":"search_term_string"}}],"inLanguage":"pt-BR"},{"@type":"Organization","@id":"https:\/\/www.trustedtranslations.com\/pt-br\/#organization","name":"Trusted Translations","alternateName":"Trusted Translations, Inc.","url":"https:\/\/www.trustedtranslations.com\/pt-br\/","logo":{"@type":"ImageObject","inLanguage":"pt-BR","@id":"https:\/\/www.trustedtranslations.com\/pt-br\/#\/schema\/logo\/image\/","url":"https:\/\/static.trustedtranslations.com\/wp-content\/uploads\/2022\/01\/TT_logo_WSIColors-2.png","contentUrl":"https:\/\/static.trustedtranslations.com\/wp-content\/uploads\/2022\/01\/TT_logo_WSIColors-2.png","width":500,"height":196,"caption":"Trusted Translations"},"image":{"@id":"https:\/\/www.trustedtranslations.com\/pt-br\/#\/schema\/logo\/image\/"},"sameAs":["https:\/\/www.facebook.com\/Trusted.Translations","https:\/\/x.com\/TrustedT9ns","https:\/\/www.linkedin.com\/company\/trusted-translations"]}]}},"toolset-meta":{"dyk":{"mensaje-1":{"type":"textfield","raw":""},"mensaje-2":{"type":"textfield","raw":"A interpreta\u00e7\u00e3o pelo telefone pode ser facilmente integrada em consultas de telessa\u00fade."},"mensaje-3":{"type":"textfield","raw":"A interpreta\u00e7\u00e3o pelo telefone ajuda a reduzir os custos de deslocamento e de seguros."},"mensaje-4":{"type":"textfield","raw":"A interpreta\u00e7\u00e3o pelo telefone permite acesso r\u00e1pido e conveniente \u00e0 assist\u00eancia lingu\u00edstica."},"mensaje-5":{"type":"textfield","raw":""},"mensaje-6":{"type":"textfield","raw":""}},"single-page-template-fields":{"imgs-temp":{"type":"image","raw":["https:\/\/static.trustedtranslations.com\/wp-content\/uploads\/2024\/05\/phone-final-4.webp","https:\/\/static.trustedtranslations.com\/wp-content\/uploads\/2024\/05\/phone-final-2-1.webp","https:\/\/static.trustedtranslations.com\/wp-content\/uploads\/2024\/05\/phone-final-3-1.webp"],"repeatable":[{"raw":"https:\/\/static.trustedtranslations.com\/wp-content\/uploads\/2024\/05\/phone-final-4.webp"},{"raw":"https:\/\/static.trustedtranslations.com\/wp-content\/uploads\/2024\/05\/phone-final-2-1.webp"},{"raw":"https:\/\/static.trustedtranslations.com\/wp-content\/uploads\/2024\/05\/phone-final-3-1.webp"}]},"imgs-temp-cel":{"type":"image","raw":[""],"repeatable":[{"raw":""}]},"img-temp-one-cel":{"type":"image","raw":"https:\/\/static.trustedtranslations.com\/wp-content\/uploads\/2024\/05\/smiling-male-business-consultant.webp","attachment_id":null},"quotes":{"type":"textarea","raw":"<h1 style=\"margin-bottom: 12px;\">Servi\u00e7os de interpreta\u00e7\u00e3o pelo telefone <\/h1>A Trusted Translations possui uma divis\u00e3o especial dedicada a servi\u00e7os de interpreta\u00e7\u00e3o pelo telefone ao vivo, com alta qualidade e \u00f3timo custo-benef\u00edcio. N\u00f3s fornecemos rotineiramente aos nossos clientes interpreta\u00e7\u00f5es pelo telefone em mais de 150 idiomas, dispon\u00edveis 24 horas por dia, todos os dias do ano, utilizando a mais recente tecnologia de telecomunica\u00e7\u00f5es.<div style=\"margin-top: 2.5vw;\"><a class=\"tt-btn-main-cta\" href=\"\/pt-br\/solicitud-orcamento\">SOLICITE UM OR\u00c7AMENTO GR\u00c1TIS<\/a><\/div>"},"text-1":{"type":"textarea","raw":"<h2 style=\"margin-top: -10px;\">\u00c0 disposi\u00e7\u00e3o 24 horas por dia, todos os dias do ano<\/h2>Quer voc\u00ea esteja diretamente integrado \u00e0 nossa rede de int\u00e9rpretes ou ligue usando um n\u00famero de telefone personalizado, nossos operadores est\u00e3o treinados para lidar com interpreta\u00e7\u00f5es humanas ao vivo pelo telefone em mais de 150 idiomas, cobrindo todos os assuntos. Desde t\u00f3picos m\u00e9dicos complexos a depoimentos jur\u00eddicos, os int\u00e9rpretes pelo telefone (OPI) da Trusted Translations est\u00e3o de plant\u00e3o 24 horas por dia, todos os dias do ano, para garantir que voc\u00ea tenha uma reuni\u00e3o multil\u00edngue produtiva e bem-sucedida. Tal como acontece com todas as nossas op\u00e7\u00f5es de servi\u00e7os, a Trusted Translations obedece rigorosos padr\u00f5es de confidencialidade e qualidade, incluindo as regulamenta\u00e7\u00f5es de privacidade da HIPAA.\r\n<div class=\"imgs-flex-template\">\r\n    <div>\r\n        <h2>Interpreta\u00e7\u00e3o telef\u00f4nica (OPI)<\/h2>\r\n        <p>A Trusted Translations fornece um conjunto completo de servi\u00e7os para atender \u00e0s suas necessidades de idiomas, incluindo nossos servi\u00e7os de interpreta\u00e7\u00e3o de idiomas ao vivo e pelo telefone \u2014 tamb\u00e9m conhecidos como OPI, servi\u00e7os de tradu\u00e7\u00e3o humana pelo telefone ou apenas tradu\u00e7\u00f5es pelo telefone. Esse servi\u00e7o oferece aos nossos clientes a conveni\u00eancia \u00fanica de ligar para uma linha particular e segura para acessar nossos int\u00e9rpretes de plant\u00e3o ao vivo, capazes de interpretar em mais de 150 idiomas.\r\n\r\nNosso principal servi\u00e7o de interpreta\u00e7\u00e3o pelo telefone \u00e9 realmente muito simples. Voc\u00ea pode integrar seu call center diretamente com nossa rede OPI ou ligar para um n\u00famero de interpreta\u00e7\u00e3o gratuito e personalizado. Em segundos, um de nossos atendentes ao vivo fornecer\u00e1 a voc\u00ea um int\u00e9rprete telef\u00f4nico especializado no idioma necess\u00e1rio, o qual lhe ajudar\u00e1 com suas necessidades de comunica\u00e7\u00e3o.<\/p>\r\n    <\/div>\r\n    <img src=\"https:\/\/static.trustedtranslations.com\/wp-content\/uploads\/2022\/02\/AdobeStock_455815973-1-1.jpg\">\r\n<\/div>\r\nOrganiza\u00e7\u00f5es de todos os tipos, incluindo hospitais, empresas da Fortune 500, escrit\u00f3rios de advocacia e organiza\u00e7\u00f5es sem fins lucrativos podem utilizar este servi\u00e7o de interpreta\u00e7\u00e3o pelo telefone econ\u00f4mico e f\u00e1cil de usar. Voc\u00ea pode at\u00e9 acessar nosso n\u00famero do exterior para ajud\u00e1-lo a se comunicar ao viajar e trabalhar em pa\u00edses que n\u00e3o falam ingl\u00eas. A Trusted Translations pode at\u00e9 gravar, transcrever e enviar a chamada para voc\u00ea por e-mail."},"shortcode-map":{"type":"textfield","raw":""},"dyk-shortcode":{"type":"textfield","raw":"[elementor-template id=\"147273\"]"},"text-2":{"type":"textarea","raw":"<div class=\"imgs-flex-template flex-text-2\" style=\"margin-top: -30px\">\r\n    <img src=\"https:\/\/static.trustedtranslations.com\/wp-content\/uploads\/2022\/02\/AdobeStock_206755016-1-1.jpg\">\r\n    <div class=\"p-img-width\">\r\n        <h2>Servi\u00e7os de interpreta\u00e7\u00e3o pelo telefone<\/h2>\r\n        <p>A Trusted Translations utiliza uma abordagem comprovada para fornecer servi\u00e7os de interpreta\u00e7\u00e3o pelo telefone de alta qualidade. O nosso processo envolve o uso de int\u00e9rpretes experientes, juntamente com a melhor tecnologia de telecomunica\u00e7\u00f5es. O compromisso da Trusted Translations com seus clientes \u00e9 fornecer servi\u00e7o ininterrupto de interpreta\u00e7\u00e3o pelo telefone 24 horas por dia, 7 dias por semana, todos os dias do ano. A seu pedido, faremos parte da sua confer\u00eancia com um int\u00e9rprete especializado num determinado assunto. Os servi\u00e7os de interpreta\u00e7\u00e3o pelo telefone da Trusted Translations s\u00e3o constru\u00eddos sobre uma base s\u00f3lida de recursos humanos, com experi\u00eancia em campos especializados, e que possuem um hist\u00f3rico comprovado de interpreta\u00e7\u00e3o em um ambiente profissional.<\/p>\r\n    <\/div>\r\n<\/div>\r\n<div class=\"imgs-flex-template\">\r\n    <div>\r\n        <h2>O que esperar dos nossos int\u00e9rpretes pelo telefone<\/h2>\r\n        <p>Cada vez que voc\u00ea liga para a Trusted Translations em busca de servi\u00e7os profissionais de interpreta\u00e7\u00e3o pelo telefone, voc\u00ea pode esperar um int\u00e9rprete com as seguintes caracter\u00edsticas:<\/p>\r\n        <p style=\"padding-left: 40px;\">\u2022 Profissional e cort\u00eas\r\n        \u2022 Possui experi\u00eancia no assunto\r\n        \u2022 Capaz de se expressar claramente nos idiomas necess\u00e1rios\r\n        \u2022 Vinculado por acordos de confidencialidade rigorosos\r\n        \u2022 Equipado tecnologicamente para transcrever e gravar a chamada mediante solicita\u00e7\u00e3o<\/p>\r\n    <\/div>\r\n    <img src=\"https:\/\/static.trustedtranslations.com\/wp-content\/uploads\/2022\/02\/AdobeStock_266285934-1-1.jpg\">\r\n<\/div>\r\n<h2 style=\"margin-top: -10px;\">Precifica\u00e7\u00e3o da interpreta\u00e7\u00e3o telef\u00f4nica<\/h2>As taxas de interpreta\u00e7\u00e3o pelo telefone da Trusted Translations s\u00e3o baseadas em um pre\u00e7o por minuto, que varia de acordo com o idioma, com a complexidade do assunto e com o volume geral em minutos. \u00c9 importante entender as terminologias diferentes, usadas em conex\u00e3o com as taxas e pre\u00e7os de interpreta\u00e7\u00e3o pelo telefone ao vivo. A interpreta\u00e7\u00e3o pelo telefone \u00e9 tamb\u00e9m chamada de: interpreta\u00e7\u00e3o humana pelo telefone, tradu\u00e7\u00e3o pelo fone, tradu\u00e7\u00e3o pelo telefone, servi\u00e7os de tradu\u00e7\u00e3o humana pelo telefone e servi\u00e7os de interpreta\u00e7\u00e3o pelo telefone.\r\n\r\nEnquanto os servi\u00e7os de interpreta\u00e7\u00e3o presenciais s\u00e3o normalmente cobrados por hora, com um n\u00famero m\u00ednimo de horas, a maioria dos servi\u00e7os OPI acontece sob demanda e os mesmos s\u00e3o cobrados por minuto. Uma taxa adicional pode ser aplicada ao pre\u00e7o de interpreta\u00e7\u00e3o pelo telefone se voc\u00ea precisar se conectar a um terceiro via telefone. Essa taxa \u00e9 normal e destina-se a cobrir as tarifas de longa dist\u00e2ncia da liga\u00e7\u00e3o a outro telefone. Voc\u00ea pode evitar essas cobran\u00e7as configurando uma ponte de confer\u00eancia antes da chamada. Ligue-nos hoje mesmo para solicitar um or\u00e7amento gratuito e encontre maneiras de minimizar o custo das suas necessidades de interpreta\u00e7\u00e3o pelo telefone.\r\n\r\nNa Trusted Translations, entendemos que, embora voc\u00ea e sua organiza\u00e7\u00e3o tenham objetivos claros, voc\u00ea tamb\u00e9m tem restri\u00e7\u00f5es or\u00e7ament\u00e1rias. Por isso, estruturamos o nosso servi\u00e7o de interpreta\u00e7\u00e3o pelo telefone para que ele n\u00e3o seja apenas f\u00e1cil de usar, mas tamb\u00e9m extremamente acess\u00edvel. Cobramos uma taxa fixa por minuto, dependendo do par de idiomas. Assim, se tudo o que voc\u00ea precisa \u00e9 de 17 minutos, voc\u00ea s\u00f3 ser\u00e1 cobrado por 17 minutos. Al\u00e9m disso, voc\u00ea tamb\u00e9m economizar\u00e1 evitando os custos de viagem e seguro geralmente associados aos servi\u00e7os de interpreta\u00e7\u00e3o presencial."},"state":{"type":"textfield","raw":""},"city":{"type":"textarea","raw":[]}}},"_links":{"self":[{"href":"https:\/\/www.trustedtranslations.com\/pt-br\/wp-json\/wp\/v2\/pages\/135022","targetHints":{"allow":["GET"]}}],"collection":[{"href":"https:\/\/www.trustedtranslations.com\/pt-br\/wp-json\/wp\/v2\/pages"}],"about":[{"href":"https:\/\/www.trustedtranslations.com\/pt-br\/wp-json\/wp\/v2\/types\/page"}],"author":[{"embeddable":true,"href":"https:\/\/www.trustedtranslations.com\/pt-br\/wp-json\/wp\/v2\/users\/1"}],"replies":[{"embeddable":true,"href":"https:\/\/www.trustedtranslations.com\/pt-br\/wp-json\/wp\/v2\/comments?post=135022"}],"version-history":[{"count":0,"href":"https:\/\/www.trustedtranslations.com\/pt-br\/wp-json\/wp\/v2\/pages\/135022\/revisions"}],"up":[{"embeddable":true,"href":"https:\/\/www.trustedtranslations.com\/pt-br\/wp-json\/wp\/v2\/pages\/135075"}],"wp:featuredmedia":[{"embeddable":true,"href":"https:\/\/www.trustedtranslations.com\/pt-br\/wp-json\/"}],"wp:attachment":[{"href":"https:\/\/www.trustedtranslations.com\/pt-br\/wp-json\/wp\/v2\/media?parent=135022"}],"curies":[{"name":"wp","href":"https:\/\/api.w.org\/{rel}","templated":true}]}}