{"id":135023,"date":"2018-11-13T12:09:16","date_gmt":"2018-11-13T12:09:16","guid":{"rendered":"https:\/\/www.trustedtranslations.com\/?page_id=135023"},"modified":"2024-09-03T11:34:52","modified_gmt":"2024-09-03T14:34:52","slug":"interpretacao-no-local","status":"publish","type":"page","link":"https:\/\/www.trustedtranslations.com\/pt-br\/servicos\/interpretacao-no-local","title":{"rendered":"Interpreta\u00e7\u00e3o presencial"},"content":{"rendered":"","protected":false},"excerpt":{"rendered":"","protected":false},"author":1,"featured_media":223058,"parent":135075,"menu_order":0,"comment_status":"closed","ping_status":"closed","template":"","meta":{"site-sidebar-layout":"default","site-content-layout":"default","ast-site-content-layout":"default","site-content-style":"default","site-sidebar-style":"default","ast-global-header-display":"","ast-banner-title-visibility":"","ast-main-header-display":"","ast-hfb-above-header-display":"","ast-hfb-below-header-display":"","ast-hfb-mobile-header-display":"","site-post-title":"disabled","ast-breadcrumbs-content":"","ast-featured-img":"","footer-sml-layout":"","ast-disable-related-posts":"","theme-transparent-header-meta":"default","adv-header-id-meta":"","stick-header-meta":"","header-above-stick-meta":"","header-main-stick-meta":"","header-below-stick-meta":"","astra-migrate-meta-layouts":"set","ast-page-background-enabled":"default","ast-page-background-meta":{"desktop":{"background-color":"var(--ast-global-color-4)","background-image":"","background-repeat":"repeat","background-position":"center center","background-size":"auto","background-attachment":"scroll","background-type":"","background-media":"","overlay-type":"","overlay-color":"","overlay-opacity":"","overlay-gradient":""},"tablet":{"background-color":"","background-image":"","background-repeat":"repeat","background-position":"center center","background-size":"auto","background-attachment":"scroll","background-type":"","background-media":"","overlay-type":"","overlay-color":"","overlay-opacity":"","overlay-gradient":""},"mobile":{"background-color":"","background-image":"","background-repeat":"repeat","background-position":"center center","background-size":"auto","background-attachment":"scroll","background-type":"","background-media":"","overlay-type":"","overlay-color":"","overlay-opacity":"","overlay-gradient":""}},"ast-content-background-meta":{"desktop":{"background-color":"var(--ast-global-color-5)","background-image":"","background-repeat":"repeat","background-position":"center center","background-size":"auto","background-attachment":"scroll","background-type":"","background-media":"","overlay-type":"","overlay-color":"","overlay-opacity":"","overlay-gradient":""},"tablet":{"background-color":"var(--ast-global-color-5)","background-image":"","background-repeat":"repeat","background-position":"center center","background-size":"auto","background-attachment":"scroll","background-type":"","background-media":"","overlay-type":"","overlay-color":"","overlay-opacity":"","overlay-gradient":""},"mobile":{"background-color":"var(--ast-global-color-5)","background-image":"","background-repeat":"repeat","background-position":"center center","background-size":"auto","background-attachment":"scroll","background-type":"","background-media":"","overlay-type":"","overlay-color":"","overlay-opacity":"","overlay-gradient":""}},"footnotes":""},"class_list":["post-135023","page","type-page","status-publish","has-post-thumbnail","hentry"],"yoast_head":"<!-- This site is optimized with the Yoast SEO plugin v27.6 - https:\/\/yoast.com\/product\/yoast-seo-wordpress\/ -->\n<title>Servi\u00e7os de interpreta\u00e7\u00e3o presencial - Trusted Translations, Inc.<\/title>\n<meta name=\"description\" content=\"A Trusted Translations \u00e9 l\u00edder em servi\u00e7os de interpreta\u00e7\u00e3o presencial consecutiva e simult\u00e2nea de idiomas. Ligue para n\u00f3s e solicite um or\u00e7amento ou consulta gratuitos.\" \/>\n<meta name=\"robots\" content=\"index, follow, max-snippet:-1, max-image-preview:large, max-video-preview:-1\" \/>\n<link rel=\"canonical\" href=\"https:\/\/www.trustedtranslations.com\/pt-br\/servicos\/interpretacao-no-local\" \/>\n<meta property=\"og:locale\" content=\"pt_BR\" \/>\n<meta property=\"og:type\" content=\"article\" \/>\n<meta property=\"og:title\" content=\"Servi\u00e7os de interpreta\u00e7\u00e3o presencial - Trusted Translations, Inc.\" \/>\n<meta property=\"og:description\" content=\"A Trusted Translations \u00e9 l\u00edder em servi\u00e7os de interpreta\u00e7\u00e3o presencial consecutiva e simult\u00e2nea de idiomas. Ligue para n\u00f3s e solicite um or\u00e7amento ou consulta gratuitos.\" \/>\n<meta property=\"og:url\" content=\"https:\/\/www.trustedtranslations.com\/pt-br\/servicos\/interpretacao-no-local\" \/>\n<meta property=\"og:site_name\" content=\"Trusted Translations, Inc.\" \/>\n<meta property=\"article:publisher\" content=\"https:\/\/www.facebook.com\/Trusted.Translations\" \/>\n<meta property=\"article:modified_time\" content=\"2024-09-03T14:34:52+00:00\" \/>\n<meta property=\"og:image\" content=\"https:\/\/www.trustedtranslations.com\/wp-content\/uploads\/2022\/06\/tt-logo-2-1.webp\" \/>\n\t<meta property=\"og:image:width\" content=\"216\" \/>\n\t<meta property=\"og:image:height\" content=\"94\" \/>\n\t<meta property=\"og:image:type\" content=\"image\/webp\" \/>\n<meta name=\"twitter:card\" content=\"summary_large_image\" \/>\n<meta name=\"twitter:site\" content=\"@TrustedT9ns\" \/>\n<script type=\"application\/ld+json\" class=\"yoast-schema-graph\">{\"@context\":\"https:\\\/\\\/schema.org\",\"@graph\":[{\"@type\":\"WebPage\",\"@id\":\"https:\\\/\\\/www.trustedtranslations.com\\\/pt-br\\\/servicos\\\/interpretacao-no-local\",\"url\":\"https:\\\/\\\/www.trustedtranslations.com\\\/pt-br\\\/servicos\\\/interpretacao-no-local\",\"name\":\"Servi\u00e7os de interpreta\u00e7\u00e3o presencial - Trusted Translations, Inc.\",\"isPartOf\":{\"@id\":\"https:\\\/\\\/www.trustedtranslations.com\\\/pt-br\\\/#website\"},\"primaryImageOfPage\":{\"@id\":\"https:\\\/\\\/www.trustedtranslations.com\\\/pt-br\\\/servicos\\\/interpretacao-no-local#primaryimage\"},\"image\":{\"@id\":\"https:\\\/\\\/www.trustedtranslations.com\\\/pt-br\\\/servicos\\\/interpretacao-no-local#primaryimage\"},\"thumbnailUrl\":\"\",\"description\":\"A Trusted Translations \u00e9 l\u00edder em servi\u00e7os de interpreta\u00e7\u00e3o presencial consecutiva e simult\u00e2nea de idiomas. Ligue para n\u00f3s e solicite um or\u00e7amento ou consulta gratuitos.\",\"breadcrumb\":{\"@id\":\"https:\\\/\\\/www.trustedtranslations.com\\\/pt-br\\\/servicos\\\/interpretacao-no-local#breadcrumb\"},\"inLanguage\":\"pt-BR\",\"potentialAction\":[{\"@type\":\"ReadAction\",\"target\":[\"https:\\\/\\\/www.trustedtranslations.com\\\/pt-br\\\/servicos\\\/interpretacao-no-local\"]}]},{\"@type\":\"ImageObject\",\"inLanguage\":\"pt-BR\",\"@id\":\"https:\\\/\\\/www.trustedtranslations.com\\\/pt-br\\\/servicos\\\/interpretacao-no-local#primaryimage\",\"url\":\"\",\"contentUrl\":\"\"},{\"@type\":\"BreadcrumbList\",\"@id\":\"https:\\\/\\\/www.trustedtranslations.com\\\/pt-br\\\/servicos\\\/interpretacao-no-local#breadcrumb\",\"itemListElement\":[{\"@type\":\"ListItem\",\"position\":1,\"name\":\"Home\",\"item\":\"https:\\\/\\\/www.trustedtranslations.com\\\/pt-br\"},{\"@type\":\"ListItem\",\"position\":2,\"name\":\"Servi\u00e7os\",\"item\":\"https:\\\/\\\/www.trustedtranslations.com\\\/pt-br\\\/servicos\"},{\"@type\":\"ListItem\",\"position\":3,\"name\":\"Interpreta\u00e7\u00e3o presencial\"}]},{\"@type\":\"WebSite\",\"@id\":\"https:\\\/\\\/www.trustedtranslations.com\\\/pt-br\\\/#website\",\"url\":\"https:\\\/\\\/www.trustedtranslations.com\\\/pt-br\\\/\",\"name\":\"Trusted Translations, Inc.\",\"description\":\"Leader in translation and interpretation services.\",\"publisher\":{\"@id\":\"https:\\\/\\\/www.trustedtranslations.com\\\/pt-br\\\/#organization\"},\"alternateName\":\"Trusted Translations\",\"potentialAction\":[{\"@type\":\"SearchAction\",\"target\":{\"@type\":\"EntryPoint\",\"urlTemplate\":\"https:\\\/\\\/www.trustedtranslations.com\\\/pt-br\\\/?s={search_term_string}\"},\"query-input\":{\"@type\":\"PropertyValueSpecification\",\"valueRequired\":true,\"valueName\":\"search_term_string\"}}],\"inLanguage\":\"pt-BR\"},{\"@type\":\"Organization\",\"@id\":\"https:\\\/\\\/www.trustedtranslations.com\\\/pt-br\\\/#organization\",\"name\":\"Trusted Translations\",\"alternateName\":\"Trusted Translations, Inc.\",\"url\":\"https:\\\/\\\/www.trustedtranslations.com\\\/pt-br\\\/\",\"logo\":{\"@type\":\"ImageObject\",\"inLanguage\":\"pt-BR\",\"@id\":\"https:\\\/\\\/www.trustedtranslations.com\\\/pt-br\\\/#\\\/schema\\\/logo\\\/image\\\/\",\"url\":\"https:\\\/\\\/static.trustedtranslations.com\\\/wp-content\\\/uploads\\\/2022\\\/01\\\/TT_logo_WSIColors-2.png\",\"contentUrl\":\"https:\\\/\\\/static.trustedtranslations.com\\\/wp-content\\\/uploads\\\/2022\\\/01\\\/TT_logo_WSIColors-2.png\",\"width\":500,\"height\":196,\"caption\":\"Trusted Translations\"},\"image\":{\"@id\":\"https:\\\/\\\/www.trustedtranslations.com\\\/pt-br\\\/#\\\/schema\\\/logo\\\/image\\\/\"},\"sameAs\":[\"https:\\\/\\\/www.facebook.com\\\/Trusted.Translations\",\"https:\\\/\\\/x.com\\\/TrustedT9ns\",\"https:\\\/\\\/www.linkedin.com\\\/company\\\/trusted-translations\"]}]}<\/script>\n<!-- \/ Yoast SEO plugin. -->","yoast_head_json":{"title":"Servi\u00e7os de interpreta\u00e7\u00e3o presencial - Trusted Translations, Inc.","description":"A Trusted Translations \u00e9 l\u00edder em servi\u00e7os de interpreta\u00e7\u00e3o presencial consecutiva e simult\u00e2nea de idiomas. Ligue para n\u00f3s e solicite um or\u00e7amento ou consulta gratuitos.","robots":{"index":"index","follow":"follow","max-snippet":"max-snippet:-1","max-image-preview":"max-image-preview:large","max-video-preview":"max-video-preview:-1"},"canonical":"https:\/\/www.trustedtranslations.com\/pt-br\/servicos\/interpretacao-no-local","og_locale":"pt_BR","og_type":"article","og_title":"Servi\u00e7os de interpreta\u00e7\u00e3o presencial - Trusted Translations, Inc.","og_description":"A Trusted Translations \u00e9 l\u00edder em servi\u00e7os de interpreta\u00e7\u00e3o presencial consecutiva e simult\u00e2nea de idiomas. Ligue para n\u00f3s e solicite um or\u00e7amento ou consulta gratuitos.","og_url":"https:\/\/www.trustedtranslations.com\/pt-br\/servicos\/interpretacao-no-local","og_site_name":"Trusted Translations, Inc.","article_publisher":"https:\/\/www.facebook.com\/Trusted.Translations","article_modified_time":"2024-09-03T14:34:52+00:00","og_image":[{"width":216,"height":94,"url":"https:\/\/www.trustedtranslations.com\/wp-content\/uploads\/2022\/06\/tt-logo-2-1.webp","type":"image\/webp"}],"twitter_card":"summary_large_image","twitter_site":"@TrustedT9ns","schema":{"@context":"https:\/\/schema.org","@graph":[{"@type":"WebPage","@id":"https:\/\/www.trustedtranslations.com\/pt-br\/servicos\/interpretacao-no-local","url":"https:\/\/www.trustedtranslations.com\/pt-br\/servicos\/interpretacao-no-local","name":"Servi\u00e7os de interpreta\u00e7\u00e3o presencial - Trusted Translations, Inc.","isPartOf":{"@id":"https:\/\/www.trustedtranslations.com\/pt-br\/#website"},"primaryImageOfPage":{"@id":"https:\/\/www.trustedtranslations.com\/pt-br\/servicos\/interpretacao-no-local#primaryimage"},"image":{"@id":"https:\/\/www.trustedtranslations.com\/pt-br\/servicos\/interpretacao-no-local#primaryimage"},"thumbnailUrl":"","description":"A Trusted Translations \u00e9 l\u00edder em servi\u00e7os de interpreta\u00e7\u00e3o presencial consecutiva e simult\u00e2nea de idiomas. Ligue para n\u00f3s e solicite um or\u00e7amento ou consulta gratuitos.","breadcrumb":{"@id":"https:\/\/www.trustedtranslations.com\/pt-br\/servicos\/interpretacao-no-local#breadcrumb"},"inLanguage":"pt-BR","potentialAction":[{"@type":"ReadAction","target":["https:\/\/www.trustedtranslations.com\/pt-br\/servicos\/interpretacao-no-local"]}]},{"@type":"ImageObject","inLanguage":"pt-BR","@id":"https:\/\/www.trustedtranslations.com\/pt-br\/servicos\/interpretacao-no-local#primaryimage","url":"","contentUrl":""},{"@type":"BreadcrumbList","@id":"https:\/\/www.trustedtranslations.com\/pt-br\/servicos\/interpretacao-no-local#breadcrumb","itemListElement":[{"@type":"ListItem","position":1,"name":"Home","item":"https:\/\/www.trustedtranslations.com\/pt-br"},{"@type":"ListItem","position":2,"name":"Servi\u00e7os","item":"https:\/\/www.trustedtranslations.com\/pt-br\/servicos"},{"@type":"ListItem","position":3,"name":"Interpreta\u00e7\u00e3o presencial"}]},{"@type":"WebSite","@id":"https:\/\/www.trustedtranslations.com\/pt-br\/#website","url":"https:\/\/www.trustedtranslations.com\/pt-br\/","name":"Trusted Translations, Inc.","description":"Leader in translation and interpretation services.","publisher":{"@id":"https:\/\/www.trustedtranslations.com\/pt-br\/#organization"},"alternateName":"Trusted Translations","potentialAction":[{"@type":"SearchAction","target":{"@type":"EntryPoint","urlTemplate":"https:\/\/www.trustedtranslations.com\/pt-br\/?s={search_term_string}"},"query-input":{"@type":"PropertyValueSpecification","valueRequired":true,"valueName":"search_term_string"}}],"inLanguage":"pt-BR"},{"@type":"Organization","@id":"https:\/\/www.trustedtranslations.com\/pt-br\/#organization","name":"Trusted Translations","alternateName":"Trusted Translations, Inc.","url":"https:\/\/www.trustedtranslations.com\/pt-br\/","logo":{"@type":"ImageObject","inLanguage":"pt-BR","@id":"https:\/\/www.trustedtranslations.com\/pt-br\/#\/schema\/logo\/image\/","url":"https:\/\/static.trustedtranslations.com\/wp-content\/uploads\/2022\/01\/TT_logo_WSIColors-2.png","contentUrl":"https:\/\/static.trustedtranslations.com\/wp-content\/uploads\/2022\/01\/TT_logo_WSIColors-2.png","width":500,"height":196,"caption":"Trusted Translations"},"image":{"@id":"https:\/\/www.trustedtranslations.com\/pt-br\/#\/schema\/logo\/image\/"},"sameAs":["https:\/\/www.facebook.com\/Trusted.Translations","https:\/\/x.com\/TrustedT9ns","https:\/\/www.linkedin.com\/company\/trusted-translations"]}]}},"toolset-meta":{"dyk":{"mensaje-1":{"type":"textfield","raw":"A lei federal dos EUA exige acesso \u00e0 interpreta\u00e7\u00e3o em hospitais e tribunais."},"mensaje-2":{"type":"textfield","raw":""},"mensaje-3":{"type":"textfield","raw":"Os int\u00e9rpretes das Na\u00e7\u00f5es Unidas devem falar fluentemente pelo menos tr\u00eas idiomas."},"mensaje-4":{"type":"textfield","raw":"Com o aumento das confer\u00eancias virtuais, a demanda por int\u00e9rpretes multil\u00edngues est\u00e1 aumentando."},"mensaje-5":{"type":"textfield","raw":""},"mensaje-6":{"type":"textfield","raw":""}},"single-page-template-fields":{"imgs-temp":{"type":"image","raw":["https:\/\/static.trustedtranslations.com\/wp-content\/uploads\/2024\/05\/onsite-5-1.webp"],"repeatable":[{"raw":"https:\/\/static.trustedtranslations.com\/wp-content\/uploads\/2024\/05\/onsite-5-1.webp"}]},"imgs-temp-cel":{"type":"image","raw":[""],"repeatable":[{"raw":""}]},"img-temp-one-cel":{"type":"image","raw":"https:\/\/static.trustedtranslations.com\/wp-content\/uploads\/2024\/05\/AdobeStock_300893166-2-1.webp","attachment_id":null},"quotes":{"type":"textarea","raw":"<h1 style=\"margin-bottom: 12px;\">Servi\u00e7os de interpreta\u00e7\u00e3o presencial<\/h1>O departamento de interpreta\u00e7\u00e3o da Trusted Translations \u00e9 especializado em fornecer interpreta\u00e7\u00e3o de idiomas presencial, tanto consecutiva quanto simult\u00e2nea. Nossa equipe tem acesso aos melhores int\u00e9rpretes do mundo, equipados com os instrumentos de alta tecnologia necess\u00e1rios para fornecer interpreta\u00e7\u00e3o profissional presencial em praticamente qualquer ambiente. De grandes salas de confer\u00eancias a pequenas salas de reuni\u00f5es, a Trusted Translations tem uma solu\u00e7\u00e3o para as suas necessidades de interpreta\u00e7\u00f5es presenciais.<div style=\"margin-top: 2.5vw;\"><a class=\"tt-btn-main-cta\" href=\"https:\/\/www.trustedtranslations.com\/pt-br\/solicitud-orcamento\">SOLICITE UM OR\u00c7AMENTO GRATUITO<\/a><\/div>"},"text-1":{"type":"textarea","raw":"<h2 style=\"margin-top: -10px; padding-bottom:20px\">Int\u00e9rpretes presenciais<\/h2>Os nossos int\u00e9rpretes presenciais passaram pelos mais rigorosos treinamentos de idiomas do setor. Tendo int\u00e9rpretes na equipe, a Trusted Translations entende os padr\u00f5es rigorosos necess\u00e1rios para fornecer interpreta\u00e7\u00f5es presenciais precisas. Trabalhamos com linguistas treinados em mais de 200 idiomas e dialetos e com experi\u00eancia em todos os assuntos. A Trusted Translations ir\u00e1 determinar o linguista correto para suas necessidades, n\u00e3o importa qu\u00e3o complexo seja o assunto.\r\n\r\nTal como acontece com todas as nossas op\u00e7\u00f5es de servi\u00e7os, a Trusted Translations obedece rigorosos padr\u00f5es de confidencialidade e qualidade.\r\n\r\nA Trusted Translations \u00e9 provedora para mais de 5.000 clientes em todo o mundo e tem a confian\u00e7a das organiza\u00e7\u00f5es mais conceituadas do mundo, incluindo as For\u00e7as Armadas e o governo dos EUA. Se voc\u00ea precisa de servi\u00e7os presenciais de interpreta\u00e7\u00e3o comercial, jur\u00eddica, m\u00e9dica, educacional ou de confer\u00eancias, a Trusted Translations \u00e9 a sua solu\u00e7\u00e3o econ\u00f4mica e confi\u00e1vel."},"shortcode-map":{"type":"textfield","raw":""},"dyk-shortcode":{"type":"textfield","raw":"[elementor-template id=\"147273\"]"},"text-2":{"type":"textarea","raw":"<h2 style=\" padding-bottom:20px\">Interpreta\u00e7\u00e3o presencial de idiomas<\/h2>A Trusted Translations desenvolveu uma solu\u00e7\u00e3o \u00fanica para todas as suas necessidades relacionadas com idiomas, incluindo a nossa proposta de interpreta\u00e7\u00e3o presencial.\r\n\r\nO nosso servi\u00e7o de interpreta\u00e7\u00e3o presencial oferece o envio de int\u00e9rpretes com melhor forma\u00e7\u00e3o e certifica\u00e7\u00e3o para o local da sua escolha para traduzir verbalmente de um idioma para outro. Gra\u00e7as \u00e0 experi\u00eancia de nossa equipe em uma ampla gama de setores, nossos servi\u00e7os podem atender tanto ambientes pequenos, como os usados para negocia\u00e7\u00f5es ou depoimentos jur\u00eddicos, quanto grandes, como confer\u00eancias. Neste \u00faltimo caso, nossos int\u00e9rpretes presenciais podem garantir que o p\u00fablico multil\u00edngue e\/ou locutores sejam capazes de se comunicar efetivamente em v\u00e1rios idiomas.\r\n\r\nExistem dois tipos principais de servi\u00e7os de interpreta\u00e7\u00e3o presencial: consecutiva e simult\u00e2nea. A interpreta\u00e7\u00e3o consecutiva presencial envolve um \u00fanico int\u00e9rprete que traduz se\u00e7\u00f5es de informa\u00e7\u00f5es, como um bloco de v\u00e1rias frases, quando o locutor principal fez uma pausa ou terminou. Esta \u00e9 uma escolha popular e econ\u00f4mica para ambientes individuais ou em pequenos grupos, como entrevistas, consultas m\u00e9dicas, negocia\u00e7\u00f5es cliente-advogado, entre outros.\r\n\r\nNa interpreta\u00e7\u00e3o simult\u00e2nea presencial, os int\u00e9rpretes traduzem \u201cao vivo\u201d, simultaneamente com o(s) locutor(es), muitas vezes exigindo equipamentos especializados, cabines de som e equipes m\u00faltiplas. Esse tipo de interpreta\u00e7\u00e3o \u00e9 mais usado para eventos grandes e complexos com p\u00fablico, como palestras, discursos do governo, reuni\u00f5es de diretoria, julgamentos em tribunais e conven\u00e7\u00f5es internacionais de neg\u00f3cios, especialmente se forem falados muitos idiomas diferentes.\r\n\r\nSe voc\u00ea tem em mente um tipo espec\u00edfico de interpreta\u00e7\u00e3o presencial ou est\u00e1 pensando em uma combina\u00e7\u00e3o de ambos como a melhor op\u00e7\u00e3o para sua empresa, a Trusted Translations ir\u00e1 conectar voc\u00ea com int\u00e9rpretes especializados em cada tipo de servi\u00e7o de interpreta\u00e7\u00e3o. Nossos profissionais combinam a flu\u00eancia excepcional necess\u00e1ria para interpretar um idioma de destino para outro, com compreens\u00e3o do assunto e da terminologia espec\u00edfica do setor.\r\n\r\nDe tribunais dom\u00e9sticos a salas de reuni\u00f5es internacionais, uma interpreta\u00e7\u00e3o precisa \u00e9 crucial para a comunica\u00e7\u00e3o. Organiza\u00e7\u00f5es de todos os tipos, incluindo ag\u00eancias do governo, instala\u00e7\u00f5es m\u00e9dicas, empresas da Fortune 500, escrit\u00f3rios de advocacia, organiza\u00e7\u00f5es sem fins lucrativos, etc., podem se beneficiar desse servi\u00e7o econ\u00f4mico e f\u00e1cil de usar."},"state":{"type":"textfield","raw":""},"city":{"type":"textarea","raw":[]}}},"_links":{"self":[{"href":"https:\/\/www.trustedtranslations.com\/pt-br\/wp-json\/wp\/v2\/pages\/135023","targetHints":{"allow":["GET"]}}],"collection":[{"href":"https:\/\/www.trustedtranslations.com\/pt-br\/wp-json\/wp\/v2\/pages"}],"about":[{"href":"https:\/\/www.trustedtranslations.com\/pt-br\/wp-json\/wp\/v2\/types\/page"}],"author":[{"embeddable":true,"href":"https:\/\/www.trustedtranslations.com\/pt-br\/wp-json\/wp\/v2\/users\/1"}],"replies":[{"embeddable":true,"href":"https:\/\/www.trustedtranslations.com\/pt-br\/wp-json\/wp\/v2\/comments?post=135023"}],"version-history":[{"count":0,"href":"https:\/\/www.trustedtranslations.com\/pt-br\/wp-json\/wp\/v2\/pages\/135023\/revisions"}],"up":[{"embeddable":true,"href":"https:\/\/www.trustedtranslations.com\/pt-br\/wp-json\/wp\/v2\/pages\/135075"}],"wp:featuredmedia":[{"embeddable":true,"href":"https:\/\/www.trustedtranslations.com\/pt-br\/wp-json\/"}],"wp:attachment":[{"href":"https:\/\/www.trustedtranslations.com\/pt-br\/wp-json\/wp\/v2\/media?parent=135023"}],"curies":[{"name":"wp","href":"https:\/\/api.w.org\/{rel}","templated":true}]}}