{"id":135026,"date":"2018-11-13T11:56:14","date_gmt":"2018-11-13T11:56:14","guid":{"rendered":"https:\/\/www.trustedtranslations.com\/?page_id=135026"},"modified":"2024-09-04T18:42:07","modified_gmt":"2024-09-04T21:42:07","slug":"marketing-online","status":"publish","type":"page","link":"https:\/\/www.trustedtranslations.com\/pt-br\/servicos\/humana\/marketing-online","title":{"rendered":"Marketing online"},"content":{"rendered":"","protected":false},"excerpt":{"rendered":"","protected":false},"author":1,"featured_media":235688,"parent":134978,"menu_order":12,"comment_status":"closed","ping_status":"closed","template":"","meta":{"site-sidebar-layout":"default","site-content-layout":"default","ast-site-content-layout":"default","site-content-style":"default","site-sidebar-style":"default","ast-global-header-display":"","ast-banner-title-visibility":"","ast-main-header-display":"","ast-hfb-above-header-display":"","ast-hfb-below-header-display":"","ast-hfb-mobile-header-display":"","site-post-title":"disabled","ast-breadcrumbs-content":"","ast-featured-img":"","footer-sml-layout":"","ast-disable-related-posts":"","theme-transparent-header-meta":"default","adv-header-id-meta":"","stick-header-meta":"","header-above-stick-meta":"","header-main-stick-meta":"","header-below-stick-meta":"","astra-migrate-meta-layouts":"set","ast-page-background-enabled":"default","ast-page-background-meta":{"desktop":{"background-color":"var(--ast-global-color-4)","background-image":"","background-repeat":"repeat","background-position":"center center","background-size":"auto","background-attachment":"scroll","background-type":"","background-media":"","overlay-type":"","overlay-color":"","overlay-opacity":"","overlay-gradient":""},"tablet":{"background-color":"","background-image":"","background-repeat":"repeat","background-position":"center center","background-size":"auto","background-attachment":"scroll","background-type":"","background-media":"","overlay-type":"","overlay-color":"","overlay-opacity":"","overlay-gradient":""},"mobile":{"background-color":"","background-image":"","background-repeat":"repeat","background-position":"center center","background-size":"auto","background-attachment":"scroll","background-type":"","background-media":"","overlay-type":"","overlay-color":"","overlay-opacity":"","overlay-gradient":""}},"ast-content-background-meta":{"desktop":{"background-color":"var(--ast-global-color-5)","background-image":"","background-repeat":"repeat","background-position":"center center","background-size":"auto","background-attachment":"scroll","background-type":"","background-media":"","overlay-type":"","overlay-color":"","overlay-opacity":"","overlay-gradient":""},"tablet":{"background-color":"var(--ast-global-color-5)","background-image":"","background-repeat":"repeat","background-position":"center center","background-size":"auto","background-attachment":"scroll","background-type":"","background-media":"","overlay-type":"","overlay-color":"","overlay-opacity":"","overlay-gradient":""},"mobile":{"background-color":"var(--ast-global-color-5)","background-image":"","background-repeat":"repeat","background-position":"center center","background-size":"auto","background-attachment":"scroll","background-type":"","background-media":"","overlay-type":"","overlay-color":"","overlay-opacity":"","overlay-gradient":""}},"footnotes":""},"class_list":["post-135026","page","type-page","status-publish","has-post-thumbnail","hentry"],"yoast_head":"<!-- This site is optimized with the Yoast SEO plugin v27.5 - https:\/\/yoast.com\/product\/yoast-seo-wordpress\/ -->\n<title>Servi\u00e7os de tradu\u00e7\u00e3o para marketing on-line - Trusted Translations, Inc.<\/title>\n<meta name=\"description\" content=\"A Trusted Translations \u00e9 uma solu\u00e7\u00e3o completa para todas as suas necessidades de marketing online (SEO, SEM, Marketing para m\u00eddias sociais e Otimiza\u00e7\u00e3o de sites) em mais de 150 idiomas. Consulta ou or\u00e7amento gratuitos.\" \/>\n<meta name=\"robots\" content=\"index, follow, max-snippet:-1, max-image-preview:large, max-video-preview:-1\" \/>\n<link rel=\"canonical\" href=\"https:\/\/www.trustedtranslations.com\/pt-br\/servicos\/humana\/marketing-online\" \/>\n<meta property=\"og:locale\" content=\"pt_BR\" \/>\n<meta property=\"og:type\" content=\"article\" \/>\n<meta property=\"og:title\" content=\"Servi\u00e7os de tradu\u00e7\u00e3o para marketing on-line - Trusted Translations, Inc.\" \/>\n<meta property=\"og:description\" content=\"A Trusted Translations \u00e9 uma solu\u00e7\u00e3o completa para todas as suas necessidades de marketing online (SEO, SEM, Marketing para m\u00eddias sociais e Otimiza\u00e7\u00e3o de sites) em mais de 150 idiomas. Consulta ou or\u00e7amento gratuitos.\" \/>\n<meta property=\"og:url\" content=\"https:\/\/www.trustedtranslations.com\/pt-br\/servicos\/humana\/marketing-online\" \/>\n<meta property=\"og:site_name\" content=\"Trusted Translations, Inc.\" \/>\n<meta property=\"article:publisher\" content=\"https:\/\/www.facebook.com\/Trusted.Translations\" \/>\n<meta property=\"article:modified_time\" content=\"2024-09-04T21:42:07+00:00\" \/>\n<meta property=\"og:image\" content=\"https:\/\/static.trustedtranslations.com\/wp-content\/uploads\/2024\/02\/TT-ICON_Online-Marketing-Service.webp\" \/>\n\t<meta property=\"og:image:width\" content=\"151\" \/>\n\t<meta property=\"og:image:height\" content=\"151\" \/>\n\t<meta property=\"og:image:type\" content=\"image\/webp\" \/>\n<meta name=\"twitter:card\" content=\"summary_large_image\" \/>\n<meta name=\"twitter:site\" content=\"@TrustedT9ns\" \/>\n<script type=\"application\/ld+json\" class=\"yoast-schema-graph\">{\"@context\":\"https:\\\/\\\/schema.org\",\"@graph\":[{\"@type\":\"WebPage\",\"@id\":\"https:\\\/\\\/www.trustedtranslations.com\\\/pt-br\\\/servicos\\\/humana\\\/marketing-online\",\"url\":\"https:\\\/\\\/www.trustedtranslations.com\\\/pt-br\\\/servicos\\\/humana\\\/marketing-online\",\"name\":\"Servi\u00e7os de tradu\u00e7\u00e3o para marketing on-line - Trusted Translations, Inc.\",\"isPartOf\":{\"@id\":\"https:\\\/\\\/www.trustedtranslations.com\\\/pt-br\\\/#website\"},\"primaryImageOfPage\":{\"@id\":\"https:\\\/\\\/www.trustedtranslations.com\\\/pt-br\\\/servicos\\\/humana\\\/marketing-online#primaryimage\"},\"image\":{\"@id\":\"https:\\\/\\\/www.trustedtranslations.com\\\/pt-br\\\/servicos\\\/humana\\\/marketing-online#primaryimage\"},\"thumbnailUrl\":\"https:\\\/\\\/www.trustedtranslations.com\\\/wp-content\\\/uploads\\\/2024\\\/02\\\/TT-ICON_Online-Marketing-Service.webp\",\"description\":\"A Trusted Translations \u00e9 uma solu\u00e7\u00e3o completa para todas as suas necessidades de marketing online (SEO, SEM, Marketing para m\u00eddias sociais e Otimiza\u00e7\u00e3o de sites) em mais de 150 idiomas. Consulta ou or\u00e7amento gratuitos.\",\"breadcrumb\":{\"@id\":\"https:\\\/\\\/www.trustedtranslations.com\\\/pt-br\\\/servicos\\\/humana\\\/marketing-online#breadcrumb\"},\"inLanguage\":\"pt-BR\",\"potentialAction\":[{\"@type\":\"ReadAction\",\"target\":[\"https:\\\/\\\/www.trustedtranslations.com\\\/pt-br\\\/servicos\\\/humana\\\/marketing-online\"]}]},{\"@type\":\"ImageObject\",\"inLanguage\":\"pt-BR\",\"@id\":\"https:\\\/\\\/www.trustedtranslations.com\\\/pt-br\\\/servicos\\\/humana\\\/marketing-online#primaryimage\",\"url\":\"https:\\\/\\\/www.trustedtranslations.com\\\/wp-content\\\/uploads\\\/2024\\\/02\\\/TT-ICON_Online-Marketing-Service.webp\",\"contentUrl\":\"https:\\\/\\\/www.trustedtranslations.com\\\/wp-content\\\/uploads\\\/2024\\\/02\\\/TT-ICON_Online-Marketing-Service.webp\",\"width\":151,\"height\":151,\"caption\":\"TT ICON Online Marketing Service\"},{\"@type\":\"BreadcrumbList\",\"@id\":\"https:\\\/\\\/www.trustedtranslations.com\\\/pt-br\\\/servicos\\\/humana\\\/marketing-online#breadcrumb\",\"itemListElement\":[{\"@type\":\"ListItem\",\"position\":1,\"name\":\"Home\",\"item\":\"https:\\\/\\\/www.trustedtranslations.com\\\/pt-br\"},{\"@type\":\"ListItem\",\"position\":2,\"name\":\"Servi\u00e7os\",\"item\":\"https:\\\/\\\/www.trustedtranslations.com\\\/pt-br\\\/servicos\"},{\"@type\":\"ListItem\",\"position\":3,\"name\":\"Tradu\u00e7\u00e3o humana\",\"item\":\"https:\\\/\\\/www.trustedtranslations.com\\\/pt-br\\\/servicos\\\/humana\"},{\"@type\":\"ListItem\",\"position\":4,\"name\":\"Marketing online\"}]},{\"@type\":\"WebSite\",\"@id\":\"https:\\\/\\\/www.trustedtranslations.com\\\/pt-br\\\/#website\",\"url\":\"https:\\\/\\\/www.trustedtranslations.com\\\/pt-br\\\/\",\"name\":\"Trusted Translations, Inc.\",\"description\":\"Leader in translation and interpretation services.\",\"publisher\":{\"@id\":\"https:\\\/\\\/www.trustedtranslations.com\\\/pt-br\\\/#organization\"},\"alternateName\":\"Trusted Translations\",\"potentialAction\":[{\"@type\":\"SearchAction\",\"target\":{\"@type\":\"EntryPoint\",\"urlTemplate\":\"https:\\\/\\\/www.trustedtranslations.com\\\/pt-br\\\/?s={search_term_string}\"},\"query-input\":{\"@type\":\"PropertyValueSpecification\",\"valueRequired\":true,\"valueName\":\"search_term_string\"}}],\"inLanguage\":\"pt-BR\"},{\"@type\":\"Organization\",\"@id\":\"https:\\\/\\\/www.trustedtranslations.com\\\/pt-br\\\/#organization\",\"name\":\"Trusted Translations\",\"alternateName\":\"Trusted Translations, Inc.\",\"url\":\"https:\\\/\\\/www.trustedtranslations.com\\\/pt-br\\\/\",\"logo\":{\"@type\":\"ImageObject\",\"inLanguage\":\"pt-BR\",\"@id\":\"https:\\\/\\\/www.trustedtranslations.com\\\/pt-br\\\/#\\\/schema\\\/logo\\\/image\\\/\",\"url\":\"https:\\\/\\\/static.trustedtranslations.com\\\/wp-content\\\/uploads\\\/2022\\\/01\\\/TT_logo_WSIColors-2.png\",\"contentUrl\":\"https:\\\/\\\/static.trustedtranslations.com\\\/wp-content\\\/uploads\\\/2022\\\/01\\\/TT_logo_WSIColors-2.png\",\"width\":500,\"height\":196,\"caption\":\"Trusted Translations\"},\"image\":{\"@id\":\"https:\\\/\\\/www.trustedtranslations.com\\\/pt-br\\\/#\\\/schema\\\/logo\\\/image\\\/\"},\"sameAs\":[\"https:\\\/\\\/www.facebook.com\\\/Trusted.Translations\",\"https:\\\/\\\/x.com\\\/TrustedT9ns\",\"https:\\\/\\\/www.linkedin.com\\\/company\\\/trusted-translations\"]}]}<\/script>\n<!-- \/ Yoast SEO plugin. -->","yoast_head_json":{"title":"Servi\u00e7os de tradu\u00e7\u00e3o para marketing on-line - Trusted Translations, Inc.","description":"A Trusted Translations \u00e9 uma solu\u00e7\u00e3o completa para todas as suas necessidades de marketing online (SEO, SEM, Marketing para m\u00eddias sociais e Otimiza\u00e7\u00e3o de sites) em mais de 150 idiomas. Consulta ou or\u00e7amento gratuitos.","robots":{"index":"index","follow":"follow","max-snippet":"max-snippet:-1","max-image-preview":"max-image-preview:large","max-video-preview":"max-video-preview:-1"},"canonical":"https:\/\/www.trustedtranslations.com\/pt-br\/servicos\/humana\/marketing-online","og_locale":"pt_BR","og_type":"article","og_title":"Servi\u00e7os de tradu\u00e7\u00e3o para marketing on-line - Trusted Translations, Inc.","og_description":"A Trusted Translations \u00e9 uma solu\u00e7\u00e3o completa para todas as suas necessidades de marketing online (SEO, SEM, Marketing para m\u00eddias sociais e Otimiza\u00e7\u00e3o de sites) em mais de 150 idiomas. Consulta ou or\u00e7amento gratuitos.","og_url":"https:\/\/www.trustedtranslations.com\/pt-br\/servicos\/humana\/marketing-online","og_site_name":"Trusted Translations, Inc.","article_publisher":"https:\/\/www.facebook.com\/Trusted.Translations","article_modified_time":"2024-09-04T21:42:07+00:00","og_image":[{"width":151,"height":151,"url":"https:\/\/static.trustedtranslations.com\/wp-content\/uploads\/2024\/02\/TT-ICON_Online-Marketing-Service.webp","type":"image\/webp"}],"twitter_card":"summary_large_image","twitter_site":"@TrustedT9ns","schema":{"@context":"https:\/\/schema.org","@graph":[{"@type":"WebPage","@id":"https:\/\/www.trustedtranslations.com\/pt-br\/servicos\/humana\/marketing-online","url":"https:\/\/www.trustedtranslations.com\/pt-br\/servicos\/humana\/marketing-online","name":"Servi\u00e7os de tradu\u00e7\u00e3o para marketing on-line - Trusted Translations, Inc.","isPartOf":{"@id":"https:\/\/www.trustedtranslations.com\/pt-br\/#website"},"primaryImageOfPage":{"@id":"https:\/\/www.trustedtranslations.com\/pt-br\/servicos\/humana\/marketing-online#primaryimage"},"image":{"@id":"https:\/\/www.trustedtranslations.com\/pt-br\/servicos\/humana\/marketing-online#primaryimage"},"thumbnailUrl":"https:\/\/www.trustedtranslations.com\/wp-content\/uploads\/2024\/02\/TT-ICON_Online-Marketing-Service.webp","description":"A Trusted Translations \u00e9 uma solu\u00e7\u00e3o completa para todas as suas necessidades de marketing online (SEO, SEM, Marketing para m\u00eddias sociais e Otimiza\u00e7\u00e3o de sites) em mais de 150 idiomas. Consulta ou or\u00e7amento gratuitos.","breadcrumb":{"@id":"https:\/\/www.trustedtranslations.com\/pt-br\/servicos\/humana\/marketing-online#breadcrumb"},"inLanguage":"pt-BR","potentialAction":[{"@type":"ReadAction","target":["https:\/\/www.trustedtranslations.com\/pt-br\/servicos\/humana\/marketing-online"]}]},{"@type":"ImageObject","inLanguage":"pt-BR","@id":"https:\/\/www.trustedtranslations.com\/pt-br\/servicos\/humana\/marketing-online#primaryimage","url":"https:\/\/www.trustedtranslations.com\/wp-content\/uploads\/2024\/02\/TT-ICON_Online-Marketing-Service.webp","contentUrl":"https:\/\/www.trustedtranslations.com\/wp-content\/uploads\/2024\/02\/TT-ICON_Online-Marketing-Service.webp","width":151,"height":151,"caption":"TT ICON Online Marketing Service"},{"@type":"BreadcrumbList","@id":"https:\/\/www.trustedtranslations.com\/pt-br\/servicos\/humana\/marketing-online#breadcrumb","itemListElement":[{"@type":"ListItem","position":1,"name":"Home","item":"https:\/\/www.trustedtranslations.com\/pt-br"},{"@type":"ListItem","position":2,"name":"Servi\u00e7os","item":"https:\/\/www.trustedtranslations.com\/pt-br\/servicos"},{"@type":"ListItem","position":3,"name":"Tradu\u00e7\u00e3o humana","item":"https:\/\/www.trustedtranslations.com\/pt-br\/servicos\/humana"},{"@type":"ListItem","position":4,"name":"Marketing online"}]},{"@type":"WebSite","@id":"https:\/\/www.trustedtranslations.com\/pt-br\/#website","url":"https:\/\/www.trustedtranslations.com\/pt-br\/","name":"Trusted Translations, Inc.","description":"Leader in translation and interpretation services.","publisher":{"@id":"https:\/\/www.trustedtranslations.com\/pt-br\/#organization"},"alternateName":"Trusted Translations","potentialAction":[{"@type":"SearchAction","target":{"@type":"EntryPoint","urlTemplate":"https:\/\/www.trustedtranslations.com\/pt-br\/?s={search_term_string}"},"query-input":{"@type":"PropertyValueSpecification","valueRequired":true,"valueName":"search_term_string"}}],"inLanguage":"pt-BR"},{"@type":"Organization","@id":"https:\/\/www.trustedtranslations.com\/pt-br\/#organization","name":"Trusted Translations","alternateName":"Trusted Translations, Inc.","url":"https:\/\/www.trustedtranslations.com\/pt-br\/","logo":{"@type":"ImageObject","inLanguage":"pt-BR","@id":"https:\/\/www.trustedtranslations.com\/pt-br\/#\/schema\/logo\/image\/","url":"https:\/\/static.trustedtranslations.com\/wp-content\/uploads\/2022\/01\/TT_logo_WSIColors-2.png","contentUrl":"https:\/\/static.trustedtranslations.com\/wp-content\/uploads\/2022\/01\/TT_logo_WSIColors-2.png","width":500,"height":196,"caption":"Trusted Translations"},"image":{"@id":"https:\/\/www.trustedtranslations.com\/pt-br\/#\/schema\/logo\/image\/"},"sameAs":["https:\/\/www.facebook.com\/Trusted.Translations","https:\/\/x.com\/TrustedT9ns","https:\/\/www.linkedin.com\/company\/trusted-translations"]}]}},"toolset-meta":{"dyk":{"mensaje-1":{"type":"textfield","raw":"75% dos profissionais de marketing consideram suas estrat\u00e9gias de SEO extremamente eficazes."},"mensaje-2":{"type":"textfield","raw":"46% de todas as pesquisas no Google s\u00e3o para neg\u00f3cios e servi\u00e7os locais."},"mensaje-3":{"type":"textfield","raw":"A pesquisa org\u00e2nica gera mais da metade de todo o tr\u00e1fego online do mundo."},"mensaje-4":{"type":"textfield","raw":"Mais de 92% de todas as pesquisas globais acontecem por meio do Google."},"mensaje-5":{"type":"textfield","raw":""},"mensaje-6":{"type":"textfield","raw":""}},"single-page-template-fields":{"imgs-temp":{"type":"image","raw":["https:\/\/static.trustedtranslations.com\/wp-content\/uploads\/2024\/06\/online-marketing-final-1.webp"],"repeatable":[{"raw":"https:\/\/static.trustedtranslations.com\/wp-content\/uploads\/2024\/06\/online-marketing-final-1.webp"}]},"imgs-temp-cel":{"type":"image","raw":[""],"repeatable":[{"raw":""}]},"img-temp-one-cel":{"type":"image","raw":"https:\/\/static.trustedtranslations.com\/wp-content\/uploads\/2024\/06\/AdobeStock_106624043-1-1.webp","attachment_id":null},"quotes":{"type":"textarea","raw":"<h1 style=\"margin-bottom: 12px;\">Servi\u00e7os de tradu\u00e7\u00e3o para marketing on-line<\/h1>\r\nA <em>Trusted Translations<\/em> \u00e9 l\u00edder em todos os aspectos do marketing de sites, incluindo otimiza\u00e7\u00e3o para motores de busca (SEO), marketing para motores de busca (SEM), an\u00fancios com pagamento por clique, marketing para m\u00eddias sociais, servi\u00e7os de reputa\u00e7\u00e3o online, listagens locais, e muitos mais.\r\n<div style=\"margin-top: 2.5vw;\"><a class=\"tt-btn-main-cta\" href=\"https:\/\/www.trustedtranslations.com\/pt-br\/solicitud-orcamento\">Solicite um or\u00e7amento gratuito<\/a><\/div>"},"text-1":{"type":"textarea","raw":"<h2>Trusted Translations: Sua parceira em marketing online multil\u00edngue em mais de 150 idiomas<\/h2>Como uma provedora multil\u00edngue l\u00edder, a <em>Trusted Translations<\/em> \u00e9 especializada no fornecimento desses servi\u00e7os em mais de 150 idiomas. Com mais de 15 anos de experi\u00eancia em marketing e desenvolvimento de internet multil\u00edngue, oferecemos solu\u00e7\u00f5es personalizadas que levam em conta a expans\u00e3o dos mercados globais e as \u00faltimas tend\u00eancias online. Nossos trabalhos para voc\u00ea podem incluir a Otimiza\u00e7\u00e3o para motores de busca e o Marketing para motores de busca, juntamente com um plano de marketing online integrado para todos os seus mercados-alvo.\r\n<h2>Otimiza\u00e7\u00e3o do idioma do site<\/h2>\r\nOtimizar o seu site para os motores de busca (por exemplo, Google, Bing, Yahoo) \u00e9 uma das formas mais importantes e eficazes de direcionar o tr\u00e1fego online para o seu site, aumentando as suas vendas e melhorando a sua presen\u00e7a online. Ter um site multil\u00edngue \u00e9 um \u00f3timo come\u00e7o, mas voc\u00ea precisa ter uma estrat\u00e9gia de otimiza\u00e7\u00e3o online para maximizar o seu investimento em uma plataforma multil\u00edngue.\r\n\r\nEm particular, a otimiza\u00e7\u00e3o de sites em outros idiomas pode ser um segredo oculto para o sucesso. Sem d\u00favida, o ingl\u00eas \u00e9 o idioma dominante no mundo online mas, ao ter conte\u00fado em outros idiomas, voc\u00ea aproveita a oportunidade de direcionar o tr\u00e1fego de usu\u00e1rios multil\u00edngues dos principais motores de busca para o seu site.\r\n<h2>Otimiza\u00e7\u00e3o de motores de busca<\/h2>\r\nA Otimiza\u00e7\u00e3o de motores de busca (SEO) \u00e9 a base da otimiza\u00e7\u00e3o de sites. A SEO usa palavras-chave populares para maximizar a classifica\u00e7\u00e3o do seu site nos motores de busca por meio de pesquisas naturais.\r\n\r\nO uso de palavras-chave no marketing online vai al\u00e9m da tradu\u00e7\u00e3o direta das palavras-chave do ingl\u00eas. Primeiro, voc\u00ea precisar\u00e1 fazer uma pesquisa de palavra-chave multil\u00edngue para determinar as principais palavras-chave em cada idioma de destino. Em seguida, voc\u00ea deve certificar-se de que essas palavras-chave estejam inseridas corretamente na estrutura do seu site\u2014por exemplo, ter as palavras-chave corretas nos endere\u00e7os URL e nos t\u00edtulos do seu site pode resultar em melhorias dr\u00e1sticas em sua classifica\u00e7\u00e3o nos principais motores de busca. Receber hiperlinks para seu site de outros sites (\u201cdesenvolvimento de links\u201d) \u00e9 outra maneira importante de melhorar seu tr\u00e1fego online. Por fim, uma SEO eficaz deve ser incorporada de maneira suave e sutil ao seu conte\u00fado, para que ela n\u00e3o distraia a experi\u00eancia do usu\u00e1rio.\r\n\r\nNa <em>Trusted Translations<\/em>, contratamos os melhores especialistas em SEO do mundo para ajudar nesse processo cr\u00edtico. Os nossos servi\u00e7os de SEO incluem consultoria, otimiza\u00e7\u00e3o de motores de busca \u201cpresencial\u201d e otimiza\u00e7\u00e3o de motores de busca \u201cremota\u201d:\r\n<ul>\r\n \t<li>Os nossos <strong>servi\u00e7os de consultoria de SEO<\/strong> incluem pesquisa de palavras-chave para maximizar sua taxa de convers\u00e3o de <i>leads<\/i>, clientes potenciais e vendas.<\/li>\r\n \t<li>O servi\u00e7o de <strong>otimiza\u00e7\u00e3o de motores de busca \u201cpresencial\u201d<\/strong> tamb\u00e9m inclui a inser\u00e7\u00e3o eficaz do seu conte\u00fado e c\u00f3digo para obter resultados exponencialmente melhores.<\/li>\r\n \t<li>O servi\u00e7o de <strong>otimiza\u00e7\u00e3o de motores de busca \u201cremota\u201d<\/strong> inclui o desenvolvimento de links em ingl\u00eas e em outros idiomas, bem como a cria\u00e7\u00e3o de listagens locais para todos os seus escrit\u00f3rios em diferentes cidades e diferentes pa\u00edses.<\/li>\r\n<\/ul>"},"shortcode-map":{"type":"textfield","raw":""},"dyk-shortcode":{"type":"textfield","raw":"[elementor-template id=\"147273\"]"},"text-2":{"type":"textarea","raw":"<h2>Marketing para motores de busca<\/h2>\r\nTamb\u00e9m oferecemos Marketing para motores de busca (SEM), que promove sua empresa usando an\u00fancios pagos para aumentar a visibilidade do seu site nas p\u00e1ginas de resultados do motor de busca (SERPs). O SEM \u00e9 uma forma amplamente utilizada e econ\u00f4mica de marketing online.\r\n\r\nPodemos ajud\u00e1-lo a otimizar o seu or\u00e7amento online em ingl\u00eas, espanhol e em outros idiomas com um SEM eficiente. Por exemplo, podemos gerenciar sua conta do Google AdWords em todos os idiomas ou em um idioma espec\u00edfico, dando a voc\u00ea tempo para se concentrar em outros aspectos do seu plano de marketing.\r\n<h2>Otimiza\u00e7\u00e3o de site em espanhol<\/h2>\r\nA popula\u00e7\u00e3o hisp\u00e2nica \u00e9 uma pot\u00eancia em termos de poder aquisitivo nos EUA e no exterior. As empresas que n\u00e3o conseguem explorar esse enorme mercado perdem acesso a bilh\u00f5es de d\u00f3lares em receita potencial.\r\n\r\nSe a sua empresa \u00e9 nova no universo multil\u00edngue, recomendamos que comece a traduzir e a otimizar o seu site em espanhol. Praticamente todas as empresas e organiza\u00e7\u00f5es podem ser beneficiadas por ter os seus sites publicados em espanhol. Como <a href=\"https:\/\/www.trustedtranslations.com\/pt-br\/sobre-nos\/agencia-de-espanhol\" rel=\"noopener\">l\u00edder no setor de tradu\u00e7\u00e3o do espanhol<\/a>, a <em>Trusted Translations <\/em>lhe dar\u00e1 suporte especializado na otimiza\u00e7\u00e3o de sites em espanhol.\r\n<h2>Marketing online em espanhol e em outros idiomas<\/h2>\r\nAl\u00e9m da ampla experi\u00eancia em SEO e SEM em espanhol de nossos linguistas especializados em marketing online, a <em>Trusted Translations<\/em> tamb\u00e9m \u00e9 uma refer\u00eancia no mercado hisp\u00e2nico dos EUA. Por exemplo, se voc\u00ea est\u00e1 focado em alcan\u00e7ar o p\u00fablico hisp\u00e2nico dos EUA, temos acesso a pesquisas sobre busca online pr\u00f3prias que aumentar\u00e3o suas chances de expans\u00e3o nesse mercado lucrativo.\r\n\r\nComo parte de nossos servi\u00e7os de tradu\u00e7\u00e3o de sites, nossos especialistas em SEM e SEO tamb\u00e9m ir\u00e3o realizar uma extensa pesquisa em palavras-chave em espanhol (ou no idioma de sua escolha) para garantir que voc\u00ea esteja segmentando as palavras-chave multil\u00edngues corretas.\r\n\r\nSe a sua empresa estiver procurando servi\u00e7os multil\u00edngues de SEO, SEM ou otimiza\u00e7\u00e3o de sites, entre em contato com um de nossos especialistas em marketing online para solicitar uma cota\u00e7\u00e3o ou consulta gratuitas."},"state":{"type":"textfield","raw":""},"city":{"type":"textarea","raw":[]}}},"_links":{"self":[{"href":"https:\/\/www.trustedtranslations.com\/pt-br\/wp-json\/wp\/v2\/pages\/135026","targetHints":{"allow":["GET"]}}],"collection":[{"href":"https:\/\/www.trustedtranslations.com\/pt-br\/wp-json\/wp\/v2\/pages"}],"about":[{"href":"https:\/\/www.trustedtranslations.com\/pt-br\/wp-json\/wp\/v2\/types\/page"}],"author":[{"embeddable":true,"href":"https:\/\/www.trustedtranslations.com\/pt-br\/wp-json\/wp\/v2\/users\/1"}],"replies":[{"embeddable":true,"href":"https:\/\/www.trustedtranslations.com\/pt-br\/wp-json\/wp\/v2\/comments?post=135026"}],"version-history":[{"count":0,"href":"https:\/\/www.trustedtranslations.com\/pt-br\/wp-json\/wp\/v2\/pages\/135026\/revisions"}],"up":[{"embeddable":true,"href":"https:\/\/www.trustedtranslations.com\/pt-br\/wp-json\/wp\/v2\/pages\/134978"}],"wp:featuredmedia":[{"embeddable":true,"href":"https:\/\/www.trustedtranslations.com\/pt-br\/wp-json\/wp\/v2\/media\/235688"}],"wp:attachment":[{"href":"https:\/\/www.trustedtranslations.com\/pt-br\/wp-json\/wp\/v2\/media?parent=135026"}],"curies":[{"name":"wp","href":"https:\/\/api.w.org\/{rel}","templated":true}]}}