{"id":135030,"date":"2018-11-12T18:55:47","date_gmt":"2018-11-12T18:55:47","guid":{"rendered":"https:\/\/www.trustedtranslations.com\/?page_id=135030"},"modified":"2024-09-04T17:54:39","modified_gmt":"2024-09-04T20:54:39","slug":"localizacao","status":"publish","type":"page","link":"https:\/\/www.trustedtranslations.com\/pt-br\/servicos\/humana\/localizacao","title":{"rendered":"Localiza\u00e7\u00e3o"},"content":{"rendered":"","protected":false},"excerpt":{"rendered":"","protected":false},"author":1,"featured_media":235764,"parent":134978,"menu_order":3,"comment_status":"closed","ping_status":"closed","template":"","meta":{"site-sidebar-layout":"default","site-content-layout":"default","ast-site-content-layout":"default","site-content-style":"default","site-sidebar-style":"default","ast-global-header-display":"","ast-banner-title-visibility":"","ast-main-header-display":"","ast-hfb-above-header-display":"","ast-hfb-below-header-display":"","ast-hfb-mobile-header-display":"","site-post-title":"disabled","ast-breadcrumbs-content":"","ast-featured-img":"","footer-sml-layout":"","ast-disable-related-posts":"","theme-transparent-header-meta":"default","adv-header-id-meta":"","stick-header-meta":"","header-above-stick-meta":"","header-main-stick-meta":"","header-below-stick-meta":"","astra-migrate-meta-layouts":"set","ast-page-background-enabled":"default","ast-page-background-meta":{"desktop":{"background-color":"var(--ast-global-color-4)","background-image":"","background-repeat":"repeat","background-position":"center center","background-size":"auto","background-attachment":"scroll","background-type":"","background-media":"","overlay-type":"","overlay-color":"","overlay-opacity":"","overlay-gradient":""},"tablet":{"background-color":"","background-image":"","background-repeat":"repeat","background-position":"center center","background-size":"auto","background-attachment":"scroll","background-type":"","background-media":"","overlay-type":"","overlay-color":"","overlay-opacity":"","overlay-gradient":""},"mobile":{"background-color":"","background-image":"","background-repeat":"repeat","background-position":"center center","background-size":"auto","background-attachment":"scroll","background-type":"","background-media":"","overlay-type":"","overlay-color":"","overlay-opacity":"","overlay-gradient":""}},"ast-content-background-meta":{"desktop":{"background-color":"var(--ast-global-color-5)","background-image":"","background-repeat":"repeat","background-position":"center center","background-size":"auto","background-attachment":"scroll","background-type":"","background-media":"","overlay-type":"","overlay-color":"","overlay-opacity":"","overlay-gradient":""},"tablet":{"background-color":"var(--ast-global-color-5)","background-image":"","background-repeat":"repeat","background-position":"center center","background-size":"auto","background-attachment":"scroll","background-type":"","background-media":"","overlay-type":"","overlay-color":"","overlay-opacity":"","overlay-gradient":""},"mobile":{"background-color":"var(--ast-global-color-5)","background-image":"","background-repeat":"repeat","background-position":"center center","background-size":"auto","background-attachment":"scroll","background-type":"","background-media":"","overlay-type":"","overlay-color":"","overlay-opacity":"","overlay-gradient":""}},"footnotes":""},"class_list":["post-135030","page","type-page","status-publish","has-post-thumbnail","hentry"],"yoast_head":"<!-- This site is optimized with the Yoast SEO plugin v27.3 - https:\/\/yoast.com\/product\/yoast-seo-wordpress\/ -->\n<title>Servi\u00e7os de localiza\u00e7\u00e3o - Trusted Translations, Inc.<\/title>\n<meta name=\"description\" content=\"A Trusted Translations \u00e9 conhecida no setor como uma das l\u00edderes na localiza\u00e7\u00e3o de produtos e de conte\u00fado. Solicite uma consulta ou or\u00e7amento gratuitos.\" \/>\n<meta name=\"robots\" content=\"index, follow, max-snippet:-1, max-image-preview:large, max-video-preview:-1\" \/>\n<link rel=\"canonical\" href=\"https:\/\/www.trustedtranslations.com\/pt-br\/servicos\/humana\/localizacao\" \/>\n<meta property=\"og:locale\" content=\"pt_BR\" \/>\n<meta property=\"og:type\" content=\"article\" \/>\n<meta property=\"og:title\" content=\"Servi\u00e7os de localiza\u00e7\u00e3o - Trusted Translations, Inc.\" \/>\n<meta property=\"og:description\" content=\"A Trusted Translations \u00e9 conhecida no setor como uma das l\u00edderes na localiza\u00e7\u00e3o de produtos e de conte\u00fado. Solicite uma consulta ou or\u00e7amento gratuitos.\" \/>\n<meta property=\"og:url\" content=\"https:\/\/www.trustedtranslations.com\/pt-br\/servicos\/humana\/localizacao\" \/>\n<meta property=\"og:site_name\" content=\"Trusted Translations, Inc.\" \/>\n<meta property=\"article:publisher\" content=\"https:\/\/www.facebook.com\/Trusted.Translations\" \/>\n<meta property=\"article:modified_time\" content=\"2024-09-04T20:54:39+00:00\" \/>\n<meta property=\"og:image\" content=\"https:\/\/static.trustedtranslations.com\/wp-content\/uploads\/2024\/02\/TT-ICON_Localization.webp\" \/>\n\t<meta property=\"og:image:width\" content=\"151\" \/>\n\t<meta property=\"og:image:height\" content=\"151\" \/>\n\t<meta property=\"og:image:type\" content=\"image\/webp\" \/>\n<meta name=\"twitter:card\" content=\"summary_large_image\" \/>\n<meta name=\"twitter:site\" content=\"@TrustedT9ns\" \/>\n<script type=\"application\/ld+json\" class=\"yoast-schema-graph\">{\"@context\":\"https:\\\/\\\/schema.org\",\"@graph\":[{\"@type\":\"WebPage\",\"@id\":\"https:\\\/\\\/www.trustedtranslations.com\\\/pt-br\\\/servicos\\\/humana\\\/localizacao\",\"url\":\"https:\\\/\\\/www.trustedtranslations.com\\\/pt-br\\\/servicos\\\/humana\\\/localizacao\",\"name\":\"Servi\u00e7os de localiza\u00e7\u00e3o - Trusted Translations, Inc.\",\"isPartOf\":{\"@id\":\"https:\\\/\\\/www.trustedtranslations.com\\\/pt-br\\\/#website\"},\"primaryImageOfPage\":{\"@id\":\"https:\\\/\\\/www.trustedtranslations.com\\\/pt-br\\\/servicos\\\/humana\\\/localizacao#primaryimage\"},\"image\":{\"@id\":\"https:\\\/\\\/www.trustedtranslations.com\\\/pt-br\\\/servicos\\\/humana\\\/localizacao#primaryimage\"},\"thumbnailUrl\":\"https:\\\/\\\/www.trustedtranslations.com\\\/wp-content\\\/uploads\\\/2024\\\/02\\\/TT-ICON_Localization.webp\",\"description\":\"A Trusted Translations \u00e9 conhecida no setor como uma das l\u00edderes na localiza\u00e7\u00e3o de produtos e de conte\u00fado. Solicite uma consulta ou or\u00e7amento gratuitos.\",\"breadcrumb\":{\"@id\":\"https:\\\/\\\/www.trustedtranslations.com\\\/pt-br\\\/servicos\\\/humana\\\/localizacao#breadcrumb\"},\"inLanguage\":\"pt-BR\",\"potentialAction\":[{\"@type\":\"ReadAction\",\"target\":[\"https:\\\/\\\/www.trustedtranslations.com\\\/pt-br\\\/servicos\\\/humana\\\/localizacao\"]}]},{\"@type\":\"ImageObject\",\"inLanguage\":\"pt-BR\",\"@id\":\"https:\\\/\\\/www.trustedtranslations.com\\\/pt-br\\\/servicos\\\/humana\\\/localizacao#primaryimage\",\"url\":\"https:\\\/\\\/www.trustedtranslations.com\\\/wp-content\\\/uploads\\\/2024\\\/02\\\/TT-ICON_Localization.webp\",\"contentUrl\":\"https:\\\/\\\/www.trustedtranslations.com\\\/wp-content\\\/uploads\\\/2024\\\/02\\\/TT-ICON_Localization.webp\",\"width\":151,\"height\":151,\"caption\":\"TT ICON Localization\"},{\"@type\":\"BreadcrumbList\",\"@id\":\"https:\\\/\\\/www.trustedtranslations.com\\\/pt-br\\\/servicos\\\/humana\\\/localizacao#breadcrumb\",\"itemListElement\":[{\"@type\":\"ListItem\",\"position\":1,\"name\":\"Home\",\"item\":\"https:\\\/\\\/www.trustedtranslations.com\\\/pt-br\"},{\"@type\":\"ListItem\",\"position\":2,\"name\":\"Servi\u00e7os\",\"item\":\"https:\\\/\\\/www.trustedtranslations.com\\\/pt-br\\\/servicos\"},{\"@type\":\"ListItem\",\"position\":3,\"name\":\"Tradu\u00e7\u00e3o humana\",\"item\":\"https:\\\/\\\/www.trustedtranslations.com\\\/pt-br\\\/servicos\\\/humana\"},{\"@type\":\"ListItem\",\"position\":4,\"name\":\"Localiza\u00e7\u00e3o\"}]},{\"@type\":\"WebSite\",\"@id\":\"https:\\\/\\\/www.trustedtranslations.com\\\/pt-br\\\/#website\",\"url\":\"https:\\\/\\\/www.trustedtranslations.com\\\/pt-br\\\/\",\"name\":\"Trusted Translations, Inc.\",\"description\":\"Leader in translation and interpretation services.\",\"publisher\":{\"@id\":\"https:\\\/\\\/www.trustedtranslations.com\\\/pt-br\\\/#organization\"},\"alternateName\":\"Trusted Translations\",\"potentialAction\":[{\"@type\":\"SearchAction\",\"target\":{\"@type\":\"EntryPoint\",\"urlTemplate\":\"https:\\\/\\\/www.trustedtranslations.com\\\/pt-br\\\/?s={search_term_string}\"},\"query-input\":{\"@type\":\"PropertyValueSpecification\",\"valueRequired\":true,\"valueName\":\"search_term_string\"}}],\"inLanguage\":\"pt-BR\"},{\"@type\":\"Organization\",\"@id\":\"https:\\\/\\\/www.trustedtranslations.com\\\/pt-br\\\/#organization\",\"name\":\"Trusted Translations\",\"alternateName\":\"Trusted Translations, Inc.\",\"url\":\"https:\\\/\\\/www.trustedtranslations.com\\\/pt-br\\\/\",\"logo\":{\"@type\":\"ImageObject\",\"inLanguage\":\"pt-BR\",\"@id\":\"https:\\\/\\\/www.trustedtranslations.com\\\/pt-br\\\/#\\\/schema\\\/logo\\\/image\\\/\",\"url\":\"https:\\\/\\\/static.trustedtranslations.com\\\/wp-content\\\/uploads\\\/2022\\\/01\\\/TT_logo_WSIColors-2.png\",\"contentUrl\":\"https:\\\/\\\/static.trustedtranslations.com\\\/wp-content\\\/uploads\\\/2022\\\/01\\\/TT_logo_WSIColors-2.png\",\"width\":500,\"height\":196,\"caption\":\"Trusted Translations\"},\"image\":{\"@id\":\"https:\\\/\\\/www.trustedtranslations.com\\\/pt-br\\\/#\\\/schema\\\/logo\\\/image\\\/\"},\"sameAs\":[\"https:\\\/\\\/www.facebook.com\\\/Trusted.Translations\",\"https:\\\/\\\/x.com\\\/TrustedT9ns\",\"https:\\\/\\\/www.linkedin.com\\\/company\\\/trusted-translations\"]}]}<\/script>\n<!-- \/ Yoast SEO plugin. -->","yoast_head_json":{"title":"Servi\u00e7os de localiza\u00e7\u00e3o - Trusted Translations, Inc.","description":"A Trusted Translations \u00e9 conhecida no setor como uma das l\u00edderes na localiza\u00e7\u00e3o de produtos e de conte\u00fado. Solicite uma consulta ou or\u00e7amento gratuitos.","robots":{"index":"index","follow":"follow","max-snippet":"max-snippet:-1","max-image-preview":"max-image-preview:large","max-video-preview":"max-video-preview:-1"},"canonical":"https:\/\/www.trustedtranslations.com\/pt-br\/servicos\/humana\/localizacao","og_locale":"pt_BR","og_type":"article","og_title":"Servi\u00e7os de localiza\u00e7\u00e3o - Trusted Translations, Inc.","og_description":"A Trusted Translations \u00e9 conhecida no setor como uma das l\u00edderes na localiza\u00e7\u00e3o de produtos e de conte\u00fado. Solicite uma consulta ou or\u00e7amento gratuitos.","og_url":"https:\/\/www.trustedtranslations.com\/pt-br\/servicos\/humana\/localizacao","og_site_name":"Trusted Translations, Inc.","article_publisher":"https:\/\/www.facebook.com\/Trusted.Translations","article_modified_time":"2024-09-04T20:54:39+00:00","og_image":[{"width":151,"height":151,"url":"https:\/\/static.trustedtranslations.com\/wp-content\/uploads\/2024\/02\/TT-ICON_Localization.webp","type":"image\/webp"}],"twitter_card":"summary_large_image","twitter_site":"@TrustedT9ns","schema":{"@context":"https:\/\/schema.org","@graph":[{"@type":"WebPage","@id":"https:\/\/www.trustedtranslations.com\/pt-br\/servicos\/humana\/localizacao","url":"https:\/\/www.trustedtranslations.com\/pt-br\/servicos\/humana\/localizacao","name":"Servi\u00e7os de localiza\u00e7\u00e3o - Trusted Translations, Inc.","isPartOf":{"@id":"https:\/\/www.trustedtranslations.com\/pt-br\/#website"},"primaryImageOfPage":{"@id":"https:\/\/www.trustedtranslations.com\/pt-br\/servicos\/humana\/localizacao#primaryimage"},"image":{"@id":"https:\/\/www.trustedtranslations.com\/pt-br\/servicos\/humana\/localizacao#primaryimage"},"thumbnailUrl":"https:\/\/www.trustedtranslations.com\/wp-content\/uploads\/2024\/02\/TT-ICON_Localization.webp","description":"A Trusted Translations \u00e9 conhecida no setor como uma das l\u00edderes na localiza\u00e7\u00e3o de produtos e de conte\u00fado. Solicite uma consulta ou or\u00e7amento gratuitos.","breadcrumb":{"@id":"https:\/\/www.trustedtranslations.com\/pt-br\/servicos\/humana\/localizacao#breadcrumb"},"inLanguage":"pt-BR","potentialAction":[{"@type":"ReadAction","target":["https:\/\/www.trustedtranslations.com\/pt-br\/servicos\/humana\/localizacao"]}]},{"@type":"ImageObject","inLanguage":"pt-BR","@id":"https:\/\/www.trustedtranslations.com\/pt-br\/servicos\/humana\/localizacao#primaryimage","url":"https:\/\/www.trustedtranslations.com\/wp-content\/uploads\/2024\/02\/TT-ICON_Localization.webp","contentUrl":"https:\/\/www.trustedtranslations.com\/wp-content\/uploads\/2024\/02\/TT-ICON_Localization.webp","width":151,"height":151,"caption":"TT ICON Localization"},{"@type":"BreadcrumbList","@id":"https:\/\/www.trustedtranslations.com\/pt-br\/servicos\/humana\/localizacao#breadcrumb","itemListElement":[{"@type":"ListItem","position":1,"name":"Home","item":"https:\/\/www.trustedtranslations.com\/pt-br"},{"@type":"ListItem","position":2,"name":"Servi\u00e7os","item":"https:\/\/www.trustedtranslations.com\/pt-br\/servicos"},{"@type":"ListItem","position":3,"name":"Tradu\u00e7\u00e3o humana","item":"https:\/\/www.trustedtranslations.com\/pt-br\/servicos\/humana"},{"@type":"ListItem","position":4,"name":"Localiza\u00e7\u00e3o"}]},{"@type":"WebSite","@id":"https:\/\/www.trustedtranslations.com\/pt-br\/#website","url":"https:\/\/www.trustedtranslations.com\/pt-br\/","name":"Trusted Translations, Inc.","description":"Leader in translation and interpretation services.","publisher":{"@id":"https:\/\/www.trustedtranslations.com\/pt-br\/#organization"},"alternateName":"Trusted Translations","potentialAction":[{"@type":"SearchAction","target":{"@type":"EntryPoint","urlTemplate":"https:\/\/www.trustedtranslations.com\/pt-br\/?s={search_term_string}"},"query-input":{"@type":"PropertyValueSpecification","valueRequired":true,"valueName":"search_term_string"}}],"inLanguage":"pt-BR"},{"@type":"Organization","@id":"https:\/\/www.trustedtranslations.com\/pt-br\/#organization","name":"Trusted Translations","alternateName":"Trusted Translations, Inc.","url":"https:\/\/www.trustedtranslations.com\/pt-br\/","logo":{"@type":"ImageObject","inLanguage":"pt-BR","@id":"https:\/\/www.trustedtranslations.com\/pt-br\/#\/schema\/logo\/image\/","url":"https:\/\/static.trustedtranslations.com\/wp-content\/uploads\/2022\/01\/TT_logo_WSIColors-2.png","contentUrl":"https:\/\/static.trustedtranslations.com\/wp-content\/uploads\/2022\/01\/TT_logo_WSIColors-2.png","width":500,"height":196,"caption":"Trusted Translations"},"image":{"@id":"https:\/\/www.trustedtranslations.com\/pt-br\/#\/schema\/logo\/image\/"},"sameAs":["https:\/\/www.facebook.com\/Trusted.Translations","https:\/\/x.com\/TrustedT9ns","https:\/\/www.linkedin.com\/company\/trusted-translations"]}]}},"toolset-meta":{"dyk":{"mensaje-1":{"type":"textfield","raw":"A <em>Trusted Translations<\/em> fornece servi\u00e7os de localiza\u00e7\u00e3o em espanhol com pre\u00e7os de 25% a 50% mais baixos do que os praticados no mercado."},"mensaje-2":{"type":"textfield","raw":"Um dos erros mais comuns na localiza\u00e7\u00e3o \u00e9 aplicar a formata\u00e7\u00e3o num\u00e9rica incorreta."},"mensaje-3":{"type":"textfield","raw":"O uso de ferramentas de mem\u00f3ria de tradu\u00e7\u00e3o pode ajudar a economizar tempo e melhorar a consist\u00eancia dos projetos de localiza\u00e7\u00e3o."},"mensaje-4":{"type":"textfield","raw":"Os nossos servi\u00e7os v\u00e3o desde tradu\u00e7\u00f5es de documentos simples at\u00e9 localiza\u00e7\u00f5es de softwares complexos."},"mensaje-5":{"type":"textfield","raw":""},"mensaje-6":{"type":"textfield","raw":""}},"single-page-template-fields":{"imgs-temp":{"type":"image","raw":["https:\/\/static.trustedtranslations.com\/wp-content\/uploads\/2024\/06\/industry-53-1.webp"],"repeatable":[{"raw":"https:\/\/static.trustedtranslations.com\/wp-content\/uploads\/2024\/06\/industry-53-1.webp"}]},"imgs-temp-cel":{"type":"image","raw":[""],"repeatable":[{"raw":""}]},"img-temp-one-cel":{"type":"image","raw":"https:\/\/static.trustedtranslations.com\/wp-content\/uploads\/2024\/06\/businessman-analyzing-company-fi.webp","attachment_id":null},"quotes":{"type":"textarea","raw":"<h1 style=\"margin-bottom: 12px;\">Servi\u00e7os de localiza\u00e7\u00e3o<\/h1><p>O que \u00e9 localiza\u00e7\u00e3o? Qual \u00e9 a diferen\u00e7a da internacionaliza\u00e7\u00e3o? Deixe que nossos especialistas da <em>Trusted Translations<\/em> o ajudem a compreender e dominar o processo de localiza\u00e7\u00e3o do in\u00edcio ao fim.<\/p><div style=\"margin-top: 2.5vw;\"><a class=\"tt-btn-main-cta\" href=\"https:\/\/www.trustedtranslations.com\/pt-br\/solicitud-orcamento\">Solicite um or\u00e7amento gratuito<\/a><\/div>"},"text-1":{"type":"textarea","raw":"<h2>Internacionaliza\u00e7\u00e3o<\/h2>\r\nA <strong>internacionaliza\u00e7\u00e3o<\/strong> (\u00e0s vezes abreviada como <em>i18n<\/em>) \u00e9 uma etapa cr\u00edtica, ocorrendo logo no in\u00edcio da fase de planejamento e desenvolvimento do produto. \u00c9 uma empreitada \u201cpanor\u00e2mica\u201d, que envolve preparar seus produtos em um n\u00edvel macro para que possam eventualmente ser localizados para v\u00e1rios mercados, sem grandes reformula\u00e7\u00f5es \u2013 o que algumas empresas chamam de \u201cdisponibilidade para o mundo.\u201d Por exemplo, a decis\u00e3o da IKEA de usar apenas diagramas e ilustra\u00e7\u00f5es em suas instru\u00e7\u00f5es de montagem eliminou a necessidade de traduzir diferentes conjuntos de instru\u00e7\u00f5es para cada nova regi\u00e3o.\r\n<h2>Localiza\u00e7\u00e3o<\/h2>\r\nA <strong>localiza\u00e7\u00e3o<\/strong> (\u00e0s vezes chamada de <em>L10n)<\/em> ocorre quando seu produto atinge mercados espec\u00edficos. A localiza\u00e7\u00e3o envolve a adapta\u00e7\u00e3o do seu produto ou servi\u00e7o para representar as diferen\u00e7as de determinados mercados, geralmente incluindo tradu\u00e7\u00e3o, modifica\u00e7\u00f5es t\u00e9cnicas, modifica\u00e7\u00f5es regulamentares, etc.\r\n\r\nA localiza\u00e7\u00e3o vai al\u00e9m da simples tradu\u00e7\u00e3o de idiomas para quest\u00f5es de nuances culturais, funcionalidade e apelo para a popula\u00e7\u00e3o-alvo. Pode incluir, por exemplo, o modo como a Netflix adapta seu conte\u00fado para diferentes regi\u00f5es do mundo ou como o menu principal do McDonald\u2019s \u00e9 adaptado \u00e0 culin\u00e1ria t\u00edpica de cada pa\u00eds."},"shortcode-map":{"type":"textfield","raw":""},"dyk-shortcode":{"type":"textfield","raw":"[elementor-template id=\"147273\"]"},"text-2":{"type":"textarea","raw":"<h2>Por que a localiza\u00e7\u00e3o \u00e9 t\u00e3o importante?<\/h2>\r\n\u00c9 complicado \u2013 mas crucial \u2013 garantir que seus produtos e servi\u00e7os \u201cacertem o alvo\u201d com seu p\u00fablico de destino. Isso \u00e9 ainda mais verdadeiro quando sua empresa est\u00e1 buscando expandir para novas regi\u00f5es, culturas e idiomas. A localiza\u00e7\u00e3o ajuda a garantir que sua empresa fa\u00e7a uma transi\u00e7\u00e3o sem percal\u00e7os para um novo mercado, sem o risco de ofender ou alienar potenciais compradores ou encontrar erros do usu\u00e1rio e falta de funcionalidade.\r\n<h2>Servi\u00e7os de localiza\u00e7\u00e3o em espanhol<\/h2>\r\nA <em>Trusted Translations <\/em>tem experi\u00eancia especial na localiza\u00e7\u00e3o em espanhol, trabalhando com v\u00e1rios clientes que confiam em n\u00f3s para ajud\u00e1-los a atingir o desafiador mercado hisp\u00e2nico dos EUA. Como esse mercado \u00e9 composto por v\u00e1rias nacionalidades e origens culturais distintas, de diferentes continentes, o processo de localiza\u00e7\u00e3o em espanhol requer aten\u00e7\u00e3o especial.\r\n\r\nVeja algumas das diversas tarefas que fazem parte do processo de localiza\u00e7\u00e3o em espanhol:\r\n<ul>\r\n \t<li>Tradu\u00e7\u00e3o de software, tradu\u00e7\u00e3o de sites e editora\u00e7\u00e3o eletr\u00f4nica em espanhol<\/li>\r\n \t<li>Cuidado para que o idioma seja adaptado para abordar a variante nativa ou dialeto de cada pa\u00eds de destino<\/li>\r\n \t<li>Revis\u00e3o de todos os elementos gr\u00e1ficos e utiliza\u00e7\u00e3o de servi\u00e7os de editora\u00e7\u00e3o eletr\u00f4nica para adapt\u00e1-los a cada mercado local<\/li>\r\n \t<li>Extensos testes de software em espanhol para garantir que todos os aplicativos estejam adequadamente adaptados e funcionem em todos os ambientes<\/li>\r\n<\/ul>\r\nCom experi\u00eancia significativa em servi\u00e7os de localiza\u00e7\u00e3o em espanhol, a <em>Trusted Translations <\/em>sabe como tornar o processo eficiente, f\u00e1cil e econ\u00f4mico para a sua organiza\u00e7\u00e3o.\r\n\r\nComo a localiza\u00e7\u00e3o requer tempo e um conhecimento de alto n\u00edvel de idiomas, culturas e setores, \u00e9 importante trabalhar com especialistas que j\u00e1 sejam qualificados na produ\u00e7\u00e3o de resultados de alta qualidade. Entre em contato com a <em>Trusted Translations <\/em>hoje mesmo para saber mais sobre como podemos atender suas necessidades de localiza\u00e7\u00e3o."},"state":{"type":"textfield","raw":""},"city":{"type":"textarea","raw":[]}}},"_links":{"self":[{"href":"https:\/\/www.trustedtranslations.com\/pt-br\/wp-json\/wp\/v2\/pages\/135030","targetHints":{"allow":["GET"]}}],"collection":[{"href":"https:\/\/www.trustedtranslations.com\/pt-br\/wp-json\/wp\/v2\/pages"}],"about":[{"href":"https:\/\/www.trustedtranslations.com\/pt-br\/wp-json\/wp\/v2\/types\/page"}],"author":[{"embeddable":true,"href":"https:\/\/www.trustedtranslations.com\/pt-br\/wp-json\/wp\/v2\/users\/1"}],"replies":[{"embeddable":true,"href":"https:\/\/www.trustedtranslations.com\/pt-br\/wp-json\/wp\/v2\/comments?post=135030"}],"version-history":[{"count":0,"href":"https:\/\/www.trustedtranslations.com\/pt-br\/wp-json\/wp\/v2\/pages\/135030\/revisions"}],"up":[{"embeddable":true,"href":"https:\/\/www.trustedtranslations.com\/pt-br\/wp-json\/wp\/v2\/pages\/134978"}],"wp:featuredmedia":[{"embeddable":true,"href":"https:\/\/www.trustedtranslations.com\/pt-br\/wp-json\/wp\/v2\/media\/235764"}],"wp:attachment":[{"href":"https:\/\/www.trustedtranslations.com\/pt-br\/wp-json\/wp\/v2\/media?parent=135030"}],"curies":[{"name":"wp","href":"https:\/\/api.w.org\/{rel}","templated":true}]}}