{"id":135031,"date":"2018-11-12T18:33:53","date_gmt":"2018-11-12T18:33:53","guid":{"rendered":"https:\/\/www.trustedtranslations.com\/?page_id=135031"},"modified":"2024-09-19T18:01:38","modified_gmt":"2024-09-19T21:01:38","slug":"globalizacao","status":"publish","type":"page","link":"https:\/\/www.trustedtranslations.com\/pt-br\/servicos\/humana\/globalizacao","title":{"rendered":"Globaliza\u00e7\u00e3o"},"content":{"rendered":"","protected":false},"excerpt":{"rendered":"","protected":false},"author":1,"featured_media":235894,"parent":134978,"menu_order":4,"comment_status":"closed","ping_status":"closed","template":"","meta":{"site-sidebar-layout":"default","site-content-layout":"default","ast-site-content-layout":"default","site-content-style":"default","site-sidebar-style":"default","ast-global-header-display":"","ast-banner-title-visibility":"","ast-main-header-display":"","ast-hfb-above-header-display":"","ast-hfb-below-header-display":"","ast-hfb-mobile-header-display":"","site-post-title":"disabled","ast-breadcrumbs-content":"","ast-featured-img":"","footer-sml-layout":"","ast-disable-related-posts":"","theme-transparent-header-meta":"default","adv-header-id-meta":"","stick-header-meta":"","header-above-stick-meta":"","header-main-stick-meta":"","header-below-stick-meta":"","astra-migrate-meta-layouts":"set","ast-page-background-enabled":"default","ast-page-background-meta":{"desktop":{"background-color":"var(--ast-global-color-4)","background-image":"","background-repeat":"repeat","background-position":"center center","background-size":"auto","background-attachment":"scroll","background-type":"","background-media":"","overlay-type":"","overlay-color":"","overlay-opacity":"","overlay-gradient":""},"tablet":{"background-color":"","background-image":"","background-repeat":"repeat","background-position":"center center","background-size":"auto","background-attachment":"scroll","background-type":"","background-media":"","overlay-type":"","overlay-color":"","overlay-opacity":"","overlay-gradient":""},"mobile":{"background-color":"","background-image":"","background-repeat":"repeat","background-position":"center center","background-size":"auto","background-attachment":"scroll","background-type":"","background-media":"","overlay-type":"","overlay-color":"","overlay-opacity":"","overlay-gradient":""}},"ast-content-background-meta":{"desktop":{"background-color":"var(--ast-global-color-5)","background-image":"","background-repeat":"repeat","background-position":"center center","background-size":"auto","background-attachment":"scroll","background-type":"","background-media":"","overlay-type":"","overlay-color":"","overlay-opacity":"","overlay-gradient":""},"tablet":{"background-color":"var(--ast-global-color-5)","background-image":"","background-repeat":"repeat","background-position":"center center","background-size":"auto","background-attachment":"scroll","background-type":"","background-media":"","overlay-type":"","overlay-color":"","overlay-opacity":"","overlay-gradient":""},"mobile":{"background-color":"var(--ast-global-color-5)","background-image":"","background-repeat":"repeat","background-position":"center center","background-size":"auto","background-attachment":"scroll","background-type":"","background-media":"","overlay-type":"","overlay-color":"","overlay-opacity":"","overlay-gradient":""}},"footnotes":""},"class_list":["post-135031","page","type-page","status-publish","has-post-thumbnail","hentry"],"yoast_head":"<!-- This site is optimized with the Yoast SEO plugin v27.3 - https:\/\/yoast.com\/product\/yoast-seo-wordpress\/ -->\n<title>Solu\u00e7\u00f5es de globaliza\u00e7\u00e3o de produtos e conte\u00fado - Trusted Translations, Inc.<\/title>\n<meta name=\"description\" content=\"A Trusted Translations \u00e9 conhecida no setor como uma das l\u00edderes na globaliza\u00e7\u00e3o de produtos e de conte\u00fado. Solicite uma consulta ou or\u00e7amento gratuitos.\" \/>\n<meta name=\"robots\" content=\"index, follow, max-snippet:-1, max-image-preview:large, max-video-preview:-1\" \/>\n<link rel=\"canonical\" href=\"https:\/\/www.trustedtranslations.com\/pt-br\/servicos\/humana\/globalizacao\" \/>\n<meta property=\"og:locale\" content=\"pt_BR\" \/>\n<meta property=\"og:type\" content=\"article\" \/>\n<meta property=\"og:title\" content=\"Solu\u00e7\u00f5es de globaliza\u00e7\u00e3o de produtos e conte\u00fado - Trusted Translations, Inc.\" \/>\n<meta property=\"og:description\" content=\"A Trusted Translations \u00e9 conhecida no setor como uma das l\u00edderes na globaliza\u00e7\u00e3o de produtos e de conte\u00fado. Solicite uma consulta ou or\u00e7amento gratuitos.\" \/>\n<meta property=\"og:url\" content=\"https:\/\/www.trustedtranslations.com\/pt-br\/servicos\/humana\/globalizacao\" \/>\n<meta property=\"og:site_name\" content=\"Trusted Translations, Inc.\" \/>\n<meta property=\"article:publisher\" content=\"https:\/\/www.facebook.com\/Trusted.Translations\" \/>\n<meta property=\"article:modified_time\" content=\"2024-09-19T21:01:38+00:00\" \/>\n<meta property=\"og:image\" content=\"https:\/\/static.trustedtranslations.com\/wp-content\/uploads\/2024\/02\/TT-ICON_Globalization.webp\" \/>\n\t<meta property=\"og:image:width\" content=\"151\" \/>\n\t<meta property=\"og:image:height\" content=\"151\" \/>\n\t<meta property=\"og:image:type\" content=\"image\/webp\" \/>\n<meta name=\"twitter:card\" content=\"summary_large_image\" \/>\n<meta name=\"twitter:site\" content=\"@TrustedT9ns\" \/>\n<script type=\"application\/ld+json\" class=\"yoast-schema-graph\">{\"@context\":\"https:\\\/\\\/schema.org\",\"@graph\":[{\"@type\":\"WebPage\",\"@id\":\"https:\\\/\\\/www.trustedtranslations.com\\\/pt-br\\\/servicos\\\/humana\\\/globalizacao\",\"url\":\"https:\\\/\\\/www.trustedtranslations.com\\\/pt-br\\\/servicos\\\/humana\\\/globalizacao\",\"name\":\"Solu\u00e7\u00f5es de globaliza\u00e7\u00e3o de produtos e conte\u00fado - Trusted Translations, Inc.\",\"isPartOf\":{\"@id\":\"https:\\\/\\\/www.trustedtranslations.com\\\/pt-br\\\/#website\"},\"primaryImageOfPage\":{\"@id\":\"https:\\\/\\\/www.trustedtranslations.com\\\/pt-br\\\/servicos\\\/humana\\\/globalizacao#primaryimage\"},\"image\":{\"@id\":\"https:\\\/\\\/www.trustedtranslations.com\\\/pt-br\\\/servicos\\\/humana\\\/globalizacao#primaryimage\"},\"thumbnailUrl\":\"https:\\\/\\\/www.trustedtranslations.com\\\/wp-content\\\/uploads\\\/2024\\\/02\\\/TT-ICON_Globalization.webp\",\"description\":\"A Trusted Translations \u00e9 conhecida no setor como uma das l\u00edderes na globaliza\u00e7\u00e3o de produtos e de conte\u00fado. Solicite uma consulta ou or\u00e7amento gratuitos.\",\"breadcrumb\":{\"@id\":\"https:\\\/\\\/www.trustedtranslations.com\\\/pt-br\\\/servicos\\\/humana\\\/globalizacao#breadcrumb\"},\"inLanguage\":\"pt-BR\",\"potentialAction\":[{\"@type\":\"ReadAction\",\"target\":[\"https:\\\/\\\/www.trustedtranslations.com\\\/pt-br\\\/servicos\\\/humana\\\/globalizacao\"]}]},{\"@type\":\"ImageObject\",\"inLanguage\":\"pt-BR\",\"@id\":\"https:\\\/\\\/www.trustedtranslations.com\\\/pt-br\\\/servicos\\\/humana\\\/globalizacao#primaryimage\",\"url\":\"https:\\\/\\\/www.trustedtranslations.com\\\/wp-content\\\/uploads\\\/2024\\\/02\\\/TT-ICON_Globalization.webp\",\"contentUrl\":\"https:\\\/\\\/www.trustedtranslations.com\\\/wp-content\\\/uploads\\\/2024\\\/02\\\/TT-ICON_Globalization.webp\",\"width\":151,\"height\":151,\"caption\":\"TT ICON Globalization\"},{\"@type\":\"BreadcrumbList\",\"@id\":\"https:\\\/\\\/www.trustedtranslations.com\\\/pt-br\\\/servicos\\\/humana\\\/globalizacao#breadcrumb\",\"itemListElement\":[{\"@type\":\"ListItem\",\"position\":1,\"name\":\"Home\",\"item\":\"https:\\\/\\\/www.trustedtranslations.com\\\/pt-br\"},{\"@type\":\"ListItem\",\"position\":2,\"name\":\"Servi\u00e7os\",\"item\":\"https:\\\/\\\/www.trustedtranslations.com\\\/pt-br\\\/servicos\"},{\"@type\":\"ListItem\",\"position\":3,\"name\":\"Tradu\u00e7\u00e3o humana\",\"item\":\"https:\\\/\\\/www.trustedtranslations.com\\\/pt-br\\\/servicos\\\/humana\"},{\"@type\":\"ListItem\",\"position\":4,\"name\":\"Globaliza\u00e7\u00e3o\"}]},{\"@type\":\"WebSite\",\"@id\":\"https:\\\/\\\/www.trustedtranslations.com\\\/pt-br\\\/#website\",\"url\":\"https:\\\/\\\/www.trustedtranslations.com\\\/pt-br\\\/\",\"name\":\"Trusted Translations, Inc.\",\"description\":\"Leader in translation and interpretation services.\",\"publisher\":{\"@id\":\"https:\\\/\\\/www.trustedtranslations.com\\\/pt-br\\\/#organization\"},\"alternateName\":\"Trusted Translations\",\"potentialAction\":[{\"@type\":\"SearchAction\",\"target\":{\"@type\":\"EntryPoint\",\"urlTemplate\":\"https:\\\/\\\/www.trustedtranslations.com\\\/pt-br\\\/?s={search_term_string}\"},\"query-input\":{\"@type\":\"PropertyValueSpecification\",\"valueRequired\":true,\"valueName\":\"search_term_string\"}}],\"inLanguage\":\"pt-BR\"},{\"@type\":\"Organization\",\"@id\":\"https:\\\/\\\/www.trustedtranslations.com\\\/pt-br\\\/#organization\",\"name\":\"Trusted Translations\",\"alternateName\":\"Trusted Translations, Inc.\",\"url\":\"https:\\\/\\\/www.trustedtranslations.com\\\/pt-br\\\/\",\"logo\":{\"@type\":\"ImageObject\",\"inLanguage\":\"pt-BR\",\"@id\":\"https:\\\/\\\/www.trustedtranslations.com\\\/pt-br\\\/#\\\/schema\\\/logo\\\/image\\\/\",\"url\":\"https:\\\/\\\/static.trustedtranslations.com\\\/wp-content\\\/uploads\\\/2022\\\/01\\\/TT_logo_WSIColors-2.png\",\"contentUrl\":\"https:\\\/\\\/static.trustedtranslations.com\\\/wp-content\\\/uploads\\\/2022\\\/01\\\/TT_logo_WSIColors-2.png\",\"width\":500,\"height\":196,\"caption\":\"Trusted Translations\"},\"image\":{\"@id\":\"https:\\\/\\\/www.trustedtranslations.com\\\/pt-br\\\/#\\\/schema\\\/logo\\\/image\\\/\"},\"sameAs\":[\"https:\\\/\\\/www.facebook.com\\\/Trusted.Translations\",\"https:\\\/\\\/x.com\\\/TrustedT9ns\",\"https:\\\/\\\/www.linkedin.com\\\/company\\\/trusted-translations\"]}]}<\/script>\n<!-- \/ Yoast SEO plugin. -->","yoast_head_json":{"title":"Solu\u00e7\u00f5es de globaliza\u00e7\u00e3o de produtos e conte\u00fado - Trusted Translations, Inc.","description":"A Trusted Translations \u00e9 conhecida no setor como uma das l\u00edderes na globaliza\u00e7\u00e3o de produtos e de conte\u00fado. Solicite uma consulta ou or\u00e7amento gratuitos.","robots":{"index":"index","follow":"follow","max-snippet":"max-snippet:-1","max-image-preview":"max-image-preview:large","max-video-preview":"max-video-preview:-1"},"canonical":"https:\/\/www.trustedtranslations.com\/pt-br\/servicos\/humana\/globalizacao","og_locale":"pt_BR","og_type":"article","og_title":"Solu\u00e7\u00f5es de globaliza\u00e7\u00e3o de produtos e conte\u00fado - Trusted Translations, Inc.","og_description":"A Trusted Translations \u00e9 conhecida no setor como uma das l\u00edderes na globaliza\u00e7\u00e3o de produtos e de conte\u00fado. Solicite uma consulta ou or\u00e7amento gratuitos.","og_url":"https:\/\/www.trustedtranslations.com\/pt-br\/servicos\/humana\/globalizacao","og_site_name":"Trusted Translations, Inc.","article_publisher":"https:\/\/www.facebook.com\/Trusted.Translations","article_modified_time":"2024-09-19T21:01:38+00:00","og_image":[{"width":151,"height":151,"url":"https:\/\/static.trustedtranslations.com\/wp-content\/uploads\/2024\/02\/TT-ICON_Globalization.webp","type":"image\/webp"}],"twitter_card":"summary_large_image","twitter_site":"@TrustedT9ns","schema":{"@context":"https:\/\/schema.org","@graph":[{"@type":"WebPage","@id":"https:\/\/www.trustedtranslations.com\/pt-br\/servicos\/humana\/globalizacao","url":"https:\/\/www.trustedtranslations.com\/pt-br\/servicos\/humana\/globalizacao","name":"Solu\u00e7\u00f5es de globaliza\u00e7\u00e3o de produtos e conte\u00fado - Trusted Translations, Inc.","isPartOf":{"@id":"https:\/\/www.trustedtranslations.com\/pt-br\/#website"},"primaryImageOfPage":{"@id":"https:\/\/www.trustedtranslations.com\/pt-br\/servicos\/humana\/globalizacao#primaryimage"},"image":{"@id":"https:\/\/www.trustedtranslations.com\/pt-br\/servicos\/humana\/globalizacao#primaryimage"},"thumbnailUrl":"https:\/\/www.trustedtranslations.com\/wp-content\/uploads\/2024\/02\/TT-ICON_Globalization.webp","description":"A Trusted Translations \u00e9 conhecida no setor como uma das l\u00edderes na globaliza\u00e7\u00e3o de produtos e de conte\u00fado. Solicite uma consulta ou or\u00e7amento gratuitos.","breadcrumb":{"@id":"https:\/\/www.trustedtranslations.com\/pt-br\/servicos\/humana\/globalizacao#breadcrumb"},"inLanguage":"pt-BR","potentialAction":[{"@type":"ReadAction","target":["https:\/\/www.trustedtranslations.com\/pt-br\/servicos\/humana\/globalizacao"]}]},{"@type":"ImageObject","inLanguage":"pt-BR","@id":"https:\/\/www.trustedtranslations.com\/pt-br\/servicos\/humana\/globalizacao#primaryimage","url":"https:\/\/www.trustedtranslations.com\/wp-content\/uploads\/2024\/02\/TT-ICON_Globalization.webp","contentUrl":"https:\/\/www.trustedtranslations.com\/wp-content\/uploads\/2024\/02\/TT-ICON_Globalization.webp","width":151,"height":151,"caption":"TT ICON Globalization"},{"@type":"BreadcrumbList","@id":"https:\/\/www.trustedtranslations.com\/pt-br\/servicos\/humana\/globalizacao#breadcrumb","itemListElement":[{"@type":"ListItem","position":1,"name":"Home","item":"https:\/\/www.trustedtranslations.com\/pt-br"},{"@type":"ListItem","position":2,"name":"Servi\u00e7os","item":"https:\/\/www.trustedtranslations.com\/pt-br\/servicos"},{"@type":"ListItem","position":3,"name":"Tradu\u00e7\u00e3o humana","item":"https:\/\/www.trustedtranslations.com\/pt-br\/servicos\/humana"},{"@type":"ListItem","position":4,"name":"Globaliza\u00e7\u00e3o"}]},{"@type":"WebSite","@id":"https:\/\/www.trustedtranslations.com\/pt-br\/#website","url":"https:\/\/www.trustedtranslations.com\/pt-br\/","name":"Trusted Translations, Inc.","description":"Leader in translation and interpretation services.","publisher":{"@id":"https:\/\/www.trustedtranslations.com\/pt-br\/#organization"},"alternateName":"Trusted Translations","potentialAction":[{"@type":"SearchAction","target":{"@type":"EntryPoint","urlTemplate":"https:\/\/www.trustedtranslations.com\/pt-br\/?s={search_term_string}"},"query-input":{"@type":"PropertyValueSpecification","valueRequired":true,"valueName":"search_term_string"}}],"inLanguage":"pt-BR"},{"@type":"Organization","@id":"https:\/\/www.trustedtranslations.com\/pt-br\/#organization","name":"Trusted Translations","alternateName":"Trusted Translations, Inc.","url":"https:\/\/www.trustedtranslations.com\/pt-br\/","logo":{"@type":"ImageObject","inLanguage":"pt-BR","@id":"https:\/\/www.trustedtranslations.com\/pt-br\/#\/schema\/logo\/image\/","url":"https:\/\/static.trustedtranslations.com\/wp-content\/uploads\/2022\/01\/TT_logo_WSIColors-2.png","contentUrl":"https:\/\/static.trustedtranslations.com\/wp-content\/uploads\/2022\/01\/TT_logo_WSIColors-2.png","width":500,"height":196,"caption":"Trusted Translations"},"image":{"@id":"https:\/\/www.trustedtranslations.com\/pt-br\/#\/schema\/logo\/image\/"},"sameAs":["https:\/\/www.facebook.com\/Trusted.Translations","https:\/\/x.com\/TrustedT9ns","https:\/\/www.linkedin.com\/company\/trusted-translations"]}]}},"toolset-meta":{"dyk":{"mensaje-1":{"type":"textfield","raw":""},"mensaje-2":{"type":"textfield","raw":""},"mensaje-3":{"type":"textfield","raw":"A globaliza\u00e7\u00e3o do seu site ir\u00e1 reduzir o custo de gest\u00e3o de conte\u00fado e adi\u00e7\u00e3o de novos idiomas."},"mensaje-4":{"type":"textfield","raw":"Nossos servi\u00e7os v\u00e3o desde tradu\u00e7\u00f5es de documentos simples at\u00e9 uma globaliza\u00e7\u00e3o complexa."},"mensaje-5":{"type":"textfield","raw":""},"mensaje-6":{"type":"textfield","raw":""}},"single-page-template-fields":{"imgs-temp":{"type":"image","raw":["https:\/\/static.trustedtranslations.com\/wp-content\/uploads\/2024\/06\/globalization-final-1.webp"],"repeatable":[{"raw":"https:\/\/static.trustedtranslations.com\/wp-content\/uploads\/2024\/06\/globalization-final-1.webp"}]},"imgs-temp-cel":{"type":"image","raw":[""],"repeatable":[{"raw":""}]},"img-temp-one-cel":{"type":"image","raw":"https:\/\/static.trustedtranslations.com\/wp-content\/uploads\/2024\/06\/AdobeStock_157214625-2-1.webp","attachment_id":null},"quotes":{"type":"textarea","raw":"<h1 style=\"margin-bottom: 12px;\">Solu\u00e7\u00f5es de globaliza\u00e7\u00e3o e idiomas<\/h1>\r\nUm sentido muito espec\u00edfico de globaliza\u00e7\u00e3o refere-se ao processo de prepara\u00e7\u00e3o de um produto ou servi\u00e7o para ser oferecido em diversos mercados ou em todo o mundo. Como l\u00edder do setor de globaliza\u00e7\u00e3o de produtos e conte\u00fado, a Trusted Translations ir\u00e1 ajudar voc\u00ea a se preparar para os diferentes aspectos de fazer neg\u00f3cios em v\u00e1rios pa\u00edses.\r\n<div style=\"margin-top: 2.5vw;\"><a class=\"tt-btn-main-cta\" href=\"https:\/\/www.trustedtranslations.com\/pt-br\/solicitud-orcamento\">Solicite um or\u00e7amento gratuito<\/a><\/div>"},"text-1":{"type":"textarea","raw":"<h2>Torne-se global<\/h2>\r\nVoc\u00ea pode ter ouvido o termo globaliza\u00e7\u00e3o mencionado junto de dois conceitos relacionados, internacionaliza\u00e7\u00e3o e localiza\u00e7\u00e3o. Embora seu uso possa ser confuso, uma maneira f\u00e1cil de entender a rela\u00e7\u00e3o entre os tr\u00eas termos \u00e9 uma f\u00f3rmula simples: Globaliza\u00e7\u00e3o = Internacionaliza\u00e7\u00e3o + Localiza\u00e7\u00e3o.\r\n\r\nA globaliza\u00e7\u00e3o \u00e9 um processo que abrange dois componentes complementares, mas distintos (na verdade, quase opostos). A <em>Internacionaliza\u00e7\u00e3o<\/em> \u00e9 mais geral; esse termo descreve o uso do ciclo de planejamento e desenvolvimento para criar um produto ou servi\u00e7o que, posteriormente, pode ser facilmente adaptado para v\u00e1rios mercados. A <em>Localiza\u00e7\u00e3o<\/em>, por outro lado, \u00e9 mais espec\u00edfica; esse termo descreve a real adapta\u00e7\u00e3o do seu produto ou servi\u00e7o a mercados espec\u00edficos ap\u00f3s o seu lan\u00e7amento.\r\n\r\nA combina\u00e7\u00e3o da internacionaliza\u00e7\u00e3o e da localiza\u00e7\u00e3o produz a globaliza\u00e7\u00e3o, um termo do setor que abrange o conceito mais amplo de \u201ctornar-se global\u201d \u2013 ou seja, inserir sua empresa em novos mercados em todo o mundo, como parte de uma economia internacional, na qual o com\u00e9rcio atravessa fronteiras.\r\n<h2>Servi\u00e7os de globaliza\u00e7\u00e3o<\/h2>\r\nA seguir, listamos algumas das \u00e1reas da globaliza\u00e7\u00e3o nas quais a <em>Trusted Translations <\/em>se especializa:\r\n<h3>Globaliza\u00e7\u00e3o de produtos<\/h3>\r\nA globaliza\u00e7\u00e3o de produtos cria ou modifica um produto para que ele possa ser usado em v\u00e1rios idiomas e culturas. Esse processo normalmente resulta em modifica\u00e7\u00f5es nas interfaces do usu\u00e1rio, documentos t\u00e9cnicos, conte\u00fado de ajuda online, acordos legais, etc. Sendo assim, ele pode envolver materiais extremamente complexos, como patentes, direitos autorais, contratos e muito mais.\r\n\r\nA globaliza\u00e7\u00e3o de produtos tamb\u00e9m pode significar adaptar programas de software a uma cultura local, traduzir qualquer texto \u201cutiliz\u00e1vel\u201d para o idioma local e modificar determinado conte\u00fado para que funcione no ambiente local (como padr\u00f5es el\u00e9tricos ou sistemas de medidas).\r\n<h3>Globaliza\u00e7\u00e3o de conte\u00fado<\/h3>\r\nA globaliza\u00e7\u00e3o de conte\u00fado refere-se especificamente \u00e0 adapta\u00e7\u00e3o de determinado conte\u00fado para seu uso em um ambiente internacional. Tipos especiais de conte\u00fado que podem ser uma prioridade para a globaliza\u00e7\u00e3o podem incluir conte\u00fado online, m\u00f3dulos de e-learning, embalagens, documenta\u00e7\u00e3o t\u00e9cnica e texto da interface do usu\u00e1rio \u2013 todos os elementos mais importantes para os seus usu\u00e1rios.\r\n\r\nComo esse conte\u00fado pode mudar regularmente, a <em>Trusted Translations<\/em> ir\u00e1 trabalhar com as suas equipes de desenvolvimento de produtos para garantir que sua organiza\u00e7\u00e3o possa atualizar o texto de maneira uniforme e consistente em todas as plataformas de m\u00eddia, idiomas e p\u00fablico-alvo.\r\n<h3>Globaliza\u00e7\u00e3o em espanhol<\/h3>\r\nA globaliza\u00e7\u00e3o em espanhol prepara um produto para ser lan\u00e7ado em todos os pa\u00edses que falam espanhol no mundo. Apesar de terem um idioma em comum, cada pa\u00eds que fala espanhol tem suas particularidades. A globaliza\u00e7\u00e3o em espanhol \u00e9 necess\u00e1ria para empresas que buscam seriamente adequar seus produtos e\/ou servi\u00e7os a cada mercado espec\u00edfico do idioma espanhol.\r\n\r\nA <em>Trusted Translations <\/em>desenvolveu uma experi\u00eancia \u00fanica na globaliza\u00e7\u00e3o de conte\u00fado em espanhol para o mercado hisp\u00e2nico dos EUA. Para mais informa\u00e7\u00f5es sobre nossos servi\u00e7os de localiza\u00e7\u00e3o em espanhol, entre em contato conosco ou visite nossa p\u00e1gina de <a href=\"https:\/\/www.trustedtranslations.com\/pt-br\/servicos\/humana\/localizacao\" target=\"_blank\" rel=\"noopener\"><em>Localiza\u00e7\u00e3o<\/em><\/a>."},"shortcode-map":{"type":"textfield","raw":""},"dyk-shortcode":{"type":"textfield","raw":"[elementor-template id=\"147273\"]"},"text-2":{"type":"textarea","raw":"<h2>Por que as empresas devem buscar a globaliza\u00e7\u00e3o?<\/h2>\r\nA globaliza\u00e7\u00e3o expande seu alcance de mercado, facilita a aceita\u00e7\u00e3o do produto e aumenta as vendas em seus mercados-alvo, geralmente aumentando o perfil de sua organiza\u00e7\u00e3o. \u00c0 medida que o mercado internacional esquenta, \u00e9 importante se manter competitivo trabalhando com especialistas do setor para desenvolver projetos de internacionaliza\u00e7\u00e3o e localiza\u00e7\u00e3o de primeira linha.\r\n\r\nEntre em contato com a <em>Trusted Translations<\/em> para saber mais sobre como podemos ajudar."},"state":{"type":"textfield","raw":""},"city":{"type":"textarea","raw":[]}}},"_links":{"self":[{"href":"https:\/\/www.trustedtranslations.com\/pt-br\/wp-json\/wp\/v2\/pages\/135031","targetHints":{"allow":["GET"]}}],"collection":[{"href":"https:\/\/www.trustedtranslations.com\/pt-br\/wp-json\/wp\/v2\/pages"}],"about":[{"href":"https:\/\/www.trustedtranslations.com\/pt-br\/wp-json\/wp\/v2\/types\/page"}],"author":[{"embeddable":true,"href":"https:\/\/www.trustedtranslations.com\/pt-br\/wp-json\/wp\/v2\/users\/1"}],"replies":[{"embeddable":true,"href":"https:\/\/www.trustedtranslations.com\/pt-br\/wp-json\/wp\/v2\/comments?post=135031"}],"version-history":[{"count":0,"href":"https:\/\/www.trustedtranslations.com\/pt-br\/wp-json\/wp\/v2\/pages\/135031\/revisions"}],"up":[{"embeddable":true,"href":"https:\/\/www.trustedtranslations.com\/pt-br\/wp-json\/wp\/v2\/pages\/134978"}],"wp:featuredmedia":[{"embeddable":true,"href":"https:\/\/www.trustedtranslations.com\/pt-br\/wp-json\/wp\/v2\/media\/235894"}],"wp:attachment":[{"href":"https:\/\/www.trustedtranslations.com\/pt-br\/wp-json\/wp\/v2\/media?parent=135031"}],"curies":[{"name":"wp","href":"https:\/\/api.w.org\/{rel}","templated":true}]}}