{"id":135034,"date":"2018-11-12T18:04:44","date_gmt":"2018-11-12T18:04:44","guid":{"rendered":"https:\/\/www.trustedtranslations.com\/?page_id=135034"},"modified":"2024-09-02T17:18:33","modified_gmt":"2024-09-02T20:18:33","slug":"edicao-e-revisao","status":"publish","type":"page","link":"https:\/\/www.trustedtranslations.com\/pt-br\/servicos\/humana\/edicao-e-revisao","title":{"rendered":"Edi\u00e7\u00e3o\/Revis\u00e3o"},"content":{"rendered":"","protected":false},"excerpt":{"rendered":"","protected":false},"author":1,"featured_media":235907,"parent":134978,"menu_order":10,"comment_status":"closed","ping_status":"closed","template":"","meta":{"site-sidebar-layout":"default","site-content-layout":"default","ast-site-content-layout":"default","site-content-style":"default","site-sidebar-style":"default","ast-global-header-display":"","ast-banner-title-visibility":"","ast-main-header-display":"","ast-hfb-above-header-display":"","ast-hfb-below-header-display":"","ast-hfb-mobile-header-display":"","site-post-title":"disabled","ast-breadcrumbs-content":"","ast-featured-img":"","footer-sml-layout":"","ast-disable-related-posts":"","theme-transparent-header-meta":"default","adv-header-id-meta":"","stick-header-meta":"","header-above-stick-meta":"","header-main-stick-meta":"","header-below-stick-meta":"","astra-migrate-meta-layouts":"set","ast-page-background-enabled":"default","ast-page-background-meta":{"desktop":{"background-color":"var(--ast-global-color-4)","background-image":"","background-repeat":"repeat","background-position":"center center","background-size":"auto","background-attachment":"scroll","background-type":"","background-media":"","overlay-type":"","overlay-color":"","overlay-opacity":"","overlay-gradient":""},"tablet":{"background-color":"","background-image":"","background-repeat":"repeat","background-position":"center center","background-size":"auto","background-attachment":"scroll","background-type":"","background-media":"","overlay-type":"","overlay-color":"","overlay-opacity":"","overlay-gradient":""},"mobile":{"background-color":"","background-image":"","background-repeat":"repeat","background-position":"center center","background-size":"auto","background-attachment":"scroll","background-type":"","background-media":"","overlay-type":"","overlay-color":"","overlay-opacity":"","overlay-gradient":""}},"ast-content-background-meta":{"desktop":{"background-color":"var(--ast-global-color-5)","background-image":"","background-repeat":"repeat","background-position":"center center","background-size":"auto","background-attachment":"scroll","background-type":"","background-media":"","overlay-type":"","overlay-color":"","overlay-opacity":"","overlay-gradient":""},"tablet":{"background-color":"var(--ast-global-color-5)","background-image":"","background-repeat":"repeat","background-position":"center center","background-size":"auto","background-attachment":"scroll","background-type":"","background-media":"","overlay-type":"","overlay-color":"","overlay-opacity":"","overlay-gradient":""},"mobile":{"background-color":"var(--ast-global-color-5)","background-image":"","background-repeat":"repeat","background-position":"center center","background-size":"auto","background-attachment":"scroll","background-type":"","background-media":"","overlay-type":"","overlay-color":"","overlay-opacity":"","overlay-gradient":""}},"footnotes":""},"class_list":["post-135034","page","type-page","status-publish","has-post-thumbnail","hentry"],"yoast_head":"<!-- This site is optimized with the Yoast SEO plugin v27.3 - https:\/\/yoast.com\/product\/yoast-seo-wordpress\/ -->\n<title>Servi\u00e7os de tradu\u00e7\u00e3o, revis\u00e3o e edi\u00e7\u00e3o - Trusted Translations, Inc.<\/title>\n<meta name=\"description\" content=\"Todos os projetos da Trusted Translations, Inc. passam por TEP (tradu\u00e7\u00e3o, edi\u00e7\u00e3o, revis\u00e3o). Tamb\u00e9m oferecemos revis\u00e3o e edi\u00e7\u00e3o para tradu\u00e7\u00f5es externas.\" \/>\n<meta name=\"robots\" content=\"index, follow, max-snippet:-1, max-image-preview:large, max-video-preview:-1\" \/>\n<link rel=\"canonical\" href=\"https:\/\/www.trustedtranslations.com\/pt-br\/servicos\/humana\/edicao-e-revisao\" \/>\n<meta property=\"og:locale\" content=\"pt_BR\" \/>\n<meta property=\"og:type\" content=\"article\" \/>\n<meta property=\"og:title\" content=\"Servi\u00e7os de tradu\u00e7\u00e3o, revis\u00e3o e edi\u00e7\u00e3o - Trusted Translations, Inc.\" \/>\n<meta property=\"og:description\" content=\"Todos os projetos da Trusted Translations, Inc. passam por TEP (tradu\u00e7\u00e3o, edi\u00e7\u00e3o, revis\u00e3o). Tamb\u00e9m oferecemos revis\u00e3o e edi\u00e7\u00e3o para tradu\u00e7\u00f5es externas.\" \/>\n<meta property=\"og:url\" content=\"https:\/\/www.trustedtranslations.com\/pt-br\/servicos\/humana\/edicao-e-revisao\" \/>\n<meta property=\"og:site_name\" content=\"Trusted Translations, Inc.\" \/>\n<meta property=\"article:publisher\" content=\"https:\/\/www.facebook.com\/Trusted.Translations\" \/>\n<meta property=\"article:modified_time\" content=\"2024-09-02T20:18:33+00:00\" \/>\n<meta property=\"og:image\" content=\"https:\/\/static.trustedtranslations.com\/wp-content\/uploads\/2024\/02\/TT-ICON_Translation-Editing-an.webp\" \/>\n\t<meta property=\"og:image:width\" content=\"150\" \/>\n\t<meta property=\"og:image:height\" content=\"151\" \/>\n\t<meta property=\"og:image:type\" content=\"image\/webp\" \/>\n<meta name=\"twitter:card\" content=\"summary_large_image\" \/>\n<meta name=\"twitter:site\" content=\"@TrustedT9ns\" \/>\n<script type=\"application\/ld+json\" class=\"yoast-schema-graph\">{\"@context\":\"https:\\\/\\\/schema.org\",\"@graph\":[{\"@type\":\"WebPage\",\"@id\":\"https:\\\/\\\/www.trustedtranslations.com\\\/pt-br\\\/servicos\\\/humana\\\/edicao-e-revisao\",\"url\":\"https:\\\/\\\/www.trustedtranslations.com\\\/pt-br\\\/servicos\\\/humana\\\/edicao-e-revisao\",\"name\":\"Servi\u00e7os de tradu\u00e7\u00e3o, revis\u00e3o e edi\u00e7\u00e3o - Trusted Translations, Inc.\",\"isPartOf\":{\"@id\":\"https:\\\/\\\/www.trustedtranslations.com\\\/pt-br\\\/#website\"},\"primaryImageOfPage\":{\"@id\":\"https:\\\/\\\/www.trustedtranslations.com\\\/pt-br\\\/servicos\\\/humana\\\/edicao-e-revisao#primaryimage\"},\"image\":{\"@id\":\"https:\\\/\\\/www.trustedtranslations.com\\\/pt-br\\\/servicos\\\/humana\\\/edicao-e-revisao#primaryimage\"},\"thumbnailUrl\":\"https:\\\/\\\/www.trustedtranslations.com\\\/wp-content\\\/uploads\\\/2024\\\/02\\\/TT-ICON_Translation-Editing-an.webp\",\"description\":\"Todos os projetos da Trusted Translations, Inc. passam por TEP (tradu\u00e7\u00e3o, edi\u00e7\u00e3o, revis\u00e3o). Tamb\u00e9m oferecemos revis\u00e3o e edi\u00e7\u00e3o para tradu\u00e7\u00f5es externas.\",\"breadcrumb\":{\"@id\":\"https:\\\/\\\/www.trustedtranslations.com\\\/pt-br\\\/servicos\\\/humana\\\/edicao-e-revisao#breadcrumb\"},\"inLanguage\":\"pt-BR\",\"potentialAction\":[{\"@type\":\"ReadAction\",\"target\":[\"https:\\\/\\\/www.trustedtranslations.com\\\/pt-br\\\/servicos\\\/humana\\\/edicao-e-revisao\"]}]},{\"@type\":\"ImageObject\",\"inLanguage\":\"pt-BR\",\"@id\":\"https:\\\/\\\/www.trustedtranslations.com\\\/pt-br\\\/servicos\\\/humana\\\/edicao-e-revisao#primaryimage\",\"url\":\"https:\\\/\\\/www.trustedtranslations.com\\\/wp-content\\\/uploads\\\/2024\\\/02\\\/TT-ICON_Translation-Editing-an.webp\",\"contentUrl\":\"https:\\\/\\\/www.trustedtranslations.com\\\/wp-content\\\/uploads\\\/2024\\\/02\\\/TT-ICON_Translation-Editing-an.webp\",\"width\":150,\"height\":151,\"caption\":\"TT ICON Translation Editing an\"},{\"@type\":\"BreadcrumbList\",\"@id\":\"https:\\\/\\\/www.trustedtranslations.com\\\/pt-br\\\/servicos\\\/humana\\\/edicao-e-revisao#breadcrumb\",\"itemListElement\":[{\"@type\":\"ListItem\",\"position\":1,\"name\":\"Home\",\"item\":\"https:\\\/\\\/www.trustedtranslations.com\\\/pt-br\"},{\"@type\":\"ListItem\",\"position\":2,\"name\":\"Servi\u00e7os\",\"item\":\"https:\\\/\\\/www.trustedtranslations.com\\\/pt-br\\\/servicos\"},{\"@type\":\"ListItem\",\"position\":3,\"name\":\"Tradu\u00e7\u00e3o humana\",\"item\":\"https:\\\/\\\/www.trustedtranslations.com\\\/pt-br\\\/servicos\\\/humana\"},{\"@type\":\"ListItem\",\"position\":4,\"name\":\"Edi\u00e7\u00e3o\\\/Revis\u00e3o\"}]},{\"@type\":\"WebSite\",\"@id\":\"https:\\\/\\\/www.trustedtranslations.com\\\/pt-br\\\/#website\",\"url\":\"https:\\\/\\\/www.trustedtranslations.com\\\/pt-br\\\/\",\"name\":\"Trusted Translations, Inc.\",\"description\":\"Leader in translation and interpretation services.\",\"publisher\":{\"@id\":\"https:\\\/\\\/www.trustedtranslations.com\\\/pt-br\\\/#organization\"},\"alternateName\":\"Trusted Translations\",\"potentialAction\":[{\"@type\":\"SearchAction\",\"target\":{\"@type\":\"EntryPoint\",\"urlTemplate\":\"https:\\\/\\\/www.trustedtranslations.com\\\/pt-br\\\/?s={search_term_string}\"},\"query-input\":{\"@type\":\"PropertyValueSpecification\",\"valueRequired\":true,\"valueName\":\"search_term_string\"}}],\"inLanguage\":\"pt-BR\"},{\"@type\":\"Organization\",\"@id\":\"https:\\\/\\\/www.trustedtranslations.com\\\/pt-br\\\/#organization\",\"name\":\"Trusted Translations\",\"alternateName\":\"Trusted Translations, Inc.\",\"url\":\"https:\\\/\\\/www.trustedtranslations.com\\\/pt-br\\\/\",\"logo\":{\"@type\":\"ImageObject\",\"inLanguage\":\"pt-BR\",\"@id\":\"https:\\\/\\\/www.trustedtranslations.com\\\/pt-br\\\/#\\\/schema\\\/logo\\\/image\\\/\",\"url\":\"https:\\\/\\\/static.trustedtranslations.com\\\/wp-content\\\/uploads\\\/2022\\\/01\\\/TT_logo_WSIColors-2.png\",\"contentUrl\":\"https:\\\/\\\/static.trustedtranslations.com\\\/wp-content\\\/uploads\\\/2022\\\/01\\\/TT_logo_WSIColors-2.png\",\"width\":500,\"height\":196,\"caption\":\"Trusted Translations\"},\"image\":{\"@id\":\"https:\\\/\\\/www.trustedtranslations.com\\\/pt-br\\\/#\\\/schema\\\/logo\\\/image\\\/\"},\"sameAs\":[\"https:\\\/\\\/www.facebook.com\\\/Trusted.Translations\",\"https:\\\/\\\/x.com\\\/TrustedT9ns\",\"https:\\\/\\\/www.linkedin.com\\\/company\\\/trusted-translations\"]}]}<\/script>\n<!-- \/ Yoast SEO plugin. -->","yoast_head_json":{"title":"Servi\u00e7os de tradu\u00e7\u00e3o, revis\u00e3o e edi\u00e7\u00e3o - Trusted Translations, Inc.","description":"Todos os projetos da Trusted Translations, Inc. passam por TEP (tradu\u00e7\u00e3o, edi\u00e7\u00e3o, revis\u00e3o). Tamb\u00e9m oferecemos revis\u00e3o e edi\u00e7\u00e3o para tradu\u00e7\u00f5es externas.","robots":{"index":"index","follow":"follow","max-snippet":"max-snippet:-1","max-image-preview":"max-image-preview:large","max-video-preview":"max-video-preview:-1"},"canonical":"https:\/\/www.trustedtranslations.com\/pt-br\/servicos\/humana\/edicao-e-revisao","og_locale":"pt_BR","og_type":"article","og_title":"Servi\u00e7os de tradu\u00e7\u00e3o, revis\u00e3o e edi\u00e7\u00e3o - Trusted Translations, Inc.","og_description":"Todos os projetos da Trusted Translations, Inc. passam por TEP (tradu\u00e7\u00e3o, edi\u00e7\u00e3o, revis\u00e3o). Tamb\u00e9m oferecemos revis\u00e3o e edi\u00e7\u00e3o para tradu\u00e7\u00f5es externas.","og_url":"https:\/\/www.trustedtranslations.com\/pt-br\/servicos\/humana\/edicao-e-revisao","og_site_name":"Trusted Translations, Inc.","article_publisher":"https:\/\/www.facebook.com\/Trusted.Translations","article_modified_time":"2024-09-02T20:18:33+00:00","og_image":[{"width":150,"height":151,"url":"https:\/\/static.trustedtranslations.com\/wp-content\/uploads\/2024\/02\/TT-ICON_Translation-Editing-an.webp","type":"image\/webp"}],"twitter_card":"summary_large_image","twitter_site":"@TrustedT9ns","schema":{"@context":"https:\/\/schema.org","@graph":[{"@type":"WebPage","@id":"https:\/\/www.trustedtranslations.com\/pt-br\/servicos\/humana\/edicao-e-revisao","url":"https:\/\/www.trustedtranslations.com\/pt-br\/servicos\/humana\/edicao-e-revisao","name":"Servi\u00e7os de tradu\u00e7\u00e3o, revis\u00e3o e edi\u00e7\u00e3o - Trusted Translations, Inc.","isPartOf":{"@id":"https:\/\/www.trustedtranslations.com\/pt-br\/#website"},"primaryImageOfPage":{"@id":"https:\/\/www.trustedtranslations.com\/pt-br\/servicos\/humana\/edicao-e-revisao#primaryimage"},"image":{"@id":"https:\/\/www.trustedtranslations.com\/pt-br\/servicos\/humana\/edicao-e-revisao#primaryimage"},"thumbnailUrl":"https:\/\/www.trustedtranslations.com\/wp-content\/uploads\/2024\/02\/TT-ICON_Translation-Editing-an.webp","description":"Todos os projetos da Trusted Translations, Inc. passam por TEP (tradu\u00e7\u00e3o, edi\u00e7\u00e3o, revis\u00e3o). Tamb\u00e9m oferecemos revis\u00e3o e edi\u00e7\u00e3o para tradu\u00e7\u00f5es externas.","breadcrumb":{"@id":"https:\/\/www.trustedtranslations.com\/pt-br\/servicos\/humana\/edicao-e-revisao#breadcrumb"},"inLanguage":"pt-BR","potentialAction":[{"@type":"ReadAction","target":["https:\/\/www.trustedtranslations.com\/pt-br\/servicos\/humana\/edicao-e-revisao"]}]},{"@type":"ImageObject","inLanguage":"pt-BR","@id":"https:\/\/www.trustedtranslations.com\/pt-br\/servicos\/humana\/edicao-e-revisao#primaryimage","url":"https:\/\/www.trustedtranslations.com\/wp-content\/uploads\/2024\/02\/TT-ICON_Translation-Editing-an.webp","contentUrl":"https:\/\/www.trustedtranslations.com\/wp-content\/uploads\/2024\/02\/TT-ICON_Translation-Editing-an.webp","width":150,"height":151,"caption":"TT ICON Translation Editing an"},{"@type":"BreadcrumbList","@id":"https:\/\/www.trustedtranslations.com\/pt-br\/servicos\/humana\/edicao-e-revisao#breadcrumb","itemListElement":[{"@type":"ListItem","position":1,"name":"Home","item":"https:\/\/www.trustedtranslations.com\/pt-br"},{"@type":"ListItem","position":2,"name":"Servi\u00e7os","item":"https:\/\/www.trustedtranslations.com\/pt-br\/servicos"},{"@type":"ListItem","position":3,"name":"Tradu\u00e7\u00e3o humana","item":"https:\/\/www.trustedtranslations.com\/pt-br\/servicos\/humana"},{"@type":"ListItem","position":4,"name":"Edi\u00e7\u00e3o\/Revis\u00e3o"}]},{"@type":"WebSite","@id":"https:\/\/www.trustedtranslations.com\/pt-br\/#website","url":"https:\/\/www.trustedtranslations.com\/pt-br\/","name":"Trusted Translations, Inc.","description":"Leader in translation and interpretation services.","publisher":{"@id":"https:\/\/www.trustedtranslations.com\/pt-br\/#organization"},"alternateName":"Trusted Translations","potentialAction":[{"@type":"SearchAction","target":{"@type":"EntryPoint","urlTemplate":"https:\/\/www.trustedtranslations.com\/pt-br\/?s={search_term_string}"},"query-input":{"@type":"PropertyValueSpecification","valueRequired":true,"valueName":"search_term_string"}}],"inLanguage":"pt-BR"},{"@type":"Organization","@id":"https:\/\/www.trustedtranslations.com\/pt-br\/#organization","name":"Trusted Translations","alternateName":"Trusted Translations, Inc.","url":"https:\/\/www.trustedtranslations.com\/pt-br\/","logo":{"@type":"ImageObject","inLanguage":"pt-BR","@id":"https:\/\/www.trustedtranslations.com\/pt-br\/#\/schema\/logo\/image\/","url":"https:\/\/static.trustedtranslations.com\/wp-content\/uploads\/2022\/01\/TT_logo_WSIColors-2.png","contentUrl":"https:\/\/static.trustedtranslations.com\/wp-content\/uploads\/2022\/01\/TT_logo_WSIColors-2.png","width":500,"height":196,"caption":"Trusted Translations"},"image":{"@id":"https:\/\/www.trustedtranslations.com\/pt-br\/#\/schema\/logo\/image\/"},"sameAs":["https:\/\/www.facebook.com\/Trusted.Translations","https:\/\/x.com\/TrustedT9ns","https:\/\/www.linkedin.com\/company\/trusted-translations"]}]}},"toolset-meta":{"dyk":{"mensaje-1":{"type":"textfield","raw":"Oferecemos servi\u00e7os de tradu\u00e7\u00f5es de documentos em todos os formatos, extens\u00f5es e idiomas."},"mensaje-2":{"type":"textfield","raw":"Nossos editores revisam n\u00e3o apenas a precis\u00e3o, mas tamb\u00e9m o contexto cultural, o estilo e a legibilidade."},"mensaje-3":{"type":"textfield","raw":"A edi\u00e7\u00e3o de alta qualidade ajudar\u00e1 a evitar altos custos com erros ou reimpress\u00f5es."},"mensaje-4":{"type":"textfield","raw":"Oferecemos a voc\u00ea prazos de entrega mais curtos, qualidade superior e os melhores pre\u00e7os."},"mensaje-5":{"type":"textfield","raw":""},"mensaje-6":{"type":"textfield","raw":""}},"single-page-template-fields":{"imgs-temp":{"type":"image","raw":["https:\/\/static.trustedtranslations.com\/wp-content\/uploads\/2024\/06\/services-final-6-1.webp"],"repeatable":[{"raw":"https:\/\/static.trustedtranslations.com\/wp-content\/uploads\/2024\/06\/services-final-6-1.webp"}]},"imgs-temp-cel":{"type":"image","raw":[""],"repeatable":[{"raw":""}]},"img-temp-one-cel":{"type":"image","raw":"https:\/\/static.trustedtranslations.com\/wp-content\/uploads\/2024\/06\/AdobeStock_459902324-5-1.webp","attachment_id":null},"quotes":{"type":"textarea","raw":"<h1 style=\"margin-bottom: 12px;\">Servi\u00e7os de tradu\u00e7\u00e3o, edi\u00e7\u00e3o e revis\u00e3o<\/h1>\r\nO pre\u00e7o por palavra da <em>Trusted Translations<\/em> para um servi\u00e7o completo de tradu\u00e7\u00e3o de alta qualidade inclui <strong>tradu\u00e7\u00e3o<\/strong>, <strong>edi\u00e7\u00e3o<\/strong> e <strong>revis\u00e3o<\/strong> (TEP), realizados por linguistas qualificados distintos. Al\u00e9m desse servi\u00e7o completo, tamb\u00e9m oferecemos outras op\u00e7\u00f5es personalizadas, com base nas finalidades espec\u00edficas de usabilidade, prazo de entrega e or\u00e7amento dos nossos clientes.\r\n\r\nAl\u00e9m disso, podemos oferecer servi\u00e7os de revis\u00e3o e edi\u00e7\u00e3o para tradu\u00e7\u00f5es realizadas por terceiros.\r\n<div style=\"margin-top: 2.5vw;\"><a class=\"tt-btn-main-cta\" href=\"https:\/\/www.trustedtranslations.com\/pt-br\/solicitud-orcamento\">Solicite um or\u00e7amento gratuito<\/a><\/div>"},"text-1":{"type":"textarea","raw":"<h2>Edi\u00e7\u00e3o e revis\u00e3o de documentos de outras fontes<\/h2>\r\nUm documento traduzido bem escrito e sem erros pode fazer toda a diferen\u00e7a, n\u00e3o apenas ao transmitir a mensagem correta, mas tamb\u00e9m ao melhorar sua reputa\u00e7\u00e3o.\r\n\r\nA <em>Trusted Translations<\/em> tamb\u00e9m pode trabalhar com textos traduzidos por outras fontes, para garantir uma melhor qualidade do produto final. Se voc\u00ea usou outra ag\u00eancia, um recurso interno ou apenas um amigo, nossos servi\u00e7os de edi\u00e7\u00e3o e revis\u00e3o ir\u00e3o garantir que voc\u00ea tenha a tradu\u00e7\u00e3o mais precisa, consistente, confi\u00e1vel e gramaticalmente limpa poss\u00edvel.\r\n<h2>Servi\u00e7os de edi\u00e7\u00e3o<\/h2>\r\nNa <em>Trusted Translations<\/em>, nosso servi\u00e7o de edi\u00e7\u00e3o profissional tem como objetivo identificar e resolver problemas em materiais previamente traduzidos. Se voc\u00ea quiser verificar novamente o texto traduzido, ou n\u00e3o estiver satisfeito com a tradu\u00e7\u00e3o original, a <em>Trusted Translations <\/em>tem editores especializados, prontos para revisar sua documenta\u00e7\u00e3o.\r\n\r\nTamb\u00e9m levaremos em conta novos dados ou considera\u00e7\u00f5es (como um novo mercado-alvo) e forneceremos um verdadeiro <a href=\"https:\/\/www.trustedtranslations.com\/pt-br\/servicos\/humana\/localizacao\"><strong>servi\u00e7o de localiza\u00e7\u00e3o<\/strong><\/a>, editando o texto para adapt\u00e1-lo a um determinado mercado local.\u00a0A <em>Trusted Translations<\/em> far\u00e1 uma revis\u00e3o completa da sua documenta\u00e7\u00e3o quanto \u00e0 precis\u00e3o, estilo, pontua\u00e7\u00e3o, poss\u00edveis problemas culturais, consist\u00eancia, gram\u00e1tica, legibilidade e muito mais. Os nossos servi\u00e7os de edi\u00e7\u00e3o s\u00e3o projetados para ajudar os nossos clientes em todas as etapas de um projeto. Tamb\u00e9m concordamos em trabalhar e coordenar com outras ag\u00eancias para garantir que voc\u00ea receba o produto final mais preciso e confi\u00e1vel poss\u00edvel.\r\n\r\nN\u00e3o corra o risco de publicar um documento que possa n\u00e3o estar pronto e verificado com 100% de precis\u00e3o. Ter que reimprimir, republicar e redistribuir um texto fica caro e pode prejudicar a sua credibilidade no seu mercado-alvo, sem mencionar o tempo significativo perdido no processo.\r\n\r\nA <em>Trusted Translations<\/em> fornecer\u00e1 a garantia extra que voc\u00ea precisa antes de pressionar o bot\u00e3o \"imprimir\"."},"shortcode-map":{"type":"textfield","raw":""},"dyk-shortcode":{"type":"textfield","raw":"[elementor-template id=\"147273\"]"},"text-2":{"type":"textarea","raw":"<h2>Servi\u00e7os de revis\u00e3o<\/h2>\r\nNa <em>Trusted Translations<\/em>, oferecemos o servi\u00e7o de revis\u00e3o mais abrangente dispon\u00edvel. A revis\u00e3o cuidadosa do tom e da coer\u00eancia do conte\u00fado \u00e9 o alicerce do nosso servi\u00e7o de revis\u00e3o, que inclui a an\u00e1lise da organiza\u00e7\u00e3o do conte\u00fado, a coer\u00eancia, o tom e o estilo do texto. Tamb\u00e9m verificamos se h\u00e1 erros ortogr\u00e1ficos, gramaticais, de pontua\u00e7\u00e3o e de uso de mai\u00fasculas\/min\u00fasculas.\r\n\r\nA revis\u00e3o \u00e9 diferente da edi\u00e7\u00e3o da tradu\u00e7\u00e3o, pois envolve revisar seu documento apenas no idioma de destino e apenas compar\u00e1-lo com o conte\u00fado de origem caso o significado n\u00e3o pare\u00e7a claro o suficiente para o leitor final.\r\n\r\nCaso tenha d\u00favidas sobre os servi\u00e7os de edi\u00e7\u00e3o ou revis\u00e3o da <em>Trusted Translations<\/em>, ou caso esteja em d\u00favida sobre qual dos dois seria o ideal para voc\u00ea, fale conosco hoje mesmo."},"state":{"type":"textfield","raw":""},"city":{"type":"textarea","raw":[]}}},"_links":{"self":[{"href":"https:\/\/www.trustedtranslations.com\/pt-br\/wp-json\/wp\/v2\/pages\/135034","targetHints":{"allow":["GET"]}}],"collection":[{"href":"https:\/\/www.trustedtranslations.com\/pt-br\/wp-json\/wp\/v2\/pages"}],"about":[{"href":"https:\/\/www.trustedtranslations.com\/pt-br\/wp-json\/wp\/v2\/types\/page"}],"author":[{"embeddable":true,"href":"https:\/\/www.trustedtranslations.com\/pt-br\/wp-json\/wp\/v2\/users\/1"}],"replies":[{"embeddable":true,"href":"https:\/\/www.trustedtranslations.com\/pt-br\/wp-json\/wp\/v2\/comments?post=135034"}],"version-history":[{"count":0,"href":"https:\/\/www.trustedtranslations.com\/pt-br\/wp-json\/wp\/v2\/pages\/135034\/revisions"}],"up":[{"embeddable":true,"href":"https:\/\/www.trustedtranslations.com\/pt-br\/wp-json\/wp\/v2\/pages\/134978"}],"wp:featuredmedia":[{"embeddable":true,"href":"https:\/\/www.trustedtranslations.com\/pt-br\/wp-json\/wp\/v2\/media\/235907"}],"wp:attachment":[{"href":"https:\/\/www.trustedtranslations.com\/pt-br\/wp-json\/wp\/v2\/media?parent=135034"}],"curies":[{"name":"wp","href":"https:\/\/api.w.org\/{rel}","templated":true}]}}