{"id":135039,"date":"2018-10-30T14:39:58","date_gmt":"2018-10-30T14:39:58","guid":{"rendered":"https:\/\/www.trustedtranslations.com\/?page_id=135039"},"modified":"2024-09-02T17:17:39","modified_gmt":"2024-09-02T20:17:39","slug":"asl","status":"publish","type":"page","link":"https:\/\/www.trustedtranslations.com\/pt-br\/servicos\/interpretacao-no-local\/asl","title":{"rendered":"ASL"},"content":{"rendered":"","protected":false},"excerpt":{"rendered":"","protected":false},"author":1,"featured_media":243691,"parent":135023,"menu_order":0,"comment_status":"closed","ping_status":"closed","template":"","meta":{"site-sidebar-layout":"default","site-content-layout":"default","ast-site-content-layout":"default","site-content-style":"default","site-sidebar-style":"default","ast-global-header-display":"","ast-banner-title-visibility":"","ast-main-header-display":"","ast-hfb-above-header-display":"","ast-hfb-below-header-display":"","ast-hfb-mobile-header-display":"","site-post-title":"disabled","ast-breadcrumbs-content":"","ast-featured-img":"","footer-sml-layout":"","theme-transparent-header-meta":"default","adv-header-id-meta":"","stick-header-meta":"","header-above-stick-meta":"","header-main-stick-meta":"","header-below-stick-meta":"","astra-migrate-meta-layouts":"set","ast-page-background-enabled":"default","ast-page-background-meta":{"desktop":{"background-color":"var(--ast-global-color-4)","background-image":"","background-repeat":"repeat","background-position":"center center","background-size":"auto","background-attachment":"scroll","background-type":"","background-media":"","overlay-type":"","overlay-color":"","overlay-opacity":"","overlay-gradient":""},"tablet":{"background-color":"","background-image":"","background-repeat":"repeat","background-position":"center center","background-size":"auto","background-attachment":"scroll","background-type":"","background-media":"","overlay-type":"","overlay-color":"","overlay-opacity":"","overlay-gradient":""},"mobile":{"background-color":"","background-image":"","background-repeat":"repeat","background-position":"center center","background-size":"auto","background-attachment":"scroll","background-type":"","background-media":"","overlay-type":"","overlay-color":"","overlay-opacity":"","overlay-gradient":""}},"ast-content-background-meta":{"desktop":{"background-color":"var(--ast-global-color-5)","background-image":"","background-repeat":"repeat","background-position":"center center","background-size":"auto","background-attachment":"scroll","background-type":"","background-media":"","overlay-type":"","overlay-color":"","overlay-opacity":"","overlay-gradient":""},"tablet":{"background-color":"var(--ast-global-color-5)","background-image":"","background-repeat":"repeat","background-position":"center center","background-size":"auto","background-attachment":"scroll","background-type":"","background-media":"","overlay-type":"","overlay-color":"","overlay-opacity":"","overlay-gradient":""},"mobile":{"background-color":"var(--ast-global-color-5)","background-image":"","background-repeat":"repeat","background-position":"center center","background-size":"auto","background-attachment":"scroll","background-type":"","background-media":"","overlay-type":"","overlay-color":"","overlay-opacity":"","overlay-gradient":""}},"footnotes":""},"class_list":["post-135039","page","type-page","status-publish","has-post-thumbnail","hentry"],"yoast_head":"<!-- This site is optimized with the Yoast SEO plugin v27.5 - https:\/\/yoast.com\/product\/yoast-seo-wordpress\/ -->\n<title>Servi\u00e7os de interpreta\u00e7\u00e3o de ASL e linguagem de sinais - Trusted Translations, Inc.<\/title>\n<meta name=\"description\" content=\"A Trusted Translations \u00e9 l\u00edder em servi\u00e7os de interpreta\u00e7\u00e3o da Linguagem Americana de Sinais (ASL) e linguagens de sinais. Entre em contato conosco para obter um or\u00e7amento gratuito de ASL ou de linguagens de sinais.\" \/>\n<meta name=\"robots\" content=\"index, follow, max-snippet:-1, max-image-preview:large, max-video-preview:-1\" \/>\n<link rel=\"canonical\" href=\"https:\/\/www.trustedtranslations.com\/pt-br\/servicos\/interpretacao-no-local\/asl\" \/>\n<meta property=\"og:locale\" content=\"pt_BR\" \/>\n<meta property=\"og:type\" content=\"article\" \/>\n<meta property=\"og:title\" content=\"Servi\u00e7os de interpreta\u00e7\u00e3o de ASL e linguagem de sinais - Trusted Translations, Inc.\" \/>\n<meta property=\"og:description\" content=\"A Trusted Translations \u00e9 l\u00edder em servi\u00e7os de interpreta\u00e7\u00e3o da Linguagem Americana de Sinais (ASL) e linguagens de sinais. Entre em contato conosco para obter um or\u00e7amento gratuito de ASL ou de linguagens de sinais.\" \/>\n<meta property=\"og:url\" content=\"https:\/\/www.trustedtranslations.com\/pt-br\/servicos\/interpretacao-no-local\/asl\" \/>\n<meta property=\"og:site_name\" content=\"Trusted Translations, Inc.\" \/>\n<meta property=\"article:publisher\" content=\"https:\/\/www.facebook.com\/Trusted.Translations\" \/>\n<meta property=\"article:modified_time\" content=\"2024-09-02T20:17:39+00:00\" \/>\n<meta property=\"og:image\" content=\"https:\/\/static.trustedtranslations.com\/wp-content\/uploads\/2022\/08\/TT_NEW_FB-1.png\" \/>\n\t<meta property=\"og:image:width\" content=\"1\" \/>\n\t<meta property=\"og:image:height\" content=\"1\" \/>\n\t<meta property=\"og:image:type\" content=\"image\/jpeg\" \/>\n<meta name=\"twitter:card\" content=\"summary_large_image\" \/>\n<meta name=\"twitter:site\" content=\"@TrustedT9ns\" \/>\n<script type=\"application\/ld+json\" class=\"yoast-schema-graph\">{\"@context\":\"https:\\\/\\\/schema.org\",\"@graph\":[{\"@type\":\"WebPage\",\"@id\":\"https:\\\/\\\/www.trustedtranslations.com\\\/pt-br\\\/servicos\\\/interpretacao-no-local\\\/asl\",\"url\":\"https:\\\/\\\/www.trustedtranslations.com\\\/pt-br\\\/servicos\\\/interpretacao-no-local\\\/asl\",\"name\":\"Servi\u00e7os de interpreta\u00e7\u00e3o de ASL e linguagem de sinais - Trusted Translations, Inc.\",\"isPartOf\":{\"@id\":\"https:\\\/\\\/www.trustedtranslations.com\\\/pt-br\\\/#website\"},\"primaryImageOfPage\":{\"@id\":\"https:\\\/\\\/www.trustedtranslations.com\\\/pt-br\\\/servicos\\\/interpretacao-no-local\\\/asl#primaryimage\"},\"image\":{\"@id\":\"https:\\\/\\\/www.trustedtranslations.com\\\/pt-br\\\/servicos\\\/interpretacao-no-local\\\/asl#primaryimage\"},\"thumbnailUrl\":\"https:\\\/\\\/www.trustedtranslations.com\\\/wp-content\\\/uploads\\\/2022\\\/08\\\/TT_NEW_FB-1.png\",\"description\":\"A Trusted Translations \u00e9 l\u00edder em servi\u00e7os de interpreta\u00e7\u00e3o da Linguagem Americana de Sinais (ASL) e linguagens de sinais. Entre em contato conosco para obter um or\u00e7amento gratuito de ASL ou de linguagens de sinais.\",\"breadcrumb\":{\"@id\":\"https:\\\/\\\/www.trustedtranslations.com\\\/pt-br\\\/servicos\\\/interpretacao-no-local\\\/asl#breadcrumb\"},\"inLanguage\":\"pt-BR\",\"potentialAction\":[{\"@type\":\"ReadAction\",\"target\":[\"https:\\\/\\\/www.trustedtranslations.com\\\/pt-br\\\/servicos\\\/interpretacao-no-local\\\/asl\"]}]},{\"@type\":\"ImageObject\",\"inLanguage\":\"pt-BR\",\"@id\":\"https:\\\/\\\/www.trustedtranslations.com\\\/pt-br\\\/servicos\\\/interpretacao-no-local\\\/asl#primaryimage\",\"url\":\"https:\\\/\\\/www.trustedtranslations.com\\\/wp-content\\\/uploads\\\/2022\\\/08\\\/TT_NEW_FB-1.png\",\"contentUrl\":\"https:\\\/\\\/www.trustedtranslations.com\\\/wp-content\\\/uploads\\\/2022\\\/08\\\/TT_NEW_FB-1.png\",\"caption\":\"TT NEW FB 1\"},{\"@type\":\"BreadcrumbList\",\"@id\":\"https:\\\/\\\/www.trustedtranslations.com\\\/pt-br\\\/servicos\\\/interpretacao-no-local\\\/asl#breadcrumb\",\"itemListElement\":[{\"@type\":\"ListItem\",\"position\":1,\"name\":\"Home\",\"item\":\"https:\\\/\\\/www.trustedtranslations.com\\\/pt-br\"},{\"@type\":\"ListItem\",\"position\":2,\"name\":\"Servi\u00e7os\",\"item\":\"https:\\\/\\\/www.trustedtranslations.com\\\/pt-br\\\/servicos\"},{\"@type\":\"ListItem\",\"position\":3,\"name\":\"Interpreta\u00e7\u00e3o presencial\",\"item\":\"https:\\\/\\\/www.trustedtranslations.com\\\/pt-br\\\/servicos\\\/interpretacao-no-local\"},{\"@type\":\"ListItem\",\"position\":4,\"name\":\"ASL\"}]},{\"@type\":\"WebSite\",\"@id\":\"https:\\\/\\\/www.trustedtranslations.com\\\/pt-br\\\/#website\",\"url\":\"https:\\\/\\\/www.trustedtranslations.com\\\/pt-br\\\/\",\"name\":\"Trusted Translations, Inc.\",\"description\":\"Leader in translation and interpretation services.\",\"publisher\":{\"@id\":\"https:\\\/\\\/www.trustedtranslations.com\\\/pt-br\\\/#organization\"},\"alternateName\":\"Trusted Translations\",\"potentialAction\":[{\"@type\":\"SearchAction\",\"target\":{\"@type\":\"EntryPoint\",\"urlTemplate\":\"https:\\\/\\\/www.trustedtranslations.com\\\/pt-br\\\/?s={search_term_string}\"},\"query-input\":{\"@type\":\"PropertyValueSpecification\",\"valueRequired\":true,\"valueName\":\"search_term_string\"}}],\"inLanguage\":\"pt-BR\"},{\"@type\":\"Organization\",\"@id\":\"https:\\\/\\\/www.trustedtranslations.com\\\/pt-br\\\/#organization\",\"name\":\"Trusted Translations\",\"alternateName\":\"Trusted Translations, Inc.\",\"url\":\"https:\\\/\\\/www.trustedtranslations.com\\\/pt-br\\\/\",\"logo\":{\"@type\":\"ImageObject\",\"inLanguage\":\"pt-BR\",\"@id\":\"https:\\\/\\\/www.trustedtranslations.com\\\/pt-br\\\/#\\\/schema\\\/logo\\\/image\\\/\",\"url\":\"https:\\\/\\\/static.trustedtranslations.com\\\/wp-content\\\/uploads\\\/2022\\\/01\\\/TT_logo_WSIColors-2.png\",\"contentUrl\":\"https:\\\/\\\/static.trustedtranslations.com\\\/wp-content\\\/uploads\\\/2022\\\/01\\\/TT_logo_WSIColors-2.png\",\"width\":500,\"height\":196,\"caption\":\"Trusted Translations\"},\"image\":{\"@id\":\"https:\\\/\\\/www.trustedtranslations.com\\\/pt-br\\\/#\\\/schema\\\/logo\\\/image\\\/\"},\"sameAs\":[\"https:\\\/\\\/www.facebook.com\\\/Trusted.Translations\",\"https:\\\/\\\/x.com\\\/TrustedT9ns\",\"https:\\\/\\\/www.linkedin.com\\\/company\\\/trusted-translations\"]}]}<\/script>\n<!-- \/ Yoast SEO plugin. -->","yoast_head_json":{"title":"Servi\u00e7os de interpreta\u00e7\u00e3o de ASL e linguagem de sinais - Trusted Translations, Inc.","description":"A Trusted Translations \u00e9 l\u00edder em servi\u00e7os de interpreta\u00e7\u00e3o da Linguagem Americana de Sinais (ASL) e linguagens de sinais. Entre em contato conosco para obter um or\u00e7amento gratuito de ASL ou de linguagens de sinais.","robots":{"index":"index","follow":"follow","max-snippet":"max-snippet:-1","max-image-preview":"max-image-preview:large","max-video-preview":"max-video-preview:-1"},"canonical":"https:\/\/www.trustedtranslations.com\/pt-br\/servicos\/interpretacao-no-local\/asl","og_locale":"pt_BR","og_type":"article","og_title":"Servi\u00e7os de interpreta\u00e7\u00e3o de ASL e linguagem de sinais - Trusted Translations, Inc.","og_description":"A Trusted Translations \u00e9 l\u00edder em servi\u00e7os de interpreta\u00e7\u00e3o da Linguagem Americana de Sinais (ASL) e linguagens de sinais. Entre em contato conosco para obter um or\u00e7amento gratuito de ASL ou de linguagens de sinais.","og_url":"https:\/\/www.trustedtranslations.com\/pt-br\/servicos\/interpretacao-no-local\/asl","og_site_name":"Trusted Translations, Inc.","article_publisher":"https:\/\/www.facebook.com\/Trusted.Translations","article_modified_time":"2024-09-02T20:17:39+00:00","og_image":[{"url":"https:\/\/static.trustedtranslations.com\/wp-content\/uploads\/2022\/08\/TT_NEW_FB-1.png","width":1,"height":1,"type":"image\/jpeg"}],"twitter_card":"summary_large_image","twitter_site":"@TrustedT9ns","schema":{"@context":"https:\/\/schema.org","@graph":[{"@type":"WebPage","@id":"https:\/\/www.trustedtranslations.com\/pt-br\/servicos\/interpretacao-no-local\/asl","url":"https:\/\/www.trustedtranslations.com\/pt-br\/servicos\/interpretacao-no-local\/asl","name":"Servi\u00e7os de interpreta\u00e7\u00e3o de ASL e linguagem de sinais - Trusted Translations, Inc.","isPartOf":{"@id":"https:\/\/www.trustedtranslations.com\/pt-br\/#website"},"primaryImageOfPage":{"@id":"https:\/\/www.trustedtranslations.com\/pt-br\/servicos\/interpretacao-no-local\/asl#primaryimage"},"image":{"@id":"https:\/\/www.trustedtranslations.com\/pt-br\/servicos\/interpretacao-no-local\/asl#primaryimage"},"thumbnailUrl":"https:\/\/www.trustedtranslations.com\/wp-content\/uploads\/2022\/08\/TT_NEW_FB-1.png","description":"A Trusted Translations \u00e9 l\u00edder em servi\u00e7os de interpreta\u00e7\u00e3o da Linguagem Americana de Sinais (ASL) e linguagens de sinais. Entre em contato conosco para obter um or\u00e7amento gratuito de ASL ou de linguagens de sinais.","breadcrumb":{"@id":"https:\/\/www.trustedtranslations.com\/pt-br\/servicos\/interpretacao-no-local\/asl#breadcrumb"},"inLanguage":"pt-BR","potentialAction":[{"@type":"ReadAction","target":["https:\/\/www.trustedtranslations.com\/pt-br\/servicos\/interpretacao-no-local\/asl"]}]},{"@type":"ImageObject","inLanguage":"pt-BR","@id":"https:\/\/www.trustedtranslations.com\/pt-br\/servicos\/interpretacao-no-local\/asl#primaryimage","url":"https:\/\/www.trustedtranslations.com\/wp-content\/uploads\/2022\/08\/TT_NEW_FB-1.png","contentUrl":"https:\/\/www.trustedtranslations.com\/wp-content\/uploads\/2022\/08\/TT_NEW_FB-1.png","caption":"TT NEW FB 1"},{"@type":"BreadcrumbList","@id":"https:\/\/www.trustedtranslations.com\/pt-br\/servicos\/interpretacao-no-local\/asl#breadcrumb","itemListElement":[{"@type":"ListItem","position":1,"name":"Home","item":"https:\/\/www.trustedtranslations.com\/pt-br"},{"@type":"ListItem","position":2,"name":"Servi\u00e7os","item":"https:\/\/www.trustedtranslations.com\/pt-br\/servicos"},{"@type":"ListItem","position":3,"name":"Interpreta\u00e7\u00e3o presencial","item":"https:\/\/www.trustedtranslations.com\/pt-br\/servicos\/interpretacao-no-local"},{"@type":"ListItem","position":4,"name":"ASL"}]},{"@type":"WebSite","@id":"https:\/\/www.trustedtranslations.com\/pt-br\/#website","url":"https:\/\/www.trustedtranslations.com\/pt-br\/","name":"Trusted Translations, Inc.","description":"Leader in translation and interpretation services.","publisher":{"@id":"https:\/\/www.trustedtranslations.com\/pt-br\/#organization"},"alternateName":"Trusted Translations","potentialAction":[{"@type":"SearchAction","target":{"@type":"EntryPoint","urlTemplate":"https:\/\/www.trustedtranslations.com\/pt-br\/?s={search_term_string}"},"query-input":{"@type":"PropertyValueSpecification","valueRequired":true,"valueName":"search_term_string"}}],"inLanguage":"pt-BR"},{"@type":"Organization","@id":"https:\/\/www.trustedtranslations.com\/pt-br\/#organization","name":"Trusted Translations","alternateName":"Trusted Translations, Inc.","url":"https:\/\/www.trustedtranslations.com\/pt-br\/","logo":{"@type":"ImageObject","inLanguage":"pt-BR","@id":"https:\/\/www.trustedtranslations.com\/pt-br\/#\/schema\/logo\/image\/","url":"https:\/\/static.trustedtranslations.com\/wp-content\/uploads\/2022\/01\/TT_logo_WSIColors-2.png","contentUrl":"https:\/\/static.trustedtranslations.com\/wp-content\/uploads\/2022\/01\/TT_logo_WSIColors-2.png","width":500,"height":196,"caption":"Trusted Translations"},"image":{"@id":"https:\/\/www.trustedtranslations.com\/pt-br\/#\/schema\/logo\/image\/"},"sameAs":["https:\/\/www.facebook.com\/Trusted.Translations","https:\/\/x.com\/TrustedT9ns","https:\/\/www.linkedin.com\/company\/trusted-translations"]}]}},"toolset-meta":{"dyk":{"mensaje-1":{"type":"textfield","raw":"Oferecemos uma consulta gratuita para determinar os servi\u00e7os ASL que melhor atender\u00e3o suas necessidades."},"mensaje-2":{"type":"textfield","raw":""},"mensaje-3":{"type":"textfield","raw":""},"mensaje-4":{"type":"textfield","raw":"Pelo menos meio milh\u00e3o de pessoas nos EUA usam a linguagem de sinais como sua principal comunica\u00e7\u00e3o."},"mensaje-5":{"type":"textfield","raw":""},"mensaje-6":{"type":"textfield","raw":""}},"single-page-template-fields":{"imgs-temp":{"type":"image","raw":["https:\/\/static.trustedtranslations.com\/wp-content\/uploads\/2024\/07\/services-final-4-1.webp"],"repeatable":[{"raw":"https:\/\/static.trustedtranslations.com\/wp-content\/uploads\/2024\/07\/services-final-4-1.webp"}]},"imgs-temp-cel":{"type":"image","raw":[""],"repeatable":[{"raw":""}]},"img-temp-one-cel":{"type":"image","raw":"https:\/\/static.trustedtranslations.com\/wp-content\/uploads\/2024\/07\/AdobeStock_381182014-3-1.webp","attachment_id":null},"quotes":{"type":"textarea","raw":"<h1 style=\"margin-bottom: 12px;\">Servi\u00e7os de interpreta\u00e7\u00e3o de ASL e linguagem de sinais<\/h1><p>A <em>Trusted Translations<\/em> tem uma divis\u00e3o especializada que se concentra nos servi\u00e7os de interpreta\u00e7\u00e3o da linguagem americana de sinais (ASL) e linguagens de sinais. A nossa Divis\u00e3o de ASL e linguagens de sinais \u00e9 especializada em todas as nuances relacionadas ao fornecimento desse importante servi\u00e7o e trabalha em estreita colabora\u00e7\u00e3o com cada cliente para garantir total satisfa\u00e7\u00e3o.<\/p><div style=\"margin-top: 2.5vw;\"><a class=\"tt-btn-main-cta\" href=\"https:\/\/www.trustedtranslations.com\/pt-br\/solicitud-orcamento\">Solicite um or\u00e7amento gratuito<\/a><\/div>"},"text-1":{"type":"textarea","raw":"<h2>Servi\u00e7os de interpreta\u00e7\u00e3o profissional de linguagem de sinais e ASL<\/h2>\r\nAderimos aos mais altos padr\u00f5es do setor para o fornecimento de servi\u00e7os de ASL e linguagens de sinais. Quer necessite de servi\u00e7os de ASL consecutiva ou simult\u00e2nea ou outros servi\u00e7os de interpreta\u00e7\u00e3o de linguagens de sinais, forneceremos uma solu\u00e7\u00e3o profissional, de alta qualidade e econ\u00f4mica.\r\n<h2>O que \u00e9 ASL?<\/h2>\r\nASL \u00e9 a sigla em ingl\u00eas para Linguagem Americana de Sinais, uma linguagem que se comunica atrav\u00e9s do uso de sinais manuais acompanhados de express\u00f5es faciais, movimentos corporais e linguagem corporal geral. ASL \u00e9 o idioma principal das comunidades de surdos e pessoas com defici\u00eancia auditiva nos Estados Unidos, nas regi\u00f5es de l\u00edngua inglesa do Canad\u00e1 e em algumas partes do M\u00e9xico. Assim como muitos idiomas falados, a ASL cont\u00e9m v\u00e1rias varia\u00e7\u00f5es regionais nos EUA e no Canad\u00e1.\r\nA <em>Trusted Translations<\/em> est\u00e1 bem familiarizada com todas as particularidades da ASL. Nossos int\u00e9rpretes certificados de ASL est\u00e3o prontos para lidar com suas necessidades de interpreta\u00e7\u00e3o de ASL de forma eficaz, com a riqueza de conhecimento e experi\u00eancia necess\u00e1rias para fornecer interpreta\u00e7\u00f5es precisas e confi\u00e1veis.\r\n<h2>Diferen\u00e7a entre ASL e linguagem de sinais do ingl\u00eas<\/h2>\r\nApesar de serem bastante confundidas, a ASL e a linguagem de sinais do ingl\u00eas n\u00e3o s\u00e3o a mesma coisa. A linguagem de sinais do ingl\u00eas (SEE) \u00e9 um sistema de comunica\u00e7\u00e3o que tenta seguir exatamente a gram\u00e1tica do ingl\u00eas, combinando cada palavra de uma frase falada com um sinal. A ASL, por sua vez, \u00e9 uma linguagem \u00fanica, com sua pr\u00f3pria gram\u00e1tica e sintaxe. Essa diferen\u00e7a principal \u00e9 aparente na ordem das palavras e na estrutura das frases dos dois idiomas.\r\nUma frase ASL t\u00edpica seria gramaticalmente incorreta se traduzida para o ingl\u00eas, e a ASL \u00e9 amplamente preferida por adultos surdos nos EUA. O forte dom\u00ednio da ASL e do ingl\u00eas que nossos int\u00e9rpretes possuem garante uma interpreta\u00e7\u00e3o de qualidade e confi\u00e1vel."},"shortcode-map":{"type":"textfield","raw":""},"dyk-shortcode":{"type":"textfield","raw":"[elementor-template id=\"147273\"]"},"text-2":{"type":"textarea","raw":"<h2>Servi\u00e7os tril\u00edngues de interpreta\u00e7\u00e3o de ASL<\/h2>\r\nNo ambiente globalizado de hoje, os servi\u00e7os de interpreta\u00e7\u00e3o de ASL em tr\u00eas idiomas est\u00e3o se tornando cada vez mais importantes. A interpreta\u00e7\u00e3o tril\u00edngue envolve interpretar a ASL de e para mais de um idioma falado. Em outras palavras, o int\u00e9rprete \u00e9 fluente em ASL e em mais de um idioma falado. Esse servi\u00e7o \u00e9 particularmente comum em \u00e1reas com uma alta popula\u00e7\u00e3o de l\u00edngua espanhola, onde ter dois int\u00e9rpretes de ASL separados (um para ingl\u00eas e outro para espanhol) n\u00e3o \u00e9 conveniente ou economicamente vi\u00e1vel.\r\n<h2>Tarifas e pre\u00e7os de interpreta\u00e7\u00e3o de ASL<\/h2>\r\nNa <em>Trusted Translations<\/em>, fornecemos servi\u00e7os de ASL e de linguagens de sinais a pre\u00e7os competitivos, mantendo o n\u00edvel de qualidade que os clientes esperam.\r\n\r\nOs servi\u00e7os de ASL s\u00e3o normalmente cobrados por hora por int\u00e9rprete, com um n\u00famero m\u00ednimo de horas de trabalho por dia. Dadas as exig\u00eancias f\u00edsicas relacionadas \u00e0 realiza\u00e7\u00e3o de servi\u00e7os de linguagem de sinais e ASL, muitas vezes \u00e9 necess\u00e1rio trabalhar em equipes de duas pessoas para permitir que cada int\u00e9rprete descanse. Ter equipes para sess\u00f5es intensas ou longas n\u00e3o apenas garante uma interpreta\u00e7\u00e3o de maior qualidade, mas tamb\u00e9m isso pode ser necess\u00e1rio para garantir o bem-estar do int\u00e9rprete.\r\n\r\nNa <em>Trusted Translations<\/em>, equilibramos a necessidade de fornecer pre\u00e7os competitivos com a qualidade da interpreta\u00e7\u00e3o, assim como pensamos na sa\u00fade de nossos int\u00e9rpretes. Os nossos especialistas podem fornecer uma consulta gratuita para avaliar se mais de um int\u00e9rprete de ASL ou de linguagem de sinais ser\u00e3o necess\u00e1rios para o seu projeto. Entre em contato conosco hoje mesmo se tiver alguma d\u00favida sobre o processo de ASL ou se desejar um or\u00e7amento gratuito de ASL ou de linguagens de sinais."},"state":{"type":"textfield","raw":""},"city":{"type":"textarea","raw":[]}}},"_links":{"self":[{"href":"https:\/\/www.trustedtranslations.com\/pt-br\/wp-json\/wp\/v2\/pages\/135039","targetHints":{"allow":["GET"]}}],"collection":[{"href":"https:\/\/www.trustedtranslations.com\/pt-br\/wp-json\/wp\/v2\/pages"}],"about":[{"href":"https:\/\/www.trustedtranslations.com\/pt-br\/wp-json\/wp\/v2\/types\/page"}],"author":[{"embeddable":true,"href":"https:\/\/www.trustedtranslations.com\/pt-br\/wp-json\/wp\/v2\/users\/1"}],"replies":[{"embeddable":true,"href":"https:\/\/www.trustedtranslations.com\/pt-br\/wp-json\/wp\/v2\/comments?post=135039"}],"version-history":[{"count":0,"href":"https:\/\/www.trustedtranslations.com\/pt-br\/wp-json\/wp\/v2\/pages\/135039\/revisions"}],"up":[{"embeddable":true,"href":"https:\/\/www.trustedtranslations.com\/pt-br\/wp-json\/wp\/v2\/pages\/135023"}],"wp:featuredmedia":[{"embeddable":true,"href":"https:\/\/www.trustedtranslations.com\/pt-br\/wp-json\/wp\/v2\/media\/243691"}],"wp:attachment":[{"href":"https:\/\/www.trustedtranslations.com\/pt-br\/wp-json\/wp\/v2\/media?parent=135039"}],"curies":[{"name":"wp","href":"https:\/\/api.w.org\/{rel}","templated":true}]}}