{"id":135046,"date":"2018-10-26T11:51:23","date_gmt":"2018-10-26T11:51:23","guid":{"rendered":"https:\/\/www.trustedtranslations.com\/?page_id=135046"},"modified":"2024-11-06T16:28:34","modified_gmt":"2024-11-06T19:28:34","slug":"multilingue","status":"publish","type":"page","link":"https:\/\/www.trustedtranslations.com\/pt-br\/idioma\/multilingue","title":{"rendered":"Multil\u00edngue"},"content":{"rendered":"","protected":false},"excerpt":{"rendered":"","protected":false},"author":1,"featured_media":139632,"parent":135078,"menu_order":0,"comment_status":"closed","ping_status":"closed","template":"","meta":{"site-sidebar-layout":"default","site-content-layout":"default","ast-site-content-layout":"default","site-content-style":"default","site-sidebar-style":"default","ast-global-header-display":"","ast-banner-title-visibility":"","ast-main-header-display":"","ast-hfb-above-header-display":"","ast-hfb-below-header-display":"","ast-hfb-mobile-header-display":"","site-post-title":"disabled","ast-breadcrumbs-content":"","ast-featured-img":"","footer-sml-layout":"","theme-transparent-header-meta":"default","adv-header-id-meta":"","stick-header-meta":"","header-above-stick-meta":"","header-main-stick-meta":"","header-below-stick-meta":"","astra-migrate-meta-layouts":"set","ast-page-background-enabled":"default","ast-page-background-meta":{"desktop":{"background-color":"var(--ast-global-color-4)","background-image":"","background-repeat":"repeat","background-position":"center center","background-size":"auto","background-attachment":"scroll","background-type":"","background-media":"","overlay-type":"","overlay-color":"","overlay-opacity":"","overlay-gradient":""},"tablet":{"background-color":"","background-image":"","background-repeat":"repeat","background-position":"center center","background-size":"auto","background-attachment":"scroll","background-type":"","background-media":"","overlay-type":"","overlay-color":"","overlay-opacity":"","overlay-gradient":""},"mobile":{"background-color":"","background-image":"","background-repeat":"repeat","background-position":"center center","background-size":"auto","background-attachment":"scroll","background-type":"","background-media":"","overlay-type":"","overlay-color":"","overlay-opacity":"","overlay-gradient":""}},"ast-content-background-meta":{"desktop":{"background-color":"var(--ast-global-color-5)","background-image":"","background-repeat":"repeat","background-position":"center center","background-size":"auto","background-attachment":"scroll","background-type":"","background-media":"","overlay-type":"","overlay-color":"","overlay-opacity":"","overlay-gradient":""},"tablet":{"background-color":"var(--ast-global-color-5)","background-image":"","background-repeat":"repeat","background-position":"center center","background-size":"auto","background-attachment":"scroll","background-type":"","background-media":"","overlay-type":"","overlay-color":"","overlay-opacity":"","overlay-gradient":""},"mobile":{"background-color":"var(--ast-global-color-5)","background-image":"","background-repeat":"repeat","background-position":"center center","background-size":"auto","background-attachment":"scroll","background-type":"","background-media":"","overlay-type":"","overlay-color":"","overlay-opacity":"","overlay-gradient":""}},"footnotes":""},"class_list":["post-135046","page","type-page","status-publish","has-post-thumbnail","hentry"],"yoast_head":"<!-- This site is optimized with the Yoast SEO plugin v27.5 - https:\/\/yoast.com\/product\/yoast-seo-wordpress\/ -->\n<title>Tradu\u00e7\u00e3o multil\u00edngue: Trusted Translations<\/title>\n<meta name=\"description\" content=\"Servi\u00e7os de tradu\u00e7\u00e3o multil\u00edngue em mais de 140 idiomas, feitos por equipes de tradutores especializados, com os melhores pre\u00e7os. Solicite uma consulta ou or\u00e7amento gratuitos.\" \/>\n<meta name=\"robots\" content=\"index, follow, max-snippet:-1, max-image-preview:large, max-video-preview:-1\" \/>\n<link rel=\"canonical\" href=\"https:\/\/www.trustedtranslations.com\/pt-br\/idioma\/multilingue\" \/>\n<meta property=\"og:locale\" content=\"pt_BR\" \/>\n<meta property=\"og:type\" content=\"article\" \/>\n<meta property=\"og:title\" content=\"Tradu\u00e7\u00e3o multil\u00edngue: Trusted Translations\" \/>\n<meta property=\"og:description\" content=\"Servi\u00e7os de tradu\u00e7\u00e3o multil\u00edngue em mais de 140 idiomas, feitos por equipes de tradutores especializados, com os melhores pre\u00e7os. Solicite uma consulta ou or\u00e7amento gratuitos.\" \/>\n<meta property=\"og:url\" content=\"https:\/\/www.trustedtranslations.com\/pt-br\/idioma\/multilingue\" \/>\n<meta property=\"og:site_name\" content=\"Trusted Translations, Inc.\" \/>\n<meta property=\"article:publisher\" content=\"https:\/\/www.facebook.com\/Trusted.Translations\" \/>\n<meta property=\"article:modified_time\" content=\"2024-11-06T19:28:34+00:00\" \/>\n<meta property=\"og:image\" content=\"https:\/\/static.trustedtranslations.com\/wp-content\/uploads\/2022\/03\/TT_NEW_FB-1.png\" \/>\n\t<meta property=\"og:image:width\" content=\"1038\" \/>\n\t<meta property=\"og:image:height\" content=\"1038\" \/>\n\t<meta property=\"og:image:type\" content=\"image\/png\" \/>\n<meta name=\"twitter:card\" content=\"summary_large_image\" \/>\n<meta name=\"twitter:site\" content=\"@TrustedT9ns\" \/>\n<script type=\"application\/ld+json\" class=\"yoast-schema-graph\">{\"@context\":\"https:\\\/\\\/schema.org\",\"@graph\":[{\"@type\":\"WebPage\",\"@id\":\"https:\\\/\\\/www.trustedtranslations.com\\\/pt-br\\\/idioma\\\/multilingue\",\"url\":\"https:\\\/\\\/www.trustedtranslations.com\\\/pt-br\\\/idioma\\\/multilingue\",\"name\":\"Tradu\u00e7\u00e3o multil\u00edngue: Trusted Translations\",\"isPartOf\":{\"@id\":\"https:\\\/\\\/www.trustedtranslations.com\\\/pt-br\\\/#website\"},\"primaryImageOfPage\":{\"@id\":\"https:\\\/\\\/www.trustedtranslations.com\\\/pt-br\\\/idioma\\\/multilingue#primaryimage\"},\"image\":{\"@id\":\"https:\\\/\\\/www.trustedtranslations.com\\\/pt-br\\\/idioma\\\/multilingue#primaryimage\"},\"thumbnailUrl\":\"https:\\\/\\\/www.trustedtranslations.com\\\/wp-content\\\/uploads\\\/2022\\\/03\\\/TT_NEW_FB-1.png\",\"description\":\"Servi\u00e7os de tradu\u00e7\u00e3o multil\u00edngue em mais de 140 idiomas, feitos por equipes de tradutores especializados, com os melhores pre\u00e7os. Solicite uma consulta ou or\u00e7amento gratuitos.\",\"breadcrumb\":{\"@id\":\"https:\\\/\\\/www.trustedtranslations.com\\\/pt-br\\\/idioma\\\/multilingue#breadcrumb\"},\"inLanguage\":\"pt-BR\",\"potentialAction\":[{\"@type\":\"ReadAction\",\"target\":[\"https:\\\/\\\/www.trustedtranslations.com\\\/pt-br\\\/idioma\\\/multilingue\"]}]},{\"@type\":\"ImageObject\",\"inLanguage\":\"pt-BR\",\"@id\":\"https:\\\/\\\/www.trustedtranslations.com\\\/pt-br\\\/idioma\\\/multilingue#primaryimage\",\"url\":\"https:\\\/\\\/www.trustedtranslations.com\\\/wp-content\\\/uploads\\\/2022\\\/03\\\/TT_NEW_FB-1.png\",\"contentUrl\":\"https:\\\/\\\/www.trustedtranslations.com\\\/wp-content\\\/uploads\\\/2022\\\/03\\\/TT_NEW_FB-1.png\",\"width\":1038,\"height\":1038,\"caption\":\"TT NEW FB 1\"},{\"@type\":\"BreadcrumbList\",\"@id\":\"https:\\\/\\\/www.trustedtranslations.com\\\/pt-br\\\/idioma\\\/multilingue#breadcrumb\",\"itemListElement\":[{\"@type\":\"ListItem\",\"position\":1,\"name\":\"Home\",\"item\":\"https:\\\/\\\/www.trustedtranslations.com\\\/pt-br\"},{\"@type\":\"ListItem\",\"position\":2,\"name\":\"Idiomas\",\"item\":\"https:\\\/\\\/www.trustedtranslations.com\\\/pt-br\\\/idioma\"},{\"@type\":\"ListItem\",\"position\":3,\"name\":\"Multil\u00edngue\"}]},{\"@type\":\"WebSite\",\"@id\":\"https:\\\/\\\/www.trustedtranslations.com\\\/pt-br\\\/#website\",\"url\":\"https:\\\/\\\/www.trustedtranslations.com\\\/pt-br\\\/\",\"name\":\"Trusted Translations, Inc.\",\"description\":\"Leader in translation and interpretation services.\",\"publisher\":{\"@id\":\"https:\\\/\\\/www.trustedtranslations.com\\\/pt-br\\\/#organization\"},\"alternateName\":\"Trusted Translations\",\"potentialAction\":[{\"@type\":\"SearchAction\",\"target\":{\"@type\":\"EntryPoint\",\"urlTemplate\":\"https:\\\/\\\/www.trustedtranslations.com\\\/pt-br\\\/?s={search_term_string}\"},\"query-input\":{\"@type\":\"PropertyValueSpecification\",\"valueRequired\":true,\"valueName\":\"search_term_string\"}}],\"inLanguage\":\"pt-BR\"},{\"@type\":\"Organization\",\"@id\":\"https:\\\/\\\/www.trustedtranslations.com\\\/pt-br\\\/#organization\",\"name\":\"Trusted Translations\",\"alternateName\":\"Trusted Translations, Inc.\",\"url\":\"https:\\\/\\\/www.trustedtranslations.com\\\/pt-br\\\/\",\"logo\":{\"@type\":\"ImageObject\",\"inLanguage\":\"pt-BR\",\"@id\":\"https:\\\/\\\/www.trustedtranslations.com\\\/pt-br\\\/#\\\/schema\\\/logo\\\/image\\\/\",\"url\":\"https:\\\/\\\/static.trustedtranslations.com\\\/wp-content\\\/uploads\\\/2022\\\/01\\\/TT_logo_WSIColors-2.png\",\"contentUrl\":\"https:\\\/\\\/static.trustedtranslations.com\\\/wp-content\\\/uploads\\\/2022\\\/01\\\/TT_logo_WSIColors-2.png\",\"width\":500,\"height\":196,\"caption\":\"Trusted Translations\"},\"image\":{\"@id\":\"https:\\\/\\\/www.trustedtranslations.com\\\/pt-br\\\/#\\\/schema\\\/logo\\\/image\\\/\"},\"sameAs\":[\"https:\\\/\\\/www.facebook.com\\\/Trusted.Translations\",\"https:\\\/\\\/x.com\\\/TrustedT9ns\",\"https:\\\/\\\/www.linkedin.com\\\/company\\\/trusted-translations\"]}]}<\/script>\n<!-- \/ Yoast SEO plugin. -->","yoast_head_json":{"title":"Tradu\u00e7\u00e3o multil\u00edngue: Trusted Translations","description":"Servi\u00e7os de tradu\u00e7\u00e3o multil\u00edngue em mais de 140 idiomas, feitos por equipes de tradutores especializados, com os melhores pre\u00e7os. Solicite uma consulta ou or\u00e7amento gratuitos.","robots":{"index":"index","follow":"follow","max-snippet":"max-snippet:-1","max-image-preview":"max-image-preview:large","max-video-preview":"max-video-preview:-1"},"canonical":"https:\/\/www.trustedtranslations.com\/pt-br\/idioma\/multilingue","og_locale":"pt_BR","og_type":"article","og_title":"Tradu\u00e7\u00e3o multil\u00edngue: Trusted Translations","og_description":"Servi\u00e7os de tradu\u00e7\u00e3o multil\u00edngue em mais de 140 idiomas, feitos por equipes de tradutores especializados, com os melhores pre\u00e7os. Solicite uma consulta ou or\u00e7amento gratuitos.","og_url":"https:\/\/www.trustedtranslations.com\/pt-br\/idioma\/multilingue","og_site_name":"Trusted Translations, Inc.","article_publisher":"https:\/\/www.facebook.com\/Trusted.Translations","article_modified_time":"2024-11-06T19:28:34+00:00","og_image":[{"width":1038,"height":1038,"url":"https:\/\/static.trustedtranslations.com\/wp-content\/uploads\/2022\/03\/TT_NEW_FB-1.png","type":"image\/png"}],"twitter_card":"summary_large_image","twitter_site":"@TrustedT9ns","schema":{"@context":"https:\/\/schema.org","@graph":[{"@type":"WebPage","@id":"https:\/\/www.trustedtranslations.com\/pt-br\/idioma\/multilingue","url":"https:\/\/www.trustedtranslations.com\/pt-br\/idioma\/multilingue","name":"Tradu\u00e7\u00e3o multil\u00edngue: Trusted Translations","isPartOf":{"@id":"https:\/\/www.trustedtranslations.com\/pt-br\/#website"},"primaryImageOfPage":{"@id":"https:\/\/www.trustedtranslations.com\/pt-br\/idioma\/multilingue#primaryimage"},"image":{"@id":"https:\/\/www.trustedtranslations.com\/pt-br\/idioma\/multilingue#primaryimage"},"thumbnailUrl":"https:\/\/www.trustedtranslations.com\/wp-content\/uploads\/2022\/03\/TT_NEW_FB-1.png","description":"Servi\u00e7os de tradu\u00e7\u00e3o multil\u00edngue em mais de 140 idiomas, feitos por equipes de tradutores especializados, com os melhores pre\u00e7os. Solicite uma consulta ou or\u00e7amento gratuitos.","breadcrumb":{"@id":"https:\/\/www.trustedtranslations.com\/pt-br\/idioma\/multilingue#breadcrumb"},"inLanguage":"pt-BR","potentialAction":[{"@type":"ReadAction","target":["https:\/\/www.trustedtranslations.com\/pt-br\/idioma\/multilingue"]}]},{"@type":"ImageObject","inLanguage":"pt-BR","@id":"https:\/\/www.trustedtranslations.com\/pt-br\/idioma\/multilingue#primaryimage","url":"https:\/\/www.trustedtranslations.com\/wp-content\/uploads\/2022\/03\/TT_NEW_FB-1.png","contentUrl":"https:\/\/www.trustedtranslations.com\/wp-content\/uploads\/2022\/03\/TT_NEW_FB-1.png","width":1038,"height":1038,"caption":"TT NEW FB 1"},{"@type":"BreadcrumbList","@id":"https:\/\/www.trustedtranslations.com\/pt-br\/idioma\/multilingue#breadcrumb","itemListElement":[{"@type":"ListItem","position":1,"name":"Home","item":"https:\/\/www.trustedtranslations.com\/pt-br"},{"@type":"ListItem","position":2,"name":"Idiomas","item":"https:\/\/www.trustedtranslations.com\/pt-br\/idioma"},{"@type":"ListItem","position":3,"name":"Multil\u00edngue"}]},{"@type":"WebSite","@id":"https:\/\/www.trustedtranslations.com\/pt-br\/#website","url":"https:\/\/www.trustedtranslations.com\/pt-br\/","name":"Trusted Translations, Inc.","description":"Leader in translation and interpretation services.","publisher":{"@id":"https:\/\/www.trustedtranslations.com\/pt-br\/#organization"},"alternateName":"Trusted Translations","potentialAction":[{"@type":"SearchAction","target":{"@type":"EntryPoint","urlTemplate":"https:\/\/www.trustedtranslations.com\/pt-br\/?s={search_term_string}"},"query-input":{"@type":"PropertyValueSpecification","valueRequired":true,"valueName":"search_term_string"}}],"inLanguage":"pt-BR"},{"@type":"Organization","@id":"https:\/\/www.trustedtranslations.com\/pt-br\/#organization","name":"Trusted Translations","alternateName":"Trusted Translations, Inc.","url":"https:\/\/www.trustedtranslations.com\/pt-br\/","logo":{"@type":"ImageObject","inLanguage":"pt-BR","@id":"https:\/\/www.trustedtranslations.com\/pt-br\/#\/schema\/logo\/image\/","url":"https:\/\/static.trustedtranslations.com\/wp-content\/uploads\/2022\/01\/TT_logo_WSIColors-2.png","contentUrl":"https:\/\/static.trustedtranslations.com\/wp-content\/uploads\/2022\/01\/TT_logo_WSIColors-2.png","width":500,"height":196,"caption":"Trusted Translations"},"image":{"@id":"https:\/\/www.trustedtranslations.com\/pt-br\/#\/schema\/logo\/image\/"},"sameAs":["https:\/\/www.facebook.com\/Trusted.Translations","https:\/\/x.com\/TrustedT9ns","https:\/\/www.linkedin.com\/company\/trusted-translations"]}]}},"toolset-meta":{"dyk":{"mensaje-1":{"type":"textfield","raw":"40% dos consumidores n\u00e3o ir\u00e3o comprar um produto ou servi\u00e7o a menos que esteja em seu pr\u00f3prio idioma."},"mensaje-2":{"type":"textfield","raw":""},"mensaje-3":{"type":"textfield","raw":""},"mensaje-4":{"type":"textfield","raw":"Cerca de 74% dos usu\u00e1rios de internet n\u00e3o s\u00e3o falantes nativos de ingl\u00eas."},"mensaje-5":{"type":"textfield","raw":""},"mensaje-6":{"type":"textfield","raw":""}},"single-page-template-fields":{"imgs-temp":{"type":"image","raw":["https:\/\/static.trustedtranslations.com\/wp-content\/uploads\/2024\/06\/multilingual-1.webp","https:\/\/static.trustedtranslations.com\/wp-content\/uploads\/2024\/06\/multilingual-2-1.webp","https:\/\/static.trustedtranslations.com\/wp-content\/uploads\/2024\/06\/multilingual-3-1.webp","https:\/\/static.trustedtranslations.com\/wp-content\/uploads\/2024\/06\/multilingual-4-1.webp"],"repeatable":[{"raw":"https:\/\/static.trustedtranslations.com\/wp-content\/uploads\/2024\/06\/multilingual-1.webp"},{"raw":"https:\/\/static.trustedtranslations.com\/wp-content\/uploads\/2024\/06\/multilingual-2-1.webp"},{"raw":"https:\/\/static.trustedtranslations.com\/wp-content\/uploads\/2024\/06\/multilingual-3-1.webp"},{"raw":"https:\/\/static.trustedtranslations.com\/wp-content\/uploads\/2024\/06\/multilingual-4-1.webp"}]},"imgs-temp-cel":{"type":"image","raw":[""],"repeatable":[{"raw":""}]},"img-temp-one-cel":{"type":"image","raw":"https:\/\/static.trustedtranslations.com\/wp-content\/uploads\/2024\/06\/AdobeStock_284692807-3-1.webp","attachment_id":null},"quotes":{"type":"textarea","raw":"<h1 style=\"margin-bottom: 12px;\">Servi\u00e7os de tradu\u00e7\u00e3o multil\u00edngue<\/h1>A Trusted Translations, l\u00edder reconhecida em servi\u00e7os de tradu\u00e7\u00e3o multil\u00edngue, atendeu \u00e0s necessidades de tradu\u00e7\u00e3o das principais organiza\u00e7\u00f5es internacionais em mais de 140 idiomas. Nossas equipes de especialistas fornecem a gama completa de servi\u00e7os de tradu\u00e7\u00e3o multil\u00edngue, incluindo tradu\u00e7\u00e3o de documentos, localiza\u00e7\u00e3o de sites, localiza\u00e7\u00e3o e globaliza\u00e7\u00e3o de software, dublagem e legendagem, e muito mais.<div style=\"margin-top: 2.5vw;\"><a class=\"tt-btn-main-cta\" href=\"\/pt-br\/solicitud-orcamento\">SOLICITE UM OR\u00c7AMENTO GRATUITO<\/a><\/div>"},"text-1":{"type":"textarea","raw":"<h2 style=\"margin-bottom:20px\">Hist\u00f3rico aprovado<\/h2>\r\nOrganiza\u00e7\u00f5es de renome mundial, como as Na\u00e7\u00f5es Unidas e a NASA, procuram a <em>Trusted Translations<\/em> por nossa capacidade de traduzir de e para v\u00e1rios idiomas. Diversas multinacionais tamb\u00e9m confiam na <em>Trusted Translations<\/em> para as suas complexas tradu\u00e7\u00f5es multil\u00edngues, incluindo Sony, Kyocera Mita, General Electric, Goodman Global, Kraft Foods Global, Toyota, State Farm, Delta Airlines, Coca-Cola, Citigroup, e muitas mais.\r\n<h2 style=\"margin-bottom:20px\">Qualidade que voc\u00ea pode confiar<\/h2>\r\nPara cada projeto de tradu\u00e7\u00e3o multil\u00edngue, usamos apenas tradutores experientes, com conhecimento especializado no conte\u00fado relevante. Empregamos o nosso procedimento exclusivo de verifica\u00e7\u00e3o tripla, que exige que cada tradu\u00e7\u00e3o seja revista por tr\u00eas recursos humanos especializados separadamente. O produto final \u00e9 examinado por um gerente de conte\u00fado, que garante que as informa\u00e7\u00f5es n\u00e3o estejam apenas traduzidas com precis\u00e3o, mas tamb\u00e9m que contenham a terminologia e a nomenclatura corretas espec\u00edficas do setor. Aderimos \u00e0s mais altas normas da ind\u00fastria, incluindo aquelas descritas pela ISO 9001:2000.\r\n<h2 style=\"margin-bottom:20px\">Pre\u00e7os altamente competitivos<\/h2>\r\nA nossa miss\u00e3o \u00e9 oferecer a voc\u00ea tradu\u00e7\u00f5es multil\u00edngue da mais alta qualidade, com os pre\u00e7os mais competitivos do mercado. Ter uma solu\u00e7\u00e3o \u00fanica para suas necessidades de tradu\u00e7\u00e3o n\u00e3o s\u00f3 economizar\u00e1 seu tempo, mas tamb\u00e9m o dinheiro da sua empresa.\r\n\r\nPor exemplo, ao contr\u00e1rio de muitos de nossos concorrentes, n\u00e3o cobramos \u201ctaxas de gest\u00e3o de projetos\u201d para contratos multil\u00edngues; isso pode significar uma economia de mais de 15% no valor total do seu projeto. Al\u00e9m disso, devido ao nosso uso eficiente de recursos internos e opera\u00e7\u00f5es simplificadas, nossos pre\u00e7os s\u00e3o de 25 a 50% menores que os dos nossos concorrentes. Podemos ajud\u00e1-lo a romper a barreira do idioma, transmitir a sua mensagem e facilitar a comunica\u00e7\u00e3o, tudo isso sem estourar seu or\u00e7amento."},"shortcode-map":{"type":"textfield","raw":""},"dyk-shortcode":{"type":"textfield","raw":"[elementor-template id=\"147273\"]"},"text-2":{"type":"textarea","raw":"<h2 style=\"margin-bottom:20px\">Tradu\u00e7\u00e3o de e para qualquer idioma<\/h2>\r\nA seguir, apresentamos uma lista de alguns dos idiomas com os quais trabalhamos regularmente:\r\n<ul>\r\n \t<li>\r\n<h3>Os 20 principais idiomas falados no mundo<\/h3>\r\n<\/li>\r\n<\/ul>\r\n<em><a href=\"https:\/\/www.trustedtranslations.com\/pt-br\/idioma\/chines\">Mandarim<\/a>, <a href=\"https:\/\/www.trustedtranslations.com\/pt-br\/idioma\/ingles\">ingl\u00eas<\/a>, <a href=\"https:\/\/trustedtranslations.com\/pt-br\/idioma\/espanhol\">espanhol<\/a>, <a href=\"https:\/\/www.trustedtranslations.com\/pt-br\/idioma\/hindi\">hindust\u00e2ni<\/a>, <a href=\"https:\/\/www.trustedtranslations.com\/pt-br\/idioma\/urdu\">\u00e1rabe<\/a>, <a href=\"https:\/\/www.trustedtranslations.com\/pt-br\/idioma\/portugues\">portugu\u00eas<\/a>, <a href=\"https:\/\/www.trustedtranslations.com\/pt-br\/idioma\/bengali\">bengali<\/a>, <a href=\"https:\/\/www.trustedtranslations.com\/pt-br\/idioma\/russo\">russo<\/a>, <a href=\"https:\/\/www.trustedtranslations.com\/pt-br\/idioma\/japones\">japon\u00eas<\/a>, <a href=\"https:\/\/www.trustedtranslations.com\/pt-br\/idioma\/alemao\">alem\u00e3o<\/a>, punjabi, <a href=\"https:\/\/www.trustedtranslations.com\/pt-br\/idioma\/frances\">franc\u00eas<\/a>, wu, javan\u00eas, telugo, <a href=\"https:\/\/www.trustedtranslations.com\/pt-br\/idioma\/marati\">marati<\/a>, <a href=\"https:\/\/www.trustedtranslations.com\/pt-br\/idioma\/vietnamita\">vietnamita<\/a>, <a href=\"https:\/\/www.trustedtranslations.com\/pt-br\/idioma\/coreano\">coreano<\/a>, t\u00e2mil, <a href=\"https:\/\/www.trustedtranslations.com\/pt-br\/idioma\/italiano\">italiano<\/a>.<\/em>\r\n<ul>\r\n \t<li>\r\n<h3>10 a 60 milh\u00f5es de falantes nativos<\/h3>\r\n<\/li>\r\n<\/ul>\r\n<em>Canton\u00eas, sindi, turco, min, guzerate, maitili, polon\u00eas, ucraniano, persa, malaiala, canarim, tamazigue (berbere), ori\u00e1, azerbaijano, hau\u00e7\u00e1, boiapuri, birman\u00eas, gan, tailand\u00eas, sudan\u00eas, romeno, hau\u00e7\u00e1, pachto, servo-croata, usbeque, holand\u00eas, iorub\u00e1, am\u00e1rico, oromo, indon\u00e9sio, filipino, idioma curdo, somali, laociano, cebuano, grego, malaio, igbo, malgaxe, nepal\u00eas, assam\u00eas, xona, khmer, zhuang, madur\u00eas, h\u00fangaro, cingal\u00eas, fula, tcheco.<\/em>\r\n<ul>\r\n \t<li>\r\n<h3>2 a 10 milh\u00f5es de falantes nativos<\/h3>\r\n<\/li>\r\n<\/ul>\r\n<em>Zulu, qu\u00edchua, cazaque, tibetano, tajique, chewa (nianja), crioulo haitiano, bielorrusso, lombardo, hebraico, sueco, congo, akan, alban\u00eas, hmong, nuosu, tshiluba, ilocano, uigur, napolitano, b\u00falgaro, quiniaruanda, cosa, bal\u00fachi, hiligaynon, tigr\u00ednia, catal\u00e3o, arm\u00eanio, minangkabau, turcomano, macua, santali, batak, afric\u00e2ner, mongol, bhili, dinamarqu\u00eas, finland\u00eas, t\u00e1rtaro, quicuio, eslovaco, more, sua\u00edli, idioma qu\u00edchua do sul, guarani, kirundi, sesoto do sul, romani, noruegu\u00eas, pahari-potwari, tibetano, setswana, can\u00fari, caxemira, bicolano, georgiano, cusco-qu\u00edchua, umbundu, concani, balin\u00eas, soto do norte (sepedi), luia, uolofe, bemba, bugin\u00eas, luo, mandingo, mazandarani, gilaki, x\u00e3, tsonga, galego, sukuma, i\u00eddiche, crioulo jamaicano, piemont\u00eas, quirguiz, samarenho, ewe, qu\u00edchua boliviano do sul, lituano, luganda, lusoga, ach\u00e9m,kimbundu, hindko, ibibio, rangpuri, garhwali, bambara, ometo, linguagem indiana de sinais, betawi, karen, gondi, senufo, kalenjin, kumaoni, quicamba, luri, quich\u00e9, pampanga, aimar\u00e1 central, tive, brahui, gbaya, zarma, ba\u00fale, dogri, lingala, sasak, kurux, mundari, dinca, esloveno, maced\u00f4nio, buyei, beti.<\/em>\r\n<ul>\r\n \t<li>\r\n<h3>1 a 2 milh\u00f5es de falantes nativos<\/h3>\r\n<\/li>\r\n<\/ul>\r\n<em>Zazaki, occitano, t\u00falu, l\u00edgure, sidama, basquir, ajaua, tchuvache, ijaw (ijo), fon, su\u00e1zi, irland\u00eas, let\u00e3o, nkore, makassar, gusii, khandeshi, ndebele, hac\u00e1, vlax romani, sara, pangasin\u00eas, tongan\u00eas, lampung, sardenho, \u00e2nglico-escoc\u00eas, dong, mende, tho, n\u00e1uatle, afar, dagbani, koli, rukiga, tchetcheno, tumbuka, iu mien, meru, gogo, ateso, manipuri, tamang, maconde, bai, tuaregue, mandinga, di\u00fala, temne, haya, serer\u00ea, beja, nyamwezi, abrom, alur, sena, zande, val\u00e3o, anim, malvi, karai-a, soninqu\u00ea, ho, estoniano, nyakyusa, guari, lubara, basco, naga, sosso, tausug, quioco, cabardiano, ryukyuano, maguindanao, maranao, quechua de Ancash, gal\u00eas, songe, rejang, edo, ebira, dagaare, gojari, tharu, venda, arracan\u00eas.<\/em>"},"state":{"type":"textfield","raw":""},"city":{"type":"textarea","raw":[]}}},"_links":{"self":[{"href":"https:\/\/www.trustedtranslations.com\/pt-br\/wp-json\/wp\/v2\/pages\/135046","targetHints":{"allow":["GET"]}}],"collection":[{"href":"https:\/\/www.trustedtranslations.com\/pt-br\/wp-json\/wp\/v2\/pages"}],"about":[{"href":"https:\/\/www.trustedtranslations.com\/pt-br\/wp-json\/wp\/v2\/types\/page"}],"author":[{"embeddable":true,"href":"https:\/\/www.trustedtranslations.com\/pt-br\/wp-json\/wp\/v2\/users\/1"}],"replies":[{"embeddable":true,"href":"https:\/\/www.trustedtranslations.com\/pt-br\/wp-json\/wp\/v2\/comments?post=135046"}],"version-history":[{"count":0,"href":"https:\/\/www.trustedtranslations.com\/pt-br\/wp-json\/wp\/v2\/pages\/135046\/revisions"}],"up":[{"embeddable":true,"href":"https:\/\/www.trustedtranslations.com\/pt-br\/wp-json\/wp\/v2\/pages\/135078"}],"wp:featuredmedia":[{"embeddable":true,"href":"https:\/\/www.trustedtranslations.com\/pt-br\/wp-json\/wp\/v2\/media\/139632"}],"wp:attachment":[{"href":"https:\/\/www.trustedtranslations.com\/pt-br\/wp-json\/wp\/v2\/media?parent=135046"}],"curies":[{"name":"wp","href":"https:\/\/api.w.org\/{rel}","templated":true}]}}