{"id":135047,"date":"2018-10-26T11:41:25","date_gmt":"2018-10-26T11:41:25","guid":{"rendered":"https:\/\/www.trustedtranslations.com\/?page_id=135047"},"modified":"2025-09-16T18:30:19","modified_gmt":"2025-09-16T21:30:19","slug":"espanhol","status":"publish","type":"page","link":"https:\/\/www.trustedtranslations.com\/pt-br\/idioma\/espanhol","title":{"rendered":"Espanhol"},"content":{"rendered":"","protected":false},"excerpt":{"rendered":"","protected":false},"author":1,"featured_media":194432,"parent":135078,"menu_order":0,"comment_status":"closed","ping_status":"closed","template":"","meta":{"site-sidebar-layout":"default","site-content-layout":"default","ast-site-content-layout":"default","site-content-style":"default","site-sidebar-style":"default","ast-global-header-display":"","ast-banner-title-visibility":"","ast-main-header-display":"","ast-hfb-above-header-display":"","ast-hfb-below-header-display":"","ast-hfb-mobile-header-display":"","site-post-title":"disabled","ast-breadcrumbs-content":"","ast-featured-img":"","footer-sml-layout":"","theme-transparent-header-meta":"default","adv-header-id-meta":"","stick-header-meta":"","header-above-stick-meta":"","header-main-stick-meta":"","header-below-stick-meta":"","astra-migrate-meta-layouts":"set","ast-page-background-enabled":"default","ast-page-background-meta":{"desktop":{"background-color":"var(--ast-global-color-4)","background-image":"","background-repeat":"repeat","background-position":"center center","background-size":"auto","background-attachment":"scroll","background-type":"","background-media":"","overlay-type":"","overlay-color":"","overlay-opacity":"","overlay-gradient":""},"tablet":{"background-color":"","background-image":"","background-repeat":"repeat","background-position":"center center","background-size":"auto","background-attachment":"scroll","background-type":"","background-media":"","overlay-type":"","overlay-color":"","overlay-opacity":"","overlay-gradient":""},"mobile":{"background-color":"","background-image":"","background-repeat":"repeat","background-position":"center center","background-size":"auto","background-attachment":"scroll","background-type":"","background-media":"","overlay-type":"","overlay-color":"","overlay-opacity":"","overlay-gradient":""}},"ast-content-background-meta":{"desktop":{"background-color":"var(--ast-global-color-5)","background-image":"","background-repeat":"repeat","background-position":"center center","background-size":"auto","background-attachment":"scroll","background-type":"","background-media":"","overlay-type":"","overlay-color":"","overlay-opacity":"","overlay-gradient":""},"tablet":{"background-color":"var(--ast-global-color-5)","background-image":"","background-repeat":"repeat","background-position":"center center","background-size":"auto","background-attachment":"scroll","background-type":"","background-media":"","overlay-type":"","overlay-color":"","overlay-opacity":"","overlay-gradient":""},"mobile":{"background-color":"var(--ast-global-color-5)","background-image":"","background-repeat":"repeat","background-position":"center center","background-size":"auto","background-attachment":"scroll","background-type":"","background-media":"","overlay-type":"","overlay-color":"","overlay-opacity":"","overlay-gradient":""}},"footnotes":""},"class_list":["post-135047","page","type-page","status-publish","has-post-thumbnail","hentry"],"yoast_head":"<!-- This site is optimized with the Yoast SEO plugin v27.5 - https:\/\/yoast.com\/product\/yoast-seo-wordpress\/ -->\n<title>Tradu\u00e7\u00e3o do espanhol - Trusted Translations, Inc.<\/title>\n<meta name=\"description\" content=\"Descubra tradu\u00e7\u00f5es especializadas do espanhol feitas por falantes nativos na Trusted Translations. Garanta uma comunica\u00e7\u00e3o clara e adaptada \u00e0s suas necessidades. Pe\u00e7a um or\u00e7amento gratuito hoje mesmo.\" \/>\n<meta name=\"robots\" content=\"index, follow, max-snippet:-1, max-image-preview:large, max-video-preview:-1\" \/>\n<link rel=\"canonical\" href=\"https:\/\/www.trustedtranslations.com\/pt-br\/idioma\/espanhol\" \/>\n<meta property=\"og:locale\" content=\"pt_BR\" \/>\n<meta property=\"og:type\" content=\"article\" \/>\n<meta property=\"og:title\" content=\"Tradu\u00e7\u00e3o do espanhol - Trusted Translations, Inc.\" \/>\n<meta property=\"og:description\" content=\"Descubra tradu\u00e7\u00f5es especializadas do espanhol feitas por falantes nativos na Trusted Translations. Garanta uma comunica\u00e7\u00e3o clara e adaptada \u00e0s suas necessidades. Pe\u00e7a um or\u00e7amento gratuito hoje mesmo.\" \/>\n<meta property=\"og:url\" content=\"https:\/\/www.trustedtranslations.com\/pt-br\/idioma\/espanhol\" \/>\n<meta property=\"og:site_name\" content=\"Trusted Translations, Inc.\" \/>\n<meta property=\"article:publisher\" content=\"https:\/\/www.facebook.com\/Trusted.Translations\" \/>\n<meta property=\"article:modified_time\" content=\"2025-09-16T21:30:19+00:00\" \/>\n<meta property=\"og:image\" content=\"https:\/\/www.trustedtranslations.com\/wp-content\/uploads\/2022\/06\/tt-logo-2-1.webp\" \/>\n\t<meta property=\"og:image:width\" content=\"216\" \/>\n\t<meta property=\"og:image:height\" content=\"94\" \/>\n\t<meta property=\"og:image:type\" content=\"image\/webp\" \/>\n<meta name=\"twitter:card\" content=\"summary_large_image\" \/>\n<meta name=\"twitter:site\" content=\"@TrustedT9ns\" \/>\n<script type=\"application\/ld+json\" class=\"yoast-schema-graph\">{\"@context\":\"https:\\\/\\\/schema.org\",\"@graph\":[{\"@type\":\"WebPage\",\"@id\":\"https:\\\/\\\/www.trustedtranslations.com\\\/pt-br\\\/idioma\\\/espanhol\",\"url\":\"https:\\\/\\\/www.trustedtranslations.com\\\/pt-br\\\/idioma\\\/espanhol\",\"name\":\"Tradu\u00e7\u00e3o do espanhol - Trusted Translations, Inc.\",\"isPartOf\":{\"@id\":\"https:\\\/\\\/www.trustedtranslations.com\\\/pt-br\\\/#website\"},\"primaryImageOfPage\":{\"@id\":\"https:\\\/\\\/www.trustedtranslations.com\\\/pt-br\\\/idioma\\\/espanhol#primaryimage\"},\"image\":{\"@id\":\"https:\\\/\\\/www.trustedtranslations.com\\\/pt-br\\\/idioma\\\/espanhol#primaryimage\"},\"thumbnailUrl\":\"\",\"description\":\"Descubra tradu\u00e7\u00f5es especializadas do espanhol feitas por falantes nativos na Trusted Translations. Garanta uma comunica\u00e7\u00e3o clara e adaptada \u00e0s suas necessidades. Pe\u00e7a um or\u00e7amento gratuito hoje mesmo.\",\"breadcrumb\":{\"@id\":\"https:\\\/\\\/www.trustedtranslations.com\\\/pt-br\\\/idioma\\\/espanhol#breadcrumb\"},\"inLanguage\":\"pt-BR\",\"potentialAction\":[{\"@type\":\"ReadAction\",\"target\":[\"https:\\\/\\\/www.trustedtranslations.com\\\/pt-br\\\/idioma\\\/espanhol\"]}]},{\"@type\":\"ImageObject\",\"inLanguage\":\"pt-BR\",\"@id\":\"https:\\\/\\\/www.trustedtranslations.com\\\/pt-br\\\/idioma\\\/espanhol#primaryimage\",\"url\":\"\",\"contentUrl\":\"\"},{\"@type\":\"BreadcrumbList\",\"@id\":\"https:\\\/\\\/www.trustedtranslations.com\\\/pt-br\\\/idioma\\\/espanhol#breadcrumb\",\"itemListElement\":[{\"@type\":\"ListItem\",\"position\":1,\"name\":\"Home\",\"item\":\"https:\\\/\\\/www.trustedtranslations.com\\\/pt-br\"},{\"@type\":\"ListItem\",\"position\":2,\"name\":\"Idiomas\",\"item\":\"https:\\\/\\\/www.trustedtranslations.com\\\/pt-br\\\/idioma\"},{\"@type\":\"ListItem\",\"position\":3,\"name\":\"Espanhol\"}]},{\"@type\":\"WebSite\",\"@id\":\"https:\\\/\\\/www.trustedtranslations.com\\\/pt-br\\\/#website\",\"url\":\"https:\\\/\\\/www.trustedtranslations.com\\\/pt-br\\\/\",\"name\":\"Trusted Translations, Inc.\",\"description\":\"Leader in translation and interpretation services.\",\"publisher\":{\"@id\":\"https:\\\/\\\/www.trustedtranslations.com\\\/pt-br\\\/#organization\"},\"alternateName\":\"Trusted Translations\",\"potentialAction\":[{\"@type\":\"SearchAction\",\"target\":{\"@type\":\"EntryPoint\",\"urlTemplate\":\"https:\\\/\\\/www.trustedtranslations.com\\\/pt-br\\\/?s={search_term_string}\"},\"query-input\":{\"@type\":\"PropertyValueSpecification\",\"valueRequired\":true,\"valueName\":\"search_term_string\"}}],\"inLanguage\":\"pt-BR\"},{\"@type\":\"Organization\",\"@id\":\"https:\\\/\\\/www.trustedtranslations.com\\\/pt-br\\\/#organization\",\"name\":\"Trusted Translations\",\"alternateName\":\"Trusted Translations, Inc.\",\"url\":\"https:\\\/\\\/www.trustedtranslations.com\\\/pt-br\\\/\",\"logo\":{\"@type\":\"ImageObject\",\"inLanguage\":\"pt-BR\",\"@id\":\"https:\\\/\\\/www.trustedtranslations.com\\\/pt-br\\\/#\\\/schema\\\/logo\\\/image\\\/\",\"url\":\"https:\\\/\\\/static.trustedtranslations.com\\\/wp-content\\\/uploads\\\/2022\\\/01\\\/TT_logo_WSIColors-2.png\",\"contentUrl\":\"https:\\\/\\\/static.trustedtranslations.com\\\/wp-content\\\/uploads\\\/2022\\\/01\\\/TT_logo_WSIColors-2.png\",\"width\":500,\"height\":196,\"caption\":\"Trusted Translations\"},\"image\":{\"@id\":\"https:\\\/\\\/www.trustedtranslations.com\\\/pt-br\\\/#\\\/schema\\\/logo\\\/image\\\/\"},\"sameAs\":[\"https:\\\/\\\/www.facebook.com\\\/Trusted.Translations\",\"https:\\\/\\\/x.com\\\/TrustedT9ns\",\"https:\\\/\\\/www.linkedin.com\\\/company\\\/trusted-translations\"]}]}<\/script>\n<!-- \/ Yoast SEO plugin. -->","yoast_head_json":{"title":"Tradu\u00e7\u00e3o do espanhol - Trusted Translations, Inc.","description":"Descubra tradu\u00e7\u00f5es especializadas do espanhol feitas por falantes nativos na Trusted Translations. Garanta uma comunica\u00e7\u00e3o clara e adaptada \u00e0s suas necessidades. Pe\u00e7a um or\u00e7amento gratuito hoje mesmo.","robots":{"index":"index","follow":"follow","max-snippet":"max-snippet:-1","max-image-preview":"max-image-preview:large","max-video-preview":"max-video-preview:-1"},"canonical":"https:\/\/www.trustedtranslations.com\/pt-br\/idioma\/espanhol","og_locale":"pt_BR","og_type":"article","og_title":"Tradu\u00e7\u00e3o do espanhol - Trusted Translations, Inc.","og_description":"Descubra tradu\u00e7\u00f5es especializadas do espanhol feitas por falantes nativos na Trusted Translations. Garanta uma comunica\u00e7\u00e3o clara e adaptada \u00e0s suas necessidades. Pe\u00e7a um or\u00e7amento gratuito hoje mesmo.","og_url":"https:\/\/www.trustedtranslations.com\/pt-br\/idioma\/espanhol","og_site_name":"Trusted Translations, Inc.","article_publisher":"https:\/\/www.facebook.com\/Trusted.Translations","article_modified_time":"2025-09-16T21:30:19+00:00","og_image":[{"width":216,"height":94,"url":"https:\/\/www.trustedtranslations.com\/wp-content\/uploads\/2022\/06\/tt-logo-2-1.webp","type":"image\/webp"}],"twitter_card":"summary_large_image","twitter_site":"@TrustedT9ns","schema":{"@context":"https:\/\/schema.org","@graph":[{"@type":"WebPage","@id":"https:\/\/www.trustedtranslations.com\/pt-br\/idioma\/espanhol","url":"https:\/\/www.trustedtranslations.com\/pt-br\/idioma\/espanhol","name":"Tradu\u00e7\u00e3o do espanhol - Trusted Translations, Inc.","isPartOf":{"@id":"https:\/\/www.trustedtranslations.com\/pt-br\/#website"},"primaryImageOfPage":{"@id":"https:\/\/www.trustedtranslations.com\/pt-br\/idioma\/espanhol#primaryimage"},"image":{"@id":"https:\/\/www.trustedtranslations.com\/pt-br\/idioma\/espanhol#primaryimage"},"thumbnailUrl":"","description":"Descubra tradu\u00e7\u00f5es especializadas do espanhol feitas por falantes nativos na Trusted Translations. Garanta uma comunica\u00e7\u00e3o clara e adaptada \u00e0s suas necessidades. Pe\u00e7a um or\u00e7amento gratuito hoje mesmo.","breadcrumb":{"@id":"https:\/\/www.trustedtranslations.com\/pt-br\/idioma\/espanhol#breadcrumb"},"inLanguage":"pt-BR","potentialAction":[{"@type":"ReadAction","target":["https:\/\/www.trustedtranslations.com\/pt-br\/idioma\/espanhol"]}]},{"@type":"ImageObject","inLanguage":"pt-BR","@id":"https:\/\/www.trustedtranslations.com\/pt-br\/idioma\/espanhol#primaryimage","url":"","contentUrl":""},{"@type":"BreadcrumbList","@id":"https:\/\/www.trustedtranslations.com\/pt-br\/idioma\/espanhol#breadcrumb","itemListElement":[{"@type":"ListItem","position":1,"name":"Home","item":"https:\/\/www.trustedtranslations.com\/pt-br"},{"@type":"ListItem","position":2,"name":"Idiomas","item":"https:\/\/www.trustedtranslations.com\/pt-br\/idioma"},{"@type":"ListItem","position":3,"name":"Espanhol"}]},{"@type":"WebSite","@id":"https:\/\/www.trustedtranslations.com\/pt-br\/#website","url":"https:\/\/www.trustedtranslations.com\/pt-br\/","name":"Trusted Translations, Inc.","description":"Leader in translation and interpretation services.","publisher":{"@id":"https:\/\/www.trustedtranslations.com\/pt-br\/#organization"},"alternateName":"Trusted Translations","potentialAction":[{"@type":"SearchAction","target":{"@type":"EntryPoint","urlTemplate":"https:\/\/www.trustedtranslations.com\/pt-br\/?s={search_term_string}"},"query-input":{"@type":"PropertyValueSpecification","valueRequired":true,"valueName":"search_term_string"}}],"inLanguage":"pt-BR"},{"@type":"Organization","@id":"https:\/\/www.trustedtranslations.com\/pt-br\/#organization","name":"Trusted Translations","alternateName":"Trusted Translations, Inc.","url":"https:\/\/www.trustedtranslations.com\/pt-br\/","logo":{"@type":"ImageObject","inLanguage":"pt-BR","@id":"https:\/\/www.trustedtranslations.com\/pt-br\/#\/schema\/logo\/image\/","url":"https:\/\/static.trustedtranslations.com\/wp-content\/uploads\/2022\/01\/TT_logo_WSIColors-2.png","contentUrl":"https:\/\/static.trustedtranslations.com\/wp-content\/uploads\/2022\/01\/TT_logo_WSIColors-2.png","width":500,"height":196,"caption":"Trusted Translations"},"image":{"@id":"https:\/\/www.trustedtranslations.com\/pt-br\/#\/schema\/logo\/image\/"},"sameAs":["https:\/\/www.facebook.com\/Trusted.Translations","https:\/\/x.com\/TrustedT9ns","https:\/\/www.linkedin.com\/company\/trusted-translations"]}]}},"toolset-meta":{"dyk":{"mensaje-1":{"type":"textfield","raw":"Fornecemos tradu\u00e7\u00f5es do espanhol a empresas da Fortune 500, com pre\u00e7os de 25% a 50% abaixo do que os praticados no mercado."},"mensaje-2":{"type":"textfield","raw":"Mais de 500.000 pessoas e empresas visitam nossos sites todo m\u00eas em busca de conselhos sobre o idioma espanhol."},"mensaje-3":{"type":"textfield","raw":""},"mensaje-4":{"type":"textfield","raw":""},"mensaje-5":{"type":"textfield","raw":""},"mensaje-6":{"type":"textfield","raw":""}},"single-page-template-fields":{"imgs-temp":{"type":"image","raw":["https:\/\/static.trustedtranslations.com\/wp-content\/uploads\/2024\/06\/spanish-final-2-1.webp","https:\/\/static.trustedtranslations.com\/wp-content\/uploads\/2024\/06\/spanish-final-4-1.webp","https:\/\/static.trustedtranslations.com\/wp-content\/uploads\/2024\/06\/spanish-final-6-1.webp","https:\/\/static.trustedtranslations.com\/wp-content\/uploads\/2024\/06\/spanish-final-8-1.webp"],"repeatable":[{"raw":"https:\/\/static.trustedtranslations.com\/wp-content\/uploads\/2024\/06\/spanish-final-2-1.webp"},{"raw":"https:\/\/static.trustedtranslations.com\/wp-content\/uploads\/2024\/06\/spanish-final-4-1.webp"},{"raw":"https:\/\/static.trustedtranslations.com\/wp-content\/uploads\/2024\/06\/spanish-final-6-1.webp"},{"raw":"https:\/\/static.trustedtranslations.com\/wp-content\/uploads\/2024\/06\/spanish-final-8-1.webp"}]},"imgs-temp-cel":{"type":"image","raw":[""],"repeatable":[{"raw":""}]},"img-temp-one-cel":{"type":"image","raw":"https:\/\/static.trustedtranslations.com\/wp-content\/uploads\/2024\/06\/spanish-final-1-1.webp","attachment_id":null},"quotes":{"type":"textarea","raw":"<h1 style=\"margin-bottom: 12px;\">Spanish Translation<\/h1>A Trusted Translations \u00e9 um fornecedor especializado e reconhecido internacionalmente de servi\u00e7os de tradu\u00e7\u00e3o de espanhol. Com mais de 10.000 clientes satisfeitos no mundo todo, nenhuma outra empresa oferece a profundidade e amplitude em tradu\u00e7\u00f5es de espanhol, al\u00e9m do conhecimento do idioma que n\u00f3s oferecemos.<div style=\"margin-top: 2.5vw;\"><a class=\"tt-btn-main-cta\" href=\"\/pt-br\/solicitud-orcamento\">SOLICITE UM OR\u00c7AMENTO GRATUITO<\/a><\/div>"},"text-1":{"type":"textarea","raw":"<h2 style=\"margin-bottom:20px\">Experi\u00eancia em espanhol <\/h2>\r\nO espanhol \u00e9 o segundo idioma mais falado nos Estados Unidos, da\u00ed sua preval\u00eancia em projetos de tradu\u00e7\u00e3o em v\u00e1rios setores. Como resultado de anos de experi\u00eancia na tradu\u00e7\u00e3o de e para o espanhol, temos uma das maiores equipes de linguistas de espanhol do mundo, cobrindo quase todos os assuntos conhecidos. Algumas de nossas \u00e1reas de especializa\u00e7\u00e3o em tradu\u00e7\u00f5es em espanhol s\u00e3o: publicidade, aeroespacial, automotiva, comercial, qu\u00edmica, contratos, defesa, e-learning, educa\u00e7\u00e3o, entretenimento, energia, finan\u00e7as, governo, imigra\u00e7\u00e3o, globaliza\u00e7\u00e3o, jur\u00eddica, lit\u00edgio, localiza\u00e7\u00e3o, manufatura, marketing, m\u00eddia, m\u00e9dica, patentes, religi\u00e3o, varejo, software, t\u00e9cnica, telecomunica\u00e7\u00f5es, manuais de usu\u00e1rio e sites.\r\n<div class=\"imgs-flex-template\">\r\n    <div>\r\n        <h2 style=\"margin-bottom: 20px;\">Servi\u00e7o de tradu\u00e7\u00e3o ingl\u00eas - espanhol<\/h2>\r\n        <p>A tradu\u00e7\u00e3o para o espanhol \u00e9 uma das nossas principais ofertas de servi\u00e7os e h\u00e1 uma necessidade crescente de atender \u00e0s demandas da popula\u00e7\u00e3o hisp\u00e2nica e latino-americana dos EUA. De documentos do governo a aplicativos de celular, adaptamos nossos servi\u00e7os \u00e0s suas necessidades espec\u00edficas. Oferecemos tradu\u00e7\u00f5es ingl\u00eas-espanhol para algumas das maiores empresas e organiza\u00e7\u00f5es do mundo, incluindo Coca-Cola, IBM, a ONU, a NASA e centenas de outras. Somos \u00fanicos, pois podemos traduzir para todas as diferentes variantes e \u201csotaques\u201d do espanhol, como o espanhol dos EUA, colombiano, mexicano, argentino, venezuelano, chileno, cubano e o espanhol da Espanha, para citar apenas alguns.<\/p>\r\n    <\/div>\r\n    <img src=\"https:\/\/static.trustedtranslations.com\/wp-content\/uploads\/elementor\/thumbs\/spanish-qoxmawk9t1lqpt1cv6m9e8z9oeh6j0ven5253d4n1c.jpg\">\r\n<\/div>"},"shortcode-map":{"type":"textfield","raw":""},"dyk-shortcode":{"type":"textfield","raw":"[elementor-template id=\"147273\"]"},"text-2":{"type":"textarea","raw":"<div class=\"imgs-flex-template flex-text-2\" style=\"margin-top: 10px\">\r\n    <img src=\"https:\/\/static.trustedtranslations.com\/wp-content\/uploads\/2022\/03\/spanish1-1024x683.jpg\">\r\n    <div class=\"p-img-width\">\r\n        <h2 style=\"margin-bottom: 20px;\">Empresa de tradu\u00e7\u00e3o de espanhol<\/h2>\r\n        <p>Nossa meta, como empresa americana l\u00edder em tradu\u00e7\u00f5es do espanhol, \u00e9 fazer com que voc\u00ea atinja seus objetivos em mercados locais, nacionais e internacionais, oferecendo tradu\u00e7\u00f5es do ingl\u00eas para o espanhol da mais alta qualidade, para todas as suas necessidades de comunica\u00e7\u00e3o.\r\n\r\n        Todos os nossos especialistas foram selecionados por seu dom\u00ednio da l\u00edngua espanhola, bem como por seu know-how em \u00e1reas espec\u00edficas.\r\n            \r\n        Nossos servi\u00e7os incluem tradu\u00e7\u00e3o do idioma espanhol para todos os tipos de documentos, para todos os formatos e volumes. Tamb\u00e9m fornecemos uma ampla gama de servi\u00e7os com valor agregado, personalizados para atender suas necessidades espec\u00edficas, como servi\u00e7os de p\u00f3s-produ\u00e7\u00e3o em espanhol e servi\u00e7os de editora\u00e7\u00e3o eletr\u00f4nica em espanhol.<\/p>\r\n    <\/div>\r\n<\/div>\r\n\r\n<h2 style=\"margin-bottom:20px; text-align: center;\">Servi\u00e7os no idioma espanhol<\/h2>\r\n<p style=\"text-align: center;\">A seguir est\u00e3o os servi\u00e7os profissionais no idioma espanhol que fornecemos regularmente:<\/p>\r\n\r\n<div class=\"elearning-container\">\r\n    <div>\r\n        <i class=\"fa fa-universal-access\" aria-hidden=\"true\"><\/i>\r\n        <h4 style=\"text-align: center\">Normas de acessibilidade<\/h4>\r\n    <\/div>\r\n    <div>\r\n        <i class=\"fa fa-mobile\" aria-hidden=\"true\"><\/i>\r\n        <h4 style=\"text-align: center\">Localiza\u00e7\u00e3o de aplicativos<\/h4>\r\n    <\/div>\r\n    <div>\r\n        <i class=\"fa fa-sign-language\" aria-hidden=\"true\"><\/i>\r\n        <h4 style=\"text-align: center\">LAS - Linguagem de sinais<\/h4>\r\n    <\/div>\r\n    <div>\r\n        <i class=\"fa fa-check\" aria-hidden=\"true\"><\/i>\r\n        <h4 style=\"text-align: center\">Tradu\u00e7\u00e3o juramentada<\/h4>\r\n    <\/div>\r\n    <div>\r\n        <i class=\"fa fa-desktop\" aria-hidden=\"true\"><\/i>\r\n        <h4 style=\"text-align: center\">Editora\u00e7\u00e3o eletr\u00f4nica<\/h4>\r\n    <\/div>\r\n    <div>\r\n        <i class=\"fa fa-pencil-square-o\" aria-hidden=\"true\"><\/i>\r\n        <h4 style=\"text-align: center\">Edi\u00e7\u00e3o e Revis\u00e3o<\/h4>\r\n    <\/div>\r\n<\/div>\r\n\r\n<div class=\"elearning-container\">\r\n    <div>\r\n        <i class=\"fa fa-file-pdf-o\" aria-hidden=\"true\"><\/i>\r\n        <h4 style=\"text-align: center\">Formatos de arquivo<\/h4>\r\n    <\/div>\r\n    <div>\r\n        <i class=\"fa fa-globe\" aria-hidden=\"true\"><\/i>\r\n        <h4 style=\"text-align: center\">Globaliza\u00e7\u00e3o<\/h4>\r\n    <\/div>\r\n    <div>\r\n        <i class=\"fa fa-users\" aria-hidden=\"true\"><\/i>\r\n        <h4 style=\"text-align: center\">Tradu\u00e7\u00e3o humana<\/h4>\r\n    <\/div>\r\n    <div>\r\n        <i class=\"fa fa-file-text\" aria-hidden=\"true\"><\/i>\r\n        <h4 style=\"text-align: center\">Interpreta\u00e7\u00e3o<\/h4>\r\n    <\/div>\r\n    <div>\r\n        <i class=\"fa fa-location-arrow\" aria-hidden=\"true\"><\/i>\r\n        <h4 style=\"text-align: center\">Localiza\u00e7\u00e3o<\/h4>\r\n    <\/div>\r\n    <div>\r\n        <i class=\"fa fa-wrench\" aria-hidden=\"true\"><\/i>\r\n        <h4 style=\"text-align: center\">Tradu\u00e7\u00e3o autom\u00e1tica<\/h4>\r\n    <\/div>\r\n<\/div>\r\n\r\n<div class=\"elearning-container\">\r\n    <div>\r\n        <i class=\"fa fa-file-o\" aria-hidden=\"true\"><\/i>\r\n        <h4 style=\"text-align: center\">Servi\u00e7os multim\u00eddia<\/h4>\r\n    <\/div>\r\n    <div>\r\n        <i class=\"fa fa-bullhorn\" aria-hidden=\"true\"><\/i>\r\n        <h4 style=\"text-align: center\">Marketing on-line<\/h4>\r\n    <\/div>\r\n    <div>\r\n        <i class=\"fa fa-volume-control-phone\" aria-hidden=\"true\"><\/i>\r\n        <h4 style=\"text-align: center\">Interpreta\u00e7\u00e3o pelo telefone<\/h4>\r\n    <\/div>\r\n    <div>\r\n        <i class=\"fa fa-user-plus\" aria-hidden=\"true\"><\/i>\r\n        <h4 style=\"text-align: center\">Transcria\u00e7\u00e3o<\/h4>\r\n    <\/div>\r\n    <div>\r\n        <i class=\"fa fa-pencil\" aria-hidden=\"true\"><\/i>\r\n        <h4 style=\"text-align: center\">Transcri\u00e7\u00e3o<\/h4>\r\n    <\/div>\r\n    <div>\r\n        <i class=\"fa fa-check-square-o\" aria-hidden=\"true\"><\/i>\r\n        <h4 style=\"text-align: center\">Qualidade de tradu\u00e7\u00e3o<\/h4>\r\n    <\/div>\r\n<\/div>"},"state":{"type":"textfield","raw":""},"city":{"type":"textarea","raw":[""]}}},"_links":{"self":[{"href":"https:\/\/www.trustedtranslations.com\/pt-br\/wp-json\/wp\/v2\/pages\/135047","targetHints":{"allow":["GET"]}}],"collection":[{"href":"https:\/\/www.trustedtranslations.com\/pt-br\/wp-json\/wp\/v2\/pages"}],"about":[{"href":"https:\/\/www.trustedtranslations.com\/pt-br\/wp-json\/wp\/v2\/types\/page"}],"author":[{"embeddable":true,"href":"https:\/\/www.trustedtranslations.com\/pt-br\/wp-json\/wp\/v2\/users\/1"}],"replies":[{"embeddable":true,"href":"https:\/\/www.trustedtranslations.com\/pt-br\/wp-json\/wp\/v2\/comments?post=135047"}],"version-history":[{"count":0,"href":"https:\/\/www.trustedtranslations.com\/pt-br\/wp-json\/wp\/v2\/pages\/135047\/revisions"}],"up":[{"embeddable":true,"href":"https:\/\/www.trustedtranslations.com\/pt-br\/wp-json\/wp\/v2\/pages\/135078"}],"wp:featuredmedia":[{"embeddable":true,"href":"https:\/\/www.trustedtranslations.com\/pt-br\/wp-json\/"}],"wp:attachment":[{"href":"https:\/\/www.trustedtranslations.com\/pt-br\/wp-json\/wp\/v2\/media?parent=135047"}],"curies":[{"name":"wp","href":"https:\/\/api.w.org\/{rel}","templated":true}]}}