{"id":135050,"date":"2018-10-26T11:12:03","date_gmt":"2018-10-26T11:12:03","guid":{"rendered":"https:\/\/www.trustedtranslations.com\/?page_id=135050"},"modified":"2024-09-02T17:13:41","modified_gmt":"2024-09-02T20:13:41","slug":"russo","status":"publish","type":"page","link":"https:\/\/www.trustedtranslations.com\/pt-br\/idioma\/russo","title":{"rendered":"Russo"},"content":{"rendered":"","protected":false},"excerpt":{"rendered":"","protected":false},"author":1,"featured_media":243691,"parent":135078,"menu_order":0,"comment_status":"closed","ping_status":"closed","template":"","meta":{"site-sidebar-layout":"default","site-content-layout":"default","ast-site-content-layout":"default","site-content-style":"default","site-sidebar-style":"default","ast-global-header-display":"","ast-banner-title-visibility":"","ast-main-header-display":"","ast-hfb-above-header-display":"","ast-hfb-below-header-display":"","ast-hfb-mobile-header-display":"","site-post-title":"disabled","ast-breadcrumbs-content":"","ast-featured-img":"","footer-sml-layout":"","ast-disable-related-posts":"","theme-transparent-header-meta":"default","adv-header-id-meta":"","stick-header-meta":"","header-above-stick-meta":"","header-main-stick-meta":"","header-below-stick-meta":"","astra-migrate-meta-layouts":"set","ast-page-background-enabled":"default","ast-page-background-meta":{"desktop":{"background-color":"var(--ast-global-color-4)","background-image":"","background-repeat":"repeat","background-position":"center center","background-size":"auto","background-attachment":"scroll","background-type":"","background-media":"","overlay-type":"","overlay-color":"","overlay-opacity":"","overlay-gradient":""},"tablet":{"background-color":"","background-image":"","background-repeat":"repeat","background-position":"center center","background-size":"auto","background-attachment":"scroll","background-type":"","background-media":"","overlay-type":"","overlay-color":"","overlay-opacity":"","overlay-gradient":""},"mobile":{"background-color":"","background-image":"","background-repeat":"repeat","background-position":"center center","background-size":"auto","background-attachment":"scroll","background-type":"","background-media":"","overlay-type":"","overlay-color":"","overlay-opacity":"","overlay-gradient":""}},"ast-content-background-meta":{"desktop":{"background-color":"var(--ast-global-color-5)","background-image":"","background-repeat":"repeat","background-position":"center center","background-size":"auto","background-attachment":"scroll","background-type":"","background-media":"","overlay-type":"","overlay-color":"","overlay-opacity":"","overlay-gradient":""},"tablet":{"background-color":"var(--ast-global-color-5)","background-image":"","background-repeat":"repeat","background-position":"center center","background-size":"auto","background-attachment":"scroll","background-type":"","background-media":"","overlay-type":"","overlay-color":"","overlay-opacity":"","overlay-gradient":""},"mobile":{"background-color":"var(--ast-global-color-5)","background-image":"","background-repeat":"repeat","background-position":"center center","background-size":"auto","background-attachment":"scroll","background-type":"","background-media":"","overlay-type":"","overlay-color":"","overlay-opacity":"","overlay-gradient":""}},"footnotes":""},"class_list":["post-135050","page","type-page","status-publish","has-post-thumbnail","hentry"],"yoast_head":"<!-- This site is optimized with the Yoast SEO plugin v27.5 - https:\/\/yoast.com\/product\/yoast-seo-wordpress\/ -->\n<title>Servi\u00e7os de tradu\u00e7\u00e3o do russo - Trusted Translations, Inc.<\/title>\n<meta name=\"description\" content=\"Obtenha servi\u00e7os especializados de tradu\u00e7\u00e3o do russo com a Trusted Translations. Nossos tradutores nativos garantem tradu\u00e7\u00f5es precisas e exatas. Fale conosco hoje mesmo\" \/>\n<meta name=\"robots\" content=\"index, follow, max-snippet:-1, max-image-preview:large, max-video-preview:-1\" \/>\n<link rel=\"canonical\" href=\"https:\/\/www.trustedtranslations.com\/pt-br\/idioma\/russo\" \/>\n<meta property=\"og:locale\" content=\"pt_BR\" \/>\n<meta property=\"og:type\" content=\"article\" \/>\n<meta property=\"og:title\" content=\"Servi\u00e7os de tradu\u00e7\u00e3o do russo - Trusted Translations, Inc.\" \/>\n<meta property=\"og:description\" content=\"Obtenha servi\u00e7os especializados de tradu\u00e7\u00e3o do russo com a Trusted Translations. Nossos tradutores nativos garantem tradu\u00e7\u00f5es precisas e exatas. Fale conosco hoje mesmo\" \/>\n<meta property=\"og:url\" content=\"https:\/\/www.trustedtranslations.com\/pt-br\/idioma\/russo\" \/>\n<meta property=\"og:site_name\" content=\"Trusted Translations, Inc.\" \/>\n<meta property=\"article:publisher\" content=\"https:\/\/www.facebook.com\/Trusted.Translations\" \/>\n<meta property=\"article:modified_time\" content=\"2024-09-02T20:13:41+00:00\" \/>\n<meta property=\"og:image\" content=\"https:\/\/static.trustedtranslations.com\/wp-content\/uploads\/2022\/08\/TT_NEW_FB-1.png\" \/>\n\t<meta property=\"og:image:width\" content=\"1\" \/>\n\t<meta property=\"og:image:height\" content=\"1\" \/>\n\t<meta property=\"og:image:type\" content=\"image\/jpeg\" \/>\n<meta name=\"twitter:card\" content=\"summary_large_image\" \/>\n<meta name=\"twitter:site\" content=\"@TrustedT9ns\" \/>\n<script type=\"application\/ld+json\" class=\"yoast-schema-graph\">{\"@context\":\"https:\\\/\\\/schema.org\",\"@graph\":[{\"@type\":\"WebPage\",\"@id\":\"https:\\\/\\\/www.trustedtranslations.com\\\/pt-br\\\/idioma\\\/russo\",\"url\":\"https:\\\/\\\/www.trustedtranslations.com\\\/pt-br\\\/idioma\\\/russo\",\"name\":\"Servi\u00e7os de tradu\u00e7\u00e3o do russo - Trusted Translations, Inc.\",\"isPartOf\":{\"@id\":\"https:\\\/\\\/www.trustedtranslations.com\\\/pt-br\\\/#website\"},\"primaryImageOfPage\":{\"@id\":\"https:\\\/\\\/www.trustedtranslations.com\\\/pt-br\\\/idioma\\\/russo#primaryimage\"},\"image\":{\"@id\":\"https:\\\/\\\/www.trustedtranslations.com\\\/pt-br\\\/idioma\\\/russo#primaryimage\"},\"thumbnailUrl\":\"https:\\\/\\\/www.trustedtranslations.com\\\/wp-content\\\/uploads\\\/2022\\\/08\\\/TT_NEW_FB-1.png\",\"description\":\"Obtenha servi\u00e7os especializados de tradu\u00e7\u00e3o do russo com a Trusted Translations. Nossos tradutores nativos garantem tradu\u00e7\u00f5es precisas e exatas. Fale conosco hoje mesmo\",\"breadcrumb\":{\"@id\":\"https:\\\/\\\/www.trustedtranslations.com\\\/pt-br\\\/idioma\\\/russo#breadcrumb\"},\"inLanguage\":\"pt-BR\",\"potentialAction\":[{\"@type\":\"ReadAction\",\"target\":[\"https:\\\/\\\/www.trustedtranslations.com\\\/pt-br\\\/idioma\\\/russo\"]}]},{\"@type\":\"ImageObject\",\"inLanguage\":\"pt-BR\",\"@id\":\"https:\\\/\\\/www.trustedtranslations.com\\\/pt-br\\\/idioma\\\/russo#primaryimage\",\"url\":\"https:\\\/\\\/www.trustedtranslations.com\\\/wp-content\\\/uploads\\\/2022\\\/08\\\/TT_NEW_FB-1.png\",\"contentUrl\":\"https:\\\/\\\/www.trustedtranslations.com\\\/wp-content\\\/uploads\\\/2022\\\/08\\\/TT_NEW_FB-1.png\",\"caption\":\"TT NEW FB 1\"},{\"@type\":\"BreadcrumbList\",\"@id\":\"https:\\\/\\\/www.trustedtranslations.com\\\/pt-br\\\/idioma\\\/russo#breadcrumb\",\"itemListElement\":[{\"@type\":\"ListItem\",\"position\":1,\"name\":\"Home\",\"item\":\"https:\\\/\\\/www.trustedtranslations.com\\\/pt-br\"},{\"@type\":\"ListItem\",\"position\":2,\"name\":\"Idiomas\",\"item\":\"https:\\\/\\\/www.trustedtranslations.com\\\/pt-br\\\/idioma\"},{\"@type\":\"ListItem\",\"position\":3,\"name\":\"Russo\"}]},{\"@type\":\"WebSite\",\"@id\":\"https:\\\/\\\/www.trustedtranslations.com\\\/pt-br\\\/#website\",\"url\":\"https:\\\/\\\/www.trustedtranslations.com\\\/pt-br\\\/\",\"name\":\"Trusted Translations, Inc.\",\"description\":\"Leader in translation and interpretation services.\",\"publisher\":{\"@id\":\"https:\\\/\\\/www.trustedtranslations.com\\\/pt-br\\\/#organization\"},\"alternateName\":\"Trusted Translations\",\"potentialAction\":[{\"@type\":\"SearchAction\",\"target\":{\"@type\":\"EntryPoint\",\"urlTemplate\":\"https:\\\/\\\/www.trustedtranslations.com\\\/pt-br\\\/?s={search_term_string}\"},\"query-input\":{\"@type\":\"PropertyValueSpecification\",\"valueRequired\":true,\"valueName\":\"search_term_string\"}}],\"inLanguage\":\"pt-BR\"},{\"@type\":\"Organization\",\"@id\":\"https:\\\/\\\/www.trustedtranslations.com\\\/pt-br\\\/#organization\",\"name\":\"Trusted Translations\",\"alternateName\":\"Trusted Translations, Inc.\",\"url\":\"https:\\\/\\\/www.trustedtranslations.com\\\/pt-br\\\/\",\"logo\":{\"@type\":\"ImageObject\",\"inLanguage\":\"pt-BR\",\"@id\":\"https:\\\/\\\/www.trustedtranslations.com\\\/pt-br\\\/#\\\/schema\\\/logo\\\/image\\\/\",\"url\":\"https:\\\/\\\/static.trustedtranslations.com\\\/wp-content\\\/uploads\\\/2022\\\/01\\\/TT_logo_WSIColors-2.png\",\"contentUrl\":\"https:\\\/\\\/static.trustedtranslations.com\\\/wp-content\\\/uploads\\\/2022\\\/01\\\/TT_logo_WSIColors-2.png\",\"width\":500,\"height\":196,\"caption\":\"Trusted Translations\"},\"image\":{\"@id\":\"https:\\\/\\\/www.trustedtranslations.com\\\/pt-br\\\/#\\\/schema\\\/logo\\\/image\\\/\"},\"sameAs\":[\"https:\\\/\\\/www.facebook.com\\\/Trusted.Translations\",\"https:\\\/\\\/x.com\\\/TrustedT9ns\",\"https:\\\/\\\/www.linkedin.com\\\/company\\\/trusted-translations\"]}]}<\/script>\n<!-- \/ Yoast SEO plugin. -->","yoast_head_json":{"title":"Servi\u00e7os de tradu\u00e7\u00e3o do russo - Trusted Translations, Inc.","description":"Obtenha servi\u00e7os especializados de tradu\u00e7\u00e3o do russo com a Trusted Translations. Nossos tradutores nativos garantem tradu\u00e7\u00f5es precisas e exatas. Fale conosco hoje mesmo","robots":{"index":"index","follow":"follow","max-snippet":"max-snippet:-1","max-image-preview":"max-image-preview:large","max-video-preview":"max-video-preview:-1"},"canonical":"https:\/\/www.trustedtranslations.com\/pt-br\/idioma\/russo","og_locale":"pt_BR","og_type":"article","og_title":"Servi\u00e7os de tradu\u00e7\u00e3o do russo - Trusted Translations, Inc.","og_description":"Obtenha servi\u00e7os especializados de tradu\u00e7\u00e3o do russo com a Trusted Translations. Nossos tradutores nativos garantem tradu\u00e7\u00f5es precisas e exatas. Fale conosco hoje mesmo","og_url":"https:\/\/www.trustedtranslations.com\/pt-br\/idioma\/russo","og_site_name":"Trusted Translations, Inc.","article_publisher":"https:\/\/www.facebook.com\/Trusted.Translations","article_modified_time":"2024-09-02T20:13:41+00:00","og_image":[{"url":"https:\/\/static.trustedtranslations.com\/wp-content\/uploads\/2022\/08\/TT_NEW_FB-1.png","width":1,"height":1,"type":"image\/jpeg"}],"twitter_card":"summary_large_image","twitter_site":"@TrustedT9ns","schema":{"@context":"https:\/\/schema.org","@graph":[{"@type":"WebPage","@id":"https:\/\/www.trustedtranslations.com\/pt-br\/idioma\/russo","url":"https:\/\/www.trustedtranslations.com\/pt-br\/idioma\/russo","name":"Servi\u00e7os de tradu\u00e7\u00e3o do russo - Trusted Translations, Inc.","isPartOf":{"@id":"https:\/\/www.trustedtranslations.com\/pt-br\/#website"},"primaryImageOfPage":{"@id":"https:\/\/www.trustedtranslations.com\/pt-br\/idioma\/russo#primaryimage"},"image":{"@id":"https:\/\/www.trustedtranslations.com\/pt-br\/idioma\/russo#primaryimage"},"thumbnailUrl":"https:\/\/www.trustedtranslations.com\/wp-content\/uploads\/2022\/08\/TT_NEW_FB-1.png","description":"Obtenha servi\u00e7os especializados de tradu\u00e7\u00e3o do russo com a Trusted Translations. Nossos tradutores nativos garantem tradu\u00e7\u00f5es precisas e exatas. Fale conosco hoje mesmo","breadcrumb":{"@id":"https:\/\/www.trustedtranslations.com\/pt-br\/idioma\/russo#breadcrumb"},"inLanguage":"pt-BR","potentialAction":[{"@type":"ReadAction","target":["https:\/\/www.trustedtranslations.com\/pt-br\/idioma\/russo"]}]},{"@type":"ImageObject","inLanguage":"pt-BR","@id":"https:\/\/www.trustedtranslations.com\/pt-br\/idioma\/russo#primaryimage","url":"https:\/\/www.trustedtranslations.com\/wp-content\/uploads\/2022\/08\/TT_NEW_FB-1.png","contentUrl":"https:\/\/www.trustedtranslations.com\/wp-content\/uploads\/2022\/08\/TT_NEW_FB-1.png","caption":"TT NEW FB 1"},{"@type":"BreadcrumbList","@id":"https:\/\/www.trustedtranslations.com\/pt-br\/idioma\/russo#breadcrumb","itemListElement":[{"@type":"ListItem","position":1,"name":"Home","item":"https:\/\/www.trustedtranslations.com\/pt-br"},{"@type":"ListItem","position":2,"name":"Idiomas","item":"https:\/\/www.trustedtranslations.com\/pt-br\/idioma"},{"@type":"ListItem","position":3,"name":"Russo"}]},{"@type":"WebSite","@id":"https:\/\/www.trustedtranslations.com\/pt-br\/#website","url":"https:\/\/www.trustedtranslations.com\/pt-br\/","name":"Trusted Translations, Inc.","description":"Leader in translation and interpretation services.","publisher":{"@id":"https:\/\/www.trustedtranslations.com\/pt-br\/#organization"},"alternateName":"Trusted Translations","potentialAction":[{"@type":"SearchAction","target":{"@type":"EntryPoint","urlTemplate":"https:\/\/www.trustedtranslations.com\/pt-br\/?s={search_term_string}"},"query-input":{"@type":"PropertyValueSpecification","valueRequired":true,"valueName":"search_term_string"}}],"inLanguage":"pt-BR"},{"@type":"Organization","@id":"https:\/\/www.trustedtranslations.com\/pt-br\/#organization","name":"Trusted Translations","alternateName":"Trusted Translations, Inc.","url":"https:\/\/www.trustedtranslations.com\/pt-br\/","logo":{"@type":"ImageObject","inLanguage":"pt-BR","@id":"https:\/\/www.trustedtranslations.com\/pt-br\/#\/schema\/logo\/image\/","url":"https:\/\/static.trustedtranslations.com\/wp-content\/uploads\/2022\/01\/TT_logo_WSIColors-2.png","contentUrl":"https:\/\/static.trustedtranslations.com\/wp-content\/uploads\/2022\/01\/TT_logo_WSIColors-2.png","width":500,"height":196,"caption":"Trusted Translations"},"image":{"@id":"https:\/\/www.trustedtranslations.com\/pt-br\/#\/schema\/logo\/image\/"},"sameAs":["https:\/\/www.facebook.com\/Trusted.Translations","https:\/\/x.com\/TrustedT9ns","https:\/\/www.linkedin.com\/company\/trusted-translations"]}]}},"toolset-meta":{"dyk":{"mensaje-1":{"type":"textfield","raw":"Vinte e cinco por cento de todas as publica\u00e7\u00f5es cient\u00edficas produzidas no mundo s\u00e3o em russo."},"mensaje-2":{"type":"textfield","raw":"O russo \u00e9 o segundo idioma mais usado na internet."},"mensaje-3":{"type":"textfield","raw":"O russo \u00e9 considerado um dos seis idiomas oficiais das Na\u00e7\u00f5es Unidas."},"mensaje-4":{"type":"textfield","raw":"Somos o fornecedor preferencial de tradu\u00e7\u00f5es do russo de alta qualidade para as principais empresas globais."},"mensaje-5":{"type":"textfield","raw":""},"mensaje-6":{"type":"textfield","raw":""}},"single-page-template-fields":{"imgs-temp":{"type":"image","raw":["https:\/\/static.trustedtranslations.com\/wp-content\/uploads\/2024\/06\/russian-1.webp"],"repeatable":[{"raw":"https:\/\/static.trustedtranslations.com\/wp-content\/uploads\/2024\/06\/russian-1.webp"}]},"imgs-temp-cel":{"type":"image","raw":[""],"repeatable":[{"raw":""}]},"img-temp-one-cel":{"type":"image","raw":"https:\/\/static.trustedtranslations.com\/wp-content\/uploads\/2024\/06\/saint-basil-s-cathedral-red-squa.webp","attachment_id":null},"quotes":{"type":"textarea","raw":"<h1 style=\"margin-bottom: 12px;\">Servi\u00e7os de tradu\u00e7\u00e3o do russo<\/h1>O russo est\u00e1 entre os dez idiomas mais falados no mundo, concentrados na Federa\u00e7\u00e3o Russa, Europa Oriental e v\u00e1rias comunidades de imigrantes. Como a maioria dos falantes de russo acessa conte\u00fado apenas em russo, a tradu\u00e7\u00e3o precisa \u00e9 fundamental para alavancar o valor geopol\u00edtico, financeiro e cient\u00edfico da l\u00edngua. Na Trusted Translations, nossos tradutores s\u00e3o especialistas nas complexidades do idioma, incluindo a localiza\u00e7\u00e3o de seus projetos de tradu\u00e7\u00e3o em russo para comunidades e regi\u00f5es espec\u00edficas.<div style=\"margin-top: 2.5vw;\"><a class=\"tt-btn-main-cta\" href=\"\/pt-br\/solicitud-orcamento\">SOLICITE UM OR\u00c7AMENTO GRATUITO<\/a><\/div>"},"text-1":{"type":"textarea","raw":"<h2>Tradu\u00e7\u00f5es profissionais e precisas do russo<\/h2>\r\n<em>A Trusted Translations<\/em> se orgulha de fornecer tradu\u00e7\u00f5es profissionais do russo com alta qualidade a pre\u00e7os competitivos.\r\n\r\nMuitos de nossos clientes est\u00e3o entre algumas das principais empresas e organiza\u00e7\u00f5es do mundo; dessa forma, estamos em uma posi\u00e7\u00e3o \u00fanica para lidar com qualquer tipo de projeto profissional de tradu\u00e7\u00e3o do russo que voc\u00ea possa ter. De pequenas start-ups a grandes corpora\u00e7\u00f5es multinacionais, a <em>Trusted Translations<\/em> aporta uma vasta experi\u00eancia em tradu\u00e7\u00f5es profissionais do russo para sua organiza\u00e7\u00e3o.\r\n<h2 style=\"margin-bottom: 20px\">Tradu\u00e7\u00e3o do idioma russo<\/h2>\r\nO russo \u00e9 o idioma oficial na Federa\u00e7\u00e3o Russa; um idioma co-oficial na Bielorr\u00fassia, no Cazaquist\u00e3o e no Quirguist\u00e3o, e tamb\u00e9m \u00e9 amplamente falado na Ucr\u00e2nia, na Moldova, no Tajiquist\u00e3o, no Uzbequist\u00e3o, assim como em outras antigas rep\u00fablicas sovi\u00e9ticas. Devido a uma extensa imigra\u00e7\u00e3o, tamb\u00e9m \u00e9 falado em muitas outras comunidades menores em todo o mundo. Em Israel, por exemplo, os fabricantes e importadores de medicamentos s\u00e3o obrigados a incluir informa\u00e7\u00f5es do produto em russo na embalagem. Cerca de um quarto de todas as publica\u00e7\u00f5es cient\u00edficas s\u00e3o produzidas em russo e ele \u00e9 um dos seis idiomas oficiais das Na\u00e7\u00f5es Unidas. Devido \u00e0 presen\u00e7a significativa do idioma no mercado global, servi\u00e7os de tradu\u00e7\u00f5es profissionais s\u00e3o necess\u00e1rios para qualquer organiza\u00e7\u00e3o verdadeiramente global.\r\n\r\nUm dos desafios associados ao uso do idioma russo est\u00e1 na localiza\u00e7\u00e3o. Embora o idioma siga oficialmente regras padronizadas, muitas comunidades adaptaram o idioma para refletir a sua localiza\u00e7\u00e3o e ambiente espec\u00edficos. Muitos dos imigrantes em pa\u00edses como os EUA, Israel, Alemanha, Canad\u00e1 e Austr\u00e1lia usam o russo com terminologia local \u201crussificada\u201d misturada. No Brooklyn, em Nova York, por exemplo, \u00e9 pr\u00e1tica comum usar algumas palavras em ingl\u00eas transcritas no corpo de um texto majoritariamente em russo. N\u00e3o importam os desafios, a <em>Trusted Translations<\/em> est\u00e1 equipada para lidar com cada projeto em particular e fornecer a voc\u00ea o servi\u00e7o de tradu\u00e7\u00e3o ou localiza\u00e7\u00e3o com a mais alta qualidade.\r\n\r\nIndependentemente do conte\u00fado das suas tradu\u00e7\u00f5es do russo, temos equipes de tradutores profissionais especializados em diferentes campos. Isso inclui experi\u00eancia nas seguintes \u00e1reas: finan\u00e7as, TI, vendas, marketing, ci\u00eancias, m\u00eddia, jur\u00eddica, viagens, software, neg\u00f3cios, telecomunica\u00e7\u00f5es, corporativa, t\u00e9cnica, rela\u00e7\u00f5es p\u00fablicas, medicina e servi\u00e7os de sa\u00fade, governo, seguros e literatura."},"shortcode-map":{"type":"textfield","raw":""},"dyk-shortcode":{"type":"textfield","raw":"[elementor-template id=\"147273\"]"},"text-2":{"type":"textarea","raw":"<h2 style=\"margin-bottom: 20px\">Tradu\u00e7\u00f5es ingl\u00eas - russo e tradu\u00e7\u00f5es espanhol - russo<\/h2>\r\nTemos orgulho da nossa excelente reputa\u00e7\u00e3o por tradu\u00e7\u00f5es confi\u00e1veis e de alta qualidade do ingl\u00eas para o russo, do espanhol para o russo, do russo para o ingl\u00eas e do russo para o espanhol. Possu\u00edmos equipes de tradutores com diversas habilidades e especialidades, trabalhando com as complexidades do idioma. Adaptamos o conhecimento e os pontos fortes das nossas equipes de tradutores do russo ao seu projeto espec\u00edfico e \u00e0s necessidades do mercado do idioma.\r\n<h2 style=\"margin-bottom: 20px\">Equipes especializadas em tradu\u00e7\u00e3o do russo<\/h2>\r\nO servi\u00e7o prestado pelas nossas equipes de tradutores profissionais do russo inclui edi\u00e7\u00e3o e revis\u00e3o por especialistas independentes, sem custos adicionais. Nossa equipe de profissionais tamb\u00e9m oferece edi\u00e7\u00e3o e revis\u00e3o em russo para tradu\u00e7\u00f5es feitas por outros fornecedores."},"state":{"type":"textfield","raw":""},"city":{"type":"textarea","raw":[]}}},"_links":{"self":[{"href":"https:\/\/www.trustedtranslations.com\/pt-br\/wp-json\/wp\/v2\/pages\/135050","targetHints":{"allow":["GET"]}}],"collection":[{"href":"https:\/\/www.trustedtranslations.com\/pt-br\/wp-json\/wp\/v2\/pages"}],"about":[{"href":"https:\/\/www.trustedtranslations.com\/pt-br\/wp-json\/wp\/v2\/types\/page"}],"author":[{"embeddable":true,"href":"https:\/\/www.trustedtranslations.com\/pt-br\/wp-json\/wp\/v2\/users\/1"}],"replies":[{"embeddable":true,"href":"https:\/\/www.trustedtranslations.com\/pt-br\/wp-json\/wp\/v2\/comments?post=135050"}],"version-history":[{"count":0,"href":"https:\/\/www.trustedtranslations.com\/pt-br\/wp-json\/wp\/v2\/pages\/135050\/revisions"}],"up":[{"embeddable":true,"href":"https:\/\/www.trustedtranslations.com\/pt-br\/wp-json\/wp\/v2\/pages\/135078"}],"wp:featuredmedia":[{"embeddable":true,"href":"https:\/\/www.trustedtranslations.com\/pt-br\/wp-json\/wp\/v2\/media\/243691"}],"wp:attachment":[{"href":"https:\/\/www.trustedtranslations.com\/pt-br\/wp-json\/wp\/v2\/media?parent=135050"}],"curies":[{"name":"wp","href":"https:\/\/api.w.org\/{rel}","templated":true}]}}