{"id":135062,"date":"2018-10-25T18:00:15","date_gmt":"2018-10-25T18:00:15","guid":{"rendered":"https:\/\/www.trustedtranslations.com\/?page_id=135062"},"modified":"2024-09-02T17:08:59","modified_gmt":"2024-09-02T20:08:59","slug":"ingles","status":"publish","type":"page","link":"https:\/\/www.trustedtranslations.com\/pt-br\/idioma\/ingles","title":{"rendered":"Ingl\u00eas"},"content":{"rendered":"","protected":false},"excerpt":{"rendered":"","protected":false},"author":1,"featured_media":139632,"parent":135078,"menu_order":0,"comment_status":"closed","ping_status":"closed","template":"","meta":{"site-sidebar-layout":"default","site-content-layout":"default","ast-site-content-layout":"default","site-content-style":"default","site-sidebar-style":"default","ast-global-header-display":"","ast-banner-title-visibility":"","ast-main-header-display":"","ast-hfb-above-header-display":"","ast-hfb-below-header-display":"","ast-hfb-mobile-header-display":"","site-post-title":"disabled","ast-breadcrumbs-content":"","ast-featured-img":"","footer-sml-layout":"","ast-disable-related-posts":"","theme-transparent-header-meta":"default","adv-header-id-meta":"","stick-header-meta":"","header-above-stick-meta":"","header-main-stick-meta":"","header-below-stick-meta":"","astra-migrate-meta-layouts":"set","ast-page-background-enabled":"default","ast-page-background-meta":{"desktop":{"background-color":"var(--ast-global-color-4)","background-image":"","background-repeat":"repeat","background-position":"center center","background-size":"auto","background-attachment":"scroll","background-type":"","background-media":"","overlay-type":"","overlay-color":"","overlay-opacity":"","overlay-gradient":""},"tablet":{"background-color":"","background-image":"","background-repeat":"repeat","background-position":"center center","background-size":"auto","background-attachment":"scroll","background-type":"","background-media":"","overlay-type":"","overlay-color":"","overlay-opacity":"","overlay-gradient":""},"mobile":{"background-color":"","background-image":"","background-repeat":"repeat","background-position":"center center","background-size":"auto","background-attachment":"scroll","background-type":"","background-media":"","overlay-type":"","overlay-color":"","overlay-opacity":"","overlay-gradient":""}},"ast-content-background-meta":{"desktop":{"background-color":"var(--ast-global-color-5)","background-image":"","background-repeat":"repeat","background-position":"center center","background-size":"auto","background-attachment":"scroll","background-type":"","background-media":"","overlay-type":"","overlay-color":"","overlay-opacity":"","overlay-gradient":""},"tablet":{"background-color":"var(--ast-global-color-5)","background-image":"","background-repeat":"repeat","background-position":"center center","background-size":"auto","background-attachment":"scroll","background-type":"","background-media":"","overlay-type":"","overlay-color":"","overlay-opacity":"","overlay-gradient":""},"mobile":{"background-color":"var(--ast-global-color-5)","background-image":"","background-repeat":"repeat","background-position":"center center","background-size":"auto","background-attachment":"scroll","background-type":"","background-media":"","overlay-type":"","overlay-color":"","overlay-opacity":"","overlay-gradient":""}},"footnotes":""},"class_list":["post-135062","page","type-page","status-publish","has-post-thumbnail","hentry"],"yoast_head":"<!-- This site is optimized with the Yoast SEO plugin v27.3 - https:\/\/yoast.com\/product\/yoast-seo-wordpress\/ -->\n<title>Servi\u00e7os de tradu\u00e7\u00e3o do ingl\u00eas - Trusted Translations, Inc.<\/title>\n<meta name=\"description\" content=\"Servi\u00e7os de tradu\u00e7\u00f5es profissionais do ingl\u00eas por equipes de tradutores especializados em ingl\u00eas com as melhores taxas. Solicite um or\u00e7amento gratuito ou fale com um dos nossos especialistas.\" \/>\n<meta name=\"robots\" content=\"index, follow, max-snippet:-1, max-image-preview:large, max-video-preview:-1\" \/>\n<link rel=\"canonical\" href=\"https:\/\/www.trustedtranslations.com\/pt-br\/idioma\/ingles\" \/>\n<meta property=\"og:locale\" content=\"pt_BR\" \/>\n<meta property=\"og:type\" content=\"article\" \/>\n<meta property=\"og:title\" content=\"Servi\u00e7os de tradu\u00e7\u00e3o do ingl\u00eas - Trusted Translations, Inc.\" \/>\n<meta property=\"og:description\" content=\"Servi\u00e7os de tradu\u00e7\u00f5es profissionais do ingl\u00eas por equipes de tradutores especializados em ingl\u00eas com as melhores taxas. Solicite um or\u00e7amento gratuito ou fale com um dos nossos especialistas.\" \/>\n<meta property=\"og:url\" content=\"https:\/\/www.trustedtranslations.com\/pt-br\/idioma\/ingles\" \/>\n<meta property=\"og:site_name\" content=\"Trusted Translations, Inc.\" \/>\n<meta property=\"article:publisher\" content=\"https:\/\/www.facebook.com\/Trusted.Translations\" \/>\n<meta property=\"article:modified_time\" content=\"2024-09-02T20:08:59+00:00\" \/>\n<meta property=\"og:image\" content=\"https:\/\/static.trustedtranslations.com\/wp-content\/uploads\/2022\/03\/TT_NEW_FB-1.png\" \/>\n\t<meta property=\"og:image:width\" content=\"1038\" \/>\n\t<meta property=\"og:image:height\" content=\"1038\" \/>\n\t<meta property=\"og:image:type\" content=\"image\/png\" \/>\n<meta name=\"twitter:card\" content=\"summary_large_image\" \/>\n<meta name=\"twitter:site\" content=\"@TrustedT9ns\" \/>\n<script type=\"application\/ld+json\" class=\"yoast-schema-graph\">{\"@context\":\"https:\\\/\\\/schema.org\",\"@graph\":[{\"@type\":\"WebPage\",\"@id\":\"https:\\\/\\\/www.trustedtranslations.com\\\/pt-br\\\/idioma\\\/ingles\",\"url\":\"https:\\\/\\\/www.trustedtranslations.com\\\/pt-br\\\/idioma\\\/ingles\",\"name\":\"Servi\u00e7os de tradu\u00e7\u00e3o do ingl\u00eas - Trusted Translations, Inc.\",\"isPartOf\":{\"@id\":\"https:\\\/\\\/www.trustedtranslations.com\\\/pt-br\\\/#website\"},\"primaryImageOfPage\":{\"@id\":\"https:\\\/\\\/www.trustedtranslations.com\\\/pt-br\\\/idioma\\\/ingles#primaryimage\"},\"image\":{\"@id\":\"https:\\\/\\\/www.trustedtranslations.com\\\/pt-br\\\/idioma\\\/ingles#primaryimage\"},\"thumbnailUrl\":\"https:\\\/\\\/www.trustedtranslations.com\\\/wp-content\\\/uploads\\\/2022\\\/03\\\/TT_NEW_FB-1.png\",\"description\":\"Servi\u00e7os de tradu\u00e7\u00f5es profissionais do ingl\u00eas por equipes de tradutores especializados em ingl\u00eas com as melhores taxas. Solicite um or\u00e7amento gratuito ou fale com um dos nossos especialistas.\",\"breadcrumb\":{\"@id\":\"https:\\\/\\\/www.trustedtranslations.com\\\/pt-br\\\/idioma\\\/ingles#breadcrumb\"},\"inLanguage\":\"pt-BR\",\"potentialAction\":[{\"@type\":\"ReadAction\",\"target\":[\"https:\\\/\\\/www.trustedtranslations.com\\\/pt-br\\\/idioma\\\/ingles\"]}]},{\"@type\":\"ImageObject\",\"inLanguage\":\"pt-BR\",\"@id\":\"https:\\\/\\\/www.trustedtranslations.com\\\/pt-br\\\/idioma\\\/ingles#primaryimage\",\"url\":\"https:\\\/\\\/www.trustedtranslations.com\\\/wp-content\\\/uploads\\\/2022\\\/03\\\/TT_NEW_FB-1.png\",\"contentUrl\":\"https:\\\/\\\/www.trustedtranslations.com\\\/wp-content\\\/uploads\\\/2022\\\/03\\\/TT_NEW_FB-1.png\",\"width\":1038,\"height\":1038,\"caption\":\"TT NEW FB 1\"},{\"@type\":\"BreadcrumbList\",\"@id\":\"https:\\\/\\\/www.trustedtranslations.com\\\/pt-br\\\/idioma\\\/ingles#breadcrumb\",\"itemListElement\":[{\"@type\":\"ListItem\",\"position\":1,\"name\":\"Home\",\"item\":\"https:\\\/\\\/www.trustedtranslations.com\\\/pt-br\"},{\"@type\":\"ListItem\",\"position\":2,\"name\":\"Idiomas\",\"item\":\"https:\\\/\\\/www.trustedtranslations.com\\\/pt-br\\\/idioma\"},{\"@type\":\"ListItem\",\"position\":3,\"name\":\"Ingl\u00eas\"}]},{\"@type\":\"WebSite\",\"@id\":\"https:\\\/\\\/www.trustedtranslations.com\\\/pt-br\\\/#website\",\"url\":\"https:\\\/\\\/www.trustedtranslations.com\\\/pt-br\\\/\",\"name\":\"Trusted Translations, Inc.\",\"description\":\"Leader in translation and interpretation services.\",\"publisher\":{\"@id\":\"https:\\\/\\\/www.trustedtranslations.com\\\/pt-br\\\/#organization\"},\"alternateName\":\"Trusted Translations\",\"potentialAction\":[{\"@type\":\"SearchAction\",\"target\":{\"@type\":\"EntryPoint\",\"urlTemplate\":\"https:\\\/\\\/www.trustedtranslations.com\\\/pt-br\\\/?s={search_term_string}\"},\"query-input\":{\"@type\":\"PropertyValueSpecification\",\"valueRequired\":true,\"valueName\":\"search_term_string\"}}],\"inLanguage\":\"pt-BR\"},{\"@type\":\"Organization\",\"@id\":\"https:\\\/\\\/www.trustedtranslations.com\\\/pt-br\\\/#organization\",\"name\":\"Trusted Translations\",\"alternateName\":\"Trusted Translations, Inc.\",\"url\":\"https:\\\/\\\/www.trustedtranslations.com\\\/pt-br\\\/\",\"logo\":{\"@type\":\"ImageObject\",\"inLanguage\":\"pt-BR\",\"@id\":\"https:\\\/\\\/www.trustedtranslations.com\\\/pt-br\\\/#\\\/schema\\\/logo\\\/image\\\/\",\"url\":\"https:\\\/\\\/static.trustedtranslations.com\\\/wp-content\\\/uploads\\\/2022\\\/01\\\/TT_logo_WSIColors-2.png\",\"contentUrl\":\"https:\\\/\\\/static.trustedtranslations.com\\\/wp-content\\\/uploads\\\/2022\\\/01\\\/TT_logo_WSIColors-2.png\",\"width\":500,\"height\":196,\"caption\":\"Trusted Translations\"},\"image\":{\"@id\":\"https:\\\/\\\/www.trustedtranslations.com\\\/pt-br\\\/#\\\/schema\\\/logo\\\/image\\\/\"},\"sameAs\":[\"https:\\\/\\\/www.facebook.com\\\/Trusted.Translations\",\"https:\\\/\\\/x.com\\\/TrustedT9ns\",\"https:\\\/\\\/www.linkedin.com\\\/company\\\/trusted-translations\"]}]}<\/script>\n<!-- \/ Yoast SEO plugin. -->","yoast_head_json":{"title":"Servi\u00e7os de tradu\u00e7\u00e3o do ingl\u00eas - Trusted Translations, Inc.","description":"Servi\u00e7os de tradu\u00e7\u00f5es profissionais do ingl\u00eas por equipes de tradutores especializados em ingl\u00eas com as melhores taxas. Solicite um or\u00e7amento gratuito ou fale com um dos nossos especialistas.","robots":{"index":"index","follow":"follow","max-snippet":"max-snippet:-1","max-image-preview":"max-image-preview:large","max-video-preview":"max-video-preview:-1"},"canonical":"https:\/\/www.trustedtranslations.com\/pt-br\/idioma\/ingles","og_locale":"pt_BR","og_type":"article","og_title":"Servi\u00e7os de tradu\u00e7\u00e3o do ingl\u00eas - Trusted Translations, Inc.","og_description":"Servi\u00e7os de tradu\u00e7\u00f5es profissionais do ingl\u00eas por equipes de tradutores especializados em ingl\u00eas com as melhores taxas. Solicite um or\u00e7amento gratuito ou fale com um dos nossos especialistas.","og_url":"https:\/\/www.trustedtranslations.com\/pt-br\/idioma\/ingles","og_site_name":"Trusted Translations, Inc.","article_publisher":"https:\/\/www.facebook.com\/Trusted.Translations","article_modified_time":"2024-09-02T20:08:59+00:00","og_image":[{"width":1038,"height":1038,"url":"https:\/\/static.trustedtranslations.com\/wp-content\/uploads\/2022\/03\/TT_NEW_FB-1.png","type":"image\/png"}],"twitter_card":"summary_large_image","twitter_site":"@TrustedT9ns","schema":{"@context":"https:\/\/schema.org","@graph":[{"@type":"WebPage","@id":"https:\/\/www.trustedtranslations.com\/pt-br\/idioma\/ingles","url":"https:\/\/www.trustedtranslations.com\/pt-br\/idioma\/ingles","name":"Servi\u00e7os de tradu\u00e7\u00e3o do ingl\u00eas - Trusted Translations, Inc.","isPartOf":{"@id":"https:\/\/www.trustedtranslations.com\/pt-br\/#website"},"primaryImageOfPage":{"@id":"https:\/\/www.trustedtranslations.com\/pt-br\/idioma\/ingles#primaryimage"},"image":{"@id":"https:\/\/www.trustedtranslations.com\/pt-br\/idioma\/ingles#primaryimage"},"thumbnailUrl":"https:\/\/www.trustedtranslations.com\/wp-content\/uploads\/2022\/03\/TT_NEW_FB-1.png","description":"Servi\u00e7os de tradu\u00e7\u00f5es profissionais do ingl\u00eas por equipes de tradutores especializados em ingl\u00eas com as melhores taxas. Solicite um or\u00e7amento gratuito ou fale com um dos nossos especialistas.","breadcrumb":{"@id":"https:\/\/www.trustedtranslations.com\/pt-br\/idioma\/ingles#breadcrumb"},"inLanguage":"pt-BR","potentialAction":[{"@type":"ReadAction","target":["https:\/\/www.trustedtranslations.com\/pt-br\/idioma\/ingles"]}]},{"@type":"ImageObject","inLanguage":"pt-BR","@id":"https:\/\/www.trustedtranslations.com\/pt-br\/idioma\/ingles#primaryimage","url":"https:\/\/www.trustedtranslations.com\/wp-content\/uploads\/2022\/03\/TT_NEW_FB-1.png","contentUrl":"https:\/\/www.trustedtranslations.com\/wp-content\/uploads\/2022\/03\/TT_NEW_FB-1.png","width":1038,"height":1038,"caption":"TT NEW FB 1"},{"@type":"BreadcrumbList","@id":"https:\/\/www.trustedtranslations.com\/pt-br\/idioma\/ingles#breadcrumb","itemListElement":[{"@type":"ListItem","position":1,"name":"Home","item":"https:\/\/www.trustedtranslations.com\/pt-br"},{"@type":"ListItem","position":2,"name":"Idiomas","item":"https:\/\/www.trustedtranslations.com\/pt-br\/idioma"},{"@type":"ListItem","position":3,"name":"Ingl\u00eas"}]},{"@type":"WebSite","@id":"https:\/\/www.trustedtranslations.com\/pt-br\/#website","url":"https:\/\/www.trustedtranslations.com\/pt-br\/","name":"Trusted Translations, Inc.","description":"Leader in translation and interpretation services.","publisher":{"@id":"https:\/\/www.trustedtranslations.com\/pt-br\/#organization"},"alternateName":"Trusted Translations","potentialAction":[{"@type":"SearchAction","target":{"@type":"EntryPoint","urlTemplate":"https:\/\/www.trustedtranslations.com\/pt-br\/?s={search_term_string}"},"query-input":{"@type":"PropertyValueSpecification","valueRequired":true,"valueName":"search_term_string"}}],"inLanguage":"pt-BR"},{"@type":"Organization","@id":"https:\/\/www.trustedtranslations.com\/pt-br\/#organization","name":"Trusted Translations","alternateName":"Trusted Translations, Inc.","url":"https:\/\/www.trustedtranslations.com\/pt-br\/","logo":{"@type":"ImageObject","inLanguage":"pt-BR","@id":"https:\/\/www.trustedtranslations.com\/pt-br\/#\/schema\/logo\/image\/","url":"https:\/\/static.trustedtranslations.com\/wp-content\/uploads\/2022\/01\/TT_logo_WSIColors-2.png","contentUrl":"https:\/\/static.trustedtranslations.com\/wp-content\/uploads\/2022\/01\/TT_logo_WSIColors-2.png","width":500,"height":196,"caption":"Trusted Translations"},"image":{"@id":"https:\/\/www.trustedtranslations.com\/pt-br\/#\/schema\/logo\/image\/"},"sameAs":["https:\/\/www.facebook.com\/Trusted.Translations","https:\/\/x.com\/TrustedT9ns","https:\/\/www.linkedin.com\/company\/trusted-translations"]}]}},"toolset-meta":{"dyk":{"mensaje-1":{"type":"textfield","raw":"Fornecemos a empresas da Fortune 500 tradu\u00e7\u00f5es espanhol-ingl\u00eas com pre\u00e7os abaixo do que os praticados no mercado."},"mensaje-2":{"type":"textfield","raw":"Temos orgulho de fornecer tradu\u00e7\u00f5es de qualidade espanhol-ingl\u00eas para as Na\u00e7\u00f5es Unidas."},"mensaje-3":{"type":"textfield","raw":"Tamb\u00e9m localizamos ingl\u00eas para o Reino Unido, Austr\u00e1lia, Nova Zel\u00e2ndia e Irlanda"},"mensaje-4":{"type":"textfield","raw":"Com tradutores brit\u00e2nicos e americanos na equipe, podemos garantir a voc\u00ea n\u00edveis mais altos de precis\u00e3o"},"mensaje-5":{"type":"textfield","raw":""},"mensaje-6":{"type":"textfield","raw":""}},"single-page-template-fields":{"imgs-temp":{"type":"image","raw":["https:\/\/static.trustedtranslations.com\/wp-content\/uploads\/2024\/05\/english-final-1.webp"],"repeatable":[{"raw":"https:\/\/static.trustedtranslations.com\/wp-content\/uploads\/2024\/05\/english-final-1.webp"}]},"imgs-temp-cel":{"type":"image","raw":[""],"repeatable":[{"raw":""}]},"img-temp-one-cel":{"type":"image","raw":"https:\/\/static.trustedtranslations.com\/wp-content\/uploads\/2024\/05\/AdobeStock_57468239-1-1.webp","attachment_id":null},"quotes":{"type":"textarea","raw":"<h1 style=\"margin-bottom: 12px;\">Servi\u00e7os de tradu\u00e7\u00e3o do ingl\u00eas<\/h1>\r\nMais de 1,5 bilh\u00e3o de pessoas em todo o mundo falam ingl\u00eas; \u00e9 o idioma mais falado no mundo, bem como o idioma mais usado na internet. Com cada vez mais empresas multinacionais adotando o ingl\u00eas como idioma corporativo, o ingl\u00eas \u00e9 crucial para o sucesso nos neg\u00f3cios globais. Como fornecedora l\u00edder de servi\u00e7os de tradu\u00e7\u00e3o em ingl\u00eas, a <em>Trusted Translations <\/em>\u00e9 especializada em projetos de tradu\u00e7\u00e3o complexos e de alto volume de e para o ingl\u00eas americano (EUA), do Reino Unido, ingl\u00eas canadense e muito mais.\r\n<div style=\"margin-top: 2.5vw;\"><a class=\"tt-btn-main-cta\" href=\"https:\/\/www.trustedtranslations.com\/pt-br\/solicitud-orcamento\">Solicite um or\u00e7amento gratuito<\/a><\/div>"},"text-1":{"type":"textarea","raw":"<h2>Solu\u00e7\u00f5es especializadas de tradu\u00e7\u00e3o do ingl\u00eas<\/h2>\r\nOferecemos solu\u00e7\u00f5es de tradu\u00e7\u00f5es profissionais para algumas das principais empresas e organiza\u00e7\u00f5es do mundo. A Trusted Translations se orgulha de fornecer aos seus clientes tradu\u00e7\u00f5es profissionais do ingl\u00eas com alta qualidade aos pre\u00e7os mais competitivos do mercado.\r\n\r\nEstamos em uma posi\u00e7\u00e3o \u00fanica para lidar com qualquer tipo de projeto de tradu\u00e7\u00f5es profissionais que voc\u00ea possa ter. De pequenas start-ups a grandes corpora\u00e7\u00f5es multinacionais, a <em>Trusted Translations<\/em> aporta uma vasta experi\u00eancia em tradu\u00e7\u00f5es profissionais do ingl\u00eas para sua organiza\u00e7\u00e3o.\r\n<h2 style=\"margin-bottom:20px\">Tradu\u00e7\u00e3o do idioma ingl\u00eas<\/h2>\r\nA comunica\u00e7\u00e3o fluente em ingl\u00eas a n\u00edvel nativo \u00e9 uma necessidade prim\u00e1ria para qualquer organiza\u00e7\u00e3o que queira ser bem-sucedida a n\u00edvel global, onde o ingl\u00eas se tornou a l\u00edngua franca. A qualidade das suas tradu\u00e7\u00f5es do ingl\u00eas \u00e9 um reflexo direto de voc\u00ea e do seu neg\u00f3cio. Como l\u00edder no fornecimento de tradu\u00e7\u00f5es profissionais do ingl\u00eas, iremos nos concentrar no que fazemos de melhor, permitindo que voc\u00ea fa\u00e7a o que faz de melhor.\r\n\r\nIndependentemente do tipo de conte\u00fado das suas tradu\u00e7\u00f5es, temos equipes de tradutores profissionais especializados em diferentes campos. Isso inclui experi\u00eancia nas seguintes \u00e1reas: finan\u00e7as, TI, vendas, marketing, m\u00eddia, direito, viagens, software, comunica\u00e7\u00f5es ao consumidor, neg\u00f3cios, telecomunica\u00e7\u00f5es, corporativa, t\u00e9cnica, rela\u00e7\u00f5es p\u00fablicas, medicina e servi\u00e7os de sa\u00fade, governo, seguros e literatura."},"shortcode-map":{"type":"textfield","raw":""},"dyk-shortcode":{"type":"textfield","raw":"[elementor-template id=\"147273\"]"},"text-2":{"type":"textarea","raw":"<h2 style=\"margin-bottom:20px\">Tradu\u00e7\u00e3o do espanhol para o ingl\u00eas<\/h2>\r\nEmbora sejamos especializados em servi\u00e7os de tradu\u00e7\u00f5es do espanhol para o ingl\u00eas e do portugu\u00eas para o ingl\u00eas, frequentemente traduzimos documentos do ingl\u00eas para o franc\u00eas, alem\u00e3o, italiano, coreano, chin\u00eas e japon\u00eas, usando tradutores nativos, experientes e espec\u00edficos do setor.\r\n<h2 style=\"margin-bottom:20px\">Tradu\u00e7\u00e3o do ingl\u00eas americano, brit\u00e2nico e canadense<\/h2>\r\nEm nossas equipes de linguistas profissionais, temos tradutores nativos de ingl\u00eas localizados nos EUA, no Reino Unido, no Canad\u00e1 e em outros pa\u00edses de l\u00edngua inglesa, para garantir que sua tradu\u00e7\u00e3o seja direcionada com precis\u00e3o \u00e0 variante espec\u00edfica do ingl\u00eas que voc\u00ea est\u00e1 procurando.\r\n<h2 style=\"margin-bottom:20px\">Equipes especializadas em tradu\u00e7\u00e3o do ingl\u00eas<\/h2>\r\nO servi\u00e7o prestado pelas nossas equipes de tradutores profissionais inclui edi\u00e7\u00e3o e revis\u00e3o por especialistas independentes, sem custos adicionais. Nossas equipes de profissionais tamb\u00e9m oferecem edi\u00e7\u00e3o e revis\u00e3o em ingl\u00eas para tradu\u00e7\u00f5es feitas por outros fornecedores.\r\n<h2 style=\"margin-bottom:20px\">Varia\u00e7\u00f5es do idioma ingl\u00eas<\/h2>\r\nO idioma ingl\u00eas abrange muitos dialetos diferentes. O tipo de ingl\u00eas encontrado nos Estados Unidos, na Gr\u00e3-Bretanha, no Canad\u00e1, na Austr\u00e1lia, na \u00c1frica do Sul ou em Hong Kong, entre outros, pode variar muito com base na inclina\u00e7\u00e3o lingu\u00edstica de cada pa\u00eds em termos de ortografia, vocabul\u00e1rio, gram\u00e1tica, tom, sistema de medidas, etc. Nossas equipes de tradu\u00e7\u00e3o do ingl\u00eas podem adaptar seus documentos para se adequarem linguisticamente ao destinat\u00e1rio ou mercado pretendidos."},"state":{"type":"textfield","raw":""},"city":{"type":"textarea","raw":[]}}},"_links":{"self":[{"href":"https:\/\/www.trustedtranslations.com\/pt-br\/wp-json\/wp\/v2\/pages\/135062","targetHints":{"allow":["GET"]}}],"collection":[{"href":"https:\/\/www.trustedtranslations.com\/pt-br\/wp-json\/wp\/v2\/pages"}],"about":[{"href":"https:\/\/www.trustedtranslations.com\/pt-br\/wp-json\/wp\/v2\/types\/page"}],"author":[{"embeddable":true,"href":"https:\/\/www.trustedtranslations.com\/pt-br\/wp-json\/wp\/v2\/users\/1"}],"replies":[{"embeddable":true,"href":"https:\/\/www.trustedtranslations.com\/pt-br\/wp-json\/wp\/v2\/comments?post=135062"}],"version-history":[{"count":0,"href":"https:\/\/www.trustedtranslations.com\/pt-br\/wp-json\/wp\/v2\/pages\/135062\/revisions"}],"up":[{"embeddable":true,"href":"https:\/\/www.trustedtranslations.com\/pt-br\/wp-json\/wp\/v2\/pages\/135078"}],"wp:featuredmedia":[{"embeddable":true,"href":"https:\/\/www.trustedtranslations.com\/pt-br\/wp-json\/wp\/v2\/media\/139632"}],"wp:attachment":[{"href":"https:\/\/www.trustedtranslations.com\/pt-br\/wp-json\/wp\/v2\/media?parent=135062"}],"curies":[{"name":"wp","href":"https:\/\/api.w.org\/{rel}","templated":true}]}}