{"id":135063,"date":"2018-10-25T17:30:03","date_gmt":"2018-10-25T17:30:03","guid":{"rendered":"https:\/\/www.trustedtranslations.com\/?page_id=135063"},"modified":"2024-09-02T15:12:02","modified_gmt":"2024-09-02T18:12:02","slug":"holandes","status":"publish","type":"page","link":"https:\/\/www.trustedtranslations.com\/pt-br\/idioma\/holandes","title":{"rendered":"Holand\u00eas"},"content":{"rendered":"","protected":false},"excerpt":{"rendered":"","protected":false},"author":1,"featured_media":139632,"parent":135078,"menu_order":0,"comment_status":"closed","ping_status":"closed","template":"","meta":{"site-sidebar-layout":"default","site-content-layout":"default","ast-site-content-layout":"default","site-content-style":"default","site-sidebar-style":"default","ast-global-header-display":"","ast-banner-title-visibility":"","ast-main-header-display":"","ast-hfb-above-header-display":"","ast-hfb-below-header-display":"","ast-hfb-mobile-header-display":"","site-post-title":"disabled","ast-breadcrumbs-content":"","ast-featured-img":"","footer-sml-layout":"","theme-transparent-header-meta":"default","adv-header-id-meta":"","stick-header-meta":"","header-above-stick-meta":"","header-main-stick-meta":"","header-below-stick-meta":"","astra-migrate-meta-layouts":"set","ast-page-background-enabled":"default","ast-page-background-meta":{"desktop":{"background-color":"var(--ast-global-color-4)","background-image":"","background-repeat":"repeat","background-position":"center center","background-size":"auto","background-attachment":"scroll","background-type":"","background-media":"","overlay-type":"","overlay-color":"","overlay-opacity":"","overlay-gradient":""},"tablet":{"background-color":"","background-image":"","background-repeat":"repeat","background-position":"center center","background-size":"auto","background-attachment":"scroll","background-type":"","background-media":"","overlay-type":"","overlay-color":"","overlay-opacity":"","overlay-gradient":""},"mobile":{"background-color":"","background-image":"","background-repeat":"repeat","background-position":"center center","background-size":"auto","background-attachment":"scroll","background-type":"","background-media":"","overlay-type":"","overlay-color":"","overlay-opacity":"","overlay-gradient":""}},"ast-content-background-meta":{"desktop":{"background-color":"var(--ast-global-color-5)","background-image":"","background-repeat":"repeat","background-position":"center center","background-size":"auto","background-attachment":"scroll","background-type":"","background-media":"","overlay-type":"","overlay-color":"","overlay-opacity":"","overlay-gradient":""},"tablet":{"background-color":"var(--ast-global-color-5)","background-image":"","background-repeat":"repeat","background-position":"center center","background-size":"auto","background-attachment":"scroll","background-type":"","background-media":"","overlay-type":"","overlay-color":"","overlay-opacity":"","overlay-gradient":""},"mobile":{"background-color":"var(--ast-global-color-5)","background-image":"","background-repeat":"repeat","background-position":"center center","background-size":"auto","background-attachment":"scroll","background-type":"","background-media":"","overlay-type":"","overlay-color":"","overlay-opacity":"","overlay-gradient":""}},"footnotes":""},"class_list":["post-135063","page","type-page","status-publish","has-post-thumbnail","hentry"],"yoast_head":"<!-- This site is optimized with the Yoast SEO plugin v27.5 - https:\/\/yoast.com\/product\/yoast-seo-wordpress\/ -->\n<title>Servi\u00e7os de tradu\u00e7\u00e3o do holand\u00eas - Trusted Translations, Inc.<\/title>\n<meta name=\"description\" content=\"Trusted Translations Inc. - Servi\u00e7os especializados de tradu\u00e7\u00e3o do holand\u00eas. Nossos tradutores garantem tradu\u00e7\u00f5es precisas e fluentes, adaptadas \u00e0s suas necessidades. Pe\u00e7a um or\u00e7amento gratuito.\" \/>\n<meta name=\"robots\" content=\"index, follow, max-snippet:-1, max-image-preview:large, max-video-preview:-1\" \/>\n<link rel=\"canonical\" href=\"https:\/\/www.trustedtranslations.com\/pt-br\/idioma\/holandes\" \/>\n<meta property=\"og:locale\" content=\"pt_BR\" \/>\n<meta property=\"og:type\" content=\"article\" \/>\n<meta property=\"og:title\" content=\"Servi\u00e7os de tradu\u00e7\u00e3o do holand\u00eas - Trusted Translations, Inc.\" \/>\n<meta property=\"og:description\" content=\"Trusted Translations Inc. - Servi\u00e7os especializados de tradu\u00e7\u00e3o do holand\u00eas. Nossos tradutores garantem tradu\u00e7\u00f5es precisas e fluentes, adaptadas \u00e0s suas necessidades. Pe\u00e7a um or\u00e7amento gratuito.\" \/>\n<meta property=\"og:url\" content=\"https:\/\/www.trustedtranslations.com\/pt-br\/idioma\/holandes\" \/>\n<meta property=\"og:site_name\" content=\"Trusted Translations, Inc.\" \/>\n<meta property=\"article:publisher\" content=\"https:\/\/www.facebook.com\/Trusted.Translations\" \/>\n<meta property=\"article:modified_time\" content=\"2024-09-02T18:12:02+00:00\" \/>\n<meta property=\"og:image\" content=\"https:\/\/static.trustedtranslations.com\/wp-content\/uploads\/2022\/03\/TT_NEW_FB-1.png\" \/>\n\t<meta property=\"og:image:width\" content=\"1038\" \/>\n\t<meta property=\"og:image:height\" content=\"1038\" \/>\n\t<meta property=\"og:image:type\" content=\"image\/png\" \/>\n<meta name=\"twitter:card\" content=\"summary_large_image\" \/>\n<meta name=\"twitter:site\" content=\"@TrustedT9ns\" \/>\n<script type=\"application\/ld+json\" class=\"yoast-schema-graph\">{\"@context\":\"https:\\\/\\\/schema.org\",\"@graph\":[{\"@type\":\"WebPage\",\"@id\":\"https:\\\/\\\/www.trustedtranslations.com\\\/pt-br\\\/idioma\\\/holandes\",\"url\":\"https:\\\/\\\/www.trustedtranslations.com\\\/pt-br\\\/idioma\\\/holandes\",\"name\":\"Servi\u00e7os de tradu\u00e7\u00e3o do holand\u00eas - Trusted Translations, Inc.\",\"isPartOf\":{\"@id\":\"https:\\\/\\\/www.trustedtranslations.com\\\/pt-br\\\/#website\"},\"primaryImageOfPage\":{\"@id\":\"https:\\\/\\\/www.trustedtranslations.com\\\/pt-br\\\/idioma\\\/holandes#primaryimage\"},\"image\":{\"@id\":\"https:\\\/\\\/www.trustedtranslations.com\\\/pt-br\\\/idioma\\\/holandes#primaryimage\"},\"thumbnailUrl\":\"https:\\\/\\\/www.trustedtranslations.com\\\/wp-content\\\/uploads\\\/2022\\\/03\\\/TT_NEW_FB-1.png\",\"description\":\"Trusted Translations Inc. - Servi\u00e7os especializados de tradu\u00e7\u00e3o do holand\u00eas. Nossos tradutores garantem tradu\u00e7\u00f5es precisas e fluentes, adaptadas \u00e0s suas necessidades. Pe\u00e7a um or\u00e7amento gratuito.\",\"breadcrumb\":{\"@id\":\"https:\\\/\\\/www.trustedtranslations.com\\\/pt-br\\\/idioma\\\/holandes#breadcrumb\"},\"inLanguage\":\"pt-BR\",\"potentialAction\":[{\"@type\":\"ReadAction\",\"target\":[\"https:\\\/\\\/www.trustedtranslations.com\\\/pt-br\\\/idioma\\\/holandes\"]}]},{\"@type\":\"ImageObject\",\"inLanguage\":\"pt-BR\",\"@id\":\"https:\\\/\\\/www.trustedtranslations.com\\\/pt-br\\\/idioma\\\/holandes#primaryimage\",\"url\":\"https:\\\/\\\/www.trustedtranslations.com\\\/wp-content\\\/uploads\\\/2022\\\/03\\\/TT_NEW_FB-1.png\",\"contentUrl\":\"https:\\\/\\\/www.trustedtranslations.com\\\/wp-content\\\/uploads\\\/2022\\\/03\\\/TT_NEW_FB-1.png\",\"width\":1038,\"height\":1038,\"caption\":\"TT NEW FB 1\"},{\"@type\":\"BreadcrumbList\",\"@id\":\"https:\\\/\\\/www.trustedtranslations.com\\\/pt-br\\\/idioma\\\/holandes#breadcrumb\",\"itemListElement\":[{\"@type\":\"ListItem\",\"position\":1,\"name\":\"Home\",\"item\":\"https:\\\/\\\/www.trustedtranslations.com\\\/pt-br\"},{\"@type\":\"ListItem\",\"position\":2,\"name\":\"Idiomas\",\"item\":\"https:\\\/\\\/www.trustedtranslations.com\\\/pt-br\\\/idioma\"},{\"@type\":\"ListItem\",\"position\":3,\"name\":\"Holand\u00eas\"}]},{\"@type\":\"WebSite\",\"@id\":\"https:\\\/\\\/www.trustedtranslations.com\\\/pt-br\\\/#website\",\"url\":\"https:\\\/\\\/www.trustedtranslations.com\\\/pt-br\\\/\",\"name\":\"Trusted Translations, Inc.\",\"description\":\"Leader in translation and interpretation services.\",\"publisher\":{\"@id\":\"https:\\\/\\\/www.trustedtranslations.com\\\/pt-br\\\/#organization\"},\"alternateName\":\"Trusted Translations\",\"potentialAction\":[{\"@type\":\"SearchAction\",\"target\":{\"@type\":\"EntryPoint\",\"urlTemplate\":\"https:\\\/\\\/www.trustedtranslations.com\\\/pt-br\\\/?s={search_term_string}\"},\"query-input\":{\"@type\":\"PropertyValueSpecification\",\"valueRequired\":true,\"valueName\":\"search_term_string\"}}],\"inLanguage\":\"pt-BR\"},{\"@type\":\"Organization\",\"@id\":\"https:\\\/\\\/www.trustedtranslations.com\\\/pt-br\\\/#organization\",\"name\":\"Trusted Translations\",\"alternateName\":\"Trusted Translations, Inc.\",\"url\":\"https:\\\/\\\/www.trustedtranslations.com\\\/pt-br\\\/\",\"logo\":{\"@type\":\"ImageObject\",\"inLanguage\":\"pt-BR\",\"@id\":\"https:\\\/\\\/www.trustedtranslations.com\\\/pt-br\\\/#\\\/schema\\\/logo\\\/image\\\/\",\"url\":\"https:\\\/\\\/static.trustedtranslations.com\\\/wp-content\\\/uploads\\\/2022\\\/01\\\/TT_logo_WSIColors-2.png\",\"contentUrl\":\"https:\\\/\\\/static.trustedtranslations.com\\\/wp-content\\\/uploads\\\/2022\\\/01\\\/TT_logo_WSIColors-2.png\",\"width\":500,\"height\":196,\"caption\":\"Trusted Translations\"},\"image\":{\"@id\":\"https:\\\/\\\/www.trustedtranslations.com\\\/pt-br\\\/#\\\/schema\\\/logo\\\/image\\\/\"},\"sameAs\":[\"https:\\\/\\\/www.facebook.com\\\/Trusted.Translations\",\"https:\\\/\\\/x.com\\\/TrustedT9ns\",\"https:\\\/\\\/www.linkedin.com\\\/company\\\/trusted-translations\"]}]}<\/script>\n<!-- \/ Yoast SEO plugin. -->","yoast_head_json":{"title":"Servi\u00e7os de tradu\u00e7\u00e3o do holand\u00eas - Trusted Translations, Inc.","description":"Trusted Translations Inc. - Servi\u00e7os especializados de tradu\u00e7\u00e3o do holand\u00eas. Nossos tradutores garantem tradu\u00e7\u00f5es precisas e fluentes, adaptadas \u00e0s suas necessidades. Pe\u00e7a um or\u00e7amento gratuito.","robots":{"index":"index","follow":"follow","max-snippet":"max-snippet:-1","max-image-preview":"max-image-preview:large","max-video-preview":"max-video-preview:-1"},"canonical":"https:\/\/www.trustedtranslations.com\/pt-br\/idioma\/holandes","og_locale":"pt_BR","og_type":"article","og_title":"Servi\u00e7os de tradu\u00e7\u00e3o do holand\u00eas - Trusted Translations, Inc.","og_description":"Trusted Translations Inc. - Servi\u00e7os especializados de tradu\u00e7\u00e3o do holand\u00eas. Nossos tradutores garantem tradu\u00e7\u00f5es precisas e fluentes, adaptadas \u00e0s suas necessidades. Pe\u00e7a um or\u00e7amento gratuito.","og_url":"https:\/\/www.trustedtranslations.com\/pt-br\/idioma\/holandes","og_site_name":"Trusted Translations, Inc.","article_publisher":"https:\/\/www.facebook.com\/Trusted.Translations","article_modified_time":"2024-09-02T18:12:02+00:00","og_image":[{"width":1038,"height":1038,"url":"https:\/\/static.trustedtranslations.com\/wp-content\/uploads\/2022\/03\/TT_NEW_FB-1.png","type":"image\/png"}],"twitter_card":"summary_large_image","twitter_site":"@TrustedT9ns","schema":{"@context":"https:\/\/schema.org","@graph":[{"@type":"WebPage","@id":"https:\/\/www.trustedtranslations.com\/pt-br\/idioma\/holandes","url":"https:\/\/www.trustedtranslations.com\/pt-br\/idioma\/holandes","name":"Servi\u00e7os de tradu\u00e7\u00e3o do holand\u00eas - Trusted Translations, Inc.","isPartOf":{"@id":"https:\/\/www.trustedtranslations.com\/pt-br\/#website"},"primaryImageOfPage":{"@id":"https:\/\/www.trustedtranslations.com\/pt-br\/idioma\/holandes#primaryimage"},"image":{"@id":"https:\/\/www.trustedtranslations.com\/pt-br\/idioma\/holandes#primaryimage"},"thumbnailUrl":"https:\/\/www.trustedtranslations.com\/wp-content\/uploads\/2022\/03\/TT_NEW_FB-1.png","description":"Trusted Translations Inc. - Servi\u00e7os especializados de tradu\u00e7\u00e3o do holand\u00eas. Nossos tradutores garantem tradu\u00e7\u00f5es precisas e fluentes, adaptadas \u00e0s suas necessidades. Pe\u00e7a um or\u00e7amento gratuito.","breadcrumb":{"@id":"https:\/\/www.trustedtranslations.com\/pt-br\/idioma\/holandes#breadcrumb"},"inLanguage":"pt-BR","potentialAction":[{"@type":"ReadAction","target":["https:\/\/www.trustedtranslations.com\/pt-br\/idioma\/holandes"]}]},{"@type":"ImageObject","inLanguage":"pt-BR","@id":"https:\/\/www.trustedtranslations.com\/pt-br\/idioma\/holandes#primaryimage","url":"https:\/\/www.trustedtranslations.com\/wp-content\/uploads\/2022\/03\/TT_NEW_FB-1.png","contentUrl":"https:\/\/www.trustedtranslations.com\/wp-content\/uploads\/2022\/03\/TT_NEW_FB-1.png","width":1038,"height":1038,"caption":"TT NEW FB 1"},{"@type":"BreadcrumbList","@id":"https:\/\/www.trustedtranslations.com\/pt-br\/idioma\/holandes#breadcrumb","itemListElement":[{"@type":"ListItem","position":1,"name":"Home","item":"https:\/\/www.trustedtranslations.com\/pt-br"},{"@type":"ListItem","position":2,"name":"Idiomas","item":"https:\/\/www.trustedtranslations.com\/pt-br\/idioma"},{"@type":"ListItem","position":3,"name":"Holand\u00eas"}]},{"@type":"WebSite","@id":"https:\/\/www.trustedtranslations.com\/pt-br\/#website","url":"https:\/\/www.trustedtranslations.com\/pt-br\/","name":"Trusted Translations, Inc.","description":"Leader in translation and interpretation services.","publisher":{"@id":"https:\/\/www.trustedtranslations.com\/pt-br\/#organization"},"alternateName":"Trusted Translations","potentialAction":[{"@type":"SearchAction","target":{"@type":"EntryPoint","urlTemplate":"https:\/\/www.trustedtranslations.com\/pt-br\/?s={search_term_string}"},"query-input":{"@type":"PropertyValueSpecification","valueRequired":true,"valueName":"search_term_string"}}],"inLanguage":"pt-BR"},{"@type":"Organization","@id":"https:\/\/www.trustedtranslations.com\/pt-br\/#organization","name":"Trusted Translations","alternateName":"Trusted Translations, Inc.","url":"https:\/\/www.trustedtranslations.com\/pt-br\/","logo":{"@type":"ImageObject","inLanguage":"pt-BR","@id":"https:\/\/www.trustedtranslations.com\/pt-br\/#\/schema\/logo\/image\/","url":"https:\/\/static.trustedtranslations.com\/wp-content\/uploads\/2022\/01\/TT_logo_WSIColors-2.png","contentUrl":"https:\/\/static.trustedtranslations.com\/wp-content\/uploads\/2022\/01\/TT_logo_WSIColors-2.png","width":500,"height":196,"caption":"Trusted Translations"},"image":{"@id":"https:\/\/www.trustedtranslations.com\/pt-br\/#\/schema\/logo\/image\/"},"sameAs":["https:\/\/www.facebook.com\/Trusted.Translations","https:\/\/x.com\/TrustedT9ns","https:\/\/www.linkedin.com\/company\/trusted-translations"]}]}},"toolset-meta":{"dyk":{"mensaje-1":{"type":"textfield","raw":"Somos uma das poucas empresas de tradu\u00e7\u00e3o com tradutores nativos do holand\u00eas em nossa equipe."},"mensaje-2":{"type":"textfield","raw":"A Trusted Translations tem pontos de presen\u00e7a por toda a Europa, inclusive na B\u00e9lgica."},"mensaje-3":{"type":"textfield","raw":"Embora sejam considerados o mesmo idioma, o neerland\u00eas e o holand\u00eas t\u00eam diferen\u00e7as sutis."},"mensaje-4":{"type":"textfield","raw":""},"mensaje-5":{"type":"textfield","raw":""},"mensaje-6":{"type":"textfield","raw":""}},"single-page-template-fields":{"imgs-temp":{"type":"image","raw":["https:\/\/static.trustedtranslations.com\/wp-content\/uploads\/2024\/05\/dutch-1-1.webp","https:\/\/static.trustedtranslations.com\/wp-content\/uploads\/2024\/05\/dutch-2-1.webp"],"repeatable":[{"raw":"https:\/\/static.trustedtranslations.com\/wp-content\/uploads\/2024\/05\/dutch-1-1.webp"},{"raw":"https:\/\/static.trustedtranslations.com\/wp-content\/uploads\/2024\/05\/dutch-2-1.webp"}]},"imgs-temp-cel":{"type":"image","raw":[""],"repeatable":[{"raw":""}]},"img-temp-one-cel":{"type":"image","raw":"https:\/\/static.trustedtranslations.com\/wp-content\/uploads\/2024\/05\/image-9-1.webp","attachment_id":null},"quotes":{"type":"textarea","raw":"<h1 style=\"margin-bottom: 12px;\">Servi\u00e7os de tradu\u00e7\u00e3o do holand\u00eas<\/h1>\r\nO holand\u00eas tem cerca de 23 milh\u00f5es de falantes nativos em todo o mundo, concentrados na Holanda, B\u00e9lgica e Suriname. O holand\u00eas \u00e9 fundamental para atingir esses novos mercados, especialmente na Holanda, um dos principais pa\u00edses da UE em termos de conectividade digital e inova\u00e7\u00e3o. A <em>Trusted Translations <\/em>oferece tradutores do holand\u00eas profissionais que s\u00e3o versados no idioma holand\u00eas, bem como nas distin\u00e7\u00f5es cruciais entre o holand\u00eas gen\u00e9rico e o neerland\u00eas.\r\n<div style=\"margin-top: 2.5vw;\"><a class=\"tt-btn-main-cta\" href=\"https:\/\/www.trustedtranslations.com\/pt-br\/solicitud-orcamento\">Solicite um or\u00e7amento gratuito<\/a><\/div>"},"text-1":{"type":"textarea","raw":"<h2>Tradu\u00e7\u00f5es profissionais do holand\u00eas de alta qualidade<\/h2>\r\n<em>A Trusted Translations<\/em> se orgulha de fornecer tradu\u00e7\u00f5es profissionais do holand\u00eas com alta qualidade a pre\u00e7os competitivos.\r\n\r\nMuitos de nossos clientes est\u00e3o entre algumas das principais empresas e organiza\u00e7\u00f5es do mundo; dessa forma, estamos em uma posi\u00e7\u00e3o \u00fanica para lidar com qualquer tipo de projeto profissional de tradu\u00e7\u00e3o do holand\u00eas que voc\u00ea possa ter. De pequenas start-ups a grandes corpora\u00e7\u00f5es multinacionais, a <em>Trusted Translations<\/em> aporta uma vasta experi\u00eancia em tradu\u00e7\u00f5es profissionais para sua organiza\u00e7\u00e3o.\r\n<h2 style=\"margin-bottom:20px\">Tradu\u00e7\u00e3o do holand\u00eas e do neerland\u00eas<\/h2>\r\nO grupo de idiomas holand\u00eas e neerland\u00eas abrange mais de 25 milh\u00f5es de falantes nativos, que fazem parte de uma regi\u00e3o economicamente poderosa que engloba a B\u00e9lgica e a Holanda. Al\u00e9m disso, a B\u00e9lgica e a Holanda sempre desempenharam um papel central na Uni\u00e3o Europeia, tanto hist\u00f3rica como geograficamente. A regi\u00e3o de Flandres, na B\u00e9lgica, e a \u00e1rea de Randstad (que consiste de Amsterd\u00e3 e Roterd\u00e3, entre outras cidades), na Holanda, s\u00e3o um entroncamento industrial e log\u00edstico com alguns dos maiores portos do mundo e uma extensa rede de rodovias e ramais.\r\n\r\nEmbora tecnicamente o mesmo idioma, existem diferen\u00e7as entre o holand\u00eas (falado na Holanda) e o neerland\u00eas (falado no norte da B\u00e9lgica, conhecido como Flandres). Do ponto de vista \"cl\u00e1ssico\u201d, o neerland\u00eas e o holand\u00eas s\u00e3o iguais. No entanto, do ponto de vista cultural, holandeses e neerlandeses t\u00eam suas diferen\u00e7as, que s\u00e3o semelhantes \u00e0s do ingl\u00eas dos EUA e do Reino Unido.\r\n\r\nNo caso do holand\u00eas e do neerland\u00eas, a diferen\u00e7a est\u00e1 no uso das palavras e no significado. Na verdade, n\u00e3o h\u00e1 diferen\u00e7as ortogr\u00e1ficas ou gramaticais entre as duas variantes lingu\u00edsticas. Embora um idioma holand\u00eas relativamente uniforme seja falado na Holanda e em Flandres, existem certas diferen\u00e7as. Na <em>Trusted Translations<\/em>, entendemos essas diferen\u00e7as sutis, mas importantes, e garantiremos que as suas tradu\u00e7\u00f5es sejam adaptadas ao seu p\u00fablico-alvo."},"shortcode-map":{"type":"textfield","raw":""},"dyk-shortcode":{"type":"textfield","raw":"[elementor-template id=\"147273\"]"},"text-2":{"type":"textarea","raw":"<h2 style=\"margin-bottom:20px\">Tradu\u00e7\u00e3o do ingl\u00eas para o holand\u00eas e do espanhol para o holand\u00eas<\/h2>\r\nA comunica\u00e7\u00e3o fluente no idioma holand\u00eas \u00e9 uma compet\u00eancia essencial para todas as empresas que buscam ter sucesso no s\u00e9culo XXI. A qualidade das suas tradu\u00e7\u00f5es do holand\u00eas \u00e9 um reflexo direto de voc\u00ea e do seu neg\u00f3cio. Como l\u00edder no fornecimento de tradu\u00e7\u00f5es profissionais, iremos nos concentrar no que fazemos de melhor, permitindo que voc\u00ea fa\u00e7a o que faz de melhor.\r\n\r\nIndependentemente do tipo de conte\u00fado das suas tradu\u00e7\u00f5es, temos equipes de tradutores profissionais especializados em diferentes campos. Isso inclui experi\u00eancia nas seguintes \u00e1reas: finan\u00e7as, TI, vendas, marketing, m\u00eddia, direito, viagens, software, comunica\u00e7\u00f5es ao consumidor, neg\u00f3cios, telecomunica\u00e7\u00f5es, corporativa, t\u00e9cnica, rela\u00e7\u00f5es p\u00fablicas, medicina e servi\u00e7os de sa\u00fade, governo, seguros e literatura.\r\n\r\nEmbora sejamos especializados em servi\u00e7os de tradu\u00e7\u00f5es do ingl\u00eas para o holand\u00eas e do espanhol para o holand\u00eas, frequentemente traduzimos documentos entre o holand\u00eas e o franc\u00eas, alem\u00e3o, italiano, coreano, chin\u00eas e japon\u00eas, usando tradutores do holand\u00eas especializados, nativos e espec\u00edficos do setor.\r\n<h2 style=\"margin-bottom:20px\">Equipes especializadas em tradu\u00e7\u00e3o do holand\u00eas<\/h2>\r\nO servi\u00e7o prestado pelas nossas equipes de tradutores profissionais do holand\u00eas e do neerland\u00eas inclui edi\u00e7\u00e3o e revis\u00e3o por especialistas independentes, sem custos adicionais. Nossas equipes de profissionais tamb\u00e9m oferecem edi\u00e7\u00e3o e revis\u00e3o para tradu\u00e7\u00f5es feitas por outros fornecedores."},"state":{"type":"textfield","raw":""},"city":{"type":"textarea","raw":[]}}},"_links":{"self":[{"href":"https:\/\/www.trustedtranslations.com\/pt-br\/wp-json\/wp\/v2\/pages\/135063","targetHints":{"allow":["GET"]}}],"collection":[{"href":"https:\/\/www.trustedtranslations.com\/pt-br\/wp-json\/wp\/v2\/pages"}],"about":[{"href":"https:\/\/www.trustedtranslations.com\/pt-br\/wp-json\/wp\/v2\/types\/page"}],"author":[{"embeddable":true,"href":"https:\/\/www.trustedtranslations.com\/pt-br\/wp-json\/wp\/v2\/users\/1"}],"replies":[{"embeddable":true,"href":"https:\/\/www.trustedtranslations.com\/pt-br\/wp-json\/wp\/v2\/comments?post=135063"}],"version-history":[{"count":0,"href":"https:\/\/www.trustedtranslations.com\/pt-br\/wp-json\/wp\/v2\/pages\/135063\/revisions"}],"up":[{"embeddable":true,"href":"https:\/\/www.trustedtranslations.com\/pt-br\/wp-json\/wp\/v2\/pages\/135078"}],"wp:featuredmedia":[{"embeddable":true,"href":"https:\/\/www.trustedtranslations.com\/pt-br\/wp-json\/wp\/v2\/media\/139632"}],"wp:attachment":[{"href":"https:\/\/www.trustedtranslations.com\/pt-br\/wp-json\/wp\/v2\/media?parent=135063"}],"curies":[{"name":"wp","href":"https:\/\/api.w.org\/{rel}","templated":true}]}}