{"id":135066,"date":"2018-10-25T16:30:39","date_gmt":"2018-10-25T16:30:39","guid":{"rendered":"https:\/\/www.trustedtranslations.com\/?page_id=135066"},"modified":"2024-09-02T15:02:58","modified_gmt":"2024-09-02T18:02:58","slug":"chines","status":"publish","type":"page","link":"https:\/\/www.trustedtranslations.com\/pt-br\/idioma\/chines","title":{"rendered":"Chin\u00eas"},"content":{"rendered":"","protected":false},"excerpt":{"rendered":"","protected":false},"author":1,"featured_media":139632,"parent":135078,"menu_order":0,"comment_status":"closed","ping_status":"closed","template":"","meta":{"site-sidebar-layout":"default","site-content-layout":"default","ast-site-content-layout":"default","site-content-style":"default","site-sidebar-style":"default","ast-global-header-display":"","ast-banner-title-visibility":"","ast-main-header-display":"","ast-hfb-above-header-display":"","ast-hfb-below-header-display":"","ast-hfb-mobile-header-display":"","site-post-title":"disabled","ast-breadcrumbs-content":"","ast-featured-img":"","footer-sml-layout":"","ast-disable-related-posts":"","theme-transparent-header-meta":"default","adv-header-id-meta":"","stick-header-meta":"","header-above-stick-meta":"","header-main-stick-meta":"","header-below-stick-meta":"","astra-migrate-meta-layouts":"set","ast-page-background-enabled":"default","ast-page-background-meta":{"desktop":{"background-color":"var(--ast-global-color-4)","background-image":"","background-repeat":"repeat","background-position":"center center","background-size":"auto","background-attachment":"scroll","background-type":"","background-media":"","overlay-type":"","overlay-color":"","overlay-opacity":"","overlay-gradient":""},"tablet":{"background-color":"","background-image":"","background-repeat":"repeat","background-position":"center center","background-size":"auto","background-attachment":"scroll","background-type":"","background-media":"","overlay-type":"","overlay-color":"","overlay-opacity":"","overlay-gradient":""},"mobile":{"background-color":"","background-image":"","background-repeat":"repeat","background-position":"center center","background-size":"auto","background-attachment":"scroll","background-type":"","background-media":"","overlay-type":"","overlay-color":"","overlay-opacity":"","overlay-gradient":""}},"ast-content-background-meta":{"desktop":{"background-color":"var(--ast-global-color-5)","background-image":"","background-repeat":"repeat","background-position":"center center","background-size":"auto","background-attachment":"scroll","background-type":"","background-media":"","overlay-type":"","overlay-color":"","overlay-opacity":"","overlay-gradient":""},"tablet":{"background-color":"var(--ast-global-color-5)","background-image":"","background-repeat":"repeat","background-position":"center center","background-size":"auto","background-attachment":"scroll","background-type":"","background-media":"","overlay-type":"","overlay-color":"","overlay-opacity":"","overlay-gradient":""},"mobile":{"background-color":"var(--ast-global-color-5)","background-image":"","background-repeat":"repeat","background-position":"center center","background-size":"auto","background-attachment":"scroll","background-type":"","background-media":"","overlay-type":"","overlay-color":"","overlay-opacity":"","overlay-gradient":""}},"footnotes":""},"class_list":["post-135066","page","type-page","status-publish","has-post-thumbnail","hentry"],"yoast_head":"<!-- This site is optimized with the Yoast SEO plugin v27.3 - https:\/\/yoast.com\/product\/yoast-seo-wordpress\/ -->\n<title>Servi\u00e7os de tradu\u00e7\u00e3o do chin\u00eas - Trusted Translations, Inc.<\/title>\n<meta name=\"description\" content=\"Trusted Translations, Inc. Servi\u00e7os de tradu\u00e7\u00e3o do chin\u00eas. Nossos tradutores nativos entregam tradu\u00e7\u00f5es precisas e adequadas. Entre em contato conosco para obter um or\u00e7amento gratuito.\" \/>\n<meta name=\"robots\" content=\"index, follow, max-snippet:-1, max-image-preview:large, max-video-preview:-1\" \/>\n<link rel=\"canonical\" href=\"https:\/\/www.trustedtranslations.com\/pt-br\/idioma\/chines\" \/>\n<meta property=\"og:locale\" content=\"pt_BR\" \/>\n<meta property=\"og:type\" content=\"article\" \/>\n<meta property=\"og:title\" content=\"Servi\u00e7os de tradu\u00e7\u00e3o do chin\u00eas - Trusted Translations, Inc.\" \/>\n<meta property=\"og:description\" content=\"Trusted Translations, Inc. Servi\u00e7os de tradu\u00e7\u00e3o do chin\u00eas. Nossos tradutores nativos entregam tradu\u00e7\u00f5es precisas e adequadas. Entre em contato conosco para obter um or\u00e7amento gratuito.\" \/>\n<meta property=\"og:url\" content=\"https:\/\/www.trustedtranslations.com\/pt-br\/idioma\/chines\" \/>\n<meta property=\"og:site_name\" content=\"Trusted Translations, Inc.\" \/>\n<meta property=\"article:publisher\" content=\"https:\/\/www.facebook.com\/Trusted.Translations\" \/>\n<meta property=\"article:modified_time\" content=\"2024-09-02T18:02:58+00:00\" \/>\n<meta property=\"og:image\" content=\"https:\/\/static.trustedtranslations.com\/wp-content\/uploads\/2022\/03\/TT_NEW_FB-1.png\" \/>\n\t<meta property=\"og:image:width\" content=\"1038\" \/>\n\t<meta property=\"og:image:height\" content=\"1038\" \/>\n\t<meta property=\"og:image:type\" content=\"image\/png\" \/>\n<meta name=\"twitter:card\" content=\"summary_large_image\" \/>\n<meta name=\"twitter:site\" content=\"@TrustedT9ns\" \/>\n<script type=\"application\/ld+json\" class=\"yoast-schema-graph\">{\"@context\":\"https:\\\/\\\/schema.org\",\"@graph\":[{\"@type\":\"WebPage\",\"@id\":\"https:\\\/\\\/www.trustedtranslations.com\\\/pt-br\\\/idioma\\\/chines\",\"url\":\"https:\\\/\\\/www.trustedtranslations.com\\\/pt-br\\\/idioma\\\/chines\",\"name\":\"Servi\u00e7os de tradu\u00e7\u00e3o do chin\u00eas - Trusted Translations, Inc.\",\"isPartOf\":{\"@id\":\"https:\\\/\\\/www.trustedtranslations.com\\\/pt-br\\\/#website\"},\"primaryImageOfPage\":{\"@id\":\"https:\\\/\\\/www.trustedtranslations.com\\\/pt-br\\\/idioma\\\/chines#primaryimage\"},\"image\":{\"@id\":\"https:\\\/\\\/www.trustedtranslations.com\\\/pt-br\\\/idioma\\\/chines#primaryimage\"},\"thumbnailUrl\":\"https:\\\/\\\/www.trustedtranslations.com\\\/wp-content\\\/uploads\\\/2022\\\/03\\\/TT_NEW_FB-1.png\",\"description\":\"Trusted Translations, Inc. Servi\u00e7os de tradu\u00e7\u00e3o do chin\u00eas. Nossos tradutores nativos entregam tradu\u00e7\u00f5es precisas e adequadas. Entre em contato conosco para obter um or\u00e7amento gratuito.\",\"breadcrumb\":{\"@id\":\"https:\\\/\\\/www.trustedtranslations.com\\\/pt-br\\\/idioma\\\/chines#breadcrumb\"},\"inLanguage\":\"pt-BR\",\"potentialAction\":[{\"@type\":\"ReadAction\",\"target\":[\"https:\\\/\\\/www.trustedtranslations.com\\\/pt-br\\\/idioma\\\/chines\"]}]},{\"@type\":\"ImageObject\",\"inLanguage\":\"pt-BR\",\"@id\":\"https:\\\/\\\/www.trustedtranslations.com\\\/pt-br\\\/idioma\\\/chines#primaryimage\",\"url\":\"https:\\\/\\\/www.trustedtranslations.com\\\/wp-content\\\/uploads\\\/2022\\\/03\\\/TT_NEW_FB-1.png\",\"contentUrl\":\"https:\\\/\\\/www.trustedtranslations.com\\\/wp-content\\\/uploads\\\/2022\\\/03\\\/TT_NEW_FB-1.png\",\"width\":1038,\"height\":1038,\"caption\":\"TT NEW FB 1\"},{\"@type\":\"BreadcrumbList\",\"@id\":\"https:\\\/\\\/www.trustedtranslations.com\\\/pt-br\\\/idioma\\\/chines#breadcrumb\",\"itemListElement\":[{\"@type\":\"ListItem\",\"position\":1,\"name\":\"Home\",\"item\":\"https:\\\/\\\/www.trustedtranslations.com\\\/pt-br\"},{\"@type\":\"ListItem\",\"position\":2,\"name\":\"Idiomas\",\"item\":\"https:\\\/\\\/www.trustedtranslations.com\\\/pt-br\\\/idioma\"},{\"@type\":\"ListItem\",\"position\":3,\"name\":\"Chin\u00eas\"}]},{\"@type\":\"WebSite\",\"@id\":\"https:\\\/\\\/www.trustedtranslations.com\\\/pt-br\\\/#website\",\"url\":\"https:\\\/\\\/www.trustedtranslations.com\\\/pt-br\\\/\",\"name\":\"Trusted Translations, Inc.\",\"description\":\"Leader in translation and interpretation services.\",\"publisher\":{\"@id\":\"https:\\\/\\\/www.trustedtranslations.com\\\/pt-br\\\/#organization\"},\"alternateName\":\"Trusted Translations\",\"potentialAction\":[{\"@type\":\"SearchAction\",\"target\":{\"@type\":\"EntryPoint\",\"urlTemplate\":\"https:\\\/\\\/www.trustedtranslations.com\\\/pt-br\\\/?s={search_term_string}\"},\"query-input\":{\"@type\":\"PropertyValueSpecification\",\"valueRequired\":true,\"valueName\":\"search_term_string\"}}],\"inLanguage\":\"pt-BR\"},{\"@type\":\"Organization\",\"@id\":\"https:\\\/\\\/www.trustedtranslations.com\\\/pt-br\\\/#organization\",\"name\":\"Trusted Translations\",\"alternateName\":\"Trusted Translations, Inc.\",\"url\":\"https:\\\/\\\/www.trustedtranslations.com\\\/pt-br\\\/\",\"logo\":{\"@type\":\"ImageObject\",\"inLanguage\":\"pt-BR\",\"@id\":\"https:\\\/\\\/www.trustedtranslations.com\\\/pt-br\\\/#\\\/schema\\\/logo\\\/image\\\/\",\"url\":\"https:\\\/\\\/static.trustedtranslations.com\\\/wp-content\\\/uploads\\\/2022\\\/01\\\/TT_logo_WSIColors-2.png\",\"contentUrl\":\"https:\\\/\\\/static.trustedtranslations.com\\\/wp-content\\\/uploads\\\/2022\\\/01\\\/TT_logo_WSIColors-2.png\",\"width\":500,\"height\":196,\"caption\":\"Trusted Translations\"},\"image\":{\"@id\":\"https:\\\/\\\/www.trustedtranslations.com\\\/pt-br\\\/#\\\/schema\\\/logo\\\/image\\\/\"},\"sameAs\":[\"https:\\\/\\\/www.facebook.com\\\/Trusted.Translations\",\"https:\\\/\\\/x.com\\\/TrustedT9ns\",\"https:\\\/\\\/www.linkedin.com\\\/company\\\/trusted-translations\"]}]}<\/script>\n<!-- \/ Yoast SEO plugin. -->","yoast_head_json":{"title":"Servi\u00e7os de tradu\u00e7\u00e3o do chin\u00eas - Trusted Translations, Inc.","description":"Trusted Translations, Inc. Servi\u00e7os de tradu\u00e7\u00e3o do chin\u00eas. Nossos tradutores nativos entregam tradu\u00e7\u00f5es precisas e adequadas. Entre em contato conosco para obter um or\u00e7amento gratuito.","robots":{"index":"index","follow":"follow","max-snippet":"max-snippet:-1","max-image-preview":"max-image-preview:large","max-video-preview":"max-video-preview:-1"},"canonical":"https:\/\/www.trustedtranslations.com\/pt-br\/idioma\/chines","og_locale":"pt_BR","og_type":"article","og_title":"Servi\u00e7os de tradu\u00e7\u00e3o do chin\u00eas - Trusted Translations, Inc.","og_description":"Trusted Translations, Inc. Servi\u00e7os de tradu\u00e7\u00e3o do chin\u00eas. Nossos tradutores nativos entregam tradu\u00e7\u00f5es precisas e adequadas. Entre em contato conosco para obter um or\u00e7amento gratuito.","og_url":"https:\/\/www.trustedtranslations.com\/pt-br\/idioma\/chines","og_site_name":"Trusted Translations, Inc.","article_publisher":"https:\/\/www.facebook.com\/Trusted.Translations","article_modified_time":"2024-09-02T18:02:58+00:00","og_image":[{"width":1038,"height":1038,"url":"https:\/\/static.trustedtranslations.com\/wp-content\/uploads\/2022\/03\/TT_NEW_FB-1.png","type":"image\/png"}],"twitter_card":"summary_large_image","twitter_site":"@TrustedT9ns","schema":{"@context":"https:\/\/schema.org","@graph":[{"@type":"WebPage","@id":"https:\/\/www.trustedtranslations.com\/pt-br\/idioma\/chines","url":"https:\/\/www.trustedtranslations.com\/pt-br\/idioma\/chines","name":"Servi\u00e7os de tradu\u00e7\u00e3o do chin\u00eas - Trusted Translations, Inc.","isPartOf":{"@id":"https:\/\/www.trustedtranslations.com\/pt-br\/#website"},"primaryImageOfPage":{"@id":"https:\/\/www.trustedtranslations.com\/pt-br\/idioma\/chines#primaryimage"},"image":{"@id":"https:\/\/www.trustedtranslations.com\/pt-br\/idioma\/chines#primaryimage"},"thumbnailUrl":"https:\/\/www.trustedtranslations.com\/wp-content\/uploads\/2022\/03\/TT_NEW_FB-1.png","description":"Trusted Translations, Inc. Servi\u00e7os de tradu\u00e7\u00e3o do chin\u00eas. Nossos tradutores nativos entregam tradu\u00e7\u00f5es precisas e adequadas. Entre em contato conosco para obter um or\u00e7amento gratuito.","breadcrumb":{"@id":"https:\/\/www.trustedtranslations.com\/pt-br\/idioma\/chines#breadcrumb"},"inLanguage":"pt-BR","potentialAction":[{"@type":"ReadAction","target":["https:\/\/www.trustedtranslations.com\/pt-br\/idioma\/chines"]}]},{"@type":"ImageObject","inLanguage":"pt-BR","@id":"https:\/\/www.trustedtranslations.com\/pt-br\/idioma\/chines#primaryimage","url":"https:\/\/www.trustedtranslations.com\/wp-content\/uploads\/2022\/03\/TT_NEW_FB-1.png","contentUrl":"https:\/\/www.trustedtranslations.com\/wp-content\/uploads\/2022\/03\/TT_NEW_FB-1.png","width":1038,"height":1038,"caption":"TT NEW FB 1"},{"@type":"BreadcrumbList","@id":"https:\/\/www.trustedtranslations.com\/pt-br\/idioma\/chines#breadcrumb","itemListElement":[{"@type":"ListItem","position":1,"name":"Home","item":"https:\/\/www.trustedtranslations.com\/pt-br"},{"@type":"ListItem","position":2,"name":"Idiomas","item":"https:\/\/www.trustedtranslations.com\/pt-br\/idioma"},{"@type":"ListItem","position":3,"name":"Chin\u00eas"}]},{"@type":"WebSite","@id":"https:\/\/www.trustedtranslations.com\/pt-br\/#website","url":"https:\/\/www.trustedtranslations.com\/pt-br\/","name":"Trusted Translations, Inc.","description":"Leader in translation and interpretation services.","publisher":{"@id":"https:\/\/www.trustedtranslations.com\/pt-br\/#organization"},"alternateName":"Trusted Translations","potentialAction":[{"@type":"SearchAction","target":{"@type":"EntryPoint","urlTemplate":"https:\/\/www.trustedtranslations.com\/pt-br\/?s={search_term_string}"},"query-input":{"@type":"PropertyValueSpecification","valueRequired":true,"valueName":"search_term_string"}}],"inLanguage":"pt-BR"},{"@type":"Organization","@id":"https:\/\/www.trustedtranslations.com\/pt-br\/#organization","name":"Trusted Translations","alternateName":"Trusted Translations, Inc.","url":"https:\/\/www.trustedtranslations.com\/pt-br\/","logo":{"@type":"ImageObject","inLanguage":"pt-BR","@id":"https:\/\/www.trustedtranslations.com\/pt-br\/#\/schema\/logo\/image\/","url":"https:\/\/static.trustedtranslations.com\/wp-content\/uploads\/2022\/01\/TT_logo_WSIColors-2.png","contentUrl":"https:\/\/static.trustedtranslations.com\/wp-content\/uploads\/2022\/01\/TT_logo_WSIColors-2.png","width":500,"height":196,"caption":"Trusted Translations"},"image":{"@id":"https:\/\/www.trustedtranslations.com\/pt-br\/#\/schema\/logo\/image\/"},"sameAs":["https:\/\/www.facebook.com\/Trusted.Translations","https:\/\/x.com\/TrustedT9ns","https:\/\/www.linkedin.com\/company\/trusted-translations"]}]}},"toolset-meta":{"dyk":{"mensaje-1":{"type":"textfield","raw":"A Trusted Translations traduz para chin\u00eas simplificado, chin\u00eas tradicional, canton\u00eas e mandarim."},"mensaje-2":{"type":"textfield","raw":"O chin\u00eas \u00e9 o idioma mais falado no mundo, com mais de 1 bilh\u00e3o de falantes."},"mensaje-3":{"type":"textfield","raw":""},"mensaje-4":{"type":"textfield","raw":""},"mensaje-5":{"type":"textfield","raw":""},"mensaje-6":{"type":"textfield","raw":""}},"single-page-template-fields":{"imgs-temp":{"type":"image","raw":["https:\/\/static.trustedtranslations.com\/wp-content\/uploads\/2024\/05\/chinese-final-1.webp"],"repeatable":[{"raw":"https:\/\/static.trustedtranslations.com\/wp-content\/uploads\/2024\/05\/chinese-final-1.webp"}]},"imgs-temp-cel":{"type":"image","raw":[""],"repeatable":[{"raw":""}]},"img-temp-one-cel":{"type":"image","raw":"https:\/\/static.trustedtranslations.com\/wp-content\/uploads\/2024\/05\/AdobeStock_178794431-1-1.webp","attachment_id":null},"quotes":{"type":"textarea","raw":"<h1 style=\"margin-bottom: 12px;\">Servi\u00e7os de tradu\u00e7\u00e3o do chin\u00eas<\/h1>Com mais de 1,3 bilh\u00e3o de falantes em todo o mundo, o chin\u00eas \u00e9 um dos idiomas mais populares do mundo, sem mencionar o fato dele ser o segundo idioma mais usado na internet. Seja em neg\u00f3cios ou software, e-Learning ou entretenimento, as tradu\u00e7\u00f5es do chin\u00eas s\u00e3o uma necessidade absoluta para qualquer organiza\u00e7\u00e3o global, em qualquer setor. ATrusted Translations oferece servi\u00e7os de tradu\u00e7\u00e3o de chin\u00eas de alta qualidade e com pre\u00e7os competitivos, tanto em chin\u00eas tradicional quanto em chin\u00eas simplificado.<div style=\"margin-top: 2.5vw;\"><a class=\"tt-btn-main-cta\" href=\"\/pt-br\/solicitud-orcamento\">SOLICITE UM OR\u00c7AMENTO GRATUITO<\/a><\/div>"},"text-1":{"type":"textarea","raw":"<h2 style=\"margin-bottom:20px\">Dialetos chineses falados e idioma chin\u00eas escrito \"cl\u00e1ssico\"<\/h2>\r\n<p>A origem dos caracteres chineses vem desde o final do 2<sup>\u00ba<\/sup> mil\u00eanio A.C., quando as escritas eram gravadas em or\u00e1culos de ossos. A lenda diz que esses caracteres foram criados pelo lend\u00e1rio C\u0101ngji\u00e9. Inspirado nas pegadas de p\u00e1ssaros e animais, ele tentou imitar a natureza na express\u00e3o escrita. Cada um desses hier\u00f3glifos primitivos representavam um conceito e foram a primeira apari\u00e7\u00e3o do idioma. Com o tempo, houve a evolu\u00e7\u00e3o para personagens mais diretos, formados por uma s\u00e9rie de pinceladas. Como resultado, a caligrafia chinesa n\u00e3o \u00e9 apenas um mero sistema de escrita; tamb\u00e9m \u00e9 considerada uma forma de arte complexa e refinada.<\/p>\r\n<p>Atualmente, com mais de 1 bilh\u00e3o de pessoas falando alguma forma de chin\u00eas, ele \u00e9 o idioma mais falado no mundo, contando apenas falantes nativos. No entanto, dentro desse idioma geral, muitos dialetos diferentes se desenvolveram, sendo principalmente diferentes em sua fonologia, devido a diferen\u00e7as regionais, e apenas em menor grau no vocabul\u00e1rio e na sintaxe. Quanto \u00e0 forma escrita do chin\u00eas, ela \u00e9 uma forma \u201ccl\u00e1ssica\u201d do idioma que n\u00e3o era espec\u00edfica de nenhum dialeto regional. Hoje em dia, existem duas principais formas escritas do chin\u00eas: o tradicional e o simplificado.<\/p>\r\n<h2 style=\"margin-bottom:20px\">Chin\u00eas simplificado e Chin\u00eas tradicional<\/h2>\r\n<p>A partir dos anos 1950, o idioma escrito cl\u00e1ssico (\u201ctradicional\u201d) foi substitu\u00eddo por um mais \u201csimplificado\u201d, a fim de ajudar a aumentar os n\u00edveis de alfabetiza\u00e7\u00e3o na China. O idioma foi simplificado, reduzindo os tra\u00e7os em muitos caracteres. O uso de caracteres simplificados tornou-se generalizado na China continental, enquanto as pessoas que vivem no exterior continuam a usar os caracteres tradicionais e n\u00e3o simplificados (Taiwan, Hong Kong e Macau). A diferen\u00e7a b\u00e1sica entre os dois tipos de caracteres \u00e9 que a forma tradicional ainda se baseia em caracteres antigos e usa mais tra\u00e7os, enquanto os caracteres mais modernos e simplificados s\u00e3o muito mais simples.<\/p>\r\n<p>Oferecemos solu\u00e7\u00f5es de tradu\u00e7\u00f5es profissionais em chin\u00eas simplificado (usado principalmente na China continental) e chin\u00eas tradicional (usado principalmente em Taiwan, Hong Kong e Macau) para algumas das empresas e organiza\u00e7\u00f5es mais importantes do mundo.\u00a0A <em>Trusted Translations<\/em> se orgulha de fornecer aos seus clientes tradu\u00e7\u00f5es profissionais do chin\u00eas simplificado e do chin\u00eas tradicional com alta qualidade e pre\u00e7os competitivos.<\/p>"},"shortcode-map":{"type":"textfield","raw":""},"dyk-shortcode":{"type":"textfield","raw":"[elementor-template id=\"147273\"]"},"text-2":{"type":"textarea","raw":"<h2 style=\"margin-bottom:20px\">Mandarim e canton\u00eas<\/h2>\r\nDeve-se notar, tamb\u00e9m, que o mandarim n\u00e3o \u00e9 chin\u00eas simplificado e o canton\u00eas n\u00e3o \u00e9 chin\u00eas tradicional. Mandarim e canton\u00eas s\u00e3o idiomas falados. O mandarim \u00e9 o idioma padr\u00e3o e oficial falado na China continental e em Taiwan. O canton\u00eas \u00e9 um idioma falado em certas \u00e1reas da China (prov\u00edncia de Guangdong) e tamb\u00e9m em Hong Kong e Macau. O canton\u00eas \u00e9 um dialeto usado em Guangdong (pertencente \u00e0 China continental). O canton\u00eas \u00e9 tamb\u00e9m um dos idiomas oficiais falados e usados em Hong Kong e Macau. Em outras palavras, o chin\u00eas simplificado \u00e9 o idioma oficial escrito usado na China continental, e o chin\u00eas tradicional \u00e9 o idioma oficial escrito usado em Hong Kong, Macau e Taiwan.\r\n<h2 style=\"margin-bottom:20px\">Localiza\u00e7\u00e3o do chin\u00eas para o seu mercado alvo<\/h2>\r\nOs caracteres chineses simplificados s\u00e3o usados \u200b\u200bem quase toda a China, Cingapura e Mal\u00e1sia, enquanto os caracteres chineses tradicionais s\u00e3o usados \u200b\u200bem Taiwan, Hong Kong e Macau. \u00c9 importante levar isso em considera\u00e7\u00e3o, pois se algu\u00e9m precisar de uma tradu\u00e7\u00e3o para Taipei, por exemplo, deve traduzir o seu material para o chin\u00eas tradicional. Da mesma forma, se algu\u00e9m precisar enviar uma tradu\u00e7\u00e3o para Pequim, ela deve ser feita em chin\u00eas simplificado. Al\u00e9m disso, o uso do chin\u00eas tradicional em Taiwan e Hong Kong difere um pouco do chin\u00eas tradicional usado em outras \u00e1reas. Com todas essas diferen\u00e7as, \u00e9 essencial localizar o chin\u00eas para o seu mercado alvo. Portanto, se voc\u00ea est\u00e1 procurando expandir seus neg\u00f3cios para o Oriente ou planejando atingir comunidades chinesas locais, podemos fornecer ajuda com nossa equipe de tradutores altamente qualificada.\r\n<h2 style=\"margin-bottom:20px\">Equipes especializadas em tradu\u00e7\u00e3o do chin\u00eas<\/h2>\r\nPossu\u00edmos equipes de chin\u00eas simplificado e chin\u00eas tradicional, todas morando em locais diferentes, para que possamos localizar a sua tradu\u00e7\u00e3o do chin\u00eas para o seu p\u00fablico-alvo espec\u00edfico, seja na China continental, em Macau, em Hong Kong ou em Taiwan. Todos os nossos tradutores t\u00eam uma gama de compet\u00eancias e especialidades e s\u00e3o conhecedores das complexidades do idioma chin\u00eas. Adaptamos o conhecimento e os pontos fortes das nossas equipes de tradutores do chin\u00eas ao seu projeto espec\u00edfico e \u00e0s necessidades espec\u00edficas do mercado.\r\n\r\nQuer voc\u00ea precise do chin\u00eas simplificado ou do tradicional, a <em>Trusted Translations<\/em> \u00e9 a solu\u00e7\u00e3o \u00fanica para as suas necessidades de tradu\u00e7\u00e3o do chin\u00eas."},"state":{"type":"textfield","raw":""},"city":{"type":"textarea","raw":[]}}},"_links":{"self":[{"href":"https:\/\/www.trustedtranslations.com\/pt-br\/wp-json\/wp\/v2\/pages\/135066","targetHints":{"allow":["GET"]}}],"collection":[{"href":"https:\/\/www.trustedtranslations.com\/pt-br\/wp-json\/wp\/v2\/pages"}],"about":[{"href":"https:\/\/www.trustedtranslations.com\/pt-br\/wp-json\/wp\/v2\/types\/page"}],"author":[{"embeddable":true,"href":"https:\/\/www.trustedtranslations.com\/pt-br\/wp-json\/wp\/v2\/users\/1"}],"replies":[{"embeddable":true,"href":"https:\/\/www.trustedtranslations.com\/pt-br\/wp-json\/wp\/v2\/comments?post=135066"}],"version-history":[{"count":0,"href":"https:\/\/www.trustedtranslations.com\/pt-br\/wp-json\/wp\/v2\/pages\/135066\/revisions"}],"up":[{"embeddable":true,"href":"https:\/\/www.trustedtranslations.com\/pt-br\/wp-json\/wp\/v2\/pages\/135078"}],"wp:featuredmedia":[{"embeddable":true,"href":"https:\/\/www.trustedtranslations.com\/pt-br\/wp-json\/wp\/v2\/media\/139632"}],"wp:attachment":[{"href":"https:\/\/www.trustedtranslations.com\/pt-br\/wp-json\/wp\/v2\/media?parent=135066"}],"curies":[{"name":"wp","href":"https:\/\/api.w.org\/{rel}","templated":true}]}}