{"id":135067,"date":"2018-10-25T16:14:01","date_gmt":"2018-10-25T16:14:01","guid":{"rendered":"https:\/\/www.trustedtranslations.com\/?page_id=135067"},"modified":"2024-09-02T14:48:57","modified_gmt":"2024-09-02T17:48:57","slug":"arabe","status":"publish","type":"page","link":"https:\/\/www.trustedtranslations.com\/pt-br\/idioma\/arabe","title":{"rendered":"\u00c1rabe"},"content":{"rendered":"","protected":false},"excerpt":{"rendered":"","protected":false},"author":1,"featured_media":139632,"parent":135078,"menu_order":0,"comment_status":"closed","ping_status":"closed","template":"","meta":{"site-sidebar-layout":"default","site-content-layout":"default","ast-site-content-layout":"default","site-content-style":"default","site-sidebar-style":"default","ast-global-header-display":"","ast-banner-title-visibility":"","ast-main-header-display":"","ast-hfb-above-header-display":"","ast-hfb-below-header-display":"","ast-hfb-mobile-header-display":"","site-post-title":"disabled","ast-breadcrumbs-content":"","ast-featured-img":"","footer-sml-layout":"","ast-disable-related-posts":"","theme-transparent-header-meta":"default","adv-header-id-meta":"","stick-header-meta":"","header-above-stick-meta":"","header-main-stick-meta":"","header-below-stick-meta":"","astra-migrate-meta-layouts":"set","ast-page-background-enabled":"default","ast-page-background-meta":{"desktop":{"background-color":"var(--ast-global-color-4)","background-image":"","background-repeat":"repeat","background-position":"center center","background-size":"auto","background-attachment":"scroll","background-type":"","background-media":"","overlay-type":"","overlay-color":"","overlay-opacity":"","overlay-gradient":""},"tablet":{"background-color":"","background-image":"","background-repeat":"repeat","background-position":"center center","background-size":"auto","background-attachment":"scroll","background-type":"","background-media":"","overlay-type":"","overlay-color":"","overlay-opacity":"","overlay-gradient":""},"mobile":{"background-color":"","background-image":"","background-repeat":"repeat","background-position":"center center","background-size":"auto","background-attachment":"scroll","background-type":"","background-media":"","overlay-type":"","overlay-color":"","overlay-opacity":"","overlay-gradient":""}},"ast-content-background-meta":{"desktop":{"background-color":"var(--ast-global-color-5)","background-image":"","background-repeat":"repeat","background-position":"center center","background-size":"auto","background-attachment":"scroll","background-type":"","background-media":"","overlay-type":"","overlay-color":"","overlay-opacity":"","overlay-gradient":""},"tablet":{"background-color":"var(--ast-global-color-5)","background-image":"","background-repeat":"repeat","background-position":"center center","background-size":"auto","background-attachment":"scroll","background-type":"","background-media":"","overlay-type":"","overlay-color":"","overlay-opacity":"","overlay-gradient":""},"mobile":{"background-color":"var(--ast-global-color-5)","background-image":"","background-repeat":"repeat","background-position":"center center","background-size":"auto","background-attachment":"scroll","background-type":"","background-media":"","overlay-type":"","overlay-color":"","overlay-opacity":"","overlay-gradient":""}},"footnotes":""},"class_list":["post-135067","page","type-page","status-publish","has-post-thumbnail","hentry"],"yoast_head":"<!-- This site is optimized with the Yoast SEO plugin v27.3 - https:\/\/yoast.com\/product\/yoast-seo-wordpress\/ -->\n<title>L\u00edder em tradu\u00e7\u00f5es do \u00e1rabe: Trusted Translations<\/title>\n<meta name=\"description\" content=\"Trusted Translations: L\u00edder em servi\u00e7os de tradu\u00e7\u00f5es do \u00e1rabe por equipes de tradutores especializados em \u00e1rabe. Solicite uma consulta ou or\u00e7amento gratuitos.\" \/>\n<meta name=\"robots\" content=\"index, follow, max-snippet:-1, max-image-preview:large, max-video-preview:-1\" \/>\n<link rel=\"canonical\" href=\"https:\/\/www.trustedtranslations.com\/pt-br\/idioma\/arabe\" \/>\n<meta property=\"og:locale\" content=\"pt_BR\" \/>\n<meta property=\"og:type\" content=\"article\" \/>\n<meta property=\"og:title\" content=\"L\u00edder em tradu\u00e7\u00f5es do \u00e1rabe: Trusted Translations\" \/>\n<meta property=\"og:description\" content=\"Trusted Translations: L\u00edder em servi\u00e7os de tradu\u00e7\u00f5es do \u00e1rabe por equipes de tradutores especializados em \u00e1rabe. Solicite uma consulta ou or\u00e7amento gratuitos.\" \/>\n<meta property=\"og:url\" content=\"https:\/\/www.trustedtranslations.com\/pt-br\/idioma\/arabe\" \/>\n<meta property=\"og:site_name\" content=\"Trusted Translations, Inc.\" \/>\n<meta property=\"article:publisher\" content=\"https:\/\/www.facebook.com\/Trusted.Translations\" \/>\n<meta property=\"article:modified_time\" content=\"2024-09-02T17:48:57+00:00\" \/>\n<meta property=\"og:image\" content=\"https:\/\/static.trustedtranslations.com\/wp-content\/uploads\/2022\/03\/TT_NEW_FB-1.png\" \/>\n\t<meta property=\"og:image:width\" content=\"1038\" \/>\n\t<meta property=\"og:image:height\" content=\"1038\" \/>\n\t<meta property=\"og:image:type\" content=\"image\/png\" \/>\n<meta name=\"twitter:card\" content=\"summary_large_image\" \/>\n<meta name=\"twitter:site\" content=\"@TrustedT9ns\" \/>\n<script type=\"application\/ld+json\" class=\"yoast-schema-graph\">{\"@context\":\"https:\\\/\\\/schema.org\",\"@graph\":[{\"@type\":\"WebPage\",\"@id\":\"https:\\\/\\\/www.trustedtranslations.com\\\/pt-br\\\/idioma\\\/arabe\",\"url\":\"https:\\\/\\\/www.trustedtranslations.com\\\/pt-br\\\/idioma\\\/arabe\",\"name\":\"L\u00edder em tradu\u00e7\u00f5es do \u00e1rabe: Trusted Translations\",\"isPartOf\":{\"@id\":\"https:\\\/\\\/www.trustedtranslations.com\\\/pt-br\\\/#website\"},\"primaryImageOfPage\":{\"@id\":\"https:\\\/\\\/www.trustedtranslations.com\\\/pt-br\\\/idioma\\\/arabe#primaryimage\"},\"image\":{\"@id\":\"https:\\\/\\\/www.trustedtranslations.com\\\/pt-br\\\/idioma\\\/arabe#primaryimage\"},\"thumbnailUrl\":\"https:\\\/\\\/www.trustedtranslations.com\\\/wp-content\\\/uploads\\\/2022\\\/03\\\/TT_NEW_FB-1.png\",\"description\":\"Trusted Translations: L\u00edder em servi\u00e7os de tradu\u00e7\u00f5es do \u00e1rabe por equipes de tradutores especializados em \u00e1rabe. Solicite uma consulta ou or\u00e7amento gratuitos.\",\"breadcrumb\":{\"@id\":\"https:\\\/\\\/www.trustedtranslations.com\\\/pt-br\\\/idioma\\\/arabe#breadcrumb\"},\"inLanguage\":\"pt-BR\",\"potentialAction\":[{\"@type\":\"ReadAction\",\"target\":[\"https:\\\/\\\/www.trustedtranslations.com\\\/pt-br\\\/idioma\\\/arabe\"]}]},{\"@type\":\"ImageObject\",\"inLanguage\":\"pt-BR\",\"@id\":\"https:\\\/\\\/www.trustedtranslations.com\\\/pt-br\\\/idioma\\\/arabe#primaryimage\",\"url\":\"https:\\\/\\\/www.trustedtranslations.com\\\/wp-content\\\/uploads\\\/2022\\\/03\\\/TT_NEW_FB-1.png\",\"contentUrl\":\"https:\\\/\\\/www.trustedtranslations.com\\\/wp-content\\\/uploads\\\/2022\\\/03\\\/TT_NEW_FB-1.png\",\"width\":1038,\"height\":1038,\"caption\":\"TT NEW FB 1\"},{\"@type\":\"BreadcrumbList\",\"@id\":\"https:\\\/\\\/www.trustedtranslations.com\\\/pt-br\\\/idioma\\\/arabe#breadcrumb\",\"itemListElement\":[{\"@type\":\"ListItem\",\"position\":1,\"name\":\"Home\",\"item\":\"https:\\\/\\\/www.trustedtranslations.com\\\/pt-br\"},{\"@type\":\"ListItem\",\"position\":2,\"name\":\"Idiomas\",\"item\":\"https:\\\/\\\/www.trustedtranslations.com\\\/pt-br\\\/idioma\"},{\"@type\":\"ListItem\",\"position\":3,\"name\":\"\u00c1rabe\"}]},{\"@type\":\"WebSite\",\"@id\":\"https:\\\/\\\/www.trustedtranslations.com\\\/pt-br\\\/#website\",\"url\":\"https:\\\/\\\/www.trustedtranslations.com\\\/pt-br\\\/\",\"name\":\"Trusted Translations, Inc.\",\"description\":\"Leader in translation and interpretation services.\",\"publisher\":{\"@id\":\"https:\\\/\\\/www.trustedtranslations.com\\\/pt-br\\\/#organization\"},\"alternateName\":\"Trusted Translations\",\"potentialAction\":[{\"@type\":\"SearchAction\",\"target\":{\"@type\":\"EntryPoint\",\"urlTemplate\":\"https:\\\/\\\/www.trustedtranslations.com\\\/pt-br\\\/?s={search_term_string}\"},\"query-input\":{\"@type\":\"PropertyValueSpecification\",\"valueRequired\":true,\"valueName\":\"search_term_string\"}}],\"inLanguage\":\"pt-BR\"},{\"@type\":\"Organization\",\"@id\":\"https:\\\/\\\/www.trustedtranslations.com\\\/pt-br\\\/#organization\",\"name\":\"Trusted Translations\",\"alternateName\":\"Trusted Translations, Inc.\",\"url\":\"https:\\\/\\\/www.trustedtranslations.com\\\/pt-br\\\/\",\"logo\":{\"@type\":\"ImageObject\",\"inLanguage\":\"pt-BR\",\"@id\":\"https:\\\/\\\/www.trustedtranslations.com\\\/pt-br\\\/#\\\/schema\\\/logo\\\/image\\\/\",\"url\":\"https:\\\/\\\/static.trustedtranslations.com\\\/wp-content\\\/uploads\\\/2022\\\/01\\\/TT_logo_WSIColors-2.png\",\"contentUrl\":\"https:\\\/\\\/static.trustedtranslations.com\\\/wp-content\\\/uploads\\\/2022\\\/01\\\/TT_logo_WSIColors-2.png\",\"width\":500,\"height\":196,\"caption\":\"Trusted Translations\"},\"image\":{\"@id\":\"https:\\\/\\\/www.trustedtranslations.com\\\/pt-br\\\/#\\\/schema\\\/logo\\\/image\\\/\"},\"sameAs\":[\"https:\\\/\\\/www.facebook.com\\\/Trusted.Translations\",\"https:\\\/\\\/x.com\\\/TrustedT9ns\",\"https:\\\/\\\/www.linkedin.com\\\/company\\\/trusted-translations\"]}]}<\/script>\n<!-- \/ Yoast SEO plugin. -->","yoast_head_json":{"title":"L\u00edder em tradu\u00e7\u00f5es do \u00e1rabe: Trusted Translations","description":"Trusted Translations: L\u00edder em servi\u00e7os de tradu\u00e7\u00f5es do \u00e1rabe por equipes de tradutores especializados em \u00e1rabe. Solicite uma consulta ou or\u00e7amento gratuitos.","robots":{"index":"index","follow":"follow","max-snippet":"max-snippet:-1","max-image-preview":"max-image-preview:large","max-video-preview":"max-video-preview:-1"},"canonical":"https:\/\/www.trustedtranslations.com\/pt-br\/idioma\/arabe","og_locale":"pt_BR","og_type":"article","og_title":"L\u00edder em tradu\u00e7\u00f5es do \u00e1rabe: Trusted Translations","og_description":"Trusted Translations: L\u00edder em servi\u00e7os de tradu\u00e7\u00f5es do \u00e1rabe por equipes de tradutores especializados em \u00e1rabe. Solicite uma consulta ou or\u00e7amento gratuitos.","og_url":"https:\/\/www.trustedtranslations.com\/pt-br\/idioma\/arabe","og_site_name":"Trusted Translations, Inc.","article_publisher":"https:\/\/www.facebook.com\/Trusted.Translations","article_modified_time":"2024-09-02T17:48:57+00:00","og_image":[{"width":1038,"height":1038,"url":"https:\/\/static.trustedtranslations.com\/wp-content\/uploads\/2022\/03\/TT_NEW_FB-1.png","type":"image\/png"}],"twitter_card":"summary_large_image","twitter_site":"@TrustedT9ns","schema":{"@context":"https:\/\/schema.org","@graph":[{"@type":"WebPage","@id":"https:\/\/www.trustedtranslations.com\/pt-br\/idioma\/arabe","url":"https:\/\/www.trustedtranslations.com\/pt-br\/idioma\/arabe","name":"L\u00edder em tradu\u00e7\u00f5es do \u00e1rabe: Trusted Translations","isPartOf":{"@id":"https:\/\/www.trustedtranslations.com\/pt-br\/#website"},"primaryImageOfPage":{"@id":"https:\/\/www.trustedtranslations.com\/pt-br\/idioma\/arabe#primaryimage"},"image":{"@id":"https:\/\/www.trustedtranslations.com\/pt-br\/idioma\/arabe#primaryimage"},"thumbnailUrl":"https:\/\/www.trustedtranslations.com\/wp-content\/uploads\/2022\/03\/TT_NEW_FB-1.png","description":"Trusted Translations: L\u00edder em servi\u00e7os de tradu\u00e7\u00f5es do \u00e1rabe por equipes de tradutores especializados em \u00e1rabe. Solicite uma consulta ou or\u00e7amento gratuitos.","breadcrumb":{"@id":"https:\/\/www.trustedtranslations.com\/pt-br\/idioma\/arabe#breadcrumb"},"inLanguage":"pt-BR","potentialAction":[{"@type":"ReadAction","target":["https:\/\/www.trustedtranslations.com\/pt-br\/idioma\/arabe"]}]},{"@type":"ImageObject","inLanguage":"pt-BR","@id":"https:\/\/www.trustedtranslations.com\/pt-br\/idioma\/arabe#primaryimage","url":"https:\/\/www.trustedtranslations.com\/wp-content\/uploads\/2022\/03\/TT_NEW_FB-1.png","contentUrl":"https:\/\/www.trustedtranslations.com\/wp-content\/uploads\/2022\/03\/TT_NEW_FB-1.png","width":1038,"height":1038,"caption":"TT NEW FB 1"},{"@type":"BreadcrumbList","@id":"https:\/\/www.trustedtranslations.com\/pt-br\/idioma\/arabe#breadcrumb","itemListElement":[{"@type":"ListItem","position":1,"name":"Home","item":"https:\/\/www.trustedtranslations.com\/pt-br"},{"@type":"ListItem","position":2,"name":"Idiomas","item":"https:\/\/www.trustedtranslations.com\/pt-br\/idioma"},{"@type":"ListItem","position":3,"name":"\u00c1rabe"}]},{"@type":"WebSite","@id":"https:\/\/www.trustedtranslations.com\/pt-br\/#website","url":"https:\/\/www.trustedtranslations.com\/pt-br\/","name":"Trusted Translations, Inc.","description":"Leader in translation and interpretation services.","publisher":{"@id":"https:\/\/www.trustedtranslations.com\/pt-br\/#organization"},"alternateName":"Trusted Translations","potentialAction":[{"@type":"SearchAction","target":{"@type":"EntryPoint","urlTemplate":"https:\/\/www.trustedtranslations.com\/pt-br\/?s={search_term_string}"},"query-input":{"@type":"PropertyValueSpecification","valueRequired":true,"valueName":"search_term_string"}}],"inLanguage":"pt-BR"},{"@type":"Organization","@id":"https:\/\/www.trustedtranslations.com\/pt-br\/#organization","name":"Trusted Translations","alternateName":"Trusted Translations, Inc.","url":"https:\/\/www.trustedtranslations.com\/pt-br\/","logo":{"@type":"ImageObject","inLanguage":"pt-BR","@id":"https:\/\/www.trustedtranslations.com\/pt-br\/#\/schema\/logo\/image\/","url":"https:\/\/static.trustedtranslations.com\/wp-content\/uploads\/2022\/01\/TT_logo_WSIColors-2.png","contentUrl":"https:\/\/static.trustedtranslations.com\/wp-content\/uploads\/2022\/01\/TT_logo_WSIColors-2.png","width":500,"height":196,"caption":"Trusted Translations"},"image":{"@id":"https:\/\/www.trustedtranslations.com\/pt-br\/#\/schema\/logo\/image\/"},"sameAs":["https:\/\/www.facebook.com\/Trusted.Translations","https:\/\/x.com\/TrustedT9ns","https:\/\/www.linkedin.com\/company\/trusted-translations"]}]}},"toolset-meta":{"dyk":{"mensaje-1":{"type":"textfield","raw":""},"mensaje-2":{"type":"textfield","raw":"Tradu\u00e7\u00f5es \u00e1rabes de qualidade lhe dar\u00e3o acesso a mercados em mais de 20 pa\u00edses."},"mensaje-3":{"type":"textfield","raw":""},"mensaje-4":{"type":"textfield","raw":"O \u00e1rabe \u00e9 um dos cinco idiomas mais procurados no mundo dos neg\u00f3cios."},"mensaje-5":{"type":"textfield","raw":""},"mensaje-6":{"type":"textfield","raw":""}},"single-page-template-fields":{"imgs-temp":{"type":"image","raw":["https:\/\/static.trustedtranslations.com\/wp-content\/uploads\/2024\/06\/arabic-final-1.webp"],"repeatable":[{"raw":"https:\/\/static.trustedtranslations.com\/wp-content\/uploads\/2024\/06\/arabic-final-1.webp"}]},"imgs-temp-cel":{"type":"image","raw":[""],"repeatable":[{"raw":""}]},"img-temp-one-cel":{"type":"image","raw":"https:\/\/static.trustedtranslations.com\/wp-content\/uploads\/2024\/06\/AdobeStock_6241340-1-1.webp","attachment_id":null},"quotes":{"type":"textarea","raw":"<h1 style=\"margin-bottom: 12px;\">Servi\u00e7os de tradu\u00e7\u00e3o do \u00e1rabe<\/h1>A Trusted Translations \u00e9 sua solu\u00e7\u00e3o para suas necessidades de tradu\u00e7\u00e3o do \u00e1rabe. O \u00e1rabe \u00e9 um dos idiomas mais falados do mundo e \u00e9 o idioma oficial para mais de 20 pa\u00edses concentrados principalmente no Oriente M\u00e9dio e Norte da \u00c1frica. Com uma popula\u00e7\u00e3o que fala \u00e1rabe estimada em mais de 300 milh\u00f5es em todo o mundo, traduzir do \u00e1rabe e para o \u00e1rabe \u00e9 claramente uma obriga\u00e7\u00e3o para v\u00e1rias organiza\u00e7\u00f5es.<div style=\"margin-top: 2.5vw;\"><a class=\"tt-btn-main-cta\" href=\"\/pt-br\/solicitud-orcamento\">SOLICITE UM OR\u00c7AMENTO GRATUITO<\/a><\/div>"},"text-1":{"type":"textarea","raw":"<h2>Tradu\u00e7\u00f5es especializadas em \u00e1rabe moderno padr\u00e3o<\/h2>\r\nA forma escrita oficial do \u00e1rabe \u00e9 chamada de \u00c1rabe Moderno Padr\u00e3o ou Escrita \u00c1rabe Moderna e \u00e9 utilizada na maioria dos ambientes formais. O \u00c1rabe Moderno Padr\u00e3o \u00e9 derivado do \u00c1rabe Cl\u00e1ssico, que \u00e9 baseado na linguagem do Alcor\u00e3o. Normalmente aconselhamos que nossos clientes traduzam seus materiais para o \u00c1rabe Moderno Padr\u00e3o, pois ele \u00e9 amplamente aceito como a forma oficial do idioma. Al\u00e9m disso, o \u00c1rabe Moderno Padr\u00e3o \u00e9 um dos idiomas oficiais das Na\u00e7\u00f5es Unidas.\r\n\r\nA <em>Trusted Translations<\/em>\u00a0possui uma equipe de linguistas especializada em servi\u00e7os de tradu\u00e7\u00e3o do \u00e1rabe.\u00a0Entendemos que traduzir para o \u00e1rabe e do \u00e1rabe tem seus desafios \u00fanicos. \u00c9 por isso que usamos somente tradutores testados e aprovados. Cada tradutor passa por testes e monitoramento extensos para garantir servi\u00e7os consistentes de tradu\u00e7\u00e3o do \u00e1rabe de alta qualidade.\r\n\r\nOutro aspecto cr\u00edtico do resultado de alta qualidade \u00e9 uma profunda compreens\u00e3o do tipo de servi\u00e7o de tradu\u00e7\u00e3o que voc\u00ea pode precisar. Na <em>Trusted Translations<\/em>, temos experi\u00eancia em todo o espectro de servi\u00e7os relacionados \u00e0 tradu\u00e7\u00e3o, incluindo tradu\u00e7\u00f5es de m\u00eddia, tradu\u00e7\u00f5es de sites, servi\u00e7os de localiza\u00e7\u00e3o de software e servi\u00e7os de tradu\u00e7\u00e3o de documentos em geral.\r\n\r\nNossos especialistas em tradu\u00e7\u00e3o do \u00e1rabe se localizam em quase todos os fusos hor\u00e1rios para garantir n\u00e3o apenas tradu\u00e7\u00f5es precisas, mas tamb\u00e9m para garantir entregas dentro do cronograma, mesmo sob as exig\u00eancias de prazo mais rigorosas.\r\n\r\nTemos tradutores de \u00e1rabe especializados em quase todos os campos importantes, incluindo jur\u00eddico, m\u00e9dico, t\u00e9cnico, m\u00eddia, telecomunica\u00e7\u00f5es, comercial, marketing, financeiro, e muitos outros. Isso \u00e9 fundamental para garantir que cada tradu\u00e7\u00e3o seja adaptada ao assunto para maximizar a precis\u00e3o.\r\n<h2>Tradu\u00e7\u00e3o profissional do \u00e1rabe<\/h2>\r\nAssim como acontece com todos os pares de idiomas, os nossos projetos de tradu\u00e7\u00e3o do \u00e1rabe passam pelo nosso processo de verifica\u00e7\u00e3o de qualidade em tr\u00eas etapas: tradu\u00e7\u00e3o, edi\u00e7\u00e3o e revis\u00e3o. Cada fase \u00e9 essencial para cruzar e verificar a consist\u00eancia e precis\u00e3o de cada tradu\u00e7\u00e3o. Para garantir o n\u00edvel m\u00e1ximo de integridade de cada tradu\u00e7\u00e3o, usamos tr\u00eas recursos humanos separados para esse processo de tr\u00eas etapas."},"shortcode-map":{"type":"textfield","raw":""},"dyk-shortcode":{"type":"textfield","raw":"[elementor-template id=\"147273\"]"},"text-2":{"type":"textarea","raw":"<h2>Equipes especializadas em tradu\u00e7\u00e3o do \u00e1rabe<\/h2>\r\nUm dos principais benef\u00edcios de sermos um provedor de servi\u00e7os de tradu\u00e7\u00e3o com mais de 15 anos de experi\u00eancia \u00e9 nosso acesso aos principais tradutores do setor. Cada tradutor do \u00e1rabe \u00e9 testado e avaliado constantemente para garantir resultados consistentes e de alta qualidade em todos os projetos.\r\n\r\nMuito embora cada um dos 22 pa\u00edses \u00e1rabes tenha seu pr\u00f3prio dialeto (em alguns casos, como no Norte da \u00c1frica, ele \u00e9 uma esp\u00e9cie de crioulo, uma mistura de um dialeto \u00e1rabe com franc\u00eas, espanhol e idiomas berberes), os dialetos s\u00e3o amplamente falados nas ruas e n\u00e3o s\u00e3o considerados um idioma oficial. Na <em>Trusted Translations,<\/em> normalmente traduzimos apenas do ou para o \u00c1rabe Moderno Padr\u00e3o.\r\n\r\nEntendemos as nuances envolvidas nas tradu\u00e7\u00f5es do \u00e1rabe e selecionamos cada tradutor dependendo de seu assunto e p\u00fablico-alvo espec\u00edficos.\r\n\r\nNosso sistema pr\u00f3prio interno de classifica\u00e7\u00e3o e banco de dados garante que usamos apenas tradutores do \u00e1rabe altamente qualificados e confi\u00e1veis \u200b\u200bpara cada projeto. Tamb\u00e9m avaliamos suas cargas hor\u00e1rias ideais para convoc\u00e1-los nos momentos de pico, de uma forma que maximize a qualidade e acelere os prazos de entrega.\r\n\r\nCada tradutor do \u00e1rabe \u00e9 testado nas diferentes etapas do processo de tradu\u00e7\u00e3o. Alguns tradutores possuem uma habilidade mais desenvolvida em edi\u00e7\u00e3o e revis\u00e3o, enquanto outros s\u00e3o melhores na primeira etapa do processo de tradu\u00e7\u00e3o. Em todos os casos, classificamos cada tradutor do \u00e1rabe por setor de especialidade, para conseguirmos montar uma equipe perfeita para sua tradu\u00e7\u00e3o com base no assunto impl\u00edcito."},"state":{"type":"textfield","raw":""},"city":{"type":"textarea","raw":[]}}},"_links":{"self":[{"href":"https:\/\/www.trustedtranslations.com\/pt-br\/wp-json\/wp\/v2\/pages\/135067","targetHints":{"allow":["GET"]}}],"collection":[{"href":"https:\/\/www.trustedtranslations.com\/pt-br\/wp-json\/wp\/v2\/pages"}],"about":[{"href":"https:\/\/www.trustedtranslations.com\/pt-br\/wp-json\/wp\/v2\/types\/page"}],"author":[{"embeddable":true,"href":"https:\/\/www.trustedtranslations.com\/pt-br\/wp-json\/wp\/v2\/users\/1"}],"replies":[{"embeddable":true,"href":"https:\/\/www.trustedtranslations.com\/pt-br\/wp-json\/wp\/v2\/comments?post=135067"}],"version-history":[{"count":0,"href":"https:\/\/www.trustedtranslations.com\/pt-br\/wp-json\/wp\/v2\/pages\/135067\/revisions"}],"up":[{"embeddable":true,"href":"https:\/\/www.trustedtranslations.com\/pt-br\/wp-json\/wp\/v2\/pages\/135078"}],"wp:featuredmedia":[{"embeddable":true,"href":"https:\/\/www.trustedtranslations.com\/pt-br\/wp-json\/wp\/v2\/media\/139632"}],"wp:attachment":[{"href":"https:\/\/www.trustedtranslations.com\/pt-br\/wp-json\/wp\/v2\/media?parent=135067"}],"curies":[{"name":"wp","href":"https:\/\/api.w.org\/{rel}","templated":true}]}}