{"id":135074,"date":"2018-08-03T18:57:03","date_gmt":"2018-08-03T18:57:03","guid":{"rendered":"https:\/\/www.trustedtranslations.com\/?page_id=135074"},"modified":"2024-09-03T15:47:14","modified_gmt":"2024-09-03T18:47:14","slug":"setores","status":"publish","type":"page","link":"https:\/\/www.trustedtranslations.com\/pt-br\/setores","title":{"rendered":"Experi\u00eancia no setor"},"content":{"rendered":"","protected":false},"excerpt":{"rendered":"","protected":false},"author":1,"featured_media":0,"parent":0,"menu_order":20,"comment_status":"closed","ping_status":"closed","template":"","meta":{"site-sidebar-layout":"default","site-content-layout":"default","ast-site-content-layout":"default","site-content-style":"default","site-sidebar-style":"default","ast-global-header-display":"","ast-banner-title-visibility":"","ast-main-header-display":"","ast-hfb-above-header-display":"","ast-hfb-below-header-display":"","ast-hfb-mobile-header-display":"","site-post-title":"disabled","ast-breadcrumbs-content":"","ast-featured-img":"","footer-sml-layout":"","ast-disable-related-posts":"","theme-transparent-header-meta":"default","adv-header-id-meta":"","stick-header-meta":"","header-above-stick-meta":"","header-main-stick-meta":"","header-below-stick-meta":"","astra-migrate-meta-layouts":"set","ast-page-background-enabled":"default","ast-page-background-meta":{"desktop":{"background-color":"var(--ast-global-color-4)","background-image":"","background-repeat":"repeat","background-position":"center center","background-size":"auto","background-attachment":"scroll","background-type":"","background-media":"","overlay-type":"","overlay-color":"","overlay-opacity":"","overlay-gradient":""},"tablet":{"background-color":"","background-image":"","background-repeat":"repeat","background-position":"center center","background-size":"auto","background-attachment":"scroll","background-type":"","background-media":"","overlay-type":"","overlay-color":"","overlay-opacity":"","overlay-gradient":""},"mobile":{"background-color":"","background-image":"","background-repeat":"repeat","background-position":"center center","background-size":"auto","background-attachment":"scroll","background-type":"","background-media":"","overlay-type":"","overlay-color":"","overlay-opacity":"","overlay-gradient":""}},"ast-content-background-meta":{"desktop":{"background-color":"var(--ast-global-color-5)","background-image":"","background-repeat":"repeat","background-position":"center center","background-size":"auto","background-attachment":"scroll","background-type":"","background-media":"","overlay-type":"","overlay-color":"","overlay-opacity":"","overlay-gradient":""},"tablet":{"background-color":"var(--ast-global-color-5)","background-image":"","background-repeat":"repeat","background-position":"center center","background-size":"auto","background-attachment":"scroll","background-type":"","background-media":"","overlay-type":"","overlay-color":"","overlay-opacity":"","overlay-gradient":""},"mobile":{"background-color":"var(--ast-global-color-5)","background-image":"","background-repeat":"repeat","background-position":"center center","background-size":"auto","background-attachment":"scroll","background-type":"","background-media":"","overlay-type":"","overlay-color":"","overlay-opacity":"","overlay-gradient":""}},"footnotes":""},"class_list":["post-135074","page","type-page","status-publish","hentry"],"yoast_head":"<!-- This site is optimized with the Yoast SEO plugin v27.3 - https:\/\/yoast.com\/product\/yoast-seo-wordpress\/ -->\n<title>Tradu\u00e7\u00e3o Profissional Ind\u00fastria Especializa\u00e7\u00e3o<\/title>\n<meta name=\"description\" content=\"Al\u00e9m de sermos especializados em projetos de tradu\u00e7\u00e3o complexos e de grande volume, tamb\u00e9m traduzimos qualquer documento de e para todos os idiomas. Obtenha um or\u00e7amento gratuito em menos de 30 minutos.\" \/>\n<meta name=\"robots\" content=\"index, follow, max-snippet:-1, max-image-preview:large, max-video-preview:-1\" \/>\n<link rel=\"canonical\" href=\"https:\/\/www.trustedtranslations.com\/pt-br\/setores\" \/>\n<meta property=\"og:locale\" content=\"pt_BR\" \/>\n<meta property=\"og:type\" content=\"article\" \/>\n<meta property=\"og:title\" content=\"Tradu\u00e7\u00e3o Profissional Ind\u00fastria Especializa\u00e7\u00e3o\" \/>\n<meta property=\"og:description\" content=\"Al\u00e9m de sermos especializados em projetos de tradu\u00e7\u00e3o complexos e de grande volume, tamb\u00e9m traduzimos qualquer documento de e para todos os idiomas. Obtenha um or\u00e7amento gratuito em menos de 30 minutos.\" \/>\n<meta property=\"og:url\" content=\"https:\/\/www.trustedtranslations.com\/pt-br\/setores\" \/>\n<meta property=\"og:site_name\" content=\"Trusted Translations, Inc.\" \/>\n<meta property=\"article:publisher\" content=\"https:\/\/www.facebook.com\/Trusted.Translations\" \/>\n<meta property=\"article:modified_time\" content=\"2024-09-03T18:47:14+00:00\" \/>\n<meta property=\"og:image\" content=\"https:\/\/www.trustedtranslations.com\/wp-content\/uploads\/2022\/06\/tt-logo-2-1.webp\" \/>\n\t<meta property=\"og:image:width\" content=\"216\" \/>\n\t<meta property=\"og:image:height\" content=\"94\" \/>\n\t<meta property=\"og:image:type\" content=\"image\/webp\" \/>\n<meta name=\"twitter:card\" content=\"summary_large_image\" \/>\n<meta name=\"twitter:site\" content=\"@TrustedT9ns\" \/>\n<script type=\"application\/ld+json\" class=\"yoast-schema-graph\">{\"@context\":\"https:\\\/\\\/schema.org\",\"@graph\":[{\"@type\":\"WebPage\",\"@id\":\"https:\\\/\\\/www.trustedtranslations.com\\\/pt-br\\\/setores\",\"url\":\"https:\\\/\\\/www.trustedtranslations.com\\\/pt-br\\\/setores\",\"name\":\"Tradu\u00e7\u00e3o Profissional Ind\u00fastria Especializa\u00e7\u00e3o\",\"isPartOf\":{\"@id\":\"https:\\\/\\\/www.trustedtranslations.com\\\/pt-br\\\/#website\"},\"description\":\"Al\u00e9m de sermos especializados em projetos de tradu\u00e7\u00e3o complexos e de grande volume, tamb\u00e9m traduzimos qualquer documento de e para todos os idiomas. Obtenha um or\u00e7amento gratuito em menos de 30 minutos.\",\"breadcrumb\":{\"@id\":\"https:\\\/\\\/www.trustedtranslations.com\\\/pt-br\\\/setores#breadcrumb\"},\"inLanguage\":\"pt-BR\",\"potentialAction\":[{\"@type\":\"ReadAction\",\"target\":[\"https:\\\/\\\/www.trustedtranslations.com\\\/pt-br\\\/setores\"]}]},{\"@type\":\"BreadcrumbList\",\"@id\":\"https:\\\/\\\/www.trustedtranslations.com\\\/pt-br\\\/setores#breadcrumb\",\"itemListElement\":[{\"@type\":\"ListItem\",\"position\":1,\"name\":\"Home\",\"item\":\"https:\\\/\\\/www.trustedtranslations.com\\\/pt-br\"},{\"@type\":\"ListItem\",\"position\":2,\"name\":\"Experi\u00eancia no setor\"}]},{\"@type\":\"WebSite\",\"@id\":\"https:\\\/\\\/www.trustedtranslations.com\\\/pt-br\\\/#website\",\"url\":\"https:\\\/\\\/www.trustedtranslations.com\\\/pt-br\\\/\",\"name\":\"Trusted Translations, Inc.\",\"description\":\"Leader in translation and interpretation services.\",\"publisher\":{\"@id\":\"https:\\\/\\\/www.trustedtranslations.com\\\/pt-br\\\/#organization\"},\"alternateName\":\"Trusted Translations\",\"potentialAction\":[{\"@type\":\"SearchAction\",\"target\":{\"@type\":\"EntryPoint\",\"urlTemplate\":\"https:\\\/\\\/www.trustedtranslations.com\\\/pt-br\\\/?s={search_term_string}\"},\"query-input\":{\"@type\":\"PropertyValueSpecification\",\"valueRequired\":true,\"valueName\":\"search_term_string\"}}],\"inLanguage\":\"pt-BR\"},{\"@type\":\"Organization\",\"@id\":\"https:\\\/\\\/www.trustedtranslations.com\\\/pt-br\\\/#organization\",\"name\":\"Trusted Translations\",\"alternateName\":\"Trusted Translations, Inc.\",\"url\":\"https:\\\/\\\/www.trustedtranslations.com\\\/pt-br\\\/\",\"logo\":{\"@type\":\"ImageObject\",\"inLanguage\":\"pt-BR\",\"@id\":\"https:\\\/\\\/www.trustedtranslations.com\\\/pt-br\\\/#\\\/schema\\\/logo\\\/image\\\/\",\"url\":\"https:\\\/\\\/static.trustedtranslations.com\\\/wp-content\\\/uploads\\\/2022\\\/01\\\/TT_logo_WSIColors-2.png\",\"contentUrl\":\"https:\\\/\\\/static.trustedtranslations.com\\\/wp-content\\\/uploads\\\/2022\\\/01\\\/TT_logo_WSIColors-2.png\",\"width\":500,\"height\":196,\"caption\":\"Trusted Translations\"},\"image\":{\"@id\":\"https:\\\/\\\/www.trustedtranslations.com\\\/pt-br\\\/#\\\/schema\\\/logo\\\/image\\\/\"},\"sameAs\":[\"https:\\\/\\\/www.facebook.com\\\/Trusted.Translations\",\"https:\\\/\\\/x.com\\\/TrustedT9ns\",\"https:\\\/\\\/www.linkedin.com\\\/company\\\/trusted-translations\"]}]}<\/script>\n<!-- \/ Yoast SEO plugin. -->","yoast_head_json":{"title":"Tradu\u00e7\u00e3o Profissional Ind\u00fastria Especializa\u00e7\u00e3o","description":"Al\u00e9m de sermos especializados em projetos de tradu\u00e7\u00e3o complexos e de grande volume, tamb\u00e9m traduzimos qualquer documento de e para todos os idiomas. Obtenha um or\u00e7amento gratuito em menos de 30 minutos.","robots":{"index":"index","follow":"follow","max-snippet":"max-snippet:-1","max-image-preview":"max-image-preview:large","max-video-preview":"max-video-preview:-1"},"canonical":"https:\/\/www.trustedtranslations.com\/pt-br\/setores","og_locale":"pt_BR","og_type":"article","og_title":"Tradu\u00e7\u00e3o Profissional Ind\u00fastria Especializa\u00e7\u00e3o","og_description":"Al\u00e9m de sermos especializados em projetos de tradu\u00e7\u00e3o complexos e de grande volume, tamb\u00e9m traduzimos qualquer documento de e para todos os idiomas. Obtenha um or\u00e7amento gratuito em menos de 30 minutos.","og_url":"https:\/\/www.trustedtranslations.com\/pt-br\/setores","og_site_name":"Trusted Translations, Inc.","article_publisher":"https:\/\/www.facebook.com\/Trusted.Translations","article_modified_time":"2024-09-03T18:47:14+00:00","og_image":[{"width":216,"height":94,"url":"https:\/\/www.trustedtranslations.com\/wp-content\/uploads\/2022\/06\/tt-logo-2-1.webp","type":"image\/webp"}],"twitter_card":"summary_large_image","twitter_site":"@TrustedT9ns","schema":{"@context":"https:\/\/schema.org","@graph":[{"@type":"WebPage","@id":"https:\/\/www.trustedtranslations.com\/pt-br\/setores","url":"https:\/\/www.trustedtranslations.com\/pt-br\/setores","name":"Tradu\u00e7\u00e3o Profissional Ind\u00fastria Especializa\u00e7\u00e3o","isPartOf":{"@id":"https:\/\/www.trustedtranslations.com\/pt-br\/#website"},"description":"Al\u00e9m de sermos especializados em projetos de tradu\u00e7\u00e3o complexos e de grande volume, tamb\u00e9m traduzimos qualquer documento de e para todos os idiomas. Obtenha um or\u00e7amento gratuito em menos de 30 minutos.","breadcrumb":{"@id":"https:\/\/www.trustedtranslations.com\/pt-br\/setores#breadcrumb"},"inLanguage":"pt-BR","potentialAction":[{"@type":"ReadAction","target":["https:\/\/www.trustedtranslations.com\/pt-br\/setores"]}]},{"@type":"BreadcrumbList","@id":"https:\/\/www.trustedtranslations.com\/pt-br\/setores#breadcrumb","itemListElement":[{"@type":"ListItem","position":1,"name":"Home","item":"https:\/\/www.trustedtranslations.com\/pt-br"},{"@type":"ListItem","position":2,"name":"Experi\u00eancia no setor"}]},{"@type":"WebSite","@id":"https:\/\/www.trustedtranslations.com\/pt-br\/#website","url":"https:\/\/www.trustedtranslations.com\/pt-br\/","name":"Trusted Translations, Inc.","description":"Leader in translation and interpretation services.","publisher":{"@id":"https:\/\/www.trustedtranslations.com\/pt-br\/#organization"},"alternateName":"Trusted Translations","potentialAction":[{"@type":"SearchAction","target":{"@type":"EntryPoint","urlTemplate":"https:\/\/www.trustedtranslations.com\/pt-br\/?s={search_term_string}"},"query-input":{"@type":"PropertyValueSpecification","valueRequired":true,"valueName":"search_term_string"}}],"inLanguage":"pt-BR"},{"@type":"Organization","@id":"https:\/\/www.trustedtranslations.com\/pt-br\/#organization","name":"Trusted Translations","alternateName":"Trusted Translations, Inc.","url":"https:\/\/www.trustedtranslations.com\/pt-br\/","logo":{"@type":"ImageObject","inLanguage":"pt-BR","@id":"https:\/\/www.trustedtranslations.com\/pt-br\/#\/schema\/logo\/image\/","url":"https:\/\/static.trustedtranslations.com\/wp-content\/uploads\/2022\/01\/TT_logo_WSIColors-2.png","contentUrl":"https:\/\/static.trustedtranslations.com\/wp-content\/uploads\/2022\/01\/TT_logo_WSIColors-2.png","width":500,"height":196,"caption":"Trusted Translations"},"image":{"@id":"https:\/\/www.trustedtranslations.com\/pt-br\/#\/schema\/logo\/image\/"},"sameAs":["https:\/\/www.facebook.com\/Trusted.Translations","https:\/\/x.com\/TrustedT9ns","https:\/\/www.linkedin.com\/company\/trusted-translations"]}]}},"toolset-meta":{"dyk":{"mensaje-1":{"type":"textfield","raw":""},"mensaje-2":{"type":"textfield","raw":""},"mensaje-3":{"type":"textfield","raw":""},"mensaje-4":{"type":"textfield","raw":"Nossos tradutores usam gloss\u00e1rios, dicion\u00e1rios e mem\u00f3rias de tradu\u00e7\u00e3o atualizados e espec\u00edficos de cada setor."},"mensaje-5":{"type":"textfield","raw":""},"mensaje-6":{"type":"textfield","raw":""}},"single-page-template-fields":{"imgs-temp":{"type":"image","raw":["https:\/\/static.trustedtranslations.com\/wp-content\/uploads\/2024\/01\/bitcoin-2-1-1.webp","https:\/\/static.trustedtranslations.com\/wp-content\/uploads\/2024\/01\/industry-52-1-2.webp","https:\/\/static.trustedtranslations.com\/wp-content\/uploads\/2024\/01\/industry-56-1-3.webp","https:\/\/static.trustedtranslations.com\/wp-content\/uploads\/2024\/01\/industry-54-1-4-1.webp"],"repeatable":[{"raw":"https:\/\/static.trustedtranslations.com\/wp-content\/uploads\/2024\/01\/bitcoin-2-1-1.webp"},{"raw":"https:\/\/static.trustedtranslations.com\/wp-content\/uploads\/2024\/01\/industry-52-1-2.webp"},{"raw":"https:\/\/static.trustedtranslations.com\/wp-content\/uploads\/2024\/01\/industry-56-1-3.webp"},{"raw":"https:\/\/static.trustedtranslations.com\/wp-content\/uploads\/2024\/01\/industry-54-1-4-1.webp"}]},"imgs-temp-cel":{"type":"image","raw":["https:\/\/static.trustedtranslations.com\/wp-content\/uploads\/2024\/01\/AdobeStock_443956484-2-1.webp","https:\/\/static.trustedtranslations.com\/wp-content\/uploads\/2024\/01\/pile-bitcoin-coins-cryptocurrenc.webp","https:\/\/static.trustedtranslations.com\/wp-content\/uploads\/2024\/01\/AdobeStock_401955693-1-1-1.webp"],"repeatable":[{"raw":"https:\/\/static.trustedtranslations.com\/wp-content\/uploads\/2024\/01\/AdobeStock_443956484-2-1.webp"},{"raw":"https:\/\/static.trustedtranslations.com\/wp-content\/uploads\/2024\/01\/pile-bitcoin-coins-cryptocurrenc.webp"},{"raw":"https:\/\/static.trustedtranslations.com\/wp-content\/uploads\/2024\/01\/AdobeStock_401955693-1-1-1.webp"}]},"img-temp-one-cel":{"type":"image","raw":"https:\/\/static.trustedtranslations.com\/wp-content\/uploads\/2024\/01\/AdobeStock_443956484-2-1.webp","attachment_id":null},"quotes":{"type":"textarea","raw":"<h1 style=\"margin: 10px 0px 12px 0px;\">Experi\u00eancia no setor<\/h1>O privil\u00e9gio de trabalhar com milhares de clientes em uma ampla gama de setores em todo o mundo nos permitiu desenvolver conhecimentos de idiomas espec\u00edficos do setor, em quase todos os setores. Isso inclui compreender o assunto por nicho do setor, nomenclatura diferenciada e protocolos espec\u00edficos, todos os quais ajudam a garantir que entregamos tradu\u00e7\u00f5es n\u00e3o apenas precisas, mas tamb\u00e9m adaptadas \u00e0s necessidades do seu setor.<div style=\"margin-top: 2.5vw;\" class=\"quote-wrapper\"><a class=\"tt-btn-main-cta\" href=\"\/pt-br\/solicitud-orcamento\">SOLICITE UM OR\u00c7AMENTO GR\u00c1TIS<\/a><\/div>"},"text-1":{"type":"textarea","raw":"<h2 style=\"margin-top: -10px;\">Especialistas no assunto<\/h2>Cada setor possui seu conjunto \u00fanico de termos t\u00e9cnicos. Essa terminologia especializada deriva e est\u00e1 ancorada em assuntos muito precisos e espec\u00edficos para um determinado campo ou atividade. Selecionamos cuidadosamente nossos tradutores para cada projeto e levamos em considera\u00e7\u00e3o o assunto espec\u00edfico que est\u00e1 sendo traduzido. Em muitos casos, nossos tradutores possuem p\u00f3s-gradua\u00e7\u00e3o na \u00e1rea dos materiais de origem e s\u00e3o capazes de manter discuss\u00f5es relevantes com sua equipe para garantir que o significado mais preciso seja transmitido.\r\n<div class=\"imgs-flex-template\">\r\n    <div>\r\n        <h2>Servi\u00e7os profissionais de tradu\u00e7\u00e3o: compreendendo os principais componentes\u200b<\/h2>\r\n        <p>D\u00ea uma olhada nos principais componentes de uma oferta de servi\u00e7o de tradu\u00e7\u00e3o profissional. A Trusted Translations est\u00e1 dispon\u00edvel para um or\u00e7amento gratuito 24 horas por dia, todos os dias do ano: https:\/\/www.trustedtranslations.com\/about-us\/quote. Este v\u00eddeo mostrar\u00e1 a voc\u00ea os elementos cr\u00edticos de uma oferta de servi\u00e7o de tradu\u00e7\u00e3o profissional, incluindo o uso de ferramentas de mem\u00f3ria de tradu\u00e7\u00e3o, controles avan\u00e7ados de qualidade, especialistas no assunto e n\u00edveis garantidos de precis\u00e3o. Cada setor utiliza terminologias e nomenclaturas espec\u00edficas, essenciais para a realiza\u00e7\u00e3o de suas atividades di\u00e1rias. Seja o conte\u00fado jur\u00eddico, financeiro ou tecnol\u00f3gico, o uso da terminologia espec\u00edfica do setor \u00e9 vital para transmitir o significado correto em qualquer tradu\u00e7\u00e3o. Cada um dos nossos tradutores profissionais \u00e9 especialista num determinado campo do servi\u00e7o de tradu\u00e7\u00e3o. Isso significa que tradu\u00e7\u00f5es de todos os tipos e estilos est\u00e3o \u00e0 disposi\u00e7\u00e3o na Trusted Translations.<\/p>\r\n    <\/div>\r\n    <img src=\"https:\/\/static.trustedtranslations.com\/wp-content\/uploads\/elementor\/thumbs\/crypto-currency-bitcoin-businessman-trading-investment-1-1-qn72n787ldkczsisx0y40zw9wysmu97c5ecmumsw74.jpg\">\r\n<\/div>"},"shortcode-map":{"type":"textfield","raw":""},"dyk-shortcode":{"type":"textfield","raw":"[elementor-template id=\"147273\"]"},"text-2":{"type":"textarea","raw":"<div class=\"imgs-flex-template flex-text-2\">\r\n    <img src=\"https:\/\/static.trustedtranslations.com\/wp-content\/uploads\/elementor\/thumbs\/industry-qn72n93vz1mjbeb2kson70c6u1mfdj0z07t4e45n28.jpg\">\r\n    <div>\r\n        <h2>Experi\u00eancia no setor de tradu\u00e7\u00f5es\u200b<\/h2>\r\n        <p>Atrav\u00e9s de anos de experi\u00eancia no fornecimento de tradu\u00e7\u00f5es profissionais, desenvolvemos v\u00e1rias \u00e1reas de especializa\u00e7\u00e3o em setores incluindo: publicidade, aeroespacial, automotivo, comercial, qu\u00edmico, contratos, defesa, e-learning, educa\u00e7\u00e3o, entretenimento, financeiro, globaliza\u00e7\u00e3o, governo, imigra\u00e7\u00e3o, jur\u00eddico, lit\u00edgio, localiza\u00e7\u00e3o, manufatura, marketing, m\u00eddia, m\u00e9dico, patentes, religi\u00e3o, varejo, software, t\u00e9cnico, telecomunica\u00e7\u00f5es, manuais de usu\u00e1rio, sites e muito mais. Al\u00e9m de sermos especializados em tradu\u00e7\u00f5es grandes e complexas ingl\u00eas-espanhol, realizadas por equipes seletas de tradutores especializados, com a experi\u00eancia necess\u00e1ria no setor, tamb\u00e9m traduzimos documentos em todos os idiomas, incluindo franc\u00eas, alem\u00e3o, italiano, portugu\u00eas, coreano, chin\u00eas e japon\u00eas.<\/p>\r\n    <\/div>\r\n<\/div>\r\n<h2 style=\"margin-top: -10px;\">Tradutores profissionais<\/h2>A Trusted Translations usa apenas tradutores e revisores profissionais nativos\/fluentes no idioma, como tamb\u00e9m confia cada projeto a especialistas espec\u00edficos do setor para garantir exatid\u00e3o. Al\u00e9m disso, cada tradu\u00e7\u00e3o \u00e9 revisada por um especialista do setor, para garantir a qualidade de cada tradu\u00e7\u00e3o. Suas tradu\u00e7\u00f5es ser\u00e3o realizadas somente por tradutores e editores nativos, experientes, certificados e profissionais, revisadas por um especialista espec\u00edfico do setor. Todos os nossos tradutores t\u00eam acesso a mem\u00f3rias de tradu\u00e7\u00e3o, dicion\u00e1rios e bancos de dados de termos, garantindo que cada tradu\u00e7\u00e3o seja exata e consistente, mesmo nos projetos mais longos.\r\n<div class=\"imgs-flex-template\">\r\n    <div>\r\n        <h2>Equipes de tradutores especialistas<\/h2>\r\n        <p>A maioria dos projetos de tradu\u00e7\u00e3o utiliza v\u00e1rios tradutores profissionais e exige a forma\u00e7\u00e3o de equipes de tradutores. Ter a equipe certa pode ser essencial para manter a consist\u00eancia e um alto n\u00edvel de qualidade por todo o projeto. Cada tradutor precisa ter o conhecimento necess\u00e1rio no assunto, juntamente com treinamento espec\u00edfico nas ferramentas de software corretas. A Trusted Translations tem programas rigorosos de treinamento e testagens, para garantir que usamos apenas os melhores recursos.\r\nSuas tradu\u00e7\u00f5es ser\u00e3o realizadas somente por tradutores e editores nativos, experientes, certificados e profissionais, revisadas por um especialista espec\u00edfico do setor.\r\nTodos os nossos tradutores t\u00eam acesso a mem\u00f3rias de tradu\u00e7\u00e3o, dicion\u00e1rios e bancos de dados de termos, garantindo que cada tradu\u00e7\u00e3o seja exata e consistente, mesmo nos projetos mais longos.<\/p>\r\n    <\/div>\r\n    <img src=\"https:\/\/static.trustedtranslations.com\/wp-content\/uploads\/elementor\/thumbs\/industry-2-qn72n93vz1mri18sb85mluo6zl03vvtg1m097armdc.jpg\">\r\n<\/div>"},"state":{"type":"textfield","raw":""},"city":{"type":"textarea","raw":[]}}},"_links":{"self":[{"href":"https:\/\/www.trustedtranslations.com\/pt-br\/wp-json\/wp\/v2\/pages\/135074","targetHints":{"allow":["GET"]}}],"collection":[{"href":"https:\/\/www.trustedtranslations.com\/pt-br\/wp-json\/wp\/v2\/pages"}],"about":[{"href":"https:\/\/www.trustedtranslations.com\/pt-br\/wp-json\/wp\/v2\/types\/page"}],"author":[{"embeddable":true,"href":"https:\/\/www.trustedtranslations.com\/pt-br\/wp-json\/wp\/v2\/users\/1"}],"replies":[{"embeddable":true,"href":"https:\/\/www.trustedtranslations.com\/pt-br\/wp-json\/wp\/v2\/comments?post=135074"}],"version-history":[{"count":0,"href":"https:\/\/www.trustedtranslations.com\/pt-br\/wp-json\/wp\/v2\/pages\/135074\/revisions"}],"wp:attachment":[{"href":"https:\/\/www.trustedtranslations.com\/pt-br\/wp-json\/wp\/v2\/media?parent=135074"}],"curies":[{"name":"wp","href":"https:\/\/api.w.org\/{rel}","templated":true}]}}