{"id":135075,"date":"2018-08-03T18:57:00","date_gmt":"2018-08-03T18:57:00","guid":{"rendered":"https:\/\/www.trustedtranslations.com\/?page_id=135075"},"modified":"2025-08-14T11:41:23","modified_gmt":"2025-08-14T14:41:23","slug":"servicos","status":"publish","type":"page","link":"https:\/\/www.trustedtranslations.com\/pt-br\/servicos","title":{"rendered":"Servi\u00e7os"},"content":{"rendered":"","protected":false},"excerpt":{"rendered":"","protected":false},"author":1,"featured_media":192962,"parent":0,"menu_order":10,"comment_status":"closed","ping_status":"closed","template":"","meta":{"site-sidebar-layout":"default","site-content-layout":"default","ast-site-content-layout":"default","site-content-style":"default","site-sidebar-style":"default","ast-global-header-display":"","ast-banner-title-visibility":"","ast-main-header-display":"","ast-hfb-above-header-display":"","ast-hfb-below-header-display":"","ast-hfb-mobile-header-display":"","site-post-title":"disabled","ast-breadcrumbs-content":"","ast-featured-img":"","footer-sml-layout":"","ast-disable-related-posts":"","theme-transparent-header-meta":"default","adv-header-id-meta":"","stick-header-meta":"","header-above-stick-meta":"","header-main-stick-meta":"","header-below-stick-meta":"","astra-migrate-meta-layouts":"set","ast-page-background-enabled":"default","ast-page-background-meta":{"desktop":{"background-color":"var(--ast-global-color-4)","background-image":"","background-repeat":"repeat","background-position":"center center","background-size":"auto","background-attachment":"scroll","background-type":"","background-media":"","overlay-type":"","overlay-color":"","overlay-opacity":"","overlay-gradient":""},"tablet":{"background-color":"","background-image":"","background-repeat":"repeat","background-position":"center center","background-size":"auto","background-attachment":"scroll","background-type":"","background-media":"","overlay-type":"","overlay-color":"","overlay-opacity":"","overlay-gradient":""},"mobile":{"background-color":"","background-image":"","background-repeat":"repeat","background-position":"center center","background-size":"auto","background-attachment":"scroll","background-type":"","background-media":"","overlay-type":"","overlay-color":"","overlay-opacity":"","overlay-gradient":""}},"ast-content-background-meta":{"desktop":{"background-color":"var(--ast-global-color-5)","background-image":"","background-repeat":"repeat","background-position":"center center","background-size":"auto","background-attachment":"scroll","background-type":"","background-media":"","overlay-type":"","overlay-color":"","overlay-opacity":"","overlay-gradient":""},"tablet":{"background-color":"var(--ast-global-color-5)","background-image":"","background-repeat":"repeat","background-position":"center center","background-size":"auto","background-attachment":"scroll","background-type":"","background-media":"","overlay-type":"","overlay-color":"","overlay-opacity":"","overlay-gradient":""},"mobile":{"background-color":"var(--ast-global-color-5)","background-image":"","background-repeat":"repeat","background-position":"center center","background-size":"auto","background-attachment":"scroll","background-type":"","background-media":"","overlay-type":"","overlay-color":"","overlay-opacity":"","overlay-gradient":""}},"footnotes":""},"class_list":["post-135075","page","type-page","status-publish","has-post-thumbnail","hentry"],"yoast_head":"<!-- This site is optimized with the Yoast SEO plugin v27.3 - https:\/\/yoast.com\/product\/yoast-seo-wordpress\/ -->\n<title>Servi\u00e7os de tradu\u00e7\u00e3o profissional - Trusted Translations, Inc.<\/title>\n<meta name=\"description\" content=\"A Trusted Translations oferece servi\u00e7os de tradu\u00e7\u00e3o profissional r\u00e1pidos, precisos e confi\u00e1veis. Todos os tipos de documentos, em todos os formatos, extens\u00f5es e idiomas. Solicite agora um or\u00e7amento gratuito.\" \/>\n<meta name=\"robots\" content=\"index, follow, max-snippet:-1, max-image-preview:large, max-video-preview:-1\" \/>\n<link rel=\"canonical\" href=\"https:\/\/www.trustedtranslations.com\/pt-br\/servicos\" \/>\n<meta property=\"og:locale\" content=\"pt_BR\" \/>\n<meta property=\"og:type\" content=\"article\" \/>\n<meta property=\"og:title\" content=\"Servi\u00e7os de tradu\u00e7\u00e3o profissional - Trusted Translations, Inc.\" \/>\n<meta property=\"og:description\" content=\"A Trusted Translations oferece servi\u00e7os de tradu\u00e7\u00e3o profissional r\u00e1pidos, precisos e confi\u00e1veis. Todos os tipos de documentos, em todos os formatos, extens\u00f5es e idiomas. Solicite agora um or\u00e7amento gratuito.\" \/>\n<meta property=\"og:url\" content=\"https:\/\/www.trustedtranslations.com\/pt-br\/servicos\" \/>\n<meta property=\"og:site_name\" content=\"Trusted Translations, Inc.\" \/>\n<meta property=\"article:publisher\" content=\"https:\/\/www.facebook.com\/Trusted.Translations\" \/>\n<meta property=\"article:modified_time\" content=\"2025-08-14T14:41:23+00:00\" \/>\n<meta property=\"og:image\" content=\"https:\/\/www.trustedtranslations.com\/wp-content\/uploads\/2022\/06\/tt-logo-2-1.webp\" \/>\n\t<meta property=\"og:image:width\" content=\"216\" \/>\n\t<meta property=\"og:image:height\" content=\"94\" \/>\n\t<meta property=\"og:image:type\" content=\"image\/webp\" \/>\n<meta name=\"twitter:card\" content=\"summary_large_image\" \/>\n<meta name=\"twitter:site\" content=\"@TrustedT9ns\" \/>\n<script type=\"application\/ld+json\" class=\"yoast-schema-graph\">{\"@context\":\"https:\\\/\\\/schema.org\",\"@graph\":[{\"@type\":\"WebPage\",\"@id\":\"https:\\\/\\\/www.trustedtranslations.com\\\/pt-br\\\/servicos\",\"url\":\"https:\\\/\\\/www.trustedtranslations.com\\\/pt-br\\\/servicos\",\"name\":\"Servi\u00e7os de tradu\u00e7\u00e3o profissional - Trusted Translations, Inc.\",\"isPartOf\":{\"@id\":\"https:\\\/\\\/www.trustedtranslations.com\\\/pt-br\\\/#website\"},\"primaryImageOfPage\":{\"@id\":\"https:\\\/\\\/www.trustedtranslations.com\\\/pt-br\\\/servicos#primaryimage\"},\"image\":{\"@id\":\"https:\\\/\\\/www.trustedtranslations.com\\\/pt-br\\\/servicos#primaryimage\"},\"thumbnailUrl\":\"\",\"description\":\"A Trusted Translations oferece servi\u00e7os de tradu\u00e7\u00e3o profissional r\u00e1pidos, precisos e confi\u00e1veis. Todos os tipos de documentos, em todos os formatos, extens\u00f5es e idiomas. Solicite agora um or\u00e7amento gratuito.\",\"breadcrumb\":{\"@id\":\"https:\\\/\\\/www.trustedtranslations.com\\\/pt-br\\\/servicos#breadcrumb\"},\"inLanguage\":\"pt-BR\",\"potentialAction\":[{\"@type\":\"ReadAction\",\"target\":[\"https:\\\/\\\/www.trustedtranslations.com\\\/pt-br\\\/servicos\"]}]},{\"@type\":\"ImageObject\",\"inLanguage\":\"pt-BR\",\"@id\":\"https:\\\/\\\/www.trustedtranslations.com\\\/pt-br\\\/servicos#primaryimage\",\"url\":\"\",\"contentUrl\":\"\"},{\"@type\":\"BreadcrumbList\",\"@id\":\"https:\\\/\\\/www.trustedtranslations.com\\\/pt-br\\\/servicos#breadcrumb\",\"itemListElement\":[{\"@type\":\"ListItem\",\"position\":1,\"name\":\"Home\",\"item\":\"https:\\\/\\\/www.trustedtranslations.com\\\/pt-br\"},{\"@type\":\"ListItem\",\"position\":2,\"name\":\"Servi\u00e7os\"}]},{\"@type\":\"WebSite\",\"@id\":\"https:\\\/\\\/www.trustedtranslations.com\\\/pt-br\\\/#website\",\"url\":\"https:\\\/\\\/www.trustedtranslations.com\\\/pt-br\\\/\",\"name\":\"Trusted Translations, Inc.\",\"description\":\"Leader in translation and interpretation services.\",\"publisher\":{\"@id\":\"https:\\\/\\\/www.trustedtranslations.com\\\/pt-br\\\/#organization\"},\"alternateName\":\"Trusted Translations\",\"potentialAction\":[{\"@type\":\"SearchAction\",\"target\":{\"@type\":\"EntryPoint\",\"urlTemplate\":\"https:\\\/\\\/www.trustedtranslations.com\\\/pt-br\\\/?s={search_term_string}\"},\"query-input\":{\"@type\":\"PropertyValueSpecification\",\"valueRequired\":true,\"valueName\":\"search_term_string\"}}],\"inLanguage\":\"pt-BR\"},{\"@type\":\"Organization\",\"@id\":\"https:\\\/\\\/www.trustedtranslations.com\\\/pt-br\\\/#organization\",\"name\":\"Trusted Translations\",\"alternateName\":\"Trusted Translations, Inc.\",\"url\":\"https:\\\/\\\/www.trustedtranslations.com\\\/pt-br\\\/\",\"logo\":{\"@type\":\"ImageObject\",\"inLanguage\":\"pt-BR\",\"@id\":\"https:\\\/\\\/www.trustedtranslations.com\\\/pt-br\\\/#\\\/schema\\\/logo\\\/image\\\/\",\"url\":\"https:\\\/\\\/static.trustedtranslations.com\\\/wp-content\\\/uploads\\\/2022\\\/01\\\/TT_logo_WSIColors-2.png\",\"contentUrl\":\"https:\\\/\\\/static.trustedtranslations.com\\\/wp-content\\\/uploads\\\/2022\\\/01\\\/TT_logo_WSIColors-2.png\",\"width\":500,\"height\":196,\"caption\":\"Trusted Translations\"},\"image\":{\"@id\":\"https:\\\/\\\/www.trustedtranslations.com\\\/pt-br\\\/#\\\/schema\\\/logo\\\/image\\\/\"},\"sameAs\":[\"https:\\\/\\\/www.facebook.com\\\/Trusted.Translations\",\"https:\\\/\\\/x.com\\\/TrustedT9ns\",\"https:\\\/\\\/www.linkedin.com\\\/company\\\/trusted-translations\"]}]}<\/script>\n<!-- \/ Yoast SEO plugin. -->","yoast_head_json":{"title":"Servi\u00e7os de tradu\u00e7\u00e3o profissional - Trusted Translations, Inc.","description":"A Trusted Translations oferece servi\u00e7os de tradu\u00e7\u00e3o profissional r\u00e1pidos, precisos e confi\u00e1veis. Todos os tipos de documentos, em todos os formatos, extens\u00f5es e idiomas. Solicite agora um or\u00e7amento gratuito.","robots":{"index":"index","follow":"follow","max-snippet":"max-snippet:-1","max-image-preview":"max-image-preview:large","max-video-preview":"max-video-preview:-1"},"canonical":"https:\/\/www.trustedtranslations.com\/pt-br\/servicos","og_locale":"pt_BR","og_type":"article","og_title":"Servi\u00e7os de tradu\u00e7\u00e3o profissional - Trusted Translations, Inc.","og_description":"A Trusted Translations oferece servi\u00e7os de tradu\u00e7\u00e3o profissional r\u00e1pidos, precisos e confi\u00e1veis. Todos os tipos de documentos, em todos os formatos, extens\u00f5es e idiomas. Solicite agora um or\u00e7amento gratuito.","og_url":"https:\/\/www.trustedtranslations.com\/pt-br\/servicos","og_site_name":"Trusted Translations, Inc.","article_publisher":"https:\/\/www.facebook.com\/Trusted.Translations","article_modified_time":"2025-08-14T14:41:23+00:00","og_image":[{"width":216,"height":94,"url":"https:\/\/www.trustedtranslations.com\/wp-content\/uploads\/2022\/06\/tt-logo-2-1.webp","type":"image\/webp"}],"twitter_card":"summary_large_image","twitter_site":"@TrustedT9ns","schema":{"@context":"https:\/\/schema.org","@graph":[{"@type":"WebPage","@id":"https:\/\/www.trustedtranslations.com\/pt-br\/servicos","url":"https:\/\/www.trustedtranslations.com\/pt-br\/servicos","name":"Servi\u00e7os de tradu\u00e7\u00e3o profissional - Trusted Translations, Inc.","isPartOf":{"@id":"https:\/\/www.trustedtranslations.com\/pt-br\/#website"},"primaryImageOfPage":{"@id":"https:\/\/www.trustedtranslations.com\/pt-br\/servicos#primaryimage"},"image":{"@id":"https:\/\/www.trustedtranslations.com\/pt-br\/servicos#primaryimage"},"thumbnailUrl":"","description":"A Trusted Translations oferece servi\u00e7os de tradu\u00e7\u00e3o profissional r\u00e1pidos, precisos e confi\u00e1veis. Todos os tipos de documentos, em todos os formatos, extens\u00f5es e idiomas. Solicite agora um or\u00e7amento gratuito.","breadcrumb":{"@id":"https:\/\/www.trustedtranslations.com\/pt-br\/servicos#breadcrumb"},"inLanguage":"pt-BR","potentialAction":[{"@type":"ReadAction","target":["https:\/\/www.trustedtranslations.com\/pt-br\/servicos"]}]},{"@type":"ImageObject","inLanguage":"pt-BR","@id":"https:\/\/www.trustedtranslations.com\/pt-br\/servicos#primaryimage","url":"","contentUrl":""},{"@type":"BreadcrumbList","@id":"https:\/\/www.trustedtranslations.com\/pt-br\/servicos#breadcrumb","itemListElement":[{"@type":"ListItem","position":1,"name":"Home","item":"https:\/\/www.trustedtranslations.com\/pt-br"},{"@type":"ListItem","position":2,"name":"Servi\u00e7os"}]},{"@type":"WebSite","@id":"https:\/\/www.trustedtranslations.com\/pt-br\/#website","url":"https:\/\/www.trustedtranslations.com\/pt-br\/","name":"Trusted Translations, Inc.","description":"Leader in translation and interpretation services.","publisher":{"@id":"https:\/\/www.trustedtranslations.com\/pt-br\/#organization"},"alternateName":"Trusted Translations","potentialAction":[{"@type":"SearchAction","target":{"@type":"EntryPoint","urlTemplate":"https:\/\/www.trustedtranslations.com\/pt-br\/?s={search_term_string}"},"query-input":{"@type":"PropertyValueSpecification","valueRequired":true,"valueName":"search_term_string"}}],"inLanguage":"pt-BR"},{"@type":"Organization","@id":"https:\/\/www.trustedtranslations.com\/pt-br\/#organization","name":"Trusted Translations","alternateName":"Trusted Translations, Inc.","url":"https:\/\/www.trustedtranslations.com\/pt-br\/","logo":{"@type":"ImageObject","inLanguage":"pt-BR","@id":"https:\/\/www.trustedtranslations.com\/pt-br\/#\/schema\/logo\/image\/","url":"https:\/\/static.trustedtranslations.com\/wp-content\/uploads\/2022\/01\/TT_logo_WSIColors-2.png","contentUrl":"https:\/\/static.trustedtranslations.com\/wp-content\/uploads\/2022\/01\/TT_logo_WSIColors-2.png","width":500,"height":196,"caption":"Trusted Translations"},"image":{"@id":"https:\/\/www.trustedtranslations.com\/pt-br\/#\/schema\/logo\/image\/"},"sameAs":["https:\/\/www.facebook.com\/Trusted.Translations","https:\/\/x.com\/TrustedT9ns","https:\/\/www.linkedin.com\/company\/trusted-translations"]}]}},"toolset-meta":{"dyk":{"mensaje-1":{"type":"textfield","raw":""},"mensaje-2":{"type":"textfield","raw":"Nossa equipe inclui especialistas m\u00e9dicos certificados pelo conselho e tradutores judiciais aprovados a n\u00edvel federal."},"mensaje-3":{"type":"textfield","raw":"A <em>Trusted Translations<\/em> atende clientes importantes em mais de 140 idiomas."},"mensaje-4":{"type":"textfield","raw":"A Trusted Translations pode trabalhar com projetos de grandes volumes e em praticamente qualquer formato de arquivo."},"mensaje-5":{"type":"textfield","raw":""},"mensaje-6":{"type":"textfield","raw":""}},"single-page-template-fields":{"imgs-temp":{"type":"image","raw":["https:\/\/static.trustedtranslations.com\/wp-content\/uploads\/2024\/01\/Group-80-2.webp","https:\/\/static.trustedtranslations.com\/wp-content\/uploads\/2024\/01\/Group-79-3-2.webp","https:\/\/static.trustedtranslations.com\/wp-content\/uploads\/2024\/01\/Group-81-2-1.webp"],"repeatable":[{"raw":"https:\/\/static.trustedtranslations.com\/wp-content\/uploads\/2024\/01\/Group-80-2.webp"},{"raw":"https:\/\/static.trustedtranslations.com\/wp-content\/uploads\/2024\/01\/Group-79-3-2.webp"},{"raw":"https:\/\/static.trustedtranslations.com\/wp-content\/uploads\/2024\/01\/Group-81-2-1.webp"}]},"imgs-temp-cel":{"type":"image","raw":["https:\/\/static.trustedtranslations.com\/wp-content\/uploads\/2024\/01\/AdobeStock_303497515-1-1-1.webp","https:\/\/static.trustedtranslations.com\/wp-content\/uploads\/2024\/01\/AdobeStock_168056328-1-1-1.webp","https:\/\/static.trustedtranslations.com\/wp-content\/uploads\/2024\/01\/AdobeStock_408659909-1-1.webp"],"repeatable":[{"raw":"https:\/\/static.trustedtranslations.com\/wp-content\/uploads\/2024\/01\/AdobeStock_303497515-1-1-1.webp"},{"raw":"https:\/\/static.trustedtranslations.com\/wp-content\/uploads\/2024\/01\/AdobeStock_168056328-1-1-1.webp"},{"raw":"https:\/\/static.trustedtranslations.com\/wp-content\/uploads\/2024\/01\/AdobeStock_408659909-1-1.webp"}]},"img-temp-one-cel":{"type":"image","raw":"https:\/\/static.trustedtranslations.com\/wp-content\/uploads\/2024\/01\/AdobeStock_303497515-1-1-1.webp","attachment_id":null},"quotes":{"type":"textarea","raw":"<h1 style=\"margin-bottom: 12px;\">Servi\u00e7os profissionais de tradu\u00e7\u00e3o<\/h1>Nossos servi\u00e7os de tradu\u00e7\u00e3o profissional incluem tradu\u00e7\u00f5es de todos os tipos de documentos, em todos os formatos, tamanhos e idiomas. A Trusted Translations oferece servi\u00e7os de tradu\u00e7\u00e3o profissional r\u00e1pidos, precisos e confi\u00e1veis.<div style=\"margin-top: 2.5vw;\"><a class=\"tt-btn-main-cta\" href=\"\/pt-br\/solicitud-orcamento\" class=\"quote-wrapper\">SOLICITE UM OR\u00c7AMENTO GR\u00c1TIS<\/a><\/div>"},"text-1":{"type":"textarea","raw":"<div class=\"imgs-flex-template\">\r\n    <div>\r\n        <h2>Experi\u00eancia no assunto\u200b<\/h2>\r\n        <p>Os projetos de tradu\u00e7\u00e3o variam em tamanho, escopo e assunto. Se voc\u00ea precisa da tradu\u00e7\u00e3o de um tratado m\u00e9dico t\u00e9cnico ou de um contrato jur\u00eddico complexo, a Trusted Translations possui a experi\u00eancia de fornecer tradu\u00e7\u00f5es precisas a pre\u00e7os muito competitivos. Entendemos, desde o in\u00edcio do seu projeto, que sua tradu\u00e7\u00e3o pode conter terminologias espec\u00edficas que exijam um linguista especializado no assunto impl\u00edcito. Para isso, trabalhamos com mais de 10.000 tradutores avaliados e experientes, capazes de abordar quase todos os assuntos. Da engenharia nuclear a diretrizes di\u00e1rias de sa\u00fade, nossos especialistas est\u00e3o \u00e0 disposi\u00e7\u00e3o para ajud\u00e1-lo em seu projeto.<\/p>\r\n    <\/div>\r\n    <img src=\"https:\/\/static.trustedtranslations.com\/wp-content\/uploads\/2024\/01\/man-holding-smartphone-translate.webp\">\r\n<\/div>\r\n<h2 style=\"margin-top: -10px;\">Servi\u00e7os de tradu\u00e7\u00e3o profissionais\u200b\u200b<\/h2>Os servi\u00e7os de tradu\u00e7\u00e3o profissionais exigem um maior n\u00edvel de aten\u00e7\u00e3o aos detalhes, necess\u00e1rio para atingir os objetivos de idioma espec\u00edficos de nossos clientes. Isso varia de projeto para projeto, mas o processo normalmente exige gerenciamento profissional do projeto para garantir que os altos padr\u00f5es de qualidade sejam atendidos e que os projetos sejam entregues no prazo e no formato solicitado pelo cliente. Nossa experi\u00eancia nos mostrou que alguns servi\u00e7os exigem engenharia de solu\u00e7\u00f5es para ajudar a criar fluxos de trabalho que tragam uma integra\u00e7\u00e3o perfeita das tradu\u00e7\u00f5es nas opera\u00e7\u00f5es de uma organiza\u00e7\u00e3o. Para projetos maiores, temos arquitetos de solu\u00e7\u00f5es pr\u00f3prios, que n\u00e3o apenas garantem uma tradu\u00e7\u00e3o de alta qualidade, mas tamb\u00e9m fornecem solu\u00e7\u00f5es de gest\u00e3o de conte\u00fado, as quais fornecem um fluxo de conte\u00fado bidirecional virtualmente perfeito com o m\u00ednimo de interfer\u00eancia nos fluxos de trabalho existentes do cliente.\r\n\r\nA grande maioria dos nossos neg\u00f3cios vem de clientes leais, satisfeitos com nossos pre\u00e7os competitivos e com o servi\u00e7o eficiente com foco no cliente. Conseguimos isso ao personalizarmos e adequarmos os fluxos de trabalho aos processos internos de nossos clientes, garantindo tradu\u00e7\u00f5es mais consistentes, entrega mais r\u00e1pida e um resultado menos oneroso ao longo do tempo."},"shortcode-map":{"type":"textfield","raw":""},"dyk-shortcode":{"type":"textfield","raw":"[elementor-template id=\"147273\"]"},"text-2":{"type":"textarea","raw":"<div class=\"imgs-flex-template flex-text-2\">\r\n    <img src=\"https:\/\/static.trustedtranslations.com\/wp-content\/uploads\/2024\/01\/service-1.webp\">\r\n    <div>\r\n        <h2>Construindo seus ativos de tradu\u00e7\u00e3o<\/h2>\r\n        <p>Como parte de nossos servi\u00e7os de tradu\u00e7\u00e3o profissional, podemos ajud\u00e1-lo a construir um diferencial importante em sua estrat\u00e9gia multil\u00edngue: os ativos de tradu\u00e7\u00e3o. Os ativos de tradu\u00e7\u00e3o permitem que voc\u00ea e sua organiza\u00e7\u00e3o aproveitem tradu\u00e7\u00f5es e gloss\u00e1rios j\u00e1 existentes para melhorar a consist\u00eancia de suas tradu\u00e7\u00f5es e, por fim, reduzir o custo para traduzir textos semelhantes.\r\n\r\nAl\u00e9m disso, esses ativos s\u00e3o pr\u00f3prios e podem ser usados na maioria dos projetos de tradu\u00e7\u00e3o relacionados. Nossos servi\u00e7os profissionais garantir\u00e3o que seus ativos de tradu\u00e7\u00e3o sejam mantidos com a mais recente tecnologia e atualizados ap\u00f3s cada projeto. Para clientes com mem\u00f3rias de tradu\u00e7\u00e3o e gloss\u00e1rios j\u00e1 existentes, podemos revis\u00e1-los para garantir que estejam atualizados e otimizados para uso futuro. A Trusted Translations usa uma plataforma din\u00e2mica que suporta praticamente qualquer formato de mem\u00f3ria de tradu\u00e7\u00e3o. Nosso objetivo \u00e9 crescer com nossos clientes e ajud\u00e1-los a desenvolver ferramentas que ir\u00e3o melhorar seu conte\u00fado multil\u00edngue, reduzindo o custo de tradu\u00e7\u00e3o de novos conte\u00fados.<\/p>\r\n    <\/div>\r\n<\/div>"},"state":{"type":"textfield","raw":""},"city":{"type":"textarea","raw":[""]}}},"_links":{"self":[{"href":"https:\/\/www.trustedtranslations.com\/pt-br\/wp-json\/wp\/v2\/pages\/135075","targetHints":{"allow":["GET"]}}],"collection":[{"href":"https:\/\/www.trustedtranslations.com\/pt-br\/wp-json\/wp\/v2\/pages"}],"about":[{"href":"https:\/\/www.trustedtranslations.com\/pt-br\/wp-json\/wp\/v2\/types\/page"}],"author":[{"embeddable":true,"href":"https:\/\/www.trustedtranslations.com\/pt-br\/wp-json\/wp\/v2\/users\/1"}],"replies":[{"embeddable":true,"href":"https:\/\/www.trustedtranslations.com\/pt-br\/wp-json\/wp\/v2\/comments?post=135075"}],"version-history":[{"count":0,"href":"https:\/\/www.trustedtranslations.com\/pt-br\/wp-json\/wp\/v2\/pages\/135075\/revisions"}],"wp:featuredmedia":[{"embeddable":true,"href":"https:\/\/www.trustedtranslations.com\/pt-br\/wp-json\/"}],"wp:attachment":[{"href":"https:\/\/www.trustedtranslations.com\/pt-br\/wp-json\/wp\/v2\/media?parent=135075"}],"curies":[{"name":"wp","href":"https:\/\/api.w.org\/{rel}","templated":true}]}}