{"id":135078,"date":"2018-08-03T18:56:58","date_gmt":"2018-08-03T18:56:58","guid":{"rendered":"https:\/\/www.trustedtranslations.com\/?page_id=135078"},"modified":"2024-09-03T15:46:45","modified_gmt":"2024-09-03T18:46:45","slug":"idioma","status":"publish","type":"page","link":"https:\/\/www.trustedtranslations.com\/pt-br\/idioma","title":{"rendered":"Idiomas"},"content":{"rendered":"","protected":false},"excerpt":{"rendered":"","protected":false},"author":1,"featured_media":139632,"parent":0,"menu_order":30,"comment_status":"closed","ping_status":"closed","template":"","meta":{"site-sidebar-layout":"default","site-content-layout":"default","ast-site-content-layout":"default","site-content-style":"default","site-sidebar-style":"default","ast-global-header-display":"","ast-banner-title-visibility":"","ast-main-header-display":"","ast-hfb-above-header-display":"","ast-hfb-below-header-display":"","ast-hfb-mobile-header-display":"","site-post-title":"disabled","ast-breadcrumbs-content":"","ast-featured-img":"","footer-sml-layout":"","theme-transparent-header-meta":"default","adv-header-id-meta":"","stick-header-meta":"","header-above-stick-meta":"","header-main-stick-meta":"","header-below-stick-meta":"","astra-migrate-meta-layouts":"set","ast-page-background-enabled":"default","ast-page-background-meta":{"desktop":{"background-color":"var(--ast-global-color-4)","background-image":"","background-repeat":"repeat","background-position":"center center","background-size":"auto","background-attachment":"scroll","background-type":"","background-media":"","overlay-type":"","overlay-color":"","overlay-opacity":"","overlay-gradient":""},"tablet":{"background-color":"","background-image":"","background-repeat":"repeat","background-position":"center center","background-size":"auto","background-attachment":"scroll","background-type":"","background-media":"","overlay-type":"","overlay-color":"","overlay-opacity":"","overlay-gradient":""},"mobile":{"background-color":"","background-image":"","background-repeat":"repeat","background-position":"center center","background-size":"auto","background-attachment":"scroll","background-type":"","background-media":"","overlay-type":"","overlay-color":"","overlay-opacity":"","overlay-gradient":""}},"ast-content-background-meta":{"desktop":{"background-color":"var(--ast-global-color-5)","background-image":"","background-repeat":"repeat","background-position":"center center","background-size":"auto","background-attachment":"scroll","background-type":"","background-media":"","overlay-type":"","overlay-color":"","overlay-opacity":"","overlay-gradient":""},"tablet":{"background-color":"var(--ast-global-color-5)","background-image":"","background-repeat":"repeat","background-position":"center center","background-size":"auto","background-attachment":"scroll","background-type":"","background-media":"","overlay-type":"","overlay-color":"","overlay-opacity":"","overlay-gradient":""},"mobile":{"background-color":"var(--ast-global-color-5)","background-image":"","background-repeat":"repeat","background-position":"center center","background-size":"auto","background-attachment":"scroll","background-type":"","background-media":"","overlay-type":"","overlay-color":"","overlay-opacity":"","overlay-gradient":""}},"footnotes":""},"class_list":["post-135078","page","type-page","status-publish","has-post-thumbnail","hentry"],"yoast_head":"<!-- This site is optimized with the Yoast SEO plugin v27.5 - https:\/\/yoast.com\/product\/yoast-seo-wordpress\/ -->\n<title>Servi\u00e7os de tradu\u00e7\u00e3o de idiomas - Trusted Translations, Inc.<\/title>\n<meta name=\"description\" content=\"A Trusted Translations, Inc. oferece servi\u00e7os de tradu\u00e7\u00e3o de idiomas de e para o ingl\u00eas, espanhol, portugu\u00eas, franc\u00eas, alem\u00e3o, italiano, holand\u00eas, chin\u00eas e japon\u00eas, de e para qualquer idioma.\" \/>\n<meta name=\"robots\" content=\"index, follow, max-snippet:-1, max-image-preview:large, max-video-preview:-1\" \/>\n<link rel=\"canonical\" href=\"https:\/\/www.trustedtranslations.com\/pt-br\/idioma\" \/>\n<meta property=\"og:locale\" content=\"pt_BR\" \/>\n<meta property=\"og:type\" content=\"article\" \/>\n<meta property=\"og:title\" content=\"Servi\u00e7os de tradu\u00e7\u00e3o de idiomas - Trusted Translations, Inc.\" \/>\n<meta property=\"og:description\" content=\"A Trusted Translations, Inc. oferece servi\u00e7os de tradu\u00e7\u00e3o de idiomas de e para o ingl\u00eas, espanhol, portugu\u00eas, franc\u00eas, alem\u00e3o, italiano, holand\u00eas, chin\u00eas e japon\u00eas, de e para qualquer idioma.\" \/>\n<meta property=\"og:url\" content=\"https:\/\/www.trustedtranslations.com\/pt-br\/idioma\" \/>\n<meta property=\"og:site_name\" content=\"Trusted Translations, Inc.\" \/>\n<meta property=\"article:publisher\" content=\"https:\/\/www.facebook.com\/Trusted.Translations\" \/>\n<meta property=\"article:modified_time\" content=\"2024-09-03T18:46:45+00:00\" \/>\n<meta property=\"og:image\" content=\"https:\/\/static.trustedtranslations.com\/wp-content\/uploads\/2022\/03\/TT_NEW_FB-1.png\" \/>\n\t<meta property=\"og:image:width\" content=\"1038\" \/>\n\t<meta property=\"og:image:height\" content=\"1038\" \/>\n\t<meta property=\"og:image:type\" content=\"image\/png\" \/>\n<meta name=\"twitter:card\" content=\"summary_large_image\" \/>\n<meta name=\"twitter:site\" content=\"@TrustedT9ns\" \/>\n<script type=\"application\/ld+json\" class=\"yoast-schema-graph\">{\"@context\":\"https:\\\/\\\/schema.org\",\"@graph\":[{\"@type\":\"WebPage\",\"@id\":\"https:\\\/\\\/www.trustedtranslations.com\\\/pt-br\\\/idioma\",\"url\":\"https:\\\/\\\/www.trustedtranslations.com\\\/pt-br\\\/idioma\",\"name\":\"Servi\u00e7os de tradu\u00e7\u00e3o de idiomas - Trusted Translations, Inc.\",\"isPartOf\":{\"@id\":\"https:\\\/\\\/www.trustedtranslations.com\\\/pt-br\\\/#website\"},\"primaryImageOfPage\":{\"@id\":\"https:\\\/\\\/www.trustedtranslations.com\\\/pt-br\\\/idioma#primaryimage\"},\"image\":{\"@id\":\"https:\\\/\\\/www.trustedtranslations.com\\\/pt-br\\\/idioma#primaryimage\"},\"thumbnailUrl\":\"https:\\\/\\\/www.trustedtranslations.com\\\/wp-content\\\/uploads\\\/2022\\\/03\\\/TT_NEW_FB-1.png\",\"description\":\"A Trusted Translations, Inc. oferece servi\u00e7os de tradu\u00e7\u00e3o de idiomas de e para o ingl\u00eas, espanhol, portugu\u00eas, franc\u00eas, alem\u00e3o, italiano, holand\u00eas, chin\u00eas e japon\u00eas, de e para qualquer idioma.\",\"breadcrumb\":{\"@id\":\"https:\\\/\\\/www.trustedtranslations.com\\\/pt-br\\\/idioma#breadcrumb\"},\"inLanguage\":\"pt-BR\",\"potentialAction\":[{\"@type\":\"ReadAction\",\"target\":[\"https:\\\/\\\/www.trustedtranslations.com\\\/pt-br\\\/idioma\"]}]},{\"@type\":\"ImageObject\",\"inLanguage\":\"pt-BR\",\"@id\":\"https:\\\/\\\/www.trustedtranslations.com\\\/pt-br\\\/idioma#primaryimage\",\"url\":\"https:\\\/\\\/www.trustedtranslations.com\\\/wp-content\\\/uploads\\\/2022\\\/03\\\/TT_NEW_FB-1.png\",\"contentUrl\":\"https:\\\/\\\/www.trustedtranslations.com\\\/wp-content\\\/uploads\\\/2022\\\/03\\\/TT_NEW_FB-1.png\",\"width\":1038,\"height\":1038,\"caption\":\"TT NEW FB 1\"},{\"@type\":\"BreadcrumbList\",\"@id\":\"https:\\\/\\\/www.trustedtranslations.com\\\/pt-br\\\/idioma#breadcrumb\",\"itemListElement\":[{\"@type\":\"ListItem\",\"position\":1,\"name\":\"Home\",\"item\":\"https:\\\/\\\/www.trustedtranslations.com\\\/pt-br\"},{\"@type\":\"ListItem\",\"position\":2,\"name\":\"Idiomas\"}]},{\"@type\":\"WebSite\",\"@id\":\"https:\\\/\\\/www.trustedtranslations.com\\\/pt-br\\\/#website\",\"url\":\"https:\\\/\\\/www.trustedtranslations.com\\\/pt-br\\\/\",\"name\":\"Trusted Translations, Inc.\",\"description\":\"Leader in translation and interpretation services.\",\"publisher\":{\"@id\":\"https:\\\/\\\/www.trustedtranslations.com\\\/pt-br\\\/#organization\"},\"alternateName\":\"Trusted Translations\",\"potentialAction\":[{\"@type\":\"SearchAction\",\"target\":{\"@type\":\"EntryPoint\",\"urlTemplate\":\"https:\\\/\\\/www.trustedtranslations.com\\\/pt-br\\\/?s={search_term_string}\"},\"query-input\":{\"@type\":\"PropertyValueSpecification\",\"valueRequired\":true,\"valueName\":\"search_term_string\"}}],\"inLanguage\":\"pt-BR\"},{\"@type\":\"Organization\",\"@id\":\"https:\\\/\\\/www.trustedtranslations.com\\\/pt-br\\\/#organization\",\"name\":\"Trusted Translations\",\"alternateName\":\"Trusted Translations, Inc.\",\"url\":\"https:\\\/\\\/www.trustedtranslations.com\\\/pt-br\\\/\",\"logo\":{\"@type\":\"ImageObject\",\"inLanguage\":\"pt-BR\",\"@id\":\"https:\\\/\\\/www.trustedtranslations.com\\\/pt-br\\\/#\\\/schema\\\/logo\\\/image\\\/\",\"url\":\"https:\\\/\\\/static.trustedtranslations.com\\\/wp-content\\\/uploads\\\/2022\\\/01\\\/TT_logo_WSIColors-2.png\",\"contentUrl\":\"https:\\\/\\\/static.trustedtranslations.com\\\/wp-content\\\/uploads\\\/2022\\\/01\\\/TT_logo_WSIColors-2.png\",\"width\":500,\"height\":196,\"caption\":\"Trusted Translations\"},\"image\":{\"@id\":\"https:\\\/\\\/www.trustedtranslations.com\\\/pt-br\\\/#\\\/schema\\\/logo\\\/image\\\/\"},\"sameAs\":[\"https:\\\/\\\/www.facebook.com\\\/Trusted.Translations\",\"https:\\\/\\\/x.com\\\/TrustedT9ns\",\"https:\\\/\\\/www.linkedin.com\\\/company\\\/trusted-translations\"]}]}<\/script>\n<!-- \/ Yoast SEO plugin. -->","yoast_head_json":{"title":"Servi\u00e7os de tradu\u00e7\u00e3o de idiomas - Trusted Translations, Inc.","description":"A Trusted Translations, Inc. oferece servi\u00e7os de tradu\u00e7\u00e3o de idiomas de e para o ingl\u00eas, espanhol, portugu\u00eas, franc\u00eas, alem\u00e3o, italiano, holand\u00eas, chin\u00eas e japon\u00eas, de e para qualquer idioma.","robots":{"index":"index","follow":"follow","max-snippet":"max-snippet:-1","max-image-preview":"max-image-preview:large","max-video-preview":"max-video-preview:-1"},"canonical":"https:\/\/www.trustedtranslations.com\/pt-br\/idioma","og_locale":"pt_BR","og_type":"article","og_title":"Servi\u00e7os de tradu\u00e7\u00e3o de idiomas - Trusted Translations, Inc.","og_description":"A Trusted Translations, Inc. oferece servi\u00e7os de tradu\u00e7\u00e3o de idiomas de e para o ingl\u00eas, espanhol, portugu\u00eas, franc\u00eas, alem\u00e3o, italiano, holand\u00eas, chin\u00eas e japon\u00eas, de e para qualquer idioma.","og_url":"https:\/\/www.trustedtranslations.com\/pt-br\/idioma","og_site_name":"Trusted Translations, Inc.","article_publisher":"https:\/\/www.facebook.com\/Trusted.Translations","article_modified_time":"2024-09-03T18:46:45+00:00","og_image":[{"width":1038,"height":1038,"url":"https:\/\/static.trustedtranslations.com\/wp-content\/uploads\/2022\/03\/TT_NEW_FB-1.png","type":"image\/png"}],"twitter_card":"summary_large_image","twitter_site":"@TrustedT9ns","schema":{"@context":"https:\/\/schema.org","@graph":[{"@type":"WebPage","@id":"https:\/\/www.trustedtranslations.com\/pt-br\/idioma","url":"https:\/\/www.trustedtranslations.com\/pt-br\/idioma","name":"Servi\u00e7os de tradu\u00e7\u00e3o de idiomas - Trusted Translations, Inc.","isPartOf":{"@id":"https:\/\/www.trustedtranslations.com\/pt-br\/#website"},"primaryImageOfPage":{"@id":"https:\/\/www.trustedtranslations.com\/pt-br\/idioma#primaryimage"},"image":{"@id":"https:\/\/www.trustedtranslations.com\/pt-br\/idioma#primaryimage"},"thumbnailUrl":"https:\/\/www.trustedtranslations.com\/wp-content\/uploads\/2022\/03\/TT_NEW_FB-1.png","description":"A Trusted Translations, Inc. oferece servi\u00e7os de tradu\u00e7\u00e3o de idiomas de e para o ingl\u00eas, espanhol, portugu\u00eas, franc\u00eas, alem\u00e3o, italiano, holand\u00eas, chin\u00eas e japon\u00eas, de e para qualquer idioma.","breadcrumb":{"@id":"https:\/\/www.trustedtranslations.com\/pt-br\/idioma#breadcrumb"},"inLanguage":"pt-BR","potentialAction":[{"@type":"ReadAction","target":["https:\/\/www.trustedtranslations.com\/pt-br\/idioma"]}]},{"@type":"ImageObject","inLanguage":"pt-BR","@id":"https:\/\/www.trustedtranslations.com\/pt-br\/idioma#primaryimage","url":"https:\/\/www.trustedtranslations.com\/wp-content\/uploads\/2022\/03\/TT_NEW_FB-1.png","contentUrl":"https:\/\/www.trustedtranslations.com\/wp-content\/uploads\/2022\/03\/TT_NEW_FB-1.png","width":1038,"height":1038,"caption":"TT NEW FB 1"},{"@type":"BreadcrumbList","@id":"https:\/\/www.trustedtranslations.com\/pt-br\/idioma#breadcrumb","itemListElement":[{"@type":"ListItem","position":1,"name":"Home","item":"https:\/\/www.trustedtranslations.com\/pt-br"},{"@type":"ListItem","position":2,"name":"Idiomas"}]},{"@type":"WebSite","@id":"https:\/\/www.trustedtranslations.com\/pt-br\/#website","url":"https:\/\/www.trustedtranslations.com\/pt-br\/","name":"Trusted Translations, Inc.","description":"Leader in translation and interpretation services.","publisher":{"@id":"https:\/\/www.trustedtranslations.com\/pt-br\/#organization"},"alternateName":"Trusted Translations","potentialAction":[{"@type":"SearchAction","target":{"@type":"EntryPoint","urlTemplate":"https:\/\/www.trustedtranslations.com\/pt-br\/?s={search_term_string}"},"query-input":{"@type":"PropertyValueSpecification","valueRequired":true,"valueName":"search_term_string"}}],"inLanguage":"pt-BR"},{"@type":"Organization","@id":"https:\/\/www.trustedtranslations.com\/pt-br\/#organization","name":"Trusted Translations","alternateName":"Trusted Translations, Inc.","url":"https:\/\/www.trustedtranslations.com\/pt-br\/","logo":{"@type":"ImageObject","inLanguage":"pt-BR","@id":"https:\/\/www.trustedtranslations.com\/pt-br\/#\/schema\/logo\/image\/","url":"https:\/\/static.trustedtranslations.com\/wp-content\/uploads\/2022\/01\/TT_logo_WSIColors-2.png","contentUrl":"https:\/\/static.trustedtranslations.com\/wp-content\/uploads\/2022\/01\/TT_logo_WSIColors-2.png","width":500,"height":196,"caption":"Trusted Translations"},"image":{"@id":"https:\/\/www.trustedtranslations.com\/pt-br\/#\/schema\/logo\/image\/"},"sameAs":["https:\/\/www.facebook.com\/Trusted.Translations","https:\/\/x.com\/TrustedT9ns","https:\/\/www.linkedin.com\/company\/trusted-translations"]}]}},"toolset-meta":{"dyk":{"mensaje-1":{"type":"textfield","raw":"Somos a empresa de idiomas preferida pelas maiores empresas do mundo."},"mensaje-2":{"type":"textfield","raw":"A Trusted Translations segue os mais r\u00edgidos padr\u00f5es de controle de qualidade do mercado."},"mensaje-3":{"type":"textfield","raw":""},"mensaje-4":{"type":"textfield","raw":""},"mensaje-5":{"type":"textfield","raw":""},"mensaje-6":{"type":"textfield","raw":""}},"single-page-template-fields":{"imgs-temp":{"type":"image","raw":["https:\/\/static.trustedtranslations.com\/wp-content\/uploads\/2024\/01\/language-final-1-1.webp","https:\/\/static.trustedtranslations.com\/wp-content\/uploads\/2024\/01\/language-final-3.webp","https:\/\/static.trustedtranslations.com\/wp-content\/uploads\/2024\/01\/language-final-2-1.webp"],"repeatable":[{"raw":"https:\/\/static.trustedtranslations.com\/wp-content\/uploads\/2024\/01\/language-final-1-1.webp"},{"raw":"https:\/\/static.trustedtranslations.com\/wp-content\/uploads\/2024\/01\/language-final-3.webp"},{"raw":"https:\/\/static.trustedtranslations.com\/wp-content\/uploads\/2024\/01\/language-final-2-1.webp"}]},"imgs-temp-cel":{"type":"image","raw":[""],"repeatable":[{"raw":""}]},"img-temp-one-cel":{"type":"image","raw":"https:\/\/static.trustedtranslations.com\/wp-content\/uploads\/2024\/01\/AdobeStock_429999205-1-1.webp","attachment_id":null},"quotes":{"type":"textarea","raw":"<h1 style=\"margin-bottom: 12px;\">Servi\u00e7os de tradu\u00e7\u00e3o de idiomas<\/h1>Com mais de 6.500 l\u00ednguas faladas multiplicadas por um n\u00famero infinito de dialetos, a tradu\u00e7\u00e3o de idiomas pode ser uma tarefa assustadora, para dizer o m\u00ednimo. Com mais de 20 anos de experi\u00eancia comprovada navegando por essas \u00e1guas lingu\u00edsticas, a Trusted Translations tem a expertise para gui\u00e1-lo em qualquer projeto de idioma que voc\u00ea possa ter.<div style=\"margin-top: 2.5vw;\"><a class=\"tt-btn-main-cta\" href=\"\/pt-br\/solicitud-orcamento\" class=\"quote-wrapper\">SOLICITE UM OR\u00c7AMENTO GR\u00c1TIS<\/a><\/div>"},"text-1":{"type":"textarea","raw":"<div class=\"imgs-flex-template flex-text-2\" style=\"margin-top: -30px; margin-bottom: 30px;\">\r\n    <img src=\"https:\/\/static.trustedtranslations.com\/wp-content\/uploads\/2024\/01\/smiling-young-couple-shaking-han.webp\">\r\n    <div>\r\n        <h2>Servi\u00e7os de tradu\u00e7\u00e3o de idiomas\u200b<\/h2>\r\n        <p>Atrav\u00e9s do fluxo de trabalho interligado de nossos tradutores e editores internos especializados e de tecnologia de ponta, a Trusted Translations oferece tradu\u00e7\u00f5es de idiomas da mais alta qualidade em quase todos os pares de idiomas e nichos do setor. A Trusted Translations possui experi\u00eancia no fornecimento de servi\u00e7os de idiomas de e para mais de 200 dos idiomas mais falados para alguns dos clientes mais exigentes do mundo, incluindo os Centros de Controle e Preven\u00e7\u00e3o de Doen\u00e7as (CDC), a Biblioteca do Congresso, a Administra\u00e7\u00e3o Nacional Espacial e Aeron\u00e1utica (NASA), Apple, Google, Sony e centenas mais.<\/p>\r\n    <\/div>\r\n<\/div>\r\n<div class=\"imgs-flex-template\">\r\n    <div>\r\n        <h2>Controle de qualidade de nossas tradu\u00e7\u00f5es<\/h2>\r\n        <p>Os projetos de tradu\u00e7\u00f5es da Trusted Translations s\u00e3o gerenciados por pessoas altamente qualificadas no campo da tradu\u00e7\u00e3o e localiza\u00e7\u00e3o. Um de nossos Gerentes de Contas atender\u00e1 sua solicita\u00e7\u00e3o de projeto e garantir\u00e1 que sua tradu\u00e7\u00e3o seja entregue no prazo e com o mais alto n\u00edvel de qualidade do setor. Um Gerente de Projeto dedicado se encarrega do planejamento, conduz a execu\u00e7\u00e3o e supervisiona o controle de qualidade do projeto. Quando aplic\u00e1vel, um Gerente de TI entra em cena para revisar todas as exig\u00eancias t\u00e9cnicas do projeto. O Gerente de Editora\u00e7\u00e3o Eletr\u00f4nica (DTP) garante a conclus\u00e3o de qualquer design gr\u00e1fico ou formata\u00e7\u00e3o, se necess\u00e1rio, para que o documento traduzido seja o espelho do documento original. O nosso exclusivo Processo de controle de qualidade foi desenvolvido para garantir que cada tradu\u00e7\u00e3o seja verificada por tr\u00eas linguistas especializados separados: Tradutor, Editor e Revisor. Com isso, o nosso resultado final atinge o mais alto n\u00edvel de qualidade.<\/p>\r\n    <\/div>\r\n    <img src=\"https:\/\/static.trustedtranslations.com\/wp-content\/uploads\/2024\/01\/Machine-translation-scaled-1.webp\">\r\n<\/div>"},"shortcode-map":{"type":"textfield","raw":""},"dyk-shortcode":{"type":"textfield","raw":"[elementor-template id=\"147273\"]"},"text-2":{"type":"textarea","raw":"<div style=\"padding-top: 30px;\">Ap\u00f3s a conclus\u00e3o da etapa de revis\u00e3o, o texto deve passar por uma revis\u00e3o de avalia\u00e7\u00e3o de qualidade final do Gerente de Projeto, antes de ser enviado ao cliente. Em outras palavras, tr\u00eas pontos de verifica\u00e7\u00e3o de qualidade sucessivos s\u00e3o observados ap\u00f3s a primeira etapa da tradu\u00e7\u00e3o, para garantir que o resultado final tenha a mais alta qualidade poss\u00edvel.\r\n\r\nO resultado final desse processo \u00e9 um produto que atende e supera os padr\u00f5es internacionais de qualidade, incluindo aqueles estabelecidos pela International Organization for Standardization (ISO 9001:2015). A Trusted Translations aplica esse processo a todos os seus projetos de tradu\u00e7\u00f5es, para garantir que at\u00e9 as tradu\u00e7\u00f5es mais complexas atendam os mais altos padr\u00f5es de qualidade.<\/div>"},"state":{"type":"textfield","raw":""},"city":{"type":"textarea","raw":[]}}},"_links":{"self":[{"href":"https:\/\/www.trustedtranslations.com\/pt-br\/wp-json\/wp\/v2\/pages\/135078","targetHints":{"allow":["GET"]}}],"collection":[{"href":"https:\/\/www.trustedtranslations.com\/pt-br\/wp-json\/wp\/v2\/pages"}],"about":[{"href":"https:\/\/www.trustedtranslations.com\/pt-br\/wp-json\/wp\/v2\/types\/page"}],"author":[{"embeddable":true,"href":"https:\/\/www.trustedtranslations.com\/pt-br\/wp-json\/wp\/v2\/users\/1"}],"replies":[{"embeddable":true,"href":"https:\/\/www.trustedtranslations.com\/pt-br\/wp-json\/wp\/v2\/comments?post=135078"}],"version-history":[{"count":0,"href":"https:\/\/www.trustedtranslations.com\/pt-br\/wp-json\/wp\/v2\/pages\/135078\/revisions"}],"wp:featuredmedia":[{"embeddable":true,"href":"https:\/\/www.trustedtranslations.com\/pt-br\/wp-json\/wp\/v2\/media\/139632"}],"wp:attachment":[{"href":"https:\/\/www.trustedtranslations.com\/pt-br\/wp-json\/wp\/v2\/media?parent=135078"}],"curies":[{"name":"wp","href":"https:\/\/api.w.org\/{rel}","templated":true}]}}