{"id":153849,"date":"2022-06-22T15:16:47","date_gmt":"2022-06-22T15:16:47","guid":{"rendered":"https:\/\/www.trustedtranslations.com\/servicos\/interpretacao-no-local\/interpretation"},"modified":"2025-12-09T19:17:14","modified_gmt":"2025-12-09T22:17:14","slug":"consecutiva","status":"publish","type":"page","link":"https:\/\/www.trustedtranslations.com\/pt-br\/servicos\/interpretacao-no-local\/consecutiva","title":{"rendered":"Consecutiva"},"content":{"rendered":"","protected":false},"excerpt":{"rendered":"","protected":false},"author":1,"featured_media":223253,"parent":135023,"menu_order":0,"comment_status":"closed","ping_status":"closed","template":"","meta":{"site-sidebar-layout":"default","site-content-layout":"default","ast-site-content-layout":"default","site-content-style":"default","site-sidebar-style":"default","ast-global-header-display":"","ast-banner-title-visibility":"","ast-main-header-display":"","ast-hfb-above-header-display":"","ast-hfb-below-header-display":"","ast-hfb-mobile-header-display":"","site-post-title":"disabled","ast-breadcrumbs-content":"","ast-featured-img":"","footer-sml-layout":"","ast-disable-related-posts":"","theme-transparent-header-meta":"default","adv-header-id-meta":"","stick-header-meta":"","header-above-stick-meta":"","header-main-stick-meta":"","header-below-stick-meta":"","astra-migrate-meta-layouts":"set","ast-page-background-enabled":"default","ast-page-background-meta":{"desktop":{"background-color":"var(--ast-global-color-4)","background-image":"","background-repeat":"repeat","background-position":"center center","background-size":"auto","background-attachment":"scroll","background-type":"","background-media":"","overlay-type":"","overlay-color":"","overlay-opacity":"","overlay-gradient":""},"tablet":{"background-color":"","background-image":"","background-repeat":"repeat","background-position":"center center","background-size":"auto","background-attachment":"scroll","background-type":"","background-media":"","overlay-type":"","overlay-color":"","overlay-opacity":"","overlay-gradient":""},"mobile":{"background-color":"","background-image":"","background-repeat":"repeat","background-position":"center center","background-size":"auto","background-attachment":"scroll","background-type":"","background-media":"","overlay-type":"","overlay-color":"","overlay-opacity":"","overlay-gradient":""}},"ast-content-background-meta":{"desktop":{"background-color":"var(--ast-global-color-5)","background-image":"","background-repeat":"repeat","background-position":"center center","background-size":"auto","background-attachment":"scroll","background-type":"","background-media":"","overlay-type":"","overlay-color":"","overlay-opacity":"","overlay-gradient":""},"tablet":{"background-color":"var(--ast-global-color-5)","background-image":"","background-repeat":"repeat","background-position":"center center","background-size":"auto","background-attachment":"scroll","background-type":"","background-media":"","overlay-type":"","overlay-color":"","overlay-opacity":"","overlay-gradient":""},"mobile":{"background-color":"var(--ast-global-color-5)","background-image":"","background-repeat":"repeat","background-position":"center center","background-size":"auto","background-attachment":"scroll","background-type":"","background-media":"","overlay-type":"","overlay-color":"","overlay-opacity":"","overlay-gradient":""}},"footnotes":""},"class_list":["post-153849","page","type-page","status-publish","has-post-thumbnail","hentry"],"yoast_head":"<!-- This site is optimized with the Yoast SEO plugin v27.6 - https:\/\/yoast.com\/product\/yoast-seo-wordpress\/ -->\n<title>Servi\u00e7os de interpreta\u00e7\u00e3o consecutiva - Trusted Translations, Inc.<\/title>\n<meta name=\"description\" content=\"A Trusted Translations oferece interpreta\u00e7\u00e3o consecutiva no local para reuni\u00f5es e eventos. Int\u00e9rpretes experientes garantem comunica\u00e7\u00e3o clara e precisa.\" \/>\n<meta name=\"robots\" content=\"index, follow, max-snippet:-1, max-image-preview:large, max-video-preview:-1\" \/>\n<link rel=\"canonical\" href=\"https:\/\/www.trustedtranslations.com\/pt-br\/servicos\/interpretacao-no-local\/consecutiva\" \/>\n<meta property=\"og:locale\" content=\"pt_BR\" \/>\n<meta property=\"og:type\" content=\"article\" \/>\n<meta property=\"og:title\" content=\"Servi\u00e7os de interpreta\u00e7\u00e3o consecutiva - Trusted Translations, Inc.\" \/>\n<meta property=\"og:description\" content=\"A Trusted Translations oferece interpreta\u00e7\u00e3o consecutiva no local para reuni\u00f5es e eventos. Int\u00e9rpretes experientes garantem comunica\u00e7\u00e3o clara e precisa.\" \/>\n<meta property=\"og:url\" content=\"https:\/\/www.trustedtranslations.com\/pt-br\/servicos\/interpretacao-no-local\/consecutiva\" \/>\n<meta property=\"og:site_name\" content=\"Trusted Translations, Inc.\" \/>\n<meta property=\"article:publisher\" content=\"https:\/\/www.facebook.com\/Trusted.Translations\" \/>\n<meta property=\"article:modified_time\" content=\"2025-12-09T22:17:14+00:00\" \/>\n<meta property=\"og:image\" content=\"https:\/\/www.trustedtranslations.com\/wp-content\/uploads\/2022\/06\/tt-logo-2-1.webp\" \/>\n\t<meta property=\"og:image:width\" content=\"216\" \/>\n\t<meta property=\"og:image:height\" content=\"94\" \/>\n\t<meta property=\"og:image:type\" content=\"image\/webp\" \/>\n<meta name=\"twitter:card\" content=\"summary_large_image\" \/>\n<meta name=\"twitter:site\" content=\"@TrustedT9ns\" \/>\n<script type=\"application\/ld+json\" class=\"yoast-schema-graph\">{\"@context\":\"https:\\\/\\\/schema.org\",\"@graph\":[{\"@type\":\"WebPage\",\"@id\":\"https:\\\/\\\/www.trustedtranslations.com\\\/pt-br\\\/servicos\\\/interpretacao-no-local\\\/consecutiva\",\"url\":\"https:\\\/\\\/www.trustedtranslations.com\\\/pt-br\\\/servicos\\\/interpretacao-no-local\\\/consecutiva\",\"name\":\"Servi\u00e7os de interpreta\u00e7\u00e3o consecutiva - Trusted Translations, Inc.\",\"isPartOf\":{\"@id\":\"https:\\\/\\\/www.trustedtranslations.com\\\/pt-br\\\/#website\"},\"primaryImageOfPage\":{\"@id\":\"https:\\\/\\\/www.trustedtranslations.com\\\/pt-br\\\/servicos\\\/interpretacao-no-local\\\/consecutiva#primaryimage\"},\"image\":{\"@id\":\"https:\\\/\\\/www.trustedtranslations.com\\\/pt-br\\\/servicos\\\/interpretacao-no-local\\\/consecutiva#primaryimage\"},\"thumbnailUrl\":\"\",\"description\":\"A Trusted Translations oferece interpreta\u00e7\u00e3o consecutiva no local para reuni\u00f5es e eventos. Int\u00e9rpretes experientes garantem comunica\u00e7\u00e3o clara e precisa.\",\"breadcrumb\":{\"@id\":\"https:\\\/\\\/www.trustedtranslations.com\\\/pt-br\\\/servicos\\\/interpretacao-no-local\\\/consecutiva#breadcrumb\"},\"inLanguage\":\"pt-BR\",\"potentialAction\":[{\"@type\":\"ReadAction\",\"target\":[\"https:\\\/\\\/www.trustedtranslations.com\\\/pt-br\\\/servicos\\\/interpretacao-no-local\\\/consecutiva\"]}]},{\"@type\":\"ImageObject\",\"inLanguage\":\"pt-BR\",\"@id\":\"https:\\\/\\\/www.trustedtranslations.com\\\/pt-br\\\/servicos\\\/interpretacao-no-local\\\/consecutiva#primaryimage\",\"url\":\"\",\"contentUrl\":\"\"},{\"@type\":\"BreadcrumbList\",\"@id\":\"https:\\\/\\\/www.trustedtranslations.com\\\/pt-br\\\/servicos\\\/interpretacao-no-local\\\/consecutiva#breadcrumb\",\"itemListElement\":[{\"@type\":\"ListItem\",\"position\":1,\"name\":\"Home\",\"item\":\"https:\\\/\\\/www.trustedtranslations.com\\\/pt-br\"},{\"@type\":\"ListItem\",\"position\":2,\"name\":\"Servi\u00e7os\",\"item\":\"https:\\\/\\\/www.trustedtranslations.com\\\/pt-br\\\/servicos\"},{\"@type\":\"ListItem\",\"position\":3,\"name\":\"Interpreta\u00e7\u00e3o presencial\",\"item\":\"https:\\\/\\\/www.trustedtranslations.com\\\/pt-br\\\/servicos\\\/interpretacao-no-local\"},{\"@type\":\"ListItem\",\"position\":4,\"name\":\"Consecutiva\"}]},{\"@type\":\"WebSite\",\"@id\":\"https:\\\/\\\/www.trustedtranslations.com\\\/pt-br\\\/#website\",\"url\":\"https:\\\/\\\/www.trustedtranslations.com\\\/pt-br\\\/\",\"name\":\"Trusted Translations, Inc.\",\"description\":\"Leader in translation and interpretation services.\",\"publisher\":{\"@id\":\"https:\\\/\\\/www.trustedtranslations.com\\\/pt-br\\\/#organization\"},\"alternateName\":\"Trusted Translations\",\"potentialAction\":[{\"@type\":\"SearchAction\",\"target\":{\"@type\":\"EntryPoint\",\"urlTemplate\":\"https:\\\/\\\/www.trustedtranslations.com\\\/pt-br\\\/?s={search_term_string}\"},\"query-input\":{\"@type\":\"PropertyValueSpecification\",\"valueRequired\":true,\"valueName\":\"search_term_string\"}}],\"inLanguage\":\"pt-BR\"},{\"@type\":\"Organization\",\"@id\":\"https:\\\/\\\/www.trustedtranslations.com\\\/pt-br\\\/#organization\",\"name\":\"Trusted Translations\",\"alternateName\":\"Trusted Translations, Inc.\",\"url\":\"https:\\\/\\\/www.trustedtranslations.com\\\/pt-br\\\/\",\"logo\":{\"@type\":\"ImageObject\",\"inLanguage\":\"pt-BR\",\"@id\":\"https:\\\/\\\/www.trustedtranslations.com\\\/pt-br\\\/#\\\/schema\\\/logo\\\/image\\\/\",\"url\":\"https:\\\/\\\/static.trustedtranslations.com\\\/wp-content\\\/uploads\\\/2022\\\/01\\\/TT_logo_WSIColors-2.png\",\"contentUrl\":\"https:\\\/\\\/static.trustedtranslations.com\\\/wp-content\\\/uploads\\\/2022\\\/01\\\/TT_logo_WSIColors-2.png\",\"width\":500,\"height\":196,\"caption\":\"Trusted Translations\"},\"image\":{\"@id\":\"https:\\\/\\\/www.trustedtranslations.com\\\/pt-br\\\/#\\\/schema\\\/logo\\\/image\\\/\"},\"sameAs\":[\"https:\\\/\\\/www.facebook.com\\\/Trusted.Translations\",\"https:\\\/\\\/x.com\\\/TrustedT9ns\",\"https:\\\/\\\/www.linkedin.com\\\/company\\\/trusted-translations\"]}]}<\/script>\n<!-- \/ Yoast SEO plugin. -->","yoast_head_json":{"title":"Servi\u00e7os de interpreta\u00e7\u00e3o consecutiva - Trusted Translations, Inc.","description":"A Trusted Translations oferece interpreta\u00e7\u00e3o consecutiva no local para reuni\u00f5es e eventos. Int\u00e9rpretes experientes garantem comunica\u00e7\u00e3o clara e precisa.","robots":{"index":"index","follow":"follow","max-snippet":"max-snippet:-1","max-image-preview":"max-image-preview:large","max-video-preview":"max-video-preview:-1"},"canonical":"https:\/\/www.trustedtranslations.com\/pt-br\/servicos\/interpretacao-no-local\/consecutiva","og_locale":"pt_BR","og_type":"article","og_title":"Servi\u00e7os de interpreta\u00e7\u00e3o consecutiva - Trusted Translations, Inc.","og_description":"A Trusted Translations oferece interpreta\u00e7\u00e3o consecutiva no local para reuni\u00f5es e eventos. Int\u00e9rpretes experientes garantem comunica\u00e7\u00e3o clara e precisa.","og_url":"https:\/\/www.trustedtranslations.com\/pt-br\/servicos\/interpretacao-no-local\/consecutiva","og_site_name":"Trusted Translations, Inc.","article_publisher":"https:\/\/www.facebook.com\/Trusted.Translations","article_modified_time":"2025-12-09T22:17:14+00:00","og_image":[{"width":216,"height":94,"url":"https:\/\/www.trustedtranslations.com\/wp-content\/uploads\/2022\/06\/tt-logo-2-1.webp","type":"image\/webp"}],"twitter_card":"summary_large_image","twitter_site":"@TrustedT9ns","schema":{"@context":"https:\/\/schema.org","@graph":[{"@type":"WebPage","@id":"https:\/\/www.trustedtranslations.com\/pt-br\/servicos\/interpretacao-no-local\/consecutiva","url":"https:\/\/www.trustedtranslations.com\/pt-br\/servicos\/interpretacao-no-local\/consecutiva","name":"Servi\u00e7os de interpreta\u00e7\u00e3o consecutiva - Trusted Translations, Inc.","isPartOf":{"@id":"https:\/\/www.trustedtranslations.com\/pt-br\/#website"},"primaryImageOfPage":{"@id":"https:\/\/www.trustedtranslations.com\/pt-br\/servicos\/interpretacao-no-local\/consecutiva#primaryimage"},"image":{"@id":"https:\/\/www.trustedtranslations.com\/pt-br\/servicos\/interpretacao-no-local\/consecutiva#primaryimage"},"thumbnailUrl":"","description":"A Trusted Translations oferece interpreta\u00e7\u00e3o consecutiva no local para reuni\u00f5es e eventos. Int\u00e9rpretes experientes garantem comunica\u00e7\u00e3o clara e precisa.","breadcrumb":{"@id":"https:\/\/www.trustedtranslations.com\/pt-br\/servicos\/interpretacao-no-local\/consecutiva#breadcrumb"},"inLanguage":"pt-BR","potentialAction":[{"@type":"ReadAction","target":["https:\/\/www.trustedtranslations.com\/pt-br\/servicos\/interpretacao-no-local\/consecutiva"]}]},{"@type":"ImageObject","inLanguage":"pt-BR","@id":"https:\/\/www.trustedtranslations.com\/pt-br\/servicos\/interpretacao-no-local\/consecutiva#primaryimage","url":"","contentUrl":""},{"@type":"BreadcrumbList","@id":"https:\/\/www.trustedtranslations.com\/pt-br\/servicos\/interpretacao-no-local\/consecutiva#breadcrumb","itemListElement":[{"@type":"ListItem","position":1,"name":"Home","item":"https:\/\/www.trustedtranslations.com\/pt-br"},{"@type":"ListItem","position":2,"name":"Servi\u00e7os","item":"https:\/\/www.trustedtranslations.com\/pt-br\/servicos"},{"@type":"ListItem","position":3,"name":"Interpreta\u00e7\u00e3o presencial","item":"https:\/\/www.trustedtranslations.com\/pt-br\/servicos\/interpretacao-no-local"},{"@type":"ListItem","position":4,"name":"Consecutiva"}]},{"@type":"WebSite","@id":"https:\/\/www.trustedtranslations.com\/pt-br\/#website","url":"https:\/\/www.trustedtranslations.com\/pt-br\/","name":"Trusted Translations, Inc.","description":"Leader in translation and interpretation services.","publisher":{"@id":"https:\/\/www.trustedtranslations.com\/pt-br\/#organization"},"alternateName":"Trusted Translations","potentialAction":[{"@type":"SearchAction","target":{"@type":"EntryPoint","urlTemplate":"https:\/\/www.trustedtranslations.com\/pt-br\/?s={search_term_string}"},"query-input":{"@type":"PropertyValueSpecification","valueRequired":true,"valueName":"search_term_string"}}],"inLanguage":"pt-BR"},{"@type":"Organization","@id":"https:\/\/www.trustedtranslations.com\/pt-br\/#organization","name":"Trusted Translations","alternateName":"Trusted Translations, Inc.","url":"https:\/\/www.trustedtranslations.com\/pt-br\/","logo":{"@type":"ImageObject","inLanguage":"pt-BR","@id":"https:\/\/www.trustedtranslations.com\/pt-br\/#\/schema\/logo\/image\/","url":"https:\/\/static.trustedtranslations.com\/wp-content\/uploads\/2022\/01\/TT_logo_WSIColors-2.png","contentUrl":"https:\/\/static.trustedtranslations.com\/wp-content\/uploads\/2022\/01\/TT_logo_WSIColors-2.png","width":500,"height":196,"caption":"Trusted Translations"},"image":{"@id":"https:\/\/www.trustedtranslations.com\/pt-br\/#\/schema\/logo\/image\/"},"sameAs":["https:\/\/www.facebook.com\/Trusted.Translations","https:\/\/x.com\/TrustedT9ns","https:\/\/www.linkedin.com\/company\/trusted-translations"]}]}},"toolset-meta":{"dyk":{"mensaje-1":{"type":"textfield","raw":"Int\u00e9rpretes consecutivos usam t\u00e9cnicas especiais de apontamentos para garantir a precis\u00e3o."},"mensaje-2":{"type":"textfield","raw":"O espanhol \u00e9 o idioma mais solicitado para interpreta\u00e7\u00e3o nos EUA."},"mensaje-3":{"type":"textfield","raw":"Os EUA s\u00e3o o maior mercado mundial de servi\u00e7os de interpreta\u00e7\u00e3o."},"mensaje-4":{"type":"textfield","raw":"Com equipamentos m\u00ednimos, a interpreta\u00e7\u00e3o consecutiva \u00e9 uma op\u00e7\u00e3o econ\u00f4mica."},"mensaje-5":{"type":"textfield","raw":""},"mensaje-6":{"type":"textfield","raw":""}},"single-page-template-fields":{"imgs-temp":{"type":"image","raw":["https:\/\/static.trustedtranslations.com\/wp-content\/uploads\/2024\/07\/onsite-4-1.webp"],"repeatable":[{"raw":"https:\/\/static.trustedtranslations.com\/wp-content\/uploads\/2024\/07\/onsite-4-1.webp"}]},"imgs-temp-cel":{"type":"image","raw":[""],"repeatable":[{"raw":""}]},"img-temp-one-cel":{"type":"image","raw":"https:\/\/static.trustedtranslations.com\/wp-content\/uploads\/2024\/07\/AdobeStock_194895625-2-1.webp","attachment_id":null},"quotes":{"type":"textarea","raw":"<h1 style=\"margin-bottom: 12px;\">Servi\u00e7os de interpreta\u00e7\u00e3o consecutiva presencial<\/h1>\r\nA <em>Trusted Translations<\/em> oferece interpreta\u00e7\u00e3o consecutiva l\u00edder do setor. Durante servi\u00e7os de interpreta\u00e7\u00e3o consecutiva presencial, um ou mais dos nossos principais int\u00e9rpretes na sua localidade ir\u00e3o ouvir uma breve por\u00e7\u00e3o de uma fala, aguardar que o locutor termine sua ideia ou frase e, ent\u00e3o, interpretar para o p\u00fablico, enquanto o locutor aguarda que o int\u00e9rprete entregue a mensagem.\r\n<div style=\"margin-top: 2.5vw;\"><a class=\"tt-btn-main-cta\" href=\"https:\/\/www.trustedtranslations.com\/pt-br\/solicitud-orcamento\">Solicite um or\u00e7amento gratuito<\/a><\/div>"},"text-1":{"type":"textarea","raw":"<h2>Interpreta\u00e7\u00e3o consecutiva: adequada para configura\u00e7\u00f5es individuais e de pequenos grupos<\/h2>Em outras palavras, na interpreta\u00e7\u00e3o consecutiva, normalmente h\u00e1 apenas uma pessoa falando de cada vez, em contraste com a natureza intensa em \u201ctempo real\u201d da interpreta\u00e7\u00e3o simult\u00e2nea. Esse formato \u201calternado\u201d geralmente \u00e9 ideal para pequenos grupos ou situa\u00e7\u00f5es individuais, como consultas m\u00e9dicas, negocia\u00e7\u00f5es advogado-cliente, entrevistas, reuni\u00f5es de pais e professores, entre outros.\r\n<h2>Interpretando o idioma aos poucos<\/h2>\r\nA interpreta\u00e7\u00e3o consecutiva ajuda a garantir que nenhum dos envolvidos esteja falando ao mesmo tempo que o outro. Al\u00e9m disso, como os int\u00e9rpretes consecutivos interpretam frases, ideias ou blocos de fala para o idioma de destino \u2014 por exemplo, traduzindo algumas poucas frases, n\u00e3o palavra por palavra \u2014 eles t\u00eam um tempo extra para confirmar que est\u00e3o representando claramente a mensagem do locutor em seu contexto desejado. Embora esse processo possa demorar um pouco mais, ele tende a ser vantajoso em termos de clareza e precis\u00e3o.\r\n\r\nApesar do ritmo mais lento, os int\u00e9rpretes presenciais devem ser muito bem treinados no idioma de origem e no idioma de destino, al\u00e9m de possuir v\u00e1rias habilidades especiais relacionadas \u00e0 interpreta\u00e7\u00e3o consecutiva. Por exemplo, eles devem ter experi\u00eancia em filtrar qualquer barulho de fundo ou distra\u00e7\u00f5es, ter recursos de anota\u00e7\u00f5es r\u00e1pidas, habilidades afiadas de escuta e memoriza\u00e7\u00e3o e uma compreens\u00e3o especializada de assuntos complexos, como terminologia jur\u00eddica ou jarg\u00f5es m\u00e9dicos. Ao mesmo tempo, tanto a consci\u00eancia cultural quanto a capacidade de analisar o contexto de um int\u00e9rprete s\u00e3o igualmente importantes para evitar falhas de comunica\u00e7\u00e3o."},"shortcode-map":{"type":"textfield","raw":""},"dyk-shortcode":{"type":"textfield","raw":"[elementor-template id=\"147273\"]"},"text-2":{"type":"textarea","raw":"<h2>Por que escolher a interpreta\u00e7\u00e3o consecutiva?<\/h2>\r\nComo mencionado acima, a interpreta\u00e7\u00e3o consecutiva \u00e9 ideal para ambientes com menos pessoas. Como resultado, as empresas tendem a preferir a interpreta\u00e7\u00e3o consecutiva quando o uso de interpreta\u00e7\u00f5es simult\u00e2neas se mostrasse muito caro e ineficiente devido ao uso de equipamento especializado, como fones de ouvido, sistemas de transmiss\u00e3o e grandes cabines de som.\r\n\r\nAl\u00e9m disso, a natureza complexa da interpreta\u00e7\u00e3o simult\u00e2nea geralmente exige que os int\u00e9rpretes trabalhem em pares, o que pode fazer com que o or\u00e7amento seja maior que o previsto. Como os int\u00e9rpretes consecutivos geralmente trabalham sozinhos, talvez com um bloco de anota\u00e7\u00f5es e um instrumento de escrita como \u00fanico equipamento, eles podem representar uma economia significativa de custos.\r\n\r\nAl\u00e9m da rela\u00e7\u00e3o custo-benef\u00edcio, a interpreta\u00e7\u00e3o consecutiva presencial tamb\u00e9m tem a vantagem de uma maior proximidade entre int\u00e9rprete e locutor. Em vez de ficar em uma cabine ac\u00fastica na parte de tr\u00e1s de uma sala de palestras, totalmente dependente da tecnologia audiovisual, um int\u00e9rprete consecutivo geralmente fica mais pr\u00f3ximo do locutor em um ambiente muito menor. Isso n\u00e3o apenas elimina os problemas da interfer\u00eancia de \u00e1udio, mas tamb\u00e9m permite que o int\u00e9rprete observe de perto as nuances e express\u00f5es emocionais do locutor, que podem ser levadas em considera\u00e7\u00e3o em sua interpreta\u00e7\u00e3o.\r\n\r\nNossos int\u00e9rpretes s\u00e3o treinados especificamente em atribui\u00e7\u00f5es de interpreta\u00e7\u00e3o consecutiva, com credenciais confi\u00e1veis e experi\u00eancia com organiza\u00e7\u00f5es padr\u00e3o ouro do setor. Esteja voc\u00ea no campo m\u00e9dico, jur\u00eddico, sem fins lucrativos ou qualquer outro, eles ir\u00e3o garantir que os principais elementos da comunica\u00e7\u00e3o nunca sejam perdidos na tradu\u00e7\u00e3o. Para discutir suas necessidades de interpreta\u00e7\u00e3o consecutiva presencial, entre em contato com a <em>Trusted Translations<\/em> hoje mesmo."},"state":{"type":"textfield","raw":""},"city":{"type":"textarea","raw":[""]}}},"_links":{"self":[{"href":"https:\/\/www.trustedtranslations.com\/pt-br\/wp-json\/wp\/v2\/pages\/153849","targetHints":{"allow":["GET"]}}],"collection":[{"href":"https:\/\/www.trustedtranslations.com\/pt-br\/wp-json\/wp\/v2\/pages"}],"about":[{"href":"https:\/\/www.trustedtranslations.com\/pt-br\/wp-json\/wp\/v2\/types\/page"}],"author":[{"embeddable":true,"href":"https:\/\/www.trustedtranslations.com\/pt-br\/wp-json\/wp\/v2\/users\/1"}],"replies":[{"embeddable":true,"href":"https:\/\/www.trustedtranslations.com\/pt-br\/wp-json\/wp\/v2\/comments?post=153849"}],"version-history":[{"count":0,"href":"https:\/\/www.trustedtranslations.com\/pt-br\/wp-json\/wp\/v2\/pages\/153849\/revisions"}],"up":[{"embeddable":true,"href":"https:\/\/www.trustedtranslations.com\/pt-br\/wp-json\/wp\/v2\/pages\/135023"}],"wp:featuredmedia":[{"embeddable":true,"href":"https:\/\/www.trustedtranslations.com\/pt-br\/wp-json\/"}],"wp:attachment":[{"href":"https:\/\/www.trustedtranslations.com\/pt-br\/wp-json\/wp\/v2\/media?parent=153849"}],"curies":[{"name":"wp","href":"https:\/\/api.w.org\/{rel}","templated":true}]}}