{"id":154047,"date":"2022-06-22T15:40:41","date_gmt":"2022-06-22T15:40:41","guid":{"rendered":"https:\/\/www.trustedtranslations.com\/servicos\/interpretacao-no-local\/equipment"},"modified":"2024-09-06T16:10:29","modified_gmt":"2024-09-06T19:10:29","slug":"equipamento","status":"publish","type":"page","link":"https:\/\/www.trustedtranslations.com\/pt-br\/servicos\/interpretacao-no-local\/equipamento","title":{"rendered":"Equipamento"},"content":{"rendered":"","protected":false},"excerpt":{"rendered":"","protected":false},"author":1,"featured_media":243691,"parent":135023,"menu_order":0,"comment_status":"closed","ping_status":"closed","template":"","meta":{"site-sidebar-layout":"default","site-content-layout":"default","ast-site-content-layout":"default","site-content-style":"default","site-sidebar-style":"default","ast-global-header-display":"","ast-banner-title-visibility":"","ast-main-header-display":"","ast-hfb-above-header-display":"","ast-hfb-below-header-display":"","ast-hfb-mobile-header-display":"","site-post-title":"disabled","ast-breadcrumbs-content":"","ast-featured-img":"","footer-sml-layout":"","ast-disable-related-posts":"","theme-transparent-header-meta":"default","adv-header-id-meta":"","stick-header-meta":"","header-above-stick-meta":"","header-main-stick-meta":"","header-below-stick-meta":"","astra-migrate-meta-layouts":"set","ast-page-background-enabled":"default","ast-page-background-meta":{"desktop":{"background-color":"var(--ast-global-color-4)","background-image":"","background-repeat":"repeat","background-position":"center center","background-size":"auto","background-attachment":"scroll","background-type":"","background-media":"","overlay-type":"","overlay-color":"","overlay-opacity":"","overlay-gradient":""},"tablet":{"background-color":"","background-image":"","background-repeat":"repeat","background-position":"center center","background-size":"auto","background-attachment":"scroll","background-type":"","background-media":"","overlay-type":"","overlay-color":"","overlay-opacity":"","overlay-gradient":""},"mobile":{"background-color":"","background-image":"","background-repeat":"repeat","background-position":"center center","background-size":"auto","background-attachment":"scroll","background-type":"","background-media":"","overlay-type":"","overlay-color":"","overlay-opacity":"","overlay-gradient":""}},"ast-content-background-meta":{"desktop":{"background-color":"var(--ast-global-color-5)","background-image":"","background-repeat":"repeat","background-position":"center center","background-size":"auto","background-attachment":"scroll","background-type":"","background-media":"","overlay-type":"","overlay-color":"","overlay-opacity":"","overlay-gradient":""},"tablet":{"background-color":"var(--ast-global-color-5)","background-image":"","background-repeat":"repeat","background-position":"center center","background-size":"auto","background-attachment":"scroll","background-type":"","background-media":"","overlay-type":"","overlay-color":"","overlay-opacity":"","overlay-gradient":""},"mobile":{"background-color":"var(--ast-global-color-5)","background-image":"","background-repeat":"repeat","background-position":"center center","background-size":"auto","background-attachment":"scroll","background-type":"","background-media":"","overlay-type":"","overlay-color":"","overlay-opacity":"","overlay-gradient":""}},"footnotes":""},"class_list":["post-154047","page","type-page","status-publish","has-post-thumbnail","hentry"],"yoast_head":"<!-- This site is optimized with the Yoast SEO plugin v27.6 - https:\/\/yoast.com\/product\/yoast-seo-wordpress\/ -->\n<title>Equipamentos de interpreta\u00e7\u00e3o - Trusted Translations, Inc.<\/title>\n<meta name=\"description\" content=\"A Trusted Translations \u00e9 l\u00edder em servi\u00e7os de interpreta\u00e7\u00e3o presencial consecutiva e simult\u00e2nea de idiomas. Solicite um or\u00e7amento ou consulta gratuitos\" \/>\n<meta name=\"robots\" content=\"index, follow, max-snippet:-1, max-image-preview:large, max-video-preview:-1\" \/>\n<link rel=\"canonical\" href=\"https:\/\/www.trustedtranslations.com\/pt-br\/servicos\/interpretacao-no-local\/equipamento\" \/>\n<meta property=\"og:locale\" content=\"pt_BR\" \/>\n<meta property=\"og:type\" content=\"article\" \/>\n<meta property=\"og:title\" content=\"Equipamentos de interpreta\u00e7\u00e3o - Trusted Translations, Inc.\" \/>\n<meta property=\"og:description\" content=\"A Trusted Translations \u00e9 l\u00edder em servi\u00e7os de interpreta\u00e7\u00e3o presencial consecutiva e simult\u00e2nea de idiomas. Solicite um or\u00e7amento ou consulta gratuitos\" \/>\n<meta property=\"og:url\" content=\"https:\/\/www.trustedtranslations.com\/pt-br\/servicos\/interpretacao-no-local\/equipamento\" \/>\n<meta property=\"og:site_name\" content=\"Trusted Translations, Inc.\" \/>\n<meta property=\"article:publisher\" content=\"https:\/\/www.facebook.com\/Trusted.Translations\" \/>\n<meta property=\"article:modified_time\" content=\"2024-09-06T19:10:29+00:00\" \/>\n<meta property=\"og:image\" content=\"https:\/\/static.trustedtranslations.com\/wp-content\/uploads\/2022\/08\/TT_NEW_FB-1.png\" \/>\n\t<meta property=\"og:image:width\" content=\"1\" \/>\n\t<meta property=\"og:image:height\" content=\"1\" \/>\n\t<meta property=\"og:image:type\" content=\"image\/jpeg\" \/>\n<meta name=\"twitter:card\" content=\"summary_large_image\" \/>\n<meta name=\"twitter:site\" content=\"@TrustedT9ns\" \/>\n<script type=\"application\/ld+json\" class=\"yoast-schema-graph\">{\"@context\":\"https:\\\/\\\/schema.org\",\"@graph\":[{\"@type\":\"WebPage\",\"@id\":\"https:\\\/\\\/www.trustedtranslations.com\\\/pt-br\\\/servicos\\\/interpretacao-no-local\\\/equipamento\",\"url\":\"https:\\\/\\\/www.trustedtranslations.com\\\/pt-br\\\/servicos\\\/interpretacao-no-local\\\/equipamento\",\"name\":\"Equipamentos de interpreta\u00e7\u00e3o - Trusted Translations, Inc.\",\"isPartOf\":{\"@id\":\"https:\\\/\\\/www.trustedtranslations.com\\\/pt-br\\\/#website\"},\"primaryImageOfPage\":{\"@id\":\"https:\\\/\\\/www.trustedtranslations.com\\\/pt-br\\\/servicos\\\/interpretacao-no-local\\\/equipamento#primaryimage\"},\"image\":{\"@id\":\"https:\\\/\\\/www.trustedtranslations.com\\\/pt-br\\\/servicos\\\/interpretacao-no-local\\\/equipamento#primaryimage\"},\"thumbnailUrl\":\"https:\\\/\\\/www.trustedtranslations.com\\\/wp-content\\\/uploads\\\/2022\\\/08\\\/TT_NEW_FB-1.png\",\"description\":\"A Trusted Translations \u00e9 l\u00edder em servi\u00e7os de interpreta\u00e7\u00e3o presencial consecutiva e simult\u00e2nea de idiomas. Solicite um or\u00e7amento ou consulta gratuitos\",\"breadcrumb\":{\"@id\":\"https:\\\/\\\/www.trustedtranslations.com\\\/pt-br\\\/servicos\\\/interpretacao-no-local\\\/equipamento#breadcrumb\"},\"inLanguage\":\"pt-BR\",\"potentialAction\":[{\"@type\":\"ReadAction\",\"target\":[\"https:\\\/\\\/www.trustedtranslations.com\\\/pt-br\\\/servicos\\\/interpretacao-no-local\\\/equipamento\"]}]},{\"@type\":\"ImageObject\",\"inLanguage\":\"pt-BR\",\"@id\":\"https:\\\/\\\/www.trustedtranslations.com\\\/pt-br\\\/servicos\\\/interpretacao-no-local\\\/equipamento#primaryimage\",\"url\":\"https:\\\/\\\/www.trustedtranslations.com\\\/wp-content\\\/uploads\\\/2022\\\/08\\\/TT_NEW_FB-1.png\",\"contentUrl\":\"https:\\\/\\\/www.trustedtranslations.com\\\/wp-content\\\/uploads\\\/2022\\\/08\\\/TT_NEW_FB-1.png\",\"caption\":\"TT NEW FB 1\"},{\"@type\":\"BreadcrumbList\",\"@id\":\"https:\\\/\\\/www.trustedtranslations.com\\\/pt-br\\\/servicos\\\/interpretacao-no-local\\\/equipamento#breadcrumb\",\"itemListElement\":[{\"@type\":\"ListItem\",\"position\":1,\"name\":\"Home\",\"item\":\"https:\\\/\\\/www.trustedtranslations.com\\\/pt-br\"},{\"@type\":\"ListItem\",\"position\":2,\"name\":\"Servi\u00e7os\",\"item\":\"https:\\\/\\\/www.trustedtranslations.com\\\/pt-br\\\/servicos\"},{\"@type\":\"ListItem\",\"position\":3,\"name\":\"Interpreta\u00e7\u00e3o presencial\",\"item\":\"https:\\\/\\\/www.trustedtranslations.com\\\/pt-br\\\/servicos\\\/interpretacao-no-local\"},{\"@type\":\"ListItem\",\"position\":4,\"name\":\"Equipamento\"}]},{\"@type\":\"WebSite\",\"@id\":\"https:\\\/\\\/www.trustedtranslations.com\\\/pt-br\\\/#website\",\"url\":\"https:\\\/\\\/www.trustedtranslations.com\\\/pt-br\\\/\",\"name\":\"Trusted Translations, Inc.\",\"description\":\"Leader in translation and interpretation services.\",\"publisher\":{\"@id\":\"https:\\\/\\\/www.trustedtranslations.com\\\/pt-br\\\/#organization\"},\"alternateName\":\"Trusted Translations\",\"potentialAction\":[{\"@type\":\"SearchAction\",\"target\":{\"@type\":\"EntryPoint\",\"urlTemplate\":\"https:\\\/\\\/www.trustedtranslations.com\\\/pt-br\\\/?s={search_term_string}\"},\"query-input\":{\"@type\":\"PropertyValueSpecification\",\"valueRequired\":true,\"valueName\":\"search_term_string\"}}],\"inLanguage\":\"pt-BR\"},{\"@type\":\"Organization\",\"@id\":\"https:\\\/\\\/www.trustedtranslations.com\\\/pt-br\\\/#organization\",\"name\":\"Trusted Translations\",\"alternateName\":\"Trusted Translations, Inc.\",\"url\":\"https:\\\/\\\/www.trustedtranslations.com\\\/pt-br\\\/\",\"logo\":{\"@type\":\"ImageObject\",\"inLanguage\":\"pt-BR\",\"@id\":\"https:\\\/\\\/www.trustedtranslations.com\\\/pt-br\\\/#\\\/schema\\\/logo\\\/image\\\/\",\"url\":\"https:\\\/\\\/static.trustedtranslations.com\\\/wp-content\\\/uploads\\\/2022\\\/01\\\/TT_logo_WSIColors-2.png\",\"contentUrl\":\"https:\\\/\\\/static.trustedtranslations.com\\\/wp-content\\\/uploads\\\/2022\\\/01\\\/TT_logo_WSIColors-2.png\",\"width\":500,\"height\":196,\"caption\":\"Trusted Translations\"},\"image\":{\"@id\":\"https:\\\/\\\/www.trustedtranslations.com\\\/pt-br\\\/#\\\/schema\\\/logo\\\/image\\\/\"},\"sameAs\":[\"https:\\\/\\\/www.facebook.com\\\/Trusted.Translations\",\"https:\\\/\\\/x.com\\\/TrustedT9ns\",\"https:\\\/\\\/www.linkedin.com\\\/company\\\/trusted-translations\"]}]}<\/script>\n<!-- \/ Yoast SEO plugin. -->","yoast_head_json":{"title":"Equipamentos de interpreta\u00e7\u00e3o - Trusted Translations, Inc.","description":"A Trusted Translations \u00e9 l\u00edder em servi\u00e7os de interpreta\u00e7\u00e3o presencial consecutiva e simult\u00e2nea de idiomas. Solicite um or\u00e7amento ou consulta gratuitos","robots":{"index":"index","follow":"follow","max-snippet":"max-snippet:-1","max-image-preview":"max-image-preview:large","max-video-preview":"max-video-preview:-1"},"canonical":"https:\/\/www.trustedtranslations.com\/pt-br\/servicos\/interpretacao-no-local\/equipamento","og_locale":"pt_BR","og_type":"article","og_title":"Equipamentos de interpreta\u00e7\u00e3o - Trusted Translations, Inc.","og_description":"A Trusted Translations \u00e9 l\u00edder em servi\u00e7os de interpreta\u00e7\u00e3o presencial consecutiva e simult\u00e2nea de idiomas. Solicite um or\u00e7amento ou consulta gratuitos","og_url":"https:\/\/www.trustedtranslations.com\/pt-br\/servicos\/interpretacao-no-local\/equipamento","og_site_name":"Trusted Translations, Inc.","article_publisher":"https:\/\/www.facebook.com\/Trusted.Translations","article_modified_time":"2024-09-06T19:10:29+00:00","og_image":[{"url":"https:\/\/static.trustedtranslations.com\/wp-content\/uploads\/2022\/08\/TT_NEW_FB-1.png","width":1,"height":1,"type":"image\/jpeg"}],"twitter_card":"summary_large_image","twitter_site":"@TrustedT9ns","schema":{"@context":"https:\/\/schema.org","@graph":[{"@type":"WebPage","@id":"https:\/\/www.trustedtranslations.com\/pt-br\/servicos\/interpretacao-no-local\/equipamento","url":"https:\/\/www.trustedtranslations.com\/pt-br\/servicos\/interpretacao-no-local\/equipamento","name":"Equipamentos de interpreta\u00e7\u00e3o - Trusted Translations, Inc.","isPartOf":{"@id":"https:\/\/www.trustedtranslations.com\/pt-br\/#website"},"primaryImageOfPage":{"@id":"https:\/\/www.trustedtranslations.com\/pt-br\/servicos\/interpretacao-no-local\/equipamento#primaryimage"},"image":{"@id":"https:\/\/www.trustedtranslations.com\/pt-br\/servicos\/interpretacao-no-local\/equipamento#primaryimage"},"thumbnailUrl":"https:\/\/www.trustedtranslations.com\/wp-content\/uploads\/2022\/08\/TT_NEW_FB-1.png","description":"A Trusted Translations \u00e9 l\u00edder em servi\u00e7os de interpreta\u00e7\u00e3o presencial consecutiva e simult\u00e2nea de idiomas. Solicite um or\u00e7amento ou consulta gratuitos","breadcrumb":{"@id":"https:\/\/www.trustedtranslations.com\/pt-br\/servicos\/interpretacao-no-local\/equipamento#breadcrumb"},"inLanguage":"pt-BR","potentialAction":[{"@type":"ReadAction","target":["https:\/\/www.trustedtranslations.com\/pt-br\/servicos\/interpretacao-no-local\/equipamento"]}]},{"@type":"ImageObject","inLanguage":"pt-BR","@id":"https:\/\/www.trustedtranslations.com\/pt-br\/servicos\/interpretacao-no-local\/equipamento#primaryimage","url":"https:\/\/www.trustedtranslations.com\/wp-content\/uploads\/2022\/08\/TT_NEW_FB-1.png","contentUrl":"https:\/\/www.trustedtranslations.com\/wp-content\/uploads\/2022\/08\/TT_NEW_FB-1.png","caption":"TT NEW FB 1"},{"@type":"BreadcrumbList","@id":"https:\/\/www.trustedtranslations.com\/pt-br\/servicos\/interpretacao-no-local\/equipamento#breadcrumb","itemListElement":[{"@type":"ListItem","position":1,"name":"Home","item":"https:\/\/www.trustedtranslations.com\/pt-br"},{"@type":"ListItem","position":2,"name":"Servi\u00e7os","item":"https:\/\/www.trustedtranslations.com\/pt-br\/servicos"},{"@type":"ListItem","position":3,"name":"Interpreta\u00e7\u00e3o presencial","item":"https:\/\/www.trustedtranslations.com\/pt-br\/servicos\/interpretacao-no-local"},{"@type":"ListItem","position":4,"name":"Equipamento"}]},{"@type":"WebSite","@id":"https:\/\/www.trustedtranslations.com\/pt-br\/#website","url":"https:\/\/www.trustedtranslations.com\/pt-br\/","name":"Trusted Translations, Inc.","description":"Leader in translation and interpretation services.","publisher":{"@id":"https:\/\/www.trustedtranslations.com\/pt-br\/#organization"},"alternateName":"Trusted Translations","potentialAction":[{"@type":"SearchAction","target":{"@type":"EntryPoint","urlTemplate":"https:\/\/www.trustedtranslations.com\/pt-br\/?s={search_term_string}"},"query-input":{"@type":"PropertyValueSpecification","valueRequired":true,"valueName":"search_term_string"}}],"inLanguage":"pt-BR"},{"@type":"Organization","@id":"https:\/\/www.trustedtranslations.com\/pt-br\/#organization","name":"Trusted Translations","alternateName":"Trusted Translations, Inc.","url":"https:\/\/www.trustedtranslations.com\/pt-br\/","logo":{"@type":"ImageObject","inLanguage":"pt-BR","@id":"https:\/\/www.trustedtranslations.com\/pt-br\/#\/schema\/logo\/image\/","url":"https:\/\/static.trustedtranslations.com\/wp-content\/uploads\/2022\/01\/TT_logo_WSIColors-2.png","contentUrl":"https:\/\/static.trustedtranslations.com\/wp-content\/uploads\/2022\/01\/TT_logo_WSIColors-2.png","width":500,"height":196,"caption":"Trusted Translations"},"image":{"@id":"https:\/\/www.trustedtranslations.com\/pt-br\/#\/schema\/logo\/image\/"},"sameAs":["https:\/\/www.facebook.com\/Trusted.Translations","https:\/\/x.com\/TrustedT9ns","https:\/\/www.linkedin.com\/company\/trusted-translations"]}]}},"toolset-meta":{"dyk":{"mensaje-1":{"type":"textfield","raw":"Os padr\u00f5es de equipamentos s\u00e3o regidos pela ISO, com contribui\u00e7\u00f5es de mais de 160 pa\u00edses."},"mensaje-2":{"type":"textfield","raw":"A ONU sozinha organiza mais de 5.000 reuni\u00f5es e eventos assistidos por int\u00e9rpretes a cada ano."},"mensaje-3":{"type":"textfield","raw":"Equipamentos de transmiss\u00e3o por infravermelho (IV) s\u00e3o imunes a interfer\u00eancia de r\u00e1dio."},"mensaje-4":{"type":"textfield","raw":"Equipamentos de r\u00e1dio FM de longo alcance podem atingir mais de 300 metros de dist\u00e2ncia."},"mensaje-5":{"type":"textfield","raw":""},"mensaje-6":{"type":"textfield","raw":""}},"single-page-template-fields":{"imgs-temp":{"type":"image","raw":["https:\/\/static.trustedtranslations.com\/wp-content\/uploads\/2024\/07\/onsite-2-1.webp"],"repeatable":[{"raw":"https:\/\/static.trustedtranslations.com\/wp-content\/uploads\/2024\/07\/onsite-2-1.webp"}]},"imgs-temp-cel":{"type":"image","raw":[""],"repeatable":[{"raw":""}]},"img-temp-one-cel":{"type":"image","raw":"https:\/\/static.trustedtranslations.com\/wp-content\/uploads\/2024\/07\/close-up-microphone-stand-confer.webp","attachment_id":null},"quotes":{"type":"textarea","raw":"<h1 style=\"margin-bottom: 12px;\">Equipamentos para interpreta\u00e7\u00e3o simult\u00e2nea<\/h1><p>A interpreta\u00e7\u00e3o simult\u00e2nea geralmente requer o uso de tecnologia especializada para criar uma experi\u00eancia de comunica\u00e7\u00e3o \u201cem tempo real\u201d. Isso \u00e9 obtido usando-se um sistema de comunica\u00e7\u00e3o sem fios e fechado, com microfones, fones de ouvido e equipamento de transmiss\u00e3o especial.<\/p><div style=\"margin-top: 2.5vw;\"><a class=\"tt-btn-main-cta\" href=\"https:\/\/www.trustedtranslations.com\/pt-br\/solicitud-orcamento\">Solicite um or\u00e7amento gratuito<\/a><\/div>"},"text-1":{"type":"textarea","raw":"<img class=\"alignright wp-image-144863\" src=\"https:\/\/static.trustedtranslations.com\/wp-content\/uploads\/2022\/03\/customer-support-agent-greeting-his-clients-via-video-call-300x294.jpg\" alt=\"\" width=\"400\" height=\"393\" \/>\r\n\r\nComo uma forma complexa de interpreta\u00e7\u00e3o presencial, a interpreta\u00e7\u00e3o simult\u00e2nea requer tecnologia muito espec\u00edfica, dependendo do ambiente f\u00edsico e da natureza confidencial das informa\u00e7\u00f5es. Como visto nas conven\u00e7\u00f5es de neg\u00f3cios da ONU ou multinacionais, a maioria dos int\u00e9rpretes simult\u00e2neos usa cabines ac\u00fasticas, transmissores especializados, fones de ouvido sem fio e microfones de alta qualidade.\r\n\r\nExistem duas tecnologias principais usadas em interpreta\u00e7\u00f5es simult\u00e2neas: FM\/RF e IV. FM, \u00e0s vezes chamada de equipamento de RF (de \u201cRadio Frequ\u00eancia\u201d), \u00e9 uma tecnologia semelhante \u00e0 utilizada pelas esta\u00e7\u00f5es de r\u00e1dio. Os transmissores FM podem transmitir um feed de tradu\u00e7\u00e3o a grandes dist\u00e2ncias \u2014 centenas ou at\u00e9 mesmo milhares de metros, dependendo do alcance \u2014 e penetrar em paredes. O mais poderoso equipamento de tradu\u00e7\u00e3o em FM tamb\u00e9m pode cancelar a interfer\u00eancia de r\u00e1dio e fornecer uma qualidade de som muito alta. Os sistemas em FM oferecem v\u00e1rios n\u00edveis de portabilidade e mobilidade para atender \u00e0s necessidades do seu evento.\r\n\r\nO outro tipo de tecnologia usada na interpreta\u00e7\u00e3o simult\u00e2nea \u00e9 conhecido como IV, ou equipamento em infravermelho. A tecnologia IV \u00e9 normalmente usada em ambientes internos menores, para comunica\u00e7\u00f5es mais seguras e confidenciais, pois s\u00e3o menos suscet\u00edveis a interfer\u00eancias. Ao contr\u00e1rio do FM, o IV normalmente precisa de um campo de vis\u00e3o, ou seja, uma conex\u00e3o desobstru\u00edda entre o transmissor e o dispositivo receptor (semelhante \u00e0 tecnologia dos controles remotos dos televisores). Os dispositivos IV s\u00e3o particularmente conhecidos por sua qualidade de som rica e limpa."},"shortcode-map":{"type":"textfield","raw":""},"dyk-shortcode":{"type":"textfield","raw":"[elementor-template id=\"147273\"]"},"text-2":{"type":"textarea","raw":"<h2>Escolhendo o equipamento de interpreta\u00e7\u00e3o correto<\/h2>\r\nAo decidir entre FM ou IV como o melhor equipamento de interpreta\u00e7\u00e3o simult\u00e2nea para o seu evento, voc\u00ea deve pesar fatores como n\u00famero de participantes, layout do local e cobertura necess\u00e1ria, n\u00famero de idiomas, portabilidade e or\u00e7amento do evento.\r\n\r\nPor exemplo, os equipamentos IV s\u00e3o mais suscet\u00edveis a interfer\u00eancia de luz, tornando o FM uma escolha mais confi\u00e1vel para eventos ao ar livre ou eventos que se deslocam entre salas, como visitas guiadas a instala\u00e7\u00f5es. Por outro lado, os transmissores IV s\u00e3o os mais ideais para eventos com mais de 6-8 idiomas na mesma sala, bem como para reuni\u00f5es mais confidenciais. Voc\u00ea tamb\u00e9m deve avaliar se cabines de som totalmente encapsuladas ou cabines de mesa port\u00e1teis s\u00e3o mais apropriadas para seus int\u00e9rpretes.\r\n\r\nSeja qual for o equipamento que voc\u00ea escolher, \u00e9 importante obter sua tecnologia de interpreta\u00e7\u00e3o de um fabricante qualificado. As exig\u00eancias do equipamento para interpreta\u00e7\u00e3o simult\u00e2nea s\u00e3o estritamente controladas pela International Organization for Standardization (ISO). Com a contribui\u00e7\u00e3o de \u00f3rg\u00e3os de normatiza\u00e7\u00e3o em mais de 160 pa\u00edses, a ISO controla cuidadosamente as exig\u00eancias de acessibilidade, mobili\u00e1rio e opera\u00e7\u00e3o de sistemas relacionados \u00e0 transmiss\u00e3o de som e cabines dos int\u00e9rpretes.\r\n\r\nCom tantas considera\u00e7\u00f5es envolvidas na sele\u00e7\u00e3o do equipamento apropriado para as necessidades de sua empresa ou organiza\u00e7\u00e3o, \u00e9 mais f\u00e1cil e econ\u00f4mico contar com especialistas j\u00e1 estabelecidos em busca de orienta\u00e7\u00f5es.\r\n\r\nCom base em anos de experi\u00eancia no campo da interpreta\u00e7\u00e3o de idiomas, no conhecimento do assunto em v\u00e1rios setores e nas percep\u00e7\u00f5es profissionais dos melhores int\u00e9rpretes, a <em>Trusted Translations<\/em> ir\u00e1 trabalhar com sua equipe para determinar a melhor tecnologia para suas necessidades de interpreta\u00e7\u00e3o. Sinta-se \u00e0 vontade para falar conosco com qualquer d\u00favida que possa ter em rela\u00e7\u00e3o \u00e0 tecnologia correta e aos equipamentos para interpreta\u00e7\u00e3o."},"state":{"type":"textfield","raw":""},"city":{"type":"textarea","raw":[]}}},"_links":{"self":[{"href":"https:\/\/www.trustedtranslations.com\/pt-br\/wp-json\/wp\/v2\/pages\/154047","targetHints":{"allow":["GET"]}}],"collection":[{"href":"https:\/\/www.trustedtranslations.com\/pt-br\/wp-json\/wp\/v2\/pages"}],"about":[{"href":"https:\/\/www.trustedtranslations.com\/pt-br\/wp-json\/wp\/v2\/types\/page"}],"author":[{"embeddable":true,"href":"https:\/\/www.trustedtranslations.com\/pt-br\/wp-json\/wp\/v2\/users\/1"}],"replies":[{"embeddable":true,"href":"https:\/\/www.trustedtranslations.com\/pt-br\/wp-json\/wp\/v2\/comments?post=154047"}],"version-history":[{"count":0,"href":"https:\/\/www.trustedtranslations.com\/pt-br\/wp-json\/wp\/v2\/pages\/154047\/revisions"}],"up":[{"embeddable":true,"href":"https:\/\/www.trustedtranslations.com\/pt-br\/wp-json\/wp\/v2\/pages\/135023"}],"wp:featuredmedia":[{"embeddable":true,"href":"https:\/\/www.trustedtranslations.com\/pt-br\/wp-json\/wp\/v2\/media\/243691"}],"wp:attachment":[{"href":"https:\/\/www.trustedtranslations.com\/pt-br\/wp-json\/wp\/v2\/media?parent=154047"}],"curies":[{"name":"wp","href":"https:\/\/api.w.org\/{rel}","templated":true}]}}