{"id":160944,"date":"2022-07-15T16:12:28","date_gmt":"2022-07-15T16:12:28","guid":{"rendered":"https:\/\/www.trustedtranslations.com\/servicos\/app-localizacao\/ios"},"modified":"2024-09-06T16:51:45","modified_gmt":"2024-09-06T19:51:45","slug":"ios","status":"publish","type":"page","link":"https:\/\/www.trustedtranslations.com\/pt-br\/servicos\/localizacao-de-aplicativos\/ios","title":{"rendered":"iOS"},"content":{"rendered":"","protected":false},"excerpt":{"rendered":"","protected":false},"author":1,"featured_media":181237,"parent":135042,"menu_order":0,"comment_status":"closed","ping_status":"closed","template":"","meta":{"site-sidebar-layout":"default","site-content-layout":"default","ast-site-content-layout":"default","site-content-style":"default","site-sidebar-style":"default","ast-global-header-display":"","ast-banner-title-visibility":"","ast-main-header-display":"","ast-hfb-above-header-display":"","ast-hfb-below-header-display":"","ast-hfb-mobile-header-display":"","site-post-title":"disabled","ast-breadcrumbs-content":"","ast-featured-img":"","footer-sml-layout":"","ast-disable-related-posts":"","theme-transparent-header-meta":"default","adv-header-id-meta":"","stick-header-meta":"","header-above-stick-meta":"","header-main-stick-meta":"","header-below-stick-meta":"","astra-migrate-meta-layouts":"set","ast-page-background-enabled":"default","ast-page-background-meta":{"desktop":{"background-color":"var(--ast-global-color-4)","background-image":"","background-repeat":"repeat","background-position":"center center","background-size":"auto","background-attachment":"scroll","background-type":"","background-media":"","overlay-type":"","overlay-color":"","overlay-opacity":"","overlay-gradient":""},"tablet":{"background-color":"","background-image":"","background-repeat":"repeat","background-position":"center center","background-size":"auto","background-attachment":"scroll","background-type":"","background-media":"","overlay-type":"","overlay-color":"","overlay-opacity":"","overlay-gradient":""},"mobile":{"background-color":"","background-image":"","background-repeat":"repeat","background-position":"center center","background-size":"auto","background-attachment":"scroll","background-type":"","background-media":"","overlay-type":"","overlay-color":"","overlay-opacity":"","overlay-gradient":""}},"ast-content-background-meta":{"desktop":{"background-color":"var(--ast-global-color-5)","background-image":"","background-repeat":"repeat","background-position":"center center","background-size":"auto","background-attachment":"scroll","background-type":"","background-media":"","overlay-type":"","overlay-color":"","overlay-opacity":"","overlay-gradient":""},"tablet":{"background-color":"var(--ast-global-color-5)","background-image":"","background-repeat":"repeat","background-position":"center center","background-size":"auto","background-attachment":"scroll","background-type":"","background-media":"","overlay-type":"","overlay-color":"","overlay-opacity":"","overlay-gradient":""},"mobile":{"background-color":"var(--ast-global-color-5)","background-image":"","background-repeat":"repeat","background-position":"center center","background-size":"auto","background-attachment":"scroll","background-type":"","background-media":"","overlay-type":"","overlay-color":"","overlay-opacity":"","overlay-gradient":""}},"footnotes":""},"class_list":["post-160944","page","type-page","status-publish","has-post-thumbnail","hentry"],"yoast_head":"<!-- This site is optimized with the Yoast SEO plugin v27.5 - https:\/\/yoast.com\/product\/yoast-seo-wordpress\/ -->\n<title>Localiza\u00e7\u00e3o de aplicativos Apple iOS - Trusted Translations, Inc.<\/title>\n<meta name=\"description\" content=\"A Trusted Translations \u00e9 uma fornecedora l\u00edder de servi\u00e7os de localiza\u00e7\u00e3o de aplicativos Apple iOS. Localizamos e traduzimos qualquer aplicativo m\u00f3vel para praticamente qualquer mercado e dispositivo.\" \/>\n<meta name=\"robots\" content=\"index, follow, max-snippet:-1, max-image-preview:large, max-video-preview:-1\" \/>\n<link rel=\"canonical\" href=\"https:\/\/www.trustedtranslations.com\/pt-br\/servicos\/localizacao-de-aplicativos\/ios\" \/>\n<meta property=\"og:locale\" content=\"pt_BR\" \/>\n<meta property=\"og:type\" content=\"article\" \/>\n<meta property=\"og:title\" content=\"Localiza\u00e7\u00e3o de aplicativos Apple iOS - Trusted Translations, Inc.\" \/>\n<meta property=\"og:description\" content=\"A Trusted Translations \u00e9 uma fornecedora l\u00edder de servi\u00e7os de localiza\u00e7\u00e3o de aplicativos Apple iOS. Localizamos e traduzimos qualquer aplicativo m\u00f3vel para praticamente qualquer mercado e dispositivo.\" \/>\n<meta property=\"og:url\" content=\"https:\/\/www.trustedtranslations.com\/pt-br\/servicos\/localizacao-de-aplicativos\/ios\" \/>\n<meta property=\"og:site_name\" content=\"Trusted Translations, Inc.\" \/>\n<meta property=\"article:publisher\" content=\"https:\/\/www.facebook.com\/Trusted.Translations\" \/>\n<meta property=\"article:modified_time\" content=\"2024-09-06T19:51:45+00:00\" \/>\n<meta property=\"og:image\" content=\"https:\/\/www.trustedtranslations.com\/wp-content\/uploads\/2022\/06\/tt-logo-2-1.webp\" \/>\n\t<meta property=\"og:image:width\" content=\"216\" \/>\n\t<meta property=\"og:image:height\" content=\"94\" \/>\n\t<meta property=\"og:image:type\" content=\"image\/webp\" \/>\n<meta name=\"twitter:card\" content=\"summary_large_image\" \/>\n<meta name=\"twitter:site\" content=\"@TrustedT9ns\" \/>\n<script type=\"application\/ld+json\" class=\"yoast-schema-graph\">{\"@context\":\"https:\\\/\\\/schema.org\",\"@graph\":[{\"@type\":\"WebPage\",\"@id\":\"https:\\\/\\\/www.trustedtranslations.com\\\/pt-br\\\/servicos\\\/localizacao-de-aplicativos\\\/ios\",\"url\":\"https:\\\/\\\/www.trustedtranslations.com\\\/pt-br\\\/servicos\\\/localizacao-de-aplicativos\\\/ios\",\"name\":\"Localiza\u00e7\u00e3o de aplicativos Apple iOS - Trusted Translations, Inc.\",\"isPartOf\":{\"@id\":\"https:\\\/\\\/www.trustedtranslations.com\\\/pt-br\\\/#website\"},\"primaryImageOfPage\":{\"@id\":\"https:\\\/\\\/www.trustedtranslations.com\\\/pt-br\\\/servicos\\\/localizacao-de-aplicativos\\\/ios#primaryimage\"},\"image\":{\"@id\":\"https:\\\/\\\/www.trustedtranslations.com\\\/pt-br\\\/servicos\\\/localizacao-de-aplicativos\\\/ios#primaryimage\"},\"thumbnailUrl\":\"\",\"description\":\"A Trusted Translations \u00e9 uma fornecedora l\u00edder de servi\u00e7os de localiza\u00e7\u00e3o de aplicativos Apple iOS. Localizamos e traduzimos qualquer aplicativo m\u00f3vel para praticamente qualquer mercado e dispositivo.\",\"breadcrumb\":{\"@id\":\"https:\\\/\\\/www.trustedtranslations.com\\\/pt-br\\\/servicos\\\/localizacao-de-aplicativos\\\/ios#breadcrumb\"},\"inLanguage\":\"pt-BR\",\"potentialAction\":[{\"@type\":\"ReadAction\",\"target\":[\"https:\\\/\\\/www.trustedtranslations.com\\\/pt-br\\\/servicos\\\/localizacao-de-aplicativos\\\/ios\"]}]},{\"@type\":\"ImageObject\",\"inLanguage\":\"pt-BR\",\"@id\":\"https:\\\/\\\/www.trustedtranslations.com\\\/pt-br\\\/servicos\\\/localizacao-de-aplicativos\\\/ios#primaryimage\",\"url\":\"\",\"contentUrl\":\"\"},{\"@type\":\"BreadcrumbList\",\"@id\":\"https:\\\/\\\/www.trustedtranslations.com\\\/pt-br\\\/servicos\\\/localizacao-de-aplicativos\\\/ios#breadcrumb\",\"itemListElement\":[{\"@type\":\"ListItem\",\"position\":1,\"name\":\"Home\",\"item\":\"https:\\\/\\\/www.trustedtranslations.com\\\/pt-br\"},{\"@type\":\"ListItem\",\"position\":2,\"name\":\"Servi\u00e7os\",\"item\":\"https:\\\/\\\/www.trustedtranslations.com\\\/pt-br\\\/servicos\"},{\"@type\":\"ListItem\",\"position\":3,\"name\":\"Localiza\u00e7\u00e3o de aplicativos\",\"item\":\"https:\\\/\\\/www.trustedtranslations.com\\\/pt-br\\\/servicos\\\/localizacao-de-aplicativos\"},{\"@type\":\"ListItem\",\"position\":4,\"name\":\"iOS\"}]},{\"@type\":\"WebSite\",\"@id\":\"https:\\\/\\\/www.trustedtranslations.com\\\/pt-br\\\/#website\",\"url\":\"https:\\\/\\\/www.trustedtranslations.com\\\/pt-br\\\/\",\"name\":\"Trusted Translations, Inc.\",\"description\":\"Leader in translation and interpretation services.\",\"publisher\":{\"@id\":\"https:\\\/\\\/www.trustedtranslations.com\\\/pt-br\\\/#organization\"},\"alternateName\":\"Trusted Translations\",\"potentialAction\":[{\"@type\":\"SearchAction\",\"target\":{\"@type\":\"EntryPoint\",\"urlTemplate\":\"https:\\\/\\\/www.trustedtranslations.com\\\/pt-br\\\/?s={search_term_string}\"},\"query-input\":{\"@type\":\"PropertyValueSpecification\",\"valueRequired\":true,\"valueName\":\"search_term_string\"}}],\"inLanguage\":\"pt-BR\"},{\"@type\":\"Organization\",\"@id\":\"https:\\\/\\\/www.trustedtranslations.com\\\/pt-br\\\/#organization\",\"name\":\"Trusted Translations\",\"alternateName\":\"Trusted Translations, Inc.\",\"url\":\"https:\\\/\\\/www.trustedtranslations.com\\\/pt-br\\\/\",\"logo\":{\"@type\":\"ImageObject\",\"inLanguage\":\"pt-BR\",\"@id\":\"https:\\\/\\\/www.trustedtranslations.com\\\/pt-br\\\/#\\\/schema\\\/logo\\\/image\\\/\",\"url\":\"https:\\\/\\\/static.trustedtranslations.com\\\/wp-content\\\/uploads\\\/2022\\\/01\\\/TT_logo_WSIColors-2.png\",\"contentUrl\":\"https:\\\/\\\/static.trustedtranslations.com\\\/wp-content\\\/uploads\\\/2022\\\/01\\\/TT_logo_WSIColors-2.png\",\"width\":500,\"height\":196,\"caption\":\"Trusted Translations\"},\"image\":{\"@id\":\"https:\\\/\\\/www.trustedtranslations.com\\\/pt-br\\\/#\\\/schema\\\/logo\\\/image\\\/\"},\"sameAs\":[\"https:\\\/\\\/www.facebook.com\\\/Trusted.Translations\",\"https:\\\/\\\/x.com\\\/TrustedT9ns\",\"https:\\\/\\\/www.linkedin.com\\\/company\\\/trusted-translations\"]}]}<\/script>\n<!-- \/ Yoast SEO plugin. -->","yoast_head_json":{"title":"Localiza\u00e7\u00e3o de aplicativos Apple iOS - Trusted Translations, Inc.","description":"A Trusted Translations \u00e9 uma fornecedora l\u00edder de servi\u00e7os de localiza\u00e7\u00e3o de aplicativos Apple iOS. Localizamos e traduzimos qualquer aplicativo m\u00f3vel para praticamente qualquer mercado e dispositivo.","robots":{"index":"index","follow":"follow","max-snippet":"max-snippet:-1","max-image-preview":"max-image-preview:large","max-video-preview":"max-video-preview:-1"},"canonical":"https:\/\/www.trustedtranslations.com\/pt-br\/servicos\/localizacao-de-aplicativos\/ios","og_locale":"pt_BR","og_type":"article","og_title":"Localiza\u00e7\u00e3o de aplicativos Apple iOS - Trusted Translations, Inc.","og_description":"A Trusted Translations \u00e9 uma fornecedora l\u00edder de servi\u00e7os de localiza\u00e7\u00e3o de aplicativos Apple iOS. Localizamos e traduzimos qualquer aplicativo m\u00f3vel para praticamente qualquer mercado e dispositivo.","og_url":"https:\/\/www.trustedtranslations.com\/pt-br\/servicos\/localizacao-de-aplicativos\/ios","og_site_name":"Trusted Translations, Inc.","article_publisher":"https:\/\/www.facebook.com\/Trusted.Translations","article_modified_time":"2024-09-06T19:51:45+00:00","og_image":[{"width":216,"height":94,"url":"https:\/\/www.trustedtranslations.com\/wp-content\/uploads\/2022\/06\/tt-logo-2-1.webp","type":"image\/webp"}],"twitter_card":"summary_large_image","twitter_site":"@TrustedT9ns","schema":{"@context":"https:\/\/schema.org","@graph":[{"@type":"WebPage","@id":"https:\/\/www.trustedtranslations.com\/pt-br\/servicos\/localizacao-de-aplicativos\/ios","url":"https:\/\/www.trustedtranslations.com\/pt-br\/servicos\/localizacao-de-aplicativos\/ios","name":"Localiza\u00e7\u00e3o de aplicativos Apple iOS - Trusted Translations, Inc.","isPartOf":{"@id":"https:\/\/www.trustedtranslations.com\/pt-br\/#website"},"primaryImageOfPage":{"@id":"https:\/\/www.trustedtranslations.com\/pt-br\/servicos\/localizacao-de-aplicativos\/ios#primaryimage"},"image":{"@id":"https:\/\/www.trustedtranslations.com\/pt-br\/servicos\/localizacao-de-aplicativos\/ios#primaryimage"},"thumbnailUrl":"","description":"A Trusted Translations \u00e9 uma fornecedora l\u00edder de servi\u00e7os de localiza\u00e7\u00e3o de aplicativos Apple iOS. Localizamos e traduzimos qualquer aplicativo m\u00f3vel para praticamente qualquer mercado e dispositivo.","breadcrumb":{"@id":"https:\/\/www.trustedtranslations.com\/pt-br\/servicos\/localizacao-de-aplicativos\/ios#breadcrumb"},"inLanguage":"pt-BR","potentialAction":[{"@type":"ReadAction","target":["https:\/\/www.trustedtranslations.com\/pt-br\/servicos\/localizacao-de-aplicativos\/ios"]}]},{"@type":"ImageObject","inLanguage":"pt-BR","@id":"https:\/\/www.trustedtranslations.com\/pt-br\/servicos\/localizacao-de-aplicativos\/ios#primaryimage","url":"","contentUrl":""},{"@type":"BreadcrumbList","@id":"https:\/\/www.trustedtranslations.com\/pt-br\/servicos\/localizacao-de-aplicativos\/ios#breadcrumb","itemListElement":[{"@type":"ListItem","position":1,"name":"Home","item":"https:\/\/www.trustedtranslations.com\/pt-br"},{"@type":"ListItem","position":2,"name":"Servi\u00e7os","item":"https:\/\/www.trustedtranslations.com\/pt-br\/servicos"},{"@type":"ListItem","position":3,"name":"Localiza\u00e7\u00e3o de aplicativos","item":"https:\/\/www.trustedtranslations.com\/pt-br\/servicos\/localizacao-de-aplicativos"},{"@type":"ListItem","position":4,"name":"iOS"}]},{"@type":"WebSite","@id":"https:\/\/www.trustedtranslations.com\/pt-br\/#website","url":"https:\/\/www.trustedtranslations.com\/pt-br\/","name":"Trusted Translations, Inc.","description":"Leader in translation and interpretation services.","publisher":{"@id":"https:\/\/www.trustedtranslations.com\/pt-br\/#organization"},"alternateName":"Trusted Translations","potentialAction":[{"@type":"SearchAction","target":{"@type":"EntryPoint","urlTemplate":"https:\/\/www.trustedtranslations.com\/pt-br\/?s={search_term_string}"},"query-input":{"@type":"PropertyValueSpecification","valueRequired":true,"valueName":"search_term_string"}}],"inLanguage":"pt-BR"},{"@type":"Organization","@id":"https:\/\/www.trustedtranslations.com\/pt-br\/#organization","name":"Trusted Translations","alternateName":"Trusted Translations, Inc.","url":"https:\/\/www.trustedtranslations.com\/pt-br\/","logo":{"@type":"ImageObject","inLanguage":"pt-BR","@id":"https:\/\/www.trustedtranslations.com\/pt-br\/#\/schema\/logo\/image\/","url":"https:\/\/static.trustedtranslations.com\/wp-content\/uploads\/2022\/01\/TT_logo_WSIColors-2.png","contentUrl":"https:\/\/static.trustedtranslations.com\/wp-content\/uploads\/2022\/01\/TT_logo_WSIColors-2.png","width":500,"height":196,"caption":"Trusted Translations"},"image":{"@id":"https:\/\/www.trustedtranslations.com\/pt-br\/#\/schema\/logo\/image\/"},"sameAs":["https:\/\/www.facebook.com\/Trusted.Translations","https:\/\/x.com\/TrustedT9ns","https:\/\/www.linkedin.com\/company\/trusted-translations"]}]}},"toolset-meta":{"dyk":{"mensaje-1":{"type":"textfield","raw":"O Jap\u00e3o e os EUA t\u00eam as maiores porcentagens de usu\u00e1rios de iPhone."},"mensaje-2":{"type":"textfield","raw":"O uso de palavras-chave locais pode ajudar seus aplicativos a superar a concorr\u00eancia."},"mensaje-3":{"type":"textfield","raw":"Os aplicativos localizados tiveram 120% a mais de downloads em pa\u00edses espec\u00edficos."},"mensaje-4":{"type":"textfield","raw":"7 dos 10 principais mercados de downloads do iOS s\u00e3o mercados n\u00e3o nativos do ingl\u00eas."},"mensaje-5":{"type":"textfield","raw":"Somos um dos tr\u00eas \u00fanicos Provedores de Servi\u00e7os de Localiza\u00e7\u00e3o (LSPs) que fornecem tradu\u00e7\u00e3o de aplicativos atrav\u00e9s do Google Play."},"mensaje-6":{"type":"textfield","raw":""}},"single-page-template-fields":{"imgs-temp":{"type":"image","raw":["https:\/\/static.trustedtranslations.com\/wp-content\/uploads\/2024\/07\/ios-localizatioon-3-1.webp","https:\/\/static.trustedtranslations.com\/wp-content\/uploads\/2024\/06\/iphone-1.webp","https:\/\/static.trustedtranslations.com\/wp-content\/uploads\/2024\/07\/iphone-2-1.webp"],"repeatable":[{"raw":"https:\/\/static.trustedtranslations.com\/wp-content\/uploads\/2024\/07\/ios-localizatioon-3-1.webp"},{"raw":"https:\/\/static.trustedtranslations.com\/wp-content\/uploads\/2024\/06\/iphone-1.webp"},{"raw":"https:\/\/static.trustedtranslations.com\/wp-content\/uploads\/2024\/07\/iphone-2-1.webp"}]},"imgs-temp-cel":{"type":"image","raw":[""],"repeatable":[{"raw":""}]},"img-temp-one-cel":{"type":"image","raw":"https:\/\/static.trustedtranslations.com\/wp-content\/uploads\/2024\/07\/shutterstock_1201695589-1-1.webp","attachment_id":null},"quotes":{"type":"textarea","raw":"<h1 style=\"margin-bottom: 12px;\">Localiza\u00e7\u00e3o de aplicativos Apple iOS<\/h1><p>Com mais de um bilh\u00e3o de dispositivos Apple ativos em todo o mundo, \u00e9 hora do seu aplicativo para Apple iOS brilhar. Para melhorar as vendas e expandir sua base de clientes em potencial, localize seu aplicativo para atrair usu\u00e1rios de todo o mundo.<\/p><div style=\"margin-top: 2.5vw;\"><a class=\"tt-btn-main-cta\" href=\"https:\/\/www.trustedtranslations.com\/pt-br\/solicitud-orcamento\">Solicite um or\u00e7amento gratuito<\/a><\/div>"},"text-1":{"type":"textarea","raw":"<h2>Localize seu aplicativo para ter sucesso global<\/h2>Nas pr\u00f3prias palavras da Apple, \u201cExiste um aplicativo para isso\u201d. Hoje em dia, tamb\u00e9m podemos dizer \u201ch\u00e1 um mercado para isso\u201d \u2014 com a App Store dispon\u00edvel em 175 regi\u00f5es e em 40 idiomas ao redor do mundo, n\u00e3o faltam novos mercados esperando para descobrir o pr\u00f3ximo grande aplicativo iOS. Se voc\u00ea quiser se tornar global, seu pr\u00f3ximo passo \u00e9 localizar seu aplicativo para qualquer localidade.\r\n\r\nAo adaptar seu aplicativo para idiomas e localidades espec\u00edficos, voc\u00ea estar\u00e1 se preparando para um lan\u00e7amento bem-sucedido em qualquer nova regi\u00e3o. Os clientes em potencial n\u00e3o s\u00f3 preferem um aplicativo personalizado para sua experi\u00eancia, mas uma localiza\u00e7\u00e3o adequada ir\u00e1 economizar tempo e dinheiro, reduzindo erros e atrasos no desenvolvimento. Com o parceiro profissional correto, seu aplicativo estar\u00e1 pronto para atingir todo seu potencial.\r\n<h2>Localizando seu aplicativo<\/h2>\r\nAo localizar seu aplicativo iOS para um novo p\u00fablico, h\u00e1 muito a considerar. Voc\u00ea precisar\u00e1 de um fluxo de trabalho eficiente, de uma interface de linha de comando, da capacidade de executar relat\u00f3rios baseados em resultados e dos recursos para reunir pesquisas de mercado robustas antes de gerar uma \u00fanica linha de c\u00f3digo.\r\n\r\n<img class=\"wp-image-157671 alignleft\" src=\"https:\/\/static.trustedtranslations.com\/wp-content\/uploads\/2022\/08\/gray-smartphone-dark-background-1-1-300x200.jpg\" alt=\"\" width=\"500\" height=\"334\" \/>A localiza\u00e7\u00e3o \u00e9 mais do que uma simples tradu\u00e7\u00e3o. Dependendo da localidade, voc\u00ea deve estar ciente das nuances culturais espec\u00edficas do p\u00fablico, como feriados, s\u00edmbolos com significados importantes, sensibilidades pol\u00edticas, regi\u00e3o e humor. Do ponto de vista log\u00edstico, voc\u00ea tamb\u00e9m deve pensar nas pol\u00edticas locais e nas regulamenta\u00e7\u00f5es do mercado, como pol\u00edticas de privacidade de dados e leis de direitos autorais.\r\n\r\nPor essas raz\u00f5es, a pr\u00f3pria Apple recomenda que as empresas evitem a tradu\u00e7\u00e3o autom\u00e1tica ao localizar aplicativos, alertando que isso pode gerar tradu\u00e7\u00f5es imprecisas e de baixa qualidade.\r\n\u00c9 importante trabalhar com uma equipe de especialistas reais humanos que seja fluente no idioma e na cultura do seu mercado-alvo.\r\n<h2>Trabalhando com aplicativos iOS<\/h2>\r\nComo o iOS \u00e9 uma plataforma \u00fanica e complexa, h\u00e1 muita coisa envolvida. Aqui est\u00e3o algumas das etapas que podem estar envolvidas na localiza\u00e7\u00e3o do seu aplicativo:\r\n<ul>\r\n \t<li>localizar seu arquivo de dicion\u00e1rio de <i>strings<\/i> (sequ\u00eancias de caracteres) no(s) idioma(s) de origem e destino<\/li>\r\n \t<li>localizar suas visualiza\u00e7\u00f5es SwiftUI<\/li>\r\n \t<li>personalizar diferentes larguras e dispositivos de visualiza\u00e7\u00e3o<\/li>\r\n \t<li>adicionar suporte para diferentes idiomas<\/li>\r\n \t<li>escolher <i>scripts <\/i>e regi\u00f5es apropriados<\/li>\r\n \t<li>localizar cat\u00e1logos de ativos (p.\u00a0ex., conjuntos de cores, conjuntos de imagens, <i>sprites<\/i>)<\/li>\r\n \t<li>suporte para m\u00eddia audiovisual (p.\u00a0ex., legendas e <i>closed captions<\/i>)<\/li>\r\n \t<li>servi\u00e7os Apple, como Apple Pay ou Carteira Apple<\/li>\r\n \t<li>pr\u00e9-visualiza\u00e7\u00e3o e testagem robustas juntamente com o lan\u00e7amento do produto<\/li>\r\n<\/ul>\r\nComo a plataforma iOS n\u00e3o \u00e9 a mais simples de se trabalhar, a orienta\u00e7\u00e3o e o suporte de especialistas podem ser imprescind\u00edveis e tamb\u00e9m economizar tempo. Felizmente, o recurso Xcode Export for Localization da Apple permite que os usu\u00e1rios extraiam todo o conte\u00fado localiz\u00e1vel sem modificar o c\u00f3digo-fonte do seu aplicativo, facilitando trabalhar com um servi\u00e7o de localiza\u00e7\u00e3o externo, como o da <em><a href=\"https:\/\/trustedtranslations.com\/pt-br\" rel=\"noopener\">Trusted Translations<\/a><\/em>, que pode gui\u00e1-lo por esses muitos elementos m\u00f3veis."},"shortcode-map":{"type":"textfield","raw":""},"dyk-shortcode":{"type":"textfield","raw":"[elementor-template id=\"147273\"]"},"text-2":{"type":"textarea","raw":"<h2>Consist\u00eancia entre dispositivos Apple<\/h2>\r\n\u00c9 muito importante n\u00e3o ignorar os dispositivos reais que exibir\u00e3o seu aplicativo. Por exemplo, voc\u00ea ter\u00e1 que pensar nas diferen\u00e7as no tamanho e tipo das telas: apenas os iPhones t\u00eam tamanhos de tela que variam de 4 a 6,7 polegadas, dependendo do modelo, com in\u00fameras varia\u00e7\u00f5es na resolu\u00e7\u00e3o e densidade de pixels.\r\n\r\nSeu aplicativo pode at\u00e9 precisar de diferentes vers\u00f5es localizadas para diferentes produtos Apple, como o iPhone e o iPad. Afinal, a experi\u00eancia do usu\u00e1rio ao interagir com um aplicativo em um dispositivo maior, tipo tablet, \u00e9 muito diferente daquela em um telefone celular; os melhores aplicativos s\u00e3o tanto consistentes em todas as plataformas quanto capazes de levar em conta essas nuances. A <em>Trusted Translations<\/em> pode ajud\u00e1-lo a atingir esse delicado equil\u00edbrio.\r\n<h2>Controle de qualidade da <em>Trusted Translations<\/em><\/h2>\r\nNa <em>Trusted Translations<\/em>, oferecemos os melhores profissionais do setor em termos de tradu\u00e7\u00e3o e localiza\u00e7\u00e3o; complementamos ainda mais seu trabalho com gerentes de projeto qualificados e com v\u00e1rias verifica\u00e7\u00f5es de qualidade. Como um parceiro de confian\u00e7a de ag\u00eancias do governo, das For\u00e7as Armadas dos EUA, de organiza\u00e7\u00f5es sem fins lucrativos, de empresas da Fortune 500, entre outras, garantimos uma qualidade excepcional, que atende aos mais rigorosos padr\u00f5es.\r\n\r\nEntre em contato conosco hoje mesmo para saber mais sobre como podemos oferecer suporte aos seus projetos de <a href=\"https:\/\/www.trustedtranslations.com\/pt-br\/servicos\/localizacao-de-aplicativos\" target=\"_blank\" rel=\"noopener\">localiza\u00e7\u00e3o de aplicativos<\/a> do iOS."},"state":{"type":"textfield","raw":""},"city":{"type":"textarea","raw":[]}}},"_links":{"self":[{"href":"https:\/\/www.trustedtranslations.com\/pt-br\/wp-json\/wp\/v2\/pages\/160944","targetHints":{"allow":["GET"]}}],"collection":[{"href":"https:\/\/www.trustedtranslations.com\/pt-br\/wp-json\/wp\/v2\/pages"}],"about":[{"href":"https:\/\/www.trustedtranslations.com\/pt-br\/wp-json\/wp\/v2\/types\/page"}],"author":[{"embeddable":true,"href":"https:\/\/www.trustedtranslations.com\/pt-br\/wp-json\/wp\/v2\/users\/1"}],"replies":[{"embeddable":true,"href":"https:\/\/www.trustedtranslations.com\/pt-br\/wp-json\/wp\/v2\/comments?post=160944"}],"version-history":[{"count":0,"href":"https:\/\/www.trustedtranslations.com\/pt-br\/wp-json\/wp\/v2\/pages\/160944\/revisions"}],"up":[{"embeddable":true,"href":"https:\/\/www.trustedtranslations.com\/pt-br\/wp-json\/wp\/v2\/pages\/135042"}],"wp:featuredmedia":[{"embeddable":true,"href":"https:\/\/www.trustedtranslations.com\/pt-br\/wp-json\/"}],"wp:attachment":[{"href":"https:\/\/www.trustedtranslations.com\/pt-br\/wp-json\/wp\/v2\/media?parent=160944"}],"curies":[{"name":"wp","href":"https:\/\/api.w.org\/{rel}","templated":true}]}}