{"id":161817,"date":"2022-10-18T01:22:23","date_gmt":"2022-10-18T01:22:23","guid":{"rendered":"https:\/\/www.trustedtranslations.com\/?page_id=161817"},"modified":"2024-09-03T17:00:44","modified_gmt":"2024-09-03T20:00:44","slug":"conteudo-multilingue","status":"publish","type":"page","link":"https:\/\/www.trustedtranslations.com\/pt-br\/servicos\/conteudo-multilingue","title":{"rendered":"Conte\u00fado multil\u00edngue"},"content":{"rendered":"","protected":false},"excerpt":{"rendered":"","protected":false},"author":1,"featured_media":243691,"parent":135075,"menu_order":0,"comment_status":"closed","ping_status":"closed","template":"","meta":{"site-sidebar-layout":"default","site-content-layout":"default","ast-site-content-layout":"default","site-content-style":"default","site-sidebar-style":"default","ast-global-header-display":"","ast-banner-title-visibility":"","ast-main-header-display":"","ast-hfb-above-header-display":"","ast-hfb-below-header-display":"","ast-hfb-mobile-header-display":"","site-post-title":"disabled","ast-breadcrumbs-content":"","ast-featured-img":"","footer-sml-layout":"","ast-disable-related-posts":"","theme-transparent-header-meta":"default","adv-header-id-meta":"","stick-header-meta":"","header-above-stick-meta":"","header-main-stick-meta":"","header-below-stick-meta":"","astra-migrate-meta-layouts":"set","ast-page-background-enabled":"default","ast-page-background-meta":{"desktop":{"background-color":"var(--ast-global-color-4)","background-image":"","background-repeat":"repeat","background-position":"center center","background-size":"auto","background-attachment":"scroll","background-type":"","background-media":"","overlay-type":"","overlay-color":"","overlay-opacity":"","overlay-gradient":""},"tablet":{"background-color":"","background-image":"","background-repeat":"repeat","background-position":"center center","background-size":"auto","background-attachment":"scroll","background-type":"","background-media":"","overlay-type":"","overlay-color":"","overlay-opacity":"","overlay-gradient":""},"mobile":{"background-color":"","background-image":"","background-repeat":"repeat","background-position":"center center","background-size":"auto","background-attachment":"scroll","background-type":"","background-media":"","overlay-type":"","overlay-color":"","overlay-opacity":"","overlay-gradient":""}},"ast-content-background-meta":{"desktop":{"background-color":"var(--ast-global-color-5)","background-image":"","background-repeat":"repeat","background-position":"center center","background-size":"auto","background-attachment":"scroll","background-type":"","background-media":"","overlay-type":"","overlay-color":"","overlay-opacity":"","overlay-gradient":""},"tablet":{"background-color":"var(--ast-global-color-5)","background-image":"","background-repeat":"repeat","background-position":"center center","background-size":"auto","background-attachment":"scroll","background-type":"","background-media":"","overlay-type":"","overlay-color":"","overlay-opacity":"","overlay-gradient":""},"mobile":{"background-color":"var(--ast-global-color-5)","background-image":"","background-repeat":"repeat","background-position":"center center","background-size":"auto","background-attachment":"scroll","background-type":"","background-media":"","overlay-type":"","overlay-color":"","overlay-opacity":"","overlay-gradient":""}},"footnotes":""},"class_list":["post-161817","page","type-page","status-publish","has-post-thumbnail","hentry"],"yoast_head":"<!-- This site is optimized with the Yoast SEO plugin v27.6 - https:\/\/yoast.com\/product\/yoast-seo-wordpress\/ -->\n<title>Servi\u00e7os de tradu\u00e7\u00e3o de conte\u00fado multil\u00edngue - Trusted Translations, Inc.<\/title>\n<meta name=\"description\" content=\"Um conte\u00fado multil\u00edngue \u00e9 fundamental para empresas que buscam expandir para mercados internacionais. A Trusted Translations \u00e9 especializada na gera\u00e7\u00e3o de conte\u00fado de alta qualidade que informa e envolve leitores em uma ampla variedade de idiomas.\" \/>\n<meta name=\"robots\" content=\"index, follow, max-snippet:-1, max-image-preview:large, max-video-preview:-1\" \/>\n<link rel=\"canonical\" href=\"https:\/\/www.trustedtranslations.com\/pt-br\/servicos\/conteudo-multilingue\" \/>\n<meta property=\"og:locale\" content=\"pt_BR\" \/>\n<meta property=\"og:type\" content=\"article\" \/>\n<meta property=\"og:title\" content=\"Servi\u00e7os de tradu\u00e7\u00e3o de conte\u00fado multil\u00edngue - Trusted Translations, Inc.\" \/>\n<meta property=\"og:description\" content=\"Um conte\u00fado multil\u00edngue \u00e9 fundamental para empresas que buscam expandir para mercados internacionais. A Trusted Translations \u00e9 especializada na gera\u00e7\u00e3o de conte\u00fado de alta qualidade que informa e envolve leitores em uma ampla variedade de idiomas.\" \/>\n<meta property=\"og:url\" content=\"https:\/\/www.trustedtranslations.com\/pt-br\/servicos\/conteudo-multilingue\" \/>\n<meta property=\"og:site_name\" content=\"Trusted Translations, Inc.\" \/>\n<meta property=\"article:publisher\" content=\"https:\/\/www.facebook.com\/Trusted.Translations\" \/>\n<meta property=\"article:modified_time\" content=\"2024-09-03T20:00:44+00:00\" \/>\n<meta property=\"og:image\" content=\"https:\/\/static.trustedtranslations.com\/wp-content\/uploads\/2022\/08\/TT_NEW_FB-1.png\" \/>\n\t<meta property=\"og:image:width\" content=\"1\" \/>\n\t<meta property=\"og:image:height\" content=\"1\" \/>\n\t<meta property=\"og:image:type\" content=\"image\/jpeg\" \/>\n<meta name=\"twitter:card\" content=\"summary_large_image\" \/>\n<meta name=\"twitter:site\" content=\"@TrustedT9ns\" \/>\n<script type=\"application\/ld+json\" class=\"yoast-schema-graph\">{\"@context\":\"https:\\\/\\\/schema.org\",\"@graph\":[{\"@type\":\"WebPage\",\"@id\":\"https:\\\/\\\/www.trustedtranslations.com\\\/pt-br\\\/servicos\\\/conteudo-multilingue\",\"url\":\"https:\\\/\\\/www.trustedtranslations.com\\\/pt-br\\\/servicos\\\/conteudo-multilingue\",\"name\":\"Servi\u00e7os de tradu\u00e7\u00e3o de conte\u00fado multil\u00edngue - Trusted Translations, Inc.\",\"isPartOf\":{\"@id\":\"https:\\\/\\\/www.trustedtranslations.com\\\/pt-br\\\/#website\"},\"primaryImageOfPage\":{\"@id\":\"https:\\\/\\\/www.trustedtranslations.com\\\/pt-br\\\/servicos\\\/conteudo-multilingue#primaryimage\"},\"image\":{\"@id\":\"https:\\\/\\\/www.trustedtranslations.com\\\/pt-br\\\/servicos\\\/conteudo-multilingue#primaryimage\"},\"thumbnailUrl\":\"https:\\\/\\\/www.trustedtranslations.com\\\/wp-content\\\/uploads\\\/2022\\\/08\\\/TT_NEW_FB-1.png\",\"description\":\"Um conte\u00fado multil\u00edngue \u00e9 fundamental para empresas que buscam expandir para mercados internacionais. A Trusted Translations \u00e9 especializada na gera\u00e7\u00e3o de conte\u00fado de alta qualidade que informa e envolve leitores em uma ampla variedade de idiomas.\",\"breadcrumb\":{\"@id\":\"https:\\\/\\\/www.trustedtranslations.com\\\/pt-br\\\/servicos\\\/conteudo-multilingue#breadcrumb\"},\"inLanguage\":\"pt-BR\",\"potentialAction\":[{\"@type\":\"ReadAction\",\"target\":[\"https:\\\/\\\/www.trustedtranslations.com\\\/pt-br\\\/servicos\\\/conteudo-multilingue\"]}]},{\"@type\":\"ImageObject\",\"inLanguage\":\"pt-BR\",\"@id\":\"https:\\\/\\\/www.trustedtranslations.com\\\/pt-br\\\/servicos\\\/conteudo-multilingue#primaryimage\",\"url\":\"https:\\\/\\\/www.trustedtranslations.com\\\/wp-content\\\/uploads\\\/2022\\\/08\\\/TT_NEW_FB-1.png\",\"contentUrl\":\"https:\\\/\\\/www.trustedtranslations.com\\\/wp-content\\\/uploads\\\/2022\\\/08\\\/TT_NEW_FB-1.png\",\"caption\":\"TT NEW FB 1\"},{\"@type\":\"BreadcrumbList\",\"@id\":\"https:\\\/\\\/www.trustedtranslations.com\\\/pt-br\\\/servicos\\\/conteudo-multilingue#breadcrumb\",\"itemListElement\":[{\"@type\":\"ListItem\",\"position\":1,\"name\":\"Home\",\"item\":\"https:\\\/\\\/www.trustedtranslations.com\\\/pt-br\"},{\"@type\":\"ListItem\",\"position\":2,\"name\":\"Servi\u00e7os\",\"item\":\"https:\\\/\\\/www.trustedtranslations.com\\\/pt-br\\\/servicos\"},{\"@type\":\"ListItem\",\"position\":3,\"name\":\"Conte\u00fado multil\u00edngue\"}]},{\"@type\":\"WebSite\",\"@id\":\"https:\\\/\\\/www.trustedtranslations.com\\\/pt-br\\\/#website\",\"url\":\"https:\\\/\\\/www.trustedtranslations.com\\\/pt-br\\\/\",\"name\":\"Trusted Translations, Inc.\",\"description\":\"Leader in translation and interpretation services.\",\"publisher\":{\"@id\":\"https:\\\/\\\/www.trustedtranslations.com\\\/pt-br\\\/#organization\"},\"alternateName\":\"Trusted Translations\",\"potentialAction\":[{\"@type\":\"SearchAction\",\"target\":{\"@type\":\"EntryPoint\",\"urlTemplate\":\"https:\\\/\\\/www.trustedtranslations.com\\\/pt-br\\\/?s={search_term_string}\"},\"query-input\":{\"@type\":\"PropertyValueSpecification\",\"valueRequired\":true,\"valueName\":\"search_term_string\"}}],\"inLanguage\":\"pt-BR\"},{\"@type\":\"Organization\",\"@id\":\"https:\\\/\\\/www.trustedtranslations.com\\\/pt-br\\\/#organization\",\"name\":\"Trusted Translations\",\"alternateName\":\"Trusted Translations, Inc.\",\"url\":\"https:\\\/\\\/www.trustedtranslations.com\\\/pt-br\\\/\",\"logo\":{\"@type\":\"ImageObject\",\"inLanguage\":\"pt-BR\",\"@id\":\"https:\\\/\\\/www.trustedtranslations.com\\\/pt-br\\\/#\\\/schema\\\/logo\\\/image\\\/\",\"url\":\"https:\\\/\\\/static.trustedtranslations.com\\\/wp-content\\\/uploads\\\/2022\\\/01\\\/TT_logo_WSIColors-2.png\",\"contentUrl\":\"https:\\\/\\\/static.trustedtranslations.com\\\/wp-content\\\/uploads\\\/2022\\\/01\\\/TT_logo_WSIColors-2.png\",\"width\":500,\"height\":196,\"caption\":\"Trusted Translations\"},\"image\":{\"@id\":\"https:\\\/\\\/www.trustedtranslations.com\\\/pt-br\\\/#\\\/schema\\\/logo\\\/image\\\/\"},\"sameAs\":[\"https:\\\/\\\/www.facebook.com\\\/Trusted.Translations\",\"https:\\\/\\\/x.com\\\/TrustedT9ns\",\"https:\\\/\\\/www.linkedin.com\\\/company\\\/trusted-translations\"]}]}<\/script>\n<!-- \/ Yoast SEO plugin. -->","yoast_head_json":{"title":"Servi\u00e7os de tradu\u00e7\u00e3o de conte\u00fado multil\u00edngue - Trusted Translations, Inc.","description":"Um conte\u00fado multil\u00edngue \u00e9 fundamental para empresas que buscam expandir para mercados internacionais. A Trusted Translations \u00e9 especializada na gera\u00e7\u00e3o de conte\u00fado de alta qualidade que informa e envolve leitores em uma ampla variedade de idiomas.","robots":{"index":"index","follow":"follow","max-snippet":"max-snippet:-1","max-image-preview":"max-image-preview:large","max-video-preview":"max-video-preview:-1"},"canonical":"https:\/\/www.trustedtranslations.com\/pt-br\/servicos\/conteudo-multilingue","og_locale":"pt_BR","og_type":"article","og_title":"Servi\u00e7os de tradu\u00e7\u00e3o de conte\u00fado multil\u00edngue - Trusted Translations, Inc.","og_description":"Um conte\u00fado multil\u00edngue \u00e9 fundamental para empresas que buscam expandir para mercados internacionais. A Trusted Translations \u00e9 especializada na gera\u00e7\u00e3o de conte\u00fado de alta qualidade que informa e envolve leitores em uma ampla variedade de idiomas.","og_url":"https:\/\/www.trustedtranslations.com\/pt-br\/servicos\/conteudo-multilingue","og_site_name":"Trusted Translations, Inc.","article_publisher":"https:\/\/www.facebook.com\/Trusted.Translations","article_modified_time":"2024-09-03T20:00:44+00:00","og_image":[{"url":"https:\/\/static.trustedtranslations.com\/wp-content\/uploads\/2022\/08\/TT_NEW_FB-1.png","width":1,"height":1,"type":"image\/jpeg"}],"twitter_card":"summary_large_image","twitter_site":"@TrustedT9ns","schema":{"@context":"https:\/\/schema.org","@graph":[{"@type":"WebPage","@id":"https:\/\/www.trustedtranslations.com\/pt-br\/servicos\/conteudo-multilingue","url":"https:\/\/www.trustedtranslations.com\/pt-br\/servicos\/conteudo-multilingue","name":"Servi\u00e7os de tradu\u00e7\u00e3o de conte\u00fado multil\u00edngue - Trusted Translations, Inc.","isPartOf":{"@id":"https:\/\/www.trustedtranslations.com\/pt-br\/#website"},"primaryImageOfPage":{"@id":"https:\/\/www.trustedtranslations.com\/pt-br\/servicos\/conteudo-multilingue#primaryimage"},"image":{"@id":"https:\/\/www.trustedtranslations.com\/pt-br\/servicos\/conteudo-multilingue#primaryimage"},"thumbnailUrl":"https:\/\/www.trustedtranslations.com\/wp-content\/uploads\/2022\/08\/TT_NEW_FB-1.png","description":"Um conte\u00fado multil\u00edngue \u00e9 fundamental para empresas que buscam expandir para mercados internacionais. A Trusted Translations \u00e9 especializada na gera\u00e7\u00e3o de conte\u00fado de alta qualidade que informa e envolve leitores em uma ampla variedade de idiomas.","breadcrumb":{"@id":"https:\/\/www.trustedtranslations.com\/pt-br\/servicos\/conteudo-multilingue#breadcrumb"},"inLanguage":"pt-BR","potentialAction":[{"@type":"ReadAction","target":["https:\/\/www.trustedtranslations.com\/pt-br\/servicos\/conteudo-multilingue"]}]},{"@type":"ImageObject","inLanguage":"pt-BR","@id":"https:\/\/www.trustedtranslations.com\/pt-br\/servicos\/conteudo-multilingue#primaryimage","url":"https:\/\/www.trustedtranslations.com\/wp-content\/uploads\/2022\/08\/TT_NEW_FB-1.png","contentUrl":"https:\/\/www.trustedtranslations.com\/wp-content\/uploads\/2022\/08\/TT_NEW_FB-1.png","caption":"TT NEW FB 1"},{"@type":"BreadcrumbList","@id":"https:\/\/www.trustedtranslations.com\/pt-br\/servicos\/conteudo-multilingue#breadcrumb","itemListElement":[{"@type":"ListItem","position":1,"name":"Home","item":"https:\/\/www.trustedtranslations.com\/pt-br"},{"@type":"ListItem","position":2,"name":"Servi\u00e7os","item":"https:\/\/www.trustedtranslations.com\/pt-br\/servicos"},{"@type":"ListItem","position":3,"name":"Conte\u00fado multil\u00edngue"}]},{"@type":"WebSite","@id":"https:\/\/www.trustedtranslations.com\/pt-br\/#website","url":"https:\/\/www.trustedtranslations.com\/pt-br\/","name":"Trusted Translations, Inc.","description":"Leader in translation and interpretation services.","publisher":{"@id":"https:\/\/www.trustedtranslations.com\/pt-br\/#organization"},"alternateName":"Trusted Translations","potentialAction":[{"@type":"SearchAction","target":{"@type":"EntryPoint","urlTemplate":"https:\/\/www.trustedtranslations.com\/pt-br\/?s={search_term_string}"},"query-input":{"@type":"PropertyValueSpecification","valueRequired":true,"valueName":"search_term_string"}}],"inLanguage":"pt-BR"},{"@type":"Organization","@id":"https:\/\/www.trustedtranslations.com\/pt-br\/#organization","name":"Trusted Translations","alternateName":"Trusted Translations, Inc.","url":"https:\/\/www.trustedtranslations.com\/pt-br\/","logo":{"@type":"ImageObject","inLanguage":"pt-BR","@id":"https:\/\/www.trustedtranslations.com\/pt-br\/#\/schema\/logo\/image\/","url":"https:\/\/static.trustedtranslations.com\/wp-content\/uploads\/2022\/01\/TT_logo_WSIColors-2.png","contentUrl":"https:\/\/static.trustedtranslations.com\/wp-content\/uploads\/2022\/01\/TT_logo_WSIColors-2.png","width":500,"height":196,"caption":"Trusted Translations"},"image":{"@id":"https:\/\/www.trustedtranslations.com\/pt-br\/#\/schema\/logo\/image\/"},"sameAs":["https:\/\/www.facebook.com\/Trusted.Translations","https:\/\/x.com\/TrustedT9ns","https:\/\/www.linkedin.com\/company\/trusted-translations"]}]}},"toolset-meta":{"dyk":{"mensaje-1":{"type":"textfield","raw":"76% of online shoppers look for products in their own language."},"mensaje-2":{"type":"textfield","raw":"Most consumers prefer to connect with brands in their native language ."},"mensaje-3":{"type":"textfield","raw":"More than half of all Google queries are in languages other than English."},"mensaje-4":{"type":"textfield","raw":"Multilingual SEO can help bring more traffic to your site."},"mensaje-5":{"type":"textfield","raw":""},"mensaje-6":{"type":"textfield","raw":""}},"single-page-template-fields":{"imgs-temp":{"type":"image","raw":["https:\/\/static.trustedtranslations.com\/wp-content\/uploads\/2024\/05\/Group-141.webp"],"repeatable":[{"raw":"https:\/\/static.trustedtranslations.com\/wp-content\/uploads\/2024\/05\/Group-141.webp"}]},"imgs-temp-cel":{"type":"image","raw":[""],"repeatable":[{"raw":""}]},"img-temp-one-cel":{"type":"image","raw":"https:\/\/static.trustedtranslations.com\/wp-content\/uploads\/2024\/05\/Group-1-2-1.webp","attachment_id":null},"quotes":{"type":"textarea","raw":"<h1 style=\"margin-bottom: 12px>Conte\u00fado multil\u00edngue<\/h1>O conte\u00fado multil\u00edngue \u00e9 fundamental para empresas que buscam expandir para mercados internacionais. Ao criar conte\u00fado feito sob medida para falantes de diferentes idiomas, sua empresa pode aumentar seu alcance, ganhar p\u00fablicos dedicados em todo o mundo e aumentar o tr\u00e1fego online e melhorar suas avalia\u00e7\u00f5es. N\u00e3o importa a complexidade, a Trusted Translations trabalhar\u00e1 com voc\u00ea para produzir conte\u00fado atraente e de alta qualidade, que informe e envolva os leitores em uma ampla variedade de idiomas.<div style=\"margin-top: 2.5vw;\"><a class=\"tt-btn-main-cta\" href=\"\/pt-br\/solicitud-orcamento\">SOLICITE UM OR\u00c7AMENTO GRATUITO<\/a><\/div>"},"text-1":{"type":"textarea","raw":"<h2 style=\"padding-bottom: 20px\">\u00a0Servi\u00e7os de tradu\u00e7\u00e3o de conte\u00fado multil\u00edngue<\/h2>A maioria dos falantes de diferentes idiomas navega na internet, faz compras e busca informa\u00e7\u00f5es exclusivamente em sua l\u00edngua nativa. Ao investir em conte\u00fado multil\u00edngue que fale diretamente com esses clientes, sua empresa largar\u00e1 na frente na busca por novos mercados cheios de clientes em potencial.\r\n\r\nUma estrat\u00e9gia de conte\u00fado multil\u00edngue permite que voc\u00ea v\u00e1 al\u00e9m da localiza\u00e7\u00e3o de seu material em outros idiomas, criando conte\u00fado original em v\u00e1rios idiomas. Em compara\u00e7\u00e3o com a tradu\u00e7\u00e3o de conte\u00fado pr\u00e9-existente, a cria\u00e7\u00e3o de conte\u00fado multil\u00edngue prioriza seu p\u00fablico-alvo desde o in\u00edcio. A Trusted Translations ajudar\u00e1 voc\u00ea a economizar tempo, energia e custos do processo de localiza\u00e7\u00e3o, al\u00e9m de garantir que seu conte\u00fado envie uma mensagem que atraia o p\u00fablico certo, da maneira certa e desde o in\u00edcio. \r\n<h2 style=\"padding-bottom: 20px\">Benef\u00edcios do conte\u00fado multil\u00edngue <\/h2>No ambiente online fren\u00e9tico de hoje, os consumidores processam milhares de informa\u00e7\u00f5es com poucos cliques na web. Diante disso, \u00e9 essencial ter um conte\u00fado que se destaque da enxurrada de generaliza\u00e7\u00f5es e an\u00fancios gen\u00e9ricos. \r\n\r\nConte\u00fado exclusivo e aut\u00eantico em v\u00e1rios idiomas \u00e9 crucial para criar confian\u00e7a e fidelidade do cliente entre os falantes nativos. Quanto mais f\u00e1cil for para os clientes entenderem, compartilharem e se conectarem a um conte\u00fado, mais organicamente a reputa\u00e7\u00e3o da sua marca nesse mercado ir\u00e1 crescer. \r\n\r\nO conte\u00fado multil\u00edngue tamb\u00e9m ajuda seu material a se destacar quando se trata de classifica\u00e7\u00f5es na web. Conte\u00fado de alto n\u00edvel \u00e9 cuidadosamente calibrado para frases e palavras-chave pesquisadas com frequ\u00eancia no idioma em quest\u00e3o, em vez de simplesmente traduzi-las de uma pe\u00e7a que n\u00e3o foi originalmente criada com esse idioma em mente. Como resultado, uma pe\u00e7a polida de conte\u00fado multil\u00edngue pode aumentar rapidamente o tr\u00e1fego para seu site e trazer uma classifica\u00e7\u00e3o mais alta nos motores de pesquisa."},"shortcode-map":{"type":"textfield","raw":""},"dyk-shortcode":{"type":"textfield","raw":"[elementor-template id=\"147273\"]"},"text-2":{"type":"textarea","raw":"<h2 style=\"padding-bottom: 20px\">Tipos de conte\u00fado multil\u00edngue <\/h2>O conte\u00fado multil\u00edngue pode assumir v\u00e1rias formas, incluindo reda\u00e7\u00e3o de conte\u00fado, reda\u00e7\u00e3o de c\u00f3pias, reda\u00e7\u00e3o criativa e transcria\u00e7\u00e3o. Muitas vezes, as empresas descobrem que uma combina\u00e7\u00e3o desses modos \u00e9 a melhor abordagem para atingir um p\u00fablico o mais amplo poss\u00edvel. Portanto, ao criar uma estrat\u00e9gia de conte\u00fado robusta, \u00e9 importante trabalhar com uma equipe equilibrada, que tenha flexibilidade para alternar entre essas formas com facilidade. \r\n<h2 style=\"padding-bottom: 20px\">Nossos servi\u00e7os<\/h2>A Trusted Translations oferece uma equipe de redatores de conte\u00fado multil\u00edngue testada e comprovada. Nossos redatores s\u00e3o bem versados em todos os diferentes modos de escrita necess\u00e1rios para criar conte\u00fado multil\u00edngue de primeira prateleira, desde reda\u00e7\u00e3o de conte\u00fado at\u00e9 c\u00f3pia e reda\u00e7\u00e3o criativa. Eles combinam recursos da reda\u00e7\u00e3o profissional com uma compreens\u00e3o de idiomas de n\u00edvel nativo, produzindo conte\u00fado natural e eficaz que \u00e9 respaldado pela experi\u00eancia do setor. \r\n\r\nTodo o trabalho de nossos redatores tamb\u00e9m passa por uma rigorosa etapa de edi\u00e7\u00e3o final para garantir produtos finais de alta qualidade. Priorizamos a precis\u00e3o, confidencialidade e autenticidade em nossos servi\u00e7os de conte\u00fado. Como parceiro confi\u00e1vel de mais de 5.000 clientes em todo o mundo, incluindo organiza\u00e7\u00f5es governamentais, empresas da Fortune 500, escrit\u00f3rios de advocacia e organiza\u00e7\u00f5es sem fins lucrativos, a Trusted Translations \u00e9 a solu\u00e7\u00e3o confi\u00e1vel e econ\u00f4mica para todas as suas necessidades de conte\u00fado multil\u00edngue."},"state":{"type":"textfield","raw":""},"city":{"type":"textarea","raw":[]}}},"_links":{"self":[{"href":"https:\/\/www.trustedtranslations.com\/pt-br\/wp-json\/wp\/v2\/pages\/161817","targetHints":{"allow":["GET"]}}],"collection":[{"href":"https:\/\/www.trustedtranslations.com\/pt-br\/wp-json\/wp\/v2\/pages"}],"about":[{"href":"https:\/\/www.trustedtranslations.com\/pt-br\/wp-json\/wp\/v2\/types\/page"}],"author":[{"embeddable":true,"href":"https:\/\/www.trustedtranslations.com\/pt-br\/wp-json\/wp\/v2\/users\/1"}],"replies":[{"embeddable":true,"href":"https:\/\/www.trustedtranslations.com\/pt-br\/wp-json\/wp\/v2\/comments?post=161817"}],"version-history":[{"count":0,"href":"https:\/\/www.trustedtranslations.com\/pt-br\/wp-json\/wp\/v2\/pages\/161817\/revisions"}],"up":[{"embeddable":true,"href":"https:\/\/www.trustedtranslations.com\/pt-br\/wp-json\/wp\/v2\/pages\/135075"}],"wp:featuredmedia":[{"embeddable":true,"href":"https:\/\/www.trustedtranslations.com\/pt-br\/wp-json\/wp\/v2\/media\/243691"}],"wp:attachment":[{"href":"https:\/\/www.trustedtranslations.com\/pt-br\/wp-json\/wp\/v2\/media?parent=161817"}],"curies":[{"name":"wp","href":"https:\/\/api.w.org\/{rel}","templated":true}]}}