{"id":161821,"date":"2022-10-18T01:22:54","date_gmt":"2022-10-18T01:22:54","guid":{"rendered":"https:\/\/www.trustedtranslations.com\/?page_id=161821"},"modified":"2024-09-09T14:56:14","modified_gmt":"2024-09-09T17:56:14","slug":"redacao-criativa","status":"publish","type":"page","link":"https:\/\/www.trustedtranslations.com\/pt-br\/servicos\/conteudo-multilingue\/redacao-criativa","title":{"rendered":"Reda\u00e7\u00e3o criativa"},"content":{"rendered":"","protected":false},"excerpt":{"rendered":"","protected":false},"author":1,"featured_media":223266,"parent":161817,"menu_order":0,"comment_status":"closed","ping_status":"closed","template":"","meta":{"site-sidebar-layout":"default","site-content-layout":"default","ast-site-content-layout":"default","site-content-style":"default","site-sidebar-style":"default","ast-global-header-display":"","ast-banner-title-visibility":"","ast-main-header-display":"","ast-hfb-above-header-display":"","ast-hfb-below-header-display":"","ast-hfb-mobile-header-display":"","site-post-title":"disabled","ast-breadcrumbs-content":"","ast-featured-img":"","footer-sml-layout":"","ast-disable-related-posts":"","theme-transparent-header-meta":"default","adv-header-id-meta":"","stick-header-meta":"","header-above-stick-meta":"","header-main-stick-meta":"","header-below-stick-meta":"","astra-migrate-meta-layouts":"set","ast-page-background-enabled":"default","ast-page-background-meta":{"desktop":{"background-color":"var(--ast-global-color-4)","background-image":"","background-repeat":"repeat","background-position":"center center","background-size":"auto","background-attachment":"scroll","background-type":"","background-media":"","overlay-type":"","overlay-color":"","overlay-opacity":"","overlay-gradient":""},"tablet":{"background-color":"","background-image":"","background-repeat":"repeat","background-position":"center center","background-size":"auto","background-attachment":"scroll","background-type":"","background-media":"","overlay-type":"","overlay-color":"","overlay-opacity":"","overlay-gradient":""},"mobile":{"background-color":"","background-image":"","background-repeat":"repeat","background-position":"center center","background-size":"auto","background-attachment":"scroll","background-type":"","background-media":"","overlay-type":"","overlay-color":"","overlay-opacity":"","overlay-gradient":""}},"ast-content-background-meta":{"desktop":{"background-color":"var(--ast-global-color-5)","background-image":"","background-repeat":"repeat","background-position":"center center","background-size":"auto","background-attachment":"scroll","background-type":"","background-media":"","overlay-type":"","overlay-color":"","overlay-opacity":"","overlay-gradient":""},"tablet":{"background-color":"var(--ast-global-color-5)","background-image":"","background-repeat":"repeat","background-position":"center center","background-size":"auto","background-attachment":"scroll","background-type":"","background-media":"","overlay-type":"","overlay-color":"","overlay-opacity":"","overlay-gradient":""},"mobile":{"background-color":"var(--ast-global-color-5)","background-image":"","background-repeat":"repeat","background-position":"center center","background-size":"auto","background-attachment":"scroll","background-type":"","background-media":"","overlay-type":"","overlay-color":"","overlay-opacity":"","overlay-gradient":""}},"footnotes":""},"class_list":["post-161821","page","type-page","status-publish","has-post-thumbnail","hentry"],"yoast_head":"<!-- This site is optimized with the Yoast SEO plugin v27.3 - https:\/\/yoast.com\/product\/yoast-seo-wordpress\/ -->\n<title>Reda\u00e7\u00e3o criativa multil\u00edngue - Trusted Translations, Inc.<\/title>\n<meta name=\"description\" content=\"Na Trusted Translations, nossos redatores especializados fornecem uma reda\u00e7\u00e3o criativa em v\u00e1rios g\u00eaneros e idiomas.\" \/>\n<meta name=\"robots\" content=\"index, follow, max-snippet:-1, max-image-preview:large, max-video-preview:-1\" \/>\n<link rel=\"canonical\" href=\"https:\/\/www.trustedtranslations.com\/pt-br\/servicos\/conteudo-multilingue\/redacao-criativa\" \/>\n<meta property=\"og:locale\" content=\"pt_BR\" \/>\n<meta property=\"og:type\" content=\"article\" \/>\n<meta property=\"og:title\" content=\"Reda\u00e7\u00e3o criativa multil\u00edngue - Trusted Translations, Inc.\" \/>\n<meta property=\"og:description\" content=\"Na Trusted Translations, nossos redatores especializados fornecem uma reda\u00e7\u00e3o criativa em v\u00e1rios g\u00eaneros e idiomas.\" \/>\n<meta property=\"og:url\" content=\"https:\/\/www.trustedtranslations.com\/pt-br\/servicos\/conteudo-multilingue\/redacao-criativa\" \/>\n<meta property=\"og:site_name\" content=\"Trusted Translations, Inc.\" \/>\n<meta property=\"article:publisher\" content=\"https:\/\/www.facebook.com\/Trusted.Translations\" \/>\n<meta property=\"article:modified_time\" content=\"2024-09-09T17:56:14+00:00\" \/>\n<meta property=\"og:image\" content=\"https:\/\/www.trustedtranslations.com\/wp-content\/uploads\/2022\/06\/tt-logo-2-1.webp\" \/>\n\t<meta property=\"og:image:width\" content=\"216\" \/>\n\t<meta property=\"og:image:height\" content=\"94\" \/>\n\t<meta property=\"og:image:type\" content=\"image\/webp\" \/>\n<meta name=\"twitter:card\" content=\"summary_large_image\" \/>\n<meta name=\"twitter:site\" content=\"@TrustedT9ns\" \/>\n<script type=\"application\/ld+json\" class=\"yoast-schema-graph\">{\"@context\":\"https:\\\/\\\/schema.org\",\"@graph\":[{\"@type\":\"WebPage\",\"@id\":\"https:\\\/\\\/www.trustedtranslations.com\\\/pt-br\\\/servicos\\\/conteudo-multilingue\\\/redacao-criativa\",\"url\":\"https:\\\/\\\/www.trustedtranslations.com\\\/pt-br\\\/servicos\\\/conteudo-multilingue\\\/redacao-criativa\",\"name\":\"Reda\u00e7\u00e3o criativa multil\u00edngue - Trusted Translations, Inc.\",\"isPartOf\":{\"@id\":\"https:\\\/\\\/www.trustedtranslations.com\\\/pt-br\\\/#website\"},\"primaryImageOfPage\":{\"@id\":\"https:\\\/\\\/www.trustedtranslations.com\\\/pt-br\\\/servicos\\\/conteudo-multilingue\\\/redacao-criativa#primaryimage\"},\"image\":{\"@id\":\"https:\\\/\\\/www.trustedtranslations.com\\\/pt-br\\\/servicos\\\/conteudo-multilingue\\\/redacao-criativa#primaryimage\"},\"thumbnailUrl\":\"\",\"description\":\"Na Trusted Translations, nossos redatores especializados fornecem uma reda\u00e7\u00e3o criativa em v\u00e1rios g\u00eaneros e idiomas.\",\"breadcrumb\":{\"@id\":\"https:\\\/\\\/www.trustedtranslations.com\\\/pt-br\\\/servicos\\\/conteudo-multilingue\\\/redacao-criativa#breadcrumb\"},\"inLanguage\":\"pt-BR\",\"potentialAction\":[{\"@type\":\"ReadAction\",\"target\":[\"https:\\\/\\\/www.trustedtranslations.com\\\/pt-br\\\/servicos\\\/conteudo-multilingue\\\/redacao-criativa\"]}]},{\"@type\":\"ImageObject\",\"inLanguage\":\"pt-BR\",\"@id\":\"https:\\\/\\\/www.trustedtranslations.com\\\/pt-br\\\/servicos\\\/conteudo-multilingue\\\/redacao-criativa#primaryimage\",\"url\":\"\",\"contentUrl\":\"\"},{\"@type\":\"BreadcrumbList\",\"@id\":\"https:\\\/\\\/www.trustedtranslations.com\\\/pt-br\\\/servicos\\\/conteudo-multilingue\\\/redacao-criativa#breadcrumb\",\"itemListElement\":[{\"@type\":\"ListItem\",\"position\":1,\"name\":\"Home\",\"item\":\"https:\\\/\\\/www.trustedtranslations.com\\\/pt-br\"},{\"@type\":\"ListItem\",\"position\":2,\"name\":\"Servi\u00e7os\",\"item\":\"https:\\\/\\\/www.trustedtranslations.com\\\/pt-br\\\/servicos\"},{\"@type\":\"ListItem\",\"position\":3,\"name\":\"Conte\u00fado multil\u00edngue\",\"item\":\"https:\\\/\\\/www.trustedtranslations.com\\\/pt-br\\\/servicos\\\/conteudo-multilingue\"},{\"@type\":\"ListItem\",\"position\":4,\"name\":\"Reda\u00e7\u00e3o criativa\"}]},{\"@type\":\"WebSite\",\"@id\":\"https:\\\/\\\/www.trustedtranslations.com\\\/pt-br\\\/#website\",\"url\":\"https:\\\/\\\/www.trustedtranslations.com\\\/pt-br\\\/\",\"name\":\"Trusted Translations, Inc.\",\"description\":\"Leader in translation and interpretation services.\",\"publisher\":{\"@id\":\"https:\\\/\\\/www.trustedtranslations.com\\\/pt-br\\\/#organization\"},\"alternateName\":\"Trusted Translations\",\"potentialAction\":[{\"@type\":\"SearchAction\",\"target\":{\"@type\":\"EntryPoint\",\"urlTemplate\":\"https:\\\/\\\/www.trustedtranslations.com\\\/pt-br\\\/?s={search_term_string}\"},\"query-input\":{\"@type\":\"PropertyValueSpecification\",\"valueRequired\":true,\"valueName\":\"search_term_string\"}}],\"inLanguage\":\"pt-BR\"},{\"@type\":\"Organization\",\"@id\":\"https:\\\/\\\/www.trustedtranslations.com\\\/pt-br\\\/#organization\",\"name\":\"Trusted Translations\",\"alternateName\":\"Trusted Translations, Inc.\",\"url\":\"https:\\\/\\\/www.trustedtranslations.com\\\/pt-br\\\/\",\"logo\":{\"@type\":\"ImageObject\",\"inLanguage\":\"pt-BR\",\"@id\":\"https:\\\/\\\/www.trustedtranslations.com\\\/pt-br\\\/#\\\/schema\\\/logo\\\/image\\\/\",\"url\":\"https:\\\/\\\/static.trustedtranslations.com\\\/wp-content\\\/uploads\\\/2022\\\/01\\\/TT_logo_WSIColors-2.png\",\"contentUrl\":\"https:\\\/\\\/static.trustedtranslations.com\\\/wp-content\\\/uploads\\\/2022\\\/01\\\/TT_logo_WSIColors-2.png\",\"width\":500,\"height\":196,\"caption\":\"Trusted Translations\"},\"image\":{\"@id\":\"https:\\\/\\\/www.trustedtranslations.com\\\/pt-br\\\/#\\\/schema\\\/logo\\\/image\\\/\"},\"sameAs\":[\"https:\\\/\\\/www.facebook.com\\\/Trusted.Translations\",\"https:\\\/\\\/x.com\\\/TrustedT9ns\",\"https:\\\/\\\/www.linkedin.com\\\/company\\\/trusted-translations\"]}]}<\/script>\n<!-- \/ Yoast SEO plugin. -->","yoast_head_json":{"title":"Reda\u00e7\u00e3o criativa multil\u00edngue - Trusted Translations, Inc.","description":"Na Trusted Translations, nossos redatores especializados fornecem uma reda\u00e7\u00e3o criativa em v\u00e1rios g\u00eaneros e idiomas.","robots":{"index":"index","follow":"follow","max-snippet":"max-snippet:-1","max-image-preview":"max-image-preview:large","max-video-preview":"max-video-preview:-1"},"canonical":"https:\/\/www.trustedtranslations.com\/pt-br\/servicos\/conteudo-multilingue\/redacao-criativa","og_locale":"pt_BR","og_type":"article","og_title":"Reda\u00e7\u00e3o criativa multil\u00edngue - Trusted Translations, Inc.","og_description":"Na Trusted Translations, nossos redatores especializados fornecem uma reda\u00e7\u00e3o criativa em v\u00e1rios g\u00eaneros e idiomas.","og_url":"https:\/\/www.trustedtranslations.com\/pt-br\/servicos\/conteudo-multilingue\/redacao-criativa","og_site_name":"Trusted Translations, Inc.","article_publisher":"https:\/\/www.facebook.com\/Trusted.Translations","article_modified_time":"2024-09-09T17:56:14+00:00","og_image":[{"width":216,"height":94,"url":"https:\/\/www.trustedtranslations.com\/wp-content\/uploads\/2022\/06\/tt-logo-2-1.webp","type":"image\/webp"}],"twitter_card":"summary_large_image","twitter_site":"@TrustedT9ns","schema":{"@context":"https:\/\/schema.org","@graph":[{"@type":"WebPage","@id":"https:\/\/www.trustedtranslations.com\/pt-br\/servicos\/conteudo-multilingue\/redacao-criativa","url":"https:\/\/www.trustedtranslations.com\/pt-br\/servicos\/conteudo-multilingue\/redacao-criativa","name":"Reda\u00e7\u00e3o criativa multil\u00edngue - Trusted Translations, Inc.","isPartOf":{"@id":"https:\/\/www.trustedtranslations.com\/pt-br\/#website"},"primaryImageOfPage":{"@id":"https:\/\/www.trustedtranslations.com\/pt-br\/servicos\/conteudo-multilingue\/redacao-criativa#primaryimage"},"image":{"@id":"https:\/\/www.trustedtranslations.com\/pt-br\/servicos\/conteudo-multilingue\/redacao-criativa#primaryimage"},"thumbnailUrl":"","description":"Na Trusted Translations, nossos redatores especializados fornecem uma reda\u00e7\u00e3o criativa em v\u00e1rios g\u00eaneros e idiomas.","breadcrumb":{"@id":"https:\/\/www.trustedtranslations.com\/pt-br\/servicos\/conteudo-multilingue\/redacao-criativa#breadcrumb"},"inLanguage":"pt-BR","potentialAction":[{"@type":"ReadAction","target":["https:\/\/www.trustedtranslations.com\/pt-br\/servicos\/conteudo-multilingue\/redacao-criativa"]}]},{"@type":"ImageObject","inLanguage":"pt-BR","@id":"https:\/\/www.trustedtranslations.com\/pt-br\/servicos\/conteudo-multilingue\/redacao-criativa#primaryimage","url":"","contentUrl":""},{"@type":"BreadcrumbList","@id":"https:\/\/www.trustedtranslations.com\/pt-br\/servicos\/conteudo-multilingue\/redacao-criativa#breadcrumb","itemListElement":[{"@type":"ListItem","position":1,"name":"Home","item":"https:\/\/www.trustedtranslations.com\/pt-br"},{"@type":"ListItem","position":2,"name":"Servi\u00e7os","item":"https:\/\/www.trustedtranslations.com\/pt-br\/servicos"},{"@type":"ListItem","position":3,"name":"Conte\u00fado multil\u00edngue","item":"https:\/\/www.trustedtranslations.com\/pt-br\/servicos\/conteudo-multilingue"},{"@type":"ListItem","position":4,"name":"Reda\u00e7\u00e3o criativa"}]},{"@type":"WebSite","@id":"https:\/\/www.trustedtranslations.com\/pt-br\/#website","url":"https:\/\/www.trustedtranslations.com\/pt-br\/","name":"Trusted Translations, Inc.","description":"Leader in translation and interpretation services.","publisher":{"@id":"https:\/\/www.trustedtranslations.com\/pt-br\/#organization"},"alternateName":"Trusted Translations","potentialAction":[{"@type":"SearchAction","target":{"@type":"EntryPoint","urlTemplate":"https:\/\/www.trustedtranslations.com\/pt-br\/?s={search_term_string}"},"query-input":{"@type":"PropertyValueSpecification","valueRequired":true,"valueName":"search_term_string"}}],"inLanguage":"pt-BR"},{"@type":"Organization","@id":"https:\/\/www.trustedtranslations.com\/pt-br\/#organization","name":"Trusted Translations","alternateName":"Trusted Translations, Inc.","url":"https:\/\/www.trustedtranslations.com\/pt-br\/","logo":{"@type":"ImageObject","inLanguage":"pt-BR","@id":"https:\/\/www.trustedtranslations.com\/pt-br\/#\/schema\/logo\/image\/","url":"https:\/\/static.trustedtranslations.com\/wp-content\/uploads\/2022\/01\/TT_logo_WSIColors-2.png","contentUrl":"https:\/\/static.trustedtranslations.com\/wp-content\/uploads\/2022\/01\/TT_logo_WSIColors-2.png","width":500,"height":196,"caption":"Trusted Translations"},"image":{"@id":"https:\/\/www.trustedtranslations.com\/pt-br\/#\/schema\/logo\/image\/"},"sameAs":["https:\/\/www.facebook.com\/Trusted.Translations","https:\/\/x.com\/TrustedT9ns","https:\/\/www.linkedin.com\/company\/trusted-translations"]}]}},"toolset-meta":{"dyk":{"mensaje-1":{"type":"textfield","raw":"As habilidades de reda\u00e7\u00e3o de roteiros s\u00e3o essenciais para um marketing de v\u00eddeo de sucesso."},"mensaje-2":{"type":"textfield","raw":"Mais da metade dos clientes t\u00eam maior probabilidade de comprar produtos com uma forte narrativa."},"mensaje-3":{"type":"textfield","raw":"Uma boa hist\u00f3ria de marca pode aumentar as taxas de convers\u00e3o de clientes em 30%."},"mensaje-4":{"type":"textfield","raw":"As pessoas t\u00eam cerca de 22 vezes mais chances de se lembrar de fatos baseados em hist\u00f3rias."},"mensaje-5":{"type":"textfield","raw":""},"mensaje-6":{"type":"textfield","raw":""}},"single-page-template-fields":{"imgs-temp":{"type":"image","raw":["https:\/\/static.trustedtranslations.com\/wp-content\/uploads\/2024\/07\/creative-writing-1.webp"],"repeatable":[{"raw":"https:\/\/static.trustedtranslations.com\/wp-content\/uploads\/2024\/07\/creative-writing-1.webp"}]},"imgs-temp-cel":{"type":"image","raw":[""],"repeatable":[{"raw":""}]},"img-temp-one-cel":{"type":"image","raw":"https:\/\/static.trustedtranslations.com\/wp-content\/uploads\/2024\/07\/contemplating-businesswoman-sitt.webp","attachment_id":null},"quotes":{"type":"textarea","raw":"<h1 style=\"margin-bottom: 12px;\">Reda\u00e7\u00e3o criativa multil\u00edngue<\/h1>\r\nA reda\u00e7\u00e3o criativa \u00e9 frequentemente considerada o auge da reda\u00e7\u00e3o, tanto em sua complexidade quanto em seu poder de cativar o p\u00fablico. Na <em>Trusted Translations<\/em>, nossos redatores especializados fornecem uma reda\u00e7\u00e3o criativa em v\u00e1rios g\u00eaneros e idiomas.\r\n<div style=\"margin-top: 2.5vw;\"><a class=\"tt-btn-main-cta\" href=\"https:\/\/www.trustedtranslations.com\/pt-br\/solicitud-orcamento\">Solicite um or\u00e7amento gratuito<\/a><\/div>"},"text-1":{"type":"textarea","raw":"<h2>Reda\u00e7\u00e3o que inspira e transporta<\/h2>\r\nRomances, ensaios persuasivos, pe\u00e7as teatrais, letras de m\u00fasicas \u2013 quase n\u00e3o h\u00e1 limite para as maneiras pelas quais a reda\u00e7\u00e3o criativa aparece em todo o mundo. Embora os trabalhos criativos, no geral, n\u00e3o busquem vender diretamente um produto, eles entret\u00eam e engajam os leitores com sua voz \u00fanica, personagens inesquec\u00edveis e perspectivas fascinantes.\r\n<h2>Como a reda\u00e7\u00e3o criativa \u00e9 valiosa para um neg\u00f3cio?<\/h2>\r\nFic\u00e7\u00e3o, n\u00e3o-fic\u00e7\u00e3o, poesia e dramaturgia tendem a ser os g\u00eaneros mais imediatos que v\u00eam \u00e0 mente em rela\u00e7\u00e3o a obras criativas. Nesse contexto, \u00e9 f\u00e1cil supor que h\u00e1 uma distin\u00e7\u00e3o entre esse tipo de reda\u00e7\u00e3o criativa e o mundo da reda\u00e7\u00e3o profissional, onde g\u00eaneros como conte\u00fado e reda\u00e7\u00e3o publicit\u00e1ria s\u00e3o mais familiares.\r\n\r\nNo entanto, a reda\u00e7\u00e3o criativa tamb\u00e9m abrange roteiros de cinema, televis\u00e3o, r\u00e1dio e podcast, jornalismo, livros de receitas, guias de viagem e muito mais. Dependendo dos servi\u00e7os e objetivos da sua organiza\u00e7\u00e3o, voc\u00ea pode encontrar a necessidade da reda\u00e7\u00e3o criativa em lugares inesperados.\u00a0Ao mesmo tempo, usar redatores criativos como parte de sua estrat\u00e9gia de conte\u00fado pode ajudar a diferenci\u00e1-lo de outras empresas.\r\n\r\nTamb\u00e9m \u00e9 importante n\u00e3o deixar de lado a variedade de maneiras pelas quais a reda\u00e7\u00e3o criativa e todas as outras esferas do mundo profissional interagem com frequ\u00eancia. De \u00f3rg\u00e3os do governo e organiza\u00e7\u00f5es sem fins lucrativos a jornais e meios de comunica\u00e7\u00e3o de renome global \u2013 ou mesmo apenas uma campanha de e-mail exclusiva, centrada em poemas semanais \u2013, os redatores criativos regularmente se envolvem e moldam todos os tipos de setores, discursos e mercados em todo o mundo."},"shortcode-map":{"type":"textfield","raw":""},"dyk-shortcode":{"type":"textfield","raw":"[elementor-template id=\"147273\"]"},"text-2":{"type":"textarea","raw":"<h2>Por que investir em reda\u00e7\u00e3o criativa multil\u00edngue?<\/h2>\r\nA reda\u00e7\u00e3o criativa \u00e9 uma forma de arte que combina express\u00f5es l\u00edricas, imagens v\u00edvidas, narrativas encantadoras e temas instigantes. Quer se concentrem na produ\u00e7\u00e3o de literatura, filmes, \u00e1udio ou outro g\u00eanero, os redatores criativos devem estar completamente imersos nas nuances de seus campos escolhidos. Para lidar com a complexidade do trabalho criativo, muitos redatores aprimoraram suas habilidades especializadas por meio de mestrados (MFAs), resid\u00eancias art\u00edsticas, workshops profissionais cont\u00ednuos e v\u00e1rias publica\u00e7\u00f5es, al\u00e9m de trabalhar em uma variedade de setores criativos.\r\n\r\nQuando se trata de uma estrat\u00e9gia de conte\u00fado multil\u00edngue, a facilidade necess\u00e1ria dos redatores criativos com o idioma, contexto e cultura os torna tamb\u00e9m colaboradores naturais para trabalhar em v\u00e1rios idiomas. Os melhores tradutores do mundo podem ser encontrados contribuindo para os resultados de alta qualidade das principais empresas com o mesmo conjunto de habilidades que usam para interpretar obras liter\u00e1rias vencedoras do Pr\u00eamio Nobel. Se o seu objetivo \u00e9 falar para novos mercados internacionais de uma forma que pare\u00e7a natural e inesquec\u00edvel \u2013 ao mesmo tempo sendo sens\u00edvel \u00e0s nuances e ao contexto \u2013 a reda\u00e7\u00e3o criativa oferece um bom caminho para capturar a aten\u00e7\u00e3o de novos leitores.\r\n\r\nComo a reda\u00e7\u00e3o criativa requer um n\u00edvel t\u00e3o alto de habilidade de reda\u00e7\u00e3o, originalidade e familiaridade com o g\u00eanero, procurar redatores especializados \u00e9 o \u00fanico caminho a percorrer, especialmente se voc\u00ea pretende expandir em v\u00e1rios idiomas. Entre em contato com a <em>Trusted Translations<\/em> hoje mesmo para discutir como nossa equipe pode atender \u00e0s suas necessidades de reda\u00e7\u00e3o criativa."},"state":{"type":"textfield","raw":""},"city":{"type":"textarea","raw":[]}}},"_links":{"self":[{"href":"https:\/\/www.trustedtranslations.com\/pt-br\/wp-json\/wp\/v2\/pages\/161821","targetHints":{"allow":["GET"]}}],"collection":[{"href":"https:\/\/www.trustedtranslations.com\/pt-br\/wp-json\/wp\/v2\/pages"}],"about":[{"href":"https:\/\/www.trustedtranslations.com\/pt-br\/wp-json\/wp\/v2\/types\/page"}],"author":[{"embeddable":true,"href":"https:\/\/www.trustedtranslations.com\/pt-br\/wp-json\/wp\/v2\/users\/1"}],"replies":[{"embeddable":true,"href":"https:\/\/www.trustedtranslations.com\/pt-br\/wp-json\/wp\/v2\/comments?post=161821"}],"version-history":[{"count":0,"href":"https:\/\/www.trustedtranslations.com\/pt-br\/wp-json\/wp\/v2\/pages\/161821\/revisions"}],"up":[{"embeddable":true,"href":"https:\/\/www.trustedtranslations.com\/pt-br\/wp-json\/wp\/v2\/pages\/161817"}],"wp:featuredmedia":[{"embeddable":true,"href":"https:\/\/www.trustedtranslations.com\/pt-br\/wp-json\/"}],"wp:attachment":[{"href":"https:\/\/www.trustedtranslations.com\/pt-br\/wp-json\/wp\/v2\/media?parent=161821"}],"curies":[{"name":"wp","href":"https:\/\/api.w.org\/{rel}","templated":true}]}}