{"id":161823,"date":"2022-10-18T01:23:16","date_gmt":"2022-10-18T01:23:16","guid":{"rendered":"https:\/\/www.trustedtranslations.com\/?page_id=161823"},"modified":"2024-09-09T17:34:01","modified_gmt":"2024-09-09T20:34:01","slug":"redacao-de-conteudo","status":"publish","type":"page","link":"https:\/\/www.trustedtranslations.com\/pt-br\/servicos\/conteudo-multilingue\/redacao-de-conteudo","title":{"rendered":"Reda\u00e7\u00e3o de conte\u00fado"},"content":{"rendered":"","protected":false},"excerpt":{"rendered":"","protected":false},"author":1,"featured_media":223266,"parent":161817,"menu_order":0,"comment_status":"closed","ping_status":"closed","template":"","meta":{"site-sidebar-layout":"default","site-content-layout":"default","ast-site-content-layout":"default","site-content-style":"default","site-sidebar-style":"default","ast-global-header-display":"","ast-banner-title-visibility":"","ast-main-header-display":"","ast-hfb-above-header-display":"","ast-hfb-below-header-display":"","ast-hfb-mobile-header-display":"","site-post-title":"disabled","ast-breadcrumbs-content":"","ast-featured-img":"","footer-sml-layout":"","theme-transparent-header-meta":"default","adv-header-id-meta":"","stick-header-meta":"","header-above-stick-meta":"","header-main-stick-meta":"","header-below-stick-meta":"","astra-migrate-meta-layouts":"set","ast-page-background-enabled":"default","ast-page-background-meta":{"desktop":{"background-color":"var(--ast-global-color-4)","background-image":"","background-repeat":"repeat","background-position":"center center","background-size":"auto","background-attachment":"scroll","background-type":"","background-media":"","overlay-type":"","overlay-color":"","overlay-opacity":"","overlay-gradient":""},"tablet":{"background-color":"","background-image":"","background-repeat":"repeat","background-position":"center center","background-size":"auto","background-attachment":"scroll","background-type":"","background-media":"","overlay-type":"","overlay-color":"","overlay-opacity":"","overlay-gradient":""},"mobile":{"background-color":"","background-image":"","background-repeat":"repeat","background-position":"center center","background-size":"auto","background-attachment":"scroll","background-type":"","background-media":"","overlay-type":"","overlay-color":"","overlay-opacity":"","overlay-gradient":""}},"ast-content-background-meta":{"desktop":{"background-color":"var(--ast-global-color-5)","background-image":"","background-repeat":"repeat","background-position":"center center","background-size":"auto","background-attachment":"scroll","background-type":"","background-media":"","overlay-type":"","overlay-color":"","overlay-opacity":"","overlay-gradient":""},"tablet":{"background-color":"var(--ast-global-color-5)","background-image":"","background-repeat":"repeat","background-position":"center center","background-size":"auto","background-attachment":"scroll","background-type":"","background-media":"","overlay-type":"","overlay-color":"","overlay-opacity":"","overlay-gradient":""},"mobile":{"background-color":"var(--ast-global-color-5)","background-image":"","background-repeat":"repeat","background-position":"center center","background-size":"auto","background-attachment":"scroll","background-type":"","background-media":"","overlay-type":"","overlay-color":"","overlay-opacity":"","overlay-gradient":""}},"footnotes":""},"class_list":["post-161823","page","type-page","status-publish","has-post-thumbnail","hentry"],"yoast_head":"<!-- This site is optimized with the Yoast SEO plugin v27.5 - https:\/\/yoast.com\/product\/yoast-seo-wordpress\/ -->\n<title>Reda\u00e7\u00e3o de conte\u00fado multil\u00edngue - Trusted Translations, Inc.<\/title>\n<meta name=\"description\" content=\"Os redatores da Trusted Translations produzir\u00e3o conte\u00fado de marketing que melhora o perfil da sua empresa e ajuda voc\u00ea a construir uma base de clientes duradoura.\" \/>\n<meta name=\"robots\" content=\"index, follow, max-snippet:-1, max-image-preview:large, max-video-preview:-1\" \/>\n<link rel=\"canonical\" href=\"https:\/\/www.trustedtranslations.com\/pt-br\/servicos\/conteudo-multilingue\/redacao-de-conteudo\" \/>\n<meta property=\"og:locale\" content=\"pt_BR\" \/>\n<meta property=\"og:type\" content=\"article\" \/>\n<meta property=\"og:title\" content=\"Reda\u00e7\u00e3o de conte\u00fado multil\u00edngue - Trusted Translations, Inc.\" \/>\n<meta property=\"og:description\" content=\"Os redatores da Trusted Translations produzir\u00e3o conte\u00fado de marketing que melhora o perfil da sua empresa e ajuda voc\u00ea a construir uma base de clientes duradoura.\" \/>\n<meta property=\"og:url\" content=\"https:\/\/www.trustedtranslations.com\/pt-br\/servicos\/conteudo-multilingue\/redacao-de-conteudo\" \/>\n<meta property=\"og:site_name\" content=\"Trusted Translations, Inc.\" \/>\n<meta property=\"article:publisher\" content=\"https:\/\/www.facebook.com\/Trusted.Translations\" \/>\n<meta property=\"article:modified_time\" content=\"2024-09-09T20:34:01+00:00\" \/>\n<meta property=\"og:image\" content=\"https:\/\/www.trustedtranslations.com\/wp-content\/uploads\/2022\/06\/tt-logo-2-1.webp\" \/>\n\t<meta property=\"og:image:width\" content=\"216\" \/>\n\t<meta property=\"og:image:height\" content=\"94\" \/>\n\t<meta property=\"og:image:type\" content=\"image\/webp\" \/>\n<meta name=\"twitter:card\" content=\"summary_large_image\" \/>\n<meta name=\"twitter:site\" content=\"@TrustedT9ns\" \/>\n<script type=\"application\/ld+json\" class=\"yoast-schema-graph\">{\"@context\":\"https:\\\/\\\/schema.org\",\"@graph\":[{\"@type\":\"WebPage\",\"@id\":\"https:\\\/\\\/www.trustedtranslations.com\\\/pt-br\\\/servicos\\\/conteudo-multilingue\\\/redacao-de-conteudo\",\"url\":\"https:\\\/\\\/www.trustedtranslations.com\\\/pt-br\\\/servicos\\\/conteudo-multilingue\\\/redacao-de-conteudo\",\"name\":\"Reda\u00e7\u00e3o de conte\u00fado multil\u00edngue - Trusted Translations, Inc.\",\"isPartOf\":{\"@id\":\"https:\\\/\\\/www.trustedtranslations.com\\\/pt-br\\\/#website\"},\"primaryImageOfPage\":{\"@id\":\"https:\\\/\\\/www.trustedtranslations.com\\\/pt-br\\\/servicos\\\/conteudo-multilingue\\\/redacao-de-conteudo#primaryimage\"},\"image\":{\"@id\":\"https:\\\/\\\/www.trustedtranslations.com\\\/pt-br\\\/servicos\\\/conteudo-multilingue\\\/redacao-de-conteudo#primaryimage\"},\"thumbnailUrl\":\"\",\"description\":\"Os redatores da Trusted Translations produzir\u00e3o conte\u00fado de marketing que melhora o perfil da sua empresa e ajuda voc\u00ea a construir uma base de clientes duradoura.\",\"breadcrumb\":{\"@id\":\"https:\\\/\\\/www.trustedtranslations.com\\\/pt-br\\\/servicos\\\/conteudo-multilingue\\\/redacao-de-conteudo#breadcrumb\"},\"inLanguage\":\"pt-BR\",\"potentialAction\":[{\"@type\":\"ReadAction\",\"target\":[\"https:\\\/\\\/www.trustedtranslations.com\\\/pt-br\\\/servicos\\\/conteudo-multilingue\\\/redacao-de-conteudo\"]}]},{\"@type\":\"ImageObject\",\"inLanguage\":\"pt-BR\",\"@id\":\"https:\\\/\\\/www.trustedtranslations.com\\\/pt-br\\\/servicos\\\/conteudo-multilingue\\\/redacao-de-conteudo#primaryimage\",\"url\":\"\",\"contentUrl\":\"\"},{\"@type\":\"BreadcrumbList\",\"@id\":\"https:\\\/\\\/www.trustedtranslations.com\\\/pt-br\\\/servicos\\\/conteudo-multilingue\\\/redacao-de-conteudo#breadcrumb\",\"itemListElement\":[{\"@type\":\"ListItem\",\"position\":1,\"name\":\"Home\",\"item\":\"https:\\\/\\\/www.trustedtranslations.com\\\/pt-br\"},{\"@type\":\"ListItem\",\"position\":2,\"name\":\"Servi\u00e7os\",\"item\":\"https:\\\/\\\/www.trustedtranslations.com\\\/pt-br\\\/servicos\"},{\"@type\":\"ListItem\",\"position\":3,\"name\":\"Conte\u00fado multil\u00edngue\",\"item\":\"https:\\\/\\\/www.trustedtranslations.com\\\/pt-br\\\/servicos\\\/conteudo-multilingue\"},{\"@type\":\"ListItem\",\"position\":4,\"name\":\"Reda\u00e7\u00e3o de conte\u00fado\"}]},{\"@type\":\"WebSite\",\"@id\":\"https:\\\/\\\/www.trustedtranslations.com\\\/pt-br\\\/#website\",\"url\":\"https:\\\/\\\/www.trustedtranslations.com\\\/pt-br\\\/\",\"name\":\"Trusted Translations, Inc.\",\"description\":\"Leader in translation and interpretation services.\",\"publisher\":{\"@id\":\"https:\\\/\\\/www.trustedtranslations.com\\\/pt-br\\\/#organization\"},\"alternateName\":\"Trusted Translations\",\"potentialAction\":[{\"@type\":\"SearchAction\",\"target\":{\"@type\":\"EntryPoint\",\"urlTemplate\":\"https:\\\/\\\/www.trustedtranslations.com\\\/pt-br\\\/?s={search_term_string}\"},\"query-input\":{\"@type\":\"PropertyValueSpecification\",\"valueRequired\":true,\"valueName\":\"search_term_string\"}}],\"inLanguage\":\"pt-BR\"},{\"@type\":\"Organization\",\"@id\":\"https:\\\/\\\/www.trustedtranslations.com\\\/pt-br\\\/#organization\",\"name\":\"Trusted Translations\",\"alternateName\":\"Trusted Translations, Inc.\",\"url\":\"https:\\\/\\\/www.trustedtranslations.com\\\/pt-br\\\/\",\"logo\":{\"@type\":\"ImageObject\",\"inLanguage\":\"pt-BR\",\"@id\":\"https:\\\/\\\/www.trustedtranslations.com\\\/pt-br\\\/#\\\/schema\\\/logo\\\/image\\\/\",\"url\":\"https:\\\/\\\/static.trustedtranslations.com\\\/wp-content\\\/uploads\\\/2022\\\/01\\\/TT_logo_WSIColors-2.png\",\"contentUrl\":\"https:\\\/\\\/static.trustedtranslations.com\\\/wp-content\\\/uploads\\\/2022\\\/01\\\/TT_logo_WSIColors-2.png\",\"width\":500,\"height\":196,\"caption\":\"Trusted Translations\"},\"image\":{\"@id\":\"https:\\\/\\\/www.trustedtranslations.com\\\/pt-br\\\/#\\\/schema\\\/logo\\\/image\\\/\"},\"sameAs\":[\"https:\\\/\\\/www.facebook.com\\\/Trusted.Translations\",\"https:\\\/\\\/x.com\\\/TrustedT9ns\",\"https:\\\/\\\/www.linkedin.com\\\/company\\\/trusted-translations\"]}]}<\/script>\n<!-- \/ Yoast SEO plugin. -->","yoast_head_json":{"title":"Reda\u00e7\u00e3o de conte\u00fado multil\u00edngue - Trusted Translations, Inc.","description":"Os redatores da Trusted Translations produzir\u00e3o conte\u00fado de marketing que melhora o perfil da sua empresa e ajuda voc\u00ea a construir uma base de clientes duradoura.","robots":{"index":"index","follow":"follow","max-snippet":"max-snippet:-1","max-image-preview":"max-image-preview:large","max-video-preview":"max-video-preview:-1"},"canonical":"https:\/\/www.trustedtranslations.com\/pt-br\/servicos\/conteudo-multilingue\/redacao-de-conteudo","og_locale":"pt_BR","og_type":"article","og_title":"Reda\u00e7\u00e3o de conte\u00fado multil\u00edngue - Trusted Translations, Inc.","og_description":"Os redatores da Trusted Translations produzir\u00e3o conte\u00fado de marketing que melhora o perfil da sua empresa e ajuda voc\u00ea a construir uma base de clientes duradoura.","og_url":"https:\/\/www.trustedtranslations.com\/pt-br\/servicos\/conteudo-multilingue\/redacao-de-conteudo","og_site_name":"Trusted Translations, Inc.","article_publisher":"https:\/\/www.facebook.com\/Trusted.Translations","article_modified_time":"2024-09-09T20:34:01+00:00","og_image":[{"width":216,"height":94,"url":"https:\/\/www.trustedtranslations.com\/wp-content\/uploads\/2022\/06\/tt-logo-2-1.webp","type":"image\/webp"}],"twitter_card":"summary_large_image","twitter_site":"@TrustedT9ns","schema":{"@context":"https:\/\/schema.org","@graph":[{"@type":"WebPage","@id":"https:\/\/www.trustedtranslations.com\/pt-br\/servicos\/conteudo-multilingue\/redacao-de-conteudo","url":"https:\/\/www.trustedtranslations.com\/pt-br\/servicos\/conteudo-multilingue\/redacao-de-conteudo","name":"Reda\u00e7\u00e3o de conte\u00fado multil\u00edngue - Trusted Translations, Inc.","isPartOf":{"@id":"https:\/\/www.trustedtranslations.com\/pt-br\/#website"},"primaryImageOfPage":{"@id":"https:\/\/www.trustedtranslations.com\/pt-br\/servicos\/conteudo-multilingue\/redacao-de-conteudo#primaryimage"},"image":{"@id":"https:\/\/www.trustedtranslations.com\/pt-br\/servicos\/conteudo-multilingue\/redacao-de-conteudo#primaryimage"},"thumbnailUrl":"","description":"Os redatores da Trusted Translations produzir\u00e3o conte\u00fado de marketing que melhora o perfil da sua empresa e ajuda voc\u00ea a construir uma base de clientes duradoura.","breadcrumb":{"@id":"https:\/\/www.trustedtranslations.com\/pt-br\/servicos\/conteudo-multilingue\/redacao-de-conteudo#breadcrumb"},"inLanguage":"pt-BR","potentialAction":[{"@type":"ReadAction","target":["https:\/\/www.trustedtranslations.com\/pt-br\/servicos\/conteudo-multilingue\/redacao-de-conteudo"]}]},{"@type":"ImageObject","inLanguage":"pt-BR","@id":"https:\/\/www.trustedtranslations.com\/pt-br\/servicos\/conteudo-multilingue\/redacao-de-conteudo#primaryimage","url":"","contentUrl":""},{"@type":"BreadcrumbList","@id":"https:\/\/www.trustedtranslations.com\/pt-br\/servicos\/conteudo-multilingue\/redacao-de-conteudo#breadcrumb","itemListElement":[{"@type":"ListItem","position":1,"name":"Home","item":"https:\/\/www.trustedtranslations.com\/pt-br"},{"@type":"ListItem","position":2,"name":"Servi\u00e7os","item":"https:\/\/www.trustedtranslations.com\/pt-br\/servicos"},{"@type":"ListItem","position":3,"name":"Conte\u00fado multil\u00edngue","item":"https:\/\/www.trustedtranslations.com\/pt-br\/servicos\/conteudo-multilingue"},{"@type":"ListItem","position":4,"name":"Reda\u00e7\u00e3o de conte\u00fado"}]},{"@type":"WebSite","@id":"https:\/\/www.trustedtranslations.com\/pt-br\/#website","url":"https:\/\/www.trustedtranslations.com\/pt-br\/","name":"Trusted Translations, Inc.","description":"Leader in translation and interpretation services.","publisher":{"@id":"https:\/\/www.trustedtranslations.com\/pt-br\/#organization"},"alternateName":"Trusted Translations","potentialAction":[{"@type":"SearchAction","target":{"@type":"EntryPoint","urlTemplate":"https:\/\/www.trustedtranslations.com\/pt-br\/?s={search_term_string}"},"query-input":{"@type":"PropertyValueSpecification","valueRequired":true,"valueName":"search_term_string"}}],"inLanguage":"pt-BR"},{"@type":"Organization","@id":"https:\/\/www.trustedtranslations.com\/pt-br\/#organization","name":"Trusted Translations","alternateName":"Trusted Translations, Inc.","url":"https:\/\/www.trustedtranslations.com\/pt-br\/","logo":{"@type":"ImageObject","inLanguage":"pt-BR","@id":"https:\/\/www.trustedtranslations.com\/pt-br\/#\/schema\/logo\/image\/","url":"https:\/\/static.trustedtranslations.com\/wp-content\/uploads\/2022\/01\/TT_logo_WSIColors-2.png","contentUrl":"https:\/\/static.trustedtranslations.com\/wp-content\/uploads\/2022\/01\/TT_logo_WSIColors-2.png","width":500,"height":196,"caption":"Trusted Translations"},"image":{"@id":"https:\/\/www.trustedtranslations.com\/pt-br\/#\/schema\/logo\/image\/"},"sameAs":["https:\/\/www.facebook.com\/Trusted.Translations","https:\/\/x.com\/TrustedT9ns","https:\/\/www.linkedin.com\/company\/trusted-translations"]}]}},"toolset-meta":{"dyk":{"mensaje-1":{"type":"textfield","raw":"Os profissionais de marketing que priorizam os blogs t\u00eam maior probabilidade de ter um ROI positivo."},"mensaje-2":{"type":"textfield","raw":"Uma reda\u00e7\u00e3o de conte\u00fado de qualidade \u00e9 um fator importante na constru\u00e7\u00e3o da credibilidade da marca."},"mensaje-3":{"type":"textfield","raw":"72% dos profissionais de marketing acreditam que a cria\u00e7\u00e3o de conte\u00fado aumenta o envolvimento do cliente."},"mensaje-4":{"type":"textfield","raw":"Mais de 75% dos usu\u00e1rios da internet leem regularmente conte\u00fados de blogs."},"mensaje-5":{"type":"textfield","raw":""},"mensaje-6":{"type":"textfield","raw":""}},"single-page-template-fields":{"imgs-temp":{"type":"image","raw":["https:\/\/static.trustedtranslations.com\/wp-content\/uploads\/2024\/07\/content-writing-1.webp"],"repeatable":[{"raw":"https:\/\/static.trustedtranslations.com\/wp-content\/uploads\/2024\/07\/content-writing-1.webp"}]},"imgs-temp-cel":{"type":"image","raw":[""],"repeatable":[{"raw":""}]},"img-temp-one-cel":{"type":"image","raw":"https:\/\/static.trustedtranslations.com\/wp-content\/uploads\/2024\/07\/medium-shot-woman-with-laptop-wr.webp","attachment_id":null},"quotes":{"type":"textarea","raw":"<h1 style=\"margin-bottom: 12px;\">Reda\u00e7\u00e3o de conte\u00fado multil\u00edngue<\/h1>\r\nUma estrat\u00e9gia de conte\u00fado multil\u00edngue requer um conte\u00fado excelente. De blogs e reportagens a artigos t\u00e9cnicos e e-books, os redatores da <em>Trusted Translations<\/em> produzir\u00e3o conte\u00fado de marketing que melhora o perfil da sua empresa e ajuda voc\u00ea a construir uma base de clientes duradoura.\r\n<div style=\"margin-top: 2.5vw;\"><a class=\"tt-btn-main-cta\" href=\"https:\/\/www.trustedtranslations.com\/pt-br\/solicitud-orcamento\">Solicite um or\u00e7amento gratuito<\/a><\/div>"},"text-1":{"type":"textarea","raw":"<h2>Conte\u00fado informativo e envolvente<\/h2>\r\nA reda\u00e7\u00e3o de conte\u00fado \u00e9 a base de qualquer estrat\u00e9gia de marketing de longo prazo. Com o objetivo de informar, entreter e envolver os leitores, a reda\u00e7\u00e3o de conte\u00fado ajuda a gerar leads org\u00e2nicos, aumentar o engajamento e a fidelidade \u00e0 marca e estabelecer a autoridade da sua empresa em um t\u00f3pico espec\u00edfico ou em um determinado setor.\r\n\r\nEmbora as postagens em blogs sejam uma das formas mais conhecidas de reda\u00e7\u00e3o de conte\u00fado, o conte\u00fado abrange uma ampla variedade de formatos, incluindo reportagens, artigos t\u00e9cnicos, e-books, postagens de conte\u00fado integral em m\u00eddias sociais, newsletters, estudos de caso e muito mais. Um portf\u00f3lio diversificado de tipos de conte\u00fado oferece maneiras exclusivas de se conectar com clientes em potencial por meio de cada texto individual.\r\n<h2>Como a reda\u00e7\u00e3o de conte\u00fado multil\u00edngue pode ajudar seu neg\u00f3cio?<\/h2>\r\nGradativamente, a reda\u00e7\u00e3o de conte\u00fado cria uma conex\u00e3o duradoura, gera fidelidade do cliente e ajuda a criar a voz original da sua organiza\u00e7\u00e3o. Portanto, a reda\u00e7\u00e3o de conte\u00fado \u00e9 a abordagem perfeita para conquistar clientes que preferem conhecer uma empresa de perto antes de investir tempo e dinheiro. Artigos bem informados, relatos cativantes e publica\u00e7\u00f5es em blogs com autoridade podem parecer mais genu\u00ednos do que uma venda r\u00e1pida e impessoal; esse tipo de conte\u00fado satisfaz o desejo dos leitores de fazer sua pr\u00f3pria pesquisa e pesar suas op\u00e7\u00f5es antes de fazer uma compra.\r\n\r\nA reda\u00e7\u00e3o de conte\u00fado tamb\u00e9m oferece uma fonte inestim\u00e1vel de conte\u00fado utiliz\u00e1vel para o seu neg\u00f3cio, que pode ser usado de v\u00e1rias maneiras criativas por todo o seu marketing. Por exemplo, muitas organiza\u00e7\u00f5es usam seus sites para oferecer um conte\u00fado gratuito \u2013 como um artigo t\u00e9cnico, um e-book ou um estudo de caso \u2013 que os visitantes podem acessar inscrevendo-se em uma lista de e-mails. Outras empresas podem reaproveitar cita\u00e7\u00f5es e trechos de suas postagens em blogs para campanhas nas m\u00eddias sociais. Enquanto isso, as equipes de design gr\u00e1fico podem transformar seu conte\u00fado em um v\u00eddeo, infogr\u00e1fico ou outro apoio visual atraente. Em outras palavras, uma \u00fanica pe\u00e7a de reda\u00e7\u00e3o de conte\u00fado pode produzir um valor significativo bem ap\u00f3s sua primeira publica\u00e7\u00e3o."},"shortcode-map":{"type":"textfield","raw":""},"dyk-shortcode":{"type":"textfield","raw":"[elementor-template id=\"147273\"]"},"text-2":{"type":"textarea","raw":"<h2>Conte\u00fado de otimiza\u00e7\u00e3o de SEO<\/h2>\r\nO conte\u00fado elaborado com habilidade tamb\u00e9m usar\u00e1 a Otimiza\u00e7\u00e3o de motores de busca (SEO) para melhorar as classifica\u00e7\u00f5es da sua organiza\u00e7\u00e3o nos mecanismos de pesquisa online. A reda\u00e7\u00e3o de conte\u00fado \u00e9, portanto, uma maneira econ\u00f4mica de criar conversas sobre seus produtos ou servi\u00e7os. Quanto mais um conte\u00fado for visualizado e compartilhado, mais marketing org\u00e2nico e gratuito voc\u00ea ganhar\u00e1 com o boca-a-boca digital \u2013 seu conte\u00fado pode at\u00e9 viralizar. Dado o imenso alcance e a ampla popularidade das m\u00eddias sociais em todo o mundo, essa \u00e9 uma maneira cr\u00edtica de se destacar da multid\u00e3o.\r\n<h2>Estrat\u00e9gia multil\u00edngue<\/h2>\r\nAo buscar entrar em novos mercados em novos idiomas, \u00e9 ainda mais importante ter conte\u00fado que fale com precis\u00e3o e originalidade com esses novos p\u00fablicos.\u00a0Como a competitividade do mercado global s\u00f3 aumenta ano a ano, uma s\u00f3lida estrat\u00e9gia de conte\u00fado multil\u00edngue \u00e9 a chave para o sucesso sustent\u00e1vel.\r\n\r\nA equipe da <em>Trusted Translations<\/em> oferece conte\u00fado de alta qualidade em todo o espectro de tipos de conte\u00fado, combinado com conhecimento espec\u00edfico do setor e habilidades lingu\u00edsticas excepcionais. Entre em contato conosco para saber mais sobre nossas solu\u00e7\u00f5es para suas necessidades de conte\u00fado multil\u00edngue."},"state":{"type":"textfield","raw":""},"city":{"type":"textarea","raw":[]}}},"_links":{"self":[{"href":"https:\/\/www.trustedtranslations.com\/pt-br\/wp-json\/wp\/v2\/pages\/161823","targetHints":{"allow":["GET"]}}],"collection":[{"href":"https:\/\/www.trustedtranslations.com\/pt-br\/wp-json\/wp\/v2\/pages"}],"about":[{"href":"https:\/\/www.trustedtranslations.com\/pt-br\/wp-json\/wp\/v2\/types\/page"}],"author":[{"embeddable":true,"href":"https:\/\/www.trustedtranslations.com\/pt-br\/wp-json\/wp\/v2\/users\/1"}],"replies":[{"embeddable":true,"href":"https:\/\/www.trustedtranslations.com\/pt-br\/wp-json\/wp\/v2\/comments?post=161823"}],"version-history":[{"count":0,"href":"https:\/\/www.trustedtranslations.com\/pt-br\/wp-json\/wp\/v2\/pages\/161823\/revisions"}],"up":[{"embeddable":true,"href":"https:\/\/www.trustedtranslations.com\/pt-br\/wp-json\/wp\/v2\/pages\/161817"}],"wp:featuredmedia":[{"embeddable":true,"href":"https:\/\/www.trustedtranslations.com\/pt-br\/wp-json\/"}],"wp:attachment":[{"href":"https:\/\/www.trustedtranslations.com\/pt-br\/wp-json\/wp\/v2\/media?parent=161823"}],"curies":[{"name":"wp","href":"https:\/\/api.w.org\/{rel}","templated":true}]}}