{"id":181477,"date":"2023-02-01T19:52:05","date_gmt":"2023-02-01T22:52:05","guid":{"rendered":"https:\/\/www.trustedtranslations.com\/?page_id=181477"},"modified":"2024-09-06T14:18:27","modified_gmt":"2024-09-06T17:18:27","slug":"servicos-de-traducao-do-espanhol","status":"publish","type":"page","link":"https:\/\/www.trustedtranslations.com\/pt-br\/idioma\/espanhol\/servicos-de-traducao-do-espanhol","title":{"rendered":"Servi\u00e7os de tradu\u00e7\u00e3o do espanhol"},"content":{"rendered":"","protected":false},"excerpt":{"rendered":"","protected":false},"author":1,"featured_media":160117,"parent":135047,"menu_order":0,"comment_status":"closed","ping_status":"closed","template":"","meta":{"site-sidebar-layout":"default","site-content-layout":"default","ast-site-content-layout":"default","site-content-style":"default","site-sidebar-style":"default","ast-global-header-display":"","ast-banner-title-visibility":"","ast-main-header-display":"","ast-hfb-above-header-display":"","ast-hfb-below-header-display":"","ast-hfb-mobile-header-display":"","site-post-title":"disabled","ast-breadcrumbs-content":"","ast-featured-img":"","footer-sml-layout":"","ast-disable-related-posts":"","theme-transparent-header-meta":"default","adv-header-id-meta":"","stick-header-meta":"","header-above-stick-meta":"","header-main-stick-meta":"","header-below-stick-meta":"","astra-migrate-meta-layouts":"set","ast-page-background-enabled":"default","ast-page-background-meta":{"desktop":{"background-color":"var(--ast-global-color-4)","background-image":"","background-repeat":"repeat","background-position":"center center","background-size":"auto","background-attachment":"scroll","background-type":"","background-media":"","overlay-type":"","overlay-color":"","overlay-opacity":"","overlay-gradient":""},"tablet":{"background-color":"","background-image":"","background-repeat":"repeat","background-position":"center center","background-size":"auto","background-attachment":"scroll","background-type":"","background-media":"","overlay-type":"","overlay-color":"","overlay-opacity":"","overlay-gradient":""},"mobile":{"background-color":"","background-image":"","background-repeat":"repeat","background-position":"center center","background-size":"auto","background-attachment":"scroll","background-type":"","background-media":"","overlay-type":"","overlay-color":"","overlay-opacity":"","overlay-gradient":""}},"ast-content-background-meta":{"desktop":{"background-color":"var(--ast-global-color-5)","background-image":"","background-repeat":"repeat","background-position":"center center","background-size":"auto","background-attachment":"scroll","background-type":"","background-media":"","overlay-type":"","overlay-color":"","overlay-opacity":"","overlay-gradient":""},"tablet":{"background-color":"var(--ast-global-color-5)","background-image":"","background-repeat":"repeat","background-position":"center center","background-size":"auto","background-attachment":"scroll","background-type":"","background-media":"","overlay-type":"","overlay-color":"","overlay-opacity":"","overlay-gradient":""},"mobile":{"background-color":"var(--ast-global-color-5)","background-image":"","background-repeat":"repeat","background-position":"center center","background-size":"auto","background-attachment":"scroll","background-type":"","background-media":"","overlay-type":"","overlay-color":"","overlay-opacity":"","overlay-gradient":""}},"footnotes":""},"class_list":["post-181477","page","type-page","status-publish","has-post-thumbnail","hentry"],"yoast_head":"<!-- This site is optimized with the Yoast SEO plugin v27.6 - https:\/\/yoast.com\/product\/yoast-seo-wordpress\/ -->\n<title>Servi\u00e7os de tradu\u00e7\u00e3o do espanhol - Trusted Translations, Inc.<\/title>\n<meta name=\"description\" content=\"Oferecemos servi\u00e7os de tradu\u00e7\u00e3o profissional do espanhol da mais alta qualidade e com os melhores pre\u00e7os. Clique aqui para solicitar um or\u00e7amento gratuito.\" \/>\n<meta name=\"robots\" content=\"index, follow, max-snippet:-1, max-image-preview:large, max-video-preview:-1\" \/>\n<link rel=\"canonical\" href=\"https:\/\/www.trustedtranslations.com\/pt-br\/idioma\/espanhol\/servicos-de-traducao-do-espanhol\" \/>\n<meta property=\"og:locale\" content=\"pt_BR\" \/>\n<meta property=\"og:type\" content=\"article\" \/>\n<meta property=\"og:title\" content=\"Servi\u00e7os de tradu\u00e7\u00e3o do espanhol - Trusted Translations, Inc.\" \/>\n<meta property=\"og:description\" content=\"Oferecemos servi\u00e7os de tradu\u00e7\u00e3o profissional do espanhol da mais alta qualidade e com os melhores pre\u00e7os. Clique aqui para solicitar um or\u00e7amento gratuito.\" \/>\n<meta property=\"og:url\" content=\"https:\/\/www.trustedtranslations.com\/pt-br\/idioma\/espanhol\/servicos-de-traducao-do-espanhol\" \/>\n<meta property=\"og:site_name\" content=\"Trusted Translations, Inc.\" \/>\n<meta property=\"article:publisher\" content=\"https:\/\/www.facebook.com\/Trusted.Translations\" \/>\n<meta property=\"article:modified_time\" content=\"2024-09-06T17:18:27+00:00\" \/>\n<meta property=\"og:image\" content=\"https:\/\/static.trustedtranslations.com\/wp-content\/uploads\/2022\/08\/TT_NEW_FB-1.png\" \/>\n\t<meta property=\"og:image:width\" content=\"1\" \/>\n\t<meta property=\"og:image:height\" content=\"1\" \/>\n\t<meta property=\"og:image:type\" content=\"image\/jpeg\" \/>\n<meta name=\"twitter:card\" content=\"summary_large_image\" \/>\n<meta name=\"twitter:site\" content=\"@TrustedT9ns\" \/>\n<script type=\"application\/ld+json\" class=\"yoast-schema-graph\">{\"@context\":\"https:\\\/\\\/schema.org\",\"@graph\":[{\"@type\":\"WebPage\",\"@id\":\"https:\\\/\\\/www.trustedtranslations.com\\\/pt-br\\\/idioma\\\/espanhol\\\/servicos-de-traducao-do-espanhol\",\"url\":\"https:\\\/\\\/www.trustedtranslations.com\\\/pt-br\\\/idioma\\\/espanhol\\\/servicos-de-traducao-do-espanhol\",\"name\":\"Servi\u00e7os de tradu\u00e7\u00e3o do espanhol - Trusted Translations, Inc.\",\"isPartOf\":{\"@id\":\"https:\\\/\\\/www.trustedtranslations.com\\\/pt-br\\\/#website\"},\"primaryImageOfPage\":{\"@id\":\"https:\\\/\\\/www.trustedtranslations.com\\\/pt-br\\\/idioma\\\/espanhol\\\/servicos-de-traducao-do-espanhol#primaryimage\"},\"image\":{\"@id\":\"https:\\\/\\\/www.trustedtranslations.com\\\/pt-br\\\/idioma\\\/espanhol\\\/servicos-de-traducao-do-espanhol#primaryimage\"},\"thumbnailUrl\":\"https:\\\/\\\/www.trustedtranslations.com\\\/wp-content\\\/uploads\\\/2022\\\/08\\\/TT_NEW_FB-1.png\",\"description\":\"Oferecemos servi\u00e7os de tradu\u00e7\u00e3o profissional do espanhol da mais alta qualidade e com os melhores pre\u00e7os. Clique aqui para solicitar um or\u00e7amento gratuito.\",\"breadcrumb\":{\"@id\":\"https:\\\/\\\/www.trustedtranslations.com\\\/pt-br\\\/idioma\\\/espanhol\\\/servicos-de-traducao-do-espanhol#breadcrumb\"},\"inLanguage\":\"pt-BR\",\"potentialAction\":[{\"@type\":\"ReadAction\",\"target\":[\"https:\\\/\\\/www.trustedtranslations.com\\\/pt-br\\\/idioma\\\/espanhol\\\/servicos-de-traducao-do-espanhol\"]}]},{\"@type\":\"ImageObject\",\"inLanguage\":\"pt-BR\",\"@id\":\"https:\\\/\\\/www.trustedtranslations.com\\\/pt-br\\\/idioma\\\/espanhol\\\/servicos-de-traducao-do-espanhol#primaryimage\",\"url\":\"https:\\\/\\\/www.trustedtranslations.com\\\/wp-content\\\/uploads\\\/2022\\\/08\\\/TT_NEW_FB-1.png\",\"contentUrl\":\"https:\\\/\\\/www.trustedtranslations.com\\\/wp-content\\\/uploads\\\/2022\\\/08\\\/TT_NEW_FB-1.png\",\"caption\":\"TT NEW FB 1\"},{\"@type\":\"BreadcrumbList\",\"@id\":\"https:\\\/\\\/www.trustedtranslations.com\\\/pt-br\\\/idioma\\\/espanhol\\\/servicos-de-traducao-do-espanhol#breadcrumb\",\"itemListElement\":[{\"@type\":\"ListItem\",\"position\":1,\"name\":\"Home\",\"item\":\"https:\\\/\\\/www.trustedtranslations.com\\\/pt-br\"},{\"@type\":\"ListItem\",\"position\":2,\"name\":\"Idiomas\",\"item\":\"https:\\\/\\\/www.trustedtranslations.com\\\/pt-br\\\/idioma\"},{\"@type\":\"ListItem\",\"position\":3,\"name\":\"Espanhol\",\"item\":\"https:\\\/\\\/www.trustedtranslations.com\\\/pt-br\\\/idioma\\\/espanhol\"},{\"@type\":\"ListItem\",\"position\":4,\"name\":\"Servi\u00e7os de tradu\u00e7\u00e3o do espanhol\"}]},{\"@type\":\"WebSite\",\"@id\":\"https:\\\/\\\/www.trustedtranslations.com\\\/pt-br\\\/#website\",\"url\":\"https:\\\/\\\/www.trustedtranslations.com\\\/pt-br\\\/\",\"name\":\"Trusted Translations, Inc.\",\"description\":\"Leader in translation and interpretation services.\",\"publisher\":{\"@id\":\"https:\\\/\\\/www.trustedtranslations.com\\\/pt-br\\\/#organization\"},\"alternateName\":\"Trusted Translations\",\"potentialAction\":[{\"@type\":\"SearchAction\",\"target\":{\"@type\":\"EntryPoint\",\"urlTemplate\":\"https:\\\/\\\/www.trustedtranslations.com\\\/pt-br\\\/?s={search_term_string}\"},\"query-input\":{\"@type\":\"PropertyValueSpecification\",\"valueRequired\":true,\"valueName\":\"search_term_string\"}}],\"inLanguage\":\"pt-BR\"},{\"@type\":\"Organization\",\"@id\":\"https:\\\/\\\/www.trustedtranslations.com\\\/pt-br\\\/#organization\",\"name\":\"Trusted Translations\",\"alternateName\":\"Trusted Translations, Inc.\",\"url\":\"https:\\\/\\\/www.trustedtranslations.com\\\/pt-br\\\/\",\"logo\":{\"@type\":\"ImageObject\",\"inLanguage\":\"pt-BR\",\"@id\":\"https:\\\/\\\/www.trustedtranslations.com\\\/pt-br\\\/#\\\/schema\\\/logo\\\/image\\\/\",\"url\":\"https:\\\/\\\/static.trustedtranslations.com\\\/wp-content\\\/uploads\\\/2022\\\/01\\\/TT_logo_WSIColors-2.png\",\"contentUrl\":\"https:\\\/\\\/static.trustedtranslations.com\\\/wp-content\\\/uploads\\\/2022\\\/01\\\/TT_logo_WSIColors-2.png\",\"width\":500,\"height\":196,\"caption\":\"Trusted Translations\"},\"image\":{\"@id\":\"https:\\\/\\\/www.trustedtranslations.com\\\/pt-br\\\/#\\\/schema\\\/logo\\\/image\\\/\"},\"sameAs\":[\"https:\\\/\\\/www.facebook.com\\\/Trusted.Translations\",\"https:\\\/\\\/x.com\\\/TrustedT9ns\",\"https:\\\/\\\/www.linkedin.com\\\/company\\\/trusted-translations\"]}]}<\/script>\n<!-- \/ Yoast SEO plugin. -->","yoast_head_json":{"title":"Servi\u00e7os de tradu\u00e7\u00e3o do espanhol - Trusted Translations, Inc.","description":"Oferecemos servi\u00e7os de tradu\u00e7\u00e3o profissional do espanhol da mais alta qualidade e com os melhores pre\u00e7os. Clique aqui para solicitar um or\u00e7amento gratuito.","robots":{"index":"index","follow":"follow","max-snippet":"max-snippet:-1","max-image-preview":"max-image-preview:large","max-video-preview":"max-video-preview:-1"},"canonical":"https:\/\/www.trustedtranslations.com\/pt-br\/idioma\/espanhol\/servicos-de-traducao-do-espanhol","og_locale":"pt_BR","og_type":"article","og_title":"Servi\u00e7os de tradu\u00e7\u00e3o do espanhol - Trusted Translations, Inc.","og_description":"Oferecemos servi\u00e7os de tradu\u00e7\u00e3o profissional do espanhol da mais alta qualidade e com os melhores pre\u00e7os. Clique aqui para solicitar um or\u00e7amento gratuito.","og_url":"https:\/\/www.trustedtranslations.com\/pt-br\/idioma\/espanhol\/servicos-de-traducao-do-espanhol","og_site_name":"Trusted Translations, Inc.","article_publisher":"https:\/\/www.facebook.com\/Trusted.Translations","article_modified_time":"2024-09-06T17:18:27+00:00","og_image":[{"url":"https:\/\/static.trustedtranslations.com\/wp-content\/uploads\/2022\/08\/TT_NEW_FB-1.png","width":1,"height":1,"type":"image\/jpeg"}],"twitter_card":"summary_large_image","twitter_site":"@TrustedT9ns","schema":{"@context":"https:\/\/schema.org","@graph":[{"@type":"WebPage","@id":"https:\/\/www.trustedtranslations.com\/pt-br\/idioma\/espanhol\/servicos-de-traducao-do-espanhol","url":"https:\/\/www.trustedtranslations.com\/pt-br\/idioma\/espanhol\/servicos-de-traducao-do-espanhol","name":"Servi\u00e7os de tradu\u00e7\u00e3o do espanhol - Trusted Translations, Inc.","isPartOf":{"@id":"https:\/\/www.trustedtranslations.com\/pt-br\/#website"},"primaryImageOfPage":{"@id":"https:\/\/www.trustedtranslations.com\/pt-br\/idioma\/espanhol\/servicos-de-traducao-do-espanhol#primaryimage"},"image":{"@id":"https:\/\/www.trustedtranslations.com\/pt-br\/idioma\/espanhol\/servicos-de-traducao-do-espanhol#primaryimage"},"thumbnailUrl":"https:\/\/www.trustedtranslations.com\/wp-content\/uploads\/2022\/08\/TT_NEW_FB-1.png","description":"Oferecemos servi\u00e7os de tradu\u00e7\u00e3o profissional do espanhol da mais alta qualidade e com os melhores pre\u00e7os. Clique aqui para solicitar um or\u00e7amento gratuito.","breadcrumb":{"@id":"https:\/\/www.trustedtranslations.com\/pt-br\/idioma\/espanhol\/servicos-de-traducao-do-espanhol#breadcrumb"},"inLanguage":"pt-BR","potentialAction":[{"@type":"ReadAction","target":["https:\/\/www.trustedtranslations.com\/pt-br\/idioma\/espanhol\/servicos-de-traducao-do-espanhol"]}]},{"@type":"ImageObject","inLanguage":"pt-BR","@id":"https:\/\/www.trustedtranslations.com\/pt-br\/idioma\/espanhol\/servicos-de-traducao-do-espanhol#primaryimage","url":"https:\/\/www.trustedtranslations.com\/wp-content\/uploads\/2022\/08\/TT_NEW_FB-1.png","contentUrl":"https:\/\/www.trustedtranslations.com\/wp-content\/uploads\/2022\/08\/TT_NEW_FB-1.png","caption":"TT NEW FB 1"},{"@type":"BreadcrumbList","@id":"https:\/\/www.trustedtranslations.com\/pt-br\/idioma\/espanhol\/servicos-de-traducao-do-espanhol#breadcrumb","itemListElement":[{"@type":"ListItem","position":1,"name":"Home","item":"https:\/\/www.trustedtranslations.com\/pt-br"},{"@type":"ListItem","position":2,"name":"Idiomas","item":"https:\/\/www.trustedtranslations.com\/pt-br\/idioma"},{"@type":"ListItem","position":3,"name":"Espanhol","item":"https:\/\/www.trustedtranslations.com\/pt-br\/idioma\/espanhol"},{"@type":"ListItem","position":4,"name":"Servi\u00e7os de tradu\u00e7\u00e3o do espanhol"}]},{"@type":"WebSite","@id":"https:\/\/www.trustedtranslations.com\/pt-br\/#website","url":"https:\/\/www.trustedtranslations.com\/pt-br\/","name":"Trusted Translations, Inc.","description":"Leader in translation and interpretation services.","publisher":{"@id":"https:\/\/www.trustedtranslations.com\/pt-br\/#organization"},"alternateName":"Trusted Translations","potentialAction":[{"@type":"SearchAction","target":{"@type":"EntryPoint","urlTemplate":"https:\/\/www.trustedtranslations.com\/pt-br\/?s={search_term_string}"},"query-input":{"@type":"PropertyValueSpecification","valueRequired":true,"valueName":"search_term_string"}}],"inLanguage":"pt-BR"},{"@type":"Organization","@id":"https:\/\/www.trustedtranslations.com\/pt-br\/#organization","name":"Trusted Translations","alternateName":"Trusted Translations, Inc.","url":"https:\/\/www.trustedtranslations.com\/pt-br\/","logo":{"@type":"ImageObject","inLanguage":"pt-BR","@id":"https:\/\/www.trustedtranslations.com\/pt-br\/#\/schema\/logo\/image\/","url":"https:\/\/static.trustedtranslations.com\/wp-content\/uploads\/2022\/01\/TT_logo_WSIColors-2.png","contentUrl":"https:\/\/static.trustedtranslations.com\/wp-content\/uploads\/2022\/01\/TT_logo_WSIColors-2.png","width":500,"height":196,"caption":"Trusted Translations"},"image":{"@id":"https:\/\/www.trustedtranslations.com\/pt-br\/#\/schema\/logo\/image\/"},"sameAs":["https:\/\/www.facebook.com\/Trusted.Translations","https:\/\/x.com\/TrustedT9ns","https:\/\/www.linkedin.com\/company\/trusted-translations"]}]}},"toolset-meta":{"dyk":{"mensaje-1":{"type":"textfield","raw":"A Trusted Translations \u00e9 a principal provedora de servi\u00e7os de tradu\u00e7\u00e3o em espanhol nos EUA."},"mensaje-2":{"type":"textfield","raw":"Oferecemos servi\u00e7os de tradu\u00e7\u00e3o para todos os tipos de documentos, em todos os formatos e idiomas.\u00a0"},"mensaje-3":{"type":"textfield","raw":"Os nossos servi\u00e7os v\u00e3o desde simples tradu\u00e7\u00f5es de documentos at\u00e9 localiza\u00e7\u00f5es complexas de sites."},"mensaje-4":{"type":"textfield","raw":"Como nossos tradutores s\u00e3o pr\u00f3prios, oferecemos um trabalho de qualidade com pre\u00e7os acess\u00edveis."},"mensaje-5":{"type":"textfield","raw":""},"mensaje-6":{"type":"textfield","raw":""}},"single-page-template-fields":{"imgs-temp":{"type":"image","raw":["https:\/\/static.trustedtranslations.com\/wp-content\/uploads\/2024\/05\/sts-1.webp"],"repeatable":[{"raw":"https:\/\/static.trustedtranslations.com\/wp-content\/uploads\/2024\/05\/sts-1.webp"}]},"imgs-temp-cel":{"type":"image","raw":[""],"repeatable":[{"raw":""}]},"img-temp-one-cel":{"type":"image","raw":"https:\/\/static.trustedtranslations.com\/wp-content\/uploads\/2024\/05\/sts1.webp","attachment_id":null},"quotes":{"type":"textarea","raw":"<h1 style=\"margin-bottom: 12px;\">L\u00edder em servi\u00e7os de tradu\u00e7\u00e3o do espanhol<\/h1>Com mais de 10.000 clientes satisfeitos em todo o mundo e mais de 20 anos de experi\u00eancia em tradu\u00e7\u00f5es para o espanhol, a Trusted Translations \u00e9 uma autoridade reconhecida internacionalmente no setor e fornecedora de servi\u00e7os de tradu\u00e7\u00e3o do espanhol.<div style=\"margin-top: 2.5vw;\"><a class=\"tt-btn-main-cta\" href=\"\/pt-br\/solicitud-orcamento\">SOLICITE UM OR\u00c7AMENTO GRATUITO<\/a><\/div>"},"text-1":{"type":"textarea","raw":"<h2>Liderando o setor em tradu\u00e7\u00f5es de espanhol de alta qualidade com pre\u00e7os competitivos<\/h2>A <em>Trusted Translations <\/em>\u00e9 a empresa de tradu\u00e7\u00e3o de espanhol l\u00edder de mercado. Empregamos recursos especializados pr\u00f3prios e internos, garantindo a qualidade de cada tradu\u00e7\u00e3o do espanhol e oferecendo a voc\u00ea os pre\u00e7os mais competitivos do mercado. Com escrit\u00f3rios nos EUA, Am\u00e9rica Latina e Europa, nossa equipe foi projetada para atender as necessidades de praticamente qualquer cliente, independentemente do tamanho e complexidade do projeto.\r\n<h2 style=\"margin-bottom:20px\">Servi\u00e7os de tradu\u00e7\u00e3o ingl\u00eas-espanhol<\/h2>\r\nComo somos especializados em <a href=\"https:\/\/www.trustedtranslations.com\/language\/spanish\/english-to-spanish\" target=\"_blank\" rel=\"noopener\">tradu\u00e7\u00f5es ingl\u00eas-espanhol<\/a>, nossa equipe conta com mais de 10.000 linguistas pr\u00f3prios, qualificados e certificados. Al\u00e9m de serem linguistas qualificados, esses tradutores tamb\u00e9m s\u00e3o especialistas do setor, muitos dos quais possuem p\u00f3s-gradua\u00e7\u00e3o no material de origem em m\u00e3os. Isso d\u00e1 a eles o conhecimento especializado necess\u00e1rio para traduzir seus projetos tanto com velocidade quanto com precis\u00e3o.\r\n\r\nOferecemos tradu\u00e7\u00f5es ingl\u00eas-espanhol para algumas das maiores empresas e organiza\u00e7\u00f5es do mundo, incluindo Coca-Cola, IBM, as Na\u00e7\u00f5es Unidas, a NASA e milhares de outras. Nossas \u00e1reas de <a href=\"https:\/\/www.trustedtranslations.com\/pt-br\/setores\" target=\"_blank\" rel=\"noopener\">especializa\u00e7\u00e3o nos setores<\/a> de publicidade, blockchain, neg\u00f3cios, defesa, e-Learning, entretenimento, finan\u00e7as, governo, direito, manufatura, assist\u00eancia m\u00e9dica, marketing, m\u00eddia, software, t\u00e9cnico, manuais do usu\u00e1rio e muitos mais.\r\n<h2 style=\"margin-bottom:20px\">Experi\u00eancia comprovada em tradu\u00e7\u00f5es do espanhol<\/h2>\r\nV\u00e1rias qualidades adicionais diferenciam a <em>Trusted Translations <\/em>da concorr\u00eancia. Por exemplo, nossa equipe inclui advogados bil\u00edngues licenciados nos EUA (ingl\u00eas\/espanhol), que garantem que cada documento que traduzimos esteja de acordo com as normas jur\u00eddicas corretas; eles tamb\u00e9m podem fornecer certifica\u00e7\u00f5es jur\u00eddicas autenticadas, demonstrando a precis\u00e3o de nossas tradu\u00e7\u00f5es. Tamb\u00e9m contamos com m\u00e9dicos bil\u00edngues, oferecendo anos de experi\u00eancia em conte\u00fado m\u00e9dico e relacionado \u00e0 sa\u00fade. Nosso compromisso com a experi\u00eancia no assunto nos permite entregar tradu\u00e7\u00f5es no prazo, com qualidade excepcional e pelos pre\u00e7os mais competitivos do setor.\r\n\r\nAl\u00e9m disso, a <em>Trusted Translations<\/em> possui mais de 25 anos de experi\u00eancia lingu\u00edstica no mercado hisp\u00e2nico, o que nos rendeu <a href=\"https:\/\/www.trustedtranslations.com\/pt-br\/sobre-nos\/certificacoes\" target=\"_blank\" rel=\"noopener\">in\u00fameros pr\u00eamios e certifica\u00e7\u00f5es<\/a> ao longo do caminho. Essa extensa experi\u00eancia direta nos permite oferecer muito mais do que simples servi\u00e7os de tradu\u00e7\u00e3o. Dependendo das necessidades de um cliente, nossa equipe tamb\u00e9m fornecer\u00e1 orienta\u00e7\u00e3o e insights valiosos sobre tend\u00eancias de mercado, localiza\u00e7\u00e3o, otimiza\u00e7\u00e3o online e muito mais."},"shortcode-map":{"type":"textfield","raw":""},"dyk-shortcode":{"type":"textfield","raw":"[elementor-template id=\"147273\"]"},"text-2":{"type":"textarea","raw":"<h2 style=\"margin-bottom:20px\">Empresa de tradu\u00e7\u00e3o do espanhol com servi\u00e7o completo<\/h2>\r\nA <em>Trusted Translations <\/em>\u00e9 \u00fanica pela natureza abrangente e alcance de nossos servi\u00e7os. Oferecemos tradu\u00e7\u00f5es do espanhol para todos os tipos de documentos, em todos os formatos e tamanhos. Tamb\u00e9m fornecemos uma ampla variedade de servi\u00e7os com valor agregado, que s\u00e3o adaptados para atender suas necessidades espec\u00edficas, como p\u00f3s-produ\u00e7\u00e3o em espanhol, editora\u00e7\u00e3o eletr\u00f4nica em espanhol, marketing online em espanhol, otimiza\u00e7\u00e3o online e muito mais.\r\n\r\nA seguir est\u00e3o alguns dos servi\u00e7os profissionais do idioma espanhol que oferecemos regularmente:\r\n\r\n<div class=\"elearning-container\">\r\n    <div>\r\n        <i class=\"fa fa-universal-access\" aria-hidden=\"true\"><\/i>\r\n        <h4 style=\"text-align: center\">Normas de acessibilidade<\/h4>\r\n    <\/div>\r\n    <div>\r\n        <i class=\"fa fa-mobile\" aria-hidden=\"true\"><\/i>\r\n        <h4 style=\"text-align: center\">Localiza\u00e7\u00e3o de aplicativos<\/h4>\r\n    <\/div>\r\n    <div>\r\n        <i class=\"fa fa-sign-language\" aria-hidden=\"true\"><\/i>\r\n        <h4 style=\"text-align: center\">LAS - Linguagem de sinais<\/h4>\r\n    <\/div>\r\n    <div>\r\n        <i class=\"fa fa-check\" aria-hidden=\"true\"><\/i>\r\n        <h4 style=\"text-align: center\">Tradu\u00e7\u00e3o juramentada<\/h4>\r\n    <\/div>\r\n    <div>\r\n        <i class=\"fa fa-desktop\" aria-hidden=\"true\"><\/i>\r\n        <h4 style=\"text-align: center\">Editora\u00e7\u00e3o eletr\u00f4nica<\/h4>\r\n    <\/div>\r\n    <div>\r\n        <i class=\"fa fa-pencil-square-o\" aria-hidden=\"true\"><\/i>\r\n        <h4 style=\"text-align: center\">Edi\u00e7\u00e3o e Revis\u00e3o<\/h4>\r\n    <\/div>\r\n<\/div>\r\n\r\n<div class=\"elearning-container\">\r\n    <div>\r\n        <i class=\"fa fa-file-pdf-o\" aria-hidden=\"true\"><\/i>\r\n        <h4 style=\"text-align: center\">Formatos de arquivo<\/h4>\r\n    <\/div>\r\n    <div>\r\n        <i class=\"fa fa-globe\" aria-hidden=\"true\"><\/i>\r\n        <h4 style=\"text-align: center\">Globaliza\u00e7\u00e3o<\/h4>\r\n    <\/div>\r\n    <div>\r\n        <i class=\"fa fa-users\" aria-hidden=\"true\"><\/i>\r\n        <h4 style=\"text-align: center\">Tradu\u00e7\u00e3o humana<\/h4>\r\n    <\/div>\r\n    <div>\r\n        <i class=\"fa fa-file-text\" aria-hidden=\"true\"><\/i>\r\n        <h4 style=\"text-align: center\">Interpreta\u00e7\u00e3o<\/h4>\r\n    <\/div>\r\n    <div>\r\n        <i class=\"fa fa-location-arrow\" aria-hidden=\"true\"><\/i>\r\n        <h4 style=\"text-align: center\">Localiza\u00e7\u00e3o<\/h4>\r\n    <\/div>\r\n    <div>\r\n        <i class=\"fa fa-wrench\" aria-hidden=\"true\"><\/i>\r\n        <h4 style=\"text-align: center\">Tradu\u00e7\u00e3o autom\u00e1tica<\/h4>\r\n    <\/div>\r\n<\/div>\r\n\r\n<div class=\"elearning-container\">\r\n    <div>\r\n        <i class=\"fa fa-file-o\" aria-hidden=\"true\"><\/i>\r\n        <h4 style=\"text-align: center\">Servi\u00e7os multim\u00eddia<\/h4>\r\n    <\/div>\r\n    <div>\r\n        <i class=\"fa fa-bullhorn\" aria-hidden=\"true\"><\/i>\r\n        <h4 style=\"text-align: center\">Marketing on-line<\/h4>\r\n    <\/div>\r\n    <div>\r\n        <i class=\"fa fa-volume-control-phone\" aria-hidden=\"true\"><\/i>\r\n        <h4 style=\"text-align: center\">Interpreta\u00e7\u00e3o pelo telefone<\/h4>\r\n    <\/div>\r\n    <div>\r\n        <i class=\"fa fa-user-plus\" aria-hidden=\"true\"><\/i>\r\n        <h4 style=\"text-align: center\">Transcria\u00e7\u00e3o<\/h4>\r\n    <\/div>\r\n    <div>\r\n        <i class=\"fa fa-pencil\" aria-hidden=\"true\"><\/i>\r\n        <h4 style=\"text-align: center\">Transcri\u00e7\u00e3o<\/h4>\r\n    <\/div>\r\n    <div>\r\n        <i class=\"fa fa-check-square-o\" aria-hidden=\"true\"><\/i>\r\n        <h4 style=\"text-align: center\">Qualidade de tradu\u00e7\u00e3o<\/h4>\r\n    <\/div>\r\n<\/div>"},"state":{"type":"textfield","raw":""},"city":{"type":"textarea","raw":[]}}},"_links":{"self":[{"href":"https:\/\/www.trustedtranslations.com\/pt-br\/wp-json\/wp\/v2\/pages\/181477","targetHints":{"allow":["GET"]}}],"collection":[{"href":"https:\/\/www.trustedtranslations.com\/pt-br\/wp-json\/wp\/v2\/pages"}],"about":[{"href":"https:\/\/www.trustedtranslations.com\/pt-br\/wp-json\/wp\/v2\/types\/page"}],"author":[{"embeddable":true,"href":"https:\/\/www.trustedtranslations.com\/pt-br\/wp-json\/wp\/v2\/users\/1"}],"replies":[{"embeddable":true,"href":"https:\/\/www.trustedtranslations.com\/pt-br\/wp-json\/wp\/v2\/comments?post=181477"}],"version-history":[{"count":0,"href":"https:\/\/www.trustedtranslations.com\/pt-br\/wp-json\/wp\/v2\/pages\/181477\/revisions"}],"up":[{"embeddable":true,"href":"https:\/\/www.trustedtranslations.com\/pt-br\/wp-json\/wp\/v2\/pages\/135047"}],"wp:featuredmedia":[{"embeddable":true,"href":"https:\/\/www.trustedtranslations.com\/pt-br\/wp-json\/wp\/v2\/media\/160117"}],"wp:attachment":[{"href":"https:\/\/www.trustedtranslations.com\/pt-br\/wp-json\/wp\/v2\/media?parent=181477"}],"curies":[{"name":"wp","href":"https:\/\/api.w.org\/{rel}","templated":true}]}}