{"id":181493,"date":"2023-02-01T19:51:12","date_gmt":"2023-02-01T22:51:12","guid":{"rendered":"https:\/\/www.trustedtranslations.com\/?page_id=181493"},"modified":"2024-09-06T15:48:19","modified_gmt":"2024-09-06T18:48:19","slug":"espanhol-neutro","status":"publish","type":"page","link":"https:\/\/www.trustedtranslations.com\/pt-br\/idioma\/espanhol\/caracteristicas\/espanhol-neutro","title":{"rendered":"Espanhol neutro"},"content":{"rendered":"","protected":false},"excerpt":{"rendered":"","protected":false},"author":1,"featured_media":160117,"parent":181497,"menu_order":0,"comment_status":"closed","ping_status":"closed","template":"","meta":{"site-sidebar-layout":"default","site-content-layout":"default","ast-site-content-layout":"default","site-content-style":"default","site-sidebar-style":"default","ast-global-header-display":"","ast-banner-title-visibility":"","ast-main-header-display":"","ast-hfb-above-header-display":"","ast-hfb-below-header-display":"","ast-hfb-mobile-header-display":"","site-post-title":"disabled","ast-breadcrumbs-content":"","ast-featured-img":"","footer-sml-layout":"","ast-disable-related-posts":"","theme-transparent-header-meta":"default","adv-header-id-meta":"","stick-header-meta":"","header-above-stick-meta":"","header-main-stick-meta":"","header-below-stick-meta":"","astra-migrate-meta-layouts":"set","ast-page-background-enabled":"default","ast-page-background-meta":{"desktop":{"background-color":"var(--ast-global-color-4)","background-image":"","background-repeat":"repeat","background-position":"center center","background-size":"auto","background-attachment":"scroll","background-type":"","background-media":"","overlay-type":"","overlay-color":"","overlay-opacity":"","overlay-gradient":""},"tablet":{"background-color":"","background-image":"","background-repeat":"repeat","background-position":"center center","background-size":"auto","background-attachment":"scroll","background-type":"","background-media":"","overlay-type":"","overlay-color":"","overlay-opacity":"","overlay-gradient":""},"mobile":{"background-color":"","background-image":"","background-repeat":"repeat","background-position":"center center","background-size":"auto","background-attachment":"scroll","background-type":"","background-media":"","overlay-type":"","overlay-color":"","overlay-opacity":"","overlay-gradient":""}},"ast-content-background-meta":{"desktop":{"background-color":"var(--ast-global-color-5)","background-image":"","background-repeat":"repeat","background-position":"center center","background-size":"auto","background-attachment":"scroll","background-type":"","background-media":"","overlay-type":"","overlay-color":"","overlay-opacity":"","overlay-gradient":""},"tablet":{"background-color":"var(--ast-global-color-5)","background-image":"","background-repeat":"repeat","background-position":"center center","background-size":"auto","background-attachment":"scroll","background-type":"","background-media":"","overlay-type":"","overlay-color":"","overlay-opacity":"","overlay-gradient":""},"mobile":{"background-color":"var(--ast-global-color-5)","background-image":"","background-repeat":"repeat","background-position":"center center","background-size":"auto","background-attachment":"scroll","background-type":"","background-media":"","overlay-type":"","overlay-color":"","overlay-opacity":"","overlay-gradient":""}},"footnotes":""},"class_list":["post-181493","page","type-page","status-publish","has-post-thumbnail","hentry"],"yoast_head":"<!-- This site is optimized with the Yoast SEO plugin v27.5 - https:\/\/yoast.com\/product\/yoast-seo-wordpress\/ -->\n<title>Tradu\u00e7\u00f5es do espanhol neutro - Trusted Translations, Inc.<\/title>\n<meta name=\"description\" content=\"A Trusted Translations, Inc. entende as nuances da utiliza\u00e7\u00e3o do espanhol neutro. Ajudaremos voc\u00ea a decidir quando usar o espanhol neutro e quando localizar seu espanhol para um mercado espec\u00edfico.\" \/>\n<meta name=\"robots\" content=\"index, follow, max-snippet:-1, max-image-preview:large, max-video-preview:-1\" \/>\n<link rel=\"canonical\" href=\"https:\/\/www.trustedtranslations.com\/pt-br\/idioma\/espanhol\/caracteristicas\/espanhol-neutro\" \/>\n<meta property=\"og:locale\" content=\"pt_BR\" \/>\n<meta property=\"og:type\" content=\"article\" \/>\n<meta property=\"og:title\" content=\"Tradu\u00e7\u00f5es do espanhol neutro - Trusted Translations, Inc.\" \/>\n<meta property=\"og:description\" content=\"A Trusted Translations, Inc. entende as nuances da utiliza\u00e7\u00e3o do espanhol neutro. Ajudaremos voc\u00ea a decidir quando usar o espanhol neutro e quando localizar seu espanhol para um mercado espec\u00edfico.\" \/>\n<meta property=\"og:url\" content=\"https:\/\/www.trustedtranslations.com\/pt-br\/idioma\/espanhol\/caracteristicas\/espanhol-neutro\" \/>\n<meta property=\"og:site_name\" content=\"Trusted Translations, Inc.\" \/>\n<meta property=\"article:publisher\" content=\"https:\/\/www.facebook.com\/Trusted.Translations\" \/>\n<meta property=\"article:modified_time\" content=\"2024-09-06T18:48:19+00:00\" \/>\n<meta property=\"og:image\" content=\"https:\/\/static.trustedtranslations.com\/wp-content\/uploads\/2022\/08\/TT_NEW_FB-1.png\" \/>\n\t<meta property=\"og:image:width\" content=\"1\" \/>\n\t<meta property=\"og:image:height\" content=\"1\" \/>\n\t<meta property=\"og:image:type\" content=\"image\/jpeg\" \/>\n<meta name=\"twitter:card\" content=\"summary_large_image\" \/>\n<meta name=\"twitter:site\" content=\"@TrustedT9ns\" \/>\n<script type=\"application\/ld+json\" class=\"yoast-schema-graph\">{\"@context\":\"https:\\\/\\\/schema.org\",\"@graph\":[{\"@type\":\"WebPage\",\"@id\":\"https:\\\/\\\/www.trustedtranslations.com\\\/pt-br\\\/idioma\\\/espanhol\\\/caracteristicas\\\/espanhol-neutro\",\"url\":\"https:\\\/\\\/www.trustedtranslations.com\\\/pt-br\\\/idioma\\\/espanhol\\\/caracteristicas\\\/espanhol-neutro\",\"name\":\"Tradu\u00e7\u00f5es do espanhol neutro - Trusted Translations, Inc.\",\"isPartOf\":{\"@id\":\"https:\\\/\\\/www.trustedtranslations.com\\\/pt-br\\\/#website\"},\"primaryImageOfPage\":{\"@id\":\"https:\\\/\\\/www.trustedtranslations.com\\\/pt-br\\\/idioma\\\/espanhol\\\/caracteristicas\\\/espanhol-neutro#primaryimage\"},\"image\":{\"@id\":\"https:\\\/\\\/www.trustedtranslations.com\\\/pt-br\\\/idioma\\\/espanhol\\\/caracteristicas\\\/espanhol-neutro#primaryimage\"},\"thumbnailUrl\":\"https:\\\/\\\/www.trustedtranslations.com\\\/wp-content\\\/uploads\\\/2022\\\/08\\\/TT_NEW_FB-1.png\",\"description\":\"A Trusted Translations, Inc. entende as nuances da utiliza\u00e7\u00e3o do espanhol neutro. Ajudaremos voc\u00ea a decidir quando usar o espanhol neutro e quando localizar seu espanhol para um mercado espec\u00edfico.\",\"breadcrumb\":{\"@id\":\"https:\\\/\\\/www.trustedtranslations.com\\\/pt-br\\\/idioma\\\/espanhol\\\/caracteristicas\\\/espanhol-neutro#breadcrumb\"},\"inLanguage\":\"pt-BR\",\"potentialAction\":[{\"@type\":\"ReadAction\",\"target\":[\"https:\\\/\\\/www.trustedtranslations.com\\\/pt-br\\\/idioma\\\/espanhol\\\/caracteristicas\\\/espanhol-neutro\"]}]},{\"@type\":\"ImageObject\",\"inLanguage\":\"pt-BR\",\"@id\":\"https:\\\/\\\/www.trustedtranslations.com\\\/pt-br\\\/idioma\\\/espanhol\\\/caracteristicas\\\/espanhol-neutro#primaryimage\",\"url\":\"https:\\\/\\\/www.trustedtranslations.com\\\/wp-content\\\/uploads\\\/2022\\\/08\\\/TT_NEW_FB-1.png\",\"contentUrl\":\"https:\\\/\\\/www.trustedtranslations.com\\\/wp-content\\\/uploads\\\/2022\\\/08\\\/TT_NEW_FB-1.png\",\"caption\":\"TT NEW FB 1\"},{\"@type\":\"BreadcrumbList\",\"@id\":\"https:\\\/\\\/www.trustedtranslations.com\\\/pt-br\\\/idioma\\\/espanhol\\\/caracteristicas\\\/espanhol-neutro#breadcrumb\",\"itemListElement\":[{\"@type\":\"ListItem\",\"position\":1,\"name\":\"Home\",\"item\":\"https:\\\/\\\/www.trustedtranslations.com\\\/pt-br\"},{\"@type\":\"ListItem\",\"position\":2,\"name\":\"Idiomas\",\"item\":\"https:\\\/\\\/www.trustedtranslations.com\\\/pt-br\\\/idioma\"},{\"@type\":\"ListItem\",\"position\":3,\"name\":\"Espanhol\",\"item\":\"https:\\\/\\\/www.trustedtranslations.com\\\/pt-br\\\/idioma\\\/espanhol\"},{\"@type\":\"ListItem\",\"position\":4,\"name\":\"Caracter\u00edsticas do espanhol\",\"item\":\"https:\\\/\\\/www.trustedtranslations.com\\\/pt-br\\\/idioma\\\/espanhol\\\/caracteristicas\"},{\"@type\":\"ListItem\",\"position\":5,\"name\":\"Espanhol neutro\"}]},{\"@type\":\"WebSite\",\"@id\":\"https:\\\/\\\/www.trustedtranslations.com\\\/pt-br\\\/#website\",\"url\":\"https:\\\/\\\/www.trustedtranslations.com\\\/pt-br\\\/\",\"name\":\"Trusted Translations, Inc.\",\"description\":\"Leader in translation and interpretation services.\",\"publisher\":{\"@id\":\"https:\\\/\\\/www.trustedtranslations.com\\\/pt-br\\\/#organization\"},\"alternateName\":\"Trusted Translations\",\"potentialAction\":[{\"@type\":\"SearchAction\",\"target\":{\"@type\":\"EntryPoint\",\"urlTemplate\":\"https:\\\/\\\/www.trustedtranslations.com\\\/pt-br\\\/?s={search_term_string}\"},\"query-input\":{\"@type\":\"PropertyValueSpecification\",\"valueRequired\":true,\"valueName\":\"search_term_string\"}}],\"inLanguage\":\"pt-BR\"},{\"@type\":\"Organization\",\"@id\":\"https:\\\/\\\/www.trustedtranslations.com\\\/pt-br\\\/#organization\",\"name\":\"Trusted Translations\",\"alternateName\":\"Trusted Translations, Inc.\",\"url\":\"https:\\\/\\\/www.trustedtranslations.com\\\/pt-br\\\/\",\"logo\":{\"@type\":\"ImageObject\",\"inLanguage\":\"pt-BR\",\"@id\":\"https:\\\/\\\/www.trustedtranslations.com\\\/pt-br\\\/#\\\/schema\\\/logo\\\/image\\\/\",\"url\":\"https:\\\/\\\/static.trustedtranslations.com\\\/wp-content\\\/uploads\\\/2022\\\/01\\\/TT_logo_WSIColors-2.png\",\"contentUrl\":\"https:\\\/\\\/static.trustedtranslations.com\\\/wp-content\\\/uploads\\\/2022\\\/01\\\/TT_logo_WSIColors-2.png\",\"width\":500,\"height\":196,\"caption\":\"Trusted Translations\"},\"image\":{\"@id\":\"https:\\\/\\\/www.trustedtranslations.com\\\/pt-br\\\/#\\\/schema\\\/logo\\\/image\\\/\"},\"sameAs\":[\"https:\\\/\\\/www.facebook.com\\\/Trusted.Translations\",\"https:\\\/\\\/x.com\\\/TrustedT9ns\",\"https:\\\/\\\/www.linkedin.com\\\/company\\\/trusted-translations\"]}]}<\/script>\n<!-- \/ Yoast SEO plugin. -->","yoast_head_json":{"title":"Tradu\u00e7\u00f5es do espanhol neutro - Trusted Translations, Inc.","description":"A Trusted Translations, Inc. entende as nuances da utiliza\u00e7\u00e3o do espanhol neutro. Ajudaremos voc\u00ea a decidir quando usar o espanhol neutro e quando localizar seu espanhol para um mercado espec\u00edfico.","robots":{"index":"index","follow":"follow","max-snippet":"max-snippet:-1","max-image-preview":"max-image-preview:large","max-video-preview":"max-video-preview:-1"},"canonical":"https:\/\/www.trustedtranslations.com\/pt-br\/idioma\/espanhol\/caracteristicas\/espanhol-neutro","og_locale":"pt_BR","og_type":"article","og_title":"Tradu\u00e7\u00f5es do espanhol neutro - Trusted Translations, Inc.","og_description":"A Trusted Translations, Inc. entende as nuances da utiliza\u00e7\u00e3o do espanhol neutro. Ajudaremos voc\u00ea a decidir quando usar o espanhol neutro e quando localizar seu espanhol para um mercado espec\u00edfico.","og_url":"https:\/\/www.trustedtranslations.com\/pt-br\/idioma\/espanhol\/caracteristicas\/espanhol-neutro","og_site_name":"Trusted Translations, Inc.","article_publisher":"https:\/\/www.facebook.com\/Trusted.Translations","article_modified_time":"2024-09-06T18:48:19+00:00","og_image":[{"url":"https:\/\/static.trustedtranslations.com\/wp-content\/uploads\/2022\/08\/TT_NEW_FB-1.png","width":1,"height":1,"type":"image\/jpeg"}],"twitter_card":"summary_large_image","twitter_site":"@TrustedT9ns","schema":{"@context":"https:\/\/schema.org","@graph":[{"@type":"WebPage","@id":"https:\/\/www.trustedtranslations.com\/pt-br\/idioma\/espanhol\/caracteristicas\/espanhol-neutro","url":"https:\/\/www.trustedtranslations.com\/pt-br\/idioma\/espanhol\/caracteristicas\/espanhol-neutro","name":"Tradu\u00e7\u00f5es do espanhol neutro - Trusted Translations, Inc.","isPartOf":{"@id":"https:\/\/www.trustedtranslations.com\/pt-br\/#website"},"primaryImageOfPage":{"@id":"https:\/\/www.trustedtranslations.com\/pt-br\/idioma\/espanhol\/caracteristicas\/espanhol-neutro#primaryimage"},"image":{"@id":"https:\/\/www.trustedtranslations.com\/pt-br\/idioma\/espanhol\/caracteristicas\/espanhol-neutro#primaryimage"},"thumbnailUrl":"https:\/\/www.trustedtranslations.com\/wp-content\/uploads\/2022\/08\/TT_NEW_FB-1.png","description":"A Trusted Translations, Inc. entende as nuances da utiliza\u00e7\u00e3o do espanhol neutro. Ajudaremos voc\u00ea a decidir quando usar o espanhol neutro e quando localizar seu espanhol para um mercado espec\u00edfico.","breadcrumb":{"@id":"https:\/\/www.trustedtranslations.com\/pt-br\/idioma\/espanhol\/caracteristicas\/espanhol-neutro#breadcrumb"},"inLanguage":"pt-BR","potentialAction":[{"@type":"ReadAction","target":["https:\/\/www.trustedtranslations.com\/pt-br\/idioma\/espanhol\/caracteristicas\/espanhol-neutro"]}]},{"@type":"ImageObject","inLanguage":"pt-BR","@id":"https:\/\/www.trustedtranslations.com\/pt-br\/idioma\/espanhol\/caracteristicas\/espanhol-neutro#primaryimage","url":"https:\/\/www.trustedtranslations.com\/wp-content\/uploads\/2022\/08\/TT_NEW_FB-1.png","contentUrl":"https:\/\/www.trustedtranslations.com\/wp-content\/uploads\/2022\/08\/TT_NEW_FB-1.png","caption":"TT NEW FB 1"},{"@type":"BreadcrumbList","@id":"https:\/\/www.trustedtranslations.com\/pt-br\/idioma\/espanhol\/caracteristicas\/espanhol-neutro#breadcrumb","itemListElement":[{"@type":"ListItem","position":1,"name":"Home","item":"https:\/\/www.trustedtranslations.com\/pt-br"},{"@type":"ListItem","position":2,"name":"Idiomas","item":"https:\/\/www.trustedtranslations.com\/pt-br\/idioma"},{"@type":"ListItem","position":3,"name":"Espanhol","item":"https:\/\/www.trustedtranslations.com\/pt-br\/idioma\/espanhol"},{"@type":"ListItem","position":4,"name":"Caracter\u00edsticas do espanhol","item":"https:\/\/www.trustedtranslations.com\/pt-br\/idioma\/espanhol\/caracteristicas"},{"@type":"ListItem","position":5,"name":"Espanhol neutro"}]},{"@type":"WebSite","@id":"https:\/\/www.trustedtranslations.com\/pt-br\/#website","url":"https:\/\/www.trustedtranslations.com\/pt-br\/","name":"Trusted Translations, Inc.","description":"Leader in translation and interpretation services.","publisher":{"@id":"https:\/\/www.trustedtranslations.com\/pt-br\/#organization"},"alternateName":"Trusted Translations","potentialAction":[{"@type":"SearchAction","target":{"@type":"EntryPoint","urlTemplate":"https:\/\/www.trustedtranslations.com\/pt-br\/?s={search_term_string}"},"query-input":{"@type":"PropertyValueSpecification","valueRequired":true,"valueName":"search_term_string"}}],"inLanguage":"pt-BR"},{"@type":"Organization","@id":"https:\/\/www.trustedtranslations.com\/pt-br\/#organization","name":"Trusted Translations","alternateName":"Trusted Translations, Inc.","url":"https:\/\/www.trustedtranslations.com\/pt-br\/","logo":{"@type":"ImageObject","inLanguage":"pt-BR","@id":"https:\/\/www.trustedtranslations.com\/pt-br\/#\/schema\/logo\/image\/","url":"https:\/\/static.trustedtranslations.com\/wp-content\/uploads\/2022\/01\/TT_logo_WSIColors-2.png","contentUrl":"https:\/\/static.trustedtranslations.com\/wp-content\/uploads\/2022\/01\/TT_logo_WSIColors-2.png","width":500,"height":196,"caption":"Trusted Translations"},"image":{"@id":"https:\/\/www.trustedtranslations.com\/pt-br\/#\/schema\/logo\/image\/"},"sameAs":["https:\/\/www.facebook.com\/Trusted.Translations","https:\/\/x.com\/TrustedT9ns","https:\/\/www.linkedin.com\/company\/trusted-translations"]}]}},"toolset-meta":{"dyk":{"mensaje-1":{"type":"textfield","raw":"O espanhol neutro \u00e9 usado para permitir que a maioria dos falantes de espanhol compreenda a mensagem."},"mensaje-2":{"type":"textfield","raw":"Tradu\u00e7\u00f5es neutras em espanhol, que podem ser utilizadas de maneira ampla, s\u00e3o uma op\u00e7\u00e3o econ\u00f4mica."},"mensaje-3":{"type":"textfield","raw":"O espanhol neutro \u00e9 normalmente usado para documenta\u00e7\u00e3o de conte\u00fado t\u00e9cnico e de software."},"mensaje-4":{"type":"textfield","raw":"O espanhol neutro evita regionalismos e se apega \u00e0s formas mais amplamente compartilhadas da gram\u00e1tica do espanhol.\u00a0"},"mensaje-5":{"type":"textfield","raw":""},"mensaje-6":{"type":"textfield","raw":""}},"single-page-template-fields":{"imgs-temp":{"type":"image","raw":["https:\/\/static.trustedtranslations.com\/wp-content\/uploads\/2024\/08\/neutral-spanish-1.webp"],"repeatable":[{"raw":"https:\/\/static.trustedtranslations.com\/wp-content\/uploads\/2024\/08\/neutral-spanish-1.webp"}]},"imgs-temp-cel":{"type":"image","raw":[""],"repeatable":[{"raw":""}]},"img-temp-one-cel":{"type":"image","raw":"https:\/\/static.trustedtranslations.com\/wp-content\/uploads\/2024\/08\/neutral-spanish.webp","attachment_id":null},"quotes":{"type":"textarea","raw":"<h1 style=\"margin-bottom: 12px;\">Tradu\u00e7\u00e3o do espanhol neutro<\/h1>\r\nSe voc\u00ea quer atingir um p\u00fablico mais amplo de falantes de espanhol, a <em>Trusted Translations<\/em> pode ajud\u00e1-lo a usar um espanhol neutro que ser\u00e1 aceito e compreendido por toda a popula\u00e7\u00e3o de falantes de espanhol.\r\n<div style=\"margin-top: 2.5vw;\"><a class=\"tt-btn-main-cta\" href=\"https:\/\/www.trustedtranslations.com\/pt-br\/solicitud-orcamento\">Solicite um or\u00e7amento gratuito<\/a><\/div>"},"text-1":{"type":"textarea","raw":"<h2>Espanhol personalizado vs. espanhol neutro para uma comunica\u00e7\u00e3o eficaz<\/h2>O espanhol evoluiu ao longo de milhares de anos, em v\u00e1rios continentes. Como resultado, muitas varia\u00e7\u00f5es e \u201cdialetos\u201d do idioma espanhol surgiram e s\u00e3o utilizados em todo o mundo, inclusive nos 21 diferentes pa\u00edses onde o espanhol \u00e9 o idioma oficial ou nacional. Isso apresenta uma situa\u00e7\u00e3o interessante para qualquer pessoa que busca atingir o mercado que fala espanhol.\r\n\r\nPor um lado, voc\u00ea tem a oportunidade de adaptar (ou localizar) uma tradu\u00e7\u00e3o espec\u00edfica para um grupo, pa\u00eds ou regi\u00e3o muito espec\u00edficos, fazendo com que sua comunica\u00e7\u00e3o fique mais eficaz. Por outro lado, se sua inten\u00e7\u00e3o \u00e9 atingir um p\u00fablico mais amplo de falantes de espanhol, pode ser melhor adotar um espanhol neutro, que ser\u00e1 aceito e compreendido por toda a popula\u00e7\u00e3o de falantes de espanhol.\r\n<h2>O que \u00e9 o espanhol neutro?<\/h2>\r\nNormalmente chamado de espanhol padr\u00e3o, espanhol global ou espanhol universal, o \u201cespanhol neutro\u201d \u00e9 um tipo de espanhol que tenta remover todos os termos culturalmente espec\u00edficos. Com um m\u00ednimo de frases idiom\u00e1ticas, varia\u00e7\u00f5es regionais ou neologismos (palavras rec\u00e9m-criadas), o espanhol neutro permite que um maior n\u00famero de falantes de espanhol entenda sua mensagem al\u00e9m das fronteiras.\r\n\r\nO espanhol neutro n\u00e3o \u00e9 exatamente um idioma em si; na verdade, ele \u00e9 produzido pelos esfor\u00e7os dedicados dos tradutores profissionais em selecionar termos que ser\u00e3o compreendidos pela maioria dos falantes de espanhol em um mercado amplo. Portanto, \u00e9 importante trabalhar com tradutores altamente qualificados, capazes de avaliar a adequa\u00e7\u00e3o de cada palavra a um vasto p\u00fablico."},"shortcode-map":{"type":"textfield","raw":""},"dyk-shortcode":{"type":"textfield","raw":"[elementor-template id=\"147273\"]"},"text-2":{"type":"textarea","raw":"<h2>Quando usar o espanhol neutro<\/h2>\r\nUma forma universal de espanhol \u00e9 uma boa op\u00e7\u00e3o para conte\u00fados voltados para um p\u00fablico global, como jornalismo, transmiss\u00f5es de televis\u00e3o e outros meios de comunica\u00e7\u00e3o. Em um mundo cada vez mais digital, a maioria das organiza\u00e7\u00f5es admite que seu conte\u00fado mais importante ir\u00e1 cada vez mais longe.\r\n\r\nO espanhol neutro tamb\u00e9m \u00e9 particularmente adequado para conte\u00fados t\u00e9cnicos ou cient\u00edficos de grandes volumes, como manuais ou documenta\u00e7\u00e3o de software. Escrito em linguagem simples e direta, sem muitas peculiaridades culturais, esse tipo de material n\u00e3o cont\u00e9m um grande n\u00famero de coloquialismos ou g\u00edrias. De fato, grandes empresas de tecnologia, como a Microsoft, h\u00e1 muito tempo investem em <a href=\"https:\/\/docs.microsoft.com\/en-us\/globalization\/localization\/ministyleguides\/mini-style-guide-spanish-neutral\" target=\"_blank\" rel=\"noopener\">diretrizes e gloss\u00e1rios para o espanhol neutro<\/a>, reconhecendo esse estilo como um meio-termo s\u00f3lido entre clareza para um p\u00fablico geral e a localiza\u00e7\u00e3o total.\r\n\r\nPor fim, do ponto de vista comercial, o espanhol neutro pode ser um benef\u00edcio para organiza\u00e7\u00f5es ou indiv\u00edduos que est\u00e3o apenas come\u00e7ando. Produzir e testar uma tradu\u00e7\u00e3o em espanhol neutro pode ser mais econ\u00f4mico para sua empresa do que o custo de localizar o texto para se encaixar em v\u00e1rios pa\u00edses-alvo. Ele tamb\u00e9m \u00e9 um \u00f3timo come\u00e7o caso voc\u00ea deseje localizar seu conte\u00fado mais \u00e0 frente.\r\n<h2>O espanhol neutro \u00e9 a solu\u00e7\u00e3o mais adequada?<\/h2>\r\nN\u00e3o existe uma forma perfeita de espanhol que seja adequada para todas as ocasi\u00f5es, e o espanhol neutro n\u00e3o \u00e9 diferente.\r\n\r\nComo a maior parte dos regionalismos e express\u00f5es idiom\u00e1ticas n\u00e3o aparece, o espanhol neutro j\u00e1 foi descrito como possuindo um tom limitado, seco ou simples do idioma. An\u00fancios e outros tipos de conte\u00fado de marketing, assim como trabalhos criativos, como filmes ou programas de televis\u00e3o, precisam mexer com emo\u00e7\u00f5es espec\u00edficas do p\u00fablico; o espanhol neutro provavelmente n\u00e3o \u00e9 o mais adequado para esses projetos. Nesses casos, o conte\u00fado localizado para um p\u00fablico hiperespec\u00edfico pode passar um sentimento mais pessoal e significativo.\r\n\r\nSe voc\u00ea n\u00e3o tem certeza se a tradu\u00e7\u00e3o em espanhol neutro \u00e9 adequada para voc\u00ea, a <em>Trusted Translations <\/em>pode ajudar a tirar suas d\u00favidas. \u00c0s vezes, fornecemos uma tradu\u00e7\u00e3o em espanhol neutro e, dependendo das necessidades do cliente, podemos ajudar a localizar seu conte\u00fado para mercados espec\u00edficos.\r\n\r\nEntre em contato conosco para saber mais sobre nossos servi\u00e7os de tradu\u00e7\u00e3o do espanhol abrangentes e econ\u00f4micos."},"state":{"type":"textfield","raw":""},"city":{"type":"textarea","raw":[]}}},"_links":{"self":[{"href":"https:\/\/www.trustedtranslations.com\/pt-br\/wp-json\/wp\/v2\/pages\/181493","targetHints":{"allow":["GET"]}}],"collection":[{"href":"https:\/\/www.trustedtranslations.com\/pt-br\/wp-json\/wp\/v2\/pages"}],"about":[{"href":"https:\/\/www.trustedtranslations.com\/pt-br\/wp-json\/wp\/v2\/types\/page"}],"author":[{"embeddable":true,"href":"https:\/\/www.trustedtranslations.com\/pt-br\/wp-json\/wp\/v2\/users\/1"}],"replies":[{"embeddable":true,"href":"https:\/\/www.trustedtranslations.com\/pt-br\/wp-json\/wp\/v2\/comments?post=181493"}],"version-history":[{"count":0,"href":"https:\/\/www.trustedtranslations.com\/pt-br\/wp-json\/wp\/v2\/pages\/181493\/revisions"}],"up":[{"embeddable":true,"href":"https:\/\/www.trustedtranslations.com\/pt-br\/wp-json\/wp\/v2\/pages\/181497"}],"wp:featuredmedia":[{"embeddable":true,"href":"https:\/\/www.trustedtranslations.com\/pt-br\/wp-json\/wp\/v2\/media\/160117"}],"wp:attachment":[{"href":"https:\/\/www.trustedtranslations.com\/pt-br\/wp-json\/wp\/v2\/media?parent=181493"}],"curies":[{"name":"wp","href":"https:\/\/api.w.org\/{rel}","templated":true}]}}