{"id":181580,"date":"2023-02-01T19:51:36","date_gmt":"2023-02-01T22:51:36","guid":{"rendered":"https:\/\/www.trustedtranslations.com\/?page_id=181580"},"modified":"2024-09-03T17:12:43","modified_gmt":"2024-09-03T20:12:43","slug":"esportes","status":"publish","type":"page","link":"https:\/\/www.trustedtranslations.com\/pt-br\/setores\/esportes","title":{"rendered":"Esportes"},"content":{"rendered":"","protected":false},"excerpt":{"rendered":"","protected":false},"author":1,"featured_media":160117,"parent":135074,"menu_order":0,"comment_status":"closed","ping_status":"closed","template":"","meta":{"site-sidebar-layout":"default","site-content-layout":"default","ast-site-content-layout":"default","site-content-style":"default","site-sidebar-style":"default","ast-global-header-display":"","ast-banner-title-visibility":"","ast-main-header-display":"","ast-hfb-above-header-display":"","ast-hfb-below-header-display":"","ast-hfb-mobile-header-display":"","site-post-title":"disabled","ast-breadcrumbs-content":"","ast-featured-img":"","footer-sml-layout":"","ast-disable-related-posts":"","theme-transparent-header-meta":"default","adv-header-id-meta":"","stick-header-meta":"","header-above-stick-meta":"","header-main-stick-meta":"","header-below-stick-meta":"","astra-migrate-meta-layouts":"set","ast-page-background-enabled":"default","ast-page-background-meta":{"desktop":{"background-color":"var(--ast-global-color-4)","background-image":"","background-repeat":"repeat","background-position":"center center","background-size":"auto","background-attachment":"scroll","background-type":"","background-media":"","overlay-type":"","overlay-color":"","overlay-opacity":"","overlay-gradient":""},"tablet":{"background-color":"","background-image":"","background-repeat":"repeat","background-position":"center center","background-size":"auto","background-attachment":"scroll","background-type":"","background-media":"","overlay-type":"","overlay-color":"","overlay-opacity":"","overlay-gradient":""},"mobile":{"background-color":"","background-image":"","background-repeat":"repeat","background-position":"center center","background-size":"auto","background-attachment":"scroll","background-type":"","background-media":"","overlay-type":"","overlay-color":"","overlay-opacity":"","overlay-gradient":""}},"ast-content-background-meta":{"desktop":{"background-color":"var(--ast-global-color-5)","background-image":"","background-repeat":"repeat","background-position":"center center","background-size":"auto","background-attachment":"scroll","background-type":"","background-media":"","overlay-type":"","overlay-color":"","overlay-opacity":"","overlay-gradient":""},"tablet":{"background-color":"var(--ast-global-color-5)","background-image":"","background-repeat":"repeat","background-position":"center center","background-size":"auto","background-attachment":"scroll","background-type":"","background-media":"","overlay-type":"","overlay-color":"","overlay-opacity":"","overlay-gradient":""},"mobile":{"background-color":"var(--ast-global-color-5)","background-image":"","background-repeat":"repeat","background-position":"center center","background-size":"auto","background-attachment":"scroll","background-type":"","background-media":"","overlay-type":"","overlay-color":"","overlay-opacity":"","overlay-gradient":""}},"footnotes":""},"class_list":["post-181580","page","type-page","status-publish","has-post-thumbnail","hentry"],"yoast_head":"<!-- This site is optimized with the Yoast SEO plugin v27.5 - https:\/\/yoast.com\/product\/yoast-seo-wordpress\/ -->\n<title>Tradu\u00e7\u00e3o esportiva<\/title>\n<meta name=\"description\" content=\"A Trusted Translations entende o mercado dos esportes. Fornecemos tradu\u00e7\u00f5es esportivas especializadas para atender seus projetos.\" \/>\n<meta name=\"robots\" content=\"index, follow, max-snippet:-1, max-image-preview:large, max-video-preview:-1\" \/>\n<link rel=\"canonical\" href=\"https:\/\/www.trustedtranslations.com\/pt-br\/setores\/esportes\" \/>\n<meta property=\"og:locale\" content=\"pt_BR\" \/>\n<meta property=\"og:type\" content=\"article\" \/>\n<meta property=\"og:title\" content=\"Tradu\u00e7\u00e3o esportiva\" \/>\n<meta property=\"og:description\" content=\"A Trusted Translations entende o mercado dos esportes. Fornecemos tradu\u00e7\u00f5es esportivas especializadas para atender seus projetos.\" \/>\n<meta property=\"og:url\" content=\"https:\/\/www.trustedtranslations.com\/pt-br\/setores\/esportes\" \/>\n<meta property=\"og:site_name\" content=\"Trusted Translations, Inc.\" \/>\n<meta property=\"article:publisher\" content=\"https:\/\/www.facebook.com\/Trusted.Translations\" \/>\n<meta property=\"article:modified_time\" content=\"2024-09-03T20:12:43+00:00\" \/>\n<meta property=\"og:image\" content=\"https:\/\/static.trustedtranslations.com\/wp-content\/uploads\/2022\/08\/TT_NEW_FB-1.png\" \/>\n\t<meta property=\"og:image:width\" content=\"1\" \/>\n\t<meta property=\"og:image:height\" content=\"1\" \/>\n\t<meta property=\"og:image:type\" content=\"image\/jpeg\" \/>\n<meta name=\"twitter:card\" content=\"summary_large_image\" \/>\n<meta name=\"twitter:site\" content=\"@TrustedT9ns\" \/>\n<script type=\"application\/ld+json\" class=\"yoast-schema-graph\">{\"@context\":\"https:\\\/\\\/schema.org\",\"@graph\":[{\"@type\":\"WebPage\",\"@id\":\"https:\\\/\\\/www.trustedtranslations.com\\\/pt-br\\\/setores\\\/esportes\",\"url\":\"https:\\\/\\\/www.trustedtranslations.com\\\/pt-br\\\/setores\\\/esportes\",\"name\":\"Tradu\u00e7\u00e3o esportiva\",\"isPartOf\":{\"@id\":\"https:\\\/\\\/www.trustedtranslations.com\\\/pt-br\\\/#website\"},\"primaryImageOfPage\":{\"@id\":\"https:\\\/\\\/www.trustedtranslations.com\\\/pt-br\\\/setores\\\/esportes#primaryimage\"},\"image\":{\"@id\":\"https:\\\/\\\/www.trustedtranslations.com\\\/pt-br\\\/setores\\\/esportes#primaryimage\"},\"thumbnailUrl\":\"https:\\\/\\\/www.trustedtranslations.com\\\/wp-content\\\/uploads\\\/2022\\\/08\\\/TT_NEW_FB-1.png\",\"description\":\"A Trusted Translations entende o mercado dos esportes. Fornecemos tradu\u00e7\u00f5es esportivas especializadas para atender seus projetos.\",\"breadcrumb\":{\"@id\":\"https:\\\/\\\/www.trustedtranslations.com\\\/pt-br\\\/setores\\\/esportes#breadcrumb\"},\"inLanguage\":\"pt-BR\",\"potentialAction\":[{\"@type\":\"ReadAction\",\"target\":[\"https:\\\/\\\/www.trustedtranslations.com\\\/pt-br\\\/setores\\\/esportes\"]}]},{\"@type\":\"ImageObject\",\"inLanguage\":\"pt-BR\",\"@id\":\"https:\\\/\\\/www.trustedtranslations.com\\\/pt-br\\\/setores\\\/esportes#primaryimage\",\"url\":\"https:\\\/\\\/www.trustedtranslations.com\\\/wp-content\\\/uploads\\\/2022\\\/08\\\/TT_NEW_FB-1.png\",\"contentUrl\":\"https:\\\/\\\/www.trustedtranslations.com\\\/wp-content\\\/uploads\\\/2022\\\/08\\\/TT_NEW_FB-1.png\",\"caption\":\"TT NEW FB 1\"},{\"@type\":\"BreadcrumbList\",\"@id\":\"https:\\\/\\\/www.trustedtranslations.com\\\/pt-br\\\/setores\\\/esportes#breadcrumb\",\"itemListElement\":[{\"@type\":\"ListItem\",\"position\":1,\"name\":\"Home\",\"item\":\"https:\\\/\\\/www.trustedtranslations.com\\\/pt-br\"},{\"@type\":\"ListItem\",\"position\":2,\"name\":\"Experi\u00eancia no setor\",\"item\":\"https:\\\/\\\/www.trustedtranslations.com\\\/pt-br\\\/setores\"},{\"@type\":\"ListItem\",\"position\":3,\"name\":\"Esportes\"}]},{\"@type\":\"WebSite\",\"@id\":\"https:\\\/\\\/www.trustedtranslations.com\\\/pt-br\\\/#website\",\"url\":\"https:\\\/\\\/www.trustedtranslations.com\\\/pt-br\\\/\",\"name\":\"Trusted Translations, Inc.\",\"description\":\"Leader in translation and interpretation services.\",\"publisher\":{\"@id\":\"https:\\\/\\\/www.trustedtranslations.com\\\/pt-br\\\/#organization\"},\"alternateName\":\"Trusted Translations\",\"potentialAction\":[{\"@type\":\"SearchAction\",\"target\":{\"@type\":\"EntryPoint\",\"urlTemplate\":\"https:\\\/\\\/www.trustedtranslations.com\\\/pt-br\\\/?s={search_term_string}\"},\"query-input\":{\"@type\":\"PropertyValueSpecification\",\"valueRequired\":true,\"valueName\":\"search_term_string\"}}],\"inLanguage\":\"pt-BR\"},{\"@type\":\"Organization\",\"@id\":\"https:\\\/\\\/www.trustedtranslations.com\\\/pt-br\\\/#organization\",\"name\":\"Trusted Translations\",\"alternateName\":\"Trusted Translations, Inc.\",\"url\":\"https:\\\/\\\/www.trustedtranslations.com\\\/pt-br\\\/\",\"logo\":{\"@type\":\"ImageObject\",\"inLanguage\":\"pt-BR\",\"@id\":\"https:\\\/\\\/www.trustedtranslations.com\\\/pt-br\\\/#\\\/schema\\\/logo\\\/image\\\/\",\"url\":\"https:\\\/\\\/static.trustedtranslations.com\\\/wp-content\\\/uploads\\\/2022\\\/01\\\/TT_logo_WSIColors-2.png\",\"contentUrl\":\"https:\\\/\\\/static.trustedtranslations.com\\\/wp-content\\\/uploads\\\/2022\\\/01\\\/TT_logo_WSIColors-2.png\",\"width\":500,\"height\":196,\"caption\":\"Trusted Translations\"},\"image\":{\"@id\":\"https:\\\/\\\/www.trustedtranslations.com\\\/pt-br\\\/#\\\/schema\\\/logo\\\/image\\\/\"},\"sameAs\":[\"https:\\\/\\\/www.facebook.com\\\/Trusted.Translations\",\"https:\\\/\\\/x.com\\\/TrustedT9ns\",\"https:\\\/\\\/www.linkedin.com\\\/company\\\/trusted-translations\"]}]}<\/script>\n<!-- \/ Yoast SEO plugin. -->","yoast_head_json":{"title":"Tradu\u00e7\u00e3o esportiva","description":"A Trusted Translations entende o mercado dos esportes. Fornecemos tradu\u00e7\u00f5es esportivas especializadas para atender seus projetos.","robots":{"index":"index","follow":"follow","max-snippet":"max-snippet:-1","max-image-preview":"max-image-preview:large","max-video-preview":"max-video-preview:-1"},"canonical":"https:\/\/www.trustedtranslations.com\/pt-br\/setores\/esportes","og_locale":"pt_BR","og_type":"article","og_title":"Tradu\u00e7\u00e3o esportiva","og_description":"A Trusted Translations entende o mercado dos esportes. Fornecemos tradu\u00e7\u00f5es esportivas especializadas para atender seus projetos.","og_url":"https:\/\/www.trustedtranslations.com\/pt-br\/setores\/esportes","og_site_name":"Trusted Translations, Inc.","article_publisher":"https:\/\/www.facebook.com\/Trusted.Translations","article_modified_time":"2024-09-03T20:12:43+00:00","og_image":[{"url":"https:\/\/static.trustedtranslations.com\/wp-content\/uploads\/2022\/08\/TT_NEW_FB-1.png","width":1,"height":1,"type":"image\/jpeg"}],"twitter_card":"summary_large_image","twitter_site":"@TrustedT9ns","schema":{"@context":"https:\/\/schema.org","@graph":[{"@type":"WebPage","@id":"https:\/\/www.trustedtranslations.com\/pt-br\/setores\/esportes","url":"https:\/\/www.trustedtranslations.com\/pt-br\/setores\/esportes","name":"Tradu\u00e7\u00e3o esportiva","isPartOf":{"@id":"https:\/\/www.trustedtranslations.com\/pt-br\/#website"},"primaryImageOfPage":{"@id":"https:\/\/www.trustedtranslations.com\/pt-br\/setores\/esportes#primaryimage"},"image":{"@id":"https:\/\/www.trustedtranslations.com\/pt-br\/setores\/esportes#primaryimage"},"thumbnailUrl":"https:\/\/www.trustedtranslations.com\/wp-content\/uploads\/2022\/08\/TT_NEW_FB-1.png","description":"A Trusted Translations entende o mercado dos esportes. Fornecemos tradu\u00e7\u00f5es esportivas especializadas para atender seus projetos.","breadcrumb":{"@id":"https:\/\/www.trustedtranslations.com\/pt-br\/setores\/esportes#breadcrumb"},"inLanguage":"pt-BR","potentialAction":[{"@type":"ReadAction","target":["https:\/\/www.trustedtranslations.com\/pt-br\/setores\/esportes"]}]},{"@type":"ImageObject","inLanguage":"pt-BR","@id":"https:\/\/www.trustedtranslations.com\/pt-br\/setores\/esportes#primaryimage","url":"https:\/\/www.trustedtranslations.com\/wp-content\/uploads\/2022\/08\/TT_NEW_FB-1.png","contentUrl":"https:\/\/www.trustedtranslations.com\/wp-content\/uploads\/2022\/08\/TT_NEW_FB-1.png","caption":"TT NEW FB 1"},{"@type":"BreadcrumbList","@id":"https:\/\/www.trustedtranslations.com\/pt-br\/setores\/esportes#breadcrumb","itemListElement":[{"@type":"ListItem","position":1,"name":"Home","item":"https:\/\/www.trustedtranslations.com\/pt-br"},{"@type":"ListItem","position":2,"name":"Experi\u00eancia no setor","item":"https:\/\/www.trustedtranslations.com\/pt-br\/setores"},{"@type":"ListItem","position":3,"name":"Esportes"}]},{"@type":"WebSite","@id":"https:\/\/www.trustedtranslations.com\/pt-br\/#website","url":"https:\/\/www.trustedtranslations.com\/pt-br\/","name":"Trusted Translations, Inc.","description":"Leader in translation and interpretation services.","publisher":{"@id":"https:\/\/www.trustedtranslations.com\/pt-br\/#organization"},"alternateName":"Trusted Translations","potentialAction":[{"@type":"SearchAction","target":{"@type":"EntryPoint","urlTemplate":"https:\/\/www.trustedtranslations.com\/pt-br\/?s={search_term_string}"},"query-input":{"@type":"PropertyValueSpecification","valueRequired":true,"valueName":"search_term_string"}}],"inLanguage":"pt-BR"},{"@type":"Organization","@id":"https:\/\/www.trustedtranslations.com\/pt-br\/#organization","name":"Trusted Translations","alternateName":"Trusted Translations, Inc.","url":"https:\/\/www.trustedtranslations.com\/pt-br\/","logo":{"@type":"ImageObject","inLanguage":"pt-BR","@id":"https:\/\/www.trustedtranslations.com\/pt-br\/#\/schema\/logo\/image\/","url":"https:\/\/static.trustedtranslations.com\/wp-content\/uploads\/2022\/01\/TT_logo_WSIColors-2.png","contentUrl":"https:\/\/static.trustedtranslations.com\/wp-content\/uploads\/2022\/01\/TT_logo_WSIColors-2.png","width":500,"height":196,"caption":"Trusted Translations"},"image":{"@id":"https:\/\/www.trustedtranslations.com\/pt-br\/#\/schema\/logo\/image\/"},"sameAs":["https:\/\/www.facebook.com\/Trusted.Translations","https:\/\/x.com\/TrustedT9ns","https:\/\/www.linkedin.com\/company\/trusted-translations"]}]}},"toolset-meta":{"dyk":{"mensaje-1":{"type":"textfield","raw":"Fornecemos a empresas da Fortune 500 tradu\u00e7\u00f5es com pre\u00e7os de 25% a 50% mais baixos do que os praticados no mercado."},"mensaje-2":{"type":"textfield","raw":"Todas as tradu\u00e7\u00f5es realizadas pelas nossas equipes de especialistas s\u00e3o certificadas pela Lloyd's of London."},"mensaje-3":{"type":"textfield","raw":"A Trusted Translations tem orgulho de patrocinar o Hospital de Pesquisa Infantil St. Jude."},"mensaje-4":{"type":"textfield","raw":"Fazemos parte das \u201c500 melhores empresas hisp\u00e2nicas\u201d nos Estados Unidos."},"mensaje-5":{"type":"textfield","raw":""},"mensaje-6":{"type":"textfield","raw":""}},"single-page-template-fields":{"imgs-temp":{"type":"image","raw":["https:\/\/static.trustedtranslations.com\/wp-content\/uploads\/2024\/06\/sports-1.webp"],"repeatable":[{"raw":"https:\/\/static.trustedtranslations.com\/wp-content\/uploads\/2024\/06\/sports-1.webp"}]},"imgs-temp-cel":{"type":"image","raw":[""],"repeatable":[{"raw":""}]},"img-temp-one-cel":{"type":"image","raw":"https:\/\/static.trustedtranslations.com\/wp-content\/uploads\/2024\/06\/sports-2.webp","attachment_id":null},"quotes":{"type":"textarea","raw":"<h1 style=\"margin-bottom: 12px;\">Servi\u00e7os de tradu\u00e7\u00e3o esportiva<\/h1>Seja voc\u00ea um fan\u00e1tico por futebol ou um espectador casual das Olimp\u00edadas, a natureza cada vez mais internacional dos esportes chega com uma necessidade cr\u00edtica de tradu\u00e7\u00f5es esportivas de alta qualidade. De tradu\u00e7\u00f5es no setor do esporte, como tradu\u00e7\u00f5es de documentos e legendagem, at\u00e9 conte\u00fados que atingem milh\u00f5es de f\u00e3s de esportes em todo o mundo, a Trusted Translations fornece servi\u00e7os especializados de tradu\u00e7\u00e3o esportiva para atender seus projetos.<div style=\"margin-top: 2.5vw;\"><a class=\"tt-btn-main-cta\" href=\"\/pt-br\/solicitud-orcamento\">SOLICITE UM OR\u00c7AMENTO GRATUITO<\/a><\/div>"},"text-1":{"type":"textarea","raw":"<h2 style=\"margin-bottom: 20px\">Fornecedora experiente de tradu\u00e7\u00f5es esportivas para os principais <i>players<\/i><\/h2>\r\nA natureza complicada e em constante mudan\u00e7a da terminologia esportiva requer tradutores especializados e com conhecimento profundo do setor. Com mais de 20 anos de experi\u00eancia comprovada em tradu\u00e7\u00e3o e interpreta\u00e7\u00e3o, a <em>Trusted Translations<\/em> \u00e9 parceira de grandes organiza\u00e7\u00f5es esportivas e redes de televis\u00e3o, bem como de empresas multinacionais, incluindo a maior empresa de material esportivo do mundo, a Nike, e de grandes atletas, como Neymar Jr. Em 2017, fomos <a href=\"https:\/\/www.trustedtranslations.com\/blog\/nike-trusted-translations-neymar\">contratados pela Nike para fornecer servi\u00e7os de interpreta\u00e7\u00e3o para Neymar Jr.<\/a> enquanto ele estava em L.A. durante um <i>tour de force <\/i>promocional, que incluiu uma apari\u00e7\u00e3o no <em>Jimmy Kimmel Live!<\/em> Tamb\u00e9m fornecemos servi\u00e7os de tradu\u00e7\u00e3o esportiva de alta qualidade para: a FIFA, os Globetrotters, os Houston Rockets, os Texas Rangers e os Anaheim Ducks, entre outros.\r\n\r\nA tradu\u00e7\u00e3o esportiva tamb\u00e9m exige aten\u00e7\u00e3o cuidadosa \u00e0 conformidade com a seguran\u00e7a, \u00e0s normas internacionais de qualidade e \u00e0 confidencialidade. A <em>Trusted Translations <\/em>atende e supera as normas de qualidade ISO em servi\u00e7os de tradu\u00e7\u00e3o e interpreta\u00e7\u00e3o, e nossos tradutores especializados entendem bem sobre a confidencialidade e a seguran\u00e7a de todos os materiais.\r\n<h2 style=\"margin-bottom: 20px\">Ao redor do mundo<\/h2>\r\nOs esportes s\u00e3o sempre chamados de \u201clinguagem universal\u201d, unindo pessoas de todas as idades, origens e fronteiras. No entanto, uma grande quantidade de suporte lingu\u00edstico \u00e9 necess\u00e1ria para fazer com que essa linguagem universal alcance p\u00fablicos multil\u00edngues em todo o mundo. Um exemplo foram os Jogos Ol\u00edmpicos de T\u00f3quio em 2021, que contou com 100 int\u00e9rpretes da primeira prateleira para entregar conte\u00fado em mais de 11 idiomas.\r\n\r\n\u00c0 medida que os eventos esportivos continuam a se espalhar para novos mercados em todo o mundo, as tradu\u00e7\u00f5es esportivas de alta qualidade s\u00e3o essenciais para ajudar sua empresa a ter sucesso neste pujante setor global."},"shortcode-map":{"type":"textfield","raw":""},"dyk-shortcode":{"type":"textfield","raw":"[elementor-template id=\"147273\"]"},"text-2":{"type":"textarea","raw":"<h2 style=\"margin-bottom: 20px\">Benef\u00edcios das tradu\u00e7\u00f5es esportivas de n\u00edvel mais alto<\/h2>\r\nQuando o assunto \u00e9 ter lucro, a ind\u00fastria do esporte \u00e9 campe\u00e3. De acordo com um relat\u00f3rio de mercado recente, espera-se que o mercado esportivo global alcance um valor de quase US$\u00a0600 bilh\u00f5es at\u00e9 2025.\r\n\r\nComo resultado, a tradu\u00e7\u00e3o se torna mais crucial do que nunca para organiza\u00e7\u00f5es esportivas globais que buscam aumentar seu p\u00fablico de entretenimento e streaming. O FIFA+, por exemplo, uma plataforma digital que d\u00e1 acesso a mais de 40.000 partidas de futebol ao vivo do mundo todo, investiu em conte\u00fado localizado em dez idiomas, incluindo ingl\u00eas, franc\u00eas, espanhol, alem\u00e3o, portugu\u00eas, indon\u00e9sio, italiano, japon\u00eas, coreano e \u00e1rabe.\r\n\r\nOs servi\u00e7os de tradu\u00e7\u00e3o esportiva tamb\u00e9m se tornam cada vez mais importantes para as ligas esportivas profissionais. Em 2016, por exemplo, a Major League Baseball (MLB) exigiu que cada time de beisebol contratasse um int\u00e9rprete profissional do espanhol para o ingl\u00eas para dar suporte aos jogadores da liga, com quase 30% dos mesmos sendo da Am\u00e9rica Latina. \u00c0 medida que mais e mais jogadores viajam internacionalmente para praticar esportes profissionalmente, as empresas t\u00eam uma enorme oportunidade de alcan\u00e7ar novos p\u00fablicos em um idioma estrangeiro.\r\n\r\nAo mesmo tempo, fazer neg\u00f3cios em um setor t\u00e3o especializado exige uma tradu\u00e7\u00e3o cuidadosa, para garantir que sua marca, produtos, termos t\u00e9cnicos e documenta\u00e7\u00f5es estejam corretos em diferentes idiomas.\r\n<h2 style=\"margin-bottom: 20px\">Tipos de tradu\u00e7\u00e3o esportiva<\/h2>\r\nDada a variedade de setores dentro do grande mercado de esportes, existem muitos tipos diferentes de servi\u00e7os de tradu\u00e7\u00e3o esportiva que voc\u00ea pode explorar para atender suas necessidades.\r\n<h3>Tradu\u00e7\u00e3o de documentos<\/h3>\r\nUma documenta\u00e7\u00e3o traduzida com precis\u00e3o \u00e9 prioridade, tanto para proteger a integridade de sua marca quanto para expandir seu p\u00fablico. Se voc\u00ea precisa traduzir contratos de patroc\u00ednio, direitos de transmiss\u00e3o, contratos de jogadores, memorandos de rela\u00e7\u00f5es p\u00fablicas, manuais de equipamentos, materiais jur\u00eddicos locais ou outros tipos de documenta\u00e7\u00e3o, a <em>Trusted Translations <\/em>oferece um rigoroso processo de tradu\u00e7\u00e3o de documentos esportivos que oferece precis\u00e3o, bem como prazos de entrega curtos e custo-benef\u00edcio.\r\n<h3>Legendagem<\/h3>\r\nExistem dois tipos gerais de legendagem esportiva, em tempo real e ass\u00edncrona. Legendar um evento esportivo ao vivo requer aten\u00e7\u00e3o excepcional aos detalhes e amplo conhecimento do assunto; os \u201clegendadores\u201d devem alternar rapidamente entre a locu\u00e7\u00e3o, os coment\u00e1rios e as estat\u00edsticas. Legendar um <i>replay<\/i>, embora com menos press\u00e3o de tempo, requer conhecimento profundo do jarg\u00e3o e regras do esporte, assim como das exig\u00eancias internacionais de legendagem. Portanto, \u00e9 melhor trabalhar com tradutores que j\u00e1 tenham muita <a href=\"https:\/\/www.trustedtranslations.com\/pt-br\/servicos\/humana\/multimidia\">experi\u00eancia em legendagem<\/a>.\r\n<h3>M\u00eddias sociais e publicidade<\/h3>\r\nA publicidade \u00e9 uma parte enorme da ind\u00fastria esportiva\u2014basta considerar como as grandes marcas competem para conseguir espa\u00e7os comerciais no hor\u00e1rio nobre de eventos como o Super Bowl ou a Copa do Mundo da FIFA. Os clubes, as ligas profissionais e as empresas do setor tamb\u00e9m aumentaram significativamente o uso das m\u00eddias sociais para atrair as gera\u00e7\u00f5es mais jovens e que mexem bem com a internet. Panfletos, an\u00fancios, postagens em m\u00eddias sociais e outras formas de conte\u00fado de marketing precisam de uma tradu\u00e7\u00e3o que molde sua mensagem para atrair p\u00fablicos diferentes.\r\n<h3>eLearning nos esportes<\/h3>\r\nCada vez mais, as organiza\u00e7\u00f5es esportivas usam <a href=\"https:\/\/www.trustedtranslations.com\/pt-br\/setores\/elearning-e-localizacao\">plataformas de eLearning<\/a> para fornecer treinamentos em v\u00eddeo, instru\u00e7\u00f5es remotas e feedback para jogadores em esportes t\u00e3o variados quanto gin\u00e1stica, basquete ou t\u00eanis. As empresas tamb\u00e9m desenvolveram cursos de treinamento em eLearning para treinadores, preparadores f\u00edsicos, analistas esportivos e outros especialistas no setor. A tradu\u00e7\u00e3o esportiva de qualidade garante que esses cursos repassem suas aulas de maneira eficaz a uma base global de atletas e funcion\u00e1rios.\r\n<h3>Mercadorias\/Produtos esportivos<\/h3>\r\nUma quantidade infinita de linhas de produtos f\u00edsicos para torcedores e jogadores est\u00e1 \u00e0 venda em lojas do mundo todo. Essas mercadorias v\u00eam com embalagem e informa\u00e7\u00f5es da marca que devem ser adequadamente traduzidas e localizadas para v\u00e1rios mercados. Al\u00e9m disso, quando se trata de equipamentos esportivos e de gin\u00e1stica, a tradu\u00e7\u00e3o precisa dos manuais e instru\u00e7\u00f5es de seguran\u00e7a pode ser n\u00e3o apenas importante, mas crucial para a integridade de todos os envolvidos.\r\n\r\nPara saber mais sobre como a <em>Trusted Translations <\/em>pode fornecer solu\u00e7\u00f5es econ\u00f4micas para suas necessidades de tradu\u00e7\u00e3o esportiva, fale conosco hoje mesmo."},"state":{"type":"textfield","raw":""},"city":{"type":"textarea","raw":[]}}},"_links":{"self":[{"href":"https:\/\/www.trustedtranslations.com\/pt-br\/wp-json\/wp\/v2\/pages\/181580","targetHints":{"allow":["GET"]}}],"collection":[{"href":"https:\/\/www.trustedtranslations.com\/pt-br\/wp-json\/wp\/v2\/pages"}],"about":[{"href":"https:\/\/www.trustedtranslations.com\/pt-br\/wp-json\/wp\/v2\/types\/page"}],"author":[{"embeddable":true,"href":"https:\/\/www.trustedtranslations.com\/pt-br\/wp-json\/wp\/v2\/users\/1"}],"replies":[{"embeddable":true,"href":"https:\/\/www.trustedtranslations.com\/pt-br\/wp-json\/wp\/v2\/comments?post=181580"}],"version-history":[{"count":0,"href":"https:\/\/www.trustedtranslations.com\/pt-br\/wp-json\/wp\/v2\/pages\/181580\/revisions"}],"up":[{"embeddable":true,"href":"https:\/\/www.trustedtranslations.com\/pt-br\/wp-json\/wp\/v2\/pages\/135074"}],"wp:featuredmedia":[{"embeddable":true,"href":"https:\/\/www.trustedtranslations.com\/pt-br\/wp-json\/wp\/v2\/media\/160117"}],"wp:attachment":[{"href":"https:\/\/www.trustedtranslations.com\/pt-br\/wp-json\/wp\/v2\/media?parent=181580"}],"curies":[{"name":"wp","href":"https:\/\/api.w.org\/{rel}","templated":true}]}}