{"id":182701,"date":"2023-02-10T16:58:29","date_gmt":"2023-02-10T19:58:29","guid":{"rendered":"https:\/\/www.trustedtranslations.com\/?page_id=182701"},"modified":"2024-09-10T18:30:30","modified_gmt":"2024-09-10T21:30:30","slug":"teams","status":"publish","type":"page","link":"https:\/\/www.trustedtranslations.com\/pt-br\/servicos\/vri\/teams","title":{"rendered":"Teams"},"content":{"rendered":"","protected":false},"excerpt":{"rendered":"","protected":false},"author":1,"featured_media":244621,"parent":160047,"menu_order":1,"comment_status":"closed","ping_status":"closed","template":"","meta":{"site-sidebar-layout":"default","site-content-layout":"default","ast-site-content-layout":"default","site-content-style":"default","site-sidebar-style":"default","ast-global-header-display":"","ast-banner-title-visibility":"","ast-main-header-display":"","ast-hfb-above-header-display":"","ast-hfb-below-header-display":"","ast-hfb-mobile-header-display":"","site-post-title":"disabled","ast-breadcrumbs-content":"","ast-featured-img":"","footer-sml-layout":"","ast-disable-related-posts":"","theme-transparent-header-meta":"default","adv-header-id-meta":"","stick-header-meta":"","header-above-stick-meta":"","header-main-stick-meta":"","header-below-stick-meta":"","astra-migrate-meta-layouts":"set","ast-page-background-enabled":"default","ast-page-background-meta":{"desktop":{"background-color":"var(--ast-global-color-4)","background-image":"","background-repeat":"repeat","background-position":"center center","background-size":"auto","background-attachment":"scroll","background-type":"","background-media":"","overlay-type":"","overlay-color":"","overlay-opacity":"","overlay-gradient":""},"tablet":{"background-color":"","background-image":"","background-repeat":"repeat","background-position":"center center","background-size":"auto","background-attachment":"scroll","background-type":"","background-media":"","overlay-type":"","overlay-color":"","overlay-opacity":"","overlay-gradient":""},"mobile":{"background-color":"","background-image":"","background-repeat":"repeat","background-position":"center center","background-size":"auto","background-attachment":"scroll","background-type":"","background-media":"","overlay-type":"","overlay-color":"","overlay-opacity":"","overlay-gradient":""}},"ast-content-background-meta":{"desktop":{"background-color":"var(--ast-global-color-5)","background-image":"","background-repeat":"repeat","background-position":"center center","background-size":"auto","background-attachment":"scroll","background-type":"","background-media":"","overlay-type":"","overlay-color":"","overlay-opacity":"","overlay-gradient":""},"tablet":{"background-color":"var(--ast-global-color-5)","background-image":"","background-repeat":"repeat","background-position":"center center","background-size":"auto","background-attachment":"scroll","background-type":"","background-media":"","overlay-type":"","overlay-color":"","overlay-opacity":"","overlay-gradient":""},"mobile":{"background-color":"var(--ast-global-color-5)","background-image":"","background-repeat":"repeat","background-position":"center center","background-size":"auto","background-attachment":"scroll","background-type":"","background-media":"","overlay-type":"","overlay-color":"","overlay-opacity":"","overlay-gradient":""}},"footnotes":""},"class_list":["post-182701","page","type-page","status-publish","has-post-thumbnail","hentry"],"yoast_head":"<!-- This site is optimized with the Yoast SEO plugin v27.5 - https:\/\/yoast.com\/product\/yoast-seo-wordpress\/ -->\n<title>Servi\u00e7os de interpreta\u00e7\u00e3o do Microsoft Teams - Trusted Translations, Inc.<\/title>\n<meta name=\"description\" content=\"A Trusted Translations \u00e9 l\u00edder em servi\u00e7os de interpreta\u00e7\u00e3o de idiomas para o Microsoft Teams. Ligue para n\u00f3s e solicite um or\u00e7amento ou consulta gratuitos.\" \/>\n<meta name=\"robots\" content=\"index, follow, max-snippet:-1, max-image-preview:large, max-video-preview:-1\" \/>\n<link rel=\"canonical\" href=\"https:\/\/www.trustedtranslations.com\/pt-br\/servicos\/vri\/teams\" \/>\n<meta property=\"og:locale\" content=\"pt_BR\" \/>\n<meta property=\"og:type\" content=\"article\" \/>\n<meta property=\"og:title\" content=\"Servi\u00e7os de interpreta\u00e7\u00e3o do Microsoft Teams - Trusted Translations, Inc.\" \/>\n<meta property=\"og:description\" content=\"A Trusted Translations \u00e9 l\u00edder em servi\u00e7os de interpreta\u00e7\u00e3o de idiomas para o Microsoft Teams. Ligue para n\u00f3s e solicite um or\u00e7amento ou consulta gratuitos.\" \/>\n<meta property=\"og:url\" content=\"https:\/\/www.trustedtranslations.com\/pt-br\/servicos\/vri\/teams\" \/>\n<meta property=\"og:site_name\" content=\"Trusted Translations, Inc.\" \/>\n<meta property=\"article:publisher\" content=\"https:\/\/www.facebook.com\/Trusted.Translations\" \/>\n<meta property=\"article:modified_time\" content=\"2024-09-10T21:30:30+00:00\" \/>\n<meta property=\"og:image\" content=\"https:\/\/static.trustedtranslations.com\/wp-content\/uploads\/2024\/02\/TT-ICON_Remote-Multilingual-Inte-10.webp\" \/>\n\t<meta property=\"og:image:width\" content=\"151\" \/>\n\t<meta property=\"og:image:height\" content=\"151\" \/>\n\t<meta property=\"og:image:type\" content=\"image\/webp\" \/>\n<meta name=\"twitter:card\" content=\"summary_large_image\" \/>\n<meta name=\"twitter:site\" content=\"@TrustedT9ns\" \/>\n<script type=\"application\/ld+json\" class=\"yoast-schema-graph\">{\"@context\":\"https:\\\/\\\/schema.org\",\"@graph\":[{\"@type\":\"WebPage\",\"@id\":\"https:\\\/\\\/www.trustedtranslations.com\\\/pt-br\\\/servicos\\\/vri\\\/teams\",\"url\":\"https:\\\/\\\/www.trustedtranslations.com\\\/pt-br\\\/servicos\\\/vri\\\/teams\",\"name\":\"Servi\u00e7os de interpreta\u00e7\u00e3o do Microsoft Teams - Trusted Translations, Inc.\",\"isPartOf\":{\"@id\":\"https:\\\/\\\/www.trustedtranslations.com\\\/pt-br\\\/#website\"},\"primaryImageOfPage\":{\"@id\":\"https:\\\/\\\/www.trustedtranslations.com\\\/pt-br\\\/servicos\\\/vri\\\/teams#primaryimage\"},\"image\":{\"@id\":\"https:\\\/\\\/www.trustedtranslations.com\\\/pt-br\\\/servicos\\\/vri\\\/teams#primaryimage\"},\"thumbnailUrl\":\"https:\\\/\\\/www.trustedtranslations.com\\\/wp-content\\\/uploads\\\/2024\\\/02\\\/TT-ICON_Remote-Multilingual-Inte-10.webp\",\"description\":\"A Trusted Translations \u00e9 l\u00edder em servi\u00e7os de interpreta\u00e7\u00e3o de idiomas para o Microsoft Teams. Ligue para n\u00f3s e solicite um or\u00e7amento ou consulta gratuitos.\",\"breadcrumb\":{\"@id\":\"https:\\\/\\\/www.trustedtranslations.com\\\/pt-br\\\/servicos\\\/vri\\\/teams#breadcrumb\"},\"inLanguage\":\"pt-BR\",\"potentialAction\":[{\"@type\":\"ReadAction\",\"target\":[\"https:\\\/\\\/www.trustedtranslations.com\\\/pt-br\\\/servicos\\\/vri\\\/teams\"]}]},{\"@type\":\"ImageObject\",\"inLanguage\":\"pt-BR\",\"@id\":\"https:\\\/\\\/www.trustedtranslations.com\\\/pt-br\\\/servicos\\\/vri\\\/teams#primaryimage\",\"url\":\"https:\\\/\\\/www.trustedtranslations.com\\\/wp-content\\\/uploads\\\/2024\\\/02\\\/TT-ICON_Remote-Multilingual-Inte-10.webp\",\"contentUrl\":\"https:\\\/\\\/www.trustedtranslations.com\\\/wp-content\\\/uploads\\\/2024\\\/02\\\/TT-ICON_Remote-Multilingual-Inte-10.webp\",\"width\":151,\"height\":151,\"caption\":\"TT ICON Remote Multilingual Inte 10\"},{\"@type\":\"BreadcrumbList\",\"@id\":\"https:\\\/\\\/www.trustedtranslations.com\\\/pt-br\\\/servicos\\\/vri\\\/teams#breadcrumb\",\"itemListElement\":[{\"@type\":\"ListItem\",\"position\":1,\"name\":\"Home\",\"item\":\"https:\\\/\\\/www.trustedtranslations.com\\\/pt-br\"},{\"@type\":\"ListItem\",\"position\":2,\"name\":\"Servi\u00e7os\",\"item\":\"https:\\\/\\\/www.trustedtranslations.com\\\/pt-br\\\/servicos\"},{\"@type\":\"ListItem\",\"position\":3,\"name\":\"Interpreta\u00e7\u00e3o Remota por V\u00eddeo (VRI)\",\"item\":\"https:\\\/\\\/www.trustedtranslations.com\\\/pt-br\\\/servicos\\\/vri\"},{\"@type\":\"ListItem\",\"position\":4,\"name\":\"Teams\"}]},{\"@type\":\"WebSite\",\"@id\":\"https:\\\/\\\/www.trustedtranslations.com\\\/pt-br\\\/#website\",\"url\":\"https:\\\/\\\/www.trustedtranslations.com\\\/pt-br\\\/\",\"name\":\"Trusted Translations, Inc.\",\"description\":\"Leader in translation and interpretation services.\",\"publisher\":{\"@id\":\"https:\\\/\\\/www.trustedtranslations.com\\\/pt-br\\\/#organization\"},\"alternateName\":\"Trusted Translations\",\"potentialAction\":[{\"@type\":\"SearchAction\",\"target\":{\"@type\":\"EntryPoint\",\"urlTemplate\":\"https:\\\/\\\/www.trustedtranslations.com\\\/pt-br\\\/?s={search_term_string}\"},\"query-input\":{\"@type\":\"PropertyValueSpecification\",\"valueRequired\":true,\"valueName\":\"search_term_string\"}}],\"inLanguage\":\"pt-BR\"},{\"@type\":\"Organization\",\"@id\":\"https:\\\/\\\/www.trustedtranslations.com\\\/pt-br\\\/#organization\",\"name\":\"Trusted Translations\",\"alternateName\":\"Trusted Translations, Inc.\",\"url\":\"https:\\\/\\\/www.trustedtranslations.com\\\/pt-br\\\/\",\"logo\":{\"@type\":\"ImageObject\",\"inLanguage\":\"pt-BR\",\"@id\":\"https:\\\/\\\/www.trustedtranslations.com\\\/pt-br\\\/#\\\/schema\\\/logo\\\/image\\\/\",\"url\":\"https:\\\/\\\/static.trustedtranslations.com\\\/wp-content\\\/uploads\\\/2022\\\/01\\\/TT_logo_WSIColors-2.png\",\"contentUrl\":\"https:\\\/\\\/static.trustedtranslations.com\\\/wp-content\\\/uploads\\\/2022\\\/01\\\/TT_logo_WSIColors-2.png\",\"width\":500,\"height\":196,\"caption\":\"Trusted Translations\"},\"image\":{\"@id\":\"https:\\\/\\\/www.trustedtranslations.com\\\/pt-br\\\/#\\\/schema\\\/logo\\\/image\\\/\"},\"sameAs\":[\"https:\\\/\\\/www.facebook.com\\\/Trusted.Translations\",\"https:\\\/\\\/x.com\\\/TrustedT9ns\",\"https:\\\/\\\/www.linkedin.com\\\/company\\\/trusted-translations\"]}]}<\/script>\n<!-- \/ Yoast SEO plugin. -->","yoast_head_json":{"title":"Servi\u00e7os de interpreta\u00e7\u00e3o do Microsoft Teams - Trusted Translations, Inc.","description":"A Trusted Translations \u00e9 l\u00edder em servi\u00e7os de interpreta\u00e7\u00e3o de idiomas para o Microsoft Teams. Ligue para n\u00f3s e solicite um or\u00e7amento ou consulta gratuitos.","robots":{"index":"index","follow":"follow","max-snippet":"max-snippet:-1","max-image-preview":"max-image-preview:large","max-video-preview":"max-video-preview:-1"},"canonical":"https:\/\/www.trustedtranslations.com\/pt-br\/servicos\/vri\/teams","og_locale":"pt_BR","og_type":"article","og_title":"Servi\u00e7os de interpreta\u00e7\u00e3o do Microsoft Teams - Trusted Translations, Inc.","og_description":"A Trusted Translations \u00e9 l\u00edder em servi\u00e7os de interpreta\u00e7\u00e3o de idiomas para o Microsoft Teams. Ligue para n\u00f3s e solicite um or\u00e7amento ou consulta gratuitos.","og_url":"https:\/\/www.trustedtranslations.com\/pt-br\/servicos\/vri\/teams","og_site_name":"Trusted Translations, Inc.","article_publisher":"https:\/\/www.facebook.com\/Trusted.Translations","article_modified_time":"2024-09-10T21:30:30+00:00","og_image":[{"width":151,"height":151,"url":"https:\/\/static.trustedtranslations.com\/wp-content\/uploads\/2024\/02\/TT-ICON_Remote-Multilingual-Inte-10.webp","type":"image\/webp"}],"twitter_card":"summary_large_image","twitter_site":"@TrustedT9ns","schema":{"@context":"https:\/\/schema.org","@graph":[{"@type":"WebPage","@id":"https:\/\/www.trustedtranslations.com\/pt-br\/servicos\/vri\/teams","url":"https:\/\/www.trustedtranslations.com\/pt-br\/servicos\/vri\/teams","name":"Servi\u00e7os de interpreta\u00e7\u00e3o do Microsoft Teams - Trusted Translations, Inc.","isPartOf":{"@id":"https:\/\/www.trustedtranslations.com\/pt-br\/#website"},"primaryImageOfPage":{"@id":"https:\/\/www.trustedtranslations.com\/pt-br\/servicos\/vri\/teams#primaryimage"},"image":{"@id":"https:\/\/www.trustedtranslations.com\/pt-br\/servicos\/vri\/teams#primaryimage"},"thumbnailUrl":"https:\/\/www.trustedtranslations.com\/wp-content\/uploads\/2024\/02\/TT-ICON_Remote-Multilingual-Inte-10.webp","description":"A Trusted Translations \u00e9 l\u00edder em servi\u00e7os de interpreta\u00e7\u00e3o de idiomas para o Microsoft Teams. Ligue para n\u00f3s e solicite um or\u00e7amento ou consulta gratuitos.","breadcrumb":{"@id":"https:\/\/www.trustedtranslations.com\/pt-br\/servicos\/vri\/teams#breadcrumb"},"inLanguage":"pt-BR","potentialAction":[{"@type":"ReadAction","target":["https:\/\/www.trustedtranslations.com\/pt-br\/servicos\/vri\/teams"]}]},{"@type":"ImageObject","inLanguage":"pt-BR","@id":"https:\/\/www.trustedtranslations.com\/pt-br\/servicos\/vri\/teams#primaryimage","url":"https:\/\/www.trustedtranslations.com\/wp-content\/uploads\/2024\/02\/TT-ICON_Remote-Multilingual-Inte-10.webp","contentUrl":"https:\/\/www.trustedtranslations.com\/wp-content\/uploads\/2024\/02\/TT-ICON_Remote-Multilingual-Inte-10.webp","width":151,"height":151,"caption":"TT ICON Remote Multilingual Inte 10"},{"@type":"BreadcrumbList","@id":"https:\/\/www.trustedtranslations.com\/pt-br\/servicos\/vri\/teams#breadcrumb","itemListElement":[{"@type":"ListItem","position":1,"name":"Home","item":"https:\/\/www.trustedtranslations.com\/pt-br"},{"@type":"ListItem","position":2,"name":"Servi\u00e7os","item":"https:\/\/www.trustedtranslations.com\/pt-br\/servicos"},{"@type":"ListItem","position":3,"name":"Interpreta\u00e7\u00e3o Remota por V\u00eddeo (VRI)","item":"https:\/\/www.trustedtranslations.com\/pt-br\/servicos\/vri"},{"@type":"ListItem","position":4,"name":"Teams"}]},{"@type":"WebSite","@id":"https:\/\/www.trustedtranslations.com\/pt-br\/#website","url":"https:\/\/www.trustedtranslations.com\/pt-br\/","name":"Trusted Translations, Inc.","description":"Leader in translation and interpretation services.","publisher":{"@id":"https:\/\/www.trustedtranslations.com\/pt-br\/#organization"},"alternateName":"Trusted Translations","potentialAction":[{"@type":"SearchAction","target":{"@type":"EntryPoint","urlTemplate":"https:\/\/www.trustedtranslations.com\/pt-br\/?s={search_term_string}"},"query-input":{"@type":"PropertyValueSpecification","valueRequired":true,"valueName":"search_term_string"}}],"inLanguage":"pt-BR"},{"@type":"Organization","@id":"https:\/\/www.trustedtranslations.com\/pt-br\/#organization","name":"Trusted Translations","alternateName":"Trusted Translations, Inc.","url":"https:\/\/www.trustedtranslations.com\/pt-br\/","logo":{"@type":"ImageObject","inLanguage":"pt-BR","@id":"https:\/\/www.trustedtranslations.com\/pt-br\/#\/schema\/logo\/image\/","url":"https:\/\/static.trustedtranslations.com\/wp-content\/uploads\/2022\/01\/TT_logo_WSIColors-2.png","contentUrl":"https:\/\/static.trustedtranslations.com\/wp-content\/uploads\/2022\/01\/TT_logo_WSIColors-2.png","width":500,"height":196,"caption":"Trusted Translations"},"image":{"@id":"https:\/\/www.trustedtranslations.com\/pt-br\/#\/schema\/logo\/image\/"},"sameAs":["https:\/\/www.facebook.com\/Trusted.Translations","https:\/\/x.com\/TrustedT9ns","https:\/\/www.linkedin.com\/company\/trusted-translations"]}]}},"toolset-meta":{"dyk":{"mensaje-1":{"type":"textfield","raw":"Fornecemos tradu\u00e7\u00f5es a empresas da Fortune 500 com pre\u00e7os de 25% a 50% mais baixos do que os praticados no mercado."},"mensaje-2":{"type":"textfield","raw":"Todas as tradu\u00e7\u00f5es realizadas pelas nossas equipes de especialistas s\u00e3o certificadas pela Lloyd's of London."},"mensaje-3":{"type":"textfield","raw":"A Trusted Translations tem orgulho de patrocinar o Hospital de Pesquisa Infantil St. Jude."},"mensaje-4":{"type":"textfield","raw":"Fazemos parte das \u201c500 melhores empresas hisp\u00e2nicas\u201d nos Estados Unidos."},"mensaje-5":{"type":"textfield","raw":"A Trusted Translations tem mais de 5.000 clientes satisfeitos, abrangendo quase todos os setores."},"mensaje-6":{"type":"textfield","raw":""}},"single-page-template-fields":{"imgs-temp":{"type":"image","raw":["https:\/\/static.trustedtranslations.com\/wp-content\/uploads\/2024\/07\/ms-teams-1.webp","https:\/\/static.trustedtranslations.com\/wp-content\/uploads\/2024\/07\/ms-teams-3-1.webp"],"repeatable":[{"raw":"https:\/\/static.trustedtranslations.com\/wp-content\/uploads\/2024\/07\/ms-teams-1.webp"},{"raw":"https:\/\/static.trustedtranslations.com\/wp-content\/uploads\/2024\/07\/ms-teams-3-1.webp"}]},"imgs-temp-cel":{"type":"image","raw":[""],"repeatable":[{"raw":""}]},"img-temp-one-cel":{"type":"image","raw":"https:\/\/static.trustedtranslations.com\/wp-content\/uploads\/2024\/07\/ms-teams-2-1.webp","attachment_id":null},"quotes":{"type":"textarea","raw":"<h1 style=\"margin-bottom: 12px;\">Servi\u00e7os de interpreta\u00e7\u00e3o multil\u00edngue remota no Teams<\/h1>\r\nEntre as diversas op\u00e7\u00f5es de plataformas de trabalho remoto, o Microsoft Teams surgiu na vanguarda global e como principal alternativa ao Zoom. Na Trusted Translations, fornecemos servi\u00e7os profissionais de interpreta\u00e7\u00e3o remota de alta qualidade para reuni\u00f5es, webinars<i> <\/i>e outros eventos no Teams.\r\n<div style=\"margin-top: 2.5vw;\"><a class=\"tt-btn-main-cta\" href=\"https:\/\/www.trustedtranslations.com\/pt-br\/solicitud-orcamento\">Solicite um or\u00e7amento gratuito<\/a>"},"text-1":{"type":"textarea","raw":"<h2>Interpreta\u00e7\u00e3o profissional para reuni\u00f5es e webinars<i> <\/i>no Teams<\/h2>\r\n<img class=\"alignleft wp-image-177225\" src=\"https:\/\/static.trustedtranslations.com\/wp-content\/uploads\/2023\/01\/ms-teams-3-1-1-300x200.jpg\" alt=\"\" width=\"500\" height=\"334\" \/>\r\n\r\nDesenvolvido pela grande pot\u00eancia da tecnologia, a Microsoft, n\u00e3o \u00e9 surpresa que o Microsoft Teams seja uma plataforma de colabora\u00e7\u00e3o global l\u00edder. De fato, com aproximadamente 270 milh\u00f5es de usu\u00e1rios ativos mensais em 2022, o Teams \u00e9 a plataforma de comunica\u00e7\u00e3o comercial mais popular do mundo. Caso esteja procurando servi\u00e7os de interpreta\u00e7\u00e3o profissional para suas reuni\u00f5es no Teams, a Trusted Translations trabalhar\u00e1 com voc\u00ea para atribuir int\u00e9rpretes qualificados para interpreta\u00e7\u00e3o remota simult\u00e2nea ou consecutiva.\r\n\r\nDesde setembro de 2022, o Teams disponibiliza a interpreta\u00e7\u00e3o de idiomas para reuni\u00f5es agendadas, reuni\u00f5es de canal, reuni\u00f5es com at\u00e9 1.000 participantes e webinars. Ao adicionar a interpreta\u00e7\u00e3o multil\u00edngue ao Teams, os organizadores podem incluir at\u00e9 16 pares de idiomas diferentes (por exemplo, ingl\u00eas para espanhol) e quantos int\u00e9rpretes forem necess\u00e1rios aos 16 pares de idiomas.\r\nDepois de habilitar a interpreta\u00e7\u00e3o de idioma nas configura\u00e7\u00f5es do Teams, o organizador simplesmente busca ou seleciona o nome de um int\u00e9rprete e escolhe o idioma de origem e o de destino. Observe que, como o Teams atualmente permite apenas interpreta\u00e7\u00e3o unidirecional, para reuni\u00f5es que envolvam v\u00e1rios idiomas de origem, voc\u00ea ter\u00e1 que adicionar mais int\u00e9rpretes.\r\n<h2>Benef\u00edcios das reuni\u00f5es multil\u00edngues no Teams<\/h2>\r\nPor que usar o Teams para interpreta\u00e7\u00e3o multil\u00edngue remota? Ao contr\u00e1rio do Zoom, que \u00e9 apenas uma plataforma de videoconfer\u00eancia, a natureza completa do Teams oferece alguns benef\u00edcios adicionais:\r\n<ul>\r\n \t<li>A profunda integra\u00e7\u00e3o com os produtos Office 365 fornece uma f\u00e1cil coordena\u00e7\u00e3o de documentos, planilhas, listas de tarefas, etc.<\/li>\r\n \t<li>\u00a0Mantido pela Microsoft, que oferece suporte t\u00e9cnico em mais de 40 idiomas<\/li>\r\n \t<li>Sem custo adicional, caso voc\u00ea j\u00e1 tenha uma conta Microsoft Business<\/li>\r\n \t<li>J\u00e1 usado por in\u00fameras organiza\u00e7\u00f5es internacionais em todo o mundo<\/li>\r\n<\/ul>\r\nNo geral, a interpreta\u00e7\u00e3o remota por v\u00eddeo tamb\u00e9m pode reduzir os custos de deslocamento e aluguel de equipamentos, melhorando sua acessibilidade a um p\u00fablico mais amplo."},"shortcode-map":{"type":"textfield","raw":""},"dyk-shortcode":{"type":"textfield","raw":"[elementor-template id=\"147273\"]"},"text-2":{"type":"textarea","raw":"<h2>Limita\u00e7\u00f5es do Teams para interpreta\u00e7\u00e3o remota<\/h2>\r\nJuntamente com suas diversas vantagens, existem v\u00e1rios recursos do Microsoft Teams aos quais voc\u00ea deve estar atento ao escolher uma plataforma de interpreta\u00e7\u00e3o remota.\r\n<ul>\r\n \t<li>A interpreta\u00e7\u00e3o em uma sala de reuni\u00f5es principal n\u00e3o ser\u00e1 transmitida para as salas secund\u00e1rias<\/li>\r\n \t<li>Em uma sess\u00e3o gravada, o \u00e1udio do int\u00e9rprete n\u00e3o estar\u00e1 presente na grava\u00e7\u00e3o<\/li>\r\n \t<li>A interpreta\u00e7\u00e3o n\u00e3o est\u00e1 dispon\u00edvel em reuni\u00f5es criptografadas de ponta a ponta (E2EE)<\/li>\r\n \t<li>Pode ser dif\u00edcil atribuir permiss\u00f5es e definir a privacidade, especialmente para int\u00e9rpretes convidados\/externos<\/li>\r\n \t<li>A interface do usu\u00e1rio do Teams tem um processo de aprendizado mais acentuado do que a do Zoom<\/li>\r\n<\/ul>\r\nSe o assunto da sua reuni\u00e3o precisar ser criptografado, por exemplo, ou caso deseje gravar sess\u00f5es multil\u00edngues para download posterior, o Teams pode n\u00e3o ser a melhor op\u00e7\u00e3o. Da mesma forma, a interface de usu\u00e1rio mais complexa do Teams pode representar uma barreira se nem todos os participantes estiverem familiarizados com o Teams. Por outro lado, os recursos de produtividade internos do Teams podem trazer diversos benef\u00edcios para os eventos internos da sua empresa.\r\n<h2>Nossa equipe<img class=\"alignright wp-image-177240\" src=\"https:\/\/static.trustedtranslations.com\/wp-content\/uploads\/2023\/01\/video-remote-interpreter-300x200.jpg\" alt=\"\" width=\"500\" height=\"334\" \/><\/h2>\r\nAinda n\u00e3o tem certeza se o Teams \u00e9 a op\u00e7\u00e3o certa para suas necessidades de interpreta\u00e7\u00e3o remota? A <em>Trusted Translations<\/em> oferece interpreta\u00e7\u00e3o simult\u00e2nea e consecutiva e pode ajud\u00e1-lo a determinar quais servi\u00e7os de interpreta\u00e7\u00e3o funcionar\u00e3o melhor para voc\u00ea. Temos bastante entendimento sobre as complexidades da plataforma Microsoft Teams, bem como sabemos aproveitar melhor a interpreta\u00e7\u00e3o remota para construir conex\u00f5es globais."},"state":{"type":"textfield","raw":""},"city":{"type":"textarea","raw":[]}}},"_links":{"self":[{"href":"https:\/\/www.trustedtranslations.com\/pt-br\/wp-json\/wp\/v2\/pages\/182701","targetHints":{"allow":["GET"]}}],"collection":[{"href":"https:\/\/www.trustedtranslations.com\/pt-br\/wp-json\/wp\/v2\/pages"}],"about":[{"href":"https:\/\/www.trustedtranslations.com\/pt-br\/wp-json\/wp\/v2\/types\/page"}],"author":[{"embeddable":true,"href":"https:\/\/www.trustedtranslations.com\/pt-br\/wp-json\/wp\/v2\/users\/1"}],"replies":[{"embeddable":true,"href":"https:\/\/www.trustedtranslations.com\/pt-br\/wp-json\/wp\/v2\/comments?post=182701"}],"version-history":[{"count":0,"href":"https:\/\/www.trustedtranslations.com\/pt-br\/wp-json\/wp\/v2\/pages\/182701\/revisions"}],"up":[{"embeddable":true,"href":"https:\/\/www.trustedtranslations.com\/pt-br\/wp-json\/wp\/v2\/pages\/160047"}],"wp:featuredmedia":[{"embeddable":true,"href":"https:\/\/www.trustedtranslations.com\/pt-br\/wp-json\/wp\/v2\/media\/244621"}],"wp:attachment":[{"href":"https:\/\/www.trustedtranslations.com\/pt-br\/wp-json\/wp\/v2\/media?parent=182701"}],"curies":[{"name":"wp","href":"https:\/\/api.w.org\/{rel}","templated":true}]}}