{"id":182703,"date":"2023-02-10T17:41:20","date_gmt":"2023-02-10T20:41:20","guid":{"rendered":"https:\/\/www.trustedtranslations.com\/?page_id=182703"},"modified":"2024-09-10T18:37:02","modified_gmt":"2024-09-10T21:37:02","slug":"google-meet","status":"publish","type":"page","link":"https:\/\/www.trustedtranslations.com\/pt-br\/servicos\/vri\/google-meet","title":{"rendered":"Google Meet"},"content":{"rendered":"","protected":false},"excerpt":{"rendered":"","protected":false},"author":1,"featured_media":244669,"parent":160047,"menu_order":2,"comment_status":"closed","ping_status":"closed","template":"","meta":{"site-sidebar-layout":"default","site-content-layout":"default","ast-site-content-layout":"default","site-content-style":"default","site-sidebar-style":"default","ast-global-header-display":"","ast-banner-title-visibility":"","ast-main-header-display":"","ast-hfb-above-header-display":"","ast-hfb-below-header-display":"","ast-hfb-mobile-header-display":"","site-post-title":"disabled","ast-breadcrumbs-content":"","ast-featured-img":"","footer-sml-layout":"","ast-disable-related-posts":"","theme-transparent-header-meta":"default","adv-header-id-meta":"","stick-header-meta":"","header-above-stick-meta":"","header-main-stick-meta":"","header-below-stick-meta":"","astra-migrate-meta-layouts":"set","ast-page-background-enabled":"default","ast-page-background-meta":{"desktop":{"background-color":"var(--ast-global-color-4)","background-image":"","background-repeat":"repeat","background-position":"center center","background-size":"auto","background-attachment":"scroll","background-type":"","background-media":"","overlay-type":"","overlay-color":"","overlay-opacity":"","overlay-gradient":""},"tablet":{"background-color":"","background-image":"","background-repeat":"repeat","background-position":"center center","background-size":"auto","background-attachment":"scroll","background-type":"","background-media":"","overlay-type":"","overlay-color":"","overlay-opacity":"","overlay-gradient":""},"mobile":{"background-color":"","background-image":"","background-repeat":"repeat","background-position":"center center","background-size":"auto","background-attachment":"scroll","background-type":"","background-media":"","overlay-type":"","overlay-color":"","overlay-opacity":"","overlay-gradient":""}},"ast-content-background-meta":{"desktop":{"background-color":"var(--ast-global-color-5)","background-image":"","background-repeat":"repeat","background-position":"center center","background-size":"auto","background-attachment":"scroll","background-type":"","background-media":"","overlay-type":"","overlay-color":"","overlay-opacity":"","overlay-gradient":""},"tablet":{"background-color":"var(--ast-global-color-5)","background-image":"","background-repeat":"repeat","background-position":"center center","background-size":"auto","background-attachment":"scroll","background-type":"","background-media":"","overlay-type":"","overlay-color":"","overlay-opacity":"","overlay-gradient":""},"mobile":{"background-color":"var(--ast-global-color-5)","background-image":"","background-repeat":"repeat","background-position":"center center","background-size":"auto","background-attachment":"scroll","background-type":"","background-media":"","overlay-type":"","overlay-color":"","overlay-opacity":"","overlay-gradient":""}},"footnotes":""},"class_list":["post-182703","page","type-page","status-publish","has-post-thumbnail","hentry"],"yoast_head":"<!-- This site is optimized with the Yoast SEO plugin v27.3 - https:\/\/yoast.com\/product\/yoast-seo-wordpress\/ -->\n<title>Servi\u00e7os de interpreta\u00e7\u00e3o para o Google Meet - Trusted Translations, Inc.<\/title>\n<meta name=\"description\" content=\"A Trusted Translations oferece servi\u00e7os profissionais de VRI para o Google Meet. Melhore suas reuni\u00f5es virtuais com nossas solu\u00e7\u00f5es de interpreta\u00e7\u00e3o confi\u00e1veis. Pe\u00e7a um or\u00e7amento gratuito.\" \/>\n<meta name=\"robots\" content=\"index, follow, max-snippet:-1, max-image-preview:large, max-video-preview:-1\" \/>\n<link rel=\"canonical\" href=\"https:\/\/www.trustedtranslations.com\/pt-br\/servicos\/vri\/google-meet\" \/>\n<meta property=\"og:locale\" content=\"pt_BR\" \/>\n<meta property=\"og:type\" content=\"article\" \/>\n<meta property=\"og:title\" content=\"Servi\u00e7os de interpreta\u00e7\u00e3o para o Google Meet - Trusted Translations, Inc.\" \/>\n<meta property=\"og:description\" content=\"A Trusted Translations oferece servi\u00e7os profissionais de VRI para o Google Meet. Melhore suas reuni\u00f5es virtuais com nossas solu\u00e7\u00f5es de interpreta\u00e7\u00e3o confi\u00e1veis. Pe\u00e7a um or\u00e7amento gratuito.\" \/>\n<meta property=\"og:url\" content=\"https:\/\/www.trustedtranslations.com\/pt-br\/servicos\/vri\/google-meet\" \/>\n<meta property=\"og:site_name\" content=\"Trusted Translations, Inc.\" \/>\n<meta property=\"article:publisher\" content=\"https:\/\/www.facebook.com\/Trusted.Translations\" \/>\n<meta property=\"article:modified_time\" content=\"2024-09-10T21:37:02+00:00\" \/>\n<meta property=\"og:image\" content=\"https:\/\/static.trustedtranslations.com\/wp-content\/uploads\/2024\/02\/TT-ICON_Remote-Multilingual-Inte-13.webp\" \/>\n\t<meta property=\"og:image:width\" content=\"151\" \/>\n\t<meta property=\"og:image:height\" content=\"151\" \/>\n\t<meta property=\"og:image:type\" content=\"image\/webp\" \/>\n<meta name=\"twitter:card\" content=\"summary_large_image\" \/>\n<meta name=\"twitter:site\" content=\"@TrustedT9ns\" \/>\n<script type=\"application\/ld+json\" class=\"yoast-schema-graph\">{\"@context\":\"https:\\\/\\\/schema.org\",\"@graph\":[{\"@type\":\"WebPage\",\"@id\":\"https:\\\/\\\/www.trustedtranslations.com\\\/pt-br\\\/servicos\\\/vri\\\/google-meet\",\"url\":\"https:\\\/\\\/www.trustedtranslations.com\\\/pt-br\\\/servicos\\\/vri\\\/google-meet\",\"name\":\"Servi\u00e7os de interpreta\u00e7\u00e3o para o Google Meet - Trusted Translations, Inc.\",\"isPartOf\":{\"@id\":\"https:\\\/\\\/www.trustedtranslations.com\\\/pt-br\\\/#website\"},\"primaryImageOfPage\":{\"@id\":\"https:\\\/\\\/www.trustedtranslations.com\\\/pt-br\\\/servicos\\\/vri\\\/google-meet#primaryimage\"},\"image\":{\"@id\":\"https:\\\/\\\/www.trustedtranslations.com\\\/pt-br\\\/servicos\\\/vri\\\/google-meet#primaryimage\"},\"thumbnailUrl\":\"https:\\\/\\\/www.trustedtranslations.com\\\/wp-content\\\/uploads\\\/2024\\\/02\\\/TT-ICON_Remote-Multilingual-Inte-13.webp\",\"description\":\"A Trusted Translations oferece servi\u00e7os profissionais de VRI para o Google Meet. Melhore suas reuni\u00f5es virtuais com nossas solu\u00e7\u00f5es de interpreta\u00e7\u00e3o confi\u00e1veis. Pe\u00e7a um or\u00e7amento gratuito.\",\"breadcrumb\":{\"@id\":\"https:\\\/\\\/www.trustedtranslations.com\\\/pt-br\\\/servicos\\\/vri\\\/google-meet#breadcrumb\"},\"inLanguage\":\"pt-BR\",\"potentialAction\":[{\"@type\":\"ReadAction\",\"target\":[\"https:\\\/\\\/www.trustedtranslations.com\\\/pt-br\\\/servicos\\\/vri\\\/google-meet\"]}]},{\"@type\":\"ImageObject\",\"inLanguage\":\"pt-BR\",\"@id\":\"https:\\\/\\\/www.trustedtranslations.com\\\/pt-br\\\/servicos\\\/vri\\\/google-meet#primaryimage\",\"url\":\"https:\\\/\\\/www.trustedtranslations.com\\\/wp-content\\\/uploads\\\/2024\\\/02\\\/TT-ICON_Remote-Multilingual-Inte-13.webp\",\"contentUrl\":\"https:\\\/\\\/www.trustedtranslations.com\\\/wp-content\\\/uploads\\\/2024\\\/02\\\/TT-ICON_Remote-Multilingual-Inte-13.webp\",\"width\":151,\"height\":151,\"caption\":\"TT ICON Remote Multilingual Inte 13\"},{\"@type\":\"BreadcrumbList\",\"@id\":\"https:\\\/\\\/www.trustedtranslations.com\\\/pt-br\\\/servicos\\\/vri\\\/google-meet#breadcrumb\",\"itemListElement\":[{\"@type\":\"ListItem\",\"position\":1,\"name\":\"Home\",\"item\":\"https:\\\/\\\/www.trustedtranslations.com\\\/pt-br\"},{\"@type\":\"ListItem\",\"position\":2,\"name\":\"Servi\u00e7os\",\"item\":\"https:\\\/\\\/www.trustedtranslations.com\\\/pt-br\\\/servicos\"},{\"@type\":\"ListItem\",\"position\":3,\"name\":\"Interpreta\u00e7\u00e3o Remota por V\u00eddeo (VRI)\",\"item\":\"https:\\\/\\\/www.trustedtranslations.com\\\/pt-br\\\/servicos\\\/vri\"},{\"@type\":\"ListItem\",\"position\":4,\"name\":\"Google Meet\"}]},{\"@type\":\"WebSite\",\"@id\":\"https:\\\/\\\/www.trustedtranslations.com\\\/pt-br\\\/#website\",\"url\":\"https:\\\/\\\/www.trustedtranslations.com\\\/pt-br\\\/\",\"name\":\"Trusted Translations, Inc.\",\"description\":\"Leader in translation and interpretation services.\",\"publisher\":{\"@id\":\"https:\\\/\\\/www.trustedtranslations.com\\\/pt-br\\\/#organization\"},\"alternateName\":\"Trusted Translations\",\"potentialAction\":[{\"@type\":\"SearchAction\",\"target\":{\"@type\":\"EntryPoint\",\"urlTemplate\":\"https:\\\/\\\/www.trustedtranslations.com\\\/pt-br\\\/?s={search_term_string}\"},\"query-input\":{\"@type\":\"PropertyValueSpecification\",\"valueRequired\":true,\"valueName\":\"search_term_string\"}}],\"inLanguage\":\"pt-BR\"},{\"@type\":\"Organization\",\"@id\":\"https:\\\/\\\/www.trustedtranslations.com\\\/pt-br\\\/#organization\",\"name\":\"Trusted Translations\",\"alternateName\":\"Trusted Translations, Inc.\",\"url\":\"https:\\\/\\\/www.trustedtranslations.com\\\/pt-br\\\/\",\"logo\":{\"@type\":\"ImageObject\",\"inLanguage\":\"pt-BR\",\"@id\":\"https:\\\/\\\/www.trustedtranslations.com\\\/pt-br\\\/#\\\/schema\\\/logo\\\/image\\\/\",\"url\":\"https:\\\/\\\/static.trustedtranslations.com\\\/wp-content\\\/uploads\\\/2022\\\/01\\\/TT_logo_WSIColors-2.png\",\"contentUrl\":\"https:\\\/\\\/static.trustedtranslations.com\\\/wp-content\\\/uploads\\\/2022\\\/01\\\/TT_logo_WSIColors-2.png\",\"width\":500,\"height\":196,\"caption\":\"Trusted Translations\"},\"image\":{\"@id\":\"https:\\\/\\\/www.trustedtranslations.com\\\/pt-br\\\/#\\\/schema\\\/logo\\\/image\\\/\"},\"sameAs\":[\"https:\\\/\\\/www.facebook.com\\\/Trusted.Translations\",\"https:\\\/\\\/x.com\\\/TrustedT9ns\",\"https:\\\/\\\/www.linkedin.com\\\/company\\\/trusted-translations\"]}]}<\/script>\n<!-- \/ Yoast SEO plugin. -->","yoast_head_json":{"title":"Servi\u00e7os de interpreta\u00e7\u00e3o para o Google Meet - Trusted Translations, Inc.","description":"A Trusted Translations oferece servi\u00e7os profissionais de VRI para o Google Meet. Melhore suas reuni\u00f5es virtuais com nossas solu\u00e7\u00f5es de interpreta\u00e7\u00e3o confi\u00e1veis. Pe\u00e7a um or\u00e7amento gratuito.","robots":{"index":"index","follow":"follow","max-snippet":"max-snippet:-1","max-image-preview":"max-image-preview:large","max-video-preview":"max-video-preview:-1"},"canonical":"https:\/\/www.trustedtranslations.com\/pt-br\/servicos\/vri\/google-meet","og_locale":"pt_BR","og_type":"article","og_title":"Servi\u00e7os de interpreta\u00e7\u00e3o para o Google Meet - Trusted Translations, Inc.","og_description":"A Trusted Translations oferece servi\u00e7os profissionais de VRI para o Google Meet. Melhore suas reuni\u00f5es virtuais com nossas solu\u00e7\u00f5es de interpreta\u00e7\u00e3o confi\u00e1veis. Pe\u00e7a um or\u00e7amento gratuito.","og_url":"https:\/\/www.trustedtranslations.com\/pt-br\/servicos\/vri\/google-meet","og_site_name":"Trusted Translations, Inc.","article_publisher":"https:\/\/www.facebook.com\/Trusted.Translations","article_modified_time":"2024-09-10T21:37:02+00:00","og_image":[{"width":151,"height":151,"url":"https:\/\/static.trustedtranslations.com\/wp-content\/uploads\/2024\/02\/TT-ICON_Remote-Multilingual-Inte-13.webp","type":"image\/webp"}],"twitter_card":"summary_large_image","twitter_site":"@TrustedT9ns","schema":{"@context":"https:\/\/schema.org","@graph":[{"@type":"WebPage","@id":"https:\/\/www.trustedtranslations.com\/pt-br\/servicos\/vri\/google-meet","url":"https:\/\/www.trustedtranslations.com\/pt-br\/servicos\/vri\/google-meet","name":"Servi\u00e7os de interpreta\u00e7\u00e3o para o Google Meet - Trusted Translations, Inc.","isPartOf":{"@id":"https:\/\/www.trustedtranslations.com\/pt-br\/#website"},"primaryImageOfPage":{"@id":"https:\/\/www.trustedtranslations.com\/pt-br\/servicos\/vri\/google-meet#primaryimage"},"image":{"@id":"https:\/\/www.trustedtranslations.com\/pt-br\/servicos\/vri\/google-meet#primaryimage"},"thumbnailUrl":"https:\/\/www.trustedtranslations.com\/wp-content\/uploads\/2024\/02\/TT-ICON_Remote-Multilingual-Inte-13.webp","description":"A Trusted Translations oferece servi\u00e7os profissionais de VRI para o Google Meet. Melhore suas reuni\u00f5es virtuais com nossas solu\u00e7\u00f5es de interpreta\u00e7\u00e3o confi\u00e1veis. Pe\u00e7a um or\u00e7amento gratuito.","breadcrumb":{"@id":"https:\/\/www.trustedtranslations.com\/pt-br\/servicos\/vri\/google-meet#breadcrumb"},"inLanguage":"pt-BR","potentialAction":[{"@type":"ReadAction","target":["https:\/\/www.trustedtranslations.com\/pt-br\/servicos\/vri\/google-meet"]}]},{"@type":"ImageObject","inLanguage":"pt-BR","@id":"https:\/\/www.trustedtranslations.com\/pt-br\/servicos\/vri\/google-meet#primaryimage","url":"https:\/\/www.trustedtranslations.com\/wp-content\/uploads\/2024\/02\/TT-ICON_Remote-Multilingual-Inte-13.webp","contentUrl":"https:\/\/www.trustedtranslations.com\/wp-content\/uploads\/2024\/02\/TT-ICON_Remote-Multilingual-Inte-13.webp","width":151,"height":151,"caption":"TT ICON Remote Multilingual Inte 13"},{"@type":"BreadcrumbList","@id":"https:\/\/www.trustedtranslations.com\/pt-br\/servicos\/vri\/google-meet#breadcrumb","itemListElement":[{"@type":"ListItem","position":1,"name":"Home","item":"https:\/\/www.trustedtranslations.com\/pt-br"},{"@type":"ListItem","position":2,"name":"Servi\u00e7os","item":"https:\/\/www.trustedtranslations.com\/pt-br\/servicos"},{"@type":"ListItem","position":3,"name":"Interpreta\u00e7\u00e3o Remota por V\u00eddeo (VRI)","item":"https:\/\/www.trustedtranslations.com\/pt-br\/servicos\/vri"},{"@type":"ListItem","position":4,"name":"Google Meet"}]},{"@type":"WebSite","@id":"https:\/\/www.trustedtranslations.com\/pt-br\/#website","url":"https:\/\/www.trustedtranslations.com\/pt-br\/","name":"Trusted Translations, Inc.","description":"Leader in translation and interpretation services.","publisher":{"@id":"https:\/\/www.trustedtranslations.com\/pt-br\/#organization"},"alternateName":"Trusted Translations","potentialAction":[{"@type":"SearchAction","target":{"@type":"EntryPoint","urlTemplate":"https:\/\/www.trustedtranslations.com\/pt-br\/?s={search_term_string}"},"query-input":{"@type":"PropertyValueSpecification","valueRequired":true,"valueName":"search_term_string"}}],"inLanguage":"pt-BR"},{"@type":"Organization","@id":"https:\/\/www.trustedtranslations.com\/pt-br\/#organization","name":"Trusted Translations","alternateName":"Trusted Translations, Inc.","url":"https:\/\/www.trustedtranslations.com\/pt-br\/","logo":{"@type":"ImageObject","inLanguage":"pt-BR","@id":"https:\/\/www.trustedtranslations.com\/pt-br\/#\/schema\/logo\/image\/","url":"https:\/\/static.trustedtranslations.com\/wp-content\/uploads\/2022\/01\/TT_logo_WSIColors-2.png","contentUrl":"https:\/\/static.trustedtranslations.com\/wp-content\/uploads\/2022\/01\/TT_logo_WSIColors-2.png","width":500,"height":196,"caption":"Trusted Translations"},"image":{"@id":"https:\/\/www.trustedtranslations.com\/pt-br\/#\/schema\/logo\/image\/"},"sameAs":["https:\/\/www.facebook.com\/Trusted.Translations","https:\/\/x.com\/TrustedT9ns","https:\/\/www.linkedin.com\/company\/trusted-translations"]}]}},"toolset-meta":{"dyk":{"mensaje-1":{"type":"textfield","raw":"Fornecemos tradu\u00e7\u00f5es a empresas da Fortune 500 com pre\u00e7os de 25% a 50% mais baixos do que os praticados no mercado."},"mensaje-2":{"type":"textfield","raw":"Todas as tradu\u00e7\u00f5es realizadas pelas nossas equipes de especialistas s\u00e3o certificadas pela Lloyd's of London."},"mensaje-3":{"type":"textfield","raw":"A Trusted Translations tem orgulho de patrocinar o Hospital de Pesquisa Infantil St. Jude."},"mensaje-4":{"type":"textfield","raw":"Fazemos parte das \u201c500 melhores empresas hisp\u00e2nicas\u201d nos Estados Unidos."},"mensaje-5":{"type":"textfield","raw":"A Trusted Translations tem mais de 5.000 clientes satisfeitos, abrangendo quase todos os setores."},"mensaje-6":{"type":"textfield","raw":""}},"single-page-template-fields":{"imgs-temp":{"type":"image","raw":["https:\/\/static.trustedtranslations.com\/wp-content\/uploads\/2024\/07\/g-meet-1.webp"],"repeatable":[{"raw":"https:\/\/static.trustedtranslations.com\/wp-content\/uploads\/2024\/07\/g-meet-1.webp"}]},"imgs-temp-cel":{"type":"image","raw":[""],"repeatable":[{"raw":""}]},"img-temp-one-cel":{"type":"image","raw":"https:\/\/static.trustedtranslations.com\/wp-content\/uploads\/2024\/07\/g-meet-1-1.webp","attachment_id":null},"quotes":{"type":"textarea","raw":"<h1 style=\"margin-bottom: 12px;\">Servi\u00e7os de interpreta\u00e7\u00e3o multil\u00edngue remota no Google Meet<\/h1>\r\nSe sua organiza\u00e7\u00e3o usa produtos Google, voc\u00ea pode decidir usar o Google Meet como sua plataforma de videoconfer\u00eancia. Na Trusted Translations, nossos especialistas podem fornecer interpreta\u00e7\u00e3o remota profissional no Google Meet para todos os tipos de reuni\u00f5es multil\u00edngues.\r\n<div style=\"margin-top: 2.5vw;\"><a class=\"tt-btn-main-cta\" href=\"https:\/\/www.trustedtranslations.com\/pt-br\/solicitud-orcamento\">Solicite um or\u00e7amento gratuito<\/a><\/div>"},"text-1":{"type":"textarea","raw":"<h2>Interpreta\u00e7\u00e3o profissional usando o Google Meet<img class=\"alignleft wp-image-177290\" src=\"https:\/\/static.trustedtranslations.com\/wp-content\/uploads\/2023\/01\/g-meet-2-1-300x224.jpg\" alt=\"\" width=\"400\" height=\"298\" \/><\/h2>\r\nLan\u00e7ado pelo Google em 2017, o Google Meet rapidamente se tornou uma das tecnologias de videoconfer\u00eancia mais populares do mundo. Isso inclui ser a <a href=\"https:\/\/www.digitalinformationworld.com\/2021\/04\/top-video-call-platform-by-market-share.html\" target=\"_blank\" rel=\"noopener\">plataforma de videochamada favorita<\/a> (com base no <i>market share<\/i>) em pa\u00edses como It\u00e1lia, Dinamarca e \u00cdndia.\r\n\r\nQuando se trata de interpreta\u00e7\u00e3o remota de idiomas, a relativa facilidade de uso do Google Meet o torna uma boa op\u00e7\u00e3o para interpreta\u00e7\u00e3o consecutiva, onde um int\u00e9rprete traduz as palavras de um palestrante durante uma pausa ap\u00f3s cada trecho do discurso.\r\n\r\nNo entanto, para interpreta\u00e7\u00e3o simult\u00e2nea em tempo real, o Google Meet atualmente n\u00e3o oferece extenso suporte especializado para int\u00e9rpretes na janela da reuni\u00e3o principal. Os usu\u00e1rios geralmente dependem de solu\u00e7\u00f5es alternativas complicadas, como o int\u00e9rprete falar em um link de reuni\u00e3o separado para fornecer \u00e1udio ou adicionar extens\u00f5es do Chrome de terceiros para permitir a interpreta\u00e7\u00e3o simult\u00e2nea.\r\n<h2>Pontos positivos e negativos do Google Meet para interpreta\u00e7\u00e3o remota<\/h2>\r\nExistem algumas limita\u00e7\u00f5es no uso do Google Meet para interpreta\u00e7\u00e3o remota. Al\u00e9m da falta de recursos dedicados para int\u00e9rpretes de idiomas, o Google Meet permite que apenas 250 pessoas participem de suas reuni\u00f5es (em compara\u00e7\u00e3o com o limite de 1.000 participantes do Zoom). Esse n\u00famero n\u00e3o \u00e9 ideal para grandes eventos.\r\n\r\nContudo, tamb\u00e9m existem v\u00e1rios benef\u00edcios exclusivos do Google Meet, como:\r\n<ul>\r\n \t<li>Ser totalmente integrado a outros produtos do Google, como o Google Workspace, e gratuito para todos os usu\u00e1rios de contas Google<\/li>\r\n \t<li>Ser baseado em navegador, n\u00e3o em software, para que os usu\u00e1rios n\u00e3o precisem baixar software ou aplicativos adicionais<\/li>\r\n \t<li>Excelentes recursos de criptografia e seguran\u00e7a<\/li>\r\n \t<li>Mesma funcionalidade no celular e no computador, com interface de usu\u00e1rio simples<\/li>\r\n \t<li>O plano gratuito permite at\u00e9 uma hora de dura\u00e7\u00e3o<\/li>\r\n<\/ul>"},"shortcode-map":{"type":"textfield","raw":""},"dyk-shortcode":{"type":"textfield","raw":"[elementor-template id=\"147273\"]"},"text-2":{"type":"textarea","raw":"<h2>Quando usar o Google Meet para reuni\u00f5es multil\u00edngues<img class=\"alignleft wp-image-177305\" src=\"https:\/\/static.trustedtranslations.com\/wp-content\/uploads\/2023\/01\/google-meeting-300x200.jpg\" alt=\"\" width=\"450\" height=\"300\" \/><\/h2>\r\nEnt\u00e3o, onde o Google Meet realmente se destaca? Seus potentes recursos de seguran\u00e7a s\u00e3o um destaque. Todos os participantes de um Google Meet devem ter uma conta do Google, permitindo que os organizadores verifiquem cada participante e evitem inconvenientes intrusos. Os c\u00f3digos de reuni\u00e3o de 10 caracteres do Google s\u00e3o projetados para evitar hackers, e todos os dados no Meet (incluindo grava\u00e7\u00f5es) s\u00e3o criptografados por padr\u00e3o. Com o suporte da poderosa infraestrutura de seguran\u00e7a do Google, o Google Meet pode ser uma escolha particularmente boa para materiais pr\u00f3prios, assuntos do governo e outras reuni\u00f5es onde a privacidade seja essencial.\r\n\r\nAl\u00e9m disso, o Google Meet \u00e9 baseado em navegador, e n\u00e3o em software, como o Zoom ou o Teams, e pode estar em qualquer navegador\u2014os usu\u00e1rios n\u00e3o precisam baixar nenhum software novo. Combinado com sua interface transparente e f\u00e1cil de usar, isso torna o Google Meet uma op\u00e7\u00e3o atraente para participantes n\u00e3o familiarizados com a tecnologia. Ele tamb\u00e9m \u00e9 vantajoso para usu\u00e1rios em regi\u00f5es com conex\u00f5es de internet fracas, para quem a alta demanda de aplicativos como Zoom e Teams pode representar problemas.\r\n\r\nPara reuni\u00f5es e eventos menores e mais privados, o Google Meet \u00e9 uma excelente escolha, especialmente se sua organiza\u00e7\u00e3o j\u00e1 usa produtos do Google.\r\n<h2>Nossa equipe<\/h2>\r\nCom longa experi\u00eancia no fornecimento de interpreta\u00e7\u00e3o simult\u00e2nea e consecutiva, a <em>Trusted Translations<\/em> est\u00e1 pronta para atender todas as suas necessidades de comunica\u00e7\u00e3o remota. Tamb\u00e9m temos bastante experi\u00eancia com produtos do Google, <a href=\"https:\/\/www.trustedtranslations.com\/pt-br\/servicos\/localizacao-de-aplicativos\/android\">como o Google Play<\/a>, e podemos oferecer conselhos sobre como utilizar a plataforma Google Meet para obter os melhores resultados."},"state":{"type":"textfield","raw":""},"city":{"type":"textarea","raw":[]}}},"_links":{"self":[{"href":"https:\/\/www.trustedtranslations.com\/pt-br\/wp-json\/wp\/v2\/pages\/182703","targetHints":{"allow":["GET"]}}],"collection":[{"href":"https:\/\/www.trustedtranslations.com\/pt-br\/wp-json\/wp\/v2\/pages"}],"about":[{"href":"https:\/\/www.trustedtranslations.com\/pt-br\/wp-json\/wp\/v2\/types\/page"}],"author":[{"embeddable":true,"href":"https:\/\/www.trustedtranslations.com\/pt-br\/wp-json\/wp\/v2\/users\/1"}],"replies":[{"embeddable":true,"href":"https:\/\/www.trustedtranslations.com\/pt-br\/wp-json\/wp\/v2\/comments?post=182703"}],"version-history":[{"count":0,"href":"https:\/\/www.trustedtranslations.com\/pt-br\/wp-json\/wp\/v2\/pages\/182703\/revisions"}],"up":[{"embeddable":true,"href":"https:\/\/www.trustedtranslations.com\/pt-br\/wp-json\/wp\/v2\/pages\/160047"}],"wp:featuredmedia":[{"embeddable":true,"href":"https:\/\/www.trustedtranslations.com\/pt-br\/wp-json\/wp\/v2\/media\/244669"}],"wp:attachment":[{"href":"https:\/\/www.trustedtranslations.com\/pt-br\/wp-json\/wp\/v2\/media?parent=182703"}],"curies":[{"name":"wp","href":"https:\/\/api.w.org\/{rel}","templated":true}]}}