{"id":182707,"date":"2023-02-21T11:35:25","date_gmt":"2023-02-21T14:35:25","guid":{"rendered":"https:\/\/www.trustedtranslations.com\/?page_id=182707"},"modified":"2024-09-11T11:16:03","modified_gmt":"2024-09-11T14:16:03","slug":"skype","status":"publish","type":"page","link":"https:\/\/www.trustedtranslations.com\/pt-br\/servicos\/vri\/skype","title":{"rendered":"Skype"},"content":{"rendered":"","protected":false},"excerpt":{"rendered":"","protected":false},"author":1,"featured_media":244609,"parent":160047,"menu_order":4,"comment_status":"closed","ping_status":"closed","template":"","meta":{"site-sidebar-layout":"default","site-content-layout":"default","ast-site-content-layout":"default","site-content-style":"default","site-sidebar-style":"default","ast-global-header-display":"","ast-banner-title-visibility":"","ast-main-header-display":"","ast-hfb-above-header-display":"","ast-hfb-below-header-display":"","ast-hfb-mobile-header-display":"","site-post-title":"disabled","ast-breadcrumbs-content":"","ast-featured-img":"","footer-sml-layout":"","ast-disable-related-posts":"","theme-transparent-header-meta":"default","adv-header-id-meta":"","stick-header-meta":"","header-above-stick-meta":"","header-main-stick-meta":"","header-below-stick-meta":"","astra-migrate-meta-layouts":"set","ast-page-background-enabled":"default","ast-page-background-meta":{"desktop":{"background-color":"var(--ast-global-color-4)","background-image":"","background-repeat":"repeat","background-position":"center center","background-size":"auto","background-attachment":"scroll","background-type":"","background-media":"","overlay-type":"","overlay-color":"","overlay-opacity":"","overlay-gradient":""},"tablet":{"background-color":"","background-image":"","background-repeat":"repeat","background-position":"center center","background-size":"auto","background-attachment":"scroll","background-type":"","background-media":"","overlay-type":"","overlay-color":"","overlay-opacity":"","overlay-gradient":""},"mobile":{"background-color":"","background-image":"","background-repeat":"repeat","background-position":"center center","background-size":"auto","background-attachment":"scroll","background-type":"","background-media":"","overlay-type":"","overlay-color":"","overlay-opacity":"","overlay-gradient":""}},"ast-content-background-meta":{"desktop":{"background-color":"var(--ast-global-color-5)","background-image":"","background-repeat":"repeat","background-position":"center center","background-size":"auto","background-attachment":"scroll","background-type":"","background-media":"","overlay-type":"","overlay-color":"","overlay-opacity":"","overlay-gradient":""},"tablet":{"background-color":"var(--ast-global-color-5)","background-image":"","background-repeat":"repeat","background-position":"center center","background-size":"auto","background-attachment":"scroll","background-type":"","background-media":"","overlay-type":"","overlay-color":"","overlay-opacity":"","overlay-gradient":""},"mobile":{"background-color":"var(--ast-global-color-5)","background-image":"","background-repeat":"repeat","background-position":"center center","background-size":"auto","background-attachment":"scroll","background-type":"","background-media":"","overlay-type":"","overlay-color":"","overlay-opacity":"","overlay-gradient":""}},"footnotes":""},"class_list":["post-182707","page","type-page","status-publish","has-post-thumbnail","hentry"],"yoast_head":"<!-- This site is optimized with the Yoast SEO plugin v27.3 - https:\/\/yoast.com\/product\/yoast-seo-wordpress\/ -->\n<title>Interpreta\u00e7\u00e3o de idiomas no Skype - Trusted Translations, Inc.<\/title>\n<meta name=\"description\" content=\"A Trusted Translations \u00e9 l\u00edder em servi\u00e7os de interpreta\u00e7\u00e3o de idiomas em chamadas, reuni\u00f5es e webinars no Skype. Ligue para n\u00f3s e solicite um or\u00e7amento ou consulta gratuitos.\" \/>\n<meta name=\"robots\" content=\"index, follow, max-snippet:-1, max-image-preview:large, max-video-preview:-1\" \/>\n<link rel=\"canonical\" href=\"https:\/\/www.trustedtranslations.com\/pt-br\/servicos\/vri\/skype\" \/>\n<meta property=\"og:locale\" content=\"pt_BR\" \/>\n<meta property=\"og:type\" content=\"article\" \/>\n<meta property=\"og:title\" content=\"Interpreta\u00e7\u00e3o de idiomas no Skype - Trusted Translations, Inc.\" \/>\n<meta property=\"og:description\" content=\"A Trusted Translations \u00e9 l\u00edder em servi\u00e7os de interpreta\u00e7\u00e3o de idiomas em chamadas, reuni\u00f5es e webinars no Skype. Ligue para n\u00f3s e solicite um or\u00e7amento ou consulta gratuitos.\" \/>\n<meta property=\"og:url\" content=\"https:\/\/www.trustedtranslations.com\/pt-br\/servicos\/vri\/skype\" \/>\n<meta property=\"og:site_name\" content=\"Trusted Translations, Inc.\" \/>\n<meta property=\"article:publisher\" content=\"https:\/\/www.facebook.com\/Trusted.Translations\" \/>\n<meta property=\"article:modified_time\" content=\"2024-09-11T14:16:03+00:00\" \/>\n<meta property=\"og:image\" content=\"https:\/\/static.trustedtranslations.com\/wp-content\/uploads\/2024\/02\/TT-ICON_Remote-Multilingual-Inte-11.webp\" \/>\n\t<meta property=\"og:image:width\" content=\"151\" \/>\n\t<meta property=\"og:image:height\" content=\"151\" \/>\n\t<meta property=\"og:image:type\" content=\"image\/webp\" \/>\n<meta name=\"twitter:card\" content=\"summary_large_image\" \/>\n<meta name=\"twitter:site\" content=\"@TrustedT9ns\" \/>\n<script type=\"application\/ld+json\" class=\"yoast-schema-graph\">{\"@context\":\"https:\\\/\\\/schema.org\",\"@graph\":[{\"@type\":\"WebPage\",\"@id\":\"https:\\\/\\\/www.trustedtranslations.com\\\/pt-br\\\/servicos\\\/vri\\\/skype\",\"url\":\"https:\\\/\\\/www.trustedtranslations.com\\\/pt-br\\\/servicos\\\/vri\\\/skype\",\"name\":\"Interpreta\u00e7\u00e3o de idiomas no Skype - Trusted Translations, Inc.\",\"isPartOf\":{\"@id\":\"https:\\\/\\\/www.trustedtranslations.com\\\/pt-br\\\/#website\"},\"primaryImageOfPage\":{\"@id\":\"https:\\\/\\\/www.trustedtranslations.com\\\/pt-br\\\/servicos\\\/vri\\\/skype#primaryimage\"},\"image\":{\"@id\":\"https:\\\/\\\/www.trustedtranslations.com\\\/pt-br\\\/servicos\\\/vri\\\/skype#primaryimage\"},\"thumbnailUrl\":\"https:\\\/\\\/www.trustedtranslations.com\\\/wp-content\\\/uploads\\\/2024\\\/02\\\/TT-ICON_Remote-Multilingual-Inte-11.webp\",\"description\":\"A Trusted Translations \u00e9 l\u00edder em servi\u00e7os de interpreta\u00e7\u00e3o de idiomas em chamadas, reuni\u00f5es e webinars no Skype. Ligue para n\u00f3s e solicite um or\u00e7amento ou consulta gratuitos.\",\"breadcrumb\":{\"@id\":\"https:\\\/\\\/www.trustedtranslations.com\\\/pt-br\\\/servicos\\\/vri\\\/skype#breadcrumb\"},\"inLanguage\":\"pt-BR\",\"potentialAction\":[{\"@type\":\"ReadAction\",\"target\":[\"https:\\\/\\\/www.trustedtranslations.com\\\/pt-br\\\/servicos\\\/vri\\\/skype\"]}]},{\"@type\":\"ImageObject\",\"inLanguage\":\"pt-BR\",\"@id\":\"https:\\\/\\\/www.trustedtranslations.com\\\/pt-br\\\/servicos\\\/vri\\\/skype#primaryimage\",\"url\":\"https:\\\/\\\/www.trustedtranslations.com\\\/wp-content\\\/uploads\\\/2024\\\/02\\\/TT-ICON_Remote-Multilingual-Inte-11.webp\",\"contentUrl\":\"https:\\\/\\\/www.trustedtranslations.com\\\/wp-content\\\/uploads\\\/2024\\\/02\\\/TT-ICON_Remote-Multilingual-Inte-11.webp\",\"width\":151,\"height\":151,\"caption\":\"TT ICON Remote Multilingual Inte 11\"},{\"@type\":\"BreadcrumbList\",\"@id\":\"https:\\\/\\\/www.trustedtranslations.com\\\/pt-br\\\/servicos\\\/vri\\\/skype#breadcrumb\",\"itemListElement\":[{\"@type\":\"ListItem\",\"position\":1,\"name\":\"Home\",\"item\":\"https:\\\/\\\/www.trustedtranslations.com\\\/pt-br\"},{\"@type\":\"ListItem\",\"position\":2,\"name\":\"Servi\u00e7os\",\"item\":\"https:\\\/\\\/www.trustedtranslations.com\\\/pt-br\\\/servicos\"},{\"@type\":\"ListItem\",\"position\":3,\"name\":\"Interpreta\u00e7\u00e3o Remota por V\u00eddeo (VRI)\",\"item\":\"https:\\\/\\\/www.trustedtranslations.com\\\/pt-br\\\/servicos\\\/vri\"},{\"@type\":\"ListItem\",\"position\":4,\"name\":\"Skype\"}]},{\"@type\":\"WebSite\",\"@id\":\"https:\\\/\\\/www.trustedtranslations.com\\\/pt-br\\\/#website\",\"url\":\"https:\\\/\\\/www.trustedtranslations.com\\\/pt-br\\\/\",\"name\":\"Trusted Translations, Inc.\",\"description\":\"Leader in translation and interpretation services.\",\"publisher\":{\"@id\":\"https:\\\/\\\/www.trustedtranslations.com\\\/pt-br\\\/#organization\"},\"alternateName\":\"Trusted Translations\",\"potentialAction\":[{\"@type\":\"SearchAction\",\"target\":{\"@type\":\"EntryPoint\",\"urlTemplate\":\"https:\\\/\\\/www.trustedtranslations.com\\\/pt-br\\\/?s={search_term_string}\"},\"query-input\":{\"@type\":\"PropertyValueSpecification\",\"valueRequired\":true,\"valueName\":\"search_term_string\"}}],\"inLanguage\":\"pt-BR\"},{\"@type\":\"Organization\",\"@id\":\"https:\\\/\\\/www.trustedtranslations.com\\\/pt-br\\\/#organization\",\"name\":\"Trusted Translations\",\"alternateName\":\"Trusted Translations, Inc.\",\"url\":\"https:\\\/\\\/www.trustedtranslations.com\\\/pt-br\\\/\",\"logo\":{\"@type\":\"ImageObject\",\"inLanguage\":\"pt-BR\",\"@id\":\"https:\\\/\\\/www.trustedtranslations.com\\\/pt-br\\\/#\\\/schema\\\/logo\\\/image\\\/\",\"url\":\"https:\\\/\\\/static.trustedtranslations.com\\\/wp-content\\\/uploads\\\/2022\\\/01\\\/TT_logo_WSIColors-2.png\",\"contentUrl\":\"https:\\\/\\\/static.trustedtranslations.com\\\/wp-content\\\/uploads\\\/2022\\\/01\\\/TT_logo_WSIColors-2.png\",\"width\":500,\"height\":196,\"caption\":\"Trusted Translations\"},\"image\":{\"@id\":\"https:\\\/\\\/www.trustedtranslations.com\\\/pt-br\\\/#\\\/schema\\\/logo\\\/image\\\/\"},\"sameAs\":[\"https:\\\/\\\/www.facebook.com\\\/Trusted.Translations\",\"https:\\\/\\\/x.com\\\/TrustedT9ns\",\"https:\\\/\\\/www.linkedin.com\\\/company\\\/trusted-translations\"]}]}<\/script>\n<!-- \/ Yoast SEO plugin. -->","yoast_head_json":{"title":"Interpreta\u00e7\u00e3o de idiomas no Skype - Trusted Translations, Inc.","description":"A Trusted Translations \u00e9 l\u00edder em servi\u00e7os de interpreta\u00e7\u00e3o de idiomas em chamadas, reuni\u00f5es e webinars no Skype. Ligue para n\u00f3s e solicite um or\u00e7amento ou consulta gratuitos.","robots":{"index":"index","follow":"follow","max-snippet":"max-snippet:-1","max-image-preview":"max-image-preview:large","max-video-preview":"max-video-preview:-1"},"canonical":"https:\/\/www.trustedtranslations.com\/pt-br\/servicos\/vri\/skype","og_locale":"pt_BR","og_type":"article","og_title":"Interpreta\u00e7\u00e3o de idiomas no Skype - Trusted Translations, Inc.","og_description":"A Trusted Translations \u00e9 l\u00edder em servi\u00e7os de interpreta\u00e7\u00e3o de idiomas em chamadas, reuni\u00f5es e webinars no Skype. Ligue para n\u00f3s e solicite um or\u00e7amento ou consulta gratuitos.","og_url":"https:\/\/www.trustedtranslations.com\/pt-br\/servicos\/vri\/skype","og_site_name":"Trusted Translations, Inc.","article_publisher":"https:\/\/www.facebook.com\/Trusted.Translations","article_modified_time":"2024-09-11T14:16:03+00:00","og_image":[{"width":151,"height":151,"url":"https:\/\/static.trustedtranslations.com\/wp-content\/uploads\/2024\/02\/TT-ICON_Remote-Multilingual-Inte-11.webp","type":"image\/webp"}],"twitter_card":"summary_large_image","twitter_site":"@TrustedT9ns","schema":{"@context":"https:\/\/schema.org","@graph":[{"@type":"WebPage","@id":"https:\/\/www.trustedtranslations.com\/pt-br\/servicos\/vri\/skype","url":"https:\/\/www.trustedtranslations.com\/pt-br\/servicos\/vri\/skype","name":"Interpreta\u00e7\u00e3o de idiomas no Skype - Trusted Translations, Inc.","isPartOf":{"@id":"https:\/\/www.trustedtranslations.com\/pt-br\/#website"},"primaryImageOfPage":{"@id":"https:\/\/www.trustedtranslations.com\/pt-br\/servicos\/vri\/skype#primaryimage"},"image":{"@id":"https:\/\/www.trustedtranslations.com\/pt-br\/servicos\/vri\/skype#primaryimage"},"thumbnailUrl":"https:\/\/www.trustedtranslations.com\/wp-content\/uploads\/2024\/02\/TT-ICON_Remote-Multilingual-Inte-11.webp","description":"A Trusted Translations \u00e9 l\u00edder em servi\u00e7os de interpreta\u00e7\u00e3o de idiomas em chamadas, reuni\u00f5es e webinars no Skype. Ligue para n\u00f3s e solicite um or\u00e7amento ou consulta gratuitos.","breadcrumb":{"@id":"https:\/\/www.trustedtranslations.com\/pt-br\/servicos\/vri\/skype#breadcrumb"},"inLanguage":"pt-BR","potentialAction":[{"@type":"ReadAction","target":["https:\/\/www.trustedtranslations.com\/pt-br\/servicos\/vri\/skype"]}]},{"@type":"ImageObject","inLanguage":"pt-BR","@id":"https:\/\/www.trustedtranslations.com\/pt-br\/servicos\/vri\/skype#primaryimage","url":"https:\/\/www.trustedtranslations.com\/wp-content\/uploads\/2024\/02\/TT-ICON_Remote-Multilingual-Inte-11.webp","contentUrl":"https:\/\/www.trustedtranslations.com\/wp-content\/uploads\/2024\/02\/TT-ICON_Remote-Multilingual-Inte-11.webp","width":151,"height":151,"caption":"TT ICON Remote Multilingual Inte 11"},{"@type":"BreadcrumbList","@id":"https:\/\/www.trustedtranslations.com\/pt-br\/servicos\/vri\/skype#breadcrumb","itemListElement":[{"@type":"ListItem","position":1,"name":"Home","item":"https:\/\/www.trustedtranslations.com\/pt-br"},{"@type":"ListItem","position":2,"name":"Servi\u00e7os","item":"https:\/\/www.trustedtranslations.com\/pt-br\/servicos"},{"@type":"ListItem","position":3,"name":"Interpreta\u00e7\u00e3o Remota por V\u00eddeo (VRI)","item":"https:\/\/www.trustedtranslations.com\/pt-br\/servicos\/vri"},{"@type":"ListItem","position":4,"name":"Skype"}]},{"@type":"WebSite","@id":"https:\/\/www.trustedtranslations.com\/pt-br\/#website","url":"https:\/\/www.trustedtranslations.com\/pt-br\/","name":"Trusted Translations, Inc.","description":"Leader in translation and interpretation services.","publisher":{"@id":"https:\/\/www.trustedtranslations.com\/pt-br\/#organization"},"alternateName":"Trusted Translations","potentialAction":[{"@type":"SearchAction","target":{"@type":"EntryPoint","urlTemplate":"https:\/\/www.trustedtranslations.com\/pt-br\/?s={search_term_string}"},"query-input":{"@type":"PropertyValueSpecification","valueRequired":true,"valueName":"search_term_string"}}],"inLanguage":"pt-BR"},{"@type":"Organization","@id":"https:\/\/www.trustedtranslations.com\/pt-br\/#organization","name":"Trusted Translations","alternateName":"Trusted Translations, Inc.","url":"https:\/\/www.trustedtranslations.com\/pt-br\/","logo":{"@type":"ImageObject","inLanguage":"pt-BR","@id":"https:\/\/www.trustedtranslations.com\/pt-br\/#\/schema\/logo\/image\/","url":"https:\/\/static.trustedtranslations.com\/wp-content\/uploads\/2022\/01\/TT_logo_WSIColors-2.png","contentUrl":"https:\/\/static.trustedtranslations.com\/wp-content\/uploads\/2022\/01\/TT_logo_WSIColors-2.png","width":500,"height":196,"caption":"Trusted Translations"},"image":{"@id":"https:\/\/www.trustedtranslations.com\/pt-br\/#\/schema\/logo\/image\/"},"sameAs":["https:\/\/www.facebook.com\/Trusted.Translations","https:\/\/x.com\/TrustedT9ns","https:\/\/www.linkedin.com\/company\/trusted-translations"]}]}},"toolset-meta":{"dyk":{"mensaje-1":{"type":"textfield","raw":"Fornecemos tradu\u00e7\u00f5es a empresas da Fortune 500 com pre\u00e7os de 25% a 50% mais baixos do que os praticados no mercado."},"mensaje-2":{"type":"textfield","raw":"Todas as tradu\u00e7\u00f5es realizadas pelas nossas equipes de especialistas s\u00e3o certificadas pela Lloyd's of London."},"mensaje-3":{"type":"textfield","raw":"A Trusted Translations tem orgulho de patrocinar o Hospital de Pesquisa Infantil St. Jude."},"mensaje-4":{"type":"textfield","raw":"Fazemos parte das \u201c500 melhores empresas hisp\u00e2nicas\u201d nos Estados Unidos."},"mensaje-5":{"type":"textfield","raw":"A Trusted Translations tem mais de 5.000 clientes satisfeitos, abrangendo quase todos os setores."},"mensaje-6":{"type":"textfield","raw":""}},"single-page-template-fields":{"imgs-temp":{"type":"image","raw":["https:\/\/static.trustedtranslations.com\/wp-content\/uploads\/2024\/07\/skype-1.webp","https:\/\/static.trustedtranslations.com\/wp-content\/uploads\/2024\/07\/skype-3-1.webp"],"repeatable":[{"raw":"https:\/\/static.trustedtranslations.com\/wp-content\/uploads\/2024\/07\/skype-1.webp"},{"raw":"https:\/\/static.trustedtranslations.com\/wp-content\/uploads\/2024\/07\/skype-3-1.webp"}]},"imgs-temp-cel":{"type":"image","raw":[""],"repeatable":[{"raw":""}]},"img-temp-one-cel":{"type":"image","raw":"https:\/\/static.trustedtranslations.com\/wp-content\/uploads\/2024\/07\/skype-2-1.webp","attachment_id":null},"quotes":{"type":"textarea","raw":"<h1 style=\"margin-bottom: 12px;\">Servi\u00e7os de interpreta\u00e7\u00e3o multil\u00edngue remota no Skype<\/h1>\r\nComo uma das plataformas de videoconfer\u00eancia mais antigas, o Skype \u00e9 conhecido por empresas e usu\u00e1rios em todo o mundo. Na Trusted Translations, nossos especialistas podem fornecer interpreta\u00e7\u00e3o remota profissional via Skype para todas as suas necessidades de comunica\u00e7\u00e3o.\r\n<div style=\"margin-top: 2.5vw;\"><a class=\"tt-btn-main-cta\" href=\"https:\/\/www.trustedtranslations.com\/pt-br\/solicitud-orcamento\">Solicite um or\u00e7amento gratuito<\/a><\/div>"},"text-1":{"type":"textarea","raw":"<h2>Interpreta\u00e7\u00e3o profissional usando o Skype<img class=\"wp-image-177588 alignleft\" src=\"https:\/\/static.trustedtranslations.com\/wp-content\/uploads\/2023\/01\/skype-5-1.jpg\" alt=\"\" width=\"500\" height=\"333\" \/><\/h2>\r\nLan\u00e7ado pela primeira vez em 2003, o Skype se tornou um nome conhecido quando se trata de op\u00e7\u00f5es de videoconfer\u00eancia remota. Embora a plataforma, de propriedade da Microsoft, tenha enfrentado forte concorr\u00eancia durante a pandemia de COVID-19, ela continua popular em todo o mundo, com mais de 300 milh\u00f5es de usu\u00e1rios ativos mensais.\r\n\r\nComo uma plataforma VoIP (Voice over Internet Protocol), o Skype usa uma conex\u00e3o com a internet para fazer e receber chamadas. Os organizadores baixam o aplicativo do Skype, criam uma conta e fazem login; para reuni\u00f5es no Skype, voc\u00ea adicionar\u00e1 um int\u00e9rprete da mesma forma que adicionaria qualquer outro participante.\r\n\r\nGrande parte da documenta\u00e7\u00e3o de suporte a idiomas do Skype \u00e9 para o Skype Translator, o tradutor voz-a-voz da plataforma. No entanto, os tradutores autom\u00e1ticos n\u00e3o substituem um int\u00e9rprete humano ao vivo, especialmente em setores de alto risco ou com alta complexidade. Quando se trata de interpreta\u00e7\u00e3o ao vivo, o Skype ainda n\u00e3o possui os mesmos recursos especiais desenvolvidos por outras plataformas, como canais dedicados de idiomas e designa\u00e7\u00f5es para int\u00e9rpretes.\r\n<h2>Pontos positivos do Skype para interpreta\u00e7\u00e3o remota<\/h2>\r\nIsso significa que o Skype n\u00e3o \u00e9 uma boa solu\u00e7\u00e3o para organiza\u00e7\u00f5es multil\u00edngues? De forma alguma\u2014o Skype ainda \u00e9 preferido por muitas empresas e inclui v\u00e1rios recursos positivos a serem considerados ao escolher sua plataforma de interpreta\u00e7\u00e3o remota por v\u00eddeo, como:\r\n<ul>\r\n \t<li>Chamadas de v\u00eddeo em grupo para at\u00e9 100 pessoas na vers\u00e3o gratuita<\/li>\r\n \t<li>Amplamente utilizado em todo o mundo<\/li>\r\n \t<li>Disponibilidade em v\u00e1rios dispositivos<\/li>\r\n \t<li>Economia, com uma s\u00f3lida vers\u00e3o gratuita<\/li>\r\n<\/ul>\r\nO Skype se distingue por sua vasta disponibilidade e economia geral. O Skype tem custos relativamente baixos; na verdade, a maioria das pessoas acha que a vers\u00e3o gratuita do Skype atende suas necessidades de reuni\u00f5es pequenas ou individuais. O Skype tamb\u00e9m est\u00e1 dispon\u00edvel em mais dispositivos do que muitos de seus concorrentes, principalmente em tablets, na Alexa e at\u00e9 no Xbox, o que pode ajud\u00e1-lo a estender seu alcance global de maneira econ\u00f4mica."},"shortcode-map":{"type":"textfield","raw":""},"dyk-shortcode":{"type":"textfield","raw":"[elementor-template id=\"147273\"]"},"text-2":{"type":"textarea","raw":"<h2><img class=\"alignright wp-image-177603\" src=\"https:\/\/static.trustedtranslations.com\/wp-content\/uploads\/2023\/01\/skype-6-1.jpg\" alt=\"\" width=\"500\" height=\"282\" \/>Pontos negativos do Skype para interpreta\u00e7\u00e3o remota<\/h2>\r\nNo entanto, existem algumas limita\u00e7\u00f5es quando se trata do uso do Skype para interpreta\u00e7\u00e3o:\r\n<ul>\r\n \t<li>Os usu\u00e1rios relatam travamentos, <i>delays<\/i> e problemas de \u00e1udio<\/li>\r\n \t<li>\u00c9 necess\u00e1rio ter Cr\u00e9ditos Skype ou assinatura para chamadas celular\/fixo<\/li>\r\n \t<li>Preocupa\u00e7\u00f5es com a seguran\u00e7a; ele pode ser bloqueado em certos pa\u00edses<\/li>\r\n \t<li>Falta de recursos de colabora\u00e7\u00e3o em compara\u00e7\u00e3o com outras plataformas<\/li>\r\n<\/ul>\r\nO Skype requer o uso de Cr\u00e9ditos Skype ou a compra de uma assinatura para ligar para celulares e telefones fixos, e as chamadas internacionais s\u00e3o cobradas com taxas que variam de acordo com o pa\u00eds. Como um benef\u00edcio da interpreta\u00e7\u00e3o remota \u00e9 a capacidade de recrutar int\u00e9rpretes de qualidade do mundo todo, esses custos devem ser levados em considera\u00e7\u00e3o.\r\n\r\nAl\u00e9m disso, o Skype \u00e9 bloqueado ou restrito em v\u00e1rios pa\u00edses que limitam o uso de VoIPs por quest\u00f5es de seguran\u00e7a, como no Catar e na Guiana, ou em favor de seus servi\u00e7os nacionais pr\u00f3prios de telecomunica\u00e7\u00f5es VoIP, como no Brasil e em Belize. Se voc\u00ea usa o Skype, \u00e9 necess\u00e1rio um cuidado devido para garantir que ele atinja seus mercados-alvo.\r\n<h2>Nossa equipe<\/h2>\r\nA <em>Trusted Translations <\/em>oferece tradutores profissionais que entendem bastante de interpreta\u00e7\u00e3o remota simult\u00e2nea e consecutiva pelo Skype. Se voc\u00ea ainda tem d\u00favidas sobre qual plataforma de interpreta\u00e7\u00e3o remota por v\u00eddeo \u00e9 a mais adequada, nossa experiente equipe tamb\u00e9m pode ajud\u00e1-lo a fazer a escolha perfeita para o seu neg\u00f3cio."},"state":{"type":"textfield","raw":""},"city":{"type":"textarea","raw":[]}}},"_links":{"self":[{"href":"https:\/\/www.trustedtranslations.com\/pt-br\/wp-json\/wp\/v2\/pages\/182707","targetHints":{"allow":["GET"]}}],"collection":[{"href":"https:\/\/www.trustedtranslations.com\/pt-br\/wp-json\/wp\/v2\/pages"}],"about":[{"href":"https:\/\/www.trustedtranslations.com\/pt-br\/wp-json\/wp\/v2\/types\/page"}],"author":[{"embeddable":true,"href":"https:\/\/www.trustedtranslations.com\/pt-br\/wp-json\/wp\/v2\/users\/1"}],"replies":[{"embeddable":true,"href":"https:\/\/www.trustedtranslations.com\/pt-br\/wp-json\/wp\/v2\/comments?post=182707"}],"version-history":[{"count":0,"href":"https:\/\/www.trustedtranslations.com\/pt-br\/wp-json\/wp\/v2\/pages\/182707\/revisions"}],"up":[{"embeddable":true,"href":"https:\/\/www.trustedtranslations.com\/pt-br\/wp-json\/wp\/v2\/pages\/160047"}],"wp:featuredmedia":[{"embeddable":true,"href":"https:\/\/www.trustedtranslations.com\/pt-br\/wp-json\/wp\/v2\/media\/244609"}],"wp:attachment":[{"href":"https:\/\/www.trustedtranslations.com\/pt-br\/wp-json\/wp\/v2\/media?parent=182707"}],"curies":[{"name":"wp","href":"https:\/\/api.w.org\/{rel}","templated":true}]}}