{"id":182711,"date":"2023-02-13T13:37:37","date_gmt":"2023-02-13T16:37:37","guid":{"rendered":"https:\/\/www.trustedtranslations.com\/?page_id=182711"},"modified":"2024-09-11T11:30:23","modified_gmt":"2024-09-11T14:30:23","slug":"bluejeans","status":"publish","type":"page","link":"https:\/\/www.trustedtranslations.com\/pt-br\/servicos\/vri\/bluejeans","title":{"rendered":"BlueJeans da Verizon"},"content":{"rendered":"","protected":false},"excerpt":{"rendered":"","protected":false},"author":1,"featured_media":244657,"parent":160047,"menu_order":6,"comment_status":"closed","ping_status":"closed","template":"","meta":{"site-sidebar-layout":"default","site-content-layout":"default","ast-site-content-layout":"default","site-content-style":"default","site-sidebar-style":"default","ast-global-header-display":"","ast-banner-title-visibility":"","ast-main-header-display":"","ast-hfb-above-header-display":"","ast-hfb-below-header-display":"","ast-hfb-mobile-header-display":"","site-post-title":"disabled","ast-breadcrumbs-content":"","ast-featured-img":"","footer-sml-layout":"","ast-disable-related-posts":"","theme-transparent-header-meta":"default","adv-header-id-meta":"","stick-header-meta":"","header-above-stick-meta":"","header-main-stick-meta":"","header-below-stick-meta":"","astra-migrate-meta-layouts":"set","ast-page-background-enabled":"default","ast-page-background-meta":{"desktop":{"background-color":"var(--ast-global-color-4)","background-image":"","background-repeat":"repeat","background-position":"center center","background-size":"auto","background-attachment":"scroll","background-type":"","background-media":"","overlay-type":"","overlay-color":"","overlay-opacity":"","overlay-gradient":""},"tablet":{"background-color":"","background-image":"","background-repeat":"repeat","background-position":"center center","background-size":"auto","background-attachment":"scroll","background-type":"","background-media":"","overlay-type":"","overlay-color":"","overlay-opacity":"","overlay-gradient":""},"mobile":{"background-color":"","background-image":"","background-repeat":"repeat","background-position":"center center","background-size":"auto","background-attachment":"scroll","background-type":"","background-media":"","overlay-type":"","overlay-color":"","overlay-opacity":"","overlay-gradient":""}},"ast-content-background-meta":{"desktop":{"background-color":"var(--ast-global-color-5)","background-image":"","background-repeat":"repeat","background-position":"center center","background-size":"auto","background-attachment":"scroll","background-type":"","background-media":"","overlay-type":"","overlay-color":"","overlay-opacity":"","overlay-gradient":""},"tablet":{"background-color":"var(--ast-global-color-5)","background-image":"","background-repeat":"repeat","background-position":"center center","background-size":"auto","background-attachment":"scroll","background-type":"","background-media":"","overlay-type":"","overlay-color":"","overlay-opacity":"","overlay-gradient":""},"mobile":{"background-color":"var(--ast-global-color-5)","background-image":"","background-repeat":"repeat","background-position":"center center","background-size":"auto","background-attachment":"scroll","background-type":"","background-media":"","overlay-type":"","overlay-color":"","overlay-opacity":"","overlay-gradient":""}},"footnotes":""},"class_list":["post-182711","page","type-page","status-publish","has-post-thumbnail","hentry"],"yoast_head":"<!-- This site is optimized with the Yoast SEO plugin v27.5 - https:\/\/yoast.com\/product\/yoast-seo-wordpress\/ -->\n<title>Servi\u00e7os de interpreta\u00e7\u00e3o BlueJeans - Trusted Translations, Inc.<\/title>\n<meta name=\"description\" content=\"A Trusted Translations \u00e9 l\u00edder em servi\u00e7os de interpreta\u00e7\u00e3o de idiomas para o BlueJeans da Verizon. Ligue para n\u00f3s e solicite um or\u00e7amento ou consulta gratuitos.\" \/>\n<meta name=\"robots\" content=\"index, follow, max-snippet:-1, max-image-preview:large, max-video-preview:-1\" \/>\n<link rel=\"canonical\" href=\"https:\/\/www.trustedtranslations.com\/pt-br\/servicos\/vri\/bluejeans\" \/>\n<meta property=\"og:locale\" content=\"pt_BR\" \/>\n<meta property=\"og:type\" content=\"article\" \/>\n<meta property=\"og:title\" content=\"Servi\u00e7os de interpreta\u00e7\u00e3o BlueJeans - Trusted Translations, Inc.\" \/>\n<meta property=\"og:description\" content=\"A Trusted Translations \u00e9 l\u00edder em servi\u00e7os de interpreta\u00e7\u00e3o de idiomas para o BlueJeans da Verizon. Ligue para n\u00f3s e solicite um or\u00e7amento ou consulta gratuitos.\" \/>\n<meta property=\"og:url\" content=\"https:\/\/www.trustedtranslations.com\/pt-br\/servicos\/vri\/bluejeans\" \/>\n<meta property=\"og:site_name\" content=\"Trusted Translations, Inc.\" \/>\n<meta property=\"article:publisher\" content=\"https:\/\/www.facebook.com\/Trusted.Translations\" \/>\n<meta property=\"article:modified_time\" content=\"2024-09-11T14:30:23+00:00\" \/>\n<meta property=\"og:image\" content=\"https:\/\/static.trustedtranslations.com\/wp-content\/uploads\/2024\/02\/TT-ICON_Remote-Multilingual-Inte-14.webp\" \/>\n\t<meta property=\"og:image:width\" content=\"151\" \/>\n\t<meta property=\"og:image:height\" content=\"151\" \/>\n\t<meta property=\"og:image:type\" content=\"image\/webp\" \/>\n<meta name=\"twitter:card\" content=\"summary_large_image\" \/>\n<meta name=\"twitter:site\" content=\"@TrustedT9ns\" \/>\n<script type=\"application\/ld+json\" class=\"yoast-schema-graph\">{\"@context\":\"https:\\\/\\\/schema.org\",\"@graph\":[{\"@type\":\"WebPage\",\"@id\":\"https:\\\/\\\/www.trustedtranslations.com\\\/pt-br\\\/servicos\\\/vri\\\/bluejeans\",\"url\":\"https:\\\/\\\/www.trustedtranslations.com\\\/pt-br\\\/servicos\\\/vri\\\/bluejeans\",\"name\":\"Servi\u00e7os de interpreta\u00e7\u00e3o BlueJeans - Trusted Translations, Inc.\",\"isPartOf\":{\"@id\":\"https:\\\/\\\/www.trustedtranslations.com\\\/pt-br\\\/#website\"},\"primaryImageOfPage\":{\"@id\":\"https:\\\/\\\/www.trustedtranslations.com\\\/pt-br\\\/servicos\\\/vri\\\/bluejeans#primaryimage\"},\"image\":{\"@id\":\"https:\\\/\\\/www.trustedtranslations.com\\\/pt-br\\\/servicos\\\/vri\\\/bluejeans#primaryimage\"},\"thumbnailUrl\":\"https:\\\/\\\/www.trustedtranslations.com\\\/wp-content\\\/uploads\\\/2024\\\/02\\\/TT-ICON_Remote-Multilingual-Inte-14.webp\",\"description\":\"A Trusted Translations \u00e9 l\u00edder em servi\u00e7os de interpreta\u00e7\u00e3o de idiomas para o BlueJeans da Verizon. Ligue para n\u00f3s e solicite um or\u00e7amento ou consulta gratuitos.\",\"breadcrumb\":{\"@id\":\"https:\\\/\\\/www.trustedtranslations.com\\\/pt-br\\\/servicos\\\/vri\\\/bluejeans#breadcrumb\"},\"inLanguage\":\"pt-BR\",\"potentialAction\":[{\"@type\":\"ReadAction\",\"target\":[\"https:\\\/\\\/www.trustedtranslations.com\\\/pt-br\\\/servicos\\\/vri\\\/bluejeans\"]}]},{\"@type\":\"ImageObject\",\"inLanguage\":\"pt-BR\",\"@id\":\"https:\\\/\\\/www.trustedtranslations.com\\\/pt-br\\\/servicos\\\/vri\\\/bluejeans#primaryimage\",\"url\":\"https:\\\/\\\/www.trustedtranslations.com\\\/wp-content\\\/uploads\\\/2024\\\/02\\\/TT-ICON_Remote-Multilingual-Inte-14.webp\",\"contentUrl\":\"https:\\\/\\\/www.trustedtranslations.com\\\/wp-content\\\/uploads\\\/2024\\\/02\\\/TT-ICON_Remote-Multilingual-Inte-14.webp\",\"width\":151,\"height\":151,\"caption\":\"TT ICON Remote Multilingual Inte 14\"},{\"@type\":\"BreadcrumbList\",\"@id\":\"https:\\\/\\\/www.trustedtranslations.com\\\/pt-br\\\/servicos\\\/vri\\\/bluejeans#breadcrumb\",\"itemListElement\":[{\"@type\":\"ListItem\",\"position\":1,\"name\":\"Home\",\"item\":\"https:\\\/\\\/www.trustedtranslations.com\\\/pt-br\"},{\"@type\":\"ListItem\",\"position\":2,\"name\":\"Servi\u00e7os\",\"item\":\"https:\\\/\\\/www.trustedtranslations.com\\\/pt-br\\\/servicos\"},{\"@type\":\"ListItem\",\"position\":3,\"name\":\"Interpreta\u00e7\u00e3o Remota por V\u00eddeo (VRI)\",\"item\":\"https:\\\/\\\/www.trustedtranslations.com\\\/pt-br\\\/servicos\\\/vri\"},{\"@type\":\"ListItem\",\"position\":4,\"name\":\"BlueJeans da Verizon\"}]},{\"@type\":\"WebSite\",\"@id\":\"https:\\\/\\\/www.trustedtranslations.com\\\/pt-br\\\/#website\",\"url\":\"https:\\\/\\\/www.trustedtranslations.com\\\/pt-br\\\/\",\"name\":\"Trusted Translations, Inc.\",\"description\":\"Leader in translation and interpretation services.\",\"publisher\":{\"@id\":\"https:\\\/\\\/www.trustedtranslations.com\\\/pt-br\\\/#organization\"},\"alternateName\":\"Trusted Translations\",\"potentialAction\":[{\"@type\":\"SearchAction\",\"target\":{\"@type\":\"EntryPoint\",\"urlTemplate\":\"https:\\\/\\\/www.trustedtranslations.com\\\/pt-br\\\/?s={search_term_string}\"},\"query-input\":{\"@type\":\"PropertyValueSpecification\",\"valueRequired\":true,\"valueName\":\"search_term_string\"}}],\"inLanguage\":\"pt-BR\"},{\"@type\":\"Organization\",\"@id\":\"https:\\\/\\\/www.trustedtranslations.com\\\/pt-br\\\/#organization\",\"name\":\"Trusted Translations\",\"alternateName\":\"Trusted Translations, Inc.\",\"url\":\"https:\\\/\\\/www.trustedtranslations.com\\\/pt-br\\\/\",\"logo\":{\"@type\":\"ImageObject\",\"inLanguage\":\"pt-BR\",\"@id\":\"https:\\\/\\\/www.trustedtranslations.com\\\/pt-br\\\/#\\\/schema\\\/logo\\\/image\\\/\",\"url\":\"https:\\\/\\\/static.trustedtranslations.com\\\/wp-content\\\/uploads\\\/2022\\\/01\\\/TT_logo_WSIColors-2.png\",\"contentUrl\":\"https:\\\/\\\/static.trustedtranslations.com\\\/wp-content\\\/uploads\\\/2022\\\/01\\\/TT_logo_WSIColors-2.png\",\"width\":500,\"height\":196,\"caption\":\"Trusted Translations\"},\"image\":{\"@id\":\"https:\\\/\\\/www.trustedtranslations.com\\\/pt-br\\\/#\\\/schema\\\/logo\\\/image\\\/\"},\"sameAs\":[\"https:\\\/\\\/www.facebook.com\\\/Trusted.Translations\",\"https:\\\/\\\/x.com\\\/TrustedT9ns\",\"https:\\\/\\\/www.linkedin.com\\\/company\\\/trusted-translations\"]}]}<\/script>\n<!-- \/ Yoast SEO plugin. -->","yoast_head_json":{"title":"Servi\u00e7os de interpreta\u00e7\u00e3o BlueJeans - Trusted Translations, Inc.","description":"A Trusted Translations \u00e9 l\u00edder em servi\u00e7os de interpreta\u00e7\u00e3o de idiomas para o BlueJeans da Verizon. Ligue para n\u00f3s e solicite um or\u00e7amento ou consulta gratuitos.","robots":{"index":"index","follow":"follow","max-snippet":"max-snippet:-1","max-image-preview":"max-image-preview:large","max-video-preview":"max-video-preview:-1"},"canonical":"https:\/\/www.trustedtranslations.com\/pt-br\/servicos\/vri\/bluejeans","og_locale":"pt_BR","og_type":"article","og_title":"Servi\u00e7os de interpreta\u00e7\u00e3o BlueJeans - Trusted Translations, Inc.","og_description":"A Trusted Translations \u00e9 l\u00edder em servi\u00e7os de interpreta\u00e7\u00e3o de idiomas para o BlueJeans da Verizon. Ligue para n\u00f3s e solicite um or\u00e7amento ou consulta gratuitos.","og_url":"https:\/\/www.trustedtranslations.com\/pt-br\/servicos\/vri\/bluejeans","og_site_name":"Trusted Translations, Inc.","article_publisher":"https:\/\/www.facebook.com\/Trusted.Translations","article_modified_time":"2024-09-11T14:30:23+00:00","og_image":[{"width":151,"height":151,"url":"https:\/\/static.trustedtranslations.com\/wp-content\/uploads\/2024\/02\/TT-ICON_Remote-Multilingual-Inte-14.webp","type":"image\/webp"}],"twitter_card":"summary_large_image","twitter_site":"@TrustedT9ns","schema":{"@context":"https:\/\/schema.org","@graph":[{"@type":"WebPage","@id":"https:\/\/www.trustedtranslations.com\/pt-br\/servicos\/vri\/bluejeans","url":"https:\/\/www.trustedtranslations.com\/pt-br\/servicos\/vri\/bluejeans","name":"Servi\u00e7os de interpreta\u00e7\u00e3o BlueJeans - Trusted Translations, Inc.","isPartOf":{"@id":"https:\/\/www.trustedtranslations.com\/pt-br\/#website"},"primaryImageOfPage":{"@id":"https:\/\/www.trustedtranslations.com\/pt-br\/servicos\/vri\/bluejeans#primaryimage"},"image":{"@id":"https:\/\/www.trustedtranslations.com\/pt-br\/servicos\/vri\/bluejeans#primaryimage"},"thumbnailUrl":"https:\/\/www.trustedtranslations.com\/wp-content\/uploads\/2024\/02\/TT-ICON_Remote-Multilingual-Inte-14.webp","description":"A Trusted Translations \u00e9 l\u00edder em servi\u00e7os de interpreta\u00e7\u00e3o de idiomas para o BlueJeans da Verizon. Ligue para n\u00f3s e solicite um or\u00e7amento ou consulta gratuitos.","breadcrumb":{"@id":"https:\/\/www.trustedtranslations.com\/pt-br\/servicos\/vri\/bluejeans#breadcrumb"},"inLanguage":"pt-BR","potentialAction":[{"@type":"ReadAction","target":["https:\/\/www.trustedtranslations.com\/pt-br\/servicos\/vri\/bluejeans"]}]},{"@type":"ImageObject","inLanguage":"pt-BR","@id":"https:\/\/www.trustedtranslations.com\/pt-br\/servicos\/vri\/bluejeans#primaryimage","url":"https:\/\/www.trustedtranslations.com\/wp-content\/uploads\/2024\/02\/TT-ICON_Remote-Multilingual-Inte-14.webp","contentUrl":"https:\/\/www.trustedtranslations.com\/wp-content\/uploads\/2024\/02\/TT-ICON_Remote-Multilingual-Inte-14.webp","width":151,"height":151,"caption":"TT ICON Remote Multilingual Inte 14"},{"@type":"BreadcrumbList","@id":"https:\/\/www.trustedtranslations.com\/pt-br\/servicos\/vri\/bluejeans#breadcrumb","itemListElement":[{"@type":"ListItem","position":1,"name":"Home","item":"https:\/\/www.trustedtranslations.com\/pt-br"},{"@type":"ListItem","position":2,"name":"Servi\u00e7os","item":"https:\/\/www.trustedtranslations.com\/pt-br\/servicos"},{"@type":"ListItem","position":3,"name":"Interpreta\u00e7\u00e3o Remota por V\u00eddeo (VRI)","item":"https:\/\/www.trustedtranslations.com\/pt-br\/servicos\/vri"},{"@type":"ListItem","position":4,"name":"BlueJeans da Verizon"}]},{"@type":"WebSite","@id":"https:\/\/www.trustedtranslations.com\/pt-br\/#website","url":"https:\/\/www.trustedtranslations.com\/pt-br\/","name":"Trusted Translations, Inc.","description":"Leader in translation and interpretation services.","publisher":{"@id":"https:\/\/www.trustedtranslations.com\/pt-br\/#organization"},"alternateName":"Trusted Translations","potentialAction":[{"@type":"SearchAction","target":{"@type":"EntryPoint","urlTemplate":"https:\/\/www.trustedtranslations.com\/pt-br\/?s={search_term_string}"},"query-input":{"@type":"PropertyValueSpecification","valueRequired":true,"valueName":"search_term_string"}}],"inLanguage":"pt-BR"},{"@type":"Organization","@id":"https:\/\/www.trustedtranslations.com\/pt-br\/#organization","name":"Trusted Translations","alternateName":"Trusted Translations, Inc.","url":"https:\/\/www.trustedtranslations.com\/pt-br\/","logo":{"@type":"ImageObject","inLanguage":"pt-BR","@id":"https:\/\/www.trustedtranslations.com\/pt-br\/#\/schema\/logo\/image\/","url":"https:\/\/static.trustedtranslations.com\/wp-content\/uploads\/2022\/01\/TT_logo_WSIColors-2.png","contentUrl":"https:\/\/static.trustedtranslations.com\/wp-content\/uploads\/2022\/01\/TT_logo_WSIColors-2.png","width":500,"height":196,"caption":"Trusted Translations"},"image":{"@id":"https:\/\/www.trustedtranslations.com\/pt-br\/#\/schema\/logo\/image\/"},"sameAs":["https:\/\/www.facebook.com\/Trusted.Translations","https:\/\/x.com\/TrustedT9ns","https:\/\/www.linkedin.com\/company\/trusted-translations"]}]}},"toolset-meta":{"dyk":{"mensaje-1":{"type":"textfield","raw":"Fornecemos tradu\u00e7\u00f5es a empresas da Fortune 500 com pre\u00e7os de 25% a 50% mais baixos do que os praticados no mercado."},"mensaje-2":{"type":"textfield","raw":"Todas as tradu\u00e7\u00f5es realizadas pelas nossas equipes de especialistas s\u00e3o certificadas pela Lloyd's of London."},"mensaje-3":{"type":"textfield","raw":"A Trusted Translations tem orgulho de patrocinar o Hospital de Pesquisa Infantil St. Jude."},"mensaje-4":{"type":"textfield","raw":"Fazemos parte das \u201c500 melhores empresas hisp\u00e2nicas\u201d nos Estados Unidos."},"mensaje-5":{"type":"textfield","raw":"A Trusted Translations tem mais de 5.000 clientes satisfeitos, abrangendo quase todos os setores."},"mensaje-6":{"type":"textfield","raw":""}},"single-page-template-fields":{"imgs-temp":{"type":"image","raw":["https:\/\/static.trustedtranslations.com\/wp-content\/uploads\/2024\/07\/bluejean-1.webp"],"repeatable":[{"raw":"https:\/\/static.trustedtranslations.com\/wp-content\/uploads\/2024\/07\/bluejean-1.webp"}]},"imgs-temp-cel":{"type":"image","raw":[""],"repeatable":[{"raw":""}]},"img-temp-one-cel":{"type":"image","raw":"https:\/\/static.trustedtranslations.com\/wp-content\/uploads\/2024\/07\/bluejean-2-1.webp","attachment_id":null},"quotes":{"type":"textarea","raw":"<h1 style=\"margin-bottom: 12px;\">Servi\u00e7os de interpreta\u00e7\u00e3o multil\u00edngue remota no BlueJeans<\/h1>\r\nCom suporte da gigante das telecomunica\u00e7\u00f5es, a Verizon, o BlueJeans oferece v\u00e1rios recursos de ponta exclusivos para interpreta\u00e7\u00e3o multil\u00edngue remota. Na Trusted Translations, oferecemos servi\u00e7os de interpreta\u00e7\u00e3o remota de qualidade para reuni\u00f5es e outros eventos no BlueJeans.\r\n<div style=\"margin-top: 2.5vw;\"><a class=\"tt-btn-main-cta\" href=\"https:\/\/www.trustedtranslations.com\/pt-br\/solicitud-orcamento\">Solicite um or\u00e7amento gratuito<\/a><\/div>"},"text-1":{"type":"textarea","raw":"<img class=\"wp-image-177882 alignright\" src=\"https:\/\/static.trustedtranslations.com\/wp-content\/uploads\/2023\/01\/bluejean-3.jpg\" alt=\"\" width=\"500\" height=\"334\" \/>\r\n<h2 style=\"display: inline-block; margin-top: 0px;\">Interpreta\u00e7\u00e3o profissional para reuni\u00f5es e webinars<\/h2>\r\nAdquirido pela Verizon em 2020, o BlueJeans \u00e9 outra excelente op\u00e7\u00e3o para uma plataforma de videoconfer\u00eancia remota, baseada na nuvem. Famosa entre pequenas e grandes empresas, o BlueJeans \u00e9 parceiro de clientes como Facebook, Salesforce, LinkedIn e muitos mais, para oferecer um servi\u00e7o de comunica\u00e7\u00e3o que funciona com praticamente qualquer dispositivo.\r\n\r\nDesde sua aquisi\u00e7\u00e3o, o BlueJeans introduziu v\u00e1rios novos recursos, projetados especificamente para oferecer suporte \u00e0 <a href=\"https:\/\/support.bluejeans.com\/s\/article\/Simultaneous-Interpretation\" target=\"_blank\" rel=\"noopener\">interpreta\u00e7\u00e3o remota simult\u00e2nea<\/a>. Mais importante ainda, os moderadores do BlueJeans podem adicionar int\u00e9rpretes ilimitados e at\u00e9 cinco canais de idiomas simult\u00e2neos por reuni\u00e3o, com a interpreta\u00e7\u00e3o intermedi\u00e1ria (atrav\u00e9s de um terceiro idioma) tamb\u00e9m habilitada. Os int\u00e9rpretes recebem atribui\u00e7\u00f5es espec\u00edficas da fun\u00e7\u00e3o e acesso ao console virtual do int\u00e9rprete, permitindo que selecionem os idiomas de entrada e sa\u00edda, bem como ajustes de volume e mixagem de \u00e1udio.\r\n\r\nObserve que, atualmente, esses recursos habilitados para interpreta\u00e7\u00e3o est\u00e3o dispon\u00edveis apenas no aplicativo para computador Windows\/Mac; os participantes da reuni\u00e3o podem ingressar usando qualquer dispositivo, mas o moderador e o int\u00e9rprete devem ingressar atrav\u00e9s desse aplicativo de computador.\r\n<h2>Benef\u00edcios do BlueJeans para reuni\u00f5es multil\u00edngues<\/h2>\r\nA introdu\u00e7\u00e3o desses novos recursos espec\u00edficos para interpreta\u00e7\u00e3o pelo BlueJeans o coloca acima dos concorrentes. Ao mesmo tempo, a plataforma tamb\u00e9m oferece v\u00e1rios outros benef\u00edcios para reuni\u00f5es multil\u00edngues, incluindo:\r\n<ul>\r\n \t<li>V\u00eddeo e \u00e1udio confi\u00e1veis e de alta qualidade<\/li>\r\n \t<li>Usu\u00e1rios que n\u00e3o possuam o BlueJeans podem entrar sem baixar um aplicativo ou software<\/li>\r\n \t<li>Dispon\u00edvel para Android, iOS, Linux, macOS e Windows<\/li>\r\n \t<li>Integra-se facilmente com Slack, Panopto, Canvas LMS e muitos mais<\/li>\r\n \t<li>A seguran\u00e7a inclui criptografia e outros recursos de prote\u00e7\u00e3o<\/li>\r\n<\/ul>\r\nParticularmente, o BlueJeans se destaca por oferecer suporte \u00e0 conectividade entre diferentes tipos de dispositivos. A plataforma se vende como o primeiro servi\u00e7o na nuvem a conectar computadores, dispositivos m\u00f3veis e salas virtuais em uma reuni\u00e3o de videoconfer\u00eancia. Dada a sua ampla disponibilidade em v\u00e1rias plataformas, o BlueJeans \u00e9 uma boa escolha para empresas ou eventos onde se espera que os participantes usem uma grande variedade de pontos de acesso. Os usu\u00e1rios tamb\u00e9m elogiam o v\u00eddeo e o \u00e1udio de alta qualidade do BlueJeans, o que \u00e9 especialmente valioso para a interpreta\u00e7\u00e3o de idiomas."},"shortcode-map":{"type":"textfield","raw":""},"dyk-shortcode":{"type":"textfield","raw":"[elementor-template id=\"147273\"]"},"text-2":{"type":"textarea","raw":"<h2>Limita\u00e7\u00f5es do BlueJeans para interpreta\u00e7\u00e3o remota<\/h2>\r\nDito isso, o BlueJeans tem algumas limita\u00e7\u00f5es a serem consideradas quando voc\u00ea for selecionar uma plataforma de interpreta\u00e7\u00e3o remota, como:\r\n<ul>\r\n \t<li>O BlueJeans n\u00e3o oferece uma assinatura gratuita, ao contr\u00e1rio de alguns concorrentes<\/li>\r\n \t<li>H\u00e1 um limite de 250 participantes para reuni\u00f5es de interpreta\u00e7\u00e3o simult\u00e2nea<\/li>\r\n \t<li>N\u00e3o h\u00e1 suporte \u00e0 interpreta\u00e7\u00e3o em sess\u00f5es secund\u00e1rias ou para usu\u00e1rios em salas virtuais<\/li>\r\n \t<li>Apenas cinco canais de idiomas simult\u00e2neos podem ser adicionados por reuni\u00e3o<\/li>\r\n \t<li>Os int\u00e9rpretes devem (conforme observado acima) usar o aplicativo de computador<\/li>\r\n<\/ul>\r\n<strong>\u00a0<\/strong>Se sua organiza\u00e7\u00e3o planeja organizar reuni\u00f5es muito grandes ou confer\u00eancias multil\u00edngues, o BlueJeans pode n\u00e3o ser a op\u00e7\u00e3o certa para voc\u00ea. Embora o n\u00famero m\u00e1ximo de participantes (250) o coloque no mesmo n\u00edvel de Google Meet e GoTo Meeting\u2014e um pouco acima dos 200 do Webex\u2014 ele ainda n\u00e3o \u00e9 p\u00e1reo para concorrentes pagos, como o Zoom, que podem aceitar limites acima de 500 participantes. Da mesma forma, o limite de cinco canais de idiomas por reuni\u00e3o n\u00e3o \u00e9 ideal para eventos que exijam mais idiomas.\r\n<h2>Nossa equipe<\/h2>\r\nA <em>Trusted Translations <\/em>oferece interpreta\u00e7\u00e3o remota de v\u00eddeo de alta qualidade para suas necessidades organizacionais. Nossos tradutores e int\u00e9rpretes profissionais t\u00eam experi\u00eancia em uma ampla variedade de plataformas de comunica\u00e7\u00e3o, incluindo o BlueJeans, e podem fornecer orienta\u00e7\u00f5es sobre a solu\u00e7\u00e3o mais adequada para voc\u00ea."},"state":{"type":"textfield","raw":""},"city":{"type":"textarea","raw":[]}}},"_links":{"self":[{"href":"https:\/\/www.trustedtranslations.com\/pt-br\/wp-json\/wp\/v2\/pages\/182711","targetHints":{"allow":["GET"]}}],"collection":[{"href":"https:\/\/www.trustedtranslations.com\/pt-br\/wp-json\/wp\/v2\/pages"}],"about":[{"href":"https:\/\/www.trustedtranslations.com\/pt-br\/wp-json\/wp\/v2\/types\/page"}],"author":[{"embeddable":true,"href":"https:\/\/www.trustedtranslations.com\/pt-br\/wp-json\/wp\/v2\/users\/1"}],"replies":[{"embeddable":true,"href":"https:\/\/www.trustedtranslations.com\/pt-br\/wp-json\/wp\/v2\/comments?post=182711"}],"version-history":[{"count":0,"href":"https:\/\/www.trustedtranslations.com\/pt-br\/wp-json\/wp\/v2\/pages\/182711\/revisions"}],"up":[{"embeddable":true,"href":"https:\/\/www.trustedtranslations.com\/pt-br\/wp-json\/wp\/v2\/pages\/160047"}],"wp:featuredmedia":[{"embeddable":true,"href":"https:\/\/www.trustedtranslations.com\/pt-br\/wp-json\/wp\/v2\/media\/244657"}],"wp:attachment":[{"href":"https:\/\/www.trustedtranslations.com\/pt-br\/wp-json\/wp\/v2\/media?parent=182711"}],"curies":[{"name":"wp","href":"https:\/\/api.w.org\/{rel}","templated":true}]}}