{"id":201525,"date":"2023-04-25T15:55:19","date_gmt":"2023-04-25T18:55:19","guid":{"rendered":"https:\/\/www.trustedtranslations.com\/?page_id=201525"},"modified":"2024-09-11T12:46:05","modified_gmt":"2024-09-11T15:46:05","slug":"acessibilidade","status":"publish","type":"page","link":"https:\/\/www.trustedtranslations.com\/pt-br\/servicos\/humana\/acessibilidade","title":{"rendered":"Acessibilidade"},"content":{"rendered":"","protected":false},"excerpt":{"rendered":"","protected":false},"author":1,"featured_media":235548,"parent":134978,"menu_order":11,"comment_status":"closed","ping_status":"closed","template":"","meta":{"site-sidebar-layout":"default","site-content-layout":"default","ast-site-content-layout":"default","site-content-style":"default","site-sidebar-style":"default","ast-global-header-display":"","ast-banner-title-visibility":"","ast-main-header-display":"","ast-hfb-above-header-display":"","ast-hfb-below-header-display":"","ast-hfb-mobile-header-display":"","site-post-title":"disabled","ast-breadcrumbs-content":"","ast-featured-img":"","footer-sml-layout":"","ast-disable-related-posts":"","theme-transparent-header-meta":"default","adv-header-id-meta":"","stick-header-meta":"","header-above-stick-meta":"","header-main-stick-meta":"","header-below-stick-meta":"","astra-migrate-meta-layouts":"set","ast-page-background-enabled":"default","ast-page-background-meta":{"desktop":{"background-color":"var(--ast-global-color-4)","background-image":"","background-repeat":"repeat","background-position":"center center","background-size":"auto","background-attachment":"scroll","background-type":"","background-media":"","overlay-type":"","overlay-color":"","overlay-opacity":"","overlay-gradient":""},"tablet":{"background-color":"","background-image":"","background-repeat":"repeat","background-position":"center center","background-size":"auto","background-attachment":"scroll","background-type":"","background-media":"","overlay-type":"","overlay-color":"","overlay-opacity":"","overlay-gradient":""},"mobile":{"background-color":"","background-image":"","background-repeat":"repeat","background-position":"center center","background-size":"auto","background-attachment":"scroll","background-type":"","background-media":"","overlay-type":"","overlay-color":"","overlay-opacity":"","overlay-gradient":""}},"ast-content-background-meta":{"desktop":{"background-color":"var(--ast-global-color-5)","background-image":"","background-repeat":"repeat","background-position":"center center","background-size":"auto","background-attachment":"scroll","background-type":"","background-media":"","overlay-type":"","overlay-color":"","overlay-opacity":"","overlay-gradient":""},"tablet":{"background-color":"var(--ast-global-color-5)","background-image":"","background-repeat":"repeat","background-position":"center center","background-size":"auto","background-attachment":"scroll","background-type":"","background-media":"","overlay-type":"","overlay-color":"","overlay-opacity":"","overlay-gradient":""},"mobile":{"background-color":"var(--ast-global-color-5)","background-image":"","background-repeat":"repeat","background-position":"center center","background-size":"auto","background-attachment":"scroll","background-type":"","background-media":"","overlay-type":"","overlay-color":"","overlay-opacity":"","overlay-gradient":""}},"footnotes":""},"class_list":["post-201525","page","type-page","status-publish","has-post-thumbnail","hentry"],"yoast_head":"<!-- This site is optimized with the Yoast SEO plugin v27.3 - https:\/\/yoast.com\/product\/yoast-seo-wordpress\/ -->\n<title>Normas e tradu\u00e7\u00f5es de acessibilidade - Trusted Translations, Inc.<\/title>\n<meta name=\"description\" content=\"O principal objetivo da Trusted Translations \u00e9 localizar conte\u00fado e garantir usabilidade para o p\u00fablico mais amplo poss\u00edvel, respeitando todos os padr\u00f5es de acessibilidade.\" \/>\n<meta name=\"robots\" content=\"index, follow, max-snippet:-1, max-image-preview:large, max-video-preview:-1\" \/>\n<link rel=\"canonical\" href=\"https:\/\/www.trustedtranslations.com\/pt-br\/servicos\/humana\/acessibilidade\" \/>\n<meta property=\"og:locale\" content=\"pt_BR\" \/>\n<meta property=\"og:type\" content=\"article\" \/>\n<meta property=\"og:title\" content=\"Normas e tradu\u00e7\u00f5es de acessibilidade - Trusted Translations, Inc.\" \/>\n<meta property=\"og:description\" content=\"O principal objetivo da Trusted Translations \u00e9 localizar conte\u00fado e garantir usabilidade para o p\u00fablico mais amplo poss\u00edvel, respeitando todos os padr\u00f5es de acessibilidade.\" \/>\n<meta property=\"og:url\" content=\"https:\/\/www.trustedtranslations.com\/pt-br\/servicos\/humana\/acessibilidade\" \/>\n<meta property=\"og:site_name\" content=\"Trusted Translations, Inc.\" \/>\n<meta property=\"article:publisher\" content=\"https:\/\/www.facebook.com\/Trusted.Translations\" \/>\n<meta property=\"article:modified_time\" content=\"2024-09-11T15:46:05+00:00\" \/>\n<meta property=\"og:image\" content=\"https:\/\/static.trustedtranslations.com\/wp-content\/uploads\/2024\/02\/TT-ICON_Accessibility-Standards-.webp\" \/>\n\t<meta property=\"og:image:width\" content=\"151\" \/>\n\t<meta property=\"og:image:height\" content=\"151\" \/>\n\t<meta property=\"og:image:type\" content=\"image\/webp\" \/>\n<meta name=\"twitter:card\" content=\"summary_large_image\" \/>\n<meta name=\"twitter:site\" content=\"@TrustedT9ns\" \/>\n<script type=\"application\/ld+json\" class=\"yoast-schema-graph\">{\"@context\":\"https:\\\/\\\/schema.org\",\"@graph\":[{\"@type\":\"WebPage\",\"@id\":\"https:\\\/\\\/www.trustedtranslations.com\\\/pt-br\\\/servicos\\\/humana\\\/acessibilidade\",\"url\":\"https:\\\/\\\/www.trustedtranslations.com\\\/pt-br\\\/servicos\\\/humana\\\/acessibilidade\",\"name\":\"Normas e tradu\u00e7\u00f5es de acessibilidade - Trusted Translations, Inc.\",\"isPartOf\":{\"@id\":\"https:\\\/\\\/www.trustedtranslations.com\\\/pt-br\\\/#website\"},\"primaryImageOfPage\":{\"@id\":\"https:\\\/\\\/www.trustedtranslations.com\\\/pt-br\\\/servicos\\\/humana\\\/acessibilidade#primaryimage\"},\"image\":{\"@id\":\"https:\\\/\\\/www.trustedtranslations.com\\\/pt-br\\\/servicos\\\/humana\\\/acessibilidade#primaryimage\"},\"thumbnailUrl\":\"https:\\\/\\\/www.trustedtranslations.com\\\/wp-content\\\/uploads\\\/2024\\\/02\\\/TT-ICON_Accessibility-Standards-.webp\",\"description\":\"O principal objetivo da Trusted Translations \u00e9 localizar conte\u00fado e garantir usabilidade para o p\u00fablico mais amplo poss\u00edvel, respeitando todos os padr\u00f5es de acessibilidade.\",\"breadcrumb\":{\"@id\":\"https:\\\/\\\/www.trustedtranslations.com\\\/pt-br\\\/servicos\\\/humana\\\/acessibilidade#breadcrumb\"},\"inLanguage\":\"pt-BR\",\"potentialAction\":[{\"@type\":\"ReadAction\",\"target\":[\"https:\\\/\\\/www.trustedtranslations.com\\\/pt-br\\\/servicos\\\/humana\\\/acessibilidade\"]}]},{\"@type\":\"ImageObject\",\"inLanguage\":\"pt-BR\",\"@id\":\"https:\\\/\\\/www.trustedtranslations.com\\\/pt-br\\\/servicos\\\/humana\\\/acessibilidade#primaryimage\",\"url\":\"https:\\\/\\\/www.trustedtranslations.com\\\/wp-content\\\/uploads\\\/2024\\\/02\\\/TT-ICON_Accessibility-Standards-.webp\",\"contentUrl\":\"https:\\\/\\\/www.trustedtranslations.com\\\/wp-content\\\/uploads\\\/2024\\\/02\\\/TT-ICON_Accessibility-Standards-.webp\",\"width\":151,\"height\":151,\"caption\":\"TT ICON Accessibility Standards\"},{\"@type\":\"BreadcrumbList\",\"@id\":\"https:\\\/\\\/www.trustedtranslations.com\\\/pt-br\\\/servicos\\\/humana\\\/acessibilidade#breadcrumb\",\"itemListElement\":[{\"@type\":\"ListItem\",\"position\":1,\"name\":\"Home\",\"item\":\"https:\\\/\\\/www.trustedtranslations.com\\\/pt-br\"},{\"@type\":\"ListItem\",\"position\":2,\"name\":\"Servi\u00e7os\",\"item\":\"https:\\\/\\\/www.trustedtranslations.com\\\/pt-br\\\/servicos\"},{\"@type\":\"ListItem\",\"position\":3,\"name\":\"Tradu\u00e7\u00e3o humana\",\"item\":\"https:\\\/\\\/www.trustedtranslations.com\\\/pt-br\\\/servicos\\\/humana\"},{\"@type\":\"ListItem\",\"position\":4,\"name\":\"Acessibilidade\"}]},{\"@type\":\"WebSite\",\"@id\":\"https:\\\/\\\/www.trustedtranslations.com\\\/pt-br\\\/#website\",\"url\":\"https:\\\/\\\/www.trustedtranslations.com\\\/pt-br\\\/\",\"name\":\"Trusted Translations, Inc.\",\"description\":\"Leader in translation and interpretation services.\",\"publisher\":{\"@id\":\"https:\\\/\\\/www.trustedtranslations.com\\\/pt-br\\\/#organization\"},\"alternateName\":\"Trusted Translations\",\"potentialAction\":[{\"@type\":\"SearchAction\",\"target\":{\"@type\":\"EntryPoint\",\"urlTemplate\":\"https:\\\/\\\/www.trustedtranslations.com\\\/pt-br\\\/?s={search_term_string}\"},\"query-input\":{\"@type\":\"PropertyValueSpecification\",\"valueRequired\":true,\"valueName\":\"search_term_string\"}}],\"inLanguage\":\"pt-BR\"},{\"@type\":\"Organization\",\"@id\":\"https:\\\/\\\/www.trustedtranslations.com\\\/pt-br\\\/#organization\",\"name\":\"Trusted Translations\",\"alternateName\":\"Trusted Translations, Inc.\",\"url\":\"https:\\\/\\\/www.trustedtranslations.com\\\/pt-br\\\/\",\"logo\":{\"@type\":\"ImageObject\",\"inLanguage\":\"pt-BR\",\"@id\":\"https:\\\/\\\/www.trustedtranslations.com\\\/pt-br\\\/#\\\/schema\\\/logo\\\/image\\\/\",\"url\":\"https:\\\/\\\/static.trustedtranslations.com\\\/wp-content\\\/uploads\\\/2022\\\/01\\\/TT_logo_WSIColors-2.png\",\"contentUrl\":\"https:\\\/\\\/static.trustedtranslations.com\\\/wp-content\\\/uploads\\\/2022\\\/01\\\/TT_logo_WSIColors-2.png\",\"width\":500,\"height\":196,\"caption\":\"Trusted Translations\"},\"image\":{\"@id\":\"https:\\\/\\\/www.trustedtranslations.com\\\/pt-br\\\/#\\\/schema\\\/logo\\\/image\\\/\"},\"sameAs\":[\"https:\\\/\\\/www.facebook.com\\\/Trusted.Translations\",\"https:\\\/\\\/x.com\\\/TrustedT9ns\",\"https:\\\/\\\/www.linkedin.com\\\/company\\\/trusted-translations\"]}]}<\/script>\n<!-- \/ Yoast SEO plugin. -->","yoast_head_json":{"title":"Normas e tradu\u00e7\u00f5es de acessibilidade - Trusted Translations, Inc.","description":"O principal objetivo da Trusted Translations \u00e9 localizar conte\u00fado e garantir usabilidade para o p\u00fablico mais amplo poss\u00edvel, respeitando todos os padr\u00f5es de acessibilidade.","robots":{"index":"index","follow":"follow","max-snippet":"max-snippet:-1","max-image-preview":"max-image-preview:large","max-video-preview":"max-video-preview:-1"},"canonical":"https:\/\/www.trustedtranslations.com\/pt-br\/servicos\/humana\/acessibilidade","og_locale":"pt_BR","og_type":"article","og_title":"Normas e tradu\u00e7\u00f5es de acessibilidade - Trusted Translations, Inc.","og_description":"O principal objetivo da Trusted Translations \u00e9 localizar conte\u00fado e garantir usabilidade para o p\u00fablico mais amplo poss\u00edvel, respeitando todos os padr\u00f5es de acessibilidade.","og_url":"https:\/\/www.trustedtranslations.com\/pt-br\/servicos\/humana\/acessibilidade","og_site_name":"Trusted Translations, Inc.","article_publisher":"https:\/\/www.facebook.com\/Trusted.Translations","article_modified_time":"2024-09-11T15:46:05+00:00","og_image":[{"width":151,"height":151,"url":"https:\/\/static.trustedtranslations.com\/wp-content\/uploads\/2024\/02\/TT-ICON_Accessibility-Standards-.webp","type":"image\/webp"}],"twitter_card":"summary_large_image","twitter_site":"@TrustedT9ns","schema":{"@context":"https:\/\/schema.org","@graph":[{"@type":"WebPage","@id":"https:\/\/www.trustedtranslations.com\/pt-br\/servicos\/humana\/acessibilidade","url":"https:\/\/www.trustedtranslations.com\/pt-br\/servicos\/humana\/acessibilidade","name":"Normas e tradu\u00e7\u00f5es de acessibilidade - Trusted Translations, Inc.","isPartOf":{"@id":"https:\/\/www.trustedtranslations.com\/pt-br\/#website"},"primaryImageOfPage":{"@id":"https:\/\/www.trustedtranslations.com\/pt-br\/servicos\/humana\/acessibilidade#primaryimage"},"image":{"@id":"https:\/\/www.trustedtranslations.com\/pt-br\/servicos\/humana\/acessibilidade#primaryimage"},"thumbnailUrl":"https:\/\/www.trustedtranslations.com\/wp-content\/uploads\/2024\/02\/TT-ICON_Accessibility-Standards-.webp","description":"O principal objetivo da Trusted Translations \u00e9 localizar conte\u00fado e garantir usabilidade para o p\u00fablico mais amplo poss\u00edvel, respeitando todos os padr\u00f5es de acessibilidade.","breadcrumb":{"@id":"https:\/\/www.trustedtranslations.com\/pt-br\/servicos\/humana\/acessibilidade#breadcrumb"},"inLanguage":"pt-BR","potentialAction":[{"@type":"ReadAction","target":["https:\/\/www.trustedtranslations.com\/pt-br\/servicos\/humana\/acessibilidade"]}]},{"@type":"ImageObject","inLanguage":"pt-BR","@id":"https:\/\/www.trustedtranslations.com\/pt-br\/servicos\/humana\/acessibilidade#primaryimage","url":"https:\/\/www.trustedtranslations.com\/wp-content\/uploads\/2024\/02\/TT-ICON_Accessibility-Standards-.webp","contentUrl":"https:\/\/www.trustedtranslations.com\/wp-content\/uploads\/2024\/02\/TT-ICON_Accessibility-Standards-.webp","width":151,"height":151,"caption":"TT ICON Accessibility Standards"},{"@type":"BreadcrumbList","@id":"https:\/\/www.trustedtranslations.com\/pt-br\/servicos\/humana\/acessibilidade#breadcrumb","itemListElement":[{"@type":"ListItem","position":1,"name":"Home","item":"https:\/\/www.trustedtranslations.com\/pt-br"},{"@type":"ListItem","position":2,"name":"Servi\u00e7os","item":"https:\/\/www.trustedtranslations.com\/pt-br\/servicos"},{"@type":"ListItem","position":3,"name":"Tradu\u00e7\u00e3o humana","item":"https:\/\/www.trustedtranslations.com\/pt-br\/servicos\/humana"},{"@type":"ListItem","position":4,"name":"Acessibilidade"}]},{"@type":"WebSite","@id":"https:\/\/www.trustedtranslations.com\/pt-br\/#website","url":"https:\/\/www.trustedtranslations.com\/pt-br\/","name":"Trusted Translations, Inc.","description":"Leader in translation and interpretation services.","publisher":{"@id":"https:\/\/www.trustedtranslations.com\/pt-br\/#organization"},"alternateName":"Trusted Translations","potentialAction":[{"@type":"SearchAction","target":{"@type":"EntryPoint","urlTemplate":"https:\/\/www.trustedtranslations.com\/pt-br\/?s={search_term_string}"},"query-input":{"@type":"PropertyValueSpecification","valueRequired":true,"valueName":"search_term_string"}}],"inLanguage":"pt-BR"},{"@type":"Organization","@id":"https:\/\/www.trustedtranslations.com\/pt-br\/#organization","name":"Trusted Translations","alternateName":"Trusted Translations, Inc.","url":"https:\/\/www.trustedtranslations.com\/pt-br\/","logo":{"@type":"ImageObject","inLanguage":"pt-BR","@id":"https:\/\/www.trustedtranslations.com\/pt-br\/#\/schema\/logo\/image\/","url":"https:\/\/static.trustedtranslations.com\/wp-content\/uploads\/2022\/01\/TT_logo_WSIColors-2.png","contentUrl":"https:\/\/static.trustedtranslations.com\/wp-content\/uploads\/2022\/01\/TT_logo_WSIColors-2.png","width":500,"height":196,"caption":"Trusted Translations"},"image":{"@id":"https:\/\/www.trustedtranslations.com\/pt-br\/#\/schema\/logo\/image\/"},"sameAs":["https:\/\/www.facebook.com\/Trusted.Translations","https:\/\/x.com\/TrustedT9ns","https:\/\/www.linkedin.com\/company\/trusted-translations"]}]}},"toolset-meta":{"dyk":{"mensaje-1":{"type":"textfield","raw":"Honramos a se\u00e7\u00e3o 508 da Lei de Reabilita\u00e7\u00e3o da For\u00e7a de Trabalho dos Estados Unidos de 1973."},"mensaje-2":{"type":"textfield","raw":"Na Trusted Translations, acreditamos no fornecimento de acessibilidade igual a todos os usu\u00e1rios."},"mensaje-3":{"type":"textfield","raw":"Garantimos que seus documentos atendam a todas as normas de acessibilidade online WCAG."},"mensaje-4":{"type":"textfield","raw":"Tornamos o seu site acess\u00edvel para que voc\u00ea alcance o maior p\u00fablico poss\u00edvel."},"mensaje-5":{"type":"textfield","raw":""},"mensaje-6":{"type":"textfield","raw":""}},"single-page-template-fields":{"imgs-temp":{"type":"image","raw":["https:\/\/static.trustedtranslations.com\/wp-content\/uploads\/2023\/05\/Group-134.jpg"],"repeatable":[{"raw":"https:\/\/static.trustedtranslations.com\/wp-content\/uploads\/2023\/05\/Group-134.jpg"}]},"imgs-temp-cel":{"type":"image","raw":["https:\/\/static.trustedtranslations.com\/wp-content\/uploads\/2022\/03\/AdobeStock_87618557-3-1.jpg"],"repeatable":[{"raw":"https:\/\/static.trustedtranslations.com\/wp-content\/uploads\/2022\/03\/AdobeStock_87618557-3-1.jpg"}]},"img-temp-one-cel":{"type":"image","raw":"","attachment_id":null},"quotes":{"type":"textarea","raw":"<h1 style=\"margin-bottom: 12px\">Normas de acessibilidade: Conformidade WCAG\/508<\/h1>Na Trusted Translations, o nosso principal objetivo \u00e9 disponibilizar conte\u00fado para o maior p\u00fablico poss\u00edvel, n\u00e3o apenas por meio da tradu\u00e7\u00e3o, mas tamb\u00e9m obedecendo as Diretrizes de Acessibilidade ao Conte\u00fado da Web (WGAC) \u2013 tamb\u00e9m chamadas de se\u00e7\u00e3o 508 da Lei de Reabilita\u00e7\u00e3o da For\u00e7a de Trabalho dos Estados Unidos de 1973, com a reda\u00e7\u00e3o que lhe foi dada em 1988. Isso significa que, mediante solicita\u00e7\u00e3o, garantiremos que o conte\u00fado da sua tradu\u00e7\u00e3o forne\u00e7a o mesmo n\u00edvel de acessibilidade a todos.<div style=\"margin-top: 2.5vw;\"><a class=\"tt-btn-main-cta\" href=\"\/pt-br\/solicitud-orcamento\">SOLICITE UM OR\u00c7AMENTO GRATUITO<\/a><\/div>"},"text-1":{"type":"textarea","raw":"<h2 style=\"margin-top: -10px;\">Acessibilidade a todos<\/h2><br>Seja a defici\u00eancia auditiva, visual ou f\u00edsica, entre outras, podemos ajudar voc\u00ea a oferecer a mesma acessibilidade a todos os usu\u00e1rios. Na Trusted Translations, n\u00e3o apenas traduzimos, localizamos e globalizamos os seus projetos de tradu\u00e7\u00e3o, mas tamb\u00e9m damos um passo extra para garantir que o seu conte\u00fado esteja dispon\u00edvel para o maior p\u00fablico poss\u00edvel. <h2>Servi\u00e7os de tradu\u00e7\u00e3o em conformidade com WCAG \/ 508<\/h2><br> Esteja voc\u00ea buscando disponibilizar seu aplicativo de software, sistema operacional, v\u00eddeos e outras informa\u00e7\u00f5es multim\u00eddia ou baseadas na web \u2013 entre outros tipos de conte\u00fado de tecnologias eletr\u00f4nicas e de informa\u00e7\u00e3o \u2013 em conformidade com as normas de acessibilidade WCAG\/508, a equipe da Trusted Translations tem a especializa\u00e7\u00e3o necess\u00e1ria para garantir que todo projeto atender\u00e1 as exig\u00eancias de acessibilidade necess\u00e1rias. Entendemos que h\u00e1 tr\u00eas fatores essenciais que devem ser considerados para que um projeto atenda essas especifica\u00e7\u00f5es: <ul>     <li>Exig\u00eancias t\u00e9cnicas: Garantir que a codifica\u00e7\u00e3o de um site, sistema operacional ou software, entre outros, seja compat\u00edvel com dispositivos de apoio, adaptativos e de reabilita\u00e7\u00e3o; tamb\u00e9m conhecida como tecnologia de apoio.<\/li>     <li>Exig\u00eancias funcionais: Garantir que o sistema como um todo seja adapt\u00e1vel para ser usado por pessoas com defici\u00eancia.<\/li>     <li>Exig\u00eancias de suporte: Fornecer acessibilidade a documentos de suporte e informa\u00e7\u00f5es alternativas para pessoas com defici\u00eancia.<\/li> <\/ul> Se um projeto n\u00e3o cumprir as tr\u00eas exig\u00eancias acima mencionadas, ent\u00e3o, por lei, ele n\u00e3o ser\u00e1 considerado em conformidade com WCAG\/508. A Trusted Translations tem o cuidado de garantir que, ao solicitar os servi\u00e7os de conformidade WCAG\/508, todas as exig\u00eancias sejam atendidas com a m\u00e1xima precis\u00e3o. <h2>Conformidade de acessibilidade do material de localiza\u00e7\u00e3o<\/h2><br> Independentemente do n\u00edvel de conformidade do material que voc\u00ea tem em m\u00e3os para o seu projeto de localiza\u00e7\u00e3o\/tradu\u00e7\u00e3o, n\u00f3s o aconselharemos quando ajustes precisem ser feitos na SOW (descri\u00e7\u00e3o dos servi\u00e7os) para alcan\u00e7ar a conformidade que voc\u00ea est\u00e1 procurando.<br><br> Pode ser que o conte\u00fado de origem n\u00e3o seja nada compat\u00edvel ou pode ser um conte\u00fado desenvolvido h\u00e1 muito tempo, que exige atualiza\u00e7\u00f5es para seu n\u00edvel de conformidade. Em qualquer caso, temos as habilidades e os recursos necess\u00e1rios para fornecer o servi\u00e7o que o ajudar\u00e1 a atingir o n\u00edvel esperado."},"shortcode-map":{"type":"textfield","raw":""},"dyk-shortcode":{"type":"textfield","raw":"[elementor-template id=\"147273\"]"},"text-2":{"type":"textarea","raw":"<h2>Sites e conformidade WCAG<\/h2><br>A acessibilidade tem sido um grande tema de preocupa\u00e7\u00e3o desde que entramos na era da internet. N\u00edveis claros foram descritos conforme definido pelas Diretrizes de Acessibilidade ao Conte\u00fado da Web (WCAG).<br><br> Por exemplo, quando se trata de atender as exig\u00eancias para seu site, a maioria dos sites pode ser disponibilizada para pessoas com defici\u00eancias sem a necessidade de alterar drasticamente os recursos visuais do mesmo. Para pessoas com defici\u00eancia visual, por exemplo, uma imagem no site pode ter uma descri\u00e7\u00e3o alternativa que descreva a imagem de maneira clara e sucinta. Da mesma forma, para pessoas que s\u00e3o dalt\u00f4nicas, certas cores podem ser utilizadas para acomodar as necessidades do leitor. \u00c9 a\u00ed que entra a nossa equipe de especialistas em editora\u00e7\u00e3o eletr\u00f4nica. Os nossos designers gr\u00e1ficos e engenheiros de TI pr\u00f3prios s\u00e3o corretos e garantem que o seu site seja f\u00e1cil de navegar, ainda assim mantendo o apelo original. Outro benef\u00edcio de tornar o conte\u00fado acess\u00edvel a todos os p\u00fablicos \u00e9 que isso tamb\u00e9m resultar\u00e1 em um aumento nas classifica\u00e7\u00f5es dos mecanismos de pesquisa, bem como na otimiza\u00e7\u00e3o do desempenho em dispositivos pequenos. <h2>Exig\u00eancias de acessibilidade de tradu\u00e7\u00e3o em PDF<\/h2><br> Na Trusted Translations, um dos nossos principais objetivos \u00e9 disponibilizar o seu conte\u00fado para uma ampla gama de pessoas e p\u00fablicos-alvo. Isso, claro, pode ser parcialmente conseguido atrav\u00e9s de uma tradu\u00e7\u00e3o e localiza\u00e7\u00e3o profissional. No entanto, entendemos que, para alcan\u00e7ar realmente um p\u00fablico mais amplo, precisamos tornar o conte\u00fado acess\u00edvel a todos.<br><br> \u00c9 por isso que, mediante solicita\u00e7\u00e3o, n\u00e3o apenas traduziremos os seus documentos em PDF \u2013 e os devolveremos no mesmo formato, prontos para uso imediato \u2013 mas tamb\u00e9m nos certificaremos de que atendem a todas as exig\u00eancias de acessibilidade. Isso significa que seu documento PDF ser\u00e1 acess\u00edvel a todos os usu\u00e1rios, mesmo para usu\u00e1rios com defici\u00eancias que possam dificultar a navega\u00e7\u00e3o em um arquivo normal.<br><br> Ao longo dos muitos anos em que trabalhamos para o governo federal dos EUA \u2015 bem como para ag\u00eancias governamentais estaduais e locais, todas elas refor\u00e7ando as pol\u00edticas e diretrizes em vigor desde a Lei de Reabilita\u00e7\u00e3o de 1973, acumulamos um n\u00edvel significativo de experi\u00eancia. E agora, tamb\u00e9m estamos come\u00e7ando a implantar essa experi\u00eancia em todo o setor privado, com setores como a sa\u00fade promovendo acessibilidade a todos os membros.<br><br> Em resumo, e apesar do fato de que garantir que o conte\u00fado esteja dispon\u00edvel para todos possa ser um processo complexo, nossa equipe especializada de diagramadores tem forma\u00e7\u00e3o profissional para garantir que todos os seus documentos PDF atendam a todas as exig\u00eancias de acessibilidade."},"state":{"type":"textfield","raw":""},"city":{"type":"textarea","raw":[]}}},"_links":{"self":[{"href":"https:\/\/www.trustedtranslations.com\/pt-br\/wp-json\/wp\/v2\/pages\/201525","targetHints":{"allow":["GET"]}}],"collection":[{"href":"https:\/\/www.trustedtranslations.com\/pt-br\/wp-json\/wp\/v2\/pages"}],"about":[{"href":"https:\/\/www.trustedtranslations.com\/pt-br\/wp-json\/wp\/v2\/types\/page"}],"author":[{"embeddable":true,"href":"https:\/\/www.trustedtranslations.com\/pt-br\/wp-json\/wp\/v2\/users\/1"}],"replies":[{"embeddable":true,"href":"https:\/\/www.trustedtranslations.com\/pt-br\/wp-json\/wp\/v2\/comments?post=201525"}],"version-history":[{"count":0,"href":"https:\/\/www.trustedtranslations.com\/pt-br\/wp-json\/wp\/v2\/pages\/201525\/revisions"}],"up":[{"embeddable":true,"href":"https:\/\/www.trustedtranslations.com\/pt-br\/wp-json\/wp\/v2\/pages\/134978"}],"wp:featuredmedia":[{"embeddable":true,"href":"https:\/\/www.trustedtranslations.com\/pt-br\/wp-json\/wp\/v2\/media\/235548"}],"wp:attachment":[{"href":"https:\/\/www.trustedtranslations.com\/pt-br\/wp-json\/wp\/v2\/media?parent=201525"}],"curies":[{"name":"wp","href":"https:\/\/api.w.org\/{rel}","templated":true}]}}