{"id":204280,"date":"2023-05-08T13:49:52","date_gmt":"2023-05-08T16:49:52","guid":{"rendered":"https:\/\/www.trustedtranslations.com\/?page_id=204280"},"modified":"2024-09-11T12:51:10","modified_gmt":"2024-09-11T15:51:10","slug":"vietnamita","status":"publish","type":"page","link":"https:\/\/www.trustedtranslations.com\/pt-br\/idioma\/vietnamita","title":{"rendered":"Vietnamita"},"content":{"rendered":"","protected":false},"excerpt":{"rendered":"","protected":false},"author":1,"featured_media":243691,"parent":135078,"menu_order":0,"comment_status":"closed","ping_status":"closed","template":"","meta":{"site-sidebar-layout":"default","site-content-layout":"default","ast-site-content-layout":"default","site-content-style":"default","site-sidebar-style":"default","ast-global-header-display":"","ast-banner-title-visibility":"","ast-main-header-display":"","ast-hfb-above-header-display":"","ast-hfb-below-header-display":"","ast-hfb-mobile-header-display":"","site-post-title":"disabled","ast-breadcrumbs-content":"","ast-featured-img":"","footer-sml-layout":"","ast-disable-related-posts":"","theme-transparent-header-meta":"default","adv-header-id-meta":"","stick-header-meta":"","header-above-stick-meta":"","header-main-stick-meta":"","header-below-stick-meta":"","astra-migrate-meta-layouts":"set","ast-page-background-enabled":"default","ast-page-background-meta":{"desktop":{"background-color":"var(--ast-global-color-4)","background-image":"","background-repeat":"repeat","background-position":"center center","background-size":"auto","background-attachment":"scroll","background-type":"","background-media":"","overlay-type":"","overlay-color":"","overlay-opacity":"","overlay-gradient":""},"tablet":{"background-color":"","background-image":"","background-repeat":"repeat","background-position":"center center","background-size":"auto","background-attachment":"scroll","background-type":"","background-media":"","overlay-type":"","overlay-color":"","overlay-opacity":"","overlay-gradient":""},"mobile":{"background-color":"","background-image":"","background-repeat":"repeat","background-position":"center center","background-size":"auto","background-attachment":"scroll","background-type":"","background-media":"","overlay-type":"","overlay-color":"","overlay-opacity":"","overlay-gradient":""}},"ast-content-background-meta":{"desktop":{"background-color":"var(--ast-global-color-5)","background-image":"","background-repeat":"repeat","background-position":"center center","background-size":"auto","background-attachment":"scroll","background-type":"","background-media":"","overlay-type":"","overlay-color":"","overlay-opacity":"","overlay-gradient":""},"tablet":{"background-color":"var(--ast-global-color-5)","background-image":"","background-repeat":"repeat","background-position":"center center","background-size":"auto","background-attachment":"scroll","background-type":"","background-media":"","overlay-type":"","overlay-color":"","overlay-opacity":"","overlay-gradient":""},"mobile":{"background-color":"var(--ast-global-color-5)","background-image":"","background-repeat":"repeat","background-position":"center center","background-size":"auto","background-attachment":"scroll","background-type":"","background-media":"","overlay-type":"","overlay-color":"","overlay-opacity":"","overlay-gradient":""}},"footnotes":""},"class_list":["post-204280","page","type-page","status-publish","has-post-thumbnail","hentry"],"yoast_head":"<!-- This site is optimized with the Yoast SEO plugin v27.3 - https:\/\/yoast.com\/product\/yoast-seo-wordpress\/ -->\n<title>Servi\u00e7os de tradu\u00e7\u00e3o do vietnamita - Trusted Translations, Inc.<\/title>\n<meta name=\"description\" content=\"Trusted Translations: L\u00edder em servi\u00e7os de tradu\u00e7\u00f5es do vietnamita por equipes de tradutores especializados em vietnamita. Solicite uma consulta ou or\u00e7amento gratuitos.\" \/>\n<meta name=\"robots\" content=\"index, follow, max-snippet:-1, max-image-preview:large, max-video-preview:-1\" \/>\n<link rel=\"canonical\" href=\"https:\/\/www.trustedtranslations.com\/pt-br\/idioma\/vietnamita\" \/>\n<meta property=\"og:locale\" content=\"pt_BR\" \/>\n<meta property=\"og:type\" content=\"article\" \/>\n<meta property=\"og:title\" content=\"Servi\u00e7os de tradu\u00e7\u00e3o do vietnamita - Trusted Translations, Inc.\" \/>\n<meta property=\"og:description\" content=\"Trusted Translations: L\u00edder em servi\u00e7os de tradu\u00e7\u00f5es do vietnamita por equipes de tradutores especializados em vietnamita. Solicite uma consulta ou or\u00e7amento gratuitos.\" \/>\n<meta property=\"og:url\" content=\"https:\/\/www.trustedtranslations.com\/pt-br\/idioma\/vietnamita\" \/>\n<meta property=\"og:site_name\" content=\"Trusted Translations, Inc.\" \/>\n<meta property=\"article:publisher\" content=\"https:\/\/www.facebook.com\/Trusted.Translations\" \/>\n<meta property=\"article:modified_time\" content=\"2024-09-11T15:51:10+00:00\" \/>\n<meta property=\"og:image\" content=\"https:\/\/static.trustedtranslations.com\/wp-content\/uploads\/2022\/08\/TT_NEW_FB-1.png\" \/>\n\t<meta property=\"og:image:width\" content=\"1\" \/>\n\t<meta property=\"og:image:height\" content=\"1\" \/>\n\t<meta property=\"og:image:type\" content=\"image\/jpeg\" \/>\n<meta name=\"twitter:card\" content=\"summary_large_image\" \/>\n<meta name=\"twitter:site\" content=\"@TrustedT9ns\" \/>\n<script type=\"application\/ld+json\" class=\"yoast-schema-graph\">{\"@context\":\"https:\\\/\\\/schema.org\",\"@graph\":[{\"@type\":\"WebPage\",\"@id\":\"https:\\\/\\\/www.trustedtranslations.com\\\/pt-br\\\/idioma\\\/vietnamita\",\"url\":\"https:\\\/\\\/www.trustedtranslations.com\\\/pt-br\\\/idioma\\\/vietnamita\",\"name\":\"Servi\u00e7os de tradu\u00e7\u00e3o do vietnamita - Trusted Translations, Inc.\",\"isPartOf\":{\"@id\":\"https:\\\/\\\/www.trustedtranslations.com\\\/pt-br\\\/#website\"},\"primaryImageOfPage\":{\"@id\":\"https:\\\/\\\/www.trustedtranslations.com\\\/pt-br\\\/idioma\\\/vietnamita#primaryimage\"},\"image\":{\"@id\":\"https:\\\/\\\/www.trustedtranslations.com\\\/pt-br\\\/idioma\\\/vietnamita#primaryimage\"},\"thumbnailUrl\":\"https:\\\/\\\/www.trustedtranslations.com\\\/wp-content\\\/uploads\\\/2022\\\/08\\\/TT_NEW_FB-1.png\",\"description\":\"Trusted Translations: L\u00edder em servi\u00e7os de tradu\u00e7\u00f5es do vietnamita por equipes de tradutores especializados em vietnamita. Solicite uma consulta ou or\u00e7amento gratuitos.\",\"breadcrumb\":{\"@id\":\"https:\\\/\\\/www.trustedtranslations.com\\\/pt-br\\\/idioma\\\/vietnamita#breadcrumb\"},\"inLanguage\":\"pt-BR\",\"potentialAction\":[{\"@type\":\"ReadAction\",\"target\":[\"https:\\\/\\\/www.trustedtranslations.com\\\/pt-br\\\/idioma\\\/vietnamita\"]}]},{\"@type\":\"ImageObject\",\"inLanguage\":\"pt-BR\",\"@id\":\"https:\\\/\\\/www.trustedtranslations.com\\\/pt-br\\\/idioma\\\/vietnamita#primaryimage\",\"url\":\"https:\\\/\\\/www.trustedtranslations.com\\\/wp-content\\\/uploads\\\/2022\\\/08\\\/TT_NEW_FB-1.png\",\"contentUrl\":\"https:\\\/\\\/www.trustedtranslations.com\\\/wp-content\\\/uploads\\\/2022\\\/08\\\/TT_NEW_FB-1.png\",\"caption\":\"TT NEW FB 1\"},{\"@type\":\"BreadcrumbList\",\"@id\":\"https:\\\/\\\/www.trustedtranslations.com\\\/pt-br\\\/idioma\\\/vietnamita#breadcrumb\",\"itemListElement\":[{\"@type\":\"ListItem\",\"position\":1,\"name\":\"Home\",\"item\":\"https:\\\/\\\/www.trustedtranslations.com\\\/pt-br\"},{\"@type\":\"ListItem\",\"position\":2,\"name\":\"Idiomas\",\"item\":\"https:\\\/\\\/www.trustedtranslations.com\\\/pt-br\\\/idioma\"},{\"@type\":\"ListItem\",\"position\":3,\"name\":\"Vietnamita\"}]},{\"@type\":\"WebSite\",\"@id\":\"https:\\\/\\\/www.trustedtranslations.com\\\/pt-br\\\/#website\",\"url\":\"https:\\\/\\\/www.trustedtranslations.com\\\/pt-br\\\/\",\"name\":\"Trusted Translations, Inc.\",\"description\":\"Leader in translation and interpretation services.\",\"publisher\":{\"@id\":\"https:\\\/\\\/www.trustedtranslations.com\\\/pt-br\\\/#organization\"},\"alternateName\":\"Trusted Translations\",\"potentialAction\":[{\"@type\":\"SearchAction\",\"target\":{\"@type\":\"EntryPoint\",\"urlTemplate\":\"https:\\\/\\\/www.trustedtranslations.com\\\/pt-br\\\/?s={search_term_string}\"},\"query-input\":{\"@type\":\"PropertyValueSpecification\",\"valueRequired\":true,\"valueName\":\"search_term_string\"}}],\"inLanguage\":\"pt-BR\"},{\"@type\":\"Organization\",\"@id\":\"https:\\\/\\\/www.trustedtranslations.com\\\/pt-br\\\/#organization\",\"name\":\"Trusted Translations\",\"alternateName\":\"Trusted Translations, Inc.\",\"url\":\"https:\\\/\\\/www.trustedtranslations.com\\\/pt-br\\\/\",\"logo\":{\"@type\":\"ImageObject\",\"inLanguage\":\"pt-BR\",\"@id\":\"https:\\\/\\\/www.trustedtranslations.com\\\/pt-br\\\/#\\\/schema\\\/logo\\\/image\\\/\",\"url\":\"https:\\\/\\\/static.trustedtranslations.com\\\/wp-content\\\/uploads\\\/2022\\\/01\\\/TT_logo_WSIColors-2.png\",\"contentUrl\":\"https:\\\/\\\/static.trustedtranslations.com\\\/wp-content\\\/uploads\\\/2022\\\/01\\\/TT_logo_WSIColors-2.png\",\"width\":500,\"height\":196,\"caption\":\"Trusted Translations\"},\"image\":{\"@id\":\"https:\\\/\\\/www.trustedtranslations.com\\\/pt-br\\\/#\\\/schema\\\/logo\\\/image\\\/\"},\"sameAs\":[\"https:\\\/\\\/www.facebook.com\\\/Trusted.Translations\",\"https:\\\/\\\/x.com\\\/TrustedT9ns\",\"https:\\\/\\\/www.linkedin.com\\\/company\\\/trusted-translations\"]}]}<\/script>\n<!-- \/ Yoast SEO plugin. -->","yoast_head_json":{"title":"Servi\u00e7os de tradu\u00e7\u00e3o do vietnamita - Trusted Translations, Inc.","description":"Trusted Translations: L\u00edder em servi\u00e7os de tradu\u00e7\u00f5es do vietnamita por equipes de tradutores especializados em vietnamita. Solicite uma consulta ou or\u00e7amento gratuitos.","robots":{"index":"index","follow":"follow","max-snippet":"max-snippet:-1","max-image-preview":"max-image-preview:large","max-video-preview":"max-video-preview:-1"},"canonical":"https:\/\/www.trustedtranslations.com\/pt-br\/idioma\/vietnamita","og_locale":"pt_BR","og_type":"article","og_title":"Servi\u00e7os de tradu\u00e7\u00e3o do vietnamita - Trusted Translations, Inc.","og_description":"Trusted Translations: L\u00edder em servi\u00e7os de tradu\u00e7\u00f5es do vietnamita por equipes de tradutores especializados em vietnamita. Solicite uma consulta ou or\u00e7amento gratuitos.","og_url":"https:\/\/www.trustedtranslations.com\/pt-br\/idioma\/vietnamita","og_site_name":"Trusted Translations, Inc.","article_publisher":"https:\/\/www.facebook.com\/Trusted.Translations","article_modified_time":"2024-09-11T15:51:10+00:00","og_image":[{"url":"https:\/\/static.trustedtranslations.com\/wp-content\/uploads\/2022\/08\/TT_NEW_FB-1.png","width":1,"height":1,"type":"image\/jpeg"}],"twitter_card":"summary_large_image","twitter_site":"@TrustedT9ns","schema":{"@context":"https:\/\/schema.org","@graph":[{"@type":"WebPage","@id":"https:\/\/www.trustedtranslations.com\/pt-br\/idioma\/vietnamita","url":"https:\/\/www.trustedtranslations.com\/pt-br\/idioma\/vietnamita","name":"Servi\u00e7os de tradu\u00e7\u00e3o do vietnamita - Trusted Translations, Inc.","isPartOf":{"@id":"https:\/\/www.trustedtranslations.com\/pt-br\/#website"},"primaryImageOfPage":{"@id":"https:\/\/www.trustedtranslations.com\/pt-br\/idioma\/vietnamita#primaryimage"},"image":{"@id":"https:\/\/www.trustedtranslations.com\/pt-br\/idioma\/vietnamita#primaryimage"},"thumbnailUrl":"https:\/\/www.trustedtranslations.com\/wp-content\/uploads\/2022\/08\/TT_NEW_FB-1.png","description":"Trusted Translations: L\u00edder em servi\u00e7os de tradu\u00e7\u00f5es do vietnamita por equipes de tradutores especializados em vietnamita. Solicite uma consulta ou or\u00e7amento gratuitos.","breadcrumb":{"@id":"https:\/\/www.trustedtranslations.com\/pt-br\/idioma\/vietnamita#breadcrumb"},"inLanguage":"pt-BR","potentialAction":[{"@type":"ReadAction","target":["https:\/\/www.trustedtranslations.com\/pt-br\/idioma\/vietnamita"]}]},{"@type":"ImageObject","inLanguage":"pt-BR","@id":"https:\/\/www.trustedtranslations.com\/pt-br\/idioma\/vietnamita#primaryimage","url":"https:\/\/www.trustedtranslations.com\/wp-content\/uploads\/2022\/08\/TT_NEW_FB-1.png","contentUrl":"https:\/\/www.trustedtranslations.com\/wp-content\/uploads\/2022\/08\/TT_NEW_FB-1.png","caption":"TT NEW FB 1"},{"@type":"BreadcrumbList","@id":"https:\/\/www.trustedtranslations.com\/pt-br\/idioma\/vietnamita#breadcrumb","itemListElement":[{"@type":"ListItem","position":1,"name":"Home","item":"https:\/\/www.trustedtranslations.com\/pt-br"},{"@type":"ListItem","position":2,"name":"Idiomas","item":"https:\/\/www.trustedtranslations.com\/pt-br\/idioma"},{"@type":"ListItem","position":3,"name":"Vietnamita"}]},{"@type":"WebSite","@id":"https:\/\/www.trustedtranslations.com\/pt-br\/#website","url":"https:\/\/www.trustedtranslations.com\/pt-br\/","name":"Trusted Translations, Inc.","description":"Leader in translation and interpretation services.","publisher":{"@id":"https:\/\/www.trustedtranslations.com\/pt-br\/#organization"},"alternateName":"Trusted Translations","potentialAction":[{"@type":"SearchAction","target":{"@type":"EntryPoint","urlTemplate":"https:\/\/www.trustedtranslations.com\/pt-br\/?s={search_term_string}"},"query-input":{"@type":"PropertyValueSpecification","valueRequired":true,"valueName":"search_term_string"}}],"inLanguage":"pt-BR"},{"@type":"Organization","@id":"https:\/\/www.trustedtranslations.com\/pt-br\/#organization","name":"Trusted Translations","alternateName":"Trusted Translations, Inc.","url":"https:\/\/www.trustedtranslations.com\/pt-br\/","logo":{"@type":"ImageObject","inLanguage":"pt-BR","@id":"https:\/\/www.trustedtranslations.com\/pt-br\/#\/schema\/logo\/image\/","url":"https:\/\/static.trustedtranslations.com\/wp-content\/uploads\/2022\/01\/TT_logo_WSIColors-2.png","contentUrl":"https:\/\/static.trustedtranslations.com\/wp-content\/uploads\/2022\/01\/TT_logo_WSIColors-2.png","width":500,"height":196,"caption":"Trusted Translations"},"image":{"@id":"https:\/\/www.trustedtranslations.com\/pt-br\/#\/schema\/logo\/image\/"},"sameAs":["https:\/\/www.facebook.com\/Trusted.Translations","https:\/\/x.com\/TrustedT9ns","https:\/\/www.linkedin.com\/company\/trusted-translations"]}]}},"toolset-meta":{"dyk":{"mensaje-1":{"type":"textfield","raw":"O vietnamita \u00e9 o sexto idioma mais falado nos Estados Unidos."},"mensaje-2":{"type":"textfield","raw":"O vietnamita tem tr\u00eas dialetos principais: do norte, do centro e do sul."},"mensaje-3":{"type":"textfield","raw":"O Vietn\u00e3 \u00e9 o segundo maior produtor de caf\u00e9 do mundo, depois do Brasil."},"mensaje-4":{"type":"textfield","raw":"O Vietn\u00e3 \u00e9 um importante exportador de roupas e t\u00eaxteis, eletr\u00f4nicos e smartphones."},"mensaje-5":{"type":"textfield","raw":""},"mensaje-6":{"type":"textfield","raw":""}},"single-page-template-fields":{"imgs-temp":{"type":"image","raw":["https:\/\/static.trustedtranslations.com\/wp-content\/uploads\/2023\/05\/Vietnamese.jpg"],"repeatable":[{"raw":"https:\/\/static.trustedtranslations.com\/wp-content\/uploads\/2023\/05\/Vietnamese.jpg"}]},"imgs-temp-cel":{"type":"image","raw":["https:\/\/static.trustedtranslations.com\/wp-content\/uploads\/2023\/04\/image_mfkussK2_1682003759036_raw-1.jpg"],"repeatable":[{"raw":"https:\/\/static.trustedtranslations.com\/wp-content\/uploads\/2023\/04\/image_mfkussK2_1682003759036_raw-1.jpg"}]},"img-temp-one-cel":{"type":"image","raw":"","attachment_id":null},"quotes":{"type":"textarea","raw":"<h1 style=\"margin-bottom: 12px;\">Servi\u00e7os de tradu\u00e7\u00e3o do vietnamita<\/h1>Um fornecedor experiente de servi\u00e7os de tradu\u00e7\u00f5es do vietnamita com taxas competitivas, a <em>Trusted Translations<\/em> oferece solu\u00e7\u00f5es econ\u00f4micas para projetos de todos os tamanhos. Entregando tradu\u00e7\u00f5es precisas e que respeitam as diferen\u00e7as culturais dentro de prazos apertados, nossos tradutores nativos s\u00e3o especialistas em localiza\u00e7\u00e3o. <div style=\"margin-top: 2.5vw;\"><a class=\"tt-btn-main-cta\" href=\"\/quote\">Solicite um or\u00e7amento gratuito<\/a><\/div>"},"text-1":{"type":"textarea","raw":"<h2>Comunica\u00e7\u00e3o perfeita em vietnamita, ingl\u00eas e muito mais<\/h2>Para documenta\u00e7\u00f5es envolvendo vietnamita, ingl\u00eas e muitos outros idiomas europeus e asi\u00e1ticos, as equipes biculturais e bil\u00edngues da TT garantem que nossos clientes possam se comunicar de maneira perfeita com seus clientes.<h2 style=\"margin-bottom: 20px\">O vietnamita pelo mundo<\/h2><br><br>\r\nA di\u00e1spora vietnamita est\u00e1 entre as maiores do mundo. Ela foi alimentada em grande parte por ondas de migra\u00e7\u00e3o desde meados do s\u00e9culo XX, com o fim da Primeira Guerra da Indochina (1946-1954) e com a subsequente divis\u00e3o do Vietn\u00e3.<br><br> Milhares de fam\u00edlias vietnamitas fugiram de sua terra natal ap\u00f3s a Guerra do Vietn\u00e3 (1954-75), buscando ref\u00fagio em outros pa\u00edses. Hoje, h\u00e1 cerca de 4,5 milh\u00f5es de vietnamitas vivendo fora de sua terra natal, com comunidades pr\u00f3speras nos EUA, Canad\u00e1, Austr\u00e1lia, Fran\u00e7a e Alemanha.<br><br> Refletindo sua longa hist\u00f3ria em comum com outras sociedades orientais, a fam\u00edlia continua sendo um pilar da cultura vietnamita. La\u00e7os familiares fortes e lares que abrigam m\u00faltiplas gera\u00e7\u00f5es s\u00e3o comuns dentro dessa comunidade. Espera-se que os filhos cuidem dos pais idosos e mantenham uma postura de devo\u00e7\u00e3o perante a estes. <h2 style=\"margin-bottom: 20px\">Fazendo neg\u00f3cios no Vietn\u00e3<\/h2><br><br>\r\nCom uma economia em r\u00e1pido crescimento, o Vietn\u00e3 \u00e9 um destino atraente para investimentos estrangeiros. Esse apelo \u00e9 sustentado por sua localiza\u00e7\u00e3o estrat\u00e9gica e fortes conex\u00f5es com outros mercados no Sudeste Asi\u00e1tico e em outros lugares.<br><br>  Com uma popula\u00e7\u00e3o de mais de 96 milh\u00f5es e uma classe m\u00e9dia crescente, o Vietn\u00e3 \u00e9 um mercado potencialmente lucrativo. Melhor ainda, o investimento estrangeiro \u00e9 encorajado atrav\u00e9s de incentivos do governo, como vantagens fiscais e benef\u00edcios regionais.<br><br>  Os princ\u00edpios de Conf\u00facio s\u00e3o importantes em toda a sociedade vietnamita, particularmente o dever c\u00edvico e a retid\u00e3o moral. Demonstrar respeito e considera\u00e7\u00e3o pela hierarquia e autoridade tamb\u00e9m \u00e9 vital.<br><br>  Al\u00e9m disso, os estrangeiros devem ter em mente que a cultura empresarial do Vietn\u00e3 est\u00e1 enraizada em relacionamentos e hierarquias. Isso significa que construir confian\u00e7a e criar fortes v\u00ednculos pessoais s\u00e3o importantes para o sucesso."},"shortcode-map":{"type":"textfield","raw":""},"dyk-shortcode":{"type":"textfield","raw":"[elementor-template id=\"147273\"]"},"text-2":{"type":"textarea","raw":"<h2 style=\"margin-bottom: 20px\">Vietnamita: Um idioma belo e culturalmente complexo<\/h2><br><br>\r\nIdioma oficial do Vietn\u00e3, falado por cerca de 100 milh\u00f5es de pessoas em todo o mundo, o vietnamita \u00e9 um idioma tonal. Ele possui seis tons: nivelado, agudo, grave, preso, tom de til e curto. Isso pode ser complicado para falantes ocidentais, pois o tom de uma palavra pode mudar seu significado.<br><br> Usando o alfabeto latino (introduzido pelos colonizadores franceses no s\u00e9culo XVII), o alfabeto vietnamita possui 29 letras. Algumas t\u00eam acentos diacr\u00edticos, que indicam o tom e a pron\u00fancia.<br><br> Sua gram\u00e1tica relativamente simples n\u00e3o tem conjuga\u00e7\u00e3o verbal, g\u00eanero ou formas plurais. Em vez disso, as palavras s\u00e3o modificadas por part\u00edculas que expressam tempos e outras fun\u00e7\u00f5es. Muitas frases refletem valores e cren\u00e7as tradicionais vietnamitas, influenciados pelo confucionismo. <h2 style=\"margin-bottom: 20px\">Equipes experientes de tradu\u00e7\u00e3o do vietnamita<\/h2><br><br>\r\nEmbora muitos profissionais vietnamitas cultos falem bem o ingl\u00eas, os executivos estrangeiros devem fazer sua li\u00e7\u00e3o de casa. Compreender a cultura empresarial local significa trabalhar com parceiros locais confi\u00e1veis para garantir o sucesso.<br><br>  \u00c9 por isso que o pessoal altamente qualificado em vietnamita da <em>Trusted Translations<\/em> vai al\u00e9m, revisando em busca de uma conscientiza\u00e7\u00e3o cultural, bem como de uma gram\u00e1tica impec\u00e1vel. Esse cuidado meticuloso garante a conformidade com as rigorosas normas ISO 9001:2015, em sintonia com a cultura \u00fanica do Vietn\u00e3."},"state":{"type":"textfield","raw":""},"city":{"type":"textarea","raw":[]}}},"_links":{"self":[{"href":"https:\/\/www.trustedtranslations.com\/pt-br\/wp-json\/wp\/v2\/pages\/204280","targetHints":{"allow":["GET"]}}],"collection":[{"href":"https:\/\/www.trustedtranslations.com\/pt-br\/wp-json\/wp\/v2\/pages"}],"about":[{"href":"https:\/\/www.trustedtranslations.com\/pt-br\/wp-json\/wp\/v2\/types\/page"}],"author":[{"embeddable":true,"href":"https:\/\/www.trustedtranslations.com\/pt-br\/wp-json\/wp\/v2\/users\/1"}],"replies":[{"embeddable":true,"href":"https:\/\/www.trustedtranslations.com\/pt-br\/wp-json\/wp\/v2\/comments?post=204280"}],"version-history":[{"count":0,"href":"https:\/\/www.trustedtranslations.com\/pt-br\/wp-json\/wp\/v2\/pages\/204280\/revisions"}],"up":[{"embeddable":true,"href":"https:\/\/www.trustedtranslations.com\/pt-br\/wp-json\/wp\/v2\/pages\/135078"}],"wp:featuredmedia":[{"embeddable":true,"href":"https:\/\/www.trustedtranslations.com\/pt-br\/wp-json\/wp\/v2\/media\/243691"}],"wp:attachment":[{"href":"https:\/\/www.trustedtranslations.com\/pt-br\/wp-json\/wp\/v2\/media?parent=204280"}],"curies":[{"name":"wp","href":"https:\/\/api.w.org\/{rel}","templated":true}]}}