{"id":204281,"date":"2023-05-08T14:17:21","date_gmt":"2023-05-08T17:17:21","guid":{"rendered":"https:\/\/www.trustedtranslations.com\/?page_id=204281"},"modified":"2024-09-11T12:59:02","modified_gmt":"2024-09-11T15:59:02","slug":"bengali","status":"publish","type":"page","link":"https:\/\/www.trustedtranslations.com\/pt-br\/idioma\/bengali","title":{"rendered":"Bengali"},"content":{"rendered":"","protected":false},"excerpt":{"rendered":"","protected":false},"author":1,"featured_media":243691,"parent":135078,"menu_order":0,"comment_status":"closed","ping_status":"closed","template":"","meta":{"site-sidebar-layout":"default","site-content-layout":"default","ast-site-content-layout":"default","site-content-style":"default","site-sidebar-style":"default","ast-global-header-display":"","ast-banner-title-visibility":"","ast-main-header-display":"","ast-hfb-above-header-display":"","ast-hfb-below-header-display":"","ast-hfb-mobile-header-display":"","site-post-title":"disabled","ast-breadcrumbs-content":"","ast-featured-img":"","footer-sml-layout":"","theme-transparent-header-meta":"default","adv-header-id-meta":"","stick-header-meta":"","header-above-stick-meta":"","header-main-stick-meta":"","header-below-stick-meta":"","astra-migrate-meta-layouts":"set","ast-page-background-enabled":"default","ast-page-background-meta":{"desktop":{"background-color":"var(--ast-global-color-4)","background-image":"","background-repeat":"repeat","background-position":"center center","background-size":"auto","background-attachment":"scroll","background-type":"","background-media":"","overlay-type":"","overlay-color":"","overlay-opacity":"","overlay-gradient":""},"tablet":{"background-color":"","background-image":"","background-repeat":"repeat","background-position":"center center","background-size":"auto","background-attachment":"scroll","background-type":"","background-media":"","overlay-type":"","overlay-color":"","overlay-opacity":"","overlay-gradient":""},"mobile":{"background-color":"","background-image":"","background-repeat":"repeat","background-position":"center center","background-size":"auto","background-attachment":"scroll","background-type":"","background-media":"","overlay-type":"","overlay-color":"","overlay-opacity":"","overlay-gradient":""}},"ast-content-background-meta":{"desktop":{"background-color":"var(--ast-global-color-5)","background-image":"","background-repeat":"repeat","background-position":"center center","background-size":"auto","background-attachment":"scroll","background-type":"","background-media":"","overlay-type":"","overlay-color":"","overlay-opacity":"","overlay-gradient":""},"tablet":{"background-color":"var(--ast-global-color-5)","background-image":"","background-repeat":"repeat","background-position":"center center","background-size":"auto","background-attachment":"scroll","background-type":"","background-media":"","overlay-type":"","overlay-color":"","overlay-opacity":"","overlay-gradient":""},"mobile":{"background-color":"var(--ast-global-color-5)","background-image":"","background-repeat":"repeat","background-position":"center center","background-size":"auto","background-attachment":"scroll","background-type":"","background-media":"","overlay-type":"","overlay-color":"","overlay-opacity":"","overlay-gradient":""}},"footnotes":""},"class_list":["post-204281","page","type-page","status-publish","has-post-thumbnail","hentry"],"yoast_head":"<!-- This site is optimized with the Yoast SEO plugin v27.5 - https:\/\/yoast.com\/product\/yoast-seo-wordpress\/ -->\n<title>Servi\u00e7os de tradu\u00e7\u00e3o do bengali - Trusted Translations, Inc.<\/title>\n<meta name=\"description\" content=\"Trusted Translations: L\u00edder em servi\u00e7os de tradu\u00e7\u00e3o do bengali por equipes de tradutores especializados em bengali. Solicite uma consulta ou or\u00e7amento gratuitos.\" \/>\n<meta name=\"robots\" content=\"index, follow, max-snippet:-1, max-image-preview:large, max-video-preview:-1\" \/>\n<link rel=\"canonical\" href=\"https:\/\/www.trustedtranslations.com\/pt-br\/idioma\/bengali\" \/>\n<meta property=\"og:locale\" content=\"pt_BR\" \/>\n<meta property=\"og:type\" content=\"article\" \/>\n<meta property=\"og:title\" content=\"Servi\u00e7os de tradu\u00e7\u00e3o do bengali - Trusted Translations, Inc.\" \/>\n<meta property=\"og:description\" content=\"Trusted Translations: L\u00edder em servi\u00e7os de tradu\u00e7\u00e3o do bengali por equipes de tradutores especializados em bengali. Solicite uma consulta ou or\u00e7amento gratuitos.\" \/>\n<meta property=\"og:url\" content=\"https:\/\/www.trustedtranslations.com\/pt-br\/idioma\/bengali\" \/>\n<meta property=\"og:site_name\" content=\"Trusted Translations, Inc.\" \/>\n<meta property=\"article:publisher\" content=\"https:\/\/www.facebook.com\/Trusted.Translations\" \/>\n<meta property=\"article:modified_time\" content=\"2024-09-11T15:59:02+00:00\" \/>\n<meta property=\"og:image\" content=\"https:\/\/static.trustedtranslations.com\/wp-content\/uploads\/2022\/08\/TT_NEW_FB-1.png\" \/>\n\t<meta property=\"og:image:width\" content=\"1\" \/>\n\t<meta property=\"og:image:height\" content=\"1\" \/>\n\t<meta property=\"og:image:type\" content=\"image\/jpeg\" \/>\n<meta name=\"twitter:card\" content=\"summary_large_image\" \/>\n<meta name=\"twitter:site\" content=\"@TrustedT9ns\" \/>\n<script type=\"application\/ld+json\" class=\"yoast-schema-graph\">{\"@context\":\"https:\\\/\\\/schema.org\",\"@graph\":[{\"@type\":\"WebPage\",\"@id\":\"https:\\\/\\\/www.trustedtranslations.com\\\/pt-br\\\/idioma\\\/bengali\",\"url\":\"https:\\\/\\\/www.trustedtranslations.com\\\/pt-br\\\/idioma\\\/bengali\",\"name\":\"Servi\u00e7os de tradu\u00e7\u00e3o do bengali - Trusted Translations, Inc.\",\"isPartOf\":{\"@id\":\"https:\\\/\\\/www.trustedtranslations.com\\\/pt-br\\\/#website\"},\"primaryImageOfPage\":{\"@id\":\"https:\\\/\\\/www.trustedtranslations.com\\\/pt-br\\\/idioma\\\/bengali#primaryimage\"},\"image\":{\"@id\":\"https:\\\/\\\/www.trustedtranslations.com\\\/pt-br\\\/idioma\\\/bengali#primaryimage\"},\"thumbnailUrl\":\"https:\\\/\\\/www.trustedtranslations.com\\\/wp-content\\\/uploads\\\/2022\\\/08\\\/TT_NEW_FB-1.png\",\"description\":\"Trusted Translations: L\u00edder em servi\u00e7os de tradu\u00e7\u00e3o do bengali por equipes de tradutores especializados em bengali. Solicite uma consulta ou or\u00e7amento gratuitos.\",\"breadcrumb\":{\"@id\":\"https:\\\/\\\/www.trustedtranslations.com\\\/pt-br\\\/idioma\\\/bengali#breadcrumb\"},\"inLanguage\":\"pt-BR\",\"potentialAction\":[{\"@type\":\"ReadAction\",\"target\":[\"https:\\\/\\\/www.trustedtranslations.com\\\/pt-br\\\/idioma\\\/bengali\"]}]},{\"@type\":\"ImageObject\",\"inLanguage\":\"pt-BR\",\"@id\":\"https:\\\/\\\/www.trustedtranslations.com\\\/pt-br\\\/idioma\\\/bengali#primaryimage\",\"url\":\"https:\\\/\\\/www.trustedtranslations.com\\\/wp-content\\\/uploads\\\/2022\\\/08\\\/TT_NEW_FB-1.png\",\"contentUrl\":\"https:\\\/\\\/www.trustedtranslations.com\\\/wp-content\\\/uploads\\\/2022\\\/08\\\/TT_NEW_FB-1.png\",\"caption\":\"TT NEW FB 1\"},{\"@type\":\"BreadcrumbList\",\"@id\":\"https:\\\/\\\/www.trustedtranslations.com\\\/pt-br\\\/idioma\\\/bengali#breadcrumb\",\"itemListElement\":[{\"@type\":\"ListItem\",\"position\":1,\"name\":\"Home\",\"item\":\"https:\\\/\\\/www.trustedtranslations.com\\\/pt-br\"},{\"@type\":\"ListItem\",\"position\":2,\"name\":\"Idiomas\",\"item\":\"https:\\\/\\\/www.trustedtranslations.com\\\/pt-br\\\/idioma\"},{\"@type\":\"ListItem\",\"position\":3,\"name\":\"Bengali\"}]},{\"@type\":\"WebSite\",\"@id\":\"https:\\\/\\\/www.trustedtranslations.com\\\/pt-br\\\/#website\",\"url\":\"https:\\\/\\\/www.trustedtranslations.com\\\/pt-br\\\/\",\"name\":\"Trusted Translations, Inc.\",\"description\":\"Leader in translation and interpretation services.\",\"publisher\":{\"@id\":\"https:\\\/\\\/www.trustedtranslations.com\\\/pt-br\\\/#organization\"},\"alternateName\":\"Trusted Translations\",\"potentialAction\":[{\"@type\":\"SearchAction\",\"target\":{\"@type\":\"EntryPoint\",\"urlTemplate\":\"https:\\\/\\\/www.trustedtranslations.com\\\/pt-br\\\/?s={search_term_string}\"},\"query-input\":{\"@type\":\"PropertyValueSpecification\",\"valueRequired\":true,\"valueName\":\"search_term_string\"}}],\"inLanguage\":\"pt-BR\"},{\"@type\":\"Organization\",\"@id\":\"https:\\\/\\\/www.trustedtranslations.com\\\/pt-br\\\/#organization\",\"name\":\"Trusted Translations\",\"alternateName\":\"Trusted Translations, Inc.\",\"url\":\"https:\\\/\\\/www.trustedtranslations.com\\\/pt-br\\\/\",\"logo\":{\"@type\":\"ImageObject\",\"inLanguage\":\"pt-BR\",\"@id\":\"https:\\\/\\\/www.trustedtranslations.com\\\/pt-br\\\/#\\\/schema\\\/logo\\\/image\\\/\",\"url\":\"https:\\\/\\\/static.trustedtranslations.com\\\/wp-content\\\/uploads\\\/2022\\\/01\\\/TT_logo_WSIColors-2.png\",\"contentUrl\":\"https:\\\/\\\/static.trustedtranslations.com\\\/wp-content\\\/uploads\\\/2022\\\/01\\\/TT_logo_WSIColors-2.png\",\"width\":500,\"height\":196,\"caption\":\"Trusted Translations\"},\"image\":{\"@id\":\"https:\\\/\\\/www.trustedtranslations.com\\\/pt-br\\\/#\\\/schema\\\/logo\\\/image\\\/\"},\"sameAs\":[\"https:\\\/\\\/www.facebook.com\\\/Trusted.Translations\",\"https:\\\/\\\/x.com\\\/TrustedT9ns\",\"https:\\\/\\\/www.linkedin.com\\\/company\\\/trusted-translations\"]}]}<\/script>\n<!-- \/ Yoast SEO plugin. -->","yoast_head_json":{"title":"Servi\u00e7os de tradu\u00e7\u00e3o do bengali - Trusted Translations, Inc.","description":"Trusted Translations: L\u00edder em servi\u00e7os de tradu\u00e7\u00e3o do bengali por equipes de tradutores especializados em bengali. Solicite uma consulta ou or\u00e7amento gratuitos.","robots":{"index":"index","follow":"follow","max-snippet":"max-snippet:-1","max-image-preview":"max-image-preview:large","max-video-preview":"max-video-preview:-1"},"canonical":"https:\/\/www.trustedtranslations.com\/pt-br\/idioma\/bengali","og_locale":"pt_BR","og_type":"article","og_title":"Servi\u00e7os de tradu\u00e7\u00e3o do bengali - Trusted Translations, Inc.","og_description":"Trusted Translations: L\u00edder em servi\u00e7os de tradu\u00e7\u00e3o do bengali por equipes de tradutores especializados em bengali. Solicite uma consulta ou or\u00e7amento gratuitos.","og_url":"https:\/\/www.trustedtranslations.com\/pt-br\/idioma\/bengali","og_site_name":"Trusted Translations, Inc.","article_publisher":"https:\/\/www.facebook.com\/Trusted.Translations","article_modified_time":"2024-09-11T15:59:02+00:00","og_image":[{"url":"https:\/\/static.trustedtranslations.com\/wp-content\/uploads\/2022\/08\/TT_NEW_FB-1.png","width":1,"height":1,"type":"image\/jpeg"}],"twitter_card":"summary_large_image","twitter_site":"@TrustedT9ns","schema":{"@context":"https:\/\/schema.org","@graph":[{"@type":"WebPage","@id":"https:\/\/www.trustedtranslations.com\/pt-br\/idioma\/bengali","url":"https:\/\/www.trustedtranslations.com\/pt-br\/idioma\/bengali","name":"Servi\u00e7os de tradu\u00e7\u00e3o do bengali - Trusted Translations, Inc.","isPartOf":{"@id":"https:\/\/www.trustedtranslations.com\/pt-br\/#website"},"primaryImageOfPage":{"@id":"https:\/\/www.trustedtranslations.com\/pt-br\/idioma\/bengali#primaryimage"},"image":{"@id":"https:\/\/www.trustedtranslations.com\/pt-br\/idioma\/bengali#primaryimage"},"thumbnailUrl":"https:\/\/www.trustedtranslations.com\/wp-content\/uploads\/2022\/08\/TT_NEW_FB-1.png","description":"Trusted Translations: L\u00edder em servi\u00e7os de tradu\u00e7\u00e3o do bengali por equipes de tradutores especializados em bengali. Solicite uma consulta ou or\u00e7amento gratuitos.","breadcrumb":{"@id":"https:\/\/www.trustedtranslations.com\/pt-br\/idioma\/bengali#breadcrumb"},"inLanguage":"pt-BR","potentialAction":[{"@type":"ReadAction","target":["https:\/\/www.trustedtranslations.com\/pt-br\/idioma\/bengali"]}]},{"@type":"ImageObject","inLanguage":"pt-BR","@id":"https:\/\/www.trustedtranslations.com\/pt-br\/idioma\/bengali#primaryimage","url":"https:\/\/www.trustedtranslations.com\/wp-content\/uploads\/2022\/08\/TT_NEW_FB-1.png","contentUrl":"https:\/\/www.trustedtranslations.com\/wp-content\/uploads\/2022\/08\/TT_NEW_FB-1.png","caption":"TT NEW FB 1"},{"@type":"BreadcrumbList","@id":"https:\/\/www.trustedtranslations.com\/pt-br\/idioma\/bengali#breadcrumb","itemListElement":[{"@type":"ListItem","position":1,"name":"Home","item":"https:\/\/www.trustedtranslations.com\/pt-br"},{"@type":"ListItem","position":2,"name":"Idiomas","item":"https:\/\/www.trustedtranslations.com\/pt-br\/idioma"},{"@type":"ListItem","position":3,"name":"Bengali"}]},{"@type":"WebSite","@id":"https:\/\/www.trustedtranslations.com\/pt-br\/#website","url":"https:\/\/www.trustedtranslations.com\/pt-br\/","name":"Trusted Translations, Inc.","description":"Leader in translation and interpretation services.","publisher":{"@id":"https:\/\/www.trustedtranslations.com\/pt-br\/#organization"},"alternateName":"Trusted Translations","potentialAction":[{"@type":"SearchAction","target":{"@type":"EntryPoint","urlTemplate":"https:\/\/www.trustedtranslations.com\/pt-br\/?s={search_term_string}"},"query-input":{"@type":"PropertyValueSpecification","valueRequired":true,"valueName":"search_term_string"}}],"inLanguage":"pt-BR"},{"@type":"Organization","@id":"https:\/\/www.trustedtranslations.com\/pt-br\/#organization","name":"Trusted Translations","alternateName":"Trusted Translations, Inc.","url":"https:\/\/www.trustedtranslations.com\/pt-br\/","logo":{"@type":"ImageObject","inLanguage":"pt-BR","@id":"https:\/\/www.trustedtranslations.com\/pt-br\/#\/schema\/logo\/image\/","url":"https:\/\/static.trustedtranslations.com\/wp-content\/uploads\/2022\/01\/TT_logo_WSIColors-2.png","contentUrl":"https:\/\/static.trustedtranslations.com\/wp-content\/uploads\/2022\/01\/TT_logo_WSIColors-2.png","width":500,"height":196,"caption":"Trusted Translations"},"image":{"@id":"https:\/\/www.trustedtranslations.com\/pt-br\/#\/schema\/logo\/image\/"},"sameAs":["https:\/\/www.facebook.com\/Trusted.Translations","https:\/\/x.com\/TrustedT9ns","https:\/\/www.linkedin.com\/company\/trusted-translations"]}]}},"toolset-meta":{"dyk":{"mensaje-1":{"type":"textfield","raw":"O bengali \u00e9 o primeiro idioma de 98% dos bangladenses."},"mensaje-2":{"type":"textfield","raw":"A origem do bengali remonta a mais de mil anos."},"mensaje-3":{"type":"textfield","raw":"O poeta vencedor do Pr\u00eamio Nobel, Rabindranath Tagore, escrevia em bengali."},"mensaje-4":{"type":"textfield","raw":"O bengali \u00e9 o 7\u00ba idioma mais falado no mundo."},"mensaje-5":{"type":"textfield","raw":""},"mensaje-6":{"type":"textfield","raw":""}},"single-page-template-fields":{"imgs-temp":{"type":"image","raw":["https:\/\/static.trustedtranslations.com\/wp-content\/uploads\/2023\/05\/Bengali.jpg"],"repeatable":[{"raw":"https:\/\/static.trustedtranslations.com\/wp-content\/uploads\/2023\/05\/Bengali.jpg"}]},"imgs-temp-cel":{"type":"image","raw":["https:\/\/static.trustedtranslations.com\/wp-content\/uploads\/2023\/04\/image_WgAbTnij_1682003398015_raw-1.jpg"],"repeatable":[{"raw":"https:\/\/static.trustedtranslations.com\/wp-content\/uploads\/2023\/04\/image_WgAbTnij_1682003398015_raw-1.jpg"}]},"img-temp-one-cel":{"type":"image","raw":"","attachment_id":null},"quotes":{"type":"textarea","raw":"<h1 style=\"margin-bottom: 12px;\">Servi\u00e7os de tradu\u00e7\u00e3o do bengali<\/h1>Fornecedora l\u00edder em servi\u00e7os de tradu\u00e7\u00f5es do bengali, a <em>Trusted Translations<\/em> oferece tarifas competitivas para projetos em bengali que exijam tradu\u00e7\u00e3o de e para o ingl\u00eas e muitos outros idiomas europeus e asi\u00e1ticos. Bil\u00edngue e bicultural, sua equipe de bengali tem experi\u00eancia na localiza\u00e7\u00e3o de tradu\u00e7\u00f5es para o p\u00fablico de bangla (end\u00f4nimo do bengali) em todo o mundo.<div style=\"margin-top: 2.5vw;\"><a class=\"tt-btn-main-cta\" href=\"\/quote\">SOLICITE UM OR\u00c7AMENTO GR\u00c1TIS<\/a><\/div>"},"text-1":{"type":"textarea","raw":"<h2>Tradu\u00e7\u00f5es precisas com rigorosos controles de qualidade<\/h2>Mostrando precis\u00e3o e respeito \u00e0s diferen\u00e7as culturais, a equipe da TT gerencia projetos de grandes volumes por meio de sistemas econ\u00f4micos e que entregam tradu\u00e7\u00f5es perfeitas em prazos apertados. As verifica\u00e7\u00f5es de qualidade garantem precis\u00e3o lingu\u00edstica e conformidade com as leis locais. <h2 style=\"margin-bottom: 20px\">Import\u00e2ncia econ\u00f4mica do bengali<\/h2><br> As regi\u00f5es que falam bengali no sul da \u00c1sia t\u00eam um setor de com\u00e9rcio internacional ativo, com Bangladesh sendo um grande exportador de vestu\u00e1rio, t\u00eaxteis, artigos de couro e produtos de juta, al\u00e9m de Calcut\u00e1, na \u00cdndia, que tamb\u00e9m \u00e9 um importante polo de com\u00e9rcio internacional.<br><br> O setor banc\u00e1rio e financeiro \u00e9 bem desenvolvido em Bangladesh, com muitos bancos nacionais e internacionais, al\u00e9m de outras institui\u00e7\u00f5es financeiras. Embora seja uma das bolsas mais antigas da \u00c1sia, a Bolsa de Valores de Calcut\u00e1, na \u00cdndia, \u00e9 tamb\u00e9m um exemplo desse pr\u00f3spero setor financeiro. <br><br> A agricultura \u00e9 um importante setor comercial em Bangladesh, cultivando arroz, juta, ch\u00e1 e cana-de-a\u00e7\u00facar. Com sua longa faixa costeira e muitos rios, peixes e frutos do mar tamb\u00e9m s\u00e3o importantes produtos de exporta\u00e7\u00e3o.<h2 style=\"margin-bottom: 20px\">O bengali pelo mundo<\/h2><br> Os falantes de bengali est\u00e3o localizados n\u00e3o apenas em Bangladesh e na \u00cdndia, mas tamb\u00e9m no Paquist\u00e3o, no Nepal, na Ar\u00e1bia Saudita, em Om\u00e3, no Kuwait, no Catar, em Bahrein, nos Emirados \u00c1rabes Unidos, no Reino Unido e nos EUA. <br><br> Com mais de 230 milh\u00f5es de falantes, o bangla ocupa o s\u00e9timo lugar entre os idiomas mais falados do mundo. <br><br> Datando do s\u00e9culo XVIII, a di\u00e1spora de Bangladesh hoje engloba cerca de treze milh\u00f5es de nativos que vivem fora de sua terra natal. Quase tr\u00eas milh\u00f5es vivem no Oriente M\u00e9dio e dois milh\u00f5es na \u00cdndia, enquanto <i>Banglatowns<\/i> abrigam comunidades vibrantes em cidades do ocidente t\u00e3o diversas quanto Detroit e Londres. <br><br>"},"shortcode-map":{"type":"textfield","raw":""},"dyk-shortcode":{"type":"textfield","raw":"[elementor-template id=\"147273\"]"},"text-2":{"type":"textarea","raw":"<h2 style=\"margin-bottom: 20px\">Bengali: doce, mas desafiador<\/h2><br> Conhecido como bangla pelos falantes nativos, o bengali \u00e9 um idioma indo-ariano falado principalmente em Bangladesh e em tr\u00eas estados indianos: Bengala Ocidental, Tripura e Assam. <br><br> Para falantes de ingl\u00eas, o bengali pode ser dif\u00edcil de dominar. Escrito da esquerda para a direita, ele possui ra\u00edzes no s\u00e2nscrito. Este ramo indo-ariano da \u00e1rvore lingu\u00edstica indo-europeia n\u00e3o possui letras mai\u00fasculas e sua gram\u00e1tica, vocabul\u00e1rio e pron\u00fancia s\u00e3o desafiadores, embora muitas pessoas \u2013 subjetivamente \u2013 considerem que ele \u00e9 um idioma muito \u201cdoce\u201d (cativante). <h2 style=\"margin-bottom: 20px\">Equipes experientes de tradu\u00e7\u00e3o do bengali<\/h2><br> Os tradutores do bengali da <em>Trusted Translations<\/em> entendem as complexidades desse idioma antigo. Seu trabalho \u00e9 revisado por especialistas independentes, antes de uma verifica\u00e7\u00e3o final de qualidade pr\u00e9-entrega."},"state":{"type":"textfield","raw":""},"city":{"type":"textarea","raw":[]}}},"_links":{"self":[{"href":"https:\/\/www.trustedtranslations.com\/pt-br\/wp-json\/wp\/v2\/pages\/204281","targetHints":{"allow":["GET"]}}],"collection":[{"href":"https:\/\/www.trustedtranslations.com\/pt-br\/wp-json\/wp\/v2\/pages"}],"about":[{"href":"https:\/\/www.trustedtranslations.com\/pt-br\/wp-json\/wp\/v2\/types\/page"}],"author":[{"embeddable":true,"href":"https:\/\/www.trustedtranslations.com\/pt-br\/wp-json\/wp\/v2\/users\/1"}],"replies":[{"embeddable":true,"href":"https:\/\/www.trustedtranslations.com\/pt-br\/wp-json\/wp\/v2\/comments?post=204281"}],"version-history":[{"count":0,"href":"https:\/\/www.trustedtranslations.com\/pt-br\/wp-json\/wp\/v2\/pages\/204281\/revisions"}],"up":[{"embeddable":true,"href":"https:\/\/www.trustedtranslations.com\/pt-br\/wp-json\/wp\/v2\/pages\/135078"}],"wp:featuredmedia":[{"embeddable":true,"href":"https:\/\/www.trustedtranslations.com\/pt-br\/wp-json\/wp\/v2\/media\/243691"}],"wp:attachment":[{"href":"https:\/\/www.trustedtranslations.com\/pt-br\/wp-json\/wp\/v2\/media?parent=204281"}],"curies":[{"name":"wp","href":"https:\/\/api.w.org\/{rel}","templated":true}]}}