{"id":206767,"date":"2023-05-22T19:38:20","date_gmt":"2023-05-22T22:38:20","guid":{"rendered":"https:\/\/www.trustedtranslations.com\/?page_id=206767"},"modified":"2025-11-21T13:17:58","modified_gmt":"2025-11-21T16:17:58","slug":"filadelfia","status":"publish","type":"page","link":"https:\/\/www.trustedtranslations.com\/pt-br\/sobre-nos\/contato\/filadelfia","title":{"rendered":"Filad\u00e9lfia"},"content":{"rendered":"","protected":false},"excerpt":{"rendered":"","protected":false},"author":1,"featured_media":211815,"parent":134930,"menu_order":0,"comment_status":"closed","ping_status":"closed","template":"","meta":{"site-sidebar-layout":"no-sidebar","site-content-layout":"page-builder","ast-site-content-layout":"full-width-container","site-content-style":"unboxed","site-sidebar-style":"unboxed","ast-global-header-display":"","ast-banner-title-visibility":"","ast-main-header-display":"","ast-hfb-above-header-display":"","ast-hfb-below-header-display":"","ast-hfb-mobile-header-display":"","site-post-title":"disabled","ast-breadcrumbs-content":"","ast-featured-img":"disabled","footer-sml-layout":"","theme-transparent-header-meta":"default","adv-header-id-meta":"","stick-header-meta":"","header-above-stick-meta":"","header-main-stick-meta":"","header-below-stick-meta":"","astra-migrate-meta-layouts":"set","ast-page-background-enabled":"default","ast-page-background-meta":{"desktop":{"background-color":"var(--ast-global-color-4)","background-image":"","background-repeat":"repeat","background-position":"center center","background-size":"auto","background-attachment":"scroll","background-type":"","background-media":"","overlay-type":"","overlay-color":"","overlay-opacity":"","overlay-gradient":""},"tablet":{"background-color":"","background-image":"","background-repeat":"repeat","background-position":"center center","background-size":"auto","background-attachment":"scroll","background-type":"","background-media":"","overlay-type":"","overlay-color":"","overlay-opacity":"","overlay-gradient":""},"mobile":{"background-color":"","background-image":"","background-repeat":"repeat","background-position":"center center","background-size":"auto","background-attachment":"scroll","background-type":"","background-media":"","overlay-type":"","overlay-color":"","overlay-opacity":"","overlay-gradient":""}},"ast-content-background-meta":{"desktop":{"background-color":"var(--ast-global-color-5)","background-image":"","background-repeat":"repeat","background-position":"center center","background-size":"auto","background-attachment":"scroll","background-type":"","background-media":"","overlay-type":"","overlay-color":"","overlay-opacity":"","overlay-gradient":""},"tablet":{"background-color":"var(--ast-global-color-5)","background-image":"","background-repeat":"repeat","background-position":"center center","background-size":"auto","background-attachment":"scroll","background-type":"","background-media":"","overlay-type":"","overlay-color":"","overlay-opacity":"","overlay-gradient":""},"mobile":{"background-color":"var(--ast-global-color-5)","background-image":"","background-repeat":"repeat","background-position":"center center","background-size":"auto","background-attachment":"scroll","background-type":"","background-media":"","overlay-type":"","overlay-color":"","overlay-opacity":"","overlay-gradient":""}},"footnotes":""},"class_list":["post-206767","page","type-page","status-publish","has-post-thumbnail","hentry"],"yoast_head":"<!-- This site is optimized with the Yoast SEO plugin v27.5 - https:\/\/yoast.com\/product\/yoast-seo-wordpress\/ -->\n<title>Servi\u00e7os de tradu\u00e7\u00e3o na Filad\u00e9lfia - Empresa de tradu\u00e7\u00e3o l\u00edder de mercado na Pensilv\u00e2nia - Trusted Translations, Inc.<\/title>\n<meta name=\"description\" content=\"Trusted Translations, Inc. Filad\u00e9lfia, Pensilv\u00e2nia. Servi\u00e7os de tradu\u00e7\u00e3o com qualidade comprovada e os melhores pre\u00e7os. Solicite uma consulta ou or\u00e7amento gratuitos. Fale conosco hoje mesmo.\" \/>\n<meta name=\"robots\" content=\"index, follow, max-snippet:-1, max-image-preview:large, max-video-preview:-1\" \/>\n<link rel=\"canonical\" href=\"https:\/\/www.trustedtranslations.com\/pt-br\/sobre-nos\/contato\/filadelfia\" \/>\n<meta property=\"og:locale\" content=\"pt_BR\" \/>\n<meta property=\"og:type\" content=\"article\" \/>\n<meta property=\"og:title\" content=\"Servi\u00e7os de tradu\u00e7\u00e3o na Filad\u00e9lfia - Empresa de tradu\u00e7\u00e3o l\u00edder de mercado na Pensilv\u00e2nia - Trusted Translations, Inc.\" \/>\n<meta property=\"og:description\" content=\"Trusted Translations, Inc. Filad\u00e9lfia, Pensilv\u00e2nia. Servi\u00e7os de tradu\u00e7\u00e3o com qualidade comprovada e os melhores pre\u00e7os. Solicite uma consulta ou or\u00e7amento gratuitos. Fale conosco hoje mesmo.\" \/>\n<meta property=\"og:url\" content=\"https:\/\/www.trustedtranslations.com\/pt-br\/sobre-nos\/contato\/filadelfia\" \/>\n<meta property=\"og:site_name\" content=\"Trusted Translations, Inc.\" \/>\n<meta property=\"article:publisher\" content=\"https:\/\/www.facebook.com\/Trusted.Translations\" \/>\n<meta property=\"article:modified_time\" content=\"2025-11-21T16:17:58+00:00\" \/>\n<meta property=\"og:image\" content=\"https:\/\/www.trustedtranslations.com\/wp-content\/uploads\/2022\/06\/tt-logo-2-1.webp\" \/>\n\t<meta property=\"og:image:width\" content=\"216\" \/>\n\t<meta property=\"og:image:height\" content=\"94\" \/>\n\t<meta property=\"og:image:type\" content=\"image\/webp\" \/>\n<meta name=\"twitter:card\" content=\"summary_large_image\" \/>\n<meta name=\"twitter:site\" content=\"@TrustedT9ns\" \/>\n<script type=\"application\/ld+json\" class=\"yoast-schema-graph\">{\"@context\":\"https:\\\/\\\/schema.org\",\"@graph\":[{\"@type\":\"WebPage\",\"@id\":\"https:\\\/\\\/www.trustedtranslations.com\\\/pt-br\\\/sobre-nos\\\/contato\\\/filadelfia\",\"url\":\"https:\\\/\\\/www.trustedtranslations.com\\\/pt-br\\\/sobre-nos\\\/contato\\\/filadelfia\",\"name\":\"Servi\u00e7os de tradu\u00e7\u00e3o na Filad\u00e9lfia - Empresa de tradu\u00e7\u00e3o l\u00edder de mercado na Pensilv\u00e2nia - Trusted Translations, Inc.\",\"isPartOf\":{\"@id\":\"https:\\\/\\\/www.trustedtranslations.com\\\/pt-br\\\/#website\"},\"primaryImageOfPage\":{\"@id\":\"https:\\\/\\\/www.trustedtranslations.com\\\/pt-br\\\/sobre-nos\\\/contato\\\/filadelfia#primaryimage\"},\"image\":{\"@id\":\"https:\\\/\\\/www.trustedtranslations.com\\\/pt-br\\\/sobre-nos\\\/contato\\\/filadelfia#primaryimage\"},\"thumbnailUrl\":\"\",\"description\":\"Trusted Translations, Inc. Filad\u00e9lfia, Pensilv\u00e2nia. Servi\u00e7os de tradu\u00e7\u00e3o com qualidade comprovada e os melhores pre\u00e7os. Solicite uma consulta ou or\u00e7amento gratuitos. Fale conosco hoje mesmo.\",\"breadcrumb\":{\"@id\":\"https:\\\/\\\/www.trustedtranslations.com\\\/pt-br\\\/sobre-nos\\\/contato\\\/filadelfia#breadcrumb\"},\"inLanguage\":\"pt-BR\",\"potentialAction\":[{\"@type\":\"ReadAction\",\"target\":[\"https:\\\/\\\/www.trustedtranslations.com\\\/pt-br\\\/sobre-nos\\\/contato\\\/filadelfia\"]}]},{\"@type\":\"ImageObject\",\"inLanguage\":\"pt-BR\",\"@id\":\"https:\\\/\\\/www.trustedtranslations.com\\\/pt-br\\\/sobre-nos\\\/contato\\\/filadelfia#primaryimage\",\"url\":\"\",\"contentUrl\":\"\"},{\"@type\":\"BreadcrumbList\",\"@id\":\"https:\\\/\\\/www.trustedtranslations.com\\\/pt-br\\\/sobre-nos\\\/contato\\\/filadelfia#breadcrumb\",\"itemListElement\":[{\"@type\":\"ListItem\",\"position\":1,\"name\":\"Home\",\"item\":\"https:\\\/\\\/www.trustedtranslations.com\\\/pt-br\"},{\"@type\":\"ListItem\",\"position\":2,\"name\":\"Sobre n\u00f3s\",\"item\":\"https:\\\/\\\/www.trustedtranslations.com\\\/pt-br\\\/sobre-nos\"},{\"@type\":\"ListItem\",\"position\":3,\"name\":\"Contato\",\"item\":\"https:\\\/\\\/www.trustedtranslations.com\\\/pt-br\\\/sobre-nos\\\/contato\"},{\"@type\":\"ListItem\",\"position\":4,\"name\":\"Filad\u00e9lfia\"}]},{\"@type\":\"WebSite\",\"@id\":\"https:\\\/\\\/www.trustedtranslations.com\\\/pt-br\\\/#website\",\"url\":\"https:\\\/\\\/www.trustedtranslations.com\\\/pt-br\\\/\",\"name\":\"Trusted Translations, Inc.\",\"description\":\"Leader in translation and interpretation services.\",\"publisher\":{\"@id\":\"https:\\\/\\\/www.trustedtranslations.com\\\/pt-br\\\/#organization\"},\"alternateName\":\"Trusted Translations\",\"potentialAction\":[{\"@type\":\"SearchAction\",\"target\":{\"@type\":\"EntryPoint\",\"urlTemplate\":\"https:\\\/\\\/www.trustedtranslations.com\\\/pt-br\\\/?s={search_term_string}\"},\"query-input\":{\"@type\":\"PropertyValueSpecification\",\"valueRequired\":true,\"valueName\":\"search_term_string\"}}],\"inLanguage\":\"pt-BR\"},{\"@type\":\"Organization\",\"@id\":\"https:\\\/\\\/www.trustedtranslations.com\\\/pt-br\\\/#organization\",\"name\":\"Trusted Translations\",\"alternateName\":\"Trusted Translations, Inc.\",\"url\":\"https:\\\/\\\/www.trustedtranslations.com\\\/pt-br\\\/\",\"logo\":{\"@type\":\"ImageObject\",\"inLanguage\":\"pt-BR\",\"@id\":\"https:\\\/\\\/www.trustedtranslations.com\\\/pt-br\\\/#\\\/schema\\\/logo\\\/image\\\/\",\"url\":\"https:\\\/\\\/static.trustedtranslations.com\\\/wp-content\\\/uploads\\\/2022\\\/01\\\/TT_logo_WSIColors-2.png\",\"contentUrl\":\"https:\\\/\\\/static.trustedtranslations.com\\\/wp-content\\\/uploads\\\/2022\\\/01\\\/TT_logo_WSIColors-2.png\",\"width\":500,\"height\":196,\"caption\":\"Trusted Translations\"},\"image\":{\"@id\":\"https:\\\/\\\/www.trustedtranslations.com\\\/pt-br\\\/#\\\/schema\\\/logo\\\/image\\\/\"},\"sameAs\":[\"https:\\\/\\\/www.facebook.com\\\/Trusted.Translations\",\"https:\\\/\\\/x.com\\\/TrustedT9ns\",\"https:\\\/\\\/www.linkedin.com\\\/company\\\/trusted-translations\"]}]}<\/script>\n<!-- \/ Yoast SEO plugin. -->","yoast_head_json":{"title":"Servi\u00e7os de tradu\u00e7\u00e3o na Filad\u00e9lfia - Empresa de tradu\u00e7\u00e3o l\u00edder de mercado na Pensilv\u00e2nia - Trusted Translations, Inc.","description":"Trusted Translations, Inc. Filad\u00e9lfia, Pensilv\u00e2nia. Servi\u00e7os de tradu\u00e7\u00e3o com qualidade comprovada e os melhores pre\u00e7os. Solicite uma consulta ou or\u00e7amento gratuitos. Fale conosco hoje mesmo.","robots":{"index":"index","follow":"follow","max-snippet":"max-snippet:-1","max-image-preview":"max-image-preview:large","max-video-preview":"max-video-preview:-1"},"canonical":"https:\/\/www.trustedtranslations.com\/pt-br\/sobre-nos\/contato\/filadelfia","og_locale":"pt_BR","og_type":"article","og_title":"Servi\u00e7os de tradu\u00e7\u00e3o na Filad\u00e9lfia - Empresa de tradu\u00e7\u00e3o l\u00edder de mercado na Pensilv\u00e2nia - Trusted Translations, Inc.","og_description":"Trusted Translations, Inc. Filad\u00e9lfia, Pensilv\u00e2nia. Servi\u00e7os de tradu\u00e7\u00e3o com qualidade comprovada e os melhores pre\u00e7os. Solicite uma consulta ou or\u00e7amento gratuitos. Fale conosco hoje mesmo.","og_url":"https:\/\/www.trustedtranslations.com\/pt-br\/sobre-nos\/contato\/filadelfia","og_site_name":"Trusted Translations, Inc.","article_publisher":"https:\/\/www.facebook.com\/Trusted.Translations","article_modified_time":"2025-11-21T16:17:58+00:00","og_image":[{"width":216,"height":94,"url":"https:\/\/www.trustedtranslations.com\/wp-content\/uploads\/2022\/06\/tt-logo-2-1.webp","type":"image\/webp"}],"twitter_card":"summary_large_image","twitter_site":"@TrustedT9ns","schema":{"@context":"https:\/\/schema.org","@graph":[{"@type":"WebPage","@id":"https:\/\/www.trustedtranslations.com\/pt-br\/sobre-nos\/contato\/filadelfia","url":"https:\/\/www.trustedtranslations.com\/pt-br\/sobre-nos\/contato\/filadelfia","name":"Servi\u00e7os de tradu\u00e7\u00e3o na Filad\u00e9lfia - Empresa de tradu\u00e7\u00e3o l\u00edder de mercado na Pensilv\u00e2nia - Trusted Translations, Inc.","isPartOf":{"@id":"https:\/\/www.trustedtranslations.com\/pt-br\/#website"},"primaryImageOfPage":{"@id":"https:\/\/www.trustedtranslations.com\/pt-br\/sobre-nos\/contato\/filadelfia#primaryimage"},"image":{"@id":"https:\/\/www.trustedtranslations.com\/pt-br\/sobre-nos\/contato\/filadelfia#primaryimage"},"thumbnailUrl":"","description":"Trusted Translations, Inc. Filad\u00e9lfia, Pensilv\u00e2nia. Servi\u00e7os de tradu\u00e7\u00e3o com qualidade comprovada e os melhores pre\u00e7os. Solicite uma consulta ou or\u00e7amento gratuitos. Fale conosco hoje mesmo.","breadcrumb":{"@id":"https:\/\/www.trustedtranslations.com\/pt-br\/sobre-nos\/contato\/filadelfia#breadcrumb"},"inLanguage":"pt-BR","potentialAction":[{"@type":"ReadAction","target":["https:\/\/www.trustedtranslations.com\/pt-br\/sobre-nos\/contato\/filadelfia"]}]},{"@type":"ImageObject","inLanguage":"pt-BR","@id":"https:\/\/www.trustedtranslations.com\/pt-br\/sobre-nos\/contato\/filadelfia#primaryimage","url":"","contentUrl":""},{"@type":"BreadcrumbList","@id":"https:\/\/www.trustedtranslations.com\/pt-br\/sobre-nos\/contato\/filadelfia#breadcrumb","itemListElement":[{"@type":"ListItem","position":1,"name":"Home","item":"https:\/\/www.trustedtranslations.com\/pt-br"},{"@type":"ListItem","position":2,"name":"Sobre n\u00f3s","item":"https:\/\/www.trustedtranslations.com\/pt-br\/sobre-nos"},{"@type":"ListItem","position":3,"name":"Contato","item":"https:\/\/www.trustedtranslations.com\/pt-br\/sobre-nos\/contato"},{"@type":"ListItem","position":4,"name":"Filad\u00e9lfia"}]},{"@type":"WebSite","@id":"https:\/\/www.trustedtranslations.com\/pt-br\/#website","url":"https:\/\/www.trustedtranslations.com\/pt-br\/","name":"Trusted Translations, Inc.","description":"Leader in translation and interpretation services.","publisher":{"@id":"https:\/\/www.trustedtranslations.com\/pt-br\/#organization"},"alternateName":"Trusted Translations","potentialAction":[{"@type":"SearchAction","target":{"@type":"EntryPoint","urlTemplate":"https:\/\/www.trustedtranslations.com\/pt-br\/?s={search_term_string}"},"query-input":{"@type":"PropertyValueSpecification","valueRequired":true,"valueName":"search_term_string"}}],"inLanguage":"pt-BR"},{"@type":"Organization","@id":"https:\/\/www.trustedtranslations.com\/pt-br\/#organization","name":"Trusted Translations","alternateName":"Trusted Translations, Inc.","url":"https:\/\/www.trustedtranslations.com\/pt-br\/","logo":{"@type":"ImageObject","inLanguage":"pt-BR","@id":"https:\/\/www.trustedtranslations.com\/pt-br\/#\/schema\/logo\/image\/","url":"https:\/\/static.trustedtranslations.com\/wp-content\/uploads\/2022\/01\/TT_logo_WSIColors-2.png","contentUrl":"https:\/\/static.trustedtranslations.com\/wp-content\/uploads\/2022\/01\/TT_logo_WSIColors-2.png","width":500,"height":196,"caption":"Trusted Translations"},"image":{"@id":"https:\/\/www.trustedtranslations.com\/pt-br\/#\/schema\/logo\/image\/"},"sameAs":["https:\/\/www.facebook.com\/Trusted.Translations","https:\/\/x.com\/TrustedT9ns","https:\/\/www.linkedin.com\/company\/trusted-translations"]}]}},"toolset-meta":{"dyk":{"mensaje-1":{"type":"textfield","raw":"A Filad\u00e9lfia \u00e9 a 9\u00aa maior economia metropolitana dos EUA."},"mensaje-2":{"type":"textfield","raw":"Em 2023, a Filad\u00e9lfia encontra-se entre os 5 principais centros de capital de risco do pa\u00eds."},"mensaje-3":{"type":"textfield","raw":"Mais de 30 milh\u00f5es de pessoas visitam a regi\u00e3o da Filad\u00e9lfia a cada ano."},"mensaje-4":{"type":"textfield","raw":"A Declara\u00e7\u00e3o da Independ\u00eancia e a Constitui\u00e7\u00e3o dos Estados Unidos foram redigidos na Filad\u00e9lfia."},"mensaje-5":{"type":"textfield","raw":""},"mensaje-6":{"type":"textfield","raw":""}},"single-page-template-fields":{"imgs-temp":{"type":"image","raw":["https:\/\/static.trustedtranslations.com\/wp-content\/uploads\/2024\/05\/Group-135-2.webp"],"repeatable":[{"raw":"https:\/\/static.trustedtranslations.com\/wp-content\/uploads\/2024\/05\/Group-135-2.webp"}]},"imgs-temp-cel":{"type":"image","raw":[""],"repeatable":[{"raw":""}]},"img-temp-one-cel":{"type":"image","raw":"https:\/\/static.trustedtranslations.com\/wp-content\/uploads\/2024\/05\/philadelphia-1-scaled-1.webp","attachment_id":null},"quotes":{"type":"textarea","raw":"<h1 style=\"margin-bottom:12px\">Servi\u00e7os de tradu\u00e7\u00e3o na Filad\u00e9lfia<\/h1>\r\n<p>\r\n    <a style=\"color: #2a2a2a; text-decoration: none;\" href=\"https:\/\/goo.gl\/maps\/PubxFSXtD8Kv7Y3N7?coh=178572&entry=tt\"><i class=\"fa fa-map-pin\"><\/i> 7244 Castor Ave\r\n        Philadelphia, Pennsylvania, 19149\r\n        United States<\/a>\r\n    <a style=\"color: #2a2a2a; text-decoration: none;\" href=\"tel:+12159991219\"><i class=\"fa fa-phone\"><\/i> +1 (215) 999-1219<\/a>\r\n    <a style=\"color: #2a2a2a; text-decoration: none;\" href=\"mailto:philadelphia@trustedtranslations.com\"><i class=\"fa fa-envelope\"><\/i>philadelphia@trustedtranslations.com<\/a>\r\n<\/p>\r\n<div style=\"margin-top: 2.5vw;\"><a class=\"tt-btn-main-cta\" href=\"#tree-form\">Solicite um or\u00e7amento gratuito<\/a><\/div>"},"text-1":{"type":"textarea","raw":"<h2>Mapa da filial da Filad\u00e9lfia<\/h2>"},"shortcode-map":{"type":"textfield","raw":"[mostrar_mapa url=\"https:\/\/www.google.com\/maps\/embed?pb=!1m18!1m12!1m3!1d3054.1006036332565!2d-75.06938182503966!3d40.050855777828204!2m3!1f0!2f0!3f0!3m2!1i1024!2i768!4f13.1!3m3!1m2!1s0x89c6b6a15fbad4db%3A0xdf32c1b0c00728c!2s7244%20Castor%20Ave%2C%20Philadelphia%2C%20PA%2019149%2C%20EE.%20UU.!5e0!3m2!1ses-419!2sar!4v1684173225132!5m2!1ses-419!2sar\" width=\"600px\" height=\"450px\"]"},"dyk-shortcode":{"type":"textfield","raw":"[elementor-template id=\"147273\"]"},"text-2":{"type":"textarea","raw":"<h2>Servi\u00e7os profissionais de tradu\u00e7\u00e3o na Filad\u00e9lfia<\/h2>\r\n<img class=\"alignright wp-image-206253 size-full\" src=\"https:\/\/static.trustedtranslations.com\/wp-content\/uploads\/2023\/05\/philadelphia-2.jpg\" alt=\"\" width=\"500\" height=\"334\" \/>\r\n\r\nFamosa por seu papel na era revolucion\u00e1ria dos Estados Unidos, a Filad\u00e9lfia \u00e9 hoje um centro de atividade econ\u00f4mica na costa leste e no Vale do Delaware, especialmente nos setores de <a href=\"https:\/\/www.trustedtranslations.com\/pt-br\/setores\/financeira\">finan\u00e7as<\/a>, <a href=\"https:\/\/www.trustedtranslations.com\/pt-br\/setores\/medicas\">sa\u00fade<\/a>, <a href=\"https:\/\/www.trustedtranslations.com\/pt-br\/setores\/elearning-e-localizacao\">educa\u00e7\u00e3o superior<\/a>, <a href=\"https:\/\/www.trustedtranslations.com\/pt-br\/setores\/midia\">telecomunica\u00e7\u00f5es<\/a> e turismo. A <strong><em>Trusted Translations <\/em><\/strong> fornece tradu\u00e7\u00f5es para uma ampla gama de <a href=\"https:\/\/www.trustedtranslations.com\/pt-br\/setores\/comercial\">empresas<\/a> por toda a \u00e1rea metropolitana da Filad\u00e9lfia, incluindo AECOM, Audacy, FXI, Dollar General Corporation, Moravia Health, Consarc e Fox Rothschild LLP, entre outras.\r\n\r\nA <strong><em>Trusted Translations <\/em><\/strong>tem experi\u00eancia em atender a vibrante mistura de idiomas e culturas da Filad\u00e9lfia. Depois do ingl\u00eas, o <a href=\"https:\/\/www.trustedtranslations.com\/pt-br\/idioma\/espanhol\/servicos-de-traducao-do-espanhol\">espanhol<\/a> \u00e9 o idioma mais popular falado na Filad\u00e9lfia, com uma <a href=\"https:\/\/www.trustedtranslations.com\/pt-br\/idioma\/espanhol\/caracteristicas\/espanhol-dos-eua\">popula\u00e7\u00e3o hisp\u00e2nica<\/a> que quase triplicou desde 2000 e a segunda maior comunidade porto-riquenha fora de Porto Rico. Gra\u00e7as a uma longa hist\u00f3ria de imigra\u00e7\u00e3o, a Filad\u00e9lfia tamb\u00e9m abriga milhares de falantes de <a href=\"https:\/\/www.trustedtranslations.com\/pt-br\/idioma\/chines\">chin\u00eas<\/a>, <a href=\"https:\/\/www.trustedtranslations.com\/pt-br\/idioma\/multilingue\">crioulo haitiano<\/a> e <a href=\"https:\/\/www.trustedtranslations.com\/pt-br\/idioma\/vietnamita\">vietnamita<\/a>, assim como a segunda maior comunidade ucraniana nos Estados Unidos; al\u00e9m disso, ela recebe um fluxo constante de turistas internacionais.\r\n<h2 style=\"margin-bottom:20px\">Sobre a cidade da Filad\u00e9lfia<\/h2>\r\nApresentando monumentos como o Sino da Liberdade, ao lado de pilares financeiros modernos, como a Bolsa de Valores da Filad\u00e9lfia, \u201cPhilly\u201d atrai milh\u00f5es de visitantes todos os anos para neg\u00f3cios e turismo. A \u00e1rea metropolitana da Filad\u00e9lfia, que inclui Camden (NJ) e Wilmington (DE), tem uma popula\u00e7\u00e3o de mais de 6 milh\u00f5es de pessoas e \u00e9 a 9<sup>\u00aa<\/sup> maior economia dos EUA."},"state":{"type":"textfield","raw":""},"city":{"type":"textarea","raw":[""]}}},"_links":{"self":[{"href":"https:\/\/www.trustedtranslations.com\/pt-br\/wp-json\/wp\/v2\/pages\/206767","targetHints":{"allow":["GET"]}}],"collection":[{"href":"https:\/\/www.trustedtranslations.com\/pt-br\/wp-json\/wp\/v2\/pages"}],"about":[{"href":"https:\/\/www.trustedtranslations.com\/pt-br\/wp-json\/wp\/v2\/types\/page"}],"author":[{"embeddable":true,"href":"https:\/\/www.trustedtranslations.com\/pt-br\/wp-json\/wp\/v2\/users\/1"}],"replies":[{"embeddable":true,"href":"https:\/\/www.trustedtranslations.com\/pt-br\/wp-json\/wp\/v2\/comments?post=206767"}],"version-history":[{"count":0,"href":"https:\/\/www.trustedtranslations.com\/pt-br\/wp-json\/wp\/v2\/pages\/206767\/revisions"}],"up":[{"embeddable":true,"href":"https:\/\/www.trustedtranslations.com\/pt-br\/wp-json\/wp\/v2\/pages\/134930"}],"wp:featuredmedia":[{"embeddable":true,"href":"https:\/\/www.trustedtranslations.com\/pt-br\/wp-json\/"}],"wp:attachment":[{"href":"https:\/\/www.trustedtranslations.com\/pt-br\/wp-json\/wp\/v2\/media?parent=206767"}],"curies":[{"name":"wp","href":"https:\/\/api.w.org\/{rel}","templated":true}]}}