{"id":208982,"date":"2023-06-06T14:43:43","date_gmt":"2023-06-06T17:43:43","guid":{"rendered":"https:\/\/www.trustedtranslations.com\/?page_id=208982"},"modified":"2025-11-21T13:08:57","modified_gmt":"2025-11-21T16:08:57","slug":"houston","status":"publish","type":"page","link":"https:\/\/www.trustedtranslations.com\/pt-br\/sobre-nos\/contato\/houston","title":{"rendered":"Houston"},"content":{"rendered":"","protected":false},"excerpt":{"rendered":"","protected":false},"author":1,"featured_media":0,"parent":134930,"menu_order":0,"comment_status":"closed","ping_status":"closed","template":"","meta":{"site-sidebar-layout":"no-sidebar","site-content-layout":"page-builder","ast-site-content-layout":"full-width-container","site-content-style":"unboxed","site-sidebar-style":"unboxed","ast-global-header-display":"","ast-banner-title-visibility":"","ast-main-header-display":"","ast-hfb-above-header-display":"","ast-hfb-below-header-display":"","ast-hfb-mobile-header-display":"","site-post-title":"disabled","ast-breadcrumbs-content":"","ast-featured-img":"disabled","footer-sml-layout":"","ast-disable-related-posts":"","theme-transparent-header-meta":"default","adv-header-id-meta":"","stick-header-meta":"","header-above-stick-meta":"","header-main-stick-meta":"","header-below-stick-meta":"","astra-migrate-meta-layouts":"set","ast-page-background-enabled":"default","ast-page-background-meta":{"desktop":{"background-color":"var(--ast-global-color-4)","background-image":"","background-repeat":"repeat","background-position":"center center","background-size":"auto","background-attachment":"scroll","background-type":"","background-media":"","overlay-type":"","overlay-color":"","overlay-opacity":"","overlay-gradient":""},"tablet":{"background-color":"","background-image":"","background-repeat":"repeat","background-position":"center center","background-size":"auto","background-attachment":"scroll","background-type":"","background-media":"","overlay-type":"","overlay-color":"","overlay-opacity":"","overlay-gradient":""},"mobile":{"background-color":"","background-image":"","background-repeat":"repeat","background-position":"center center","background-size":"auto","background-attachment":"scroll","background-type":"","background-media":"","overlay-type":"","overlay-color":"","overlay-opacity":"","overlay-gradient":""}},"ast-content-background-meta":{"desktop":{"background-color":"var(--ast-global-color-5)","background-image":"","background-repeat":"repeat","background-position":"center center","background-size":"auto","background-attachment":"scroll","background-type":"","background-media":"","overlay-type":"","overlay-color":"","overlay-opacity":"","overlay-gradient":""},"tablet":{"background-color":"var(--ast-global-color-5)","background-image":"","background-repeat":"repeat","background-position":"center center","background-size":"auto","background-attachment":"scroll","background-type":"","background-media":"","overlay-type":"","overlay-color":"","overlay-opacity":"","overlay-gradient":""},"mobile":{"background-color":"var(--ast-global-color-5)","background-image":"","background-repeat":"repeat","background-position":"center center","background-size":"auto","background-attachment":"scroll","background-type":"","background-media":"","overlay-type":"","overlay-color":"","overlay-opacity":"","overlay-gradient":""}},"footnotes":""},"class_list":["post-208982","page","type-page","status-publish","hentry"],"yoast_head":"<!-- This site is optimized with the Yoast SEO plugin v27.5 - https:\/\/yoast.com\/product\/yoast-seo-wordpress\/ -->\n<title>Houston - Trusted Translations, Inc.<\/title>\n<meta name=\"description\" content=\"Trusted Translations, Inc. Houston, Texas. Servi\u00e7os de tradu\u00e7\u00e3o com qualidade comprovada e os melhores pre\u00e7os. Solicite uma consulta ou or\u00e7amento gratuitos. Fale conosco hoje mesmo.\" \/>\n<meta name=\"robots\" content=\"index, follow, max-snippet:-1, max-image-preview:large, max-video-preview:-1\" \/>\n<link rel=\"canonical\" href=\"https:\/\/www.trustedtranslations.com\/pt-br\/sobre-nos\/contato\/houston\" \/>\n<meta property=\"og:locale\" content=\"pt_BR\" \/>\n<meta property=\"og:type\" content=\"article\" \/>\n<meta property=\"og:title\" content=\"Houston - Trusted Translations, Inc.\" \/>\n<meta property=\"og:description\" content=\"Trusted Translations, Inc. Houston, Texas. Servi\u00e7os de tradu\u00e7\u00e3o com qualidade comprovada e os melhores pre\u00e7os. Solicite uma consulta ou or\u00e7amento gratuitos. Fale conosco hoje mesmo.\" \/>\n<meta property=\"og:url\" content=\"https:\/\/www.trustedtranslations.com\/pt-br\/sobre-nos\/contato\/houston\" \/>\n<meta property=\"og:site_name\" content=\"Trusted Translations, Inc.\" \/>\n<meta property=\"article:publisher\" content=\"https:\/\/www.facebook.com\/Trusted.Translations\" \/>\n<meta property=\"article:modified_time\" content=\"2025-11-21T16:08:57+00:00\" \/>\n<meta property=\"og:image\" content=\"https:\/\/www.trustedtranslations.com\/wp-content\/uploads\/2022\/06\/tt-logo-2-1.webp\" \/>\n\t<meta property=\"og:image:width\" content=\"216\" \/>\n\t<meta property=\"og:image:height\" content=\"94\" \/>\n\t<meta property=\"og:image:type\" content=\"image\/webp\" \/>\n<meta name=\"twitter:card\" content=\"summary_large_image\" \/>\n<meta name=\"twitter:site\" content=\"@TrustedT9ns\" \/>\n<script type=\"application\/ld+json\" class=\"yoast-schema-graph\">{\"@context\":\"https:\\\/\\\/schema.org\",\"@graph\":[{\"@type\":\"WebPage\",\"@id\":\"https:\\\/\\\/www.trustedtranslations.com\\\/pt-br\\\/sobre-nos\\\/contato\\\/houston\",\"url\":\"https:\\\/\\\/www.trustedtranslations.com\\\/pt-br\\\/sobre-nos\\\/contato\\\/houston\",\"name\":\"Houston - Trusted Translations, Inc.\",\"isPartOf\":{\"@id\":\"https:\\\/\\\/www.trustedtranslations.com\\\/pt-br\\\/#website\"},\"description\":\"Trusted Translations, Inc. Houston, Texas. Servi\u00e7os de tradu\u00e7\u00e3o com qualidade comprovada e os melhores pre\u00e7os. Solicite uma consulta ou or\u00e7amento gratuitos. Fale conosco hoje mesmo.\",\"breadcrumb\":{\"@id\":\"https:\\\/\\\/www.trustedtranslations.com\\\/pt-br\\\/sobre-nos\\\/contato\\\/houston#breadcrumb\"},\"inLanguage\":\"pt-BR\",\"potentialAction\":[{\"@type\":\"ReadAction\",\"target\":[\"https:\\\/\\\/www.trustedtranslations.com\\\/pt-br\\\/sobre-nos\\\/contato\\\/houston\"]}]},{\"@type\":\"BreadcrumbList\",\"@id\":\"https:\\\/\\\/www.trustedtranslations.com\\\/pt-br\\\/sobre-nos\\\/contato\\\/houston#breadcrumb\",\"itemListElement\":[{\"@type\":\"ListItem\",\"position\":1,\"name\":\"Home\",\"item\":\"https:\\\/\\\/www.trustedtranslations.com\\\/pt-br\"},{\"@type\":\"ListItem\",\"position\":2,\"name\":\"Sobre n\u00f3s\",\"item\":\"https:\\\/\\\/www.trustedtranslations.com\\\/pt-br\\\/sobre-nos\"},{\"@type\":\"ListItem\",\"position\":3,\"name\":\"Contato\",\"item\":\"https:\\\/\\\/www.trustedtranslations.com\\\/pt-br\\\/sobre-nos\\\/contato\"},{\"@type\":\"ListItem\",\"position\":4,\"name\":\"Houston\"}]},{\"@type\":\"WebSite\",\"@id\":\"https:\\\/\\\/www.trustedtranslations.com\\\/pt-br\\\/#website\",\"url\":\"https:\\\/\\\/www.trustedtranslations.com\\\/pt-br\\\/\",\"name\":\"Trusted Translations, Inc.\",\"description\":\"Leader in translation and interpretation services.\",\"publisher\":{\"@id\":\"https:\\\/\\\/www.trustedtranslations.com\\\/pt-br\\\/#organization\"},\"alternateName\":\"Trusted Translations\",\"potentialAction\":[{\"@type\":\"SearchAction\",\"target\":{\"@type\":\"EntryPoint\",\"urlTemplate\":\"https:\\\/\\\/www.trustedtranslations.com\\\/pt-br\\\/?s={search_term_string}\"},\"query-input\":{\"@type\":\"PropertyValueSpecification\",\"valueRequired\":true,\"valueName\":\"search_term_string\"}}],\"inLanguage\":\"pt-BR\"},{\"@type\":\"Organization\",\"@id\":\"https:\\\/\\\/www.trustedtranslations.com\\\/pt-br\\\/#organization\",\"name\":\"Trusted Translations\",\"alternateName\":\"Trusted Translations, Inc.\",\"url\":\"https:\\\/\\\/www.trustedtranslations.com\\\/pt-br\\\/\",\"logo\":{\"@type\":\"ImageObject\",\"inLanguage\":\"pt-BR\",\"@id\":\"https:\\\/\\\/www.trustedtranslations.com\\\/pt-br\\\/#\\\/schema\\\/logo\\\/image\\\/\",\"url\":\"https:\\\/\\\/static.trustedtranslations.com\\\/wp-content\\\/uploads\\\/2022\\\/01\\\/TT_logo_WSIColors-2.png\",\"contentUrl\":\"https:\\\/\\\/static.trustedtranslations.com\\\/wp-content\\\/uploads\\\/2022\\\/01\\\/TT_logo_WSIColors-2.png\",\"width\":500,\"height\":196,\"caption\":\"Trusted Translations\"},\"image\":{\"@id\":\"https:\\\/\\\/www.trustedtranslations.com\\\/pt-br\\\/#\\\/schema\\\/logo\\\/image\\\/\"},\"sameAs\":[\"https:\\\/\\\/www.facebook.com\\\/Trusted.Translations\",\"https:\\\/\\\/x.com\\\/TrustedT9ns\",\"https:\\\/\\\/www.linkedin.com\\\/company\\\/trusted-translations\"]}]}<\/script>\n<!-- \/ Yoast SEO plugin. -->","yoast_head_json":{"title":"Houston - Trusted Translations, Inc.","description":"Trusted Translations, Inc. Houston, Texas. Servi\u00e7os de tradu\u00e7\u00e3o com qualidade comprovada e os melhores pre\u00e7os. Solicite uma consulta ou or\u00e7amento gratuitos. Fale conosco hoje mesmo.","robots":{"index":"index","follow":"follow","max-snippet":"max-snippet:-1","max-image-preview":"max-image-preview:large","max-video-preview":"max-video-preview:-1"},"canonical":"https:\/\/www.trustedtranslations.com\/pt-br\/sobre-nos\/contato\/houston","og_locale":"pt_BR","og_type":"article","og_title":"Houston - Trusted Translations, Inc.","og_description":"Trusted Translations, Inc. Houston, Texas. Servi\u00e7os de tradu\u00e7\u00e3o com qualidade comprovada e os melhores pre\u00e7os. Solicite uma consulta ou or\u00e7amento gratuitos. Fale conosco hoje mesmo.","og_url":"https:\/\/www.trustedtranslations.com\/pt-br\/sobre-nos\/contato\/houston","og_site_name":"Trusted Translations, Inc.","article_publisher":"https:\/\/www.facebook.com\/Trusted.Translations","article_modified_time":"2025-11-21T16:08:57+00:00","og_image":[{"width":216,"height":94,"url":"https:\/\/www.trustedtranslations.com\/wp-content\/uploads\/2022\/06\/tt-logo-2-1.webp","type":"image\/webp"}],"twitter_card":"summary_large_image","twitter_site":"@TrustedT9ns","schema":{"@context":"https:\/\/schema.org","@graph":[{"@type":"WebPage","@id":"https:\/\/www.trustedtranslations.com\/pt-br\/sobre-nos\/contato\/houston","url":"https:\/\/www.trustedtranslations.com\/pt-br\/sobre-nos\/contato\/houston","name":"Houston - Trusted Translations, Inc.","isPartOf":{"@id":"https:\/\/www.trustedtranslations.com\/pt-br\/#website"},"description":"Trusted Translations, Inc. Houston, Texas. Servi\u00e7os de tradu\u00e7\u00e3o com qualidade comprovada e os melhores pre\u00e7os. Solicite uma consulta ou or\u00e7amento gratuitos. Fale conosco hoje mesmo.","breadcrumb":{"@id":"https:\/\/www.trustedtranslations.com\/pt-br\/sobre-nos\/contato\/houston#breadcrumb"},"inLanguage":"pt-BR","potentialAction":[{"@type":"ReadAction","target":["https:\/\/www.trustedtranslations.com\/pt-br\/sobre-nos\/contato\/houston"]}]},{"@type":"BreadcrumbList","@id":"https:\/\/www.trustedtranslations.com\/pt-br\/sobre-nos\/contato\/houston#breadcrumb","itemListElement":[{"@type":"ListItem","position":1,"name":"Home","item":"https:\/\/www.trustedtranslations.com\/pt-br"},{"@type":"ListItem","position":2,"name":"Sobre n\u00f3s","item":"https:\/\/www.trustedtranslations.com\/pt-br\/sobre-nos"},{"@type":"ListItem","position":3,"name":"Contato","item":"https:\/\/www.trustedtranslations.com\/pt-br\/sobre-nos\/contato"},{"@type":"ListItem","position":4,"name":"Houston"}]},{"@type":"WebSite","@id":"https:\/\/www.trustedtranslations.com\/pt-br\/#website","url":"https:\/\/www.trustedtranslations.com\/pt-br\/","name":"Trusted Translations, Inc.","description":"Leader in translation and interpretation services.","publisher":{"@id":"https:\/\/www.trustedtranslations.com\/pt-br\/#organization"},"alternateName":"Trusted Translations","potentialAction":[{"@type":"SearchAction","target":{"@type":"EntryPoint","urlTemplate":"https:\/\/www.trustedtranslations.com\/pt-br\/?s={search_term_string}"},"query-input":{"@type":"PropertyValueSpecification","valueRequired":true,"valueName":"search_term_string"}}],"inLanguage":"pt-BR"},{"@type":"Organization","@id":"https:\/\/www.trustedtranslations.com\/pt-br\/#organization","name":"Trusted Translations","alternateName":"Trusted Translations, Inc.","url":"https:\/\/www.trustedtranslations.com\/pt-br\/","logo":{"@type":"ImageObject","inLanguage":"pt-BR","@id":"https:\/\/www.trustedtranslations.com\/pt-br\/#\/schema\/logo\/image\/","url":"https:\/\/static.trustedtranslations.com\/wp-content\/uploads\/2022\/01\/TT_logo_WSIColors-2.png","contentUrl":"https:\/\/static.trustedtranslations.com\/wp-content\/uploads\/2022\/01\/TT_logo_WSIColors-2.png","width":500,"height":196,"caption":"Trusted Translations"},"image":{"@id":"https:\/\/www.trustedtranslations.com\/pt-br\/#\/schema\/logo\/image\/"},"sameAs":["https:\/\/www.facebook.com\/Trusted.Translations","https:\/\/x.com\/TrustedT9ns","https:\/\/www.linkedin.com\/company\/trusted-translations"]}]}},"toolset-meta":{"dyk":{"mensaje-1":{"type":"textfield","raw":"Um em cada quatro residentes da regi\u00e3o de Houston nasceu no exterior."},"mensaje-2":{"type":"textfield","raw":"Houston \u00e9 a sede de 24 empresas da Fortune 500."},"mensaje-3":{"type":"textfield","raw":"O Porto de Houston \u00e9 o maior porto de cont\u00eaineres na Costa do Golfo."},"mensaje-4":{"type":"textfield","raw":"A regi\u00e3o de Houston possui rela\u00e7\u00f5es comerciais com mais de 200 pa\u00edses."},"mensaje-5":{"type":"textfield","raw":""},"mensaje-6":{"type":"textfield","raw":""}},"single-page-template-fields":{"imgs-temp":{"type":"image","raw":["https:\/\/static.trustedtranslations.com\/wp-content\/uploads\/2024\/05\/Group-135-1.webp"],"repeatable":[{"raw":"https:\/\/static.trustedtranslations.com\/wp-content\/uploads\/2024\/05\/Group-135-1.webp"}]},"imgs-temp-cel":{"type":"image","raw":[""],"repeatable":[{"raw":""}]},"img-temp-one-cel":{"type":"image","raw":"https:\/\/static.trustedtranslations.com\/wp-content\/uploads\/2024\/05\/houston-1-scaled-1.webp","attachment_id":null},"quotes":{"type":"textarea","raw":"<h1 style=\"margin-bottom:12px\">Servi\u00e7os de tradu\u00e7\u00e3o em Houston<\/h1>\r\n<p>\r\n    <a style=\"color: #2a2a2a; text-decoration: none;\" href=\"https:\/\/goo.gl\/maps\/TdmBCFkvakeqsUjA6?coh=178572&entry=tt\"><i class=\"fa fa-map-pin\"><\/i> 16211 Clay Rd,\r\n        110 Suite, Houston, Texas, 77084\r\n        United States<\/a>\r\n    <a style=\"color: #2a2a2a; text-decoration: none;\" href=\"tel:+12819144373\"><i class=\"fa fa-phone\"><\/i> +1 (281) 914-4373<\/a>\r\n    <a style=\"color: #2a2a2a; text-decoration: none;\" href=\"mailto:houston@trustedtranslations.com\"><i class=\"fa fa-envelope\"><\/i>houston@trustedtranslations.com<\/a>\r\n<\/p>\r\n<div style=\"margin-top: 2.5vw;\"><a class=\"tt-btn-main-cta\" href=\"#tree-form\">Solicite um or\u00e7amento gratuito<\/a><\/div>"},"text-1":{"type":"textarea","raw":"<h2>Mapa da filial de Houston<\/h2>"},"shortcode-map":{"type":"textfield","raw":"[mostrar_mapa url=\"https:\/\/www.google.com\/maps\/embed?pb=!1m18!1m12!1m3!1d3460.998297315397!2d-95.6494676255686!3d29.83547092844362!2m3!1f0!2f0!3f0!3m2!1i1024!2i768!4f13.1!3m3!1m2!1s0x8640d9f5e8f38065%3A0x392cb9cb1db3b38a!2s16211%20Clay%20Rd%2C%20Houston%2C%20TX%2077084%2C%20EE.%20UU.!5e0!3m2!1ses-419!2sar!4v1684163456351!5m2!1ses-419!2sar\" width=\"600px\" height=\"450px\"]"},"dyk-shortcode":{"type":"textfield","raw":"[elementor-template id=\"147273\"]"},"text-2":{"type":"textarea","raw":"<h2>Servi\u00e7os profissionais de tradu\u00e7\u00e3o em Houston<\/h2>\r\n<img class=\"alignright wp-image-206186\" src=\"https:\/\/static.trustedtranslations.com\/wp-content\/uploads\/2023\/05\/houston-2.jpg\" alt=\"\" width=\"500\" height=\"334\" \/>\r\n\r\nO epicentro da ind\u00fastria de energia dos EUA, a \u00e1rea metropolitana de Houston abriga in\u00fameras empresas da Fortune 500 e <a href=\"https:\/\/www.trustedtranslations.com\/pt-br\/setores\/comercial\">organiza\u00e7\u00f5es multinacionais<\/a>, com pr\u00f3speros setores aeroespacial, biotecnol\u00f3gico e de <a href=\"https:\/\/www.trustedtranslations.com\/pt-br\/setores\/medicas\">sa\u00fade<\/a> e <a href=\"https:\/\/www.trustedtranslations.com\/pt-br\/setores\/manufatura\">manufatura<\/a>, al\u00e9m de petr\u00f3leo e g\u00e1s. A <strong><em>Trusted Translations <\/em><\/strong>\u00e9 uma parceira confi\u00e1vel de v\u00e1rios clientes com sede em Houston, incluindo Baylor College of Medicine, Goodman Global Inc., Daikin Manufacturing, Walker & Taylor PLLC, Powell Electrical Systems e ProEnergy, entre outros.\r\n\r\nComo <a href=\"https:\/\/www.trustedtranslations.com\/pt-br\/idioma\/multilingue\">mais de 145 idiomas<\/a> s\u00e3o falados em toda a \u00e1rea metropolitana de Houston, \u00e9 essencial fornecer tradu\u00e7\u00f5es de alta qualidade que possam ser adaptadas \u00e0s demandas lingu\u00edsticas <a href=\"https:\/\/www.trustedtranslations.com\/pt-br\/servicos\/humana\/localizacao\">locais<\/a> e <a href=\"https:\/\/www.trustedtranslations.com\/pt-br\/servicos\/humana\/globalizacao\">globais<\/a>. Mais de 1,3 milh\u00e3o de residentes de Houston falam <a href=\"https:\/\/www.trustedtranslations.com\/pt-br\/idioma\/espanhol\/ingles-espanhol\">espanhol<\/a> em casa, incluindo falantes de espanhol do M\u00e9xico e do resto da <a href=\"https:\/\/www.trustedtranslations.com\/pt-br\/idioma\/espanhol\/caracteristicas\/espanhol-latino-americano\">Am\u00e9rica Latina<\/a>. Houston tamb\u00e9m possui a segunda maior popula\u00e7\u00e3o <a href=\"https:\/\/www.trustedtranslations.com\/pt-br\/idioma\/vietnamita\">vietnamita<\/a> do pa\u00eds, bem como um n\u00famero importante de falantes de <a href=\"https:\/\/www.trustedtranslations.com\/pt-br\/idioma\/chines\">chin\u00eas<\/a>, <a href=\"https:\/\/www.trustedtranslations.com\/pt-br\/idioma\/arabe\">\u00e1rabe<\/a> e <a href=\"https:\/\/www.trustedtranslations.com\/pt-br\/idioma\/frances\">franc\u00eas<\/a>.\r\n<h2 style=\"margin-bottom:20px\">Sobre a cidade de Houston<\/h2>\r\nJuntamente com o entorno da \u00e1rea metropolitana, que inclui The Woodlands e Sugar Land, Houston apresenta o quarto maior PIB dos Estados Unidos. Mais da metade das 100 maiores empresas do mundo sem sede nos EUA t\u00eam opera\u00e7\u00f5es em Houston, e a Grande Houston \u00e9 uma das \u00e1reas metropolitanas com maior diversidade \u00e9tnica do pa\u00eds."},"state":{"type":"textfield","raw":""},"city":{"type":"textarea","raw":[""]}}},"_links":{"self":[{"href":"https:\/\/www.trustedtranslations.com\/pt-br\/wp-json\/wp\/v2\/pages\/208982","targetHints":{"allow":["GET"]}}],"collection":[{"href":"https:\/\/www.trustedtranslations.com\/pt-br\/wp-json\/wp\/v2\/pages"}],"about":[{"href":"https:\/\/www.trustedtranslations.com\/pt-br\/wp-json\/wp\/v2\/types\/page"}],"author":[{"embeddable":true,"href":"https:\/\/www.trustedtranslations.com\/pt-br\/wp-json\/wp\/v2\/users\/1"}],"replies":[{"embeddable":true,"href":"https:\/\/www.trustedtranslations.com\/pt-br\/wp-json\/wp\/v2\/comments?post=208982"}],"version-history":[{"count":0,"href":"https:\/\/www.trustedtranslations.com\/pt-br\/wp-json\/wp\/v2\/pages\/208982\/revisions"}],"up":[{"embeddable":true,"href":"https:\/\/www.trustedtranslations.com\/pt-br\/wp-json\/wp\/v2\/pages\/134930"}],"wp:attachment":[{"href":"https:\/\/www.trustedtranslations.com\/pt-br\/wp-json\/wp\/v2\/media?parent=208982"}],"curies":[{"name":"wp","href":"https:\/\/api.w.org\/{rel}","templated":true}]}}