{"id":208994,"date":"2023-06-06T14:42:05","date_gmt":"2023-06-06T17:42:05","guid":{"rendered":"https:\/\/www.trustedtranslations.com\/?page_id=208994"},"modified":"2025-11-21T14:22:29","modified_gmt":"2025-11-21T17:22:29","slug":"seattle","status":"publish","type":"page","link":"https:\/\/www.trustedtranslations.com\/pt-br\/sobre-nos\/contato\/seattle","title":{"rendered":"Seattle"},"content":{"rendered":"","protected":false},"excerpt":{"rendered":"","protected":false},"author":1,"featured_media":211815,"parent":134930,"menu_order":0,"comment_status":"closed","ping_status":"closed","template":"","meta":{"site-sidebar-layout":"no-sidebar","site-content-layout":"page-builder","ast-site-content-layout":"full-width-container","site-content-style":"unboxed","site-sidebar-style":"unboxed","ast-global-header-display":"","ast-banner-title-visibility":"","ast-main-header-display":"","ast-hfb-above-header-display":"","ast-hfb-below-header-display":"","ast-hfb-mobile-header-display":"","site-post-title":"disabled","ast-breadcrumbs-content":"","ast-featured-img":"disabled","footer-sml-layout":"","ast-disable-related-posts":"","theme-transparent-header-meta":"default","adv-header-id-meta":"","stick-header-meta":"","header-above-stick-meta":"","header-main-stick-meta":"","header-below-stick-meta":"","astra-migrate-meta-layouts":"set","ast-page-background-enabled":"default","ast-page-background-meta":{"desktop":{"background-color":"var(--ast-global-color-4)","background-image":"","background-repeat":"repeat","background-position":"center center","background-size":"auto","background-attachment":"scroll","background-type":"","background-media":"","overlay-type":"","overlay-color":"","overlay-opacity":"","overlay-gradient":""},"tablet":{"background-color":"","background-image":"","background-repeat":"repeat","background-position":"center center","background-size":"auto","background-attachment":"scroll","background-type":"","background-media":"","overlay-type":"","overlay-color":"","overlay-opacity":"","overlay-gradient":""},"mobile":{"background-color":"","background-image":"","background-repeat":"repeat","background-position":"center center","background-size":"auto","background-attachment":"scroll","background-type":"","background-media":"","overlay-type":"","overlay-color":"","overlay-opacity":"","overlay-gradient":""}},"ast-content-background-meta":{"desktop":{"background-color":"var(--ast-global-color-5)","background-image":"","background-repeat":"repeat","background-position":"center center","background-size":"auto","background-attachment":"scroll","background-type":"","background-media":"","overlay-type":"","overlay-color":"","overlay-opacity":"","overlay-gradient":""},"tablet":{"background-color":"var(--ast-global-color-5)","background-image":"","background-repeat":"repeat","background-position":"center center","background-size":"auto","background-attachment":"scroll","background-type":"","background-media":"","overlay-type":"","overlay-color":"","overlay-opacity":"","overlay-gradient":""},"mobile":{"background-color":"var(--ast-global-color-5)","background-image":"","background-repeat":"repeat","background-position":"center center","background-size":"auto","background-attachment":"scroll","background-type":"","background-media":"","overlay-type":"","overlay-color":"","overlay-opacity":"","overlay-gradient":""}},"footnotes":""},"class_list":["post-208994","page","type-page","status-publish","has-post-thumbnail","hentry"],"yoast_head":"<!-- This site is optimized with the Yoast SEO plugin v27.5 - https:\/\/yoast.com\/product\/yoast-seo-wordpress\/ -->\n<title>Servi\u00e7os de tradu\u00e7\u00e3o em Seattle - Empresa de tradu\u00e7\u00e3o l\u00edder de mercado em Washington - Trusted Translations, Inc.<\/title>\n<meta name=\"description\" content=\"Trusted Translations, Inc. Seattle, Washington. Servi\u00e7os de tradu\u00e7\u00e3o com qualidade comprovada e os melhores pre\u00e7os. Solicite uma consulta ou or\u00e7amento gratuitos. Fale conosco hoje mesmo.\" \/>\n<meta name=\"robots\" content=\"index, follow, max-snippet:-1, max-image-preview:large, max-video-preview:-1\" \/>\n<link rel=\"canonical\" href=\"https:\/\/www.trustedtranslations.com\/pt-br\/sobre-nos\/contato\/seattle\" \/>\n<meta property=\"og:locale\" content=\"pt_BR\" \/>\n<meta property=\"og:type\" content=\"article\" \/>\n<meta property=\"og:title\" content=\"Servi\u00e7os de tradu\u00e7\u00e3o em Seattle - Empresa de tradu\u00e7\u00e3o l\u00edder de mercado em Washington - Trusted Translations, Inc.\" \/>\n<meta property=\"og:description\" content=\"Trusted Translations, Inc. Seattle, Washington. Servi\u00e7os de tradu\u00e7\u00e3o com qualidade comprovada e os melhores pre\u00e7os. Solicite uma consulta ou or\u00e7amento gratuitos. Fale conosco hoje mesmo.\" \/>\n<meta property=\"og:url\" content=\"https:\/\/www.trustedtranslations.com\/pt-br\/sobre-nos\/contato\/seattle\" \/>\n<meta property=\"og:site_name\" content=\"Trusted Translations, Inc.\" \/>\n<meta property=\"article:publisher\" content=\"https:\/\/www.facebook.com\/Trusted.Translations\" \/>\n<meta property=\"article:modified_time\" content=\"2025-11-21T17:22:29+00:00\" \/>\n<meta property=\"og:image\" content=\"https:\/\/www.trustedtranslations.com\/wp-content\/uploads\/2022\/06\/tt-logo-2-1.webp\" \/>\n\t<meta property=\"og:image:width\" content=\"216\" \/>\n\t<meta property=\"og:image:height\" content=\"94\" \/>\n\t<meta property=\"og:image:type\" content=\"image\/webp\" \/>\n<meta name=\"twitter:card\" content=\"summary_large_image\" \/>\n<meta name=\"twitter:site\" content=\"@TrustedT9ns\" \/>\n<script type=\"application\/ld+json\" class=\"yoast-schema-graph\">{\"@context\":\"https:\\\/\\\/schema.org\",\"@graph\":[{\"@type\":\"WebPage\",\"@id\":\"https:\\\/\\\/www.trustedtranslations.com\\\/pt-br\\\/sobre-nos\\\/contato\\\/seattle\",\"url\":\"https:\\\/\\\/www.trustedtranslations.com\\\/pt-br\\\/sobre-nos\\\/contato\\\/seattle\",\"name\":\"Servi\u00e7os de tradu\u00e7\u00e3o em Seattle - Empresa de tradu\u00e7\u00e3o l\u00edder de mercado em Washington - Trusted Translations, Inc.\",\"isPartOf\":{\"@id\":\"https:\\\/\\\/www.trustedtranslations.com\\\/pt-br\\\/#website\"},\"primaryImageOfPage\":{\"@id\":\"https:\\\/\\\/www.trustedtranslations.com\\\/pt-br\\\/sobre-nos\\\/contato\\\/seattle#primaryimage\"},\"image\":{\"@id\":\"https:\\\/\\\/www.trustedtranslations.com\\\/pt-br\\\/sobre-nos\\\/contato\\\/seattle#primaryimage\"},\"thumbnailUrl\":\"\",\"description\":\"Trusted Translations, Inc. Seattle, Washington. Servi\u00e7os de tradu\u00e7\u00e3o com qualidade comprovada e os melhores pre\u00e7os. Solicite uma consulta ou or\u00e7amento gratuitos. Fale conosco hoje mesmo.\",\"breadcrumb\":{\"@id\":\"https:\\\/\\\/www.trustedtranslations.com\\\/pt-br\\\/sobre-nos\\\/contato\\\/seattle#breadcrumb\"},\"inLanguage\":\"pt-BR\",\"potentialAction\":[{\"@type\":\"ReadAction\",\"target\":[\"https:\\\/\\\/www.trustedtranslations.com\\\/pt-br\\\/sobre-nos\\\/contato\\\/seattle\"]}]},{\"@type\":\"ImageObject\",\"inLanguage\":\"pt-BR\",\"@id\":\"https:\\\/\\\/www.trustedtranslations.com\\\/pt-br\\\/sobre-nos\\\/contato\\\/seattle#primaryimage\",\"url\":\"\",\"contentUrl\":\"\"},{\"@type\":\"BreadcrumbList\",\"@id\":\"https:\\\/\\\/www.trustedtranslations.com\\\/pt-br\\\/sobre-nos\\\/contato\\\/seattle#breadcrumb\",\"itemListElement\":[{\"@type\":\"ListItem\",\"position\":1,\"name\":\"Home\",\"item\":\"https:\\\/\\\/www.trustedtranslations.com\\\/pt-br\"},{\"@type\":\"ListItem\",\"position\":2,\"name\":\"Sobre n\u00f3s\",\"item\":\"https:\\\/\\\/www.trustedtranslations.com\\\/pt-br\\\/sobre-nos\"},{\"@type\":\"ListItem\",\"position\":3,\"name\":\"Contato\",\"item\":\"https:\\\/\\\/www.trustedtranslations.com\\\/pt-br\\\/sobre-nos\\\/contato\"},{\"@type\":\"ListItem\",\"position\":4,\"name\":\"Seattle\"}]},{\"@type\":\"WebSite\",\"@id\":\"https:\\\/\\\/www.trustedtranslations.com\\\/pt-br\\\/#website\",\"url\":\"https:\\\/\\\/www.trustedtranslations.com\\\/pt-br\\\/\",\"name\":\"Trusted Translations, Inc.\",\"description\":\"Leader in translation and interpretation services.\",\"publisher\":{\"@id\":\"https:\\\/\\\/www.trustedtranslations.com\\\/pt-br\\\/#organization\"},\"alternateName\":\"Trusted Translations\",\"potentialAction\":[{\"@type\":\"SearchAction\",\"target\":{\"@type\":\"EntryPoint\",\"urlTemplate\":\"https:\\\/\\\/www.trustedtranslations.com\\\/pt-br\\\/?s={search_term_string}\"},\"query-input\":{\"@type\":\"PropertyValueSpecification\",\"valueRequired\":true,\"valueName\":\"search_term_string\"}}],\"inLanguage\":\"pt-BR\"},{\"@type\":\"Organization\",\"@id\":\"https:\\\/\\\/www.trustedtranslations.com\\\/pt-br\\\/#organization\",\"name\":\"Trusted Translations\",\"alternateName\":\"Trusted Translations, Inc.\",\"url\":\"https:\\\/\\\/www.trustedtranslations.com\\\/pt-br\\\/\",\"logo\":{\"@type\":\"ImageObject\",\"inLanguage\":\"pt-BR\",\"@id\":\"https:\\\/\\\/www.trustedtranslations.com\\\/pt-br\\\/#\\\/schema\\\/logo\\\/image\\\/\",\"url\":\"https:\\\/\\\/static.trustedtranslations.com\\\/wp-content\\\/uploads\\\/2022\\\/01\\\/TT_logo_WSIColors-2.png\",\"contentUrl\":\"https:\\\/\\\/static.trustedtranslations.com\\\/wp-content\\\/uploads\\\/2022\\\/01\\\/TT_logo_WSIColors-2.png\",\"width\":500,\"height\":196,\"caption\":\"Trusted Translations\"},\"image\":{\"@id\":\"https:\\\/\\\/www.trustedtranslations.com\\\/pt-br\\\/#\\\/schema\\\/logo\\\/image\\\/\"},\"sameAs\":[\"https:\\\/\\\/www.facebook.com\\\/Trusted.Translations\",\"https:\\\/\\\/x.com\\\/TrustedT9ns\",\"https:\\\/\\\/www.linkedin.com\\\/company\\\/trusted-translations\"]}]}<\/script>\n<!-- \/ Yoast SEO plugin. -->","yoast_head_json":{"title":"Servi\u00e7os de tradu\u00e7\u00e3o em Seattle - Empresa de tradu\u00e7\u00e3o l\u00edder de mercado em Washington - Trusted Translations, Inc.","description":"Trusted Translations, Inc. Seattle, Washington. Servi\u00e7os de tradu\u00e7\u00e3o com qualidade comprovada e os melhores pre\u00e7os. Solicite uma consulta ou or\u00e7amento gratuitos. Fale conosco hoje mesmo.","robots":{"index":"index","follow":"follow","max-snippet":"max-snippet:-1","max-image-preview":"max-image-preview:large","max-video-preview":"max-video-preview:-1"},"canonical":"https:\/\/www.trustedtranslations.com\/pt-br\/sobre-nos\/contato\/seattle","og_locale":"pt_BR","og_type":"article","og_title":"Servi\u00e7os de tradu\u00e7\u00e3o em Seattle - Empresa de tradu\u00e7\u00e3o l\u00edder de mercado em Washington - Trusted Translations, Inc.","og_description":"Trusted Translations, Inc. Seattle, Washington. Servi\u00e7os de tradu\u00e7\u00e3o com qualidade comprovada e os melhores pre\u00e7os. Solicite uma consulta ou or\u00e7amento gratuitos. Fale conosco hoje mesmo.","og_url":"https:\/\/www.trustedtranslations.com\/pt-br\/sobre-nos\/contato\/seattle","og_site_name":"Trusted Translations, Inc.","article_publisher":"https:\/\/www.facebook.com\/Trusted.Translations","article_modified_time":"2025-11-21T17:22:29+00:00","og_image":[{"width":216,"height":94,"url":"https:\/\/www.trustedtranslations.com\/wp-content\/uploads\/2022\/06\/tt-logo-2-1.webp","type":"image\/webp"}],"twitter_card":"summary_large_image","twitter_site":"@TrustedT9ns","schema":{"@context":"https:\/\/schema.org","@graph":[{"@type":"WebPage","@id":"https:\/\/www.trustedtranslations.com\/pt-br\/sobre-nos\/contato\/seattle","url":"https:\/\/www.trustedtranslations.com\/pt-br\/sobre-nos\/contato\/seattle","name":"Servi\u00e7os de tradu\u00e7\u00e3o em Seattle - Empresa de tradu\u00e7\u00e3o l\u00edder de mercado em Washington - Trusted Translations, Inc.","isPartOf":{"@id":"https:\/\/www.trustedtranslations.com\/pt-br\/#website"},"primaryImageOfPage":{"@id":"https:\/\/www.trustedtranslations.com\/pt-br\/sobre-nos\/contato\/seattle#primaryimage"},"image":{"@id":"https:\/\/www.trustedtranslations.com\/pt-br\/sobre-nos\/contato\/seattle#primaryimage"},"thumbnailUrl":"","description":"Trusted Translations, Inc. Seattle, Washington. Servi\u00e7os de tradu\u00e7\u00e3o com qualidade comprovada e os melhores pre\u00e7os. Solicite uma consulta ou or\u00e7amento gratuitos. Fale conosco hoje mesmo.","breadcrumb":{"@id":"https:\/\/www.trustedtranslations.com\/pt-br\/sobre-nos\/contato\/seattle#breadcrumb"},"inLanguage":"pt-BR","potentialAction":[{"@type":"ReadAction","target":["https:\/\/www.trustedtranslations.com\/pt-br\/sobre-nos\/contato\/seattle"]}]},{"@type":"ImageObject","inLanguage":"pt-BR","@id":"https:\/\/www.trustedtranslations.com\/pt-br\/sobre-nos\/contato\/seattle#primaryimage","url":"","contentUrl":""},{"@type":"BreadcrumbList","@id":"https:\/\/www.trustedtranslations.com\/pt-br\/sobre-nos\/contato\/seattle#breadcrumb","itemListElement":[{"@type":"ListItem","position":1,"name":"Home","item":"https:\/\/www.trustedtranslations.com\/pt-br"},{"@type":"ListItem","position":2,"name":"Sobre n\u00f3s","item":"https:\/\/www.trustedtranslations.com\/pt-br\/sobre-nos"},{"@type":"ListItem","position":3,"name":"Contato","item":"https:\/\/www.trustedtranslations.com\/pt-br\/sobre-nos\/contato"},{"@type":"ListItem","position":4,"name":"Seattle"}]},{"@type":"WebSite","@id":"https:\/\/www.trustedtranslations.com\/pt-br\/#website","url":"https:\/\/www.trustedtranslations.com\/pt-br\/","name":"Trusted Translations, Inc.","description":"Leader in translation and interpretation services.","publisher":{"@id":"https:\/\/www.trustedtranslations.com\/pt-br\/#organization"},"alternateName":"Trusted Translations","potentialAction":[{"@type":"SearchAction","target":{"@type":"EntryPoint","urlTemplate":"https:\/\/www.trustedtranslations.com\/pt-br\/?s={search_term_string}"},"query-input":{"@type":"PropertyValueSpecification","valueRequired":true,"valueName":"search_term_string"}}],"inLanguage":"pt-BR"},{"@type":"Organization","@id":"https:\/\/www.trustedtranslations.com\/pt-br\/#organization","name":"Trusted Translations","alternateName":"Trusted Translations, Inc.","url":"https:\/\/www.trustedtranslations.com\/pt-br\/","logo":{"@type":"ImageObject","inLanguage":"pt-BR","@id":"https:\/\/www.trustedtranslations.com\/pt-br\/#\/schema\/logo\/image\/","url":"https:\/\/static.trustedtranslations.com\/wp-content\/uploads\/2022\/01\/TT_logo_WSIColors-2.png","contentUrl":"https:\/\/static.trustedtranslations.com\/wp-content\/uploads\/2022\/01\/TT_logo_WSIColors-2.png","width":500,"height":196,"caption":"Trusted Translations"},"image":{"@id":"https:\/\/www.trustedtranslations.com\/pt-br\/#\/schema\/logo\/image\/"},"sameAs":["https:\/\/www.facebook.com\/Trusted.Translations","https:\/\/x.com\/TrustedT9ns","https:\/\/www.linkedin.com\/company\/trusted-translations"]}]}},"toolset-meta":{"dyk":{"mensaje-1":{"type":"textfield","raw":"Existem mais de 200 lojas Starbucks na regi\u00e3o de Seattle."},"mensaje-2":{"type":"textfield","raw":"Seattle \u00e9 a 15\u00aa maior \u00e1rea metropolitana do pa\u00eds."},"mensaje-3":{"type":"textfield","raw":"O Aeroporto Internacional Seattle-Tacoma (SEA) atendeu 45,9 milh\u00f5es de passageiros em 2022."},"mensaje-4":{"type":"textfield","raw":"Seattle recebeu o nome do cacique Si'ahl, das tribos Duwamish e Suquamish."},"mensaje-5":{"type":"textfield","raw":""},"mensaje-6":{"type":"textfield","raw":""}},"single-page-template-fields":{"imgs-temp":{"type":"image","raw":["https:\/\/static.trustedtranslations.com\/wp-content\/uploads\/2024\/05\/Group-131-9.webp"],"repeatable":[{"raw":"https:\/\/static.trustedtranslations.com\/wp-content\/uploads\/2024\/05\/Group-131-9.webp"}]},"imgs-temp-cel":{"type":"image","raw":[""],"repeatable":[{"raw":""}]},"img-temp-one-cel":{"type":"image","raw":"https:\/\/static.trustedtranslations.com\/wp-content\/uploads\/2024\/05\/seattle-1-scaled-1.webp","attachment_id":null},"quotes":{"type":"textarea","raw":"<h1 style=\"margin-bottom:12px\">Servi\u00e7os de tradu\u00e7\u00e3o em Seattle<\/h1>\r\n<p>\r\n    <a style=\"color: #2a2a2a; text-decoration: none;\" href=\"https:\/\/goo.gl\/maps\/RrTU2ZyQcLhTqsaT9?coh=178572&entry=tt\"><i class=\"fa fa-map-pin\"><\/i> 300 Lenora Street\r\n        Seattle, WA 98121\r\n        United States<\/a>\r\n    <a style=\"color: #2a2a2a; text-decoration: none;\" href=\"tel:+12066494965\"><i class=\"fa fa-phone\"><\/i> +1 (206) 649-4965<\/a>\r\n    <a style=\"color: #2a2a2a; text-decoration: none;\" href=\"mailto:seattle@trustedtranslations.com\"><i class=\"fa fa-envelope\"><\/i>seattle@trustedtranslations.com<\/a>\r\n<\/p>\r\n<div style=\"margin-top: 2.5vw;\"><a class=\"tt-btn-main-cta\" href=\"#tree-form\">Solicite um or\u00e7amento gratuito<\/a><\/div>"},"text-1":{"type":"textarea","raw":"<h2>Mapa da filial de Seattle<\/h2>"},"shortcode-map":{"type":"textfield","raw":"[mostrar_mapa url=\"https:\/\/www.google.com\/maps\/embed?pb=!1m18!1m12!1m3!1d2689.648004009722!2d-122.34691082124912!3d47.613533723839815!2m3!1f0!2f0!3f0!3m2!1i1024!2i768!4f13.1!3m3!1m2!1s0x5490154c61effb05%3A0x4b27581cea2058cc!2s300%20Lenora%20St%2C%20Seattle%2C%20WA%2098121%2C%20EE.%20UU.!5e0!3m2!1ses-419!2sar!4v1685128780529!5m2!1ses-419!2sar\" width=\"600px\" height=\"450px\"]"},"dyk-shortcode":{"type":"textfield","raw":"[elementor-template id=\"147273\"]"},"text-2":{"type":"textarea","raw":"<h2>Servi\u00e7os profissionais de tradu\u00e7\u00e3o em Seattle<\/h2>\r\n<img class=\"alignright wp-image-207444\" src=\"https:\/\/static.trustedtranslations.com\/wp-content\/uploads\/2023\/05\/seattle-2-300x200.jpg\" alt=\"\" width=\"500\" height=\"333\" \/>\r\n\r\nSendo uma pr\u00f3spera cidade portu\u00e1ria e importante centro de com\u00e9rcio no Noroeste do Pac\u00edfico, os principais setores de Seattle variam de <a href=\"https:\/\/www.trustedtranslations.com\/pt-br\/setores\/manufatura\">manufatura<\/a> a <a href=\"https:\/\/www.trustedtranslations.com\/pt-br\/setores\/tecnica\">tecnologia<\/a>, ci\u00eancias da vida, <a href=\"https:\/\/www.trustedtranslations.com\/pt-br\/setores\/medicas\">servi\u00e7os de sa\u00fade<\/a>, constru\u00e7\u00e3o e ind\u00fastria mar\u00edtima. Como um provedor de tradu\u00e7\u00f5es experiente, a <strong><em>Trusted Translations<\/em><\/strong> \u00e9 parceira dos principais clientes da \u00e1rea de Seattle, como Savers Inc., Sedgwick, AssuredPartners MCM, Mix Sanders Thompson LLC e Conversica, entre outros.\r\n\r\nMais de um ter\u00e7o da popula\u00e7\u00e3o de Seattle \u00e9 nascido no exterior ou tem pelo menos um dos pais imigrante, um n\u00famero que destaca a necessidade da regi\u00e3o em termos de servi\u00e7os confi\u00e1veis de tradu\u00e7\u00e3o. O <a href=\"https:\/\/www.trustedtranslations.com\/pt-br\/idioma\/espanhol\/servicos-de-traducao-do-espanhol\">espanhol<\/a> \u00e9 o idioma mais falado em Seattle, onde h\u00e1 mais de 90 mil residentes de origem <a href=\"https:\/\/www.trustedtranslations.com\/pt-br\/idioma\/espanhol\/caracteristicas\/espanhol-latino-americano\">mexicana<\/a>, muitos atra\u00eddos para a \u00e1rea para trabalhar no setor agr\u00edcola. O espanhol \u00e9 seguido em popularidade pelo <a href=\"https:\/\/www.trustedtranslations.com\/pt-br\/idioma\/chines\">chin\u00eas<\/a> e pelo <a href=\"https:\/\/www.trustedtranslations.com\/pt-br\/idioma\/vietnamita\">vietnamita<\/a>, e o governo da cidade determinou que o <a href=\"https:\/\/www.trustedtranslations.com\/pt-br\/idioma\/multilingue\">somali<\/a>, o am\u00e1rico, o tagalo e o <a href=\"https:\/\/www.trustedtranslations.com\/pt-br\/idioma\/coreano\">coreano<\/a> sejam classificados como idiomas de n\u00edvel 1.\r\n<h2>Sobre a cidade de Seattle<\/h2>\r\nTamb\u00e9m conhecida como a \u201cCidade Esmeralda\u201d, Seattle \u00e9 famosa por ser o local de funda\u00e7\u00e3o da Starbucks e a base de opera\u00e7\u00f5es da Amazon e da Microsoft. Juntamente com Tacoma e Bellevue, a \u00e1rea metropolitana de Seattle abriga mais da metade da popula\u00e7\u00e3o do estado de Washington, aproximadamente 4,1 milh\u00f5es de pessoas. Uma alian\u00e7a de 2015 entre os portos de Seattle e Tacoma hoje viabiliza rotas de transporte mar\u00edtimo mais curtas para a \u00c1sia e do continente americano para o Alasca, operando com 180 parceiros comerciais globais."},"state":{"type":"textfield","raw":""},"city":{"type":"textarea","raw":[""]}}},"_links":{"self":[{"href":"https:\/\/www.trustedtranslations.com\/pt-br\/wp-json\/wp\/v2\/pages\/208994","targetHints":{"allow":["GET"]}}],"collection":[{"href":"https:\/\/www.trustedtranslations.com\/pt-br\/wp-json\/wp\/v2\/pages"}],"about":[{"href":"https:\/\/www.trustedtranslations.com\/pt-br\/wp-json\/wp\/v2\/types\/page"}],"author":[{"embeddable":true,"href":"https:\/\/www.trustedtranslations.com\/pt-br\/wp-json\/wp\/v2\/users\/1"}],"replies":[{"embeddable":true,"href":"https:\/\/www.trustedtranslations.com\/pt-br\/wp-json\/wp\/v2\/comments?post=208994"}],"version-history":[{"count":0,"href":"https:\/\/www.trustedtranslations.com\/pt-br\/wp-json\/wp\/v2\/pages\/208994\/revisions"}],"up":[{"embeddable":true,"href":"https:\/\/www.trustedtranslations.com\/pt-br\/wp-json\/wp\/v2\/pages\/134930"}],"wp:featuredmedia":[{"embeddable":true,"href":"https:\/\/www.trustedtranslations.com\/pt-br\/wp-json\/"}],"wp:attachment":[{"href":"https:\/\/www.trustedtranslations.com\/pt-br\/wp-json\/wp\/v2\/media?parent=208994"}],"curies":[{"name":"wp","href":"https:\/\/api.w.org\/{rel}","templated":true}]}}