{"id":208996,"date":"2023-06-06T14:32:02","date_gmt":"2023-06-06T17:32:02","guid":{"rendered":"https:\/\/www.trustedtranslations.com\/?page_id=208996"},"modified":"2025-11-21T17:11:26","modified_gmt":"2025-11-21T20:11:26","slug":"minneapolis","status":"publish","type":"page","link":"https:\/\/www.trustedtranslations.com\/pt-br\/sobre-nos\/contato\/minneapolis","title":{"rendered":"Minneapolis"},"content":{"rendered":"","protected":false},"excerpt":{"rendered":"","protected":false},"author":1,"featured_media":211815,"parent":134930,"menu_order":0,"comment_status":"closed","ping_status":"closed","template":"","meta":{"site-sidebar-layout":"no-sidebar","site-content-layout":"page-builder","ast-site-content-layout":"full-width-container","site-content-style":"unboxed","site-sidebar-style":"unboxed","ast-global-header-display":"","ast-banner-title-visibility":"","ast-main-header-display":"","ast-hfb-above-header-display":"","ast-hfb-below-header-display":"","ast-hfb-mobile-header-display":"","site-post-title":"disabled","ast-breadcrumbs-content":"","ast-featured-img":"disabled","footer-sml-layout":"","ast-disable-related-posts":"","theme-transparent-header-meta":"default","adv-header-id-meta":"","stick-header-meta":"","header-above-stick-meta":"","header-main-stick-meta":"","header-below-stick-meta":"","astra-migrate-meta-layouts":"set","ast-page-background-enabled":"default","ast-page-background-meta":{"desktop":{"background-color":"var(--ast-global-color-4)","background-image":"","background-repeat":"repeat","background-position":"center center","background-size":"auto","background-attachment":"scroll","background-type":"","background-media":"","overlay-type":"","overlay-color":"","overlay-opacity":"","overlay-gradient":""},"tablet":{"background-color":"","background-image":"","background-repeat":"repeat","background-position":"center center","background-size":"auto","background-attachment":"scroll","background-type":"","background-media":"","overlay-type":"","overlay-color":"","overlay-opacity":"","overlay-gradient":""},"mobile":{"background-color":"","background-image":"","background-repeat":"repeat","background-position":"center center","background-size":"auto","background-attachment":"scroll","background-type":"","background-media":"","overlay-type":"","overlay-color":"","overlay-opacity":"","overlay-gradient":""}},"ast-content-background-meta":{"desktop":{"background-color":"var(--ast-global-color-5)","background-image":"","background-repeat":"repeat","background-position":"center center","background-size":"auto","background-attachment":"scroll","background-type":"","background-media":"","overlay-type":"","overlay-color":"","overlay-opacity":"","overlay-gradient":""},"tablet":{"background-color":"var(--ast-global-color-5)","background-image":"","background-repeat":"repeat","background-position":"center center","background-size":"auto","background-attachment":"scroll","background-type":"","background-media":"","overlay-type":"","overlay-color":"","overlay-opacity":"","overlay-gradient":""},"mobile":{"background-color":"var(--ast-global-color-5)","background-image":"","background-repeat":"repeat","background-position":"center center","background-size":"auto","background-attachment":"scroll","background-type":"","background-media":"","overlay-type":"","overlay-color":"","overlay-opacity":"","overlay-gradient":""}},"footnotes":""},"class_list":["post-208996","page","type-page","status-publish","has-post-thumbnail","hentry"],"yoast_head":"<!-- This site is optimized with the Yoast SEO plugin v27.5 - https:\/\/yoast.com\/product\/yoast-seo-wordpress\/ -->\n<title>Servi\u00e7os de tradu\u00e7\u00e3o em Minneapolis - Empresa de tradu\u00e7\u00e3o l\u00edder de mercado em Minnesota - Trusted Translations, Inc.<\/title>\n<meta name=\"description\" content=\"Trusted Translations, Inc. Minneapolis, Minnesota. Servi\u00e7os de tradu\u00e7\u00e3o com qualidade comprovada e os melhores pre\u00e7os. Solicite uma consulta ou or\u00e7amento gratuitos. Fale conosco hoje mesmo.\" \/>\n<meta name=\"robots\" content=\"index, follow, max-snippet:-1, max-image-preview:large, max-video-preview:-1\" \/>\n<link rel=\"canonical\" href=\"https:\/\/www.trustedtranslations.com\/pt-br\/sobre-nos\/contato\/minneapolis\" \/>\n<meta property=\"og:locale\" content=\"pt_BR\" \/>\n<meta property=\"og:type\" content=\"article\" \/>\n<meta property=\"og:title\" content=\"Servi\u00e7os de tradu\u00e7\u00e3o em Minneapolis - Empresa de tradu\u00e7\u00e3o l\u00edder de mercado em Minnesota - Trusted Translations, Inc.\" \/>\n<meta property=\"og:description\" content=\"Trusted Translations, Inc. Minneapolis, Minnesota. Servi\u00e7os de tradu\u00e7\u00e3o com qualidade comprovada e os melhores pre\u00e7os. Solicite uma consulta ou or\u00e7amento gratuitos. Fale conosco hoje mesmo.\" \/>\n<meta property=\"og:url\" content=\"https:\/\/www.trustedtranslations.com\/pt-br\/sobre-nos\/contato\/minneapolis\" \/>\n<meta property=\"og:site_name\" content=\"Trusted Translations, Inc.\" \/>\n<meta property=\"article:publisher\" content=\"https:\/\/www.facebook.com\/Trusted.Translations\" \/>\n<meta property=\"article:modified_time\" content=\"2025-11-21T20:11:26+00:00\" \/>\n<meta property=\"og:image\" content=\"https:\/\/www.trustedtranslations.com\/wp-content\/uploads\/2022\/06\/tt-logo-2-1.webp\" \/>\n\t<meta property=\"og:image:width\" content=\"216\" \/>\n\t<meta property=\"og:image:height\" content=\"94\" \/>\n\t<meta property=\"og:image:type\" content=\"image\/webp\" \/>\n<meta name=\"twitter:card\" content=\"summary_large_image\" \/>\n<meta name=\"twitter:site\" content=\"@TrustedT9ns\" \/>\n<script type=\"application\/ld+json\" class=\"yoast-schema-graph\">{\"@context\":\"https:\\\/\\\/schema.org\",\"@graph\":[{\"@type\":\"WebPage\",\"@id\":\"https:\\\/\\\/www.trustedtranslations.com\\\/pt-br\\\/sobre-nos\\\/contato\\\/minneapolis\",\"url\":\"https:\\\/\\\/www.trustedtranslations.com\\\/pt-br\\\/sobre-nos\\\/contato\\\/minneapolis\",\"name\":\"Servi\u00e7os de tradu\u00e7\u00e3o em Minneapolis - Empresa de tradu\u00e7\u00e3o l\u00edder de mercado em Minnesota - Trusted Translations, Inc.\",\"isPartOf\":{\"@id\":\"https:\\\/\\\/www.trustedtranslations.com\\\/pt-br\\\/#website\"},\"primaryImageOfPage\":{\"@id\":\"https:\\\/\\\/www.trustedtranslations.com\\\/pt-br\\\/sobre-nos\\\/contato\\\/minneapolis#primaryimage\"},\"image\":{\"@id\":\"https:\\\/\\\/www.trustedtranslations.com\\\/pt-br\\\/sobre-nos\\\/contato\\\/minneapolis#primaryimage\"},\"thumbnailUrl\":\"\",\"description\":\"Trusted Translations, Inc. Minneapolis, Minnesota. Servi\u00e7os de tradu\u00e7\u00e3o com qualidade comprovada e os melhores pre\u00e7os. Solicite uma consulta ou or\u00e7amento gratuitos. Fale conosco hoje mesmo.\",\"breadcrumb\":{\"@id\":\"https:\\\/\\\/www.trustedtranslations.com\\\/pt-br\\\/sobre-nos\\\/contato\\\/minneapolis#breadcrumb\"},\"inLanguage\":\"pt-BR\",\"potentialAction\":[{\"@type\":\"ReadAction\",\"target\":[\"https:\\\/\\\/www.trustedtranslations.com\\\/pt-br\\\/sobre-nos\\\/contato\\\/minneapolis\"]}]},{\"@type\":\"ImageObject\",\"inLanguage\":\"pt-BR\",\"@id\":\"https:\\\/\\\/www.trustedtranslations.com\\\/pt-br\\\/sobre-nos\\\/contato\\\/minneapolis#primaryimage\",\"url\":\"\",\"contentUrl\":\"\"},{\"@type\":\"BreadcrumbList\",\"@id\":\"https:\\\/\\\/www.trustedtranslations.com\\\/pt-br\\\/sobre-nos\\\/contato\\\/minneapolis#breadcrumb\",\"itemListElement\":[{\"@type\":\"ListItem\",\"position\":1,\"name\":\"Home\",\"item\":\"https:\\\/\\\/www.trustedtranslations.com\\\/pt-br\"},{\"@type\":\"ListItem\",\"position\":2,\"name\":\"Sobre n\u00f3s\",\"item\":\"https:\\\/\\\/www.trustedtranslations.com\\\/pt-br\\\/sobre-nos\"},{\"@type\":\"ListItem\",\"position\":3,\"name\":\"Contato\",\"item\":\"https:\\\/\\\/www.trustedtranslations.com\\\/pt-br\\\/sobre-nos\\\/contato\"},{\"@type\":\"ListItem\",\"position\":4,\"name\":\"Minneapolis\"}]},{\"@type\":\"WebSite\",\"@id\":\"https:\\\/\\\/www.trustedtranslations.com\\\/pt-br\\\/#website\",\"url\":\"https:\\\/\\\/www.trustedtranslations.com\\\/pt-br\\\/\",\"name\":\"Trusted Translations, Inc.\",\"description\":\"Leader in translation and interpretation services.\",\"publisher\":{\"@id\":\"https:\\\/\\\/www.trustedtranslations.com\\\/pt-br\\\/#organization\"},\"alternateName\":\"Trusted Translations\",\"potentialAction\":[{\"@type\":\"SearchAction\",\"target\":{\"@type\":\"EntryPoint\",\"urlTemplate\":\"https:\\\/\\\/www.trustedtranslations.com\\\/pt-br\\\/?s={search_term_string}\"},\"query-input\":{\"@type\":\"PropertyValueSpecification\",\"valueRequired\":true,\"valueName\":\"search_term_string\"}}],\"inLanguage\":\"pt-BR\"},{\"@type\":\"Organization\",\"@id\":\"https:\\\/\\\/www.trustedtranslations.com\\\/pt-br\\\/#organization\",\"name\":\"Trusted Translations\",\"alternateName\":\"Trusted Translations, Inc.\",\"url\":\"https:\\\/\\\/www.trustedtranslations.com\\\/pt-br\\\/\",\"logo\":{\"@type\":\"ImageObject\",\"inLanguage\":\"pt-BR\",\"@id\":\"https:\\\/\\\/www.trustedtranslations.com\\\/pt-br\\\/#\\\/schema\\\/logo\\\/image\\\/\",\"url\":\"https:\\\/\\\/static.trustedtranslations.com\\\/wp-content\\\/uploads\\\/2022\\\/01\\\/TT_logo_WSIColors-2.png\",\"contentUrl\":\"https:\\\/\\\/static.trustedtranslations.com\\\/wp-content\\\/uploads\\\/2022\\\/01\\\/TT_logo_WSIColors-2.png\",\"width\":500,\"height\":196,\"caption\":\"Trusted Translations\"},\"image\":{\"@id\":\"https:\\\/\\\/www.trustedtranslations.com\\\/pt-br\\\/#\\\/schema\\\/logo\\\/image\\\/\"},\"sameAs\":[\"https:\\\/\\\/www.facebook.com\\\/Trusted.Translations\",\"https:\\\/\\\/x.com\\\/TrustedT9ns\",\"https:\\\/\\\/www.linkedin.com\\\/company\\\/trusted-translations\"]}]}<\/script>\n<!-- \/ Yoast SEO plugin. -->","yoast_head_json":{"title":"Servi\u00e7os de tradu\u00e7\u00e3o em Minneapolis - Empresa de tradu\u00e7\u00e3o l\u00edder de mercado em Minnesota - Trusted Translations, Inc.","description":"Trusted Translations, Inc. Minneapolis, Minnesota. Servi\u00e7os de tradu\u00e7\u00e3o com qualidade comprovada e os melhores pre\u00e7os. Solicite uma consulta ou or\u00e7amento gratuitos. Fale conosco hoje mesmo.","robots":{"index":"index","follow":"follow","max-snippet":"max-snippet:-1","max-image-preview":"max-image-preview:large","max-video-preview":"max-video-preview:-1"},"canonical":"https:\/\/www.trustedtranslations.com\/pt-br\/sobre-nos\/contato\/minneapolis","og_locale":"pt_BR","og_type":"article","og_title":"Servi\u00e7os de tradu\u00e7\u00e3o em Minneapolis - Empresa de tradu\u00e7\u00e3o l\u00edder de mercado em Minnesota - Trusted Translations, Inc.","og_description":"Trusted Translations, Inc. Minneapolis, Minnesota. Servi\u00e7os de tradu\u00e7\u00e3o com qualidade comprovada e os melhores pre\u00e7os. Solicite uma consulta ou or\u00e7amento gratuitos. Fale conosco hoje mesmo.","og_url":"https:\/\/www.trustedtranslations.com\/pt-br\/sobre-nos\/contato\/minneapolis","og_site_name":"Trusted Translations, Inc.","article_publisher":"https:\/\/www.facebook.com\/Trusted.Translations","article_modified_time":"2025-11-21T20:11:26+00:00","og_image":[{"width":216,"height":94,"url":"https:\/\/www.trustedtranslations.com\/wp-content\/uploads\/2022\/06\/tt-logo-2-1.webp","type":"image\/webp"}],"twitter_card":"summary_large_image","twitter_site":"@TrustedT9ns","schema":{"@context":"https:\/\/schema.org","@graph":[{"@type":"WebPage","@id":"https:\/\/www.trustedtranslations.com\/pt-br\/sobre-nos\/contato\/minneapolis","url":"https:\/\/www.trustedtranslations.com\/pt-br\/sobre-nos\/contato\/minneapolis","name":"Servi\u00e7os de tradu\u00e7\u00e3o em Minneapolis - Empresa de tradu\u00e7\u00e3o l\u00edder de mercado em Minnesota - Trusted Translations, Inc.","isPartOf":{"@id":"https:\/\/www.trustedtranslations.com\/pt-br\/#website"},"primaryImageOfPage":{"@id":"https:\/\/www.trustedtranslations.com\/pt-br\/sobre-nos\/contato\/minneapolis#primaryimage"},"image":{"@id":"https:\/\/www.trustedtranslations.com\/pt-br\/sobre-nos\/contato\/minneapolis#primaryimage"},"thumbnailUrl":"","description":"Trusted Translations, Inc. Minneapolis, Minnesota. Servi\u00e7os de tradu\u00e7\u00e3o com qualidade comprovada e os melhores pre\u00e7os. Solicite uma consulta ou or\u00e7amento gratuitos. Fale conosco hoje mesmo.","breadcrumb":{"@id":"https:\/\/www.trustedtranslations.com\/pt-br\/sobre-nos\/contato\/minneapolis#breadcrumb"},"inLanguage":"pt-BR","potentialAction":[{"@type":"ReadAction","target":["https:\/\/www.trustedtranslations.com\/pt-br\/sobre-nos\/contato\/minneapolis"]}]},{"@type":"ImageObject","inLanguage":"pt-BR","@id":"https:\/\/www.trustedtranslations.com\/pt-br\/sobre-nos\/contato\/minneapolis#primaryimage","url":"","contentUrl":""},{"@type":"BreadcrumbList","@id":"https:\/\/www.trustedtranslations.com\/pt-br\/sobre-nos\/contato\/minneapolis#breadcrumb","itemListElement":[{"@type":"ListItem","position":1,"name":"Home","item":"https:\/\/www.trustedtranslations.com\/pt-br"},{"@type":"ListItem","position":2,"name":"Sobre n\u00f3s","item":"https:\/\/www.trustedtranslations.com\/pt-br\/sobre-nos"},{"@type":"ListItem","position":3,"name":"Contato","item":"https:\/\/www.trustedtranslations.com\/pt-br\/sobre-nos\/contato"},{"@type":"ListItem","position":4,"name":"Minneapolis"}]},{"@type":"WebSite","@id":"https:\/\/www.trustedtranslations.com\/pt-br\/#website","url":"https:\/\/www.trustedtranslations.com\/pt-br\/","name":"Trusted Translations, Inc.","description":"Leader in translation and interpretation services.","publisher":{"@id":"https:\/\/www.trustedtranslations.com\/pt-br\/#organization"},"alternateName":"Trusted Translations","potentialAction":[{"@type":"SearchAction","target":{"@type":"EntryPoint","urlTemplate":"https:\/\/www.trustedtranslations.com\/pt-br\/?s={search_term_string}"},"query-input":{"@type":"PropertyValueSpecification","valueRequired":true,"valueName":"search_term_string"}}],"inLanguage":"pt-BR"},{"@type":"Organization","@id":"https:\/\/www.trustedtranslations.com\/pt-br\/#organization","name":"Trusted Translations","alternateName":"Trusted Translations, Inc.","url":"https:\/\/www.trustedtranslations.com\/pt-br\/","logo":{"@type":"ImageObject","inLanguage":"pt-BR","@id":"https:\/\/www.trustedtranslations.com\/pt-br\/#\/schema\/logo\/image\/","url":"https:\/\/static.trustedtranslations.com\/wp-content\/uploads\/2022\/01\/TT_logo_WSIColors-2.png","contentUrl":"https:\/\/static.trustedtranslations.com\/wp-content\/uploads\/2022\/01\/TT_logo_WSIColors-2.png","width":500,"height":196,"caption":"Trusted Translations"},"image":{"@id":"https:\/\/www.trustedtranslations.com\/pt-br\/#\/schema\/logo\/image\/"},"sameAs":["https:\/\/www.facebook.com\/Trusted.Translations","https:\/\/x.com\/TrustedT9ns","https:\/\/www.linkedin.com\/company\/trusted-translations"]}]}},"toolset-meta":{"dyk":{"mensaje-1":{"type":"textfield","raw":"As Cidades G\u00eameas lideram o pa\u00eds em empresas da Fortune 500 per capita."},"mensaje-2":{"type":"textfield","raw":"Minneapolis j\u00e1 foi conhecida como a capital mundial da moagem de farinha."},"mensaje-3":{"type":"textfield","raw":"O nome Minneapolis significa \"cidade dos lagos\", misturando os idiomas sioux e grego antigo."},"mensaje-4":{"type":"textfield","raw":"O shopping center Mall of America, em Bloomington, \u00e9 um dos principais destinos tur\u00edsticos nos EUA."},"mensaje-5":{"type":"textfield","raw":""},"mensaje-6":{"type":"textfield","raw":""}},"single-page-template-fields":{"imgs-temp":{"type":"image","raw":["https:\/\/static.trustedtranslations.com\/wp-content\/uploads\/2024\/05\/Group-131-10.webp"],"repeatable":[{"raw":"https:\/\/static.trustedtranslations.com\/wp-content\/uploads\/2024\/05\/Group-131-10.webp"}]},"imgs-temp-cel":{"type":"image","raw":[""],"repeatable":[{"raw":""}]},"img-temp-one-cel":{"type":"image","raw":"https:\/\/static.trustedtranslations.com\/wp-content\/uploads\/2024\/05\/minneapolis-scaled-1.webp","attachment_id":null},"quotes":{"type":"textarea","raw":"<h1 style=\"margin-bottom:12px\">Servi\u00e7os de tradu\u00e7\u00e3o de Minneapolis<\/h1>\r\n<p>\r\n    <a style=\"color: #2a2a2a; text-decoration: none;\" href=\"https:\/\/goo.gl\/maps\/fApBPFXnZKCCqbBQ8?coh=178572&entry=tt\"><i class=\"fa fa-map-pin\"><\/i> 5775 Wayzata Blvd.\r\n        Louis Park, MN 55416\r\n        St. Louis Park, MN 55416\r\n        United States<\/a>\r\n    <a style=\"color: #2a2a2a; text-decoration: none;\" href=\"tel:+16122003742\"><i class=\"fa fa-phone\"><\/i> +1 (612) 200-3742<\/a>\r\n    <a style=\"color: #2a2a2a; text-decoration: none;\" href=\"mailto:minneapolis@trustedtranslations.com\"><i class=\"fa fa-envelope\"><\/i>minneapolis@trustedtranslations.com<\/a>\r\n<\/p>\r\n<div style=\"margin-top: 2.5vw;\"><a class=\"tt-btn-main-cta\" href=\"#tree-form\">Solicite um or\u00e7amento gratuito<\/a><\/div>"},"text-1":{"type":"textarea","raw":"<h2>Mapa da filial de Minneapolis<\/h2>"},"shortcode-map":{"type":"textfield","raw":"[mostrar_mapa url=\"https:\/\/www.google.com\/maps\/embed?pb=!1m18!1m12!1m3!1d2822.7606766680346!2d-93.3565370247343!3d44.968856366353826!2m3!1f0!2f0!3f0!3m2!1i1024!2i768!4f13.1!3m3!1m2!1s0x52b335ced20f5549%3A0x5359129dd629354a!2sSt.%20Louis%20Park%20MN!5e0!3m2!1ses-419!2sar!4v1685129013237!5m2!1ses-419!2sar\" width=\"600px\" height=\"450px\"]"},"dyk-shortcode":{"type":"textfield","raw":"[elementor-template id=\"147273\"]"},"text-2":{"type":"textarea","raw":"<h2>Servi\u00e7os profissionais de tradu\u00e7\u00e3o em Minneapolis<\/h2>\r\n<img class=\"alignright wp-image-207483\" src=\"https:\/\/static.trustedtranslations.com\/wp-content\/uploads\/2023\/05\/minneapolis-2-300x197.jpg\" alt=\"\" width=\"500\" height=\"328\" \/>\r\n\r\nTamb\u00e9m conhecidas como as Cidades G\u00eameas, Minneapolis e St. Paul se destacam por fortes setores de <a href=\"https:\/\/www.trustedtranslations.com\/pt-br\/setores\/manufatura\">manufatura<\/a>, <a href=\"https:\/\/www.trustedtranslations.com\/pt-br\/setores\/medicas\">sa\u00fade<\/a>, <a href=\"https:\/\/www.trustedtranslations.com\/pt-br\/setores\/elearning-e-localizacao\">educa\u00e7\u00e3o<\/a>, ci\u00eancias e <a href=\"https:\/\/www.trustedtranslations.com\/pt-br\/setores\/tecnica\">tecnologia<\/a>, bem como <a href=\"https:\/\/www.trustedtranslations.com\/pt-br\/setores\/financeira\">finan\u00e7as<\/a> e seguros. A <strong><em>Trusted Translations<\/em><\/strong> fornece servi\u00e7os de idiomas para muitos clientes importantes em Minneapolis, incluindo Capstone, Zelle LLP, LasX Industries, BerganKDV, ProAg, Zeiss Group e OCI Hospitality.\r\n\r\nUma longa hist\u00f3ria de imigra\u00e7\u00e3o fez com que a \u00e1rea metropolitana de Minneapolis ficasse cada vez mais multil\u00edngue e enfatizou a necessidade de uma tradu\u00e7\u00e3o precisa dos idiomas. O <a href=\"https:\/\/www.trustedtranslations.com\/pt-br\/idioma\/espanhol\">espanhol<\/a> \u00e9 o idioma estrangeiro mais falado no estado de Minnesota, com mais de 345 mil pessoas de <a href=\"https:\/\/www.trustedtranslations.com\/pt-br\/idioma\/espanhol\/caracteristicas\/espanhol-dos-eua\">ascend\u00eancia latina<\/a> no estado, a maioria delas concentrada nas Cidades G\u00eameas. Minneapolis tamb\u00e9m abriga mais de 66 mil pessoas da etnia <a href=\"https:\/\/www.trustedtranslations.com\/pt-br\/idioma\/multilingue\">Hmong<\/a>, a maior popula\u00e7\u00e3o urbana Hmong do mundo, cuja maioria chegou de Laos na d\u00e9cada de 1970 como refugiados. Da mesma forma, devido \u00e0s ondas de refugiados, a maior popula\u00e7\u00e3o de somalis do pa\u00eds pode ser encontrada em Minnesota, onde existem in\u00fameras empresas cujos donos s\u00e3o somalis.\r\n<h2 style=\"margin-bottom:20px\">Sobre a cidade de Minneapolis<\/h2>\r\nLocalizada no rio Mississippi, a \u00e1rea metropolitana Minneapolis-St. Paul (MSP) \u00e9 a 3<sup>\u00aa<\/sup> maior do meio-oeste e o centro econ\u00f4mico de Minnesota. Em particular, as Cidades G\u00eameas se gabam de possuir o maior n\u00famero de empresas da Fortune 500 per capita e a 7<sup>\u00aa<\/sup> economia mais diversificada do pa\u00eds. A \u00e1rea metropolitana Minneapolis-St. Paul tamb\u00e9m inclui Bloomington, onde fica o Mall of America, que recebe cerca de 40 milh\u00f5es de visitantes por ano."},"state":{"type":"textfield","raw":""},"city":{"type":"textarea","raw":[""]}}},"_links":{"self":[{"href":"https:\/\/www.trustedtranslations.com\/pt-br\/wp-json\/wp\/v2\/pages\/208996","targetHints":{"allow":["GET"]}}],"collection":[{"href":"https:\/\/www.trustedtranslations.com\/pt-br\/wp-json\/wp\/v2\/pages"}],"about":[{"href":"https:\/\/www.trustedtranslations.com\/pt-br\/wp-json\/wp\/v2\/types\/page"}],"author":[{"embeddable":true,"href":"https:\/\/www.trustedtranslations.com\/pt-br\/wp-json\/wp\/v2\/users\/1"}],"replies":[{"embeddable":true,"href":"https:\/\/www.trustedtranslations.com\/pt-br\/wp-json\/wp\/v2\/comments?post=208996"}],"version-history":[{"count":0,"href":"https:\/\/www.trustedtranslations.com\/pt-br\/wp-json\/wp\/v2\/pages\/208996\/revisions"}],"up":[{"embeddable":true,"href":"https:\/\/www.trustedtranslations.com\/pt-br\/wp-json\/wp\/v2\/pages\/134930"}],"wp:featuredmedia":[{"embeddable":true,"href":"https:\/\/www.trustedtranslations.com\/pt-br\/wp-json\/"}],"wp:attachment":[{"href":"https:\/\/www.trustedtranslations.com\/pt-br\/wp-json\/wp\/v2\/media?parent=208996"}],"curies":[{"name":"wp","href":"https:\/\/api.w.org\/{rel}","templated":true}]}}