{"id":217472,"date":"2023-08-02T11:25:32","date_gmt":"2023-08-02T14:25:32","guid":{"rendered":"https:\/\/www.trustedtranslations.com\/?page_id=217472"},"modified":"2024-09-11T13:39:28","modified_gmt":"2024-09-11T16:39:28","slug":"tagalo","status":"publish","type":"page","link":"https:\/\/www.trustedtranslations.com\/pt-br\/idioma\/tagalo","title":{"rendered":"Tagalo"},"content":{"rendered":"","protected":false},"excerpt":{"rendered":"","protected":false},"author":1,"featured_media":213237,"parent":135078,"menu_order":0,"comment_status":"closed","ping_status":"closed","template":"","meta":{"site-sidebar-layout":"default","site-content-layout":"default","ast-site-content-layout":"default","site-content-style":"default","site-sidebar-style":"default","ast-global-header-display":"","ast-banner-title-visibility":"","ast-main-header-display":"","ast-hfb-above-header-display":"","ast-hfb-below-header-display":"","ast-hfb-mobile-header-display":"","site-post-title":"","ast-breadcrumbs-content":"","ast-featured-img":"","footer-sml-layout":"","ast-disable-related-posts":"","theme-transparent-header-meta":"default","adv-header-id-meta":"","stick-header-meta":"","header-above-stick-meta":"","header-main-stick-meta":"","header-below-stick-meta":"","astra-migrate-meta-layouts":"set","ast-page-background-enabled":"default","ast-page-background-meta":{"desktop":{"background-color":"var(--ast-global-color-4)","background-image":"","background-repeat":"repeat","background-position":"center center","background-size":"auto","background-attachment":"scroll","background-type":"","background-media":"","overlay-type":"","overlay-color":"","overlay-opacity":"","overlay-gradient":""},"tablet":{"background-color":"","background-image":"","background-repeat":"repeat","background-position":"center center","background-size":"auto","background-attachment":"scroll","background-type":"","background-media":"","overlay-type":"","overlay-color":"","overlay-opacity":"","overlay-gradient":""},"mobile":{"background-color":"","background-image":"","background-repeat":"repeat","background-position":"center center","background-size":"auto","background-attachment":"scroll","background-type":"","background-media":"","overlay-type":"","overlay-color":"","overlay-opacity":"","overlay-gradient":""}},"ast-content-background-meta":{"desktop":{"background-color":"var(--ast-global-color-5)","background-image":"","background-repeat":"repeat","background-position":"center center","background-size":"auto","background-attachment":"scroll","background-type":"","background-media":"","overlay-type":"","overlay-color":"","overlay-opacity":"","overlay-gradient":""},"tablet":{"background-color":"var(--ast-global-color-5)","background-image":"","background-repeat":"repeat","background-position":"center center","background-size":"auto","background-attachment":"scroll","background-type":"","background-media":"","overlay-type":"","overlay-color":"","overlay-opacity":"","overlay-gradient":""},"mobile":{"background-color":"var(--ast-global-color-5)","background-image":"","background-repeat":"repeat","background-position":"center center","background-size":"auto","background-attachment":"scroll","background-type":"","background-media":"","overlay-type":"","overlay-color":"","overlay-opacity":"","overlay-gradient":""}},"footnotes":""},"class_list":["post-217472","page","type-page","status-publish","has-post-thumbnail","hentry"],"yoast_head":"<!-- This site is optimized with the Yoast SEO plugin v27.6 - https:\/\/yoast.com\/product\/yoast-seo-wordpress\/ -->\n<title>L\u00edder em tradu\u00e7\u00f5es do tagalo: Trusted Translations<\/title>\n<meta name=\"description\" content=\"Trusted Translations: L\u00edder em servi\u00e7os de tradu\u00e7\u00e3o do tagalo por equipes de tradutores especializados em tagalo. Solicite uma consulta ou or\u00e7amento gratuitos.\" \/>\n<meta name=\"robots\" content=\"index, follow, max-snippet:-1, max-image-preview:large, max-video-preview:-1\" \/>\n<link rel=\"canonical\" href=\"https:\/\/www.trustedtranslations.com\/pt-br\/idioma\/tagalo\" \/>\n<meta property=\"og:locale\" content=\"pt_BR\" \/>\n<meta property=\"og:type\" content=\"article\" \/>\n<meta property=\"og:title\" content=\"L\u00edder em tradu\u00e7\u00f5es do tagalo: Trusted Translations\" \/>\n<meta property=\"og:description\" content=\"Trusted Translations: L\u00edder em servi\u00e7os de tradu\u00e7\u00e3o do tagalo por equipes de tradutores especializados em tagalo. Solicite uma consulta ou or\u00e7amento gratuitos.\" \/>\n<meta property=\"og:url\" content=\"https:\/\/www.trustedtranslations.com\/pt-br\/idioma\/tagalo\" \/>\n<meta property=\"og:site_name\" content=\"Trusted Translations, Inc.\" \/>\n<meta property=\"article:publisher\" content=\"https:\/\/www.facebook.com\/Trusted.Translations\" \/>\n<meta property=\"article:modified_time\" content=\"2024-09-11T16:39:28+00:00\" \/>\n<meta property=\"og:image\" content=\"https:\/\/static.trustedtranslations.com\/wp-content\/uploads\/2023\/07\/Philippines-scaled.jpg\" \/>\n\t<meta property=\"og:image:width\" content=\"2560\" \/>\n\t<meta property=\"og:image:height\" content=\"1707\" \/>\n\t<meta property=\"og:image:type\" content=\"image\/jpeg\" \/>\n<meta name=\"twitter:card\" content=\"summary_large_image\" \/>\n<meta name=\"twitter:site\" content=\"@TrustedT9ns\" \/>\n<script type=\"application\/ld+json\" class=\"yoast-schema-graph\">{\"@context\":\"https:\\\/\\\/schema.org\",\"@graph\":[{\"@type\":\"WebPage\",\"@id\":\"https:\\\/\\\/www.trustedtranslations.com\\\/pt-br\\\/idioma\\\/tagalo\",\"url\":\"https:\\\/\\\/www.trustedtranslations.com\\\/pt-br\\\/idioma\\\/tagalo\",\"name\":\"L\u00edder em tradu\u00e7\u00f5es do tagalo: Trusted Translations\",\"isPartOf\":{\"@id\":\"https:\\\/\\\/www.trustedtranslations.com\\\/pt-br\\\/#website\"},\"primaryImageOfPage\":{\"@id\":\"https:\\\/\\\/www.trustedtranslations.com\\\/pt-br\\\/idioma\\\/tagalo#primaryimage\"},\"image\":{\"@id\":\"https:\\\/\\\/www.trustedtranslations.com\\\/pt-br\\\/idioma\\\/tagalo#primaryimage\"},\"thumbnailUrl\":\"https:\\\/\\\/www.trustedtranslations.com\\\/wp-content\\\/uploads\\\/2023\\\/07\\\/Philippines-scaled.jpg\",\"description\":\"Trusted Translations: L\u00edder em servi\u00e7os de tradu\u00e7\u00e3o do tagalo por equipes de tradutores especializados em tagalo. Solicite uma consulta ou or\u00e7amento gratuitos.\",\"breadcrumb\":{\"@id\":\"https:\\\/\\\/www.trustedtranslations.com\\\/pt-br\\\/idioma\\\/tagalo#breadcrumb\"},\"inLanguage\":\"pt-BR\",\"potentialAction\":[{\"@type\":\"ReadAction\",\"target\":[\"https:\\\/\\\/www.trustedtranslations.com\\\/pt-br\\\/idioma\\\/tagalo\"]}]},{\"@type\":\"ImageObject\",\"inLanguage\":\"pt-BR\",\"@id\":\"https:\\\/\\\/www.trustedtranslations.com\\\/pt-br\\\/idioma\\\/tagalo#primaryimage\",\"url\":\"https:\\\/\\\/www.trustedtranslations.com\\\/wp-content\\\/uploads\\\/2023\\\/07\\\/Philippines-scaled.jpg\",\"contentUrl\":\"https:\\\/\\\/www.trustedtranslations.com\\\/wp-content\\\/uploads\\\/2023\\\/07\\\/Philippines-scaled.jpg\",\"width\":2560,\"height\":1707,\"caption\":\"Philippines scaled\"},{\"@type\":\"BreadcrumbList\",\"@id\":\"https:\\\/\\\/www.trustedtranslations.com\\\/pt-br\\\/idioma\\\/tagalo#breadcrumb\",\"itemListElement\":[{\"@type\":\"ListItem\",\"position\":1,\"name\":\"Home\",\"item\":\"https:\\\/\\\/www.trustedtranslations.com\\\/pt-br\"},{\"@type\":\"ListItem\",\"position\":2,\"name\":\"Idiomas\",\"item\":\"https:\\\/\\\/www.trustedtranslations.com\\\/pt-br\\\/idioma\"},{\"@type\":\"ListItem\",\"position\":3,\"name\":\"Tagalo\"}]},{\"@type\":\"WebSite\",\"@id\":\"https:\\\/\\\/www.trustedtranslations.com\\\/pt-br\\\/#website\",\"url\":\"https:\\\/\\\/www.trustedtranslations.com\\\/pt-br\\\/\",\"name\":\"Trusted Translations, Inc.\",\"description\":\"Leader in translation and interpretation services.\",\"publisher\":{\"@id\":\"https:\\\/\\\/www.trustedtranslations.com\\\/pt-br\\\/#organization\"},\"alternateName\":\"Trusted Translations\",\"potentialAction\":[{\"@type\":\"SearchAction\",\"target\":{\"@type\":\"EntryPoint\",\"urlTemplate\":\"https:\\\/\\\/www.trustedtranslations.com\\\/pt-br\\\/?s={search_term_string}\"},\"query-input\":{\"@type\":\"PropertyValueSpecification\",\"valueRequired\":true,\"valueName\":\"search_term_string\"}}],\"inLanguage\":\"pt-BR\"},{\"@type\":\"Organization\",\"@id\":\"https:\\\/\\\/www.trustedtranslations.com\\\/pt-br\\\/#organization\",\"name\":\"Trusted Translations\",\"alternateName\":\"Trusted Translations, Inc.\",\"url\":\"https:\\\/\\\/www.trustedtranslations.com\\\/pt-br\\\/\",\"logo\":{\"@type\":\"ImageObject\",\"inLanguage\":\"pt-BR\",\"@id\":\"https:\\\/\\\/www.trustedtranslations.com\\\/pt-br\\\/#\\\/schema\\\/logo\\\/image\\\/\",\"url\":\"https:\\\/\\\/static.trustedtranslations.com\\\/wp-content\\\/uploads\\\/2022\\\/01\\\/TT_logo_WSIColors-2.png\",\"contentUrl\":\"https:\\\/\\\/static.trustedtranslations.com\\\/wp-content\\\/uploads\\\/2022\\\/01\\\/TT_logo_WSIColors-2.png\",\"width\":500,\"height\":196,\"caption\":\"Trusted Translations\"},\"image\":{\"@id\":\"https:\\\/\\\/www.trustedtranslations.com\\\/pt-br\\\/#\\\/schema\\\/logo\\\/image\\\/\"},\"sameAs\":[\"https:\\\/\\\/www.facebook.com\\\/Trusted.Translations\",\"https:\\\/\\\/x.com\\\/TrustedT9ns\",\"https:\\\/\\\/www.linkedin.com\\\/company\\\/trusted-translations\"]}]}<\/script>\n<!-- \/ Yoast SEO plugin. -->","yoast_head_json":{"title":"L\u00edder em tradu\u00e7\u00f5es do tagalo: Trusted Translations","description":"Trusted Translations: L\u00edder em servi\u00e7os de tradu\u00e7\u00e3o do tagalo por equipes de tradutores especializados em tagalo. Solicite uma consulta ou or\u00e7amento gratuitos.","robots":{"index":"index","follow":"follow","max-snippet":"max-snippet:-1","max-image-preview":"max-image-preview:large","max-video-preview":"max-video-preview:-1"},"canonical":"https:\/\/www.trustedtranslations.com\/pt-br\/idioma\/tagalo","og_locale":"pt_BR","og_type":"article","og_title":"L\u00edder em tradu\u00e7\u00f5es do tagalo: Trusted Translations","og_description":"Trusted Translations: L\u00edder em servi\u00e7os de tradu\u00e7\u00e3o do tagalo por equipes de tradutores especializados em tagalo. Solicite uma consulta ou or\u00e7amento gratuitos.","og_url":"https:\/\/www.trustedtranslations.com\/pt-br\/idioma\/tagalo","og_site_name":"Trusted Translations, Inc.","article_publisher":"https:\/\/www.facebook.com\/Trusted.Translations","article_modified_time":"2024-09-11T16:39:28+00:00","og_image":[{"width":2560,"height":1707,"url":"https:\/\/static.trustedtranslations.com\/wp-content\/uploads\/2023\/07\/Philippines-scaled.jpg","type":"image\/jpeg"}],"twitter_card":"summary_large_image","twitter_site":"@TrustedT9ns","schema":{"@context":"https:\/\/schema.org","@graph":[{"@type":"WebPage","@id":"https:\/\/www.trustedtranslations.com\/pt-br\/idioma\/tagalo","url":"https:\/\/www.trustedtranslations.com\/pt-br\/idioma\/tagalo","name":"L\u00edder em tradu\u00e7\u00f5es do tagalo: Trusted Translations","isPartOf":{"@id":"https:\/\/www.trustedtranslations.com\/pt-br\/#website"},"primaryImageOfPage":{"@id":"https:\/\/www.trustedtranslations.com\/pt-br\/idioma\/tagalo#primaryimage"},"image":{"@id":"https:\/\/www.trustedtranslations.com\/pt-br\/idioma\/tagalo#primaryimage"},"thumbnailUrl":"https:\/\/www.trustedtranslations.com\/wp-content\/uploads\/2023\/07\/Philippines-scaled.jpg","description":"Trusted Translations: L\u00edder em servi\u00e7os de tradu\u00e7\u00e3o do tagalo por equipes de tradutores especializados em tagalo. Solicite uma consulta ou or\u00e7amento gratuitos.","breadcrumb":{"@id":"https:\/\/www.trustedtranslations.com\/pt-br\/idioma\/tagalo#breadcrumb"},"inLanguage":"pt-BR","potentialAction":[{"@type":"ReadAction","target":["https:\/\/www.trustedtranslations.com\/pt-br\/idioma\/tagalo"]}]},{"@type":"ImageObject","inLanguage":"pt-BR","@id":"https:\/\/www.trustedtranslations.com\/pt-br\/idioma\/tagalo#primaryimage","url":"https:\/\/www.trustedtranslations.com\/wp-content\/uploads\/2023\/07\/Philippines-scaled.jpg","contentUrl":"https:\/\/www.trustedtranslations.com\/wp-content\/uploads\/2023\/07\/Philippines-scaled.jpg","width":2560,"height":1707,"caption":"Philippines scaled"},{"@type":"BreadcrumbList","@id":"https:\/\/www.trustedtranslations.com\/pt-br\/idioma\/tagalo#breadcrumb","itemListElement":[{"@type":"ListItem","position":1,"name":"Home","item":"https:\/\/www.trustedtranslations.com\/pt-br"},{"@type":"ListItem","position":2,"name":"Idiomas","item":"https:\/\/www.trustedtranslations.com\/pt-br\/idioma"},{"@type":"ListItem","position":3,"name":"Tagalo"}]},{"@type":"WebSite","@id":"https:\/\/www.trustedtranslations.com\/pt-br\/#website","url":"https:\/\/www.trustedtranslations.com\/pt-br\/","name":"Trusted Translations, Inc.","description":"Leader in translation and interpretation services.","publisher":{"@id":"https:\/\/www.trustedtranslations.com\/pt-br\/#organization"},"alternateName":"Trusted Translations","potentialAction":[{"@type":"SearchAction","target":{"@type":"EntryPoint","urlTemplate":"https:\/\/www.trustedtranslations.com\/pt-br\/?s={search_term_string}"},"query-input":{"@type":"PropertyValueSpecification","valueRequired":true,"valueName":"search_term_string"}}],"inLanguage":"pt-BR"},{"@type":"Organization","@id":"https:\/\/www.trustedtranslations.com\/pt-br\/#organization","name":"Trusted Translations","alternateName":"Trusted Translations, Inc.","url":"https:\/\/www.trustedtranslations.com\/pt-br\/","logo":{"@type":"ImageObject","inLanguage":"pt-BR","@id":"https:\/\/www.trustedtranslations.com\/pt-br\/#\/schema\/logo\/image\/","url":"https:\/\/static.trustedtranslations.com\/wp-content\/uploads\/2022\/01\/TT_logo_WSIColors-2.png","contentUrl":"https:\/\/static.trustedtranslations.com\/wp-content\/uploads\/2022\/01\/TT_logo_WSIColors-2.png","width":500,"height":196,"caption":"Trusted Translations"},"image":{"@id":"https:\/\/www.trustedtranslations.com\/pt-br\/#\/schema\/logo\/image\/"},"sameAs":["https:\/\/www.facebook.com\/Trusted.Translations","https:\/\/x.com\/TrustedT9ns","https:\/\/www.linkedin.com\/company\/trusted-translations"]}]}},"toolset-meta":{"dyk":{"mensaje-1":{"type":"textfield","raw":"O filipino \u00e9 uma variedade padronizada do tagalo."},"mensaje-2":{"type":"textfield","raw":"O tagalo foi declarado o idioma nacional das Filipinas em 1937."},"mensaje-3":{"type":"textfield","raw":"Existem aproximadamente 1,8 milh\u00e3o de falantes de tagalo nos EUA."},"mensaje-4":{"type":"textfield","raw":"O tagalo tem cerca de 4 mil estrangeirismos do espanhol."},"mensaje-5":{"type":"textfield","raw":""},"mensaje-6":{"type":"textfield","raw":""}},"single-page-template-fields":{"imgs-temp":{"type":"image","raw":["https:\/\/static.trustedtranslations.com\/wp-content\/uploads\/2023\/07\/Philippines-port.jpg"],"repeatable":[{"raw":"https:\/\/static.trustedtranslations.com\/wp-content\/uploads\/2023\/07\/Philippines-port.jpg"}]},"imgs-temp-cel":{"type":"image","raw":["https:\/\/static.trustedtranslations.com\/wp-content\/uploads\/2023\/07\/Philippines.jpg"],"repeatable":[{"raw":"https:\/\/static.trustedtranslations.com\/wp-content\/uploads\/2023\/07\/Philippines.jpg"}]},"img-temp-one-cel":{"type":"image","raw":"","attachment_id":null},"quotes":{"type":"textarea","raw":"<h1 style=\"margin-bottom: 12px;\">Servi\u00e7os no idioma tagalo <\/h1>Tamb\u00e9m conhecido como filipino, o tagalo est\u00e1 entre os idiomas mais falados nas Filipinas. Primeiro idioma da maioria dos filipinos, \u00e9 hoje um dos dois idiomas oficiais, juntamente com o ingl\u00eas, desta na\u00e7\u00e3o insular. Mas os tradutores nativos que trabalham para a <em>Trusted Translations<\/em> sabem que esta \u00e9 apenas a ponta bil\u00edngue de um iceberg multil\u00edngue: quase 114 milh\u00f5es de filipinos falam mais de 170 idiomas e dialetos! <div style=\"margin-top: 2.5vw;\"><a class=\"tt-btn-main-cta\" href=\"\/pt-br\/solicitud-orcamento\">Solicite um or\u00e7amento gratuito<\/a><\/div>"},"text-1":{"type":"textarea","raw":"<h2>Servi\u00e7os de tradu\u00e7\u00e3o do filipino de alta qualidade<\/h2>Essa diversidade se reflete em um conceito importante da sociedade filipina: o esp\u00edrito Bayanihan. Tecendo todos esses fios culturais em um tecido social coeso, Bayanihan \u00e9 a ess\u00eancia da bondade e da coopera\u00e7\u00e3o que conduz essas comunidades atrav\u00e9s de s\u00e9culos de v\u00e1rias ondas de habitantes.\r\n<h2 style=\"margin-top: -10px;\">Uma \u2018Pedra de Roseta\u2019 do Pac\u00edfico?<\/h2>Um dos muitos idiomas austron\u00e9sios que se desenvolveram no Oceano Pac\u00edfico, o tagalo compartilha sua heran\u00e7a lingu\u00edstica proto-filipina com o havaiano, o maori e o malaio. Sem ser surpresa, h\u00e1 poucos registros de idiomas pr\u00e9-colombianos na regi\u00e3o do Pac\u00edfico.<br><br>\r\nNo entanto, em 1992, a inscri\u00e7\u00e3o Laguna Copperplate foi descoberta. Datado do s\u00e9culo IX, este antigo bloco possui escritas em javan\u00eas, malaio e s\u00e2nscrito. Isso sugere uma cultura misteriosa com influ\u00eancias hindus nas Filipinas, muito antes da chegada dos mu\u00e7ulmanos no s\u00e9culo XII, ou da expedi\u00e7\u00e3o espanhola liderada pelo explorador Fern\u00e3o de Magalh\u00e3es em mar\u00e7o de 1521. \r\n\r\n<h2>Rejeitando 500 anos de subordina\u00e7\u00e3o<\/h2>\r\nEsse era o in\u00edcio da coloniza\u00e7\u00e3o espanhola. Aniquilando v\u00e1rios motins, a Espanha governou as Filipinas at\u00e9 1898, quando cedeu as ilhas aos EUA depois de perder a Guerra Hispano-Americana. Acabando com as esperan\u00e7as filipinas de independ\u00eancia, os EUA estenderam esse dom\u00ednio colonial. No entanto, suas tr\u00eas principais ilhas passaram por importantes reformas econ\u00f4micas e educacionais, com moderniza\u00e7\u00e3o estrutural e urbaniza\u00e7\u00e3o. <br><br>\r\nAp\u00f3s sua liberta\u00e7\u00e3o da ocupa\u00e7\u00e3o japonesa durante a Segunda Guerra Mundial, o passo seguinte foi o reconhecimento como uma rep\u00fablica independente em 1946. Uma vantagem dessa hist\u00f3ria cheia de retalhos \u00e9 que a maioria dos filipinos \u00e9 multil\u00edngue, sendo fluentes no filipino padronizado, bem como em tagalo e <a href=\"https:\/\/www.trustedtranslations.com\/pt-br\/idioma\/ingles\"><u>ingl\u00eas<\/u><\/a>. Sua popula\u00e7\u00e3o jovem e em r\u00e1pido crescimento aprende os dois idiomas oficiais de acordo com a Lei da Pol\u00edtica de Educa\u00e7\u00e3o Bil\u00edngue de 1987."},"shortcode-map":{"type":"textfield","raw":""},"dyk-shortcode":{"type":"textfield","raw":"[elementor-template id=\"147273\"]"},"text-2":{"type":"textarea","raw":"<h2>Cen\u00e1rio de neg\u00f3cios <\/h2>Um mercado emergente e rec\u00e9m-industrializado, a economia filipina est\u00e1 se afastando de suas ra\u00edzes agr\u00edcolas (principalmente frutas e \u00f3leo de coco) e rumando em dire\u00e7\u00e3o a uma economia baseada mais em <a href=\"https:\/\/www.trustedtranslations.com\/pt-br\/setores\/manufatura\"><u>manufatura<\/u><\/a> e servi\u00e7os. Com uma m\u00e9dia de crescimento anual de cerca de 6%, esse filhote de tigre tem um desempenho not\u00e1vel na regi\u00e3o da \u00c1sia-Pac\u00edfico.<br><br>\r\nAs exporta\u00e7\u00f5es prim\u00e1rias incluem <a href=\"https:\/\/www.trustedtranslations.com\/pt-br\/setores\/software\"><u>eletr\u00f4nicos e semicondutores<\/u><\/a>, bem como produtos qu\u00edmicos, roupas e equipamentos de transporte. Com 55 minas j\u00e1 em opera\u00e7\u00e3o, seus ricos dep\u00f3sitos de cobre, ouro, n\u00edquel e outros minerais preciosos ainda s\u00e3o amplamente inexplorados.<br><br>\r\nUm mercado farmac\u00eautico atraente e com gastos de infraestrutura p\u00fablica planejados em mais de 5% do PIB, as Filipinas parecem prontas para o crescimento e para a prosperidade. Durante o primeiro trimestre de 2023, o total de aprova\u00e7\u00f5es de investimento estrangeiro mais que dobrou, passando de quase 160 milh\u00f5es de d\u00f3lares para 3 bilh\u00f5es de d\u00f3lares, de acordo com a Autoridade de Estat\u00edstica das Filipinas. \r\n<h2>Evitando armadilhas sociais nas Filipinas<\/h2>\r\nEmbora acompanhando a <a href=\"https:\/\/www.trustedtranslations.com\/pt-br\/setores\/tecnica\"><u>tecnologia<\/u><\/a> moderna, muitas tradi\u00e7\u00f5es filipinas ainda est\u00e3o fortemente enraizadas nas gentilezas cotidianas, particularmente no profundo respeito pelos mais velhos. Para <a href=\"https:\/\/www.trustedtranslations.com\/pt-br\/setores\/comercial\"><u>empresas<\/u><\/a> estrangeiras ansiosas para fechar neg\u00f3cios, a atitude mais inteligente \u00e9 recorrer aos especialistas profissionais em idiomas da <em>Trusted Translations<\/em> para atender a todas as suas necessidades lingu\u00edsticas."},"state":{"type":"textfield","raw":""},"city":{"type":"textarea","raw":[]}}},"_links":{"self":[{"href":"https:\/\/www.trustedtranslations.com\/pt-br\/wp-json\/wp\/v2\/pages\/217472","targetHints":{"allow":["GET"]}}],"collection":[{"href":"https:\/\/www.trustedtranslations.com\/pt-br\/wp-json\/wp\/v2\/pages"}],"about":[{"href":"https:\/\/www.trustedtranslations.com\/pt-br\/wp-json\/wp\/v2\/types\/page"}],"author":[{"embeddable":true,"href":"https:\/\/www.trustedtranslations.com\/pt-br\/wp-json\/wp\/v2\/users\/1"}],"replies":[{"embeddable":true,"href":"https:\/\/www.trustedtranslations.com\/pt-br\/wp-json\/wp\/v2\/comments?post=217472"}],"version-history":[{"count":0,"href":"https:\/\/www.trustedtranslations.com\/pt-br\/wp-json\/wp\/v2\/pages\/217472\/revisions"}],"up":[{"embeddable":true,"href":"https:\/\/www.trustedtranslations.com\/pt-br\/wp-json\/wp\/v2\/pages\/135078"}],"wp:featuredmedia":[{"embeddable":true,"href":"https:\/\/www.trustedtranslations.com\/pt-br\/wp-json\/wp\/v2\/media\/213237"}],"wp:attachment":[{"href":"https:\/\/www.trustedtranslations.com\/pt-br\/wp-json\/wp\/v2\/media?parent=217472"}],"curies":[{"name":"wp","href":"https:\/\/api.w.org\/{rel}","templated":true}]}}