{"id":276413,"date":"2024-08-30T12:02:06","date_gmt":"2024-08-30T15:02:06","guid":{"rendered":"https:\/\/www.trustedtranslations.com\/?page_id=276413"},"modified":"2024-09-06T17:26:41","modified_gmt":"2024-09-06T20:26:41","slug":"traducao-automatica-por-ia","status":"publish","type":"page","link":"https:\/\/www.trustedtranslations.com\/pt-br\/servicos\/automatica\/traducao-automatica-por-ia","title":{"rendered":"Tradu\u00e7\u00e3o autom\u00e1tica por IA"},"content":{"rendered":"","protected":false},"excerpt":{"rendered":"","protected":false},"author":1,"featured_media":275060,"parent":134971,"menu_order":0,"comment_status":"closed","ping_status":"closed","template":"","meta":{"site-sidebar-layout":"default","site-content-layout":"","ast-site-content-layout":"default","site-content-style":"default","site-sidebar-style":"default","ast-global-header-display":"","ast-banner-title-visibility":"","ast-main-header-display":"","ast-hfb-above-header-display":"","ast-hfb-below-header-display":"","ast-hfb-mobile-header-display":"","site-post-title":"","ast-breadcrumbs-content":"","ast-featured-img":"","footer-sml-layout":"","ast-disable-related-posts":"","theme-transparent-header-meta":"default","adv-header-id-meta":"","stick-header-meta":"","header-above-stick-meta":"","header-main-stick-meta":"","header-below-stick-meta":"","astra-migrate-meta-layouts":"set","ast-page-background-enabled":"default","ast-page-background-meta":{"desktop":{"background-color":"var(--ast-global-color-4)","background-image":"","background-repeat":"repeat","background-position":"center center","background-size":"auto","background-attachment":"scroll","background-type":"","background-media":"","overlay-type":"","overlay-color":"","overlay-opacity":"","overlay-gradient":""},"tablet":{"background-color":"","background-image":"","background-repeat":"repeat","background-position":"center center","background-size":"auto","background-attachment":"scroll","background-type":"","background-media":"","overlay-type":"","overlay-color":"","overlay-opacity":"","overlay-gradient":""},"mobile":{"background-color":"","background-image":"","background-repeat":"repeat","background-position":"center center","background-size":"auto","background-attachment":"scroll","background-type":"","background-media":"","overlay-type":"","overlay-color":"","overlay-opacity":"","overlay-gradient":""}},"ast-content-background-meta":{"desktop":{"background-color":"var(--ast-global-color-5)","background-image":"","background-repeat":"repeat","background-position":"center center","background-size":"auto","background-attachment":"scroll","background-type":"","background-media":"","overlay-type":"","overlay-color":"","overlay-opacity":"","overlay-gradient":""},"tablet":{"background-color":"var(--ast-global-color-5)","background-image":"","background-repeat":"repeat","background-position":"center center","background-size":"auto","background-attachment":"scroll","background-type":"","background-media":"","overlay-type":"","overlay-color":"","overlay-opacity":"","overlay-gradient":""},"mobile":{"background-color":"var(--ast-global-color-5)","background-image":"","background-repeat":"repeat","background-position":"center center","background-size":"auto","background-attachment":"scroll","background-type":"","background-media":"","overlay-type":"","overlay-color":"","overlay-opacity":"","overlay-gradient":""}},"footnotes":""},"class_list":["post-276413","page","type-page","status-publish","has-post-thumbnail","hentry"],"yoast_head":"<!-- This site is optimized with the Yoast SEO plugin v27.3 - https:\/\/yoast.com\/product\/yoast-seo-wordpress\/ -->\n<title>Servi\u00e7os de tradu\u00e7\u00e3o autom\u00e1tica por IA - Trusted Translations, Inc.<\/title>\n<meta name=\"description\" content=\"A Trusted Translations oferece servi\u00e7os avan\u00e7ados de tradu\u00e7\u00e3o por IA para resultados r\u00e1pidos e confi\u00e1veis. Impulsione sua comunica\u00e7\u00e3o global. Pe\u00e7a um or\u00e7amento.\" \/>\n<meta name=\"robots\" content=\"index, follow, max-snippet:-1, max-image-preview:large, max-video-preview:-1\" \/>\n<link rel=\"canonical\" href=\"https:\/\/www.trustedtranslations.com\/pt-br\/servicos\/automatica\/traducao-automatica-por-ia\" \/>\n<meta property=\"og:locale\" content=\"pt_BR\" \/>\n<meta property=\"og:type\" content=\"article\" \/>\n<meta property=\"og:title\" content=\"Servi\u00e7os de tradu\u00e7\u00e3o autom\u00e1tica por IA - Trusted Translations, Inc.\" \/>\n<meta property=\"og:description\" content=\"A Trusted Translations oferece servi\u00e7os avan\u00e7ados de tradu\u00e7\u00e3o por IA para resultados r\u00e1pidos e confi\u00e1veis. Impulsione sua comunica\u00e7\u00e3o global. Pe\u00e7a um or\u00e7amento.\" \/>\n<meta property=\"og:url\" content=\"https:\/\/www.trustedtranslations.com\/pt-br\/servicos\/automatica\/traducao-automatica-por-ia\" \/>\n<meta property=\"og:site_name\" content=\"Trusted Translations, Inc.\" \/>\n<meta property=\"article:publisher\" content=\"https:\/\/www.facebook.com\/Trusted.Translations\" \/>\n<meta property=\"article:modified_time\" content=\"2024-09-06T20:26:41+00:00\" \/>\n<meta property=\"og:image\" content=\"https:\/\/static.trustedtranslations.com\/wp-content\/uploads\/2024\/08\/AIMachineTranslationServices.webp\" \/>\n\t<meta property=\"og:image:width\" content=\"150\" \/>\n\t<meta property=\"og:image:height\" content=\"150\" \/>\n\t<meta property=\"og:image:type\" content=\"image\/webp\" \/>\n<meta name=\"twitter:card\" content=\"summary_large_image\" \/>\n<meta name=\"twitter:site\" content=\"@TrustedT9ns\" \/>\n<script type=\"application\/ld+json\" class=\"yoast-schema-graph\">{\"@context\":\"https:\\\/\\\/schema.org\",\"@graph\":[{\"@type\":\"WebPage\",\"@id\":\"https:\\\/\\\/www.trustedtranslations.com\\\/pt-br\\\/servicos\\\/automatica\\\/traducao-automatica-por-ia\",\"url\":\"https:\\\/\\\/www.trustedtranslations.com\\\/pt-br\\\/servicos\\\/automatica\\\/traducao-automatica-por-ia\",\"name\":\"Servi\u00e7os de tradu\u00e7\u00e3o autom\u00e1tica por IA - Trusted Translations, Inc.\",\"isPartOf\":{\"@id\":\"https:\\\/\\\/www.trustedtranslations.com\\\/pt-br\\\/#website\"},\"primaryImageOfPage\":{\"@id\":\"https:\\\/\\\/www.trustedtranslations.com\\\/pt-br\\\/servicos\\\/automatica\\\/traducao-automatica-por-ia#primaryimage\"},\"image\":{\"@id\":\"https:\\\/\\\/www.trustedtranslations.com\\\/pt-br\\\/servicos\\\/automatica\\\/traducao-automatica-por-ia#primaryimage\"},\"thumbnailUrl\":\"https:\\\/\\\/www.trustedtranslations.com\\\/wp-content\\\/uploads\\\/2024\\\/08\\\/AIMachineTranslationServices.webp\",\"description\":\"A Trusted Translations oferece servi\u00e7os avan\u00e7ados de tradu\u00e7\u00e3o por IA para resultados r\u00e1pidos e confi\u00e1veis. Impulsione sua comunica\u00e7\u00e3o global. Pe\u00e7a um or\u00e7amento.\",\"breadcrumb\":{\"@id\":\"https:\\\/\\\/www.trustedtranslations.com\\\/pt-br\\\/servicos\\\/automatica\\\/traducao-automatica-por-ia#breadcrumb\"},\"inLanguage\":\"pt-BR\",\"potentialAction\":[{\"@type\":\"ReadAction\",\"target\":[\"https:\\\/\\\/www.trustedtranslations.com\\\/pt-br\\\/servicos\\\/automatica\\\/traducao-automatica-por-ia\"]}]},{\"@type\":\"ImageObject\",\"inLanguage\":\"pt-BR\",\"@id\":\"https:\\\/\\\/www.trustedtranslations.com\\\/pt-br\\\/servicos\\\/automatica\\\/traducao-automatica-por-ia#primaryimage\",\"url\":\"https:\\\/\\\/www.trustedtranslations.com\\\/wp-content\\\/uploads\\\/2024\\\/08\\\/AIMachineTranslationServices.webp\",\"contentUrl\":\"https:\\\/\\\/www.trustedtranslations.com\\\/wp-content\\\/uploads\\\/2024\\\/08\\\/AIMachineTranslationServices.webp\",\"width\":150,\"height\":150},{\"@type\":\"BreadcrumbList\",\"@id\":\"https:\\\/\\\/www.trustedtranslations.com\\\/pt-br\\\/servicos\\\/automatica\\\/traducao-automatica-por-ia#breadcrumb\",\"itemListElement\":[{\"@type\":\"ListItem\",\"position\":1,\"name\":\"Home\",\"item\":\"https:\\\/\\\/www.trustedtranslations.com\\\/pt-br\"},{\"@type\":\"ListItem\",\"position\":2,\"name\":\"Servi\u00e7os\",\"item\":\"https:\\\/\\\/www.trustedtranslations.com\\\/pt-br\\\/servicos\"},{\"@type\":\"ListItem\",\"position\":3,\"name\":\"Tradu\u00e7\u00e3o autom\u00e1tica\",\"item\":\"https:\\\/\\\/www.trustedtranslations.com\\\/pt-br\\\/servicos\\\/automatica\"},{\"@type\":\"ListItem\",\"position\":4,\"name\":\"Tradu\u00e7\u00e3o autom\u00e1tica por IA\"}]},{\"@type\":\"WebSite\",\"@id\":\"https:\\\/\\\/www.trustedtranslations.com\\\/pt-br\\\/#website\",\"url\":\"https:\\\/\\\/www.trustedtranslations.com\\\/pt-br\\\/\",\"name\":\"Trusted Translations, Inc.\",\"description\":\"Leader in translation and interpretation services.\",\"publisher\":{\"@id\":\"https:\\\/\\\/www.trustedtranslations.com\\\/pt-br\\\/#organization\"},\"alternateName\":\"Trusted Translations\",\"potentialAction\":[{\"@type\":\"SearchAction\",\"target\":{\"@type\":\"EntryPoint\",\"urlTemplate\":\"https:\\\/\\\/www.trustedtranslations.com\\\/pt-br\\\/?s={search_term_string}\"},\"query-input\":{\"@type\":\"PropertyValueSpecification\",\"valueRequired\":true,\"valueName\":\"search_term_string\"}}],\"inLanguage\":\"pt-BR\"},{\"@type\":\"Organization\",\"@id\":\"https:\\\/\\\/www.trustedtranslations.com\\\/pt-br\\\/#organization\",\"name\":\"Trusted Translations\",\"alternateName\":\"Trusted Translations, Inc.\",\"url\":\"https:\\\/\\\/www.trustedtranslations.com\\\/pt-br\\\/\",\"logo\":{\"@type\":\"ImageObject\",\"inLanguage\":\"pt-BR\",\"@id\":\"https:\\\/\\\/www.trustedtranslations.com\\\/pt-br\\\/#\\\/schema\\\/logo\\\/image\\\/\",\"url\":\"https:\\\/\\\/static.trustedtranslations.com\\\/wp-content\\\/uploads\\\/2022\\\/01\\\/TT_logo_WSIColors-2.png\",\"contentUrl\":\"https:\\\/\\\/static.trustedtranslations.com\\\/wp-content\\\/uploads\\\/2022\\\/01\\\/TT_logo_WSIColors-2.png\",\"width\":500,\"height\":196,\"caption\":\"Trusted Translations\"},\"image\":{\"@id\":\"https:\\\/\\\/www.trustedtranslations.com\\\/pt-br\\\/#\\\/schema\\\/logo\\\/image\\\/\"},\"sameAs\":[\"https:\\\/\\\/www.facebook.com\\\/Trusted.Translations\",\"https:\\\/\\\/x.com\\\/TrustedT9ns\",\"https:\\\/\\\/www.linkedin.com\\\/company\\\/trusted-translations\"]}]}<\/script>\n<!-- \/ Yoast SEO plugin. -->","yoast_head_json":{"title":"Servi\u00e7os de tradu\u00e7\u00e3o autom\u00e1tica por IA - Trusted Translations, Inc.","description":"A Trusted Translations oferece servi\u00e7os avan\u00e7ados de tradu\u00e7\u00e3o por IA para resultados r\u00e1pidos e confi\u00e1veis. Impulsione sua comunica\u00e7\u00e3o global. Pe\u00e7a um or\u00e7amento.","robots":{"index":"index","follow":"follow","max-snippet":"max-snippet:-1","max-image-preview":"max-image-preview:large","max-video-preview":"max-video-preview:-1"},"canonical":"https:\/\/www.trustedtranslations.com\/pt-br\/servicos\/automatica\/traducao-automatica-por-ia","og_locale":"pt_BR","og_type":"article","og_title":"Servi\u00e7os de tradu\u00e7\u00e3o autom\u00e1tica por IA - Trusted Translations, Inc.","og_description":"A Trusted Translations oferece servi\u00e7os avan\u00e7ados de tradu\u00e7\u00e3o por IA para resultados r\u00e1pidos e confi\u00e1veis. Impulsione sua comunica\u00e7\u00e3o global. Pe\u00e7a um or\u00e7amento.","og_url":"https:\/\/www.trustedtranslations.com\/pt-br\/servicos\/automatica\/traducao-automatica-por-ia","og_site_name":"Trusted Translations, Inc.","article_publisher":"https:\/\/www.facebook.com\/Trusted.Translations","article_modified_time":"2024-09-06T20:26:41+00:00","og_image":[{"width":150,"height":150,"url":"https:\/\/static.trustedtranslations.com\/wp-content\/uploads\/2024\/08\/AIMachineTranslationServices.webp","type":"image\/webp"}],"twitter_card":"summary_large_image","twitter_site":"@TrustedT9ns","schema":{"@context":"https:\/\/schema.org","@graph":[{"@type":"WebPage","@id":"https:\/\/www.trustedtranslations.com\/pt-br\/servicos\/automatica\/traducao-automatica-por-ia","url":"https:\/\/www.trustedtranslations.com\/pt-br\/servicos\/automatica\/traducao-automatica-por-ia","name":"Servi\u00e7os de tradu\u00e7\u00e3o autom\u00e1tica por IA - Trusted Translations, Inc.","isPartOf":{"@id":"https:\/\/www.trustedtranslations.com\/pt-br\/#website"},"primaryImageOfPage":{"@id":"https:\/\/www.trustedtranslations.com\/pt-br\/servicos\/automatica\/traducao-automatica-por-ia#primaryimage"},"image":{"@id":"https:\/\/www.trustedtranslations.com\/pt-br\/servicos\/automatica\/traducao-automatica-por-ia#primaryimage"},"thumbnailUrl":"https:\/\/www.trustedtranslations.com\/wp-content\/uploads\/2024\/08\/AIMachineTranslationServices.webp","description":"A Trusted Translations oferece servi\u00e7os avan\u00e7ados de tradu\u00e7\u00e3o por IA para resultados r\u00e1pidos e confi\u00e1veis. Impulsione sua comunica\u00e7\u00e3o global. Pe\u00e7a um or\u00e7amento.","breadcrumb":{"@id":"https:\/\/www.trustedtranslations.com\/pt-br\/servicos\/automatica\/traducao-automatica-por-ia#breadcrumb"},"inLanguage":"pt-BR","potentialAction":[{"@type":"ReadAction","target":["https:\/\/www.trustedtranslations.com\/pt-br\/servicos\/automatica\/traducao-automatica-por-ia"]}]},{"@type":"ImageObject","inLanguage":"pt-BR","@id":"https:\/\/www.trustedtranslations.com\/pt-br\/servicos\/automatica\/traducao-automatica-por-ia#primaryimage","url":"https:\/\/www.trustedtranslations.com\/wp-content\/uploads\/2024\/08\/AIMachineTranslationServices.webp","contentUrl":"https:\/\/www.trustedtranslations.com\/wp-content\/uploads\/2024\/08\/AIMachineTranslationServices.webp","width":150,"height":150},{"@type":"BreadcrumbList","@id":"https:\/\/www.trustedtranslations.com\/pt-br\/servicos\/automatica\/traducao-automatica-por-ia#breadcrumb","itemListElement":[{"@type":"ListItem","position":1,"name":"Home","item":"https:\/\/www.trustedtranslations.com\/pt-br"},{"@type":"ListItem","position":2,"name":"Servi\u00e7os","item":"https:\/\/www.trustedtranslations.com\/pt-br\/servicos"},{"@type":"ListItem","position":3,"name":"Tradu\u00e7\u00e3o autom\u00e1tica","item":"https:\/\/www.trustedtranslations.com\/pt-br\/servicos\/automatica"},{"@type":"ListItem","position":4,"name":"Tradu\u00e7\u00e3o autom\u00e1tica por IA"}]},{"@type":"WebSite","@id":"https:\/\/www.trustedtranslations.com\/pt-br\/#website","url":"https:\/\/www.trustedtranslations.com\/pt-br\/","name":"Trusted Translations, Inc.","description":"Leader in translation and interpretation services.","publisher":{"@id":"https:\/\/www.trustedtranslations.com\/pt-br\/#organization"},"alternateName":"Trusted Translations","potentialAction":[{"@type":"SearchAction","target":{"@type":"EntryPoint","urlTemplate":"https:\/\/www.trustedtranslations.com\/pt-br\/?s={search_term_string}"},"query-input":{"@type":"PropertyValueSpecification","valueRequired":true,"valueName":"search_term_string"}}],"inLanguage":"pt-BR"},{"@type":"Organization","@id":"https:\/\/www.trustedtranslations.com\/pt-br\/#organization","name":"Trusted Translations","alternateName":"Trusted Translations, Inc.","url":"https:\/\/www.trustedtranslations.com\/pt-br\/","logo":{"@type":"ImageObject","inLanguage":"pt-BR","@id":"https:\/\/www.trustedtranslations.com\/pt-br\/#\/schema\/logo\/image\/","url":"https:\/\/static.trustedtranslations.com\/wp-content\/uploads\/2022\/01\/TT_logo_WSIColors-2.png","contentUrl":"https:\/\/static.trustedtranslations.com\/wp-content\/uploads\/2022\/01\/TT_logo_WSIColors-2.png","width":500,"height":196,"caption":"Trusted Translations"},"image":{"@id":"https:\/\/www.trustedtranslations.com\/pt-br\/#\/schema\/logo\/image\/"},"sameAs":["https:\/\/www.facebook.com\/Trusted.Translations","https:\/\/x.com\/TrustedT9ns","https:\/\/www.linkedin.com\/company\/trusted-translations"]}]}},"toolset-meta":{"dyk":{"mensaje-1":{"type":"textfield","raw":"A Trusted Translations oferece solu\u00e7\u00f5es gerais e personalizadas de tradu\u00e7\u00e3o autom\u00e1tica."},"mensaje-2":{"type":"textfield","raw":"As primeiras origens da tradu\u00e7\u00e3o autom\u00e1tica por IA remontam \u00e0 criptografia do \u00e1rabe do s\u00e9culo IX."},"mensaje-3":{"type":"textfield","raw":"Conte\u00fados t\u00e9cnicos s\u00e3o o tipo mais comum de conte\u00fado traduzido usando MT por IA."},"mensaje-4":{"type":"textfield","raw":"A tradu\u00e7\u00e3o autom\u00e1tica por IA \u00e9 popular em setores como automotivo, eletr\u00f4nico e de sa\u00fade."},"mensaje-5":{"type":"textfield","raw":""},"mensaje-6":{"type":"textfield","raw":""}},"single-page-template-fields":{"imgs-temp":{"type":"image","raw":["https:\/\/static.trustedtranslations.com\/wp-content\/uploads\/2024\/08\/Group-171.webp"],"repeatable":[{"raw":"https:\/\/static.trustedtranslations.com\/wp-content\/uploads\/2024\/08\/Group-171.webp"}]},"imgs-temp-cel":{"type":"image","raw":[""],"repeatable":[{"raw":""}]},"img-temp-one-cel":{"type":"image","raw":"","attachment_id":null},"quotes":{"type":"textarea","raw":"<h1 style=\"margin-bottom: 12px;\">Servi\u00e7os de tradu\u00e7\u00e3o autom\u00e1tica por IA<\/h1>No cen\u00e1rio de tradu\u00e7\u00e3o em r\u00e1pida evolu\u00e7\u00e3o, os servi\u00e7os de tradu\u00e7\u00e3o autom\u00e1tica (MT) por IA se tornaram revolucion\u00e1rios. A Trusted Translations oferece solu\u00e7\u00f5es de tradu\u00e7\u00e3o autom\u00e1tica por IA gerais e personalizadas que potencializam os \u00faltimos avan\u00e7os em tecnologia. Esta explora\u00e7\u00e3o se aprofunda no impacto dos servi\u00e7os de MT por IA, com foco em equipes especializadas, tradu\u00e7\u00e3o autom\u00e1tica neural (NMT) e nos recursos dos motores de MT da Trusted Translations.<div style=\"margin-top: 2.5vw;\"><a class=\"tt-btn-main-cta\" href=\"https:\/\/www.trustedtranslations.com\/pt-br\/solicitud-orcamento\">Solicite um or\u00e7amento gratuito<\/a><\/div>"},"text-1":{"type":"textarea","raw":"<h2>Solu\u00e7\u00f5es de tradu\u00e7\u00e3o autom\u00e1tica por IA<\/h2>A Trusted Translations emprega equipes especializadas para implementar solu\u00e7\u00f5es de tradu\u00e7\u00e3o autom\u00e1tica por IA. Essas equipes integram tradu\u00e7\u00e3o autom\u00e1tica orientada por IA com experi\u00eancia humana para p\u00f3s-edi\u00e7\u00e3o e revis\u00e3o, garantindo que o resultado final seja da mais alta qualidade. O processo come\u00e7a com uma avalia\u00e7\u00e3o completa para determinar se a MT por IA \u00e9 adequada para um projeto espec\u00edfico. Quando considerado apropriado, a equipe projeta e implementa o melhor fluxo de trabalho e a tecnologia para alcan\u00e7ar os melhores resultados. Para clientes com necessidades de conte\u00fado de alto volume, a Trusted Translations ajusta os servi\u00e7os de MT por IA para atender metas de m\u00e9dio e longo prazo, garantindo efici\u00eancia e qualidade.\r\n\r\nA tecnologia de IA na tradu\u00e7\u00e3o vai al\u00e9m da tradu\u00e7\u00e3o autom\u00e1tica. Ela tamb\u00e9m inclui processamento de linguagem natural (NLP), que ajuda a entender e gerar linguagem humana, e ferramentas de tradu\u00e7\u00e3o auxiliada por computador (CAT), que aumentam a efici\u00eancia e a precis\u00e3o dos tradutores humanos. Essas ferramentas de IA d\u00e3o suporte aos tradutores sugerindo tradu\u00e7\u00f5es, garantindo consist\u00eancia e acelerando o processo de tradu\u00e7\u00e3o. Ao integrar a IA em v\u00e1rios est\u00e1gios da tradu\u00e7\u00e3o, a Trusted Translations garante que o resultado n\u00e3o seja apenas r\u00e1pido e econ\u00f4mico, mas tamb\u00e9m cultural e contextualmente preciso."},"shortcode-map":{"type":"textfield","raw":""},"dyk-shortcode":{"type":"textfield","raw":"[elementor-template id=\"147273\"]"},"text-2":{"type":"textarea","raw":"<h2>Setor de tradu\u00e7\u00e3o autom\u00e1tica por IA<\/h2>A tradu\u00e7\u00e3o autom\u00e1tica por IA \u00e9 cada vez mais popular em v\u00e1rios setores, incluindo automotivo, eletr\u00f4nico e de sa\u00fade. Esses setores geralmente exigem tradu\u00e7\u00f5es r\u00e1pidas e precisas para manuais t\u00e9cnicos, descri\u00e7\u00f5es de produtos e documentos regulat\u00f3rios. Os servi\u00e7os de MT por IA da Trusted Translations garantem que esse conte\u00fado seja traduzido com precis\u00e3o e efici\u00eancia, ajudando as empresas a permanecerem competitivas em um mercado global. Ao impulsionar motores de MT por IA gerais e personalizados, esses setores podem atingir um equil\u00edbrio entre velocidade, precis\u00e3o e custo-benef\u00edcio.\r\n\r\nOs servi\u00e7os de tradu\u00e7\u00e3o autom\u00e1tica por IA oferecidos pela Trusted Translations representam o futuro da tradu\u00e7\u00e3o. Ao combinar equipes especializadas, tecnologias avan\u00e7adas de tradu\u00e7\u00e3o autom\u00e1tica neural por IA e motores de MT por IA personalizados, ela fornece solu\u00e7\u00f5es que atendem \u00e0s diversas necessidades de seus clientes. Seja para conte\u00fado de alto volume ou tradu\u00e7\u00f5es espec\u00edficas de um setor, a Trusted Translations garante servi\u00e7os de tradu\u00e7\u00e3o por IA de alta qualidade, eficientes e econ\u00f4micos. Adotar essas solu\u00e7\u00f5es inovadoras de IA pode melhorar significativamente o alcance global e a efici\u00eancia operacional de empresas em v\u00e1rios setores.\r\n\r\nEm resumo, a integra\u00e7\u00e3o da tradu\u00e7\u00e3o autom\u00e1tica por IA com a experi\u00eancia humana, os avan\u00e7os trazidos pela tradu\u00e7\u00e3o autom\u00e1tica neural por IA e os motores de MT por IA especializados, oferecidos pela Trusted Translations, destacam o potencial transformador da localiza\u00e7\u00e3o no com\u00e9rcio eletr\u00f4nico e em outros setores. \u00c0 medida que as empresas continuam expandindo sua presen\u00e7a global, impulsionar esses servi\u00e7os avan\u00e7ados de tradu\u00e7\u00e3o por IA ser\u00e1 essencial para seu sucesso."},"state":{"type":"textfield","raw":""},"city":{"type":"textarea","raw":[]}}},"_links":{"self":[{"href":"https:\/\/www.trustedtranslations.com\/pt-br\/wp-json\/wp\/v2\/pages\/276413","targetHints":{"allow":["GET"]}}],"collection":[{"href":"https:\/\/www.trustedtranslations.com\/pt-br\/wp-json\/wp\/v2\/pages"}],"about":[{"href":"https:\/\/www.trustedtranslations.com\/pt-br\/wp-json\/wp\/v2\/types\/page"}],"author":[{"embeddable":true,"href":"https:\/\/www.trustedtranslations.com\/pt-br\/wp-json\/wp\/v2\/users\/1"}],"replies":[{"embeddable":true,"href":"https:\/\/www.trustedtranslations.com\/pt-br\/wp-json\/wp\/v2\/comments?post=276413"}],"version-history":[{"count":0,"href":"https:\/\/www.trustedtranslations.com\/pt-br\/wp-json\/wp\/v2\/pages\/276413\/revisions"}],"up":[{"embeddable":true,"href":"https:\/\/www.trustedtranslations.com\/pt-br\/wp-json\/wp\/v2\/pages\/134971"}],"wp:featuredmedia":[{"embeddable":true,"href":"https:\/\/www.trustedtranslations.com\/pt-br\/wp-json\/wp\/v2\/media\/275060"}],"wp:attachment":[{"href":"https:\/\/www.trustedtranslations.com\/pt-br\/wp-json\/wp\/v2\/media?parent=276413"}],"curies":[{"name":"wp","href":"https:\/\/api.w.org\/{rel}","templated":true}]}}